{"id":113456,"date":"2020-12-09T16:03:38","date_gmt":"2020-12-09T15:03:38","guid":{"rendered":"https:\/\/iha-race.com\/producto\/cavo-coassiale-fpv-caddx-per-digital-view-varie-dimensioni\/"},"modified":"2024-08-29T12:38:17","modified_gmt":"2024-08-29T10:38:17","slug":"cavo-coassiale-per-visione-digitale-misurazioni-variabili","status":"publish","type":"product","link":"https:\/\/iha-race.com\/it\/prodotto\/cavo-coassiale-per-visione-digitale-misurazioni-variabili\/","title":{"rendered":"Cavo coassiale per visione digitale &#8211; Varie dimensioni"},"content":{"rendered":"<h2>Specifiche:<\/h2>\n<ul>\n<li>Marchio: RunCam o CADDX<\/li>\n<li>Dimensioni: 6cm, 8cm, 12cm e 20cm<\/li>\n<li>Peso: 1,25 g<\/li>\n<\/ul>\n<h2>Il pacchetto comprende:<\/h2>\n<ul>\n<li>1 x cavo coassiale Vista (dimensione a scelta)<\/li>\n<\/ul>\n","protected":false},"excerpt":{"rendered":"<p>Cavo coassiale di ricambio di varie dimensioni per il sistema Caddx Vista Digital HD.<\/p>\n","protected":false},"featured_media":94333,"comment_status":"open","ping_status":"closed","template":"","meta":{"_joinchat":[]},"pwb-brand":[],"product_cat":[2433,2054],"product_tag":[],"class_list":{"0":"post-113456","1":"product","2":"type-product","3":"status-publish","4":"has-post-thumbnail","6":"product_cat-parti-di-ricambio","7":"product_cat-sistemi-digitali","9":"first","10":"instock","11":"taxable","12":"shipping-taxable","13":"purchasable","14":"product-type-variable"},"barcode":null,"atum_controlled":true,"out_stock_date":null,"out_stock_threshold":null,"inheritable":true,"stock_on_hold":0,"sold_today":0,"sales_last_days":2,"out_stock_days":0,"lost_sales":0,"update_date":"2026-04-16T08:17:06","atum_locations":[],"atum_stock_status":"instock","restock_status":false,"low_stock_amount":"","sales_update_date":"2026-04-16T08:17:06","calc_backorders":null,"yoast_head":"<!-- This site is optimized with the Yoast SEO plugin v27.3 - https:\/\/yoast.com\/product\/yoast-seo-wordpress\/ -->\n<title>Cavo coassiale per visione digitale - Varie dimensioni - Iha Race<\/title>\n<meta name=\"robots\" content=\"index, follow, max-snippet:-1, max-image-preview:large, max-video-preview:-1\" \/>\n<link rel=\"canonical\" href=\"https:\/\/iha-race.com\/it\/prodotto\/cavo-coassiale-per-visione-digitale-misurazioni-variabili\/\" \/>\n<meta property=\"og:locale\" content=\"it_IT\" \/>\n<meta property=\"og:type\" content=\"article\" \/>\n<meta property=\"og:title\" content=\"Cavo coassiale per visione digitale - Varie dimensioni - Iha Race\" \/>\n<meta property=\"og:description\" content=\"Cavo coassiale di ricambio di varie dimensioni per il sistema Caddx Vista Digital HD.\" \/>\n<meta property=\"og:url\" content=\"https:\/\/iha-race.com\/it\/prodotto\/cavo-coassiale-per-visione-digitale-misurazioni-variabili\/\" \/>\n<meta property=\"og:site_name\" content=\"Iha Race\" \/>\n<meta property=\"article:modified_time\" content=\"2024-08-29T10:38:17+00:00\" \/>\n<meta property=\"og:image\" content=\"https:\/\/iha-race.com\/wp-content\/uploads\/2020\/12\/Cable-Coaxial-Caddx-FPV-Vista-Digital-Drones.jpg\" \/>\n\t<meta property=\"og:image:width\" content=\"800\" \/>\n\t<meta property=\"og:image:height\" content=\"800\" \/>\n\t<meta property=\"og:image:type\" content=\"image\/jpeg\" \/>\n<meta name=\"twitter:card\" content=\"summary_large_image\" \/>\n<script type=\"application\/ld+json\" class=\"yoast-schema-graph\">{\"@context\":\"https:\\\/\\\/schema.org\",\"@graph\":[{\"@type\":\"WebPage\",\"@id\":\"https:\\\/\\\/iha-race.com\\\/it\\\/prodotto\\\/cavo-coassiale-per-visione-digitale-misurazioni-variabili\\\/\",\"url\":\"https:\\\/\\\/iha-race.com\\\/it\\\/prodotto\\\/cavo-coassiale-per-visione-digitale-misurazioni-variabili\\\/\",\"name\":\"Cavo coassiale per visione digitale - Varie dimensioni - Iha Race\",\"isPartOf\":{\"@id\":\"https:\\\/\\\/iha-race.com\\\/it\\\/#website\"},\"primaryImageOfPage\":{\"@id\":\"https:\\\/\\\/iha-race.com\\\/it\\\/prodotto\\\/cavo-coassiale-per-visione-digitale-misurazioni-variabili\\\/#primaryimage\"},\"image\":{\"@id\":\"https:\\\/\\\/iha-race.com\\\/it\\\/prodotto\\\/cavo-coassiale-per-visione-digitale-misurazioni-variabili\\\/#primaryimage\"},\"thumbnailUrl\":\"https:\\\/\\\/iha-race.com\\\/wp-content\\\/uploads\\\/2020\\\/12\\\/Cable-Coaxial-Caddx-FPV-Vista-Digital-Drones.jpg\",\"datePublished\":\"2020-12-09T15:03:38+00:00\",\"dateModified\":\"2024-08-29T10:38:17+00:00\",\"breadcrumb\":{\"@id\":\"https:\\\/\\\/iha-race.com\\\/it\\\/prodotto\\\/cavo-coassiale-per-visione-digitale-misurazioni-variabili\\\/#breadcrumb\"},\"inLanguage\":\"it-IT\",\"potentialAction\":[{\"@type\":\"ReadAction\",\"target\":[\"https:\\\/\\\/iha-race.com\\\/it\\\/prodotto\\\/cavo-coassiale-per-visione-digitale-misurazioni-variabili\\\/\"]}]},{\"@type\":\"ImageObject\",\"inLanguage\":\"it-IT\",\"@id\":\"https:\\\/\\\/iha-race.com\\\/it\\\/prodotto\\\/cavo-coassiale-per-visione-digitale-misurazioni-variabili\\\/#primaryimage\",\"url\":\"https:\\\/\\\/iha-race.com\\\/wp-content\\\/uploads\\\/2020\\\/12\\\/Cable-Coaxial-Caddx-FPV-Vista-Digital-Drones.jpg\",\"contentUrl\":\"https:\\\/\\\/iha-race.com\\\/wp-content\\\/uploads\\\/2020\\\/12\\\/Cable-Coaxial-Caddx-FPV-Vista-Digital-Drones.jpg\",\"width\":800,\"height\":800,\"caption\":\"acquistare il cavo coassiale pi\u00f9 economico Caddx FPV Digital View Drones\"},{\"@type\":\"BreadcrumbList\",\"@id\":\"https:\\\/\\\/iha-race.com\\\/it\\\/prodotto\\\/cavo-coassiale-per-visione-digitale-misurazioni-variabili\\\/#breadcrumb\",\"itemListElement\":[{\"@type\":\"ListItem\",\"position\":1,\"name\":\"Portada\",\"item\":\"https:\\\/\\\/iha-race.com\\\/it\\\/\"},{\"@type\":\"ListItem\",\"position\":2,\"name\":\"Negozio\",\"item\":\"https:\\\/\\\/iha-race.com\\\/it\\\/negozio\\\/\"},{\"@type\":\"ListItem\",\"position\":3,\"name\":\"Cavo coassiale per visione digitale &#8211; Varie dimensioni\"}]},{\"@type\":\"WebSite\",\"@id\":\"https:\\\/\\\/iha-race.com\\\/it\\\/#website\",\"url\":\"https:\\\/\\\/iha-race.com\\\/it\\\/\",\"name\":\"Iha Race\",\"description\":\"Comprar drones de carreras FPV env\u00edos en un d\u00eda desde Espa\u00f1a\",\"publisher\":{\"@id\":\"https:\\\/\\\/iha-race.com\\\/it\\\/#organization\"},\"potentialAction\":[{\"@type\":\"SearchAction\",\"target\":{\"@type\":\"EntryPoint\",\"urlTemplate\":\"https:\\\/\\\/iha-race.com\\\/it\\\/?s={search_term_string}\"},\"query-input\":{\"@type\":\"PropertyValueSpecification\",\"valueRequired\":true,\"valueName\":\"search_term_string\"}}],\"inLanguage\":\"it-IT\"},{\"@type\":\"Organization\",\"@id\":\"https:\\\/\\\/iha-race.com\\\/it\\\/#organization\",\"name\":\"Iha Race\",\"url\":\"https:\\\/\\\/iha-race.com\\\/it\\\/\",\"logo\":{\"@type\":\"ImageObject\",\"inLanguage\":\"it-IT\",\"@id\":\"https:\\\/\\\/iha-race.com\\\/it\\\/#\\\/schema\\\/logo\\\/image\\\/\",\"url\":\"https:\\\/\\\/iha-race.com\\\/wp-content\\\/uploads\\\/2018\\\/07\\\/iha-race-drones-de-carreras-tienda-comprar-drones.png\",\"contentUrl\":\"https:\\\/\\\/iha-race.com\\\/wp-content\\\/uploads\\\/2018\\\/07\\\/iha-race-drones-de-carreras-tienda-comprar-drones.png\",\"width\":300,\"height\":100,\"caption\":\"Iha Race\"},\"image\":{\"@id\":\"https:\\\/\\\/iha-race.com\\\/it\\\/#\\\/schema\\\/logo\\\/image\\\/\"}}]}<\/script>\n<!-- \/ Yoast SEO plugin. -->","yoast_head_json":{"title":"Cavo coassiale per visione digitale - Varie dimensioni - Iha Race","robots":{"index":"index","follow":"follow","max-snippet":"max-snippet:-1","max-image-preview":"max-image-preview:large","max-video-preview":"max-video-preview:-1"},"canonical":"https:\/\/iha-race.com\/it\/prodotto\/cavo-coassiale-per-visione-digitale-misurazioni-variabili\/","og_locale":"it_IT","og_type":"article","og_title":"Cavo coassiale per visione digitale - Varie dimensioni - Iha Race","og_description":"Cavo coassiale di ricambio di varie dimensioni per il sistema Caddx Vista Digital HD.","og_url":"https:\/\/iha-race.com\/it\/prodotto\/cavo-coassiale-per-visione-digitale-misurazioni-variabili\/","og_site_name":"Iha Race","article_modified_time":"2024-08-29T10:38:17+00:00","og_image":[{"width":800,"height":800,"url":"https:\/\/iha-race.com\/wp-content\/uploads\/2020\/12\/Cable-Coaxial-Caddx-FPV-Vista-Digital-Drones.jpg","type":"image\/jpeg"}],"twitter_card":"summary_large_image","schema":{"@context":"https:\/\/schema.org","@graph":[{"@type":"WebPage","@id":"https:\/\/iha-race.com\/it\/prodotto\/cavo-coassiale-per-visione-digitale-misurazioni-variabili\/","url":"https:\/\/iha-race.com\/it\/prodotto\/cavo-coassiale-per-visione-digitale-misurazioni-variabili\/","name":"Cavo coassiale per visione digitale - Varie dimensioni - Iha Race","isPartOf":{"@id":"https:\/\/iha-race.com\/it\/#website"},"primaryImageOfPage":{"@id":"https:\/\/iha-race.com\/it\/prodotto\/cavo-coassiale-per-visione-digitale-misurazioni-variabili\/#primaryimage"},"image":{"@id":"https:\/\/iha-race.com\/it\/prodotto\/cavo-coassiale-per-visione-digitale-misurazioni-variabili\/#primaryimage"},"thumbnailUrl":"https:\/\/iha-race.com\/wp-content\/uploads\/2020\/12\/Cable-Coaxial-Caddx-FPV-Vista-Digital-Drones.jpg","datePublished":"2020-12-09T15:03:38+00:00","dateModified":"2024-08-29T10:38:17+00:00","breadcrumb":{"@id":"https:\/\/iha-race.com\/it\/prodotto\/cavo-coassiale-per-visione-digitale-misurazioni-variabili\/#breadcrumb"},"inLanguage":"it-IT","potentialAction":[{"@type":"ReadAction","target":["https:\/\/iha-race.com\/it\/prodotto\/cavo-coassiale-per-visione-digitale-misurazioni-variabili\/"]}]},{"@type":"ImageObject","inLanguage":"it-IT","@id":"https:\/\/iha-race.com\/it\/prodotto\/cavo-coassiale-per-visione-digitale-misurazioni-variabili\/#primaryimage","url":"https:\/\/iha-race.com\/wp-content\/uploads\/2020\/12\/Cable-Coaxial-Caddx-FPV-Vista-Digital-Drones.jpg","contentUrl":"https:\/\/iha-race.com\/wp-content\/uploads\/2020\/12\/Cable-Coaxial-Caddx-FPV-Vista-Digital-Drones.jpg","width":800,"height":800,"caption":"acquistare il cavo coassiale pi\u00f9 economico Caddx FPV Digital View Drones"},{"@type":"BreadcrumbList","@id":"https:\/\/iha-race.com\/it\/prodotto\/cavo-coassiale-per-visione-digitale-misurazioni-variabili\/#breadcrumb","itemListElement":[{"@type":"ListItem","position":1,"name":"Portada","item":"https:\/\/iha-race.com\/it\/"},{"@type":"ListItem","position":2,"name":"Negozio","item":"https:\/\/iha-race.com\/it\/negozio\/"},{"@type":"ListItem","position":3,"name":"Cavo coassiale per visione digitale &#8211; Varie dimensioni"}]},{"@type":"WebSite","@id":"https:\/\/iha-race.com\/it\/#website","url":"https:\/\/iha-race.com\/it\/","name":"Iha Race","description":"Comprar drones de carreras FPV env\u00edos en un d\u00eda desde Espa\u00f1a","publisher":{"@id":"https:\/\/iha-race.com\/it\/#organization"},"potentialAction":[{"@type":"SearchAction","target":{"@type":"EntryPoint","urlTemplate":"https:\/\/iha-race.com\/it\/?s={search_term_string}"},"query-input":{"@type":"PropertyValueSpecification","valueRequired":true,"valueName":"search_term_string"}}],"inLanguage":"it-IT"},{"@type":"Organization","@id":"https:\/\/iha-race.com\/it\/#organization","name":"Iha Race","url":"https:\/\/iha-race.com\/it\/","logo":{"@type":"ImageObject","inLanguage":"it-IT","@id":"https:\/\/iha-race.com\/it\/#\/schema\/logo\/image\/","url":"https:\/\/iha-race.com\/wp-content\/uploads\/2018\/07\/iha-race-drones-de-carreras-tienda-comprar-drones.png","contentUrl":"https:\/\/iha-race.com\/wp-content\/uploads\/2018\/07\/iha-race-drones-de-carreras-tienda-comprar-drones.png","width":300,"height":100,"caption":"Iha Race"},"image":{"@id":"https:\/\/iha-race.com\/it\/#\/schema\/logo\/image\/"}}]}},"brands":[],"_links":{"self":[{"href":"https:\/\/iha-race.com\/it\/wp-json\/wp\/v2\/product\/113456","targetHints":{"allow":["GET"]}}],"collection":[{"href":"https:\/\/iha-race.com\/it\/wp-json\/wp\/v2\/product"}],"about":[{"href":"https:\/\/iha-race.com\/it\/wp-json\/wp\/v2\/types\/product"}],"replies":[{"embeddable":true,"href":"https:\/\/iha-race.com\/it\/wp-json\/wp\/v2\/comments?post=113456"}],"version-history":[{"count":4,"href":"https:\/\/iha-race.com\/it\/wp-json\/wp\/v2\/product\/113456\/revisions"}],"predecessor-version":[{"id":228758,"href":"https:\/\/iha-race.com\/it\/wp-json\/wp\/v2\/product\/113456\/revisions\/228758"}],"wp:featuredmedia":[{"embeddable":true,"href":"https:\/\/iha-race.com\/it\/wp-json\/wp\/v2\/media\/94333"}],"wp:attachment":[{"href":"https:\/\/iha-race.com\/it\/wp-json\/wp\/v2\/media?parent=113456"}],"wp:term":[{"taxonomy":"pwb-brand","embeddable":true,"href":"https:\/\/iha-race.com\/it\/wp-json\/wp\/v2\/pwb-brand?post=113456"},{"taxonomy":"product_cat","embeddable":true,"href":"https:\/\/iha-race.com\/it\/wp-json\/wp\/v2\/product_cat?post=113456"},{"taxonomy":"product_tag","embeddable":true,"href":"https:\/\/iha-race.com\/it\/wp-json\/wp\/v2\/product_tag?post=113456"}],"curies":[{"name":"wp","href":"https:\/\/api.w.org\/{rel}","templated":true}]}}