{"id":113426,"date":"2020-12-15T10:52:42","date_gmt":"2020-12-15T09:52:42","guid":{"rendered":"https:\/\/iha-race.com\/producto\/batteria-lipo-gens-ace-2200mah-18-5v-25c-5s1p\/"},"modified":"2024-08-29T12:38:30","modified_gmt":"2024-08-29T10:38:30","slug":"bateria-lipo-gens-ace-2200mah-18-5v-25c-5s1p-2","status":"publish","type":"product","link":"https:\/\/iha-race.com\/it\/prodotto\/bateria-lipo-gens-ace-2200mah-18-5v-25c-5s1p-2\/","title":{"rendered":"Batteria Lipo Gens ace 2200mAh 18.5V 25C 5S1P"},"content":{"rendered":"<h2>Batteria Lipo Gens ace 2200mAh 18.5V 25C 5S1P<\/h2>\n<h2>Specifiche:<\/h2>\n<ul>\n<li>Tipo di prodotto: pacco batteria lipo<\/li>\n<li>Capacit\u00e0: <b><i>2200mAh<\/i><\/b><\/li>\n<li>Tensione: <b><i>18.5V<\/i><\/b><\/li>\n<li>Scarico massimo continuo: <b><i>25C<\/i><\/b> (55A)<\/li>\n<li>Scarico massimo a raffica: <b><i>50C<\/i><\/b> (110A)<\/li>\n<li>Peso: 308 g<\/li>\n<li>Dimensioni: 108 * 34 * 42 mm<\/li>\n<li>Spina di bilanciamento: JST-XH<\/li>\n<li>Presa di scarico: spina a T<\/li>\n<li>Velocit\u00e0 di carica: 1-3C consigliata, 5C massima<\/li>\n<li>Batteria Gens ace lipo 2200mah 5s1p 25C \/ 50C Adatta ai seguenti modelli: Align jet, elicottero Esky, aereo Walkera, aereo E-flite huge. Draganflyer, ecc.<\/li>\n<\/ul>\n","protected":false},"excerpt":{"rendered":"<p>Batteria Lipo Gens ace 2200mAh 18.5V 25C 5S1P Specifiche: Tipo di prodotto: pacco batteria lipo Capacit\u00e0: 2200mAh Tensione: 18.5V Scarico massimo continuo: 25C (55A) Scarico massimo a raffica: 50C (110A)<\/p>\n","protected":false},"featured_media":94502,"comment_status":"open","ping_status":"closed","template":"","meta":{"_joinchat":[]},"pwb-brand":[],"product_cat":[1065,1736],"product_tag":[],"class_list":{"0":"post-113426","1":"product","2":"type-product","3":"status-publish","4":"has-post-thumbnail","6":"product_cat-batterie-fpv","7":"product_cat-s5-it","9":"first","10":"instock","11":"taxable","12":"shipping-taxable","13":"purchasable","14":"product-type-simple"},"barcode":null,"atum_controlled":true,"out_stock_date":null,"out_stock_threshold":null,"inheritable":false,"stock_on_hold":0,"sold_today":0,"sales_last_days":0,"out_stock_days":0,"lost_sales":0,"update_date":"2026-04-16T07:36:39","atum_locations":[],"atum_stock_status":"instock","restock_status":false,"low_stock_amount":"","sales_update_date":"2026-04-16T07:36:39","calc_backorders":null,"yoast_head":"<!-- This site is optimized with the Yoast SEO plugin v27.3 - https:\/\/yoast.com\/product\/yoast-seo-wordpress\/ -->\n<title>Batteria Lipo Gens ace 2200mAh 18.5V 25C 5S1P - Iha Race<\/title>\n<meta name=\"robots\" content=\"index, follow, max-snippet:-1, max-image-preview:large, max-video-preview:-1\" \/>\n<link rel=\"canonical\" href=\"https:\/\/iha-race.com\/it\/prodotto\/bateria-lipo-gens-ace-2200mah-18-5v-25c-5s1p-2\/\" \/>\n<meta property=\"og:locale\" content=\"it_IT\" \/>\n<meta property=\"og:type\" content=\"article\" \/>\n<meta property=\"og:title\" content=\"Batteria Lipo Gens ace 2200mAh 18.5V 25C 5S1P - Iha Race\" \/>\n<meta property=\"og:description\" content=\"Batteria Lipo Gens ace 2200mAh 18.5V 25C 5S1P Specifiche: Tipo di prodotto: pacco batteria lipo Capacit\u00e0: 2200mAh Tensione: 18.5V Scarico massimo continuo: 25C (55A) Scarico massimo a raffica: 50C (110A)\" \/>\n<meta property=\"og:url\" content=\"https:\/\/iha-race.com\/it\/prodotto\/bateria-lipo-gens-ace-2200mah-18-5v-25c-5s1p-2\/\" \/>\n<meta property=\"og:site_name\" content=\"Iha Race\" \/>\n<meta property=\"article:modified_time\" content=\"2024-08-29T10:38:30+00:00\" \/>\n<meta property=\"og:image\" content=\"https:\/\/iha-race.com\/wp-content\/uploads\/2020\/12\/Bateria-Lipo-Gens-ace-2200mAh-18.5V-25C-5S1P.jpg\" \/>\n\t<meta property=\"og:image:width\" content=\"800\" \/>\n\t<meta property=\"og:image:height\" content=\"800\" \/>\n\t<meta property=\"og:image:type\" content=\"image\/jpeg\" \/>\n<meta name=\"twitter:card\" content=\"summary_large_image\" \/>\n<script type=\"application\/ld+json\" class=\"yoast-schema-graph\">{\"@context\":\"https:\\\/\\\/schema.org\",\"@graph\":[{\"@type\":\"WebPage\",\"@id\":\"https:\\\/\\\/iha-race.com\\\/it\\\/prodotto\\\/bateria-lipo-gens-ace-2200mah-18-5v-25c-5s1p-2\\\/\",\"url\":\"https:\\\/\\\/iha-race.com\\\/it\\\/prodotto\\\/bateria-lipo-gens-ace-2200mah-18-5v-25c-5s1p-2\\\/\",\"name\":\"Batteria Lipo Gens ace 2200mAh 18.5V 25C 5S1P - Iha Race\",\"isPartOf\":{\"@id\":\"https:\\\/\\\/iha-race.com\\\/it\\\/#website\"},\"primaryImageOfPage\":{\"@id\":\"https:\\\/\\\/iha-race.com\\\/it\\\/prodotto\\\/bateria-lipo-gens-ace-2200mah-18-5v-25c-5s1p-2\\\/#primaryimage\"},\"image\":{\"@id\":\"https:\\\/\\\/iha-race.com\\\/it\\\/prodotto\\\/bateria-lipo-gens-ace-2200mah-18-5v-25c-5s1p-2\\\/#primaryimage\"},\"thumbnailUrl\":\"https:\\\/\\\/iha-race.com\\\/wp-content\\\/uploads\\\/2020\\\/12\\\/Bateria-Lipo-Gens-ace-2200mAh-18.5V-25C-5S1P.jpg\",\"datePublished\":\"2020-12-15T09:52:42+00:00\",\"dateModified\":\"2024-08-29T10:38:30+00:00\",\"breadcrumb\":{\"@id\":\"https:\\\/\\\/iha-race.com\\\/it\\\/prodotto\\\/bateria-lipo-gens-ace-2200mah-18-5v-25c-5s1p-2\\\/#breadcrumb\"},\"inLanguage\":\"it-IT\",\"potentialAction\":[{\"@type\":\"ReadAction\",\"target\":[\"https:\\\/\\\/iha-race.com\\\/it\\\/prodotto\\\/bateria-lipo-gens-ace-2200mah-18-5v-25c-5s1p-2\\\/\"]}]},{\"@type\":\"ImageObject\",\"inLanguage\":\"it-IT\",\"@id\":\"https:\\\/\\\/iha-race.com\\\/it\\\/prodotto\\\/bateria-lipo-gens-ace-2200mah-18-5v-25c-5s1p-2\\\/#primaryimage\",\"url\":\"https:\\\/\\\/iha-race.com\\\/wp-content\\\/uploads\\\/2020\\\/12\\\/Bateria-Lipo-Gens-ace-2200mAh-18.5V-25C-5S1P.jpg\",\"contentUrl\":\"https:\\\/\\\/iha-race.com\\\/wp-content\\\/uploads\\\/2020\\\/12\\\/Bateria-Lipo-Gens-ace-2200mAh-18.5V-25C-5S1P.jpg\",\"width\":800,\"height\":800,\"caption\":\"acquistare il pi\u00f9 economico Gens ace 2200mAh 18.5V 25C 5S1P batteria Lipo\"},{\"@type\":\"BreadcrumbList\",\"@id\":\"https:\\\/\\\/iha-race.com\\\/it\\\/prodotto\\\/bateria-lipo-gens-ace-2200mah-18-5v-25c-5s1p-2\\\/#breadcrumb\",\"itemListElement\":[{\"@type\":\"ListItem\",\"position\":1,\"name\":\"Portada\",\"item\":\"https:\\\/\\\/iha-race.com\\\/it\\\/\"},{\"@type\":\"ListItem\",\"position\":2,\"name\":\"Negozio\",\"item\":\"https:\\\/\\\/iha-race.com\\\/it\\\/negozio\\\/\"},{\"@type\":\"ListItem\",\"position\":3,\"name\":\"Batteria Lipo Gens ace 2200mAh 18.5V 25C 5S1P\"}]},{\"@type\":\"WebSite\",\"@id\":\"https:\\\/\\\/iha-race.com\\\/it\\\/#website\",\"url\":\"https:\\\/\\\/iha-race.com\\\/it\\\/\",\"name\":\"Iha Race\",\"description\":\"Comprar drones de carreras FPV env\u00edos en un d\u00eda desde Espa\u00f1a\",\"publisher\":{\"@id\":\"https:\\\/\\\/iha-race.com\\\/it\\\/#organization\"},\"potentialAction\":[{\"@type\":\"SearchAction\",\"target\":{\"@type\":\"EntryPoint\",\"urlTemplate\":\"https:\\\/\\\/iha-race.com\\\/it\\\/?s={search_term_string}\"},\"query-input\":{\"@type\":\"PropertyValueSpecification\",\"valueRequired\":true,\"valueName\":\"search_term_string\"}}],\"inLanguage\":\"it-IT\"},{\"@type\":\"Organization\",\"@id\":\"https:\\\/\\\/iha-race.com\\\/it\\\/#organization\",\"name\":\"Iha Race\",\"url\":\"https:\\\/\\\/iha-race.com\\\/it\\\/\",\"logo\":{\"@type\":\"ImageObject\",\"inLanguage\":\"it-IT\",\"@id\":\"https:\\\/\\\/iha-race.com\\\/it\\\/#\\\/schema\\\/logo\\\/image\\\/\",\"url\":\"https:\\\/\\\/iha-race.com\\\/wp-content\\\/uploads\\\/2018\\\/07\\\/iha-race-drones-de-carreras-tienda-comprar-drones.png\",\"contentUrl\":\"https:\\\/\\\/iha-race.com\\\/wp-content\\\/uploads\\\/2018\\\/07\\\/iha-race-drones-de-carreras-tienda-comprar-drones.png\",\"width\":300,\"height\":100,\"caption\":\"Iha Race\"},\"image\":{\"@id\":\"https:\\\/\\\/iha-race.com\\\/it\\\/#\\\/schema\\\/logo\\\/image\\\/\"}}]}<\/script>\n<!-- \/ Yoast SEO plugin. -->","yoast_head_json":{"title":"Batteria Lipo Gens ace 2200mAh 18.5V 25C 5S1P - Iha Race","robots":{"index":"index","follow":"follow","max-snippet":"max-snippet:-1","max-image-preview":"max-image-preview:large","max-video-preview":"max-video-preview:-1"},"canonical":"https:\/\/iha-race.com\/it\/prodotto\/bateria-lipo-gens-ace-2200mah-18-5v-25c-5s1p-2\/","og_locale":"it_IT","og_type":"article","og_title":"Batteria Lipo Gens ace 2200mAh 18.5V 25C 5S1P - Iha Race","og_description":"Batteria Lipo Gens ace 2200mAh 18.5V 25C 5S1P Specifiche: Tipo di prodotto: pacco batteria lipo Capacit\u00e0: 2200mAh Tensione: 18.5V Scarico massimo continuo: 25C (55A) Scarico massimo a raffica: 50C (110A)","og_url":"https:\/\/iha-race.com\/it\/prodotto\/bateria-lipo-gens-ace-2200mah-18-5v-25c-5s1p-2\/","og_site_name":"Iha Race","article_modified_time":"2024-08-29T10:38:30+00:00","og_image":[{"width":800,"height":800,"url":"https:\/\/iha-race.com\/wp-content\/uploads\/2020\/12\/Bateria-Lipo-Gens-ace-2200mAh-18.5V-25C-5S1P.jpg","type":"image\/jpeg"}],"twitter_card":"summary_large_image","schema":{"@context":"https:\/\/schema.org","@graph":[{"@type":"WebPage","@id":"https:\/\/iha-race.com\/it\/prodotto\/bateria-lipo-gens-ace-2200mah-18-5v-25c-5s1p-2\/","url":"https:\/\/iha-race.com\/it\/prodotto\/bateria-lipo-gens-ace-2200mah-18-5v-25c-5s1p-2\/","name":"Batteria Lipo Gens ace 2200mAh 18.5V 25C 5S1P - Iha Race","isPartOf":{"@id":"https:\/\/iha-race.com\/it\/#website"},"primaryImageOfPage":{"@id":"https:\/\/iha-race.com\/it\/prodotto\/bateria-lipo-gens-ace-2200mah-18-5v-25c-5s1p-2\/#primaryimage"},"image":{"@id":"https:\/\/iha-race.com\/it\/prodotto\/bateria-lipo-gens-ace-2200mah-18-5v-25c-5s1p-2\/#primaryimage"},"thumbnailUrl":"https:\/\/iha-race.com\/wp-content\/uploads\/2020\/12\/Bateria-Lipo-Gens-ace-2200mAh-18.5V-25C-5S1P.jpg","datePublished":"2020-12-15T09:52:42+00:00","dateModified":"2024-08-29T10:38:30+00:00","breadcrumb":{"@id":"https:\/\/iha-race.com\/it\/prodotto\/bateria-lipo-gens-ace-2200mah-18-5v-25c-5s1p-2\/#breadcrumb"},"inLanguage":"it-IT","potentialAction":[{"@type":"ReadAction","target":["https:\/\/iha-race.com\/it\/prodotto\/bateria-lipo-gens-ace-2200mah-18-5v-25c-5s1p-2\/"]}]},{"@type":"ImageObject","inLanguage":"it-IT","@id":"https:\/\/iha-race.com\/it\/prodotto\/bateria-lipo-gens-ace-2200mah-18-5v-25c-5s1p-2\/#primaryimage","url":"https:\/\/iha-race.com\/wp-content\/uploads\/2020\/12\/Bateria-Lipo-Gens-ace-2200mAh-18.5V-25C-5S1P.jpg","contentUrl":"https:\/\/iha-race.com\/wp-content\/uploads\/2020\/12\/Bateria-Lipo-Gens-ace-2200mAh-18.5V-25C-5S1P.jpg","width":800,"height":800,"caption":"acquistare il pi\u00f9 economico Gens ace 2200mAh 18.5V 25C 5S1P batteria Lipo"},{"@type":"BreadcrumbList","@id":"https:\/\/iha-race.com\/it\/prodotto\/bateria-lipo-gens-ace-2200mah-18-5v-25c-5s1p-2\/#breadcrumb","itemListElement":[{"@type":"ListItem","position":1,"name":"Portada","item":"https:\/\/iha-race.com\/it\/"},{"@type":"ListItem","position":2,"name":"Negozio","item":"https:\/\/iha-race.com\/it\/negozio\/"},{"@type":"ListItem","position":3,"name":"Batteria Lipo Gens ace 2200mAh 18.5V 25C 5S1P"}]},{"@type":"WebSite","@id":"https:\/\/iha-race.com\/it\/#website","url":"https:\/\/iha-race.com\/it\/","name":"Iha Race","description":"Comprar drones de carreras FPV env\u00edos en un d\u00eda desde Espa\u00f1a","publisher":{"@id":"https:\/\/iha-race.com\/it\/#organization"},"potentialAction":[{"@type":"SearchAction","target":{"@type":"EntryPoint","urlTemplate":"https:\/\/iha-race.com\/it\/?s={search_term_string}"},"query-input":{"@type":"PropertyValueSpecification","valueRequired":true,"valueName":"search_term_string"}}],"inLanguage":"it-IT"},{"@type":"Organization","@id":"https:\/\/iha-race.com\/it\/#organization","name":"Iha Race","url":"https:\/\/iha-race.com\/it\/","logo":{"@type":"ImageObject","inLanguage":"it-IT","@id":"https:\/\/iha-race.com\/it\/#\/schema\/logo\/image\/","url":"https:\/\/iha-race.com\/wp-content\/uploads\/2018\/07\/iha-race-drones-de-carreras-tienda-comprar-drones.png","contentUrl":"https:\/\/iha-race.com\/wp-content\/uploads\/2018\/07\/iha-race-drones-de-carreras-tienda-comprar-drones.png","width":300,"height":100,"caption":"Iha Race"},"image":{"@id":"https:\/\/iha-race.com\/it\/#\/schema\/logo\/image\/"}}]}},"brands":[],"_links":{"self":[{"href":"https:\/\/iha-race.com\/it\/wp-json\/wp\/v2\/product\/113426","targetHints":{"allow":["GET"]}}],"collection":[{"href":"https:\/\/iha-race.com\/it\/wp-json\/wp\/v2\/product"}],"about":[{"href":"https:\/\/iha-race.com\/it\/wp-json\/wp\/v2\/types\/product"}],"replies":[{"embeddable":true,"href":"https:\/\/iha-race.com\/it\/wp-json\/wp\/v2\/comments?post=113426"}],"version-history":[{"count":1,"href":"https:\/\/iha-race.com\/it\/wp-json\/wp\/v2\/product\/113426\/revisions"}],"predecessor-version":[{"id":249723,"href":"https:\/\/iha-race.com\/it\/wp-json\/wp\/v2\/product\/113426\/revisions\/249723"}],"wp:featuredmedia":[{"embeddable":true,"href":"https:\/\/iha-race.com\/it\/wp-json\/wp\/v2\/media\/94502"}],"wp:attachment":[{"href":"https:\/\/iha-race.com\/it\/wp-json\/wp\/v2\/media?parent=113426"}],"wp:term":[{"taxonomy":"pwb-brand","embeddable":true,"href":"https:\/\/iha-race.com\/it\/wp-json\/wp\/v2\/pwb-brand?post=113426"},{"taxonomy":"product_cat","embeddable":true,"href":"https:\/\/iha-race.com\/it\/wp-json\/wp\/v2\/product_cat?post=113426"},{"taxonomy":"product_tag","embeddable":true,"href":"https:\/\/iha-race.com\/it\/wp-json\/wp\/v2\/product_tag?post=113426"}],"curies":[{"name":"wp","href":"https:\/\/api.w.org\/{rel}","templated":true}]}}