{"id":113403,"date":"2020-11-23T14:40:14","date_gmt":"2020-11-23T13:40:14","guid":{"rendered":"https:\/\/iha-race.com\/producto\/tubo-di-stagno-per-saldatura-senza-piombo-993-sn-07-cu-08-mm-rosin-flux-2-1-metro\/"},"modified":"2026-03-21T19:38:42","modified_gmt":"2026-03-21T18:38:42","slug":"tubo-de-estano-para-soldadura-sin-plomo-993-sn-07-cu-0-8mm-flujo-de-colofonia-2-1-metro","status":"publish","type":"product","link":"https:\/\/iha-race.com\/it\/prodotto\/tubo-de-estano-para-soldadura-sin-plomo-993-sn-07-cu-0-8mm-flujo-de-colofonia-2-1-metro\/","title":{"rendered":"Tubo di stagno per saldatura senza piombo (99,3% Sn 0,7% Cu) 0,8 mm Rosin Flux 2% &#8211; 1 metro"},"content":{"rendered":"<h2>Tubo di stagno per saldatura senza piombo (99,3% Sn 0,7% Cu) 0,8 mm Rosin Flux 2% &#8211; 1 metro<\/h2>\n<h2>Caratteristiche:<\/h2>\n<div>1. Prodotti senza piombo, certificati Rohs, belli.<\/div>\n<div>2. L&#8217;anima in colofonia al 2% facilita la saldatura.<\/div>\n<div><span data-spm-anchor-id=\"a2g0o.detail.1000023.i1.16b06a96KH250S\">3. Un efficiente nucleo di flusso di colofonia pulisce la superficie<\/span><\/div>\n<div>4. Durante la saldatura con meno spruzzi, nessun fumo, l&#8217;odore \u00e8 rilassato.<\/div>\n<div>5. Buona saldabilit\u00e0, resistenza all&#8217;isolamento, assenza di schizzi e non corrosivit\u00e0.<\/div>\n<div>6. Adatto all&#8217;uso generale in campo elettrico, elettronico e in altri settori.<\/div>\n","protected":false},"excerpt":{"rendered":"<p>Tubo di stagno per saldatura senza piombo (99,3% Sn 0,7% Cu) 0,8 mm Rosin Flux 2% &#8211; 1 metro Caratteristiche: 1. Prodotti senza piombo, certificati Rohs, belli. 2. L&#8217;anima in<\/p>\n","protected":false},"featured_media":92613,"comment_status":"open","ping_status":"closed","template":"","meta":{"_joinchat":[]},"pwb-brand":[3586],"product_cat":[1135],"product_tag":[],"class_list":{"0":"post-113403","1":"product","2":"type-product","3":"status-publish","4":"has-post-thumbnail","6":"pwb-brand-iha-race","7":"product_cat--strumenti-e-saldatura","9":"first","10":"instock","11":"taxable","12":"shipping-taxable","13":"purchasable","14":"product-type-simple"},"barcode":null,"atum_controlled":true,"out_stock_date":null,"out_stock_threshold":null,"inheritable":false,"stock_on_hold":0,"sold_today":4,"sales_last_days":4,"out_stock_days":0,"lost_sales":0,"update_date":"2026-04-07T16:30:58","atum_locations":[{"id":588,"name":"Estudio","slug":"estudio"}],"atum_stock_status":"instock","restock_status":false,"low_stock_amount":"","sales_update_date":"2026-04-07T16:30:58","calc_backorders":null,"yoast_head":"<!-- This site is optimized with the Yoast SEO plugin v27.3 - https:\/\/yoast.com\/product\/yoast-seo-wordpress\/ -->\n<title>Tubo di stagno per saldatura senza piombo (99,3% Sn 0,7% Cu) 0,8 mm Rosin Flux 2% - 1 metro - Iha Race<\/title>\n<meta name=\"robots\" content=\"index, follow, max-snippet:-1, max-image-preview:large, max-video-preview:-1\" \/>\n<link rel=\"canonical\" href=\"https:\/\/iha-race.com\/it\/prodotto\/tubo-de-estano-para-soldadura-sin-plomo-993-sn-07-cu-0-8mm-flujo-de-colofonia-2-1-metro\/\" \/>\n<meta property=\"og:locale\" content=\"it_IT\" \/>\n<meta property=\"og:type\" content=\"article\" \/>\n<meta property=\"og:title\" content=\"Tubo di stagno per saldatura senza piombo (99,3% Sn 0,7% Cu) 0,8 mm Rosin Flux 2% - 1 metro - Iha Race\" \/>\n<meta property=\"og:description\" content=\"Tubo di stagno per saldatura senza piombo (99,3% Sn 0,7% Cu) 0,8 mm Rosin Flux 2% &#8211; 1 metro Caratteristiche: 1. Prodotti senza piombo, certificati Rohs, belli. 2. L&#8217;anima in\" \/>\n<meta property=\"og:url\" content=\"https:\/\/iha-race.com\/it\/prodotto\/tubo-de-estano-para-soldadura-sin-plomo-993-sn-07-cu-0-8mm-flujo-de-colofonia-2-1-metro\/\" \/>\n<meta property=\"og:site_name\" content=\"Iha Race\" \/>\n<meta property=\"article:modified_time\" content=\"2026-03-21T18:38:42+00:00\" \/>\n<meta property=\"og:image\" content=\"https:\/\/iha-race.com\/wp-content\/uploads\/2020\/11\/estano-por-metros-drones-de-carrera-fpv.jpg\" \/>\n\t<meta property=\"og:image:width\" content=\"800\" \/>\n\t<meta property=\"og:image:height\" content=\"800\" \/>\n\t<meta property=\"og:image:type\" content=\"image\/jpeg\" \/>\n<meta name=\"twitter:card\" content=\"summary_large_image\" \/>\n<script type=\"application\/ld+json\" class=\"yoast-schema-graph\">{\"@context\":\"https:\\\/\\\/schema.org\",\"@graph\":[{\"@type\":\"WebPage\",\"@id\":\"https:\\\/\\\/iha-race.com\\\/it\\\/prodotto\\\/tubo-de-estano-para-soldadura-sin-plomo-993-sn-07-cu-0-8mm-flujo-de-colofonia-2-1-metro\\\/\",\"url\":\"https:\\\/\\\/iha-race.com\\\/it\\\/prodotto\\\/tubo-de-estano-para-soldadura-sin-plomo-993-sn-07-cu-0-8mm-flujo-de-colofonia-2-1-metro\\\/\",\"name\":\"Tubo di stagno per saldatura senza piombo (99,3% Sn 0,7% Cu) 0,8 mm Rosin Flux 2% - 1 metro - Iha Race\",\"isPartOf\":{\"@id\":\"https:\\\/\\\/iha-race.com\\\/it\\\/#website\"},\"primaryImageOfPage\":{\"@id\":\"https:\\\/\\\/iha-race.com\\\/it\\\/prodotto\\\/tubo-de-estano-para-soldadura-sin-plomo-993-sn-07-cu-0-8mm-flujo-de-colofonia-2-1-metro\\\/#primaryimage\"},\"image\":{\"@id\":\"https:\\\/\\\/iha-race.com\\\/it\\\/prodotto\\\/tubo-de-estano-para-soldadura-sin-plomo-993-sn-07-cu-0-8mm-flujo-de-colofonia-2-1-metro\\\/#primaryimage\"},\"thumbnailUrl\":\"https:\\\/\\\/iha-race.com\\\/wp-content\\\/uploads\\\/2020\\\/11\\\/estano-por-metros-drones-de-carrera-fpv.jpg\",\"datePublished\":\"2020-11-23T13:40:14+00:00\",\"dateModified\":\"2026-03-21T18:38:42+00:00\",\"breadcrumb\":{\"@id\":\"https:\\\/\\\/iha-race.com\\\/it\\\/prodotto\\\/tubo-de-estano-para-soldadura-sin-plomo-993-sn-07-cu-0-8mm-flujo-de-colofonia-2-1-metro\\\/#breadcrumb\"},\"inLanguage\":\"it-IT\",\"potentialAction\":[{\"@type\":\"ReadAction\",\"target\":[\"https:\\\/\\\/iha-race.com\\\/it\\\/prodotto\\\/tubo-de-estano-para-soldadura-sin-plomo-993-sn-07-cu-0-8mm-flujo-de-colofonia-2-1-metro\\\/\"]}]},{\"@type\":\"ImageObject\",\"inLanguage\":\"it-IT\",\"@id\":\"https:\\\/\\\/iha-race.com\\\/it\\\/prodotto\\\/tubo-de-estano-para-soldadura-sin-plomo-993-sn-07-cu-0-8mm-flujo-de-colofonia-2-1-metro\\\/#primaryimage\",\"url\":\"https:\\\/\\\/iha-race.com\\\/wp-content\\\/uploads\\\/2020\\\/11\\\/estano-por-metros-drones-de-carrera-fpv.jpg\",\"contentUrl\":\"https:\\\/\\\/iha-race.com\\\/wp-content\\\/uploads\\\/2020\\\/11\\\/estano-por-metros-drones-de-carrera-fpv.jpg\",\"width\":800,\"height\":800,\"caption\":\"acquistare lo stagno pi\u00f9 economico\"},{\"@type\":\"BreadcrumbList\",\"@id\":\"https:\\\/\\\/iha-race.com\\\/it\\\/prodotto\\\/tubo-de-estano-para-soldadura-sin-plomo-993-sn-07-cu-0-8mm-flujo-de-colofonia-2-1-metro\\\/#breadcrumb\",\"itemListElement\":[{\"@type\":\"ListItem\",\"position\":1,\"name\":\"Portada\",\"item\":\"https:\\\/\\\/iha-race.com\\\/it\\\/\"},{\"@type\":\"ListItem\",\"position\":2,\"name\":\"Negozio\",\"item\":\"https:\\\/\\\/iha-race.com\\\/it\\\/negozio\\\/\"},{\"@type\":\"ListItem\",\"position\":3,\"name\":\"Tubo di stagno per saldatura senza piombo (99,3% Sn 0,7% Cu) 0,8 mm Rosin Flux 2% &#8211; 1 metro\"}]},{\"@type\":\"WebSite\",\"@id\":\"https:\\\/\\\/iha-race.com\\\/it\\\/#website\",\"url\":\"https:\\\/\\\/iha-race.com\\\/it\\\/\",\"name\":\"Iha Race\",\"description\":\"Comprar drones de carreras FPV env\u00edos en un d\u00eda desde Espa\u00f1a\",\"publisher\":{\"@id\":\"https:\\\/\\\/iha-race.com\\\/it\\\/#organization\"},\"potentialAction\":[{\"@type\":\"SearchAction\",\"target\":{\"@type\":\"EntryPoint\",\"urlTemplate\":\"https:\\\/\\\/iha-race.com\\\/it\\\/?s={search_term_string}\"},\"query-input\":{\"@type\":\"PropertyValueSpecification\",\"valueRequired\":true,\"valueName\":\"search_term_string\"}}],\"inLanguage\":\"it-IT\"},{\"@type\":\"Organization\",\"@id\":\"https:\\\/\\\/iha-race.com\\\/it\\\/#organization\",\"name\":\"Iha Race\",\"url\":\"https:\\\/\\\/iha-race.com\\\/it\\\/\",\"logo\":{\"@type\":\"ImageObject\",\"inLanguage\":\"it-IT\",\"@id\":\"https:\\\/\\\/iha-race.com\\\/it\\\/#\\\/schema\\\/logo\\\/image\\\/\",\"url\":\"https:\\\/\\\/iha-race.com\\\/wp-content\\\/uploads\\\/2018\\\/07\\\/iha-race-drones-de-carreras-tienda-comprar-drones.png\",\"contentUrl\":\"https:\\\/\\\/iha-race.com\\\/wp-content\\\/uploads\\\/2018\\\/07\\\/iha-race-drones-de-carreras-tienda-comprar-drones.png\",\"width\":300,\"height\":100,\"caption\":\"Iha Race\"},\"image\":{\"@id\":\"https:\\\/\\\/iha-race.com\\\/it\\\/#\\\/schema\\\/logo\\\/image\\\/\"}}]}<\/script>\n<!-- \/ Yoast SEO plugin. -->","yoast_head_json":{"title":"Tubo di stagno per saldatura senza piombo (99,3% Sn 0,7% Cu) 0,8 mm Rosin Flux 2% - 1 metro - Iha Race","robots":{"index":"index","follow":"follow","max-snippet":"max-snippet:-1","max-image-preview":"max-image-preview:large","max-video-preview":"max-video-preview:-1"},"canonical":"https:\/\/iha-race.com\/it\/prodotto\/tubo-de-estano-para-soldadura-sin-plomo-993-sn-07-cu-0-8mm-flujo-de-colofonia-2-1-metro\/","og_locale":"it_IT","og_type":"article","og_title":"Tubo di stagno per saldatura senza piombo (99,3% Sn 0,7% Cu) 0,8 mm Rosin Flux 2% - 1 metro - Iha Race","og_description":"Tubo di stagno per saldatura senza piombo (99,3% Sn 0,7% Cu) 0,8 mm Rosin Flux 2% &#8211; 1 metro Caratteristiche: 1. Prodotti senza piombo, certificati Rohs, belli. 2. L&#8217;anima in","og_url":"https:\/\/iha-race.com\/it\/prodotto\/tubo-de-estano-para-soldadura-sin-plomo-993-sn-07-cu-0-8mm-flujo-de-colofonia-2-1-metro\/","og_site_name":"Iha Race","article_modified_time":"2026-03-21T18:38:42+00:00","og_image":[{"width":800,"height":800,"url":"https:\/\/iha-race.com\/wp-content\/uploads\/2020\/11\/estano-por-metros-drones-de-carrera-fpv.jpg","type":"image\/jpeg"}],"twitter_card":"summary_large_image","schema":{"@context":"https:\/\/schema.org","@graph":[{"@type":"WebPage","@id":"https:\/\/iha-race.com\/it\/prodotto\/tubo-de-estano-para-soldadura-sin-plomo-993-sn-07-cu-0-8mm-flujo-de-colofonia-2-1-metro\/","url":"https:\/\/iha-race.com\/it\/prodotto\/tubo-de-estano-para-soldadura-sin-plomo-993-sn-07-cu-0-8mm-flujo-de-colofonia-2-1-metro\/","name":"Tubo di stagno per saldatura senza piombo (99,3% Sn 0,7% Cu) 0,8 mm Rosin Flux 2% - 1 metro - Iha Race","isPartOf":{"@id":"https:\/\/iha-race.com\/it\/#website"},"primaryImageOfPage":{"@id":"https:\/\/iha-race.com\/it\/prodotto\/tubo-de-estano-para-soldadura-sin-plomo-993-sn-07-cu-0-8mm-flujo-de-colofonia-2-1-metro\/#primaryimage"},"image":{"@id":"https:\/\/iha-race.com\/it\/prodotto\/tubo-de-estano-para-soldadura-sin-plomo-993-sn-07-cu-0-8mm-flujo-de-colofonia-2-1-metro\/#primaryimage"},"thumbnailUrl":"https:\/\/iha-race.com\/wp-content\/uploads\/2020\/11\/estano-por-metros-drones-de-carrera-fpv.jpg","datePublished":"2020-11-23T13:40:14+00:00","dateModified":"2026-03-21T18:38:42+00:00","breadcrumb":{"@id":"https:\/\/iha-race.com\/it\/prodotto\/tubo-de-estano-para-soldadura-sin-plomo-993-sn-07-cu-0-8mm-flujo-de-colofonia-2-1-metro\/#breadcrumb"},"inLanguage":"it-IT","potentialAction":[{"@type":"ReadAction","target":["https:\/\/iha-race.com\/it\/prodotto\/tubo-de-estano-para-soldadura-sin-plomo-993-sn-07-cu-0-8mm-flujo-de-colofonia-2-1-metro\/"]}]},{"@type":"ImageObject","inLanguage":"it-IT","@id":"https:\/\/iha-race.com\/it\/prodotto\/tubo-de-estano-para-soldadura-sin-plomo-993-sn-07-cu-0-8mm-flujo-de-colofonia-2-1-metro\/#primaryimage","url":"https:\/\/iha-race.com\/wp-content\/uploads\/2020\/11\/estano-por-metros-drones-de-carrera-fpv.jpg","contentUrl":"https:\/\/iha-race.com\/wp-content\/uploads\/2020\/11\/estano-por-metros-drones-de-carrera-fpv.jpg","width":800,"height":800,"caption":"acquistare lo stagno pi\u00f9 economico"},{"@type":"BreadcrumbList","@id":"https:\/\/iha-race.com\/it\/prodotto\/tubo-de-estano-para-soldadura-sin-plomo-993-sn-07-cu-0-8mm-flujo-de-colofonia-2-1-metro\/#breadcrumb","itemListElement":[{"@type":"ListItem","position":1,"name":"Portada","item":"https:\/\/iha-race.com\/it\/"},{"@type":"ListItem","position":2,"name":"Negozio","item":"https:\/\/iha-race.com\/it\/negozio\/"},{"@type":"ListItem","position":3,"name":"Tubo di stagno per saldatura senza piombo (99,3% Sn 0,7% Cu) 0,8 mm Rosin Flux 2% &#8211; 1 metro"}]},{"@type":"WebSite","@id":"https:\/\/iha-race.com\/it\/#website","url":"https:\/\/iha-race.com\/it\/","name":"Iha Race","description":"Comprar drones de carreras FPV env\u00edos en un d\u00eda desde Espa\u00f1a","publisher":{"@id":"https:\/\/iha-race.com\/it\/#organization"},"potentialAction":[{"@type":"SearchAction","target":{"@type":"EntryPoint","urlTemplate":"https:\/\/iha-race.com\/it\/?s={search_term_string}"},"query-input":{"@type":"PropertyValueSpecification","valueRequired":true,"valueName":"search_term_string"}}],"inLanguage":"it-IT"},{"@type":"Organization","@id":"https:\/\/iha-race.com\/it\/#organization","name":"Iha Race","url":"https:\/\/iha-race.com\/it\/","logo":{"@type":"ImageObject","inLanguage":"it-IT","@id":"https:\/\/iha-race.com\/it\/#\/schema\/logo\/image\/","url":"https:\/\/iha-race.com\/wp-content\/uploads\/2018\/07\/iha-race-drones-de-carreras-tienda-comprar-drones.png","contentUrl":"https:\/\/iha-race.com\/wp-content\/uploads\/2018\/07\/iha-race-drones-de-carreras-tienda-comprar-drones.png","width":300,"height":100,"caption":"Iha Race"},"image":{"@id":"https:\/\/iha-race.com\/it\/#\/schema\/logo\/image\/"}}]}},"brands":[{"id":3586,"name":"IHA Race","slug":"iha-race"}],"_links":{"self":[{"href":"https:\/\/iha-race.com\/it\/wp-json\/wp\/v2\/product\/113403","targetHints":{"allow":["GET"]}}],"collection":[{"href":"https:\/\/iha-race.com\/it\/wp-json\/wp\/v2\/product"}],"about":[{"href":"https:\/\/iha-race.com\/it\/wp-json\/wp\/v2\/types\/product"}],"replies":[{"embeddable":true,"href":"https:\/\/iha-race.com\/it\/wp-json\/wp\/v2\/comments?post=113403"}],"version-history":[{"count":1,"href":"https:\/\/iha-race.com\/it\/wp-json\/wp\/v2\/product\/113403\/revisions"}],"predecessor-version":[{"id":211900,"href":"https:\/\/iha-race.com\/it\/wp-json\/wp\/v2\/product\/113403\/revisions\/211900"}],"wp:featuredmedia":[{"embeddable":true,"href":"https:\/\/iha-race.com\/it\/wp-json\/wp\/v2\/media\/92613"}],"wp:attachment":[{"href":"https:\/\/iha-race.com\/it\/wp-json\/wp\/v2\/media?parent=113403"}],"wp:term":[{"taxonomy":"pwb-brand","embeddable":true,"href":"https:\/\/iha-race.com\/it\/wp-json\/wp\/v2\/pwb-brand?post=113403"},{"taxonomy":"product_cat","embeddable":true,"href":"https:\/\/iha-race.com\/it\/wp-json\/wp\/v2\/product_cat?post=113403"},{"taxonomy":"product_tag","embeddable":true,"href":"https:\/\/iha-race.com\/it\/wp-json\/wp\/v2\/product_tag?post=113403"}],"curies":[{"name":"wp","href":"https:\/\/api.w.org\/{rel}","templated":true}]}}