{"id":113402,"date":"2021-05-07T12:22:13","date_gmt":"2021-05-07T10:22:13","guid":{"rendered":"https:\/\/iha-race.com\/producto\/motore-t-motor-f90-1300kv-1500kv-1950kv\/"},"modified":"2025-03-14T16:18:04","modified_gmt":"2025-03-14T15:18:04","slug":"motor-t-motor-f90-1300kv-1500kv-1950kv","status":"publish","type":"product","link":"https:\/\/iha-race.com\/it\/prodotto\/motor-t-motor-f90-1300kv-1500kv-1950kv\/","title":{"rendered":"Motore T-Motor F90 (1300Kv\/1500Kv\/1950kv)"},"content":{"rendered":"<h2>Motore T-Motor F90 (1300Kv\/1500Kv\/1950kv)<\/h2>\n<p>  Ottieni un tempo di volo pi\u00f9 lungo con il T-Motor F90! Questo motore \u00e8 progettato per Cinelifter X8 FPV o per costruzioni simili e pu\u00f2 trasportare una telecamera pesante. L&#8217;F90 \u00e8 un motore stabile e fluido.  &nbsp;<\/p>\n<p>&nbsp;<\/p>\n<p><img fetchpriority=\"high\" decoding=\"async\" class=\"alignleft wp-image-55423 size-full\" src=\"https:\/\/iha-race.com\/wp-content\/uploads\/2020\/10\/T-Motor-F90-1500Kv.jpg\" alt=\"\" width=\"940\" height=\"550\" srcset=\"https:\/\/iha-race.com\/wp-content\/uploads\/2020\/10\/T-Motor-F90-1500Kv.jpg 940w, https:\/\/iha-race.com\/wp-content\/uploads\/2020\/10\/T-Motor-F90-1500Kv-600x351.jpg 600w, https:\/\/iha-race.com\/wp-content\/uploads\/2020\/10\/T-Motor-F90-1500Kv-300x176.jpg 300w, https:\/\/iha-race.com\/wp-content\/uploads\/2020\/10\/T-Motor-F90-1500Kv-1024x599.jpg 1024w, https:\/\/iha-race.com\/wp-content\/uploads\/2020\/10\/T-Motor-F90-1500Kv-767x449.jpg 767w, https:\/\/iha-race.com\/wp-content\/uploads\/2020\/10\/T-Motor-F90-1500Kv-1536x899.jpg 1536w, https:\/\/iha-race.com\/wp-content\/uploads\/2020\/10\/T-Motor-F90-1500Kv-2048x1198.jpg 2048w, https:\/\/iha-race.com\/wp-content\/uploads\/2020\/10\/T-Motor-F90-1500Kv-788x461.jpg 788w\" sizes=\"(max-width: 940px) 100vw, 940px\" \/><img decoding=\"async\" class=\"alignleft wp-image-55424 size-full\" src=\"https:\/\/iha-race.com\/wp-content\/uploads\/2020\/10\/T-Motor-F90-1500Kv-Long-Race.jpg\" alt=\"\" width=\"940\" height=\"550\" srcset=\"https:\/\/iha-race.com\/wp-content\/uploads\/2020\/10\/T-Motor-F90-1500Kv-Long-Race.jpg 940w, https:\/\/iha-race.com\/wp-content\/uploads\/2020\/10\/T-Motor-F90-1500Kv-Long-Race-600x351.jpg 600w, https:\/\/iha-race.com\/wp-content\/uploads\/2020\/10\/T-Motor-F90-1500Kv-Long-Race-300x176.jpg 300w, https:\/\/iha-race.com\/wp-content\/uploads\/2020\/10\/T-Motor-F90-1500Kv-Long-Race-1024x599.jpg 1024w, https:\/\/iha-race.com\/wp-content\/uploads\/2020\/10\/T-Motor-F90-1500Kv-Long-Race-767x449.jpg 767w, https:\/\/iha-race.com\/wp-content\/uploads\/2020\/10\/T-Motor-F90-1500Kv-Long-Race-1536x899.jpg 1536w, https:\/\/iha-race.com\/wp-content\/uploads\/2020\/10\/T-Motor-F90-1500Kv-Long-Race-2048x1198.jpg 2048w, https:\/\/iha-race.com\/wp-content\/uploads\/2020\/10\/T-Motor-F90-1500Kv-Long-Race-788x461.jpg 788w\" sizes=\"(max-width: 940px) 100vw, 940px\" \/><\/p>\n<p>&nbsp;<\/p>\n<p>&nbsp;<\/p>\n<p>&nbsp;<\/p>\n<p><img decoding=\"async\" class=\"alignnone wp-image-55425 size-full\" src=\"https:\/\/iha-race.com\/wp-content\/uploads\/2020\/10\/T-Motor-F90-1500Kv-Long-Race-FPV.jpg\" alt=\"\" width=\"940\" height=\"550\" srcset=\"https:\/\/iha-race.com\/wp-content\/uploads\/2020\/10\/T-Motor-F90-1500Kv-Long-Race-FPV.jpg 940w, https:\/\/iha-race.com\/wp-content\/uploads\/2020\/10\/T-Motor-F90-1500Kv-Long-Race-FPV-600x351.jpg 600w, https:\/\/iha-race.com\/wp-content\/uploads\/2020\/10\/T-Motor-F90-1500Kv-Long-Race-FPV-300x176.jpg 300w, https:\/\/iha-race.com\/wp-content\/uploads\/2020\/10\/T-Motor-F90-1500Kv-Long-Race-FPV-1024x599.jpg 1024w, https:\/\/iha-race.com\/wp-content\/uploads\/2020\/10\/T-Motor-F90-1500Kv-Long-Race-FPV-767x449.jpg 767w, https:\/\/iha-race.com\/wp-content\/uploads\/2020\/10\/T-Motor-F90-1500Kv-Long-Race-FPV-1536x899.jpg 1536w, https:\/\/iha-race.com\/wp-content\/uploads\/2020\/10\/T-Motor-F90-1500Kv-Long-Race-FPV-2048x1198.jpg 2048w, https:\/\/iha-race.com\/wp-content\/uploads\/2020\/10\/T-Motor-F90-1500Kv-Long-Race-FPV-788x461.jpg 788w\" sizes=\"(max-width: 940px) 100vw, 940px\" \/><img loading=\"lazy\" decoding=\"async\" class=\"wp-image-55426 size-full alignnone\" src=\"https:\/\/iha-race.com\/wp-content\/uploads\/2020\/10\/T-Motor-F90-1500Kv-FPV.jpg\" alt=\"\" width=\"940\" height=\"550\" srcset=\"https:\/\/iha-race.com\/wp-content\/uploads\/2020\/10\/T-Motor-F90-1500Kv-FPV.jpg 940w, https:\/\/iha-race.com\/wp-content\/uploads\/2020\/10\/T-Motor-F90-1500Kv-FPV-600x351.jpg 600w, https:\/\/iha-race.com\/wp-content\/uploads\/2020\/10\/T-Motor-F90-1500Kv-FPV-300x176.jpg 300w, https:\/\/iha-race.com\/wp-content\/uploads\/2020\/10\/T-Motor-F90-1500Kv-FPV-1024x599.jpg 1024w, https:\/\/iha-race.com\/wp-content\/uploads\/2020\/10\/T-Motor-F90-1500Kv-FPV-767x449.jpg 767w, https:\/\/iha-race.com\/wp-content\/uploads\/2020\/10\/T-Motor-F90-1500Kv-FPV-1536x899.jpg 1536w, https:\/\/iha-race.com\/wp-content\/uploads\/2020\/10\/T-Motor-F90-1500Kv-FPV-2048x1198.jpg 2048w, https:\/\/iha-race.com\/wp-content\/uploads\/2020\/10\/T-Motor-F90-1500Kv-FPV-788x461.jpg 788w\" sizes=\"(max-width: 940px) 100vw, 940px\" \/><\/p>\n<p>&nbsp;<\/p>\n<div class=\"container1200 ov-h\">\n<div id=\"contents\">\n<div class=\"wrap-sticky\">\n<div id=\"news11tabs\" class=\"navbar navbar-sticky bootsnav on sticked\"><\/div>\n<\/div>\n<div id=\"news11\" class=\"tabblock\">\n<div id=\"b_news11\" class=\"tabcon\">\n<p><img decoding=\"async\" src=\"https:\/\/store.tmotor.com\/images\/20211129\/1638154949758723.jpg\"><\/p>\n<p><img decoding=\"async\" src=\"https:\/\/store.tmotor.com\/images\/20211129\/1638154949647004.jpg\"><\/p>\n<p><img decoding=\"async\" src=\"https:\/\/store.tmotor.com\/images\/20211129\/1638154949732480.jpg\"><\/p>\n<p><img decoding=\"async\" src=\"https:\/\/store.tmotor.com\/images\/20211129\/1638154949558400.jpg\"><\/p>\n<p><img decoding=\"async\" src=\"https:\/\/store.tmotor.com\/images\/20211129\/1638154949214585.jpg\"><\/p>\n<p><img decoding=\"async\" src=\"https:\/\/store.tmotor.com\/images\/20211129\/1638154949219349.jpg\"><\/p>\n<\/div>\n<\/div>\n<\/div>\n<\/div>\n<div class=\"site-footer\">\n<div class=\"footer-related\">\n<div class=\"promise\">\n<div class=\"container\">\n<div class=\"promise-list\"><\/div>\n<\/div>\n<\/div>\n<\/div>\n<\/div>\n<h2>Il pacchetto comprende:<\/h2>\n<ul>\n<li>1 motore T-Motor F90 (1300Kv\/1500Kv\/1950kv)<\/li>\n<\/ul>\n","protected":false},"excerpt":{"rendered":"<p>Pi\u00f9 tempo di volo con il T-Motor F90! Questo motore \u00e8 progettato per Cinelifter X8 FPV o per costruzioni simili e pu\u00f2 trasportare una telecamera pesante.<\/p>\n","protected":false},"featured_media":98812,"comment_status":"open","ping_status":"closed","template":"","meta":{"_joinchat":[]},"pwb-brand":[],"product_cat":[1242,2478],"product_tag":[],"class_list":{"0":"post-113402","1":"product","2":"type-product","3":"status-publish","4":"has-post-thumbnail","6":"product_cat-motori-fpv","7":"product_cat-senza-spazzole-con-albero","9":"first","10":"instock","11":"taxable","12":"shipping-taxable","13":"purchasable","14":"product-type-variable"},"barcode":null,"atum_controlled":true,"out_stock_date":null,"out_stock_threshold":null,"inheritable":true,"stock_on_hold":0,"sold_today":4,"sales_last_days":8,"out_stock_days":0,"lost_sales":0,"update_date":"2026-04-18T23:35:00","atum_locations":[],"atum_stock_status":"instock","restock_status":false,"low_stock_amount":"","sales_update_date":"2026-04-18T23:35:00","calc_backorders":null,"yoast_head":"<!-- This site is optimized with the Yoast SEO plugin v27.3 - https:\/\/yoast.com\/product\/yoast-seo-wordpress\/ -->\n<title>Motore T-Motor F90 (1300Kv\/1500Kv\/1950kv) - Iha Race<\/title>\n<meta name=\"robots\" content=\"index, follow, max-snippet:-1, max-image-preview:large, max-video-preview:-1\" \/>\n<link rel=\"canonical\" href=\"https:\/\/iha-race.com\/it\/prodotto\/motor-t-motor-f90-1300kv-1500kv-1950kv\/\" \/>\n<meta property=\"og:locale\" content=\"it_IT\" \/>\n<meta property=\"og:type\" content=\"article\" \/>\n<meta property=\"og:title\" content=\"Motore T-Motor F90 (1300Kv\/1500Kv\/1950kv) - Iha Race\" \/>\n<meta property=\"og:description\" content=\"Pi\u00f9 tempo di volo con il T-Motor F90! Questo motore \u00e8 progettato per Cinelifter X8 FPV o per costruzioni simili e pu\u00f2 trasportare una telecamera pesante.\" \/>\n<meta property=\"og:url\" content=\"https:\/\/iha-race.com\/it\/prodotto\/motor-t-motor-f90-1300kv-1500kv-1950kv\/\" \/>\n<meta property=\"og:site_name\" content=\"Iha Race\" \/>\n<meta property=\"article:modified_time\" content=\"2025-03-14T15:18:04+00:00\" \/>\n<meta property=\"og:image\" content=\"https:\/\/iha-race.com\/wp-content\/uploads\/2020\/10\/Motor-t-motor-f90-1500kv.jpg\" \/>\n\t<meta property=\"og:image:width\" content=\"1000\" \/>\n\t<meta property=\"og:image:height\" content=\"1000\" \/>\n\t<meta property=\"og:image:type\" content=\"image\/jpeg\" \/>\n<meta name=\"twitter:card\" content=\"summary_large_image\" \/>\n<script type=\"application\/ld+json\" class=\"yoast-schema-graph\">{\"@context\":\"https:\\\/\\\/schema.org\",\"@graph\":[{\"@type\":\"WebPage\",\"@id\":\"https:\\\/\\\/iha-race.com\\\/it\\\/prodotto\\\/motor-t-motor-f90-1300kv-1500kv-1950kv\\\/\",\"url\":\"https:\\\/\\\/iha-race.com\\\/it\\\/prodotto\\\/motor-t-motor-f90-1300kv-1500kv-1950kv\\\/\",\"name\":\"Motore T-Motor F90 (1300Kv\\\/1500Kv\\\/1950kv) - Iha Race\",\"isPartOf\":{\"@id\":\"https:\\\/\\\/iha-race.com\\\/it\\\/#website\"},\"primaryImageOfPage\":{\"@id\":\"https:\\\/\\\/iha-race.com\\\/it\\\/prodotto\\\/motor-t-motor-f90-1300kv-1500kv-1950kv\\\/#primaryimage\"},\"image\":{\"@id\":\"https:\\\/\\\/iha-race.com\\\/it\\\/prodotto\\\/motor-t-motor-f90-1300kv-1500kv-1950kv\\\/#primaryimage\"},\"thumbnailUrl\":\"https:\\\/\\\/iha-race.com\\\/wp-content\\\/uploads\\\/2020\\\/10\\\/Motor-t-motor-f90-1500kv.jpg\",\"datePublished\":\"2021-05-07T10:22:13+00:00\",\"dateModified\":\"2025-03-14T15:18:04+00:00\",\"breadcrumb\":{\"@id\":\"https:\\\/\\\/iha-race.com\\\/it\\\/prodotto\\\/motor-t-motor-f90-1300kv-1500kv-1950kv\\\/#breadcrumb\"},\"inLanguage\":\"it-IT\",\"potentialAction\":[{\"@type\":\"ReadAction\",\"target\":[\"https:\\\/\\\/iha-race.com\\\/it\\\/prodotto\\\/motor-t-motor-f90-1300kv-1500kv-1950kv\\\/\"]}]},{\"@type\":\"ImageObject\",\"inLanguage\":\"it-IT\",\"@id\":\"https:\\\/\\\/iha-race.com\\\/it\\\/prodotto\\\/motor-t-motor-f90-1300kv-1500kv-1950kv\\\/#primaryimage\",\"url\":\"https:\\\/\\\/iha-race.com\\\/wp-content\\\/uploads\\\/2020\\\/10\\\/Motor-t-motor-f90-1500kv.jpg\",\"contentUrl\":\"https:\\\/\\\/iha-race.com\\\/wp-content\\\/uploads\\\/2020\\\/10\\\/Motor-t-motor-f90-1500kv.jpg\",\"width\":1000,\"height\":1000,\"caption\":\"acquistare il motore pi\u00f9 economico t-motor f90 1500kv\"},{\"@type\":\"BreadcrumbList\",\"@id\":\"https:\\\/\\\/iha-race.com\\\/it\\\/prodotto\\\/motor-t-motor-f90-1300kv-1500kv-1950kv\\\/#breadcrumb\",\"itemListElement\":[{\"@type\":\"ListItem\",\"position\":1,\"name\":\"Portada\",\"item\":\"https:\\\/\\\/iha-race.com\\\/it\\\/\"},{\"@type\":\"ListItem\",\"position\":2,\"name\":\"Negozio\",\"item\":\"https:\\\/\\\/iha-race.com\\\/it\\\/negozio\\\/\"},{\"@type\":\"ListItem\",\"position\":3,\"name\":\"Motore T-Motor F90 (1300Kv\\\/1500Kv\\\/1950kv)\"}]},{\"@type\":\"WebSite\",\"@id\":\"https:\\\/\\\/iha-race.com\\\/it\\\/#website\",\"url\":\"https:\\\/\\\/iha-race.com\\\/it\\\/\",\"name\":\"Iha Race\",\"description\":\"Comprar drones de carreras FPV env\u00edos en un d\u00eda desde Espa\u00f1a\",\"publisher\":{\"@id\":\"https:\\\/\\\/iha-race.com\\\/it\\\/#organization\"},\"potentialAction\":[{\"@type\":\"SearchAction\",\"target\":{\"@type\":\"EntryPoint\",\"urlTemplate\":\"https:\\\/\\\/iha-race.com\\\/it\\\/?s={search_term_string}\"},\"query-input\":{\"@type\":\"PropertyValueSpecification\",\"valueRequired\":true,\"valueName\":\"search_term_string\"}}],\"inLanguage\":\"it-IT\"},{\"@type\":\"Organization\",\"@id\":\"https:\\\/\\\/iha-race.com\\\/it\\\/#organization\",\"name\":\"Iha Race\",\"url\":\"https:\\\/\\\/iha-race.com\\\/it\\\/\",\"logo\":{\"@type\":\"ImageObject\",\"inLanguage\":\"it-IT\",\"@id\":\"https:\\\/\\\/iha-race.com\\\/it\\\/#\\\/schema\\\/logo\\\/image\\\/\",\"url\":\"https:\\\/\\\/iha-race.com\\\/wp-content\\\/uploads\\\/2018\\\/07\\\/iha-race-drones-de-carreras-tienda-comprar-drones.png\",\"contentUrl\":\"https:\\\/\\\/iha-race.com\\\/wp-content\\\/uploads\\\/2018\\\/07\\\/iha-race-drones-de-carreras-tienda-comprar-drones.png\",\"width\":300,\"height\":100,\"caption\":\"Iha Race\"},\"image\":{\"@id\":\"https:\\\/\\\/iha-race.com\\\/it\\\/#\\\/schema\\\/logo\\\/image\\\/\"}}]}<\/script>\n<!-- \/ Yoast SEO plugin. -->","yoast_head_json":{"title":"Motore T-Motor F90 (1300Kv\/1500Kv\/1950kv) - Iha Race","robots":{"index":"index","follow":"follow","max-snippet":"max-snippet:-1","max-image-preview":"max-image-preview:large","max-video-preview":"max-video-preview:-1"},"canonical":"https:\/\/iha-race.com\/it\/prodotto\/motor-t-motor-f90-1300kv-1500kv-1950kv\/","og_locale":"it_IT","og_type":"article","og_title":"Motore T-Motor F90 (1300Kv\/1500Kv\/1950kv) - Iha Race","og_description":"Pi\u00f9 tempo di volo con il T-Motor F90! Questo motore \u00e8 progettato per Cinelifter X8 FPV o per costruzioni simili e pu\u00f2 trasportare una telecamera pesante.","og_url":"https:\/\/iha-race.com\/it\/prodotto\/motor-t-motor-f90-1300kv-1500kv-1950kv\/","og_site_name":"Iha Race","article_modified_time":"2025-03-14T15:18:04+00:00","og_image":[{"width":1000,"height":1000,"url":"https:\/\/iha-race.com\/wp-content\/uploads\/2020\/10\/Motor-t-motor-f90-1500kv.jpg","type":"image\/jpeg"}],"twitter_card":"summary_large_image","schema":{"@context":"https:\/\/schema.org","@graph":[{"@type":"WebPage","@id":"https:\/\/iha-race.com\/it\/prodotto\/motor-t-motor-f90-1300kv-1500kv-1950kv\/","url":"https:\/\/iha-race.com\/it\/prodotto\/motor-t-motor-f90-1300kv-1500kv-1950kv\/","name":"Motore T-Motor F90 (1300Kv\/1500Kv\/1950kv) - Iha Race","isPartOf":{"@id":"https:\/\/iha-race.com\/it\/#website"},"primaryImageOfPage":{"@id":"https:\/\/iha-race.com\/it\/prodotto\/motor-t-motor-f90-1300kv-1500kv-1950kv\/#primaryimage"},"image":{"@id":"https:\/\/iha-race.com\/it\/prodotto\/motor-t-motor-f90-1300kv-1500kv-1950kv\/#primaryimage"},"thumbnailUrl":"https:\/\/iha-race.com\/wp-content\/uploads\/2020\/10\/Motor-t-motor-f90-1500kv.jpg","datePublished":"2021-05-07T10:22:13+00:00","dateModified":"2025-03-14T15:18:04+00:00","breadcrumb":{"@id":"https:\/\/iha-race.com\/it\/prodotto\/motor-t-motor-f90-1300kv-1500kv-1950kv\/#breadcrumb"},"inLanguage":"it-IT","potentialAction":[{"@type":"ReadAction","target":["https:\/\/iha-race.com\/it\/prodotto\/motor-t-motor-f90-1300kv-1500kv-1950kv\/"]}]},{"@type":"ImageObject","inLanguage":"it-IT","@id":"https:\/\/iha-race.com\/it\/prodotto\/motor-t-motor-f90-1300kv-1500kv-1950kv\/#primaryimage","url":"https:\/\/iha-race.com\/wp-content\/uploads\/2020\/10\/Motor-t-motor-f90-1500kv.jpg","contentUrl":"https:\/\/iha-race.com\/wp-content\/uploads\/2020\/10\/Motor-t-motor-f90-1500kv.jpg","width":1000,"height":1000,"caption":"acquistare il motore pi\u00f9 economico t-motor f90 1500kv"},{"@type":"BreadcrumbList","@id":"https:\/\/iha-race.com\/it\/prodotto\/motor-t-motor-f90-1300kv-1500kv-1950kv\/#breadcrumb","itemListElement":[{"@type":"ListItem","position":1,"name":"Portada","item":"https:\/\/iha-race.com\/it\/"},{"@type":"ListItem","position":2,"name":"Negozio","item":"https:\/\/iha-race.com\/it\/negozio\/"},{"@type":"ListItem","position":3,"name":"Motore T-Motor F90 (1300Kv\/1500Kv\/1950kv)"}]},{"@type":"WebSite","@id":"https:\/\/iha-race.com\/it\/#website","url":"https:\/\/iha-race.com\/it\/","name":"Iha Race","description":"Comprar drones de carreras FPV env\u00edos en un d\u00eda desde Espa\u00f1a","publisher":{"@id":"https:\/\/iha-race.com\/it\/#organization"},"potentialAction":[{"@type":"SearchAction","target":{"@type":"EntryPoint","urlTemplate":"https:\/\/iha-race.com\/it\/?s={search_term_string}"},"query-input":{"@type":"PropertyValueSpecification","valueRequired":true,"valueName":"search_term_string"}}],"inLanguage":"it-IT"},{"@type":"Organization","@id":"https:\/\/iha-race.com\/it\/#organization","name":"Iha Race","url":"https:\/\/iha-race.com\/it\/","logo":{"@type":"ImageObject","inLanguage":"it-IT","@id":"https:\/\/iha-race.com\/it\/#\/schema\/logo\/image\/","url":"https:\/\/iha-race.com\/wp-content\/uploads\/2018\/07\/iha-race-drones-de-carreras-tienda-comprar-drones.png","contentUrl":"https:\/\/iha-race.com\/wp-content\/uploads\/2018\/07\/iha-race-drones-de-carreras-tienda-comprar-drones.png","width":300,"height":100,"caption":"Iha Race"},"image":{"@id":"https:\/\/iha-race.com\/it\/#\/schema\/logo\/image\/"}}]}},"jetpack_sharing_enabled":true,"brands":[],"_links":{"self":[{"href":"https:\/\/iha-race.com\/it\/wp-json\/wp\/v2\/product\/113402","targetHints":{"allow":["GET"]}}],"collection":[{"href":"https:\/\/iha-race.com\/it\/wp-json\/wp\/v2\/product"}],"about":[{"href":"https:\/\/iha-race.com\/it\/wp-json\/wp\/v2\/types\/product"}],"replies":[{"embeddable":true,"href":"https:\/\/iha-race.com\/it\/wp-json\/wp\/v2\/comments?post=113402"}],"version-history":[{"count":4,"href":"https:\/\/iha-race.com\/it\/wp-json\/wp\/v2\/product\/113402\/revisions"}],"predecessor-version":[{"id":249507,"href":"https:\/\/iha-race.com\/it\/wp-json\/wp\/v2\/product\/113402\/revisions\/249507"}],"wp:featuredmedia":[{"embeddable":true,"href":"https:\/\/iha-race.com\/it\/wp-json\/wp\/v2\/media\/98812"}],"wp:attachment":[{"href":"https:\/\/iha-race.com\/it\/wp-json\/wp\/v2\/media?parent=113402"}],"wp:term":[{"taxonomy":"pwb-brand","embeddable":true,"href":"https:\/\/iha-race.com\/it\/wp-json\/wp\/v2\/pwb-brand?post=113402"},{"taxonomy":"product_cat","embeddable":true,"href":"https:\/\/iha-race.com\/it\/wp-json\/wp\/v2\/product_cat?post=113402"},{"taxonomy":"product_tag","embeddable":true,"href":"https:\/\/iha-race.com\/it\/wp-json\/wp\/v2\/product_tag?post=113402"}],"curies":[{"name":"wp","href":"https:\/\/api.w.org\/{rel}","templated":true}]}}