{"id":113394,"date":"2020-11-17T13:06:15","date_gmt":"2020-11-17T12:06:15","guid":{"rendered":"https:\/\/iha-race.com\/producto\/antenna-truerc-blaze-5-8-mmcx-90o-110mm-lhcp-rhcp-led-rosso\/"},"modified":"2024-08-29T15:46:30","modified_gmt":"2024-08-29T13:46:30","slug":"antena-truerc-blaze-5-8-mmcx-90o-110mm-lhcp-rhcp-2","status":"publish","type":"product","link":"https:\/\/iha-race.com\/it\/prodotto\/antena-truerc-blaze-5-8-mmcx-90o-110mm-lhcp-rhcp-2\/","title":{"rendered":"Antenna TrueRC BLAZE 5.8 MMCX 90\u00ba 110mm (LHCP\/RHCP) LED ROSSO"},"content":{"rendered":"<h2>Antenna TrueRC BLAZE 5.8 MMCX 90\u00ba 110mm (LHCP\/RHCP) &#8211; Led rosso<\/h2>\n<p>  L&#8217;antenna BLAZE 5.8 \u00e8 una CP omnidirezionale ad alte prestazioni che funge anche da potente luce LED. Grazie a un design RF avanzato e alla gestione del calore, quest&#8217;antenna \u00e8 in grado di superare qualsiasi cosa nello spettro visibile e a 5,8 GHz.  <\/p>\n<h2>Caratteristiche:<\/h2>\n<ul>\n<li>Alloggiamento in policarbonato resistente, stampato a iniezione e saldato a ultrasuoni.<\/li>\n<li>LED rosso CREE\u2122 XQ-E ad alta intensit\u00e0.<\/li>\n<li>Larghezza di banda pi\u00f9 ampia (5,4-6,3GHz).<\/li>\n<li>Lo schema rimane vero anche in impianti severi\/sub-ottimali.<\/li>\n<li>Collegamento dell&#8217;alimentazione LED a 5 V a filo singolo con connettore micro.<\/li>\n<li>Compatibile con DJI di alta qualit\u00e0.<\/li>\n<\/ul>\n<h2>Specifiche:<\/h2>\n<ul>\n<li><strong>Guadagno: 1 <\/strong>,9 dBic<\/li>\n<li><strong>Reiezione trasversale polare<\/strong>: da -15 a -30 dB, (1,9%)<\/li>\n<li><strong>Larghezza di banda:<\/strong> 5.4GHz-6.3GHz<\/li>\n<li><strong>Efficienza di irradiazione:<\/strong> 99%.<\/li>\n<li><strong>ROE:<\/strong> &lt;= 1,2: 1<\/li>\n<li><strong>Peso:<\/strong> 7,9 g<\/li>\n<li><strong>Dimensioni (testa):<\/strong> 16,5 mm di diametro. X 10,7 mm di altezza.<\/li>\n<li><strong>Lunghezza:<\/strong> 110 mm<\/li>\n<li><strong>Cavo:<\/strong> coassiale RG402 semirigido per impieghi gravosi o RG316S personalizzato. &#8216;li<\/li>\n<li><strong>Connettore:<\/strong> MMCX90<\/li>\n<li>Assorbimento di <strong>corrente:<\/strong> 100-110 mA, compresa la resistenza.<\/li>\n<li><strong>Corrente massima:<\/strong> 400 mA.<\/li>\n<li><strong>Tensione di alimentazione:<\/strong> 5 V, compresa la resistenza.<\/li>\n<li><strong>l Flusso luminoso approssimativo a 100 mA:<\/strong> da 20 a 50 lumen a seconda del colore.<\/li>\n<\/ul>\n<h2>L&#8217;antenna \u00e8 inclusa nell&#8217;acquisto dell&#8217;antenna:<\/h2>\n<ul>\n<li>1 x Antenna.<\/li>\n<li>Resistenza di 12 o 18 ohm a seconda del colore.<\/li>\n<li>Connettore di alimentazione micro.<\/li>\n<li>Restringimento termico.<\/li>\n<\/ul>\n<p>&nbsp;<\/p>\n","protected":false},"excerpt":{"rendered":"<p>Grazie al pi\u00f9 recente design a polarizzazione circolare ad alta fedelt\u00e0 e all&#8217;aggiunta di un LED CREE XQ-E ad alta intensit\u00e0, la BLAZE 5.8 non \u00e8 un&#8217;antenna comune!<\/p>\n","protected":false},"featured_media":92320,"comment_status":"open","ping_status":"closed","template":"","meta":{"_joinchat":[]},"pwb-brand":[],"product_cat":[43],"product_tag":[],"class_list":{"0":"post-113394","1":"product","2":"type-product","3":"status-publish","4":"has-post-thumbnail","6":"product_cat-antenas","8":"first","9":"instock","10":"taxable","11":"shipping-taxable","12":"purchasable","13":"product-type-variable"},"barcode":null,"atum_controlled":true,"out_stock_date":null,"out_stock_threshold":null,"inheritable":true,"stock_on_hold":0,"sold_today":1,"sales_last_days":1,"out_stock_days":0,"lost_sales":0,"update_date":"2026-04-16T06:55:39","atum_locations":[],"atum_stock_status":"instock","restock_status":false,"low_stock_amount":"","sales_update_date":"2026-04-16T06:55:39","calc_backorders":null,"yoast_head":"<!-- This site is optimized with the Yoast SEO plugin v27.3 - https:\/\/yoast.com\/product\/yoast-seo-wordpress\/ -->\n<title>Antenna TrueRC BLAZE 5.8 MMCX 90\u00ba 110mm (LHCP\/RHCP) LED ROSSO - Iha Race<\/title>\n<meta name=\"robots\" content=\"index, follow, max-snippet:-1, max-image-preview:large, max-video-preview:-1\" \/>\n<link rel=\"canonical\" href=\"https:\/\/iha-race.com\/it\/prodotto\/antena-truerc-blaze-5-8-mmcx-90o-110mm-lhcp-rhcp-2\/\" \/>\n<meta property=\"og:locale\" content=\"it_IT\" \/>\n<meta property=\"og:type\" content=\"article\" \/>\n<meta property=\"og:title\" content=\"Antenna TrueRC BLAZE 5.8 MMCX 90\u00ba 110mm (LHCP\/RHCP) LED ROSSO - Iha Race\" \/>\n<meta property=\"og:description\" content=\"Grazie al pi\u00f9 recente design a polarizzazione circolare ad alta fedelt\u00e0 e all&#039;aggiunta di un LED CREE XQ-E ad alta intensit\u00e0, la BLAZE 5.8 non \u00e8 un&#039;antenna comune!\" \/>\n<meta property=\"og:url\" content=\"https:\/\/iha-race.com\/it\/prodotto\/antena-truerc-blaze-5-8-mmcx-90o-110mm-lhcp-rhcp-2\/\" \/>\n<meta property=\"og:site_name\" content=\"Iha Race\" \/>\n<meta property=\"article:modified_time\" content=\"2024-08-29T13:46:30+00:00\" \/>\n<meta property=\"og:image\" content=\"https:\/\/iha-race.com\/wp-content\/uploads\/2020\/11\/Antena-BLAZE-5.8-lhcp-rhcp-true-rc-canada-drones-fpv.jpeg\" \/>\n\t<meta property=\"og:image:width\" content=\"1238\" \/>\n\t<meta property=\"og:image:height\" content=\"1237\" \/>\n\t<meta property=\"og:image:type\" content=\"image\/jpeg\" \/>\n<meta name=\"twitter:card\" content=\"summary_large_image\" \/>\n<meta name=\"twitter:label1\" content=\"Tempo di lettura stimato\" \/>\n\t<meta name=\"twitter:data1\" content=\"1 minuto\" \/>\n<script type=\"application\/ld+json\" class=\"yoast-schema-graph\">{\"@context\":\"https:\\\/\\\/schema.org\",\"@graph\":[{\"@type\":\"WebPage\",\"@id\":\"https:\\\/\\\/iha-race.com\\\/it\\\/prodotto\\\/antena-truerc-blaze-5-8-mmcx-90o-110mm-lhcp-rhcp-2\\\/\",\"url\":\"https:\\\/\\\/iha-race.com\\\/it\\\/prodotto\\\/antena-truerc-blaze-5-8-mmcx-90o-110mm-lhcp-rhcp-2\\\/\",\"name\":\"Antenna TrueRC BLAZE 5.8 MMCX 90\u00ba 110mm (LHCP\\\/RHCP) LED ROSSO - Iha Race\",\"isPartOf\":{\"@id\":\"https:\\\/\\\/iha-race.com\\\/it\\\/#website\"},\"primaryImageOfPage\":{\"@id\":\"https:\\\/\\\/iha-race.com\\\/it\\\/prodotto\\\/antena-truerc-blaze-5-8-mmcx-90o-110mm-lhcp-rhcp-2\\\/#primaryimage\"},\"image\":{\"@id\":\"https:\\\/\\\/iha-race.com\\\/it\\\/prodotto\\\/antena-truerc-blaze-5-8-mmcx-90o-110mm-lhcp-rhcp-2\\\/#primaryimage\"},\"thumbnailUrl\":\"https:\\\/\\\/iha-race.com\\\/wp-content\\\/uploads\\\/2020\\\/11\\\/Antena-BLAZE-5.8-lhcp-rhcp-true-rc-canada-drones-fpv.jpeg\",\"datePublished\":\"2020-11-17T12:06:15+00:00\",\"dateModified\":\"2024-08-29T13:46:30+00:00\",\"breadcrumb\":{\"@id\":\"https:\\\/\\\/iha-race.com\\\/it\\\/prodotto\\\/antena-truerc-blaze-5-8-mmcx-90o-110mm-lhcp-rhcp-2\\\/#breadcrumb\"},\"inLanguage\":\"it-IT\",\"potentialAction\":[{\"@type\":\"ReadAction\",\"target\":[\"https:\\\/\\\/iha-race.com\\\/it\\\/prodotto\\\/antena-truerc-blaze-5-8-mmcx-90o-110mm-lhcp-rhcp-2\\\/\"]}]},{\"@type\":\"ImageObject\",\"inLanguage\":\"it-IT\",\"@id\":\"https:\\\/\\\/iha-race.com\\\/it\\\/prodotto\\\/antena-truerc-blaze-5-8-mmcx-90o-110mm-lhcp-rhcp-2\\\/#primaryimage\",\"url\":\"https:\\\/\\\/iha-race.com\\\/wp-content\\\/uploads\\\/2020\\\/11\\\/Antena-BLAZE-5.8-lhcp-rhcp-true-rc-canada-drones-fpv.jpeg\",\"contentUrl\":\"https:\\\/\\\/iha-race.com\\\/wp-content\\\/uploads\\\/2020\\\/11\\\/Antena-BLAZE-5.8-lhcp-rhcp-true-rc-canada-drones-fpv.jpeg\",\"width\":1238,\"height\":1237,\"caption\":\"acquistare pi\u00f9 economico BLAZE 5.8 lhcp rhcp vero rc canada droni fpv antenna\"},{\"@type\":\"BreadcrumbList\",\"@id\":\"https:\\\/\\\/iha-race.com\\\/it\\\/prodotto\\\/antena-truerc-blaze-5-8-mmcx-90o-110mm-lhcp-rhcp-2\\\/#breadcrumb\",\"itemListElement\":[{\"@type\":\"ListItem\",\"position\":1,\"name\":\"Portada\",\"item\":\"https:\\\/\\\/iha-race.com\\\/it\\\/\"},{\"@type\":\"ListItem\",\"position\":2,\"name\":\"Negozio\",\"item\":\"https:\\\/\\\/iha-race.com\\\/it\\\/negozio\\\/\"},{\"@type\":\"ListItem\",\"position\":3,\"name\":\"Antenna TrueRC BLAZE 5.8 MMCX 90\u00ba 110mm (LHCP\\\/RHCP) LED ROSSO\"}]},{\"@type\":\"WebSite\",\"@id\":\"https:\\\/\\\/iha-race.com\\\/it\\\/#website\",\"url\":\"https:\\\/\\\/iha-race.com\\\/it\\\/\",\"name\":\"Iha Race\",\"description\":\"Comprar drones de carreras FPV env\u00edos en un d\u00eda desde Espa\u00f1a\",\"publisher\":{\"@id\":\"https:\\\/\\\/iha-race.com\\\/it\\\/#organization\"},\"potentialAction\":[{\"@type\":\"SearchAction\",\"target\":{\"@type\":\"EntryPoint\",\"urlTemplate\":\"https:\\\/\\\/iha-race.com\\\/it\\\/?s={search_term_string}\"},\"query-input\":{\"@type\":\"PropertyValueSpecification\",\"valueRequired\":true,\"valueName\":\"search_term_string\"}}],\"inLanguage\":\"it-IT\"},{\"@type\":\"Organization\",\"@id\":\"https:\\\/\\\/iha-race.com\\\/it\\\/#organization\",\"name\":\"Iha Race\",\"url\":\"https:\\\/\\\/iha-race.com\\\/it\\\/\",\"logo\":{\"@type\":\"ImageObject\",\"inLanguage\":\"it-IT\",\"@id\":\"https:\\\/\\\/iha-race.com\\\/it\\\/#\\\/schema\\\/logo\\\/image\\\/\",\"url\":\"https:\\\/\\\/iha-race.com\\\/wp-content\\\/uploads\\\/2018\\\/07\\\/iha-race-drones-de-carreras-tienda-comprar-drones.png\",\"contentUrl\":\"https:\\\/\\\/iha-race.com\\\/wp-content\\\/uploads\\\/2018\\\/07\\\/iha-race-drones-de-carreras-tienda-comprar-drones.png\",\"width\":300,\"height\":100,\"caption\":\"Iha Race\"},\"image\":{\"@id\":\"https:\\\/\\\/iha-race.com\\\/it\\\/#\\\/schema\\\/logo\\\/image\\\/\"}}]}<\/script>\n<!-- \/ Yoast SEO plugin. -->","yoast_head_json":{"title":"Antenna TrueRC BLAZE 5.8 MMCX 90\u00ba 110mm (LHCP\/RHCP) LED ROSSO - Iha Race","robots":{"index":"index","follow":"follow","max-snippet":"max-snippet:-1","max-image-preview":"max-image-preview:large","max-video-preview":"max-video-preview:-1"},"canonical":"https:\/\/iha-race.com\/it\/prodotto\/antena-truerc-blaze-5-8-mmcx-90o-110mm-lhcp-rhcp-2\/","og_locale":"it_IT","og_type":"article","og_title":"Antenna TrueRC BLAZE 5.8 MMCX 90\u00ba 110mm (LHCP\/RHCP) LED ROSSO - Iha Race","og_description":"Grazie al pi\u00f9 recente design a polarizzazione circolare ad alta fedelt\u00e0 e all'aggiunta di un LED CREE XQ-E ad alta intensit\u00e0, la BLAZE 5.8 non \u00e8 un'antenna comune!","og_url":"https:\/\/iha-race.com\/it\/prodotto\/antena-truerc-blaze-5-8-mmcx-90o-110mm-lhcp-rhcp-2\/","og_site_name":"Iha Race","article_modified_time":"2024-08-29T13:46:30+00:00","og_image":[{"width":1238,"height":1237,"url":"https:\/\/iha-race.com\/wp-content\/uploads\/2020\/11\/Antena-BLAZE-5.8-lhcp-rhcp-true-rc-canada-drones-fpv.jpeg","type":"image\/jpeg"}],"twitter_card":"summary_large_image","twitter_misc":{"Tempo di lettura stimato":"1 minuto"},"schema":{"@context":"https:\/\/schema.org","@graph":[{"@type":"WebPage","@id":"https:\/\/iha-race.com\/it\/prodotto\/antena-truerc-blaze-5-8-mmcx-90o-110mm-lhcp-rhcp-2\/","url":"https:\/\/iha-race.com\/it\/prodotto\/antena-truerc-blaze-5-8-mmcx-90o-110mm-lhcp-rhcp-2\/","name":"Antenna TrueRC BLAZE 5.8 MMCX 90\u00ba 110mm (LHCP\/RHCP) LED ROSSO - Iha Race","isPartOf":{"@id":"https:\/\/iha-race.com\/it\/#website"},"primaryImageOfPage":{"@id":"https:\/\/iha-race.com\/it\/prodotto\/antena-truerc-blaze-5-8-mmcx-90o-110mm-lhcp-rhcp-2\/#primaryimage"},"image":{"@id":"https:\/\/iha-race.com\/it\/prodotto\/antena-truerc-blaze-5-8-mmcx-90o-110mm-lhcp-rhcp-2\/#primaryimage"},"thumbnailUrl":"https:\/\/iha-race.com\/wp-content\/uploads\/2020\/11\/Antena-BLAZE-5.8-lhcp-rhcp-true-rc-canada-drones-fpv.jpeg","datePublished":"2020-11-17T12:06:15+00:00","dateModified":"2024-08-29T13:46:30+00:00","breadcrumb":{"@id":"https:\/\/iha-race.com\/it\/prodotto\/antena-truerc-blaze-5-8-mmcx-90o-110mm-lhcp-rhcp-2\/#breadcrumb"},"inLanguage":"it-IT","potentialAction":[{"@type":"ReadAction","target":["https:\/\/iha-race.com\/it\/prodotto\/antena-truerc-blaze-5-8-mmcx-90o-110mm-lhcp-rhcp-2\/"]}]},{"@type":"ImageObject","inLanguage":"it-IT","@id":"https:\/\/iha-race.com\/it\/prodotto\/antena-truerc-blaze-5-8-mmcx-90o-110mm-lhcp-rhcp-2\/#primaryimage","url":"https:\/\/iha-race.com\/wp-content\/uploads\/2020\/11\/Antena-BLAZE-5.8-lhcp-rhcp-true-rc-canada-drones-fpv.jpeg","contentUrl":"https:\/\/iha-race.com\/wp-content\/uploads\/2020\/11\/Antena-BLAZE-5.8-lhcp-rhcp-true-rc-canada-drones-fpv.jpeg","width":1238,"height":1237,"caption":"acquistare pi\u00f9 economico BLAZE 5.8 lhcp rhcp vero rc canada droni fpv antenna"},{"@type":"BreadcrumbList","@id":"https:\/\/iha-race.com\/it\/prodotto\/antena-truerc-blaze-5-8-mmcx-90o-110mm-lhcp-rhcp-2\/#breadcrumb","itemListElement":[{"@type":"ListItem","position":1,"name":"Portada","item":"https:\/\/iha-race.com\/it\/"},{"@type":"ListItem","position":2,"name":"Negozio","item":"https:\/\/iha-race.com\/it\/negozio\/"},{"@type":"ListItem","position":3,"name":"Antenna TrueRC BLAZE 5.8 MMCX 90\u00ba 110mm (LHCP\/RHCP) LED ROSSO"}]},{"@type":"WebSite","@id":"https:\/\/iha-race.com\/it\/#website","url":"https:\/\/iha-race.com\/it\/","name":"Iha Race","description":"Comprar drones de carreras FPV env\u00edos en un d\u00eda desde Espa\u00f1a","publisher":{"@id":"https:\/\/iha-race.com\/it\/#organization"},"potentialAction":[{"@type":"SearchAction","target":{"@type":"EntryPoint","urlTemplate":"https:\/\/iha-race.com\/it\/?s={search_term_string}"},"query-input":{"@type":"PropertyValueSpecification","valueRequired":true,"valueName":"search_term_string"}}],"inLanguage":"it-IT"},{"@type":"Organization","@id":"https:\/\/iha-race.com\/it\/#organization","name":"Iha Race","url":"https:\/\/iha-race.com\/it\/","logo":{"@type":"ImageObject","inLanguage":"it-IT","@id":"https:\/\/iha-race.com\/it\/#\/schema\/logo\/image\/","url":"https:\/\/iha-race.com\/wp-content\/uploads\/2018\/07\/iha-race-drones-de-carreras-tienda-comprar-drones.png","contentUrl":"https:\/\/iha-race.com\/wp-content\/uploads\/2018\/07\/iha-race-drones-de-carreras-tienda-comprar-drones.png","width":300,"height":100,"caption":"Iha Race"},"image":{"@id":"https:\/\/iha-race.com\/it\/#\/schema\/logo\/image\/"}}]}},"brands":[],"_links":{"self":[{"href":"https:\/\/iha-race.com\/it\/wp-json\/wp\/v2\/product\/113394","targetHints":{"allow":["GET"]}}],"collection":[{"href":"https:\/\/iha-race.com\/it\/wp-json\/wp\/v2\/product"}],"about":[{"href":"https:\/\/iha-race.com\/it\/wp-json\/wp\/v2\/types\/product"}],"replies":[{"embeddable":true,"href":"https:\/\/iha-race.com\/it\/wp-json\/wp\/v2\/comments?post=113394"}],"version-history":[{"count":1,"href":"https:\/\/iha-race.com\/it\/wp-json\/wp\/v2\/product\/113394\/revisions"}],"predecessor-version":[{"id":249731,"href":"https:\/\/iha-race.com\/it\/wp-json\/wp\/v2\/product\/113394\/revisions\/249731"}],"wp:featuredmedia":[{"embeddable":true,"href":"https:\/\/iha-race.com\/it\/wp-json\/wp\/v2\/media\/92320"}],"wp:attachment":[{"href":"https:\/\/iha-race.com\/it\/wp-json\/wp\/v2\/media?parent=113394"}],"wp:term":[{"taxonomy":"pwb-brand","embeddable":true,"href":"https:\/\/iha-race.com\/it\/wp-json\/wp\/v2\/pwb-brand?post=113394"},{"taxonomy":"product_cat","embeddable":true,"href":"https:\/\/iha-race.com\/it\/wp-json\/wp\/v2\/product_cat?post=113394"},{"taxonomy":"product_tag","embeddable":true,"href":"https:\/\/iha-race.com\/it\/wp-json\/wp\/v2\/product_tag?post=113394"}],"curies":[{"name":"wp","href":"https:\/\/api.w.org\/{rel}","templated":true}]}}