{"id":113350,"date":"2020-11-10T16:19:12","date_gmt":"2020-11-10T15:19:12","guid":{"rendered":"https:\/\/iha-race.com\/producto\/filo-di-gara-gara-iha\/"},"modified":"2026-04-05T22:19:33","modified_gmt":"2026-04-05T20:19:33","slug":"gara-filo-iha-gara","status":"publish","type":"product","link":"https:\/\/iha-race.com\/it\/prodotto\/gara-filo-iha-gara\/","title":{"rendered":"Filo di gara GARA IHA"},"content":{"rendered":"<h2>Filo di gara GARA IHA<\/h2>\n<p>  Un modo pulito per eliminare i cavi del motore dalle braccia. \u00c8 sufficiente fissare questa scheda con del nastro adesivo e saldare il motore e il regolatore (ESC) alle estremit\u00e0 opposte. Il nostro Race Wire \u00e8 disponibile in due misure: standard e mini. Questa tavola a filo \u00e8 l&#8217;upgrade perfetto per le gare o il freestyle. Sostituisce semplicemente una sezione dei cavi del motore sotto le punte delle eliche, rendendo il quad immune ai danni da impatto delle eliche. Se un&#8217;elica si piega in una collisione, la punta si devia dalla tavola del cavo di gara. Dopo aver installato Race Wire, sarete in grado di apportare modifiche al motore in modo molto rapido e senza dover aprire il quad per accedere all&#8217;ESC o alla scheda AIO 4in1. Inoltre, ti offre una superficie piatta su cui montare i LED rivolti verso l&#8217;alto.  <\/p>\n<h2>Caratteristiche<\/h2>\n<ul>\n<li>Scheda in rame a 2 strati.<\/li>\n<li>Dimensioni standard: 29 x 10 x 1 mm<\/li>\n<li>Dimensioni mini: 15 x 7 x 1 mm<\/li>\n<li>Ogni set \u00e8 composto da 5 tavole individuali.<\/li>\n<\/ul>\n<h2>Quando si acquista il nostro filo di gara, questo \u00e8 incluso:<\/h2>\n<ul>\n<li>5 x Filo da corsa IHA RACE (a scelta tra formato standard o mini)<\/li>\n<\/ul>\n<p>&nbsp;<\/p>\n<h2>** <strong><em>\u00c8 NECESSARIO UN ISOLAMENTO TRA IL CARBONE E IL PANNELLO.<\/em><\/strong><\/h2>\n","protected":false},"excerpt":{"rendered":"<p>Filo di gara GARA IHA Un modo pulito per eliminare i cavi del motore dalle braccia. \u00c8 sufficiente fissare questa scheda con del nastro adesivo e saldare il motore e<\/p>\n","protected":false},"featured_media":91982,"comment_status":"open","ping_status":"closed","template":"","meta":{"_joinchat":[]},"pwb-brand":[3586],"product_cat":[3670,1438,1188,1242,1262],"product_tag":[],"class_list":{"0":"post-113350","1":"product","2":"type-product","3":"status-publish","4":"has-post-thumbnail","6":"pwb-brand-iha-race","7":"product_cat-cornici","8":"product_cat-droni-fpv","9":"product_cat-inverter-esc","10":"product_cat-motori-fpv","11":"product_cat-parti-di-ricambio-del-motore","13":"first","14":"instock","15":"taxable","16":"shipping-taxable","17":"purchasable","18":"product-type-variable"},"barcode":null,"atum_controlled":true,"out_stock_date":null,"out_stock_threshold":null,"inheritable":true,"stock_on_hold":0,"sold_today":0,"sales_last_days":10,"out_stock_days":0,"lost_sales":0,"update_date":"2026-04-15T16:01:49","atum_locations":[],"atum_stock_status":"instock","restock_status":false,"low_stock_amount":"","sales_update_date":"2026-04-08T10:17:12","calc_backorders":null,"yoast_head":"<!-- This site is optimized with the Yoast SEO plugin v27.3 - https:\/\/yoast.com\/product\/yoast-seo-wordpress\/ -->\n<title>Filo di gara GARA IHA - Iha Race<\/title>\n<meta name=\"robots\" content=\"index, follow, max-snippet:-1, max-image-preview:large, max-video-preview:-1\" \/>\n<link rel=\"canonical\" href=\"https:\/\/iha-race.com\/it\/prodotto\/gara-filo-iha-gara\/\" \/>\n<meta property=\"og:locale\" content=\"it_IT\" \/>\n<meta property=\"og:type\" content=\"article\" \/>\n<meta property=\"og:title\" content=\"Filo di gara GARA IHA - Iha Race\" \/>\n<meta property=\"og:description\" content=\"Filo di gara GARA IHA Un modo pulito per eliminare i cavi del motore dalle braccia. \u00c8 sufficiente fissare questa scheda con del nastro adesivo e saldare il motore e\" \/>\n<meta property=\"og:url\" content=\"https:\/\/iha-race.com\/it\/prodotto\/gara-filo-iha-gara\/\" \/>\n<meta property=\"og:site_name\" content=\"Iha Race\" \/>\n<meta property=\"article:modified_time\" content=\"2026-04-05T20:19:33+00:00\" \/>\n<meta property=\"og:image\" content=\"https:\/\/iha-race.com\/wp-content\/uploads\/2020\/11\/tablero-de-cableado-race-wire-set-1.jpg\" \/>\n\t<meta property=\"og:image:width\" content=\"800\" \/>\n\t<meta property=\"og:image:height\" content=\"800\" \/>\n\t<meta property=\"og:image:type\" content=\"image\/jpeg\" \/>\n<meta name=\"twitter:card\" content=\"summary_large_image\" \/>\n<meta name=\"twitter:label1\" content=\"Tempo di lettura stimato\" \/>\n\t<meta name=\"twitter:data1\" content=\"1 minuto\" \/>\n<script type=\"application\/ld+json\" class=\"yoast-schema-graph\">{\"@context\":\"https:\\\/\\\/schema.org\",\"@graph\":[{\"@type\":\"WebPage\",\"@id\":\"https:\\\/\\\/iha-race.com\\\/it\\\/prodotto\\\/gara-filo-iha-gara\\\/\",\"url\":\"https:\\\/\\\/iha-race.com\\\/it\\\/prodotto\\\/gara-filo-iha-gara\\\/\",\"name\":\"Filo di gara GARA IHA - Iha Race\",\"isPartOf\":{\"@id\":\"https:\\\/\\\/iha-race.com\\\/it\\\/#website\"},\"primaryImageOfPage\":{\"@id\":\"https:\\\/\\\/iha-race.com\\\/it\\\/prodotto\\\/gara-filo-iha-gara\\\/#primaryimage\"},\"image\":{\"@id\":\"https:\\\/\\\/iha-race.com\\\/it\\\/prodotto\\\/gara-filo-iha-gara\\\/#primaryimage\"},\"thumbnailUrl\":\"https:\\\/\\\/iha-race.com\\\/wp-content\\\/uploads\\\/2020\\\/11\\\/tablero-de-cableado-race-wire-set-1.jpg\",\"datePublished\":\"2020-11-10T15:19:12+00:00\",\"dateModified\":\"2026-04-05T20:19:33+00:00\",\"breadcrumb\":{\"@id\":\"https:\\\/\\\/iha-race.com\\\/it\\\/prodotto\\\/gara-filo-iha-gara\\\/#breadcrumb\"},\"inLanguage\":\"it-IT\",\"potentialAction\":[{\"@type\":\"ReadAction\",\"target\":[\"https:\\\/\\\/iha-race.com\\\/it\\\/prodotto\\\/gara-filo-iha-gara\\\/\"]}]},{\"@type\":\"ImageObject\",\"inLanguage\":\"it-IT\",\"@id\":\"https:\\\/\\\/iha-race.com\\\/it\\\/prodotto\\\/gara-filo-iha-gara\\\/#primaryimage\",\"url\":\"https:\\\/\\\/iha-race.com\\\/wp-content\\\/uploads\\\/2020\\\/11\\\/tablero-de-cableado-race-wire-set-1.jpg\",\"contentUrl\":\"https:\\\/\\\/iha-race.com\\\/wp-content\\\/uploads\\\/2020\\\/11\\\/tablero-de-cableado-race-wire-set-1.jpg\",\"width\":800,\"height\":800,\"caption\":\"acquistare il set di fili da corsa per il cablaggio\"},{\"@type\":\"BreadcrumbList\",\"@id\":\"https:\\\/\\\/iha-race.com\\\/it\\\/prodotto\\\/gara-filo-iha-gara\\\/#breadcrumb\",\"itemListElement\":[{\"@type\":\"ListItem\",\"position\":1,\"name\":\"Portada\",\"item\":\"https:\\\/\\\/iha-race.com\\\/it\\\/\"},{\"@type\":\"ListItem\",\"position\":2,\"name\":\"Negozio\",\"item\":\"https:\\\/\\\/iha-race.com\\\/it\\\/negozio\\\/\"},{\"@type\":\"ListItem\",\"position\":3,\"name\":\"Filo di gara GARA IHA\"}]},{\"@type\":\"WebSite\",\"@id\":\"https:\\\/\\\/iha-race.com\\\/it\\\/#website\",\"url\":\"https:\\\/\\\/iha-race.com\\\/it\\\/\",\"name\":\"Iha Race\",\"description\":\"Comprar drones de carreras FPV env\u00edos en un d\u00eda desde Espa\u00f1a\",\"publisher\":{\"@id\":\"https:\\\/\\\/iha-race.com\\\/it\\\/#organization\"},\"potentialAction\":[{\"@type\":\"SearchAction\",\"target\":{\"@type\":\"EntryPoint\",\"urlTemplate\":\"https:\\\/\\\/iha-race.com\\\/it\\\/?s={search_term_string}\"},\"query-input\":{\"@type\":\"PropertyValueSpecification\",\"valueRequired\":true,\"valueName\":\"search_term_string\"}}],\"inLanguage\":\"it-IT\"},{\"@type\":\"Organization\",\"@id\":\"https:\\\/\\\/iha-race.com\\\/it\\\/#organization\",\"name\":\"Iha Race\",\"url\":\"https:\\\/\\\/iha-race.com\\\/it\\\/\",\"logo\":{\"@type\":\"ImageObject\",\"inLanguage\":\"it-IT\",\"@id\":\"https:\\\/\\\/iha-race.com\\\/it\\\/#\\\/schema\\\/logo\\\/image\\\/\",\"url\":\"https:\\\/\\\/iha-race.com\\\/wp-content\\\/uploads\\\/2018\\\/07\\\/iha-race-drones-de-carreras-tienda-comprar-drones.png\",\"contentUrl\":\"https:\\\/\\\/iha-race.com\\\/wp-content\\\/uploads\\\/2018\\\/07\\\/iha-race-drones-de-carreras-tienda-comprar-drones.png\",\"width\":300,\"height\":100,\"caption\":\"Iha Race\"},\"image\":{\"@id\":\"https:\\\/\\\/iha-race.com\\\/it\\\/#\\\/schema\\\/logo\\\/image\\\/\"}}]}<\/script>\n<!-- \/ Yoast SEO plugin. -->","yoast_head_json":{"title":"Filo di gara GARA IHA - Iha Race","robots":{"index":"index","follow":"follow","max-snippet":"max-snippet:-1","max-image-preview":"max-image-preview:large","max-video-preview":"max-video-preview:-1"},"canonical":"https:\/\/iha-race.com\/it\/prodotto\/gara-filo-iha-gara\/","og_locale":"it_IT","og_type":"article","og_title":"Filo di gara GARA IHA - Iha Race","og_description":"Filo di gara GARA IHA Un modo pulito per eliminare i cavi del motore dalle braccia. \u00c8 sufficiente fissare questa scheda con del nastro adesivo e saldare il motore e","og_url":"https:\/\/iha-race.com\/it\/prodotto\/gara-filo-iha-gara\/","og_site_name":"Iha Race","article_modified_time":"2026-04-05T20:19:33+00:00","og_image":[{"width":800,"height":800,"url":"https:\/\/iha-race.com\/wp-content\/uploads\/2020\/11\/tablero-de-cableado-race-wire-set-1.jpg","type":"image\/jpeg"}],"twitter_card":"summary_large_image","twitter_misc":{"Tempo di lettura stimato":"1 minuto"},"schema":{"@context":"https:\/\/schema.org","@graph":[{"@type":"WebPage","@id":"https:\/\/iha-race.com\/it\/prodotto\/gara-filo-iha-gara\/","url":"https:\/\/iha-race.com\/it\/prodotto\/gara-filo-iha-gara\/","name":"Filo di gara GARA IHA - Iha Race","isPartOf":{"@id":"https:\/\/iha-race.com\/it\/#website"},"primaryImageOfPage":{"@id":"https:\/\/iha-race.com\/it\/prodotto\/gara-filo-iha-gara\/#primaryimage"},"image":{"@id":"https:\/\/iha-race.com\/it\/prodotto\/gara-filo-iha-gara\/#primaryimage"},"thumbnailUrl":"https:\/\/iha-race.com\/wp-content\/uploads\/2020\/11\/tablero-de-cableado-race-wire-set-1.jpg","datePublished":"2020-11-10T15:19:12+00:00","dateModified":"2026-04-05T20:19:33+00:00","breadcrumb":{"@id":"https:\/\/iha-race.com\/it\/prodotto\/gara-filo-iha-gara\/#breadcrumb"},"inLanguage":"it-IT","potentialAction":[{"@type":"ReadAction","target":["https:\/\/iha-race.com\/it\/prodotto\/gara-filo-iha-gara\/"]}]},{"@type":"ImageObject","inLanguage":"it-IT","@id":"https:\/\/iha-race.com\/it\/prodotto\/gara-filo-iha-gara\/#primaryimage","url":"https:\/\/iha-race.com\/wp-content\/uploads\/2020\/11\/tablero-de-cableado-race-wire-set-1.jpg","contentUrl":"https:\/\/iha-race.com\/wp-content\/uploads\/2020\/11\/tablero-de-cableado-race-wire-set-1.jpg","width":800,"height":800,"caption":"acquistare il set di fili da corsa per il cablaggio"},{"@type":"BreadcrumbList","@id":"https:\/\/iha-race.com\/it\/prodotto\/gara-filo-iha-gara\/#breadcrumb","itemListElement":[{"@type":"ListItem","position":1,"name":"Portada","item":"https:\/\/iha-race.com\/it\/"},{"@type":"ListItem","position":2,"name":"Negozio","item":"https:\/\/iha-race.com\/it\/negozio\/"},{"@type":"ListItem","position":3,"name":"Filo di gara GARA IHA"}]},{"@type":"WebSite","@id":"https:\/\/iha-race.com\/it\/#website","url":"https:\/\/iha-race.com\/it\/","name":"Iha Race","description":"Comprar drones de carreras FPV env\u00edos en un d\u00eda desde Espa\u00f1a","publisher":{"@id":"https:\/\/iha-race.com\/it\/#organization"},"potentialAction":[{"@type":"SearchAction","target":{"@type":"EntryPoint","urlTemplate":"https:\/\/iha-race.com\/it\/?s={search_term_string}"},"query-input":{"@type":"PropertyValueSpecification","valueRequired":true,"valueName":"search_term_string"}}],"inLanguage":"it-IT"},{"@type":"Organization","@id":"https:\/\/iha-race.com\/it\/#organization","name":"Iha Race","url":"https:\/\/iha-race.com\/it\/","logo":{"@type":"ImageObject","inLanguage":"it-IT","@id":"https:\/\/iha-race.com\/it\/#\/schema\/logo\/image\/","url":"https:\/\/iha-race.com\/wp-content\/uploads\/2018\/07\/iha-race-drones-de-carreras-tienda-comprar-drones.png","contentUrl":"https:\/\/iha-race.com\/wp-content\/uploads\/2018\/07\/iha-race-drones-de-carreras-tienda-comprar-drones.png","width":300,"height":100,"caption":"Iha Race"},"image":{"@id":"https:\/\/iha-race.com\/it\/#\/schema\/logo\/image\/"}}]}},"brands":[{"id":3586,"name":"IHA Race","slug":"iha-race"}],"_links":{"self":[{"href":"https:\/\/iha-race.com\/it\/wp-json\/wp\/v2\/product\/113350","targetHints":{"allow":["GET"]}}],"collection":[{"href":"https:\/\/iha-race.com\/it\/wp-json\/wp\/v2\/product"}],"about":[{"href":"https:\/\/iha-race.com\/it\/wp-json\/wp\/v2\/types\/product"}],"replies":[{"embeddable":true,"href":"https:\/\/iha-race.com\/it\/wp-json\/wp\/v2\/comments?post=113350"}],"version-history":[{"count":2,"href":"https:\/\/iha-race.com\/it\/wp-json\/wp\/v2\/product\/113350\/revisions"}],"predecessor-version":[{"id":249760,"href":"https:\/\/iha-race.com\/it\/wp-json\/wp\/v2\/product\/113350\/revisions\/249760"}],"wp:featuredmedia":[{"embeddable":true,"href":"https:\/\/iha-race.com\/it\/wp-json\/wp\/v2\/media\/91982"}],"wp:attachment":[{"href":"https:\/\/iha-race.com\/it\/wp-json\/wp\/v2\/media?parent=113350"}],"wp:term":[{"taxonomy":"pwb-brand","embeddable":true,"href":"https:\/\/iha-race.com\/it\/wp-json\/wp\/v2\/pwb-brand?post=113350"},{"taxonomy":"product_cat","embeddable":true,"href":"https:\/\/iha-race.com\/it\/wp-json\/wp\/v2\/product_cat?post=113350"},{"taxonomy":"product_tag","embeddable":true,"href":"https:\/\/iha-race.com\/it\/wp-json\/wp\/v2\/product_tag?post=113350"}],"curies":[{"name":"wp","href":"https:\/\/api.w.org\/{rel}","templated":true}]}}