{"id":113349,"date":"2020-12-03T11:25:40","date_gmt":"2020-12-03T10:25:40","guid":{"rendered":"https:\/\/iha-race.com\/producto\/cinturino-per-occhiali-torvol-freestyle\/"},"modified":"2024-08-29T15:46:45","modified_gmt":"2024-08-29T13:46:45","slug":"torvol-torvol-freestyle-cinturino-per-occhiali","status":"publish","type":"product","link":"https:\/\/iha-race.com\/it\/prodotto\/torvol-torvol-freestyle-cinturino-per-occhiali\/","title":{"rendered":"Cinturino per occhiali Torvol Freestyle"},"content":{"rendered":"<h2>Cinturino per occhiali Torvol Freestyle<\/h2>\n<p>  Il guinzaglio da freestyle \u00e8 un accessorio indispensabile per tutti i piloti di freestyle. Definite il vostro stile con le edizioni Cartoon, Retro o Quad Maniak. Il cinturino Freestyle \u00e8 disponibile in tre diverse versioni e tutte sono dotate di una tasca per la batteria Fatshark.  <\/p>\n<h3>Il pacchetto comprende:<\/h3>\n<ul>\n<li>1 cinturino per occhiali Torvol Freestyle (colore a scelta)<\/li>\n<\/ul>\n","protected":false},"excerpt":{"rendered":"<p>Cinturino per occhiali Torvol Freestyle Il guinzaglio da freestyle \u00e8 un accessorio indispensabile per tutti i piloti di freestyle. Definite il vostro stile con le edizioni Cartoon, Retro o Quad<\/p>\n","protected":false},"featured_media":93939,"comment_status":"open","ping_status":"closed","template":"","meta":{"_joinchat":[]},"pwb-brand":[],"product_cat":[2458,1114],"product_tag":[],"class_list":{"0":"post-113349","1":"product","2":"type-product","3":"status-publish","4":"has-post-thumbnail","6":"product_cat-accessori-it","7":"product_cat-occhiali-fpv","9":"first","10":"instock","11":"taxable","12":"shipping-taxable","13":"purchasable","14":"product-type-variable"},"barcode":null,"atum_controlled":true,"out_stock_date":"2020-12-03 10:25:43","out_stock_threshold":null,"inheritable":true,"stock_on_hold":0,"sold_today":0,"sales_last_days":1,"out_stock_days":1168,"lost_sales":0,"update_date":"2026-01-07T11:46:55","atum_locations":[],"atum_stock_status":"instock","restock_status":false,"low_stock_amount":"","sales_update_date":"2025-07-24T13:42:27","calc_backorders":null,"yoast_head":"<!-- This site is optimized with the Yoast SEO plugin v27.3 - https:\/\/yoast.com\/product\/yoast-seo-wordpress\/ -->\n<title>Cinturino per occhiali Torvol Freestyle - Iha Race<\/title>\n<meta name=\"robots\" content=\"index, follow, max-snippet:-1, max-image-preview:large, max-video-preview:-1\" \/>\n<link rel=\"canonical\" href=\"https:\/\/iha-race.com\/it\/prodotto\/torvol-torvol-freestyle-cinturino-per-occhiali\/\" \/>\n<meta property=\"og:locale\" content=\"it_IT\" \/>\n<meta property=\"og:type\" content=\"article\" \/>\n<meta property=\"og:title\" content=\"Cinturino per occhiali Torvol Freestyle - Iha Race\" \/>\n<meta property=\"og:description\" content=\"Cinturino per occhiali Torvol Freestyle Il guinzaglio da freestyle \u00e8 un accessorio indispensabile per tutti i piloti di freestyle. Definite il vostro stile con le edizioni Cartoon, Retro o Quad\" \/>\n<meta property=\"og:url\" content=\"https:\/\/iha-race.com\/it\/prodotto\/torvol-torvol-freestyle-cinturino-per-occhiali\/\" \/>\n<meta property=\"og:site_name\" content=\"Iha Race\" \/>\n<meta property=\"article:modified_time\" content=\"2024-08-29T13:46:45+00:00\" \/>\n<meta property=\"og:image\" content=\"https:\/\/iha-race.com\/wp-content\/uploads\/2020\/12\/Torvol-Freestyle-straps_small.png\" \/>\n\t<meta property=\"og:image:width\" content=\"2160\" \/>\n\t<meta property=\"og:image:height\" content=\"2160\" \/>\n\t<meta property=\"og:image:type\" content=\"image\/png\" \/>\n<meta name=\"twitter:card\" content=\"summary_large_image\" \/>\n<script type=\"application\/ld+json\" class=\"yoast-schema-graph\">{\"@context\":\"https:\\\/\\\/schema.org\",\"@graph\":[{\"@type\":\"WebPage\",\"@id\":\"https:\\\/\\\/iha-race.com\\\/it\\\/prodotto\\\/torvol-torvol-freestyle-cinturino-per-occhiali\\\/\",\"url\":\"https:\\\/\\\/iha-race.com\\\/it\\\/prodotto\\\/torvol-torvol-freestyle-cinturino-per-occhiali\\\/\",\"name\":\"Cinturino per occhiali Torvol Freestyle - Iha Race\",\"isPartOf\":{\"@id\":\"https:\\\/\\\/iha-race.com\\\/it\\\/#website\"},\"primaryImageOfPage\":{\"@id\":\"https:\\\/\\\/iha-race.com\\\/it\\\/prodotto\\\/torvol-torvol-freestyle-cinturino-per-occhiali\\\/#primaryimage\"},\"image\":{\"@id\":\"https:\\\/\\\/iha-race.com\\\/it\\\/prodotto\\\/torvol-torvol-freestyle-cinturino-per-occhiali\\\/#primaryimage\"},\"thumbnailUrl\":\"https:\\\/\\\/iha-race.com\\\/wp-content\\\/uploads\\\/2020\\\/12\\\/Torvol-Freestyle-straps_small.png\",\"datePublished\":\"2020-12-03T10:25:40+00:00\",\"dateModified\":\"2024-08-29T13:46:45+00:00\",\"breadcrumb\":{\"@id\":\"https:\\\/\\\/iha-race.com\\\/it\\\/prodotto\\\/torvol-torvol-freestyle-cinturino-per-occhiali\\\/#breadcrumb\"},\"inLanguage\":\"it-IT\",\"potentialAction\":[{\"@type\":\"ReadAction\",\"target\":[\"https:\\\/\\\/iha-race.com\\\/it\\\/prodotto\\\/torvol-torvol-freestyle-cinturino-per-occhiali\\\/\"]}]},{\"@type\":\"ImageObject\",\"inLanguage\":\"it-IT\",\"@id\":\"https:\\\/\\\/iha-race.com\\\/it\\\/prodotto\\\/torvol-torvol-freestyle-cinturino-per-occhiali\\\/#primaryimage\",\"url\":\"https:\\\/\\\/iha-race.com\\\/wp-content\\\/uploads\\\/2020\\\/12\\\/Torvol-Freestyle-straps_small.png\",\"contentUrl\":\"https:\\\/\\\/iha-race.com\\\/wp-content\\\/uploads\\\/2020\\\/12\\\/Torvol-Freestyle-straps_small.png\",\"width\":2160,\"height\":2160,\"caption\":\"Il guinzaglio da freestyle \u00e8 un accessorio indispensabile per tutti i piloti di freestyle. Definite il vostro stile con le edizioni Cartoon, Retro o Quad Maniak. Il cinturino Freestyle \u00e8 disponibile in tre diverse versioni e tutte sono dotate di una tasca per la batteria Fatshark.\"},{\"@type\":\"BreadcrumbList\",\"@id\":\"https:\\\/\\\/iha-race.com\\\/it\\\/prodotto\\\/torvol-torvol-freestyle-cinturino-per-occhiali\\\/#breadcrumb\",\"itemListElement\":[{\"@type\":\"ListItem\",\"position\":1,\"name\":\"Portada\",\"item\":\"https:\\\/\\\/iha-race.com\\\/it\\\/\"},{\"@type\":\"ListItem\",\"position\":2,\"name\":\"Negozio\",\"item\":\"https:\\\/\\\/iha-race.com\\\/it\\\/negozio\\\/\"},{\"@type\":\"ListItem\",\"position\":3,\"name\":\"Cinturino per occhiali Torvol Freestyle\"}]},{\"@type\":\"WebSite\",\"@id\":\"https:\\\/\\\/iha-race.com\\\/it\\\/#website\",\"url\":\"https:\\\/\\\/iha-race.com\\\/it\\\/\",\"name\":\"Iha Race\",\"description\":\"Comprar drones de carreras FPV env\u00edos en un d\u00eda desde Espa\u00f1a\",\"publisher\":{\"@id\":\"https:\\\/\\\/iha-race.com\\\/it\\\/#organization\"},\"potentialAction\":[{\"@type\":\"SearchAction\",\"target\":{\"@type\":\"EntryPoint\",\"urlTemplate\":\"https:\\\/\\\/iha-race.com\\\/it\\\/?s={search_term_string}\"},\"query-input\":{\"@type\":\"PropertyValueSpecification\",\"valueRequired\":true,\"valueName\":\"search_term_string\"}}],\"inLanguage\":\"it-IT\"},{\"@type\":\"Organization\",\"@id\":\"https:\\\/\\\/iha-race.com\\\/it\\\/#organization\",\"name\":\"Iha Race\",\"url\":\"https:\\\/\\\/iha-race.com\\\/it\\\/\",\"logo\":{\"@type\":\"ImageObject\",\"inLanguage\":\"it-IT\",\"@id\":\"https:\\\/\\\/iha-race.com\\\/it\\\/#\\\/schema\\\/logo\\\/image\\\/\",\"url\":\"https:\\\/\\\/iha-race.com\\\/wp-content\\\/uploads\\\/2018\\\/07\\\/iha-race-drones-de-carreras-tienda-comprar-drones.png\",\"contentUrl\":\"https:\\\/\\\/iha-race.com\\\/wp-content\\\/uploads\\\/2018\\\/07\\\/iha-race-drones-de-carreras-tienda-comprar-drones.png\",\"width\":300,\"height\":100,\"caption\":\"Iha Race\"},\"image\":{\"@id\":\"https:\\\/\\\/iha-race.com\\\/it\\\/#\\\/schema\\\/logo\\\/image\\\/\"}}]}<\/script>\n<!-- \/ Yoast SEO plugin. -->","yoast_head_json":{"title":"Cinturino per occhiali Torvol Freestyle - Iha Race","robots":{"index":"index","follow":"follow","max-snippet":"max-snippet:-1","max-image-preview":"max-image-preview:large","max-video-preview":"max-video-preview:-1"},"canonical":"https:\/\/iha-race.com\/it\/prodotto\/torvol-torvol-freestyle-cinturino-per-occhiali\/","og_locale":"it_IT","og_type":"article","og_title":"Cinturino per occhiali Torvol Freestyle - Iha Race","og_description":"Cinturino per occhiali Torvol Freestyle Il guinzaglio da freestyle \u00e8 un accessorio indispensabile per tutti i piloti di freestyle. Definite il vostro stile con le edizioni Cartoon, Retro o Quad","og_url":"https:\/\/iha-race.com\/it\/prodotto\/torvol-torvol-freestyle-cinturino-per-occhiali\/","og_site_name":"Iha Race","article_modified_time":"2024-08-29T13:46:45+00:00","og_image":[{"width":2160,"height":2160,"url":"https:\/\/iha-race.com\/wp-content\/uploads\/2020\/12\/Torvol-Freestyle-straps_small.png","type":"image\/png"}],"twitter_card":"summary_large_image","schema":{"@context":"https:\/\/schema.org","@graph":[{"@type":"WebPage","@id":"https:\/\/iha-race.com\/it\/prodotto\/torvol-torvol-freestyle-cinturino-per-occhiali\/","url":"https:\/\/iha-race.com\/it\/prodotto\/torvol-torvol-freestyle-cinturino-per-occhiali\/","name":"Cinturino per occhiali Torvol Freestyle - Iha Race","isPartOf":{"@id":"https:\/\/iha-race.com\/it\/#website"},"primaryImageOfPage":{"@id":"https:\/\/iha-race.com\/it\/prodotto\/torvol-torvol-freestyle-cinturino-per-occhiali\/#primaryimage"},"image":{"@id":"https:\/\/iha-race.com\/it\/prodotto\/torvol-torvol-freestyle-cinturino-per-occhiali\/#primaryimage"},"thumbnailUrl":"https:\/\/iha-race.com\/wp-content\/uploads\/2020\/12\/Torvol-Freestyle-straps_small.png","datePublished":"2020-12-03T10:25:40+00:00","dateModified":"2024-08-29T13:46:45+00:00","breadcrumb":{"@id":"https:\/\/iha-race.com\/it\/prodotto\/torvol-torvol-freestyle-cinturino-per-occhiali\/#breadcrumb"},"inLanguage":"it-IT","potentialAction":[{"@type":"ReadAction","target":["https:\/\/iha-race.com\/it\/prodotto\/torvol-torvol-freestyle-cinturino-per-occhiali\/"]}]},{"@type":"ImageObject","inLanguage":"it-IT","@id":"https:\/\/iha-race.com\/it\/prodotto\/torvol-torvol-freestyle-cinturino-per-occhiali\/#primaryimage","url":"https:\/\/iha-race.com\/wp-content\/uploads\/2020\/12\/Torvol-Freestyle-straps_small.png","contentUrl":"https:\/\/iha-race.com\/wp-content\/uploads\/2020\/12\/Torvol-Freestyle-straps_small.png","width":2160,"height":2160,"caption":"Il guinzaglio da freestyle \u00e8 un accessorio indispensabile per tutti i piloti di freestyle. Definite il vostro stile con le edizioni Cartoon, Retro o Quad Maniak. Il cinturino Freestyle \u00e8 disponibile in tre diverse versioni e tutte sono dotate di una tasca per la batteria Fatshark."},{"@type":"BreadcrumbList","@id":"https:\/\/iha-race.com\/it\/prodotto\/torvol-torvol-freestyle-cinturino-per-occhiali\/#breadcrumb","itemListElement":[{"@type":"ListItem","position":1,"name":"Portada","item":"https:\/\/iha-race.com\/it\/"},{"@type":"ListItem","position":2,"name":"Negozio","item":"https:\/\/iha-race.com\/it\/negozio\/"},{"@type":"ListItem","position":3,"name":"Cinturino per occhiali Torvol Freestyle"}]},{"@type":"WebSite","@id":"https:\/\/iha-race.com\/it\/#website","url":"https:\/\/iha-race.com\/it\/","name":"Iha Race","description":"Comprar drones de carreras FPV env\u00edos en un d\u00eda desde Espa\u00f1a","publisher":{"@id":"https:\/\/iha-race.com\/it\/#organization"},"potentialAction":[{"@type":"SearchAction","target":{"@type":"EntryPoint","urlTemplate":"https:\/\/iha-race.com\/it\/?s={search_term_string}"},"query-input":{"@type":"PropertyValueSpecification","valueRequired":true,"valueName":"search_term_string"}}],"inLanguage":"it-IT"},{"@type":"Organization","@id":"https:\/\/iha-race.com\/it\/#organization","name":"Iha Race","url":"https:\/\/iha-race.com\/it\/","logo":{"@type":"ImageObject","inLanguage":"it-IT","@id":"https:\/\/iha-race.com\/it\/#\/schema\/logo\/image\/","url":"https:\/\/iha-race.com\/wp-content\/uploads\/2018\/07\/iha-race-drones-de-carreras-tienda-comprar-drones.png","contentUrl":"https:\/\/iha-race.com\/wp-content\/uploads\/2018\/07\/iha-race-drones-de-carreras-tienda-comprar-drones.png","width":300,"height":100,"caption":"Iha Race"},"image":{"@id":"https:\/\/iha-race.com\/it\/#\/schema\/logo\/image\/"}}]}},"brands":[],"_links":{"self":[{"href":"https:\/\/iha-race.com\/it\/wp-json\/wp\/v2\/product\/113349","targetHints":{"allow":["GET"]}}],"collection":[{"href":"https:\/\/iha-race.com\/it\/wp-json\/wp\/v2\/product"}],"about":[{"href":"https:\/\/iha-race.com\/it\/wp-json\/wp\/v2\/types\/product"}],"replies":[{"embeddable":true,"href":"https:\/\/iha-race.com\/it\/wp-json\/wp\/v2\/comments?post=113349"}],"version-history":[{"count":2,"href":"https:\/\/iha-race.com\/it\/wp-json\/wp\/v2\/product\/113349\/revisions"}],"predecessor-version":[{"id":249740,"href":"https:\/\/iha-race.com\/it\/wp-json\/wp\/v2\/product\/113349\/revisions\/249740"}],"wp:featuredmedia":[{"embeddable":true,"href":"https:\/\/iha-race.com\/it\/wp-json\/wp\/v2\/media\/93939"}],"wp:attachment":[{"href":"https:\/\/iha-race.com\/it\/wp-json\/wp\/v2\/media?parent=113349"}],"wp:term":[{"taxonomy":"pwb-brand","embeddable":true,"href":"https:\/\/iha-race.com\/it\/wp-json\/wp\/v2\/pwb-brand?post=113349"},{"taxonomy":"product_cat","embeddable":true,"href":"https:\/\/iha-race.com\/it\/wp-json\/wp\/v2\/product_cat?post=113349"},{"taxonomy":"product_tag","embeddable":true,"href":"https:\/\/iha-race.com\/it\/wp-json\/wp\/v2\/product_tag?post=113349"}],"curies":[{"name":"wp","href":"https:\/\/api.w.org\/{rel}","templated":true}]}}