{"id":113284,"date":"2020-10-05T11:51:32","date_gmt":"2020-10-05T09:51:32","guid":{"rendered":"https:\/\/iha-race.com\/producto\/motori-brushless-betafpv-2004-3000kv-1700kv\/"},"modified":"2024-08-29T15:58:20","modified_gmt":"2024-08-29T13:58:20","slug":"motores-betafpv-2004-3000kv-1700kv-brushless-4-piezas","status":"publish","type":"product","link":"https:\/\/iha-race.com\/it\/prodotto\/motores-betafpv-2004-3000kv-1700kv-brushless-4-piezas\/","title":{"rendered":"Motori brushless BetaFPV 2004 (3000Kv\/1700kV)"},"content":{"rendered":"<h2>Motori brushless BetaFPV 2004 (3000Kv\/1700kV)<\/h2>\n<p>  Il motore brushless della serie BETAFPV 2004 \u00e8 un motore ultraleggero da 4-6S che funziona in modo fluido, potente e controllabile, con un peso di soli 16,6 g\/pz.  <span class=\"Apple-converted-space\"> <\/span>Il modello 2004 3000KV \u00e8 stato progettato specificamente per lo screech canalizzato da 3&#8243;, il drone da 4&#8243; e la lama leggera da 5&#8243; e l&#8217;AUW complessivo basso per il 5&#8243;, mentre il 1700KV \u00e8 la scelta migliore per il sistema di alimentazione a 6S ideale per un quadcopter da 4-5 pollici.  <span class=\"Apple-converted-space\"> <\/span><\/p>\n<p><img fetchpriority=\"high\" decoding=\"async\" class=\"wp-image-54646 size-full alignnone\" src=\"https:\/\/iha-race.com\/wp-content\/uploads\/2020\/10\/betafpv-motores-20044.jpg\" alt=\"\" width=\"1024\" height=\"576\" srcset=\"https:\/\/iha-race.com\/wp-content\/uploads\/2020\/10\/betafpv-motores-20044.jpg 1024w, https:\/\/iha-race.com\/wp-content\/uploads\/2020\/10\/betafpv-motores-20044-599x337.jpg 599w, https:\/\/iha-race.com\/wp-content\/uploads\/2020\/10\/betafpv-motores-20044-300x169.jpg 300w, https:\/\/iha-race.com\/wp-content\/uploads\/2020\/10\/betafpv-motores-20044-768x432.jpg 768w, https:\/\/iha-race.com\/wp-content\/uploads\/2020\/10\/betafpv-motores-20044-1536x864.jpg 1536w, https:\/\/iha-race.com\/wp-content\/uploads\/2020\/10\/betafpv-motores-20044-2048x1152.jpg 2048w, https:\/\/iha-race.com\/wp-content\/uploads\/2020\/10\/betafpv-motores-20044-788x443.jpg 788w\" sizes=\"(max-width: 1024px) 100vw, 1024px\" \/><br \/>\n<iframe title=\"xknight 5&quot; 2004 1700kv t4x2x3 hqprop toothpick f4 aio 35a 6s650 95c\" width=\"1200\" height=\"675\" src=\"https:\/\/www.youtube.com\/embed\/dQZ26b-Yz4A?feature=oembed\" frameborder=\"0\" allow=\"accelerometer; autoplay; clipboard-write; encrypted-media; gyroscope; picture-in-picture; web-share\" referrerpolicy=\"strict-origin-when-cross-origin\" allowfullscreen><\/iframe><\/p>\n<h2>Caratteristiche del motore 2004:<\/h2>\n<ul>\n<li>Il motore brushless BETAFPV 2004 \u00e8 un progetto completamente nuovo, innovativo e unico che offre prestazioni davvero superiori a quelle attualmente disponibili. Il motore eroga una potenza del tutto nuova e vi regaler\u00e0 alcuni dei voli e dei percorsi pi\u00f9 dolci che abbiate mai sperimentato!<\/li>\n<li>3000KV \u00e8 un motore 4S ultraleggero che \u00e8 stato specificamente progettato per stridere con guaine da 3&#8243;, qualsiasi cosa da 4&#8243; e il drone leggero da 5&#8243;, mentre 1700KV \u00e8 la scelta migliore per costruire un drone a 6S. Entrambi pesano solo 16,6 g\/pz.<\/li>\n<li>Questo motore di nuova concezione fornisce pi\u00f9 coppia e la eroga in modo molto pi\u00f9 fluido! Il design speciale non solo fa assomigliare i motori ai &#8220;DUBS&#8221; di un&#8217;automobile, ma conferisce al drone prestazioni e sensazioni di volo incredibili.<\/li>\n<li>I motori 2004 sono perfettamente adatti per i droni da 4-5 pollici, per ottenere una grande potenza e un volo stabile.<\/li>\n<li>Dall&#8217;aspetto accattivante, il motore brushless 2004 ha la forma di un pneumatico, che si adatta perfettamente alle sue potenti caratteristiche. Questo design unico consente un&#8217;elevata dissipazione del calore superficiale e rimane molto pi\u00f9 fresco rispetto ad altri motori.<\/li>\n<\/ul>\n<p><img decoding=\"async\" class=\"alignnone wp-image-54647 size-full\" src=\"https:\/\/iha-race.com\/wp-content\/uploads\/2020\/10\/comparacion-motores-2004.jpg\" alt=\"\" width=\"1024\" height=\"492\" srcset=\"https:\/\/iha-race.com\/wp-content\/uploads\/2020\/10\/comparacion-motores-2004.jpg 1024w, https:\/\/iha-race.com\/wp-content\/uploads\/2020\/10\/comparacion-motores-2004-599x288.jpg 599w, https:\/\/iha-race.com\/wp-content\/uploads\/2020\/10\/comparacion-motores-2004-300x144.jpg 300w, https:\/\/iha-race.com\/wp-content\/uploads\/2020\/10\/comparacion-motores-2004-766x368.jpg 766w, https:\/\/iha-race.com\/wp-content\/uploads\/2020\/10\/comparacion-motores-2004-1536x738.jpg 1536w, https:\/\/iha-race.com\/wp-content\/uploads\/2020\/10\/comparacion-motores-2004-2048x984.jpg 2048w, https:\/\/iha-race.com\/wp-content\/uploads\/2020\/10\/comparacion-motores-2004-788x378.jpg 788w\" sizes=\"(max-width: 1024px) 100vw, 1024px\" \/><\/p>\n<h2>Specifiche del prodotto:<\/h2>\n<ul>\n<li>Articolo: motore brushless 2004<\/li>\n<li>KV del motore (giri\/min \/ V): 3000KV\/1700KV<\/li>\n<li>Peso: 16,6 g \/ 1 pezzo<\/li>\n<li>Colore: Blu-grigio<\/li>\n<li>Albero: \u03c61,5 mm<\/li>\n<li>Lunghezza dell&#8217;albero: 3,8 mm<\/li>\n<li>Diametro dell&#8217;albero: 1,5 mm<\/li>\n<li>Distanza tra i fori: 12 mm<\/li>\n<li>Fori di montaggio del motore: M2<\/li>\n<li>Tensione di ingresso: 3000KV per 4S<\/li>\n<li>Cavi: cavi lunghi 100 mm, 24 AWG<\/li>\n<li>Dimensioni: 24,6 * 24,6 * 17,2 mm<\/li>\n<\/ul>\n<p><img decoding=\"async\" class=\"alignnone wp-image-54649 \" src=\"https:\/\/iha-race.com\/wp-content\/uploads\/2020\/10\/medidas-motor-2004.jpg\" alt=\"\" width=\"615\" height=\"281\" srcset=\"https:\/\/iha-race.com\/wp-content\/uploads\/2020\/10\/medidas-motor-2004.jpg 600w, https:\/\/iha-race.com\/wp-content\/uploads\/2020\/10\/medidas-motor-2004-300x137.jpg 300w, https:\/\/iha-race.com\/wp-content\/uploads\/2020\/10\/medidas-motor-2004-1024x468.jpg 1024w, https:\/\/iha-race.com\/wp-content\/uploads\/2020\/10\/medidas-motor-2004-766x350.jpg 766w, https:\/\/iha-race.com\/wp-content\/uploads\/2020\/10\/medidas-motor-2004-1536x701.jpg 1536w, https:\/\/iha-race.com\/wp-content\/uploads\/2020\/10\/medidas-motor-2004-2048x935.jpg 2048w, https:\/\/iha-race.com\/wp-content\/uploads\/2020\/10\/medidas-motor-2004-788x359.jpg 788w\" sizes=\"(max-width: 615px) 100vw, 615px\" \/><\/p>\n<h2 class=\"p1\">Parti consigliate per i motori 2004 3000KV<\/h2>\n<ul>\n<li>Controllore di volo: <span class=\"s1\"><a href=\"https:\/\/iha-race.com\/producto\/control-de-vuelo-betafpv-f405-v2-4s\/\">Controllore di volo F405<\/a><\/span> ESC BLHeli_32 da 35A e ESC <span class=\"s1\">senza spazzole AIO FC da 35A<\/span><\/li>\n<li>Eliche compatibili: <span class=\"s1\">eliche Gemfan 5125 a 3 pale<\/span> e accessori Gemfan 5020<\/li>\n<li><span class=\"s2\">Batteria: <a href=\"https:\/\/iha-race.com\/producto\/betafpv-xt30-450mah-4s-75c-2-piezas\/\">batteria 4S da 450 mAh<\/a> e <a href=\"https:\/\/iha-race.com\/producto\/bateria-tattu-4s-850-mah-lipo-con-xt30\/\">batteria 4S da 850 mAh<\/a><\/span><\/li>\n<li>Cornice: cornice da 4-5 pollici.<\/li>\n<\/ul>\n<p><img loading=\"lazy\" decoding=\"async\" class=\"alignnone wp-image-54652 size-full\" src=\"https:\/\/iha-race.com\/wp-content\/uploads\/2020\/10\/caracteristicas-motor-2004-betafpvjpg.jpg\" alt=\"\" width=\"1023\" height=\"801\" srcset=\"https:\/\/iha-race.com\/wp-content\/uploads\/2020\/10\/caracteristicas-motor-2004-betafpvjpg.jpg 1023w, https:\/\/iha-race.com\/wp-content\/uploads\/2020\/10\/caracteristicas-motor-2004-betafpvjpg-599x469.jpg 599w, https:\/\/iha-race.com\/wp-content\/uploads\/2020\/10\/caracteristicas-motor-2004-betafpvjpg-300x235.jpg 300w, https:\/\/iha-race.com\/wp-content\/uploads\/2020\/10\/caracteristicas-motor-2004-betafpvjpg-1024x802.jpg 1024w, https:\/\/iha-race.com\/wp-content\/uploads\/2020\/10\/caracteristicas-motor-2004-betafpvjpg-768x601.jpg 768w, https:\/\/iha-race.com\/wp-content\/uploads\/2020\/10\/caracteristicas-motor-2004-betafpvjpg-1536x1203.jpg 1536w, https:\/\/iha-race.com\/wp-content\/uploads\/2020\/10\/caracteristicas-motor-2004-betafpvjpg-2048x1604.jpg 2048w, https:\/\/iha-race.com\/wp-content\/uploads\/2020\/10\/caracteristicas-motor-2004-betafpvjpg-788x616.jpg 788w\" sizes=\"(max-width: 1023px) 100vw, 1023px\" \/><\/p>\n<h2 class=\"p1\">Parti consigliate per i motori 2004 1700KV<\/h2>\n<p>  Il 1700KV \u00e8 la scelta migliore per il sistema di alimentazione a 6S, ideale per un quadcopter da 4-5 pollici.  <\/p>\n<ul>\n<li>4 &#8220;Tutti<\/li>\n<li>Stuzzicadenti leggero da 5 pollici<\/li>\n<\/ul>\n<p>  Lo <span class=\"Apple-converted-space\">consigliamo vivamente per X-Knight5 Digital VTX, X-knight5 Digital VTX, X-knight5 e RAMITA ET5. <\/span> <\/p>\n<ul>\n<li>Controllore di volo: <a href=\"https:\/\/iha-race.com\/producto\/control-de-vuelo-betafpv-f405-v2-4s\/\"><span class=\"s1\">Controllore di volo F405.<\/span><\/a> 35A BLHeli_32ESC e <span class=\"s1\">35A AIO FC brushless<\/span>.<\/li>\n<li>Eliche compatibili: HQ 5025 a 3<span class=\"s1\">pale\/Gemfan 5125 a 3 pale<\/span> e accessori Gemfan 5020<\/li>\n<li><span class=\"s2\">Batteria: 550mAh 6S 75C<\/span><\/li>\n<li>Cornice: cornice da 4-5 pollici, altamente raccomandata <span class=\"s1\">cornice TWIG ET5 a stuzzicadenti da 5&#8221;<\/span>.<\/li>\n<\/ul>\n<p><span class=\"s1\">Nel frattempo, stiamo utilizzando un motore da 1700KV in X-Knight 5&#8221; Digital VTX Toothpick Quad, per portare la potenza di un volo drone pazzesco! Per maggiori dettagli sul motore da 1700KV, consultate <a title=\"2004 motore brushless 1700KV\" href=\"https:\/\/microfpvlab.com\/?combos=248:245:242:246\" target=\"_blank\" rel=\"noopener noreferrer\">qui<\/a>.<\/span><\/p>\n<div style=\"text-align: left;\"><img decoding=\"async\" src=\"https:\/\/cdn.shopifycdn.net\/s\/files\/1\/1778\/6615\/files\/d7b452becdb645ce1362f5d6b64651b5_baa8facc-6198-4bce-81fe-9a6b77a21959_1024x1024.jpg?v=1597978609\" alt=\"\"><\/div>\n<h2>Il pacchetto comprende:<\/h2>\n<ul>\n<li>1 o 4 motori brushless 2004 (3000KV\/1700KV)<\/li>\n<li>1 x Confezione di viti M2<\/li>\n<\/ul>\n<p>&nbsp;<\/p>\n<p>&nbsp;<\/p>\n","protected":false},"excerpt":{"rendered":"<p>Motori brushless BetaFPV 2004 (3000Kv\/1700kV) Il motore brushless della serie BETAFPV 2004 \u00e8 un motore ultraleggero da 4-6S che funziona in modo fluido, potente e controllabile, con un peso di<\/p>\n","protected":false},"featured_media":99380,"comment_status":"open","ping_status":"closed","template":"","meta":{"_joinchat":[]},"pwb-brand":[],"product_cat":[46,2476],"product_tag":[],"class_list":{"0":"post-113284","1":"product","2":"type-product","3":"status-publish","4":"has-post-thumbnail","6":"product_cat-motores","7":"product_cat-sin-escobillas-sin-eje","9":"first","10":"instock","11":"taxable","12":"shipping-taxable","13":"purchasable","14":"product-type-variable"},"barcode":null,"atum_controlled":true,"out_stock_date":null,"out_stock_threshold":null,"inheritable":true,"stock_on_hold":0,"sold_today":0,"sales_last_days":0,"out_stock_days":0,"lost_sales":0,"update_date":"2026-03-21T11:17:11","atum_locations":[],"atum_stock_status":"instock","restock_status":false,"low_stock_amount":"","sales_update_date":"2026-03-21T11:17:11","calc_backorders":null,"yoast_head":"<!-- This site is optimized with the Yoast SEO plugin v27.3 - https:\/\/yoast.com\/product\/yoast-seo-wordpress\/ -->\n<title>Motori brushless BetaFPV 2004 (3000Kv\/1700kV) - Iha Race<\/title>\n<meta name=\"robots\" content=\"index, follow, max-snippet:-1, max-image-preview:large, max-video-preview:-1\" \/>\n<link rel=\"canonical\" href=\"https:\/\/iha-race.com\/it\/prodotto\/motores-betafpv-2004-3000kv-1700kv-brushless-4-piezas\/\" \/>\n<meta property=\"og:locale\" content=\"it_IT\" \/>\n<meta property=\"og:type\" content=\"article\" \/>\n<meta property=\"og:title\" content=\"Motori brushless BetaFPV 2004 (3000Kv\/1700kV) - Iha Race\" \/>\n<meta property=\"og:description\" content=\"Motori brushless BetaFPV 2004 (3000Kv\/1700kV) Il motore brushless della serie BETAFPV 2004 \u00e8 un motore ultraleggero da 4-6S che funziona in modo fluido, potente e controllabile, con un peso di\" \/>\n<meta property=\"og:url\" content=\"https:\/\/iha-race.com\/it\/prodotto\/motores-betafpv-2004-3000kv-1700kv-brushless-4-piezas\/\" \/>\n<meta property=\"og:site_name\" content=\"Iha Race\" \/>\n<meta property=\"article:modified_time\" content=\"2024-08-29T13:58:20+00:00\" \/>\n<meta property=\"og:image\" content=\"https:\/\/iha-race.com\/wp-content\/uploads\/2020\/10\/motores-betafpv-2004-3000kv-1700kv-brushless.jpg\" \/>\n\t<meta property=\"og:image:width\" content=\"2222\" \/>\n\t<meta property=\"og:image:height\" content=\"2222\" \/>\n\t<meta property=\"og:image:type\" content=\"image\/jpeg\" \/>\n<meta name=\"twitter:card\" content=\"summary_large_image\" \/>\n<meta name=\"twitter:label1\" content=\"Tempo di lettura stimato\" \/>\n\t<meta name=\"twitter:data1\" content=\"2 minuti\" \/>\n<script type=\"application\/ld+json\" class=\"yoast-schema-graph\">{\"@context\":\"https:\\\/\\\/schema.org\",\"@graph\":[{\"@type\":\"WebPage\",\"@id\":\"https:\\\/\\\/iha-race.com\\\/it\\\/prodotto\\\/motores-betafpv-2004-3000kv-1700kv-brushless-4-piezas\\\/\",\"url\":\"https:\\\/\\\/iha-race.com\\\/it\\\/prodotto\\\/motores-betafpv-2004-3000kv-1700kv-brushless-4-piezas\\\/\",\"name\":\"Motori brushless BetaFPV 2004 (3000Kv\\\/1700kV) - Iha Race\",\"isPartOf\":{\"@id\":\"https:\\\/\\\/iha-race.com\\\/it\\\/#website\"},\"primaryImageOfPage\":{\"@id\":\"https:\\\/\\\/iha-race.com\\\/it\\\/prodotto\\\/motores-betafpv-2004-3000kv-1700kv-brushless-4-piezas\\\/#primaryimage\"},\"image\":{\"@id\":\"https:\\\/\\\/iha-race.com\\\/it\\\/prodotto\\\/motores-betafpv-2004-3000kv-1700kv-brushless-4-piezas\\\/#primaryimage\"},\"thumbnailUrl\":\"https:\\\/\\\/iha-race.com\\\/wp-content\\\/uploads\\\/2020\\\/10\\\/motores-betafpv-2004-3000kv-1700kv-brushless.jpg\",\"datePublished\":\"2020-10-05T09:51:32+00:00\",\"dateModified\":\"2024-08-29T13:58:20+00:00\",\"breadcrumb\":{\"@id\":\"https:\\\/\\\/iha-race.com\\\/it\\\/prodotto\\\/motores-betafpv-2004-3000kv-1700kv-brushless-4-piezas\\\/#breadcrumb\"},\"inLanguage\":\"it-IT\",\"potentialAction\":[{\"@type\":\"ReadAction\",\"target\":[\"https:\\\/\\\/iha-race.com\\\/it\\\/prodotto\\\/motores-betafpv-2004-3000kv-1700kv-brushless-4-piezas\\\/\"]}]},{\"@type\":\"ImageObject\",\"inLanguage\":\"it-IT\",\"@id\":\"https:\\\/\\\/iha-race.com\\\/it\\\/prodotto\\\/motores-betafpv-2004-3000kv-1700kv-brushless-4-piezas\\\/#primaryimage\",\"url\":\"https:\\\/\\\/iha-race.com\\\/wp-content\\\/uploads\\\/2020\\\/10\\\/motores-betafpv-2004-3000kv-1700kv-brushless.jpg\",\"contentUrl\":\"https:\\\/\\\/iha-race.com\\\/wp-content\\\/uploads\\\/2020\\\/10\\\/motores-betafpv-2004-3000kv-1700kv-brushless.jpg\",\"width\":2222,\"height\":2222,\"caption\":\"comprar-motores-betafpv-2004-3000kv-1700kv-brushless\"},{\"@type\":\"BreadcrumbList\",\"@id\":\"https:\\\/\\\/iha-race.com\\\/it\\\/prodotto\\\/motores-betafpv-2004-3000kv-1700kv-brushless-4-piezas\\\/#breadcrumb\",\"itemListElement\":[{\"@type\":\"ListItem\",\"position\":1,\"name\":\"Portada\",\"item\":\"https:\\\/\\\/iha-race.com\\\/it\\\/\"},{\"@type\":\"ListItem\",\"position\":2,\"name\":\"Negozio\",\"item\":\"https:\\\/\\\/iha-race.com\\\/it\\\/negozio\\\/\"},{\"@type\":\"ListItem\",\"position\":3,\"name\":\"Motori brushless BetaFPV 2004 (3000Kv\\\/1700kV)\"}]},{\"@type\":\"WebSite\",\"@id\":\"https:\\\/\\\/iha-race.com\\\/it\\\/#website\",\"url\":\"https:\\\/\\\/iha-race.com\\\/it\\\/\",\"name\":\"Iha Race\",\"description\":\"Comprar drones de carreras FPV env\u00edos en un d\u00eda desde Espa\u00f1a\",\"publisher\":{\"@id\":\"https:\\\/\\\/iha-race.com\\\/it\\\/#organization\"},\"potentialAction\":[{\"@type\":\"SearchAction\",\"target\":{\"@type\":\"EntryPoint\",\"urlTemplate\":\"https:\\\/\\\/iha-race.com\\\/it\\\/?s={search_term_string}\"},\"query-input\":{\"@type\":\"PropertyValueSpecification\",\"valueRequired\":true,\"valueName\":\"search_term_string\"}}],\"inLanguage\":\"it-IT\"},{\"@type\":\"Organization\",\"@id\":\"https:\\\/\\\/iha-race.com\\\/it\\\/#organization\",\"name\":\"Iha Race\",\"url\":\"https:\\\/\\\/iha-race.com\\\/it\\\/\",\"logo\":{\"@type\":\"ImageObject\",\"inLanguage\":\"it-IT\",\"@id\":\"https:\\\/\\\/iha-race.com\\\/it\\\/#\\\/schema\\\/logo\\\/image\\\/\",\"url\":\"https:\\\/\\\/iha-race.com\\\/wp-content\\\/uploads\\\/2018\\\/07\\\/iha-race-drones-de-carreras-tienda-comprar-drones.png\",\"contentUrl\":\"https:\\\/\\\/iha-race.com\\\/wp-content\\\/uploads\\\/2018\\\/07\\\/iha-race-drones-de-carreras-tienda-comprar-drones.png\",\"width\":300,\"height\":100,\"caption\":\"Iha Race\"},\"image\":{\"@id\":\"https:\\\/\\\/iha-race.com\\\/it\\\/#\\\/schema\\\/logo\\\/image\\\/\"}}]}<\/script>\n<!-- \/ Yoast SEO plugin. -->","yoast_head_json":{"title":"Motori brushless BetaFPV 2004 (3000Kv\/1700kV) - Iha Race","robots":{"index":"index","follow":"follow","max-snippet":"max-snippet:-1","max-image-preview":"max-image-preview:large","max-video-preview":"max-video-preview:-1"},"canonical":"https:\/\/iha-race.com\/it\/prodotto\/motores-betafpv-2004-3000kv-1700kv-brushless-4-piezas\/","og_locale":"it_IT","og_type":"article","og_title":"Motori brushless BetaFPV 2004 (3000Kv\/1700kV) - Iha Race","og_description":"Motori brushless BetaFPV 2004 (3000Kv\/1700kV) Il motore brushless della serie BETAFPV 2004 \u00e8 un motore ultraleggero da 4-6S che funziona in modo fluido, potente e controllabile, con un peso di","og_url":"https:\/\/iha-race.com\/it\/prodotto\/motores-betafpv-2004-3000kv-1700kv-brushless-4-piezas\/","og_site_name":"Iha Race","article_modified_time":"2024-08-29T13:58:20+00:00","og_image":[{"width":2222,"height":2222,"url":"https:\/\/iha-race.com\/wp-content\/uploads\/2020\/10\/motores-betafpv-2004-3000kv-1700kv-brushless.jpg","type":"image\/jpeg"}],"twitter_card":"summary_large_image","twitter_misc":{"Tempo di lettura stimato":"2 minuti"},"schema":{"@context":"https:\/\/schema.org","@graph":[{"@type":"WebPage","@id":"https:\/\/iha-race.com\/it\/prodotto\/motores-betafpv-2004-3000kv-1700kv-brushless-4-piezas\/","url":"https:\/\/iha-race.com\/it\/prodotto\/motores-betafpv-2004-3000kv-1700kv-brushless-4-piezas\/","name":"Motori brushless BetaFPV 2004 (3000Kv\/1700kV) - Iha Race","isPartOf":{"@id":"https:\/\/iha-race.com\/it\/#website"},"primaryImageOfPage":{"@id":"https:\/\/iha-race.com\/it\/prodotto\/motores-betafpv-2004-3000kv-1700kv-brushless-4-piezas\/#primaryimage"},"image":{"@id":"https:\/\/iha-race.com\/it\/prodotto\/motores-betafpv-2004-3000kv-1700kv-brushless-4-piezas\/#primaryimage"},"thumbnailUrl":"https:\/\/iha-race.com\/wp-content\/uploads\/2020\/10\/motores-betafpv-2004-3000kv-1700kv-brushless.jpg","datePublished":"2020-10-05T09:51:32+00:00","dateModified":"2024-08-29T13:58:20+00:00","breadcrumb":{"@id":"https:\/\/iha-race.com\/it\/prodotto\/motores-betafpv-2004-3000kv-1700kv-brushless-4-piezas\/#breadcrumb"},"inLanguage":"it-IT","potentialAction":[{"@type":"ReadAction","target":["https:\/\/iha-race.com\/it\/prodotto\/motores-betafpv-2004-3000kv-1700kv-brushless-4-piezas\/"]}]},{"@type":"ImageObject","inLanguage":"it-IT","@id":"https:\/\/iha-race.com\/it\/prodotto\/motores-betafpv-2004-3000kv-1700kv-brushless-4-piezas\/#primaryimage","url":"https:\/\/iha-race.com\/wp-content\/uploads\/2020\/10\/motores-betafpv-2004-3000kv-1700kv-brushless.jpg","contentUrl":"https:\/\/iha-race.com\/wp-content\/uploads\/2020\/10\/motores-betafpv-2004-3000kv-1700kv-brushless.jpg","width":2222,"height":2222,"caption":"comprar-motores-betafpv-2004-3000kv-1700kv-brushless"},{"@type":"BreadcrumbList","@id":"https:\/\/iha-race.com\/it\/prodotto\/motores-betafpv-2004-3000kv-1700kv-brushless-4-piezas\/#breadcrumb","itemListElement":[{"@type":"ListItem","position":1,"name":"Portada","item":"https:\/\/iha-race.com\/it\/"},{"@type":"ListItem","position":2,"name":"Negozio","item":"https:\/\/iha-race.com\/it\/negozio\/"},{"@type":"ListItem","position":3,"name":"Motori brushless BetaFPV 2004 (3000Kv\/1700kV)"}]},{"@type":"WebSite","@id":"https:\/\/iha-race.com\/it\/#website","url":"https:\/\/iha-race.com\/it\/","name":"Iha Race","description":"Comprar drones de carreras FPV env\u00edos en un d\u00eda desde Espa\u00f1a","publisher":{"@id":"https:\/\/iha-race.com\/it\/#organization"},"potentialAction":[{"@type":"SearchAction","target":{"@type":"EntryPoint","urlTemplate":"https:\/\/iha-race.com\/it\/?s={search_term_string}"},"query-input":{"@type":"PropertyValueSpecification","valueRequired":true,"valueName":"search_term_string"}}],"inLanguage":"it-IT"},{"@type":"Organization","@id":"https:\/\/iha-race.com\/it\/#organization","name":"Iha Race","url":"https:\/\/iha-race.com\/it\/","logo":{"@type":"ImageObject","inLanguage":"it-IT","@id":"https:\/\/iha-race.com\/it\/#\/schema\/logo\/image\/","url":"https:\/\/iha-race.com\/wp-content\/uploads\/2018\/07\/iha-race-drones-de-carreras-tienda-comprar-drones.png","contentUrl":"https:\/\/iha-race.com\/wp-content\/uploads\/2018\/07\/iha-race-drones-de-carreras-tienda-comprar-drones.png","width":300,"height":100,"caption":"Iha Race"},"image":{"@id":"https:\/\/iha-race.com\/it\/#\/schema\/logo\/image\/"}}]}},"jetpack_sharing_enabled":true,"brands":[],"_links":{"self":[{"href":"https:\/\/iha-race.com\/it\/wp-json\/wp\/v2\/product\/113284","targetHints":{"allow":["GET"]}}],"collection":[{"href":"https:\/\/iha-race.com\/it\/wp-json\/wp\/v2\/product"}],"about":[{"href":"https:\/\/iha-race.com\/it\/wp-json\/wp\/v2\/types\/product"}],"replies":[{"embeddable":true,"href":"https:\/\/iha-race.com\/it\/wp-json\/wp\/v2\/comments?post=113284"}],"version-history":[{"count":3,"href":"https:\/\/iha-race.com\/it\/wp-json\/wp\/v2\/product\/113284\/revisions"}],"predecessor-version":[{"id":249794,"href":"https:\/\/iha-race.com\/it\/wp-json\/wp\/v2\/product\/113284\/revisions\/249794"}],"wp:featuredmedia":[{"embeddable":true,"href":"https:\/\/iha-race.com\/it\/wp-json\/wp\/v2\/media\/99380"}],"wp:attachment":[{"href":"https:\/\/iha-race.com\/it\/wp-json\/wp\/v2\/media?parent=113284"}],"wp:term":[{"taxonomy":"pwb-brand","embeddable":true,"href":"https:\/\/iha-race.com\/it\/wp-json\/wp\/v2\/pwb-brand?post=113284"},{"taxonomy":"product_cat","embeddable":true,"href":"https:\/\/iha-race.com\/it\/wp-json\/wp\/v2\/product_cat?post=113284"},{"taxonomy":"product_tag","embeddable":true,"href":"https:\/\/iha-race.com\/it\/wp-json\/wp\/v2\/product_tag?post=113284"}],"curies":[{"name":"wp","href":"https:\/\/api.w.org\/{rel}","templated":true}]}}