{"id":113234,"date":"2020-10-05T10:16:47","date_gmt":"2020-10-05T08:16:47","guid":{"rendered":"https:\/\/iha-race.com\/producto\/scheda-bec-per-gopro-hero-8\/"},"modified":"2024-08-29T15:58:13","modified_gmt":"2024-08-29T13:58:13","slug":"bec-plate-per-gopro-hero-8","status":"publish","type":"product","link":"https:\/\/iha-race.com\/it\/prodotto\/bec-plate-per-gopro-hero-8\/","title":{"rendered":"Scheda BEC per GoPro Hero 8"},"content":{"rendered":"<h2>Scheda BEC per GoPro Hero 8<\/h2>\n<p>  BETAFPV ha anche progettato una nuova scheda BEC per GoPro HERO8. Non dovrete pi\u00f9 preoccuparvi che la vostra GoPro si spenga durante il volo. Questa scheda BEC pesa solo 1,5 g, rendendo la vostra GoPro nuda super ordinata e leggera. Questa scheda BEC ha un BEC integrato da 5V @ 2A, pulsanti standard GoPro, connettori LED a innesto e registrazione remota.  <em>Nota: la scheda BEC per HERO8 non \u00e8 adatta al Case V2.<\/em><\/p>\n<p><img fetchpriority=\"high\" decoding=\"async\" class=\"alignnone wp-image-54622 size-full\" src=\"https:\/\/iha-race.com\/wp-content\/uploads\/2020\/10\/gopro8.jpg\" alt=\"\" width=\"1024\" height=\"576\" srcset=\"https:\/\/iha-race.com\/wp-content\/uploads\/2020\/10\/gopro8.jpg 1024w, https:\/\/iha-race.com\/wp-content\/uploads\/2020\/10\/gopro8-599x337.jpg 599w, https:\/\/iha-race.com\/wp-content\/uploads\/2020\/10\/gopro8-300x169.jpg 300w, https:\/\/iha-race.com\/wp-content\/uploads\/2020\/10\/gopro8-768x432.jpg 768w, https:\/\/iha-race.com\/wp-content\/uploads\/2020\/10\/gopro8-1536x864.jpg 1536w, https:\/\/iha-race.com\/wp-content\/uploads\/2020\/10\/gopro8-2048x1152.jpg 2048w, https:\/\/iha-race.com\/wp-content\/uploads\/2020\/10\/gopro8-788x443.jpg 788w\" sizes=\"(max-width: 1024px) 100vw, 1024px\" \/><\/p>\n<h2>Caratteristiche della scheda Hero 8 BEC:<\/h2>\n<ul>\n<li>La piastra BEC \u00e8 appositamente progettata per GoPro HERO6 \/ 7\/8 nuda, con un peso di circa 1,5 g, che rende la GoPro nuda pi\u00f9 leggera e pi\u00f9 facile da installare sul drone.<\/li>\n<li>La tensione di uscita del BEC \u00e8 di 5 V @ 2 A, per evitare un blocco dell&#8217;alimentazione causato da un&#8217;alimentazione insufficiente per la scheda FC. Inoltre, sono integrati i pulsanti e i LED standard.<\/li>\n<li>Pulsanti standard GoPro integrati, pulsante di accensione\/modalit\u00e0 e pulsante di registrazione.<\/li>\n<li>LED stock GoPro incorporato per lo stato della fotocamera.<\/li>\n<li>Il pad \u00e8 a disposizione dei piloti per controllare la registrazione della GoPro tramite il trasmettitore radio.<\/li>\n<li>Grazie al connettore plug-in, \u00e8 pi\u00f9 facile collegarsi al controller di volo per l&#8217;alimentazione e la registrazione.<\/li>\n<\/ul>\n<h2>Specifiche della scheda:<\/h2>\n<ul>\n<li>Articolo: Scheda BEC per camera nuda<\/li>\n<li>Peso: 1,57 g<\/li>\n<li>Uscita: 5 V a 2 A<\/li>\n<li>Tensione di ingresso: 2-4S<\/li>\n<li>Connettore: connettore GH 1,25 3P<\/li>\n<\/ul>\n<p><img decoding=\"async\" class=\"alignnone wp-image-54623 size-full\" src=\"https:\/\/iha-race.com\/wp-content\/uploads\/2020\/10\/peso-placa-bec-hero8.jpg\" alt=\"\" width=\"600\" height=\"219\" srcset=\"https:\/\/iha-race.com\/wp-content\/uploads\/2020\/10\/peso-placa-bec-hero8.jpg 600w, https:\/\/iha-race.com\/wp-content\/uploads\/2020\/10\/peso-placa-bec-hero8-300x110.jpg 300w, https:\/\/iha-race.com\/wp-content\/uploads\/2020\/10\/peso-placa-bec-hero8-1024x374.jpg 1024w, https:\/\/iha-race.com\/wp-content\/uploads\/2020\/10\/peso-placa-bec-hero8-767x280.jpg 767w, https:\/\/iha-race.com\/wp-content\/uploads\/2020\/10\/peso-placa-bec-hero8-1536x561.jpg 1536w, https:\/\/iha-race.com\/wp-content\/uploads\/2020\/10\/peso-placa-bec-hero8-2048x748.jpg 2048w, https:\/\/iha-race.com\/wp-content\/uploads\/2020\/10\/peso-placa-bec-hero8-788x287.jpg 788w\" sizes=\"(max-width: 600px) 100vw, 600px\" \/><\/p>\n<p>&nbsp;<\/p>\n<h2 class=\"p16ugcud\" style=\"text-align: start;\" data-key=\"112\" data-type=\"paragraph\">Schema della scheda BEC<\/h2>\n<div class=\"p16ugcud\" style=\"text-align: start;\" data-key=\"112\" data-type=\"paragraph\">\n<div class=\"p16ugcud\" data-type=\"paragraph\" data-key=\"112\">  I due pulsanti sulla scheda BEC hanno le stesse funzioni dei pulsanti sostitutivi della GoPro. Tre azioni che useremo spesso.  <\/p>\n<ul>\n<li>Accensione: premere il pulsante di accensione\/modalit\u00e0, il LED lampeggia tre volte e si spegne.<\/li>\n<li>Avviare la registrazione: premere una volta il pulsante &#8220;Record&#8221; e il LED lampegger\u00e0 lentamente. Se il LED lampeggia una volta e poi si spegne, significa che la scheda SD non \u00e8 presente.<\/li>\n<li>Interruzione della registrazione: premere il pulsante &#8220;Record&#8221;, il LED smette di lampeggiare lentamente.<\/li>\n<\/ul>\n<p><strong>Scheda BEC per GoPro HERO8<\/strong><\/p>\n<p><img decoding=\"async\" class=\"alignnone wp-image-54624 size-full\" src=\"https:\/\/iha-race.com\/wp-content\/uploads\/2020\/10\/diagrama-bec-hero-8.jpg\" alt=\"\" width=\"1024\" height=\"574\" srcset=\"https:\/\/iha-race.com\/wp-content\/uploads\/2020\/10\/diagrama-bec-hero-8.jpg 1024w, https:\/\/iha-race.com\/wp-content\/uploads\/2020\/10\/diagrama-bec-hero-8-599x336.jpg 599w, https:\/\/iha-race.com\/wp-content\/uploads\/2020\/10\/diagrama-bec-hero-8-300x168.jpg 300w, https:\/\/iha-race.com\/wp-content\/uploads\/2020\/10\/diagrama-bec-hero-8-767x430.jpg 767w, https:\/\/iha-race.com\/wp-content\/uploads\/2020\/10\/diagrama-bec-hero-8-1536x861.jpg 1536w, https:\/\/iha-race.com\/wp-content\/uploads\/2020\/10\/diagrama-bec-hero-8-2048x1148.jpg 2048w, https:\/\/iha-race.com\/wp-content\/uploads\/2020\/10\/diagrama-bec-hero-8-788x441.jpg 788w\" sizes=\"(max-width: 1024px) 100vw, 1024px\" \/><\/p>\n<h2>Stato del LED<\/h2>\n<p><span class=\"tran\" data-group=\"13_16_12\">In <\/span><span class=\"tran\" data-group=\"14_13\">condizioni <\/span><span class=\"tran\" data-group=\"15_14\">operative <\/span><span class=\"tran\" data-group=\"14_13\">normali <\/span><span class=\"tran\" data-group=\"15_14\">, <\/span>collegare prima il connettore GH1.25 alla videocamera GoPro Lite e poi alla batteria. Il LED lampeggia una volta, quindi \u00e8 necessario premere il pulsante di accensione\/modalit\u00e0 una volta al secondo per accenderlo. Il LED sulla scheda BEC ha lo stesso stato del LED standard sulla scheda madre della GoPro.  <img loading=\"lazy\" decoding=\"async\" class=\"alignnone wp-image-54625 size-full\" src=\"https:\/\/iha-race.com\/wp-content\/uploads\/2020\/10\/estado-del-led.jpg\" alt=\"\" width=\"718\" height=\"532\" srcset=\"https:\/\/iha-race.com\/wp-content\/uploads\/2020\/10\/estado-del-led.jpg 718w, https:\/\/iha-race.com\/wp-content\/uploads\/2020\/10\/estado-del-led-599x444.jpg 599w, https:\/\/iha-race.com\/wp-content\/uploads\/2020\/10\/estado-del-led-300x222.jpg 300w, https:\/\/iha-race.com\/wp-content\/uploads\/2020\/10\/estado-del-led-1024x759.jpg 1024w, https:\/\/iha-race.com\/wp-content\/uploads\/2020\/10\/estado-del-led-768x569.jpg 768w, https:\/\/iha-race.com\/wp-content\/uploads\/2020\/10\/estado-del-led-1536x1138.jpg 1536w, https:\/\/iha-race.com\/wp-content\/uploads\/2020\/10\/estado-del-led-2048x1517.jpg 2048w, https:\/\/iha-race.com\/wp-content\/uploads\/2020\/10\/estado-del-led-788x583.jpg 788w\" sizes=\"(max-width: 718px) 100vw, 718px\" \/><\/p>\n<h2 class=\"p16ugcud\" data-key=\"114\" data-type=\"paragraph\">Come impostare la registrazione remota<\/h2>\n<div class=\"p16ugcud\" data-key=\"114\" data-type=\"paragraph\">  Il pilota poteva utilizzare l&#8217;interruttore sulla radiotrasmittente per avviare\/interrompere la registrazione. Sono necessarie altre configurazioni. Ad esempio, se si utilizza <a href=\"https:\/\/iha-race.com\/producto\/control-de-vuelo-betafpv-f405-v2-4s\/\">F4 FC V2.0<\/a> sul drone, come il drone 95X whoop, lo schema di collegamento \u00e8 mostrato di seguito. Il filo giallo (pin pad FC B12) serve solo per la registrazione remota.  <img decoding=\"async\" src=\"https:\/\/cdn.shopify.cn\/s\/files\/1\/1778\/6615\/files\/F405-_95X_-1_a54afb4f-72fa-484e-87cd-dbe5602c7ff7_480x480.jpg?v=1591671038\">  Utilizziamo la funzione Pinio di Betaflight per controllare la registrazione. Innanzitutto, configurare la funzione Pinio del pin B12 della scheda FC. resource FLASH_CS 1 NONE resource PINIO 1 B12 set pinio_box = 40,255,255,255 save Successivamente, assegna uno dei canali di commutazione del tuo trasmettitore radio a questo Pinio (noto anche come USER1). Come illustrato di seguito, assegniamo il canale AUX4 del trasmettitore radio a USER1 Pinio.  <strong>Il cursore nell&#8217;area arancione significa che il pulsante \u00e8 stato rilasciato e l&#8217;area bianca significa che il pulsante \u00e8 stato premuto.  <\/strong><strong>Mantenete quindi il cursore nell&#8217;area arancione predefinita.<\/strong><\/p>\n<p><img decoding=\"async\" src=\"https:\/\/cdn.shopify.cn\/s\/files\/1\/1778\/6615\/files\/user1.jpg?v=1590573160\">  In terzo luogo, controlla se la funzione Pinio funziona.  <strong>Commutare l&#8217;interruttore e fare in modo che il cursore si sposti dalla zona arancione alla zona bianca e infine di nuovo alla zona arancione.  <\/strong>A questo punto \u00e8 possibile controllare lo stato del LED per verificare se la registrazione \u00e8 stata avviata. Utilizzare lo stesso procedimento per interrompere la registrazione. Se utilizzi la scheda <a href=\"https:\/\/iha-race.com\/producto\/control-de-vuelo-betafpv-aio-12a-brushless\/\">12A F4 AIO FC <\/a>, come il drone 85X whoop, userai il pin LED_STRIP (noto anche come pin pad A08) per la funzione Pinio.  &nbsp;<\/p>\n<p><img decoding=\"async\" src=\"https:\/\/cdn.shopify.cn\/s\/files\/1\/1778\/6615\/files\/F4_AIO_FC_12A_V2_-_85X_-1_593a9c38-53be-42dc-a5d5-15bf14859862_480x480.jpg?v=1590543017\">  risorsa LED_STRIP 1 NONE risorsa PINIO 1 A08 set pinio_box = 40,255,255,255 store  <\/p>\n<h2>Parti della serie Naked Camera<\/h2>\n<p>  Sappiamo che alcuni piloti potrebbero avere delle domande su come ottenere la custodia della telecamera nuda o alcuni potrebbero voler prendere direttamente la telecamera nuda. Ecco altre opzioni per un&#8217;installazione migliore.  <\/p>\n<ul>\n<li><a href=\"https:\/\/iha-race.com\/producto\/quadcopter-beta95x-v2-whoop-para-gopro-hero\/\">Beta95X per telecamera nuda  <\/a><\/li>\n<li><a href=\"https:\/\/iha-race.com\/producto\/junta-bec-para-gopro-hero-6-y-hero-7\/\">Scheda BEC per telecamera nuda  <\/a><\/li>\n<li><a href=\"https:\/\/iha-race.com\/producto\/estuche-para-camara-gopro-lite\/\">Custodia per fotocamera nuda<\/a><\/li>\n<\/ul>\n<h2>Come smontare GoPro HERO 6\/8 Black<\/h2>\n<p>  Un ringraziamento speciale a JONAH BLAESER, che ha fornito il metodo di smontaggio della GoPro HERO6 \/ 8 Black. Se sei interessato, consulta il link per conoscere i passaggi specifici per creare la tua GoPro nuda. <a href=\"https:\/\/www.facebook.com\/notes\/naked-cinewhoop-community-gopro-insta360-and-the-others\/gopro-hero6-black-disassembly-guide\/278177150142498\/\">Guida allo smontaggio di GoPro HERO6 Black<\/a> Forniamo anche il metodo di smontaggio di GoPro HERO8 Black.<br \/>\nSe sei interessato, consulta il link. <a title=\"Guida allo smontaggio della GoPro Hero8 Black\" href=\"https:\/\/drive.google.com\/file\/d\/1SbetTFhECogr-prt_DqIpXEdTE3Jd8EF\/view?fbclid=IwAR0sOXk296xgcrXXDbRanmnYhMVzmSibe6zTS1s-RfiPeJYQgtsDIv5CQIQ\" target=\"_blank\" rel=\"noopener noreferrer\">Guida allo smontaggio di GoPro HERO8 Black<\/a> Nota: esegui questa operazione a tuo rischio e pericolo.  Perderete la garanzia sulla vostra GoPro e potreste finire per bloccare la videocamera se qualcosa va storto. Questa guida non \u00e8 autorizzata da GoPro e non si garantisce che la videocamera funzioni in seguito. BETAFPV non sar\u00e0 responsabile di questa azione. Come montare la scheda BEC in una camera nuda:  <img loading=\"lazy\" decoding=\"async\" class=\"alignnone wp-image-54626 size-full\" src=\"https:\/\/iha-race.com\/wp-content\/uploads\/2020\/10\/montaje-bec-camara-desnuda.jpg\" alt=\"\" width=\"600\" height=\"446\" srcset=\"https:\/\/iha-race.com\/wp-content\/uploads\/2020\/10\/montaje-bec-camara-desnuda.jpg 600w, https:\/\/iha-race.com\/wp-content\/uploads\/2020\/10\/montaje-bec-camara-desnuda-599x445.jpg 599w, https:\/\/iha-race.com\/wp-content\/uploads\/2020\/10\/montaje-bec-camara-desnuda-300x223.jpg 300w, https:\/\/iha-race.com\/wp-content\/uploads\/2020\/10\/montaje-bec-camara-desnuda-1024x761.jpg 1024w, https:\/\/iha-race.com\/wp-content\/uploads\/2020\/10\/montaje-bec-camara-desnuda-767x570.jpg 767w, https:\/\/iha-race.com\/wp-content\/uploads\/2020\/10\/montaje-bec-camara-desnuda-1536x1142.jpg 1536w, https:\/\/iha-race.com\/wp-content\/uploads\/2020\/10\/montaje-bec-camara-desnuda-2048x1522.jpg 2048w, https:\/\/iha-race.com\/wp-content\/uploads\/2020\/10\/montaje-bec-camara-desnuda-788x585.jpg 788w\" sizes=\"(max-width: 600px) 100vw, 600px\" \/><\/p>\n<h2>Il pacchetto comprende:<\/h2>\n<\/div>\n<div class=\"p16ugcud\" data-key=\"114\" data-type=\"paragraph\">\n<ul>\n<li>1 * Scheda BEC per GoPro HERO8<\/li>\n<li>1 * Cavo di alimentazione GH1.25 (80 mm 30 AWG)<\/li>\n<li>3 * M1.4 * 4 viti<\/li>\n<\/ul>\n<p><img loading=\"lazy\" decoding=\"async\" class=\"alignnone wp-image-54627 size-full\" src=\"https:\/\/iha-race.com\/wp-content\/uploads\/2020\/10\/incluido-en-el-paquete.jpg\" alt=\"\" width=\"600\" height=\"354\" srcset=\"https:\/\/iha-race.com\/wp-content\/uploads\/2020\/10\/incluido-en-el-paquete.jpg 600w, https:\/\/iha-race.com\/wp-content\/uploads\/2020\/10\/incluido-en-el-paquete-300x177.jpg 300w, https:\/\/iha-race.com\/wp-content\/uploads\/2020\/10\/incluido-en-el-paquete-1024x604.jpg 1024w, https:\/\/iha-race.com\/wp-content\/uploads\/2020\/10\/incluido-en-el-paquete-768x453.jpg 768w, https:\/\/iha-race.com\/wp-content\/uploads\/2020\/10\/incluido-en-el-paquete-1536x906.jpg 1536w, https:\/\/iha-race.com\/wp-content\/uploads\/2020\/10\/incluido-en-el-paquete-2048x1208.jpg 2048w, https:\/\/iha-race.com\/wp-content\/uploads\/2020\/10\/incluido-en-el-paquete-788x464.jpg 788w\" sizes=\"(max-width: 600px) 100vw, 600px\" \/><\/p>\n<p>&nbsp;<\/p>\n<\/div>\n<\/div>\n<\/div>\n","protected":false},"excerpt":{"rendered":"<p>Scheda BEC per GoPro Hero 8 BETAFPV ha anche progettato una nuova scheda BEC per GoPro HERO8. Non dovrete pi\u00f9 preoccuparvi che la vostra GoPro si spenga durante il volo.<\/p>\n","protected":false},"featured_media":93991,"comment_status":"open","ping_status":"closed","template":"","meta":{"_joinchat":[]},"pwb-brand":[],"product_cat":[1193,1165],"product_tag":[],"class_list":{"0":"post-113234","1":"product","2":"type-product","3":"status-publish","4":"has-post-thumbnail","6":"product_cat-ricambi-per-fotocamere","7":"product_cat-telecamere-fpv","9":"first","10":"instock","11":"taxable","12":"shipping-taxable","13":"purchasable","14":"product-type-simple"},"barcode":null,"atum_controlled":true,"out_stock_date":null,"out_stock_threshold":null,"inheritable":false,"stock_on_hold":0,"sold_today":0,"sales_last_days":0,"out_stock_days":0,"lost_sales":0,"update_date":"2026-04-25T20:28:34","atum_locations":[],"atum_stock_status":"instock","restock_status":false,"low_stock_amount":"","sales_update_date":"2026-04-25T20:28:34","calc_backorders":null,"yoast_head":"<!-- This site is optimized with the Yoast SEO plugin v27.3 - https:\/\/yoast.com\/product\/yoast-seo-wordpress\/ -->\n<title>Scheda BEC per GoPro Hero 8 - Iha Race<\/title>\n<meta name=\"robots\" content=\"index, follow, max-snippet:-1, max-image-preview:large, max-video-preview:-1\" \/>\n<link rel=\"canonical\" href=\"https:\/\/iha-race.com\/it\/prodotto\/bec-plate-per-gopro-hero-8\/\" \/>\n<meta property=\"og:locale\" content=\"it_IT\" \/>\n<meta property=\"og:type\" content=\"article\" \/>\n<meta property=\"og:title\" content=\"Scheda BEC per GoPro Hero 8 - Iha Race\" \/>\n<meta property=\"og:description\" content=\"Scheda BEC per GoPro Hero 8 BETAFPV ha anche progettato una nuova scheda BEC per GoPro HERO8. Non dovrete pi\u00f9 preoccuparvi che la vostra GoPro si spenga durante il volo.\" \/>\n<meta property=\"og:url\" content=\"https:\/\/iha-race.com\/it\/prodotto\/bec-plate-per-gopro-hero-8\/\" \/>\n<meta property=\"og:site_name\" content=\"Iha Race\" \/>\n<meta property=\"article:modified_time\" content=\"2024-08-29T13:58:13+00:00\" \/>\n<meta property=\"og:image\" content=\"https:\/\/iha-race.com\/wp-content\/uploads\/2020\/10\/junta-bec-gopro-hero8-1.jpg\" \/>\n\t<meta property=\"og:image:width\" content=\"800\" \/>\n\t<meta property=\"og:image:height\" content=\"800\" \/>\n\t<meta property=\"og:image:type\" content=\"image\/jpeg\" \/>\n<meta name=\"twitter:card\" content=\"summary_large_image\" \/>\n<meta name=\"twitter:label1\" content=\"Tempo di lettura stimato\" \/>\n\t<meta name=\"twitter:data1\" content=\"4 minuti\" \/>\n<script type=\"application\/ld+json\" class=\"yoast-schema-graph\">{\"@context\":\"https:\\\/\\\/schema.org\",\"@graph\":[{\"@type\":\"WebPage\",\"@id\":\"https:\\\/\\\/iha-race.com\\\/it\\\/prodotto\\\/bec-plate-per-gopro-hero-8\\\/\",\"url\":\"https:\\\/\\\/iha-race.com\\\/it\\\/prodotto\\\/bec-plate-per-gopro-hero-8\\\/\",\"name\":\"Scheda BEC per GoPro Hero 8 - Iha Race\",\"isPartOf\":{\"@id\":\"https:\\\/\\\/iha-race.com\\\/it\\\/#website\"},\"primaryImageOfPage\":{\"@id\":\"https:\\\/\\\/iha-race.com\\\/it\\\/prodotto\\\/bec-plate-per-gopro-hero-8\\\/#primaryimage\"},\"image\":{\"@id\":\"https:\\\/\\\/iha-race.com\\\/it\\\/prodotto\\\/bec-plate-per-gopro-hero-8\\\/#primaryimage\"},\"thumbnailUrl\":\"https:\\\/\\\/iha-race.com\\\/wp-content\\\/uploads\\\/2020\\\/10\\\/junta-bec-gopro-hero8-1.jpg\",\"datePublished\":\"2020-10-05T08:16:47+00:00\",\"dateModified\":\"2024-08-29T13:58:13+00:00\",\"breadcrumb\":{\"@id\":\"https:\\\/\\\/iha-race.com\\\/it\\\/prodotto\\\/bec-plate-per-gopro-hero-8\\\/#breadcrumb\"},\"inLanguage\":\"it-IT\",\"potentialAction\":[{\"@type\":\"ReadAction\",\"target\":[\"https:\\\/\\\/iha-race.com\\\/it\\\/prodotto\\\/bec-plate-per-gopro-hero-8\\\/\"]}]},{\"@type\":\"ImageObject\",\"inLanguage\":\"it-IT\",\"@id\":\"https:\\\/\\\/iha-race.com\\\/it\\\/prodotto\\\/bec-plate-per-gopro-hero-8\\\/#primaryimage\",\"url\":\"https:\\\/\\\/iha-race.com\\\/wp-content\\\/uploads\\\/2020\\\/10\\\/junta-bec-gopro-hero8-1.jpg\",\"contentUrl\":\"https:\\\/\\\/iha-race.com\\\/wp-content\\\/uploads\\\/2020\\\/10\\\/junta-bec-gopro-hero8-1.jpg\",\"width\":800,\"height\":800,\"caption\":\"bec-gopro-hero8-joint\"},{\"@type\":\"BreadcrumbList\",\"@id\":\"https:\\\/\\\/iha-race.com\\\/it\\\/prodotto\\\/bec-plate-per-gopro-hero-8\\\/#breadcrumb\",\"itemListElement\":[{\"@type\":\"ListItem\",\"position\":1,\"name\":\"Portada\",\"item\":\"https:\\\/\\\/iha-race.com\\\/it\\\/\"},{\"@type\":\"ListItem\",\"position\":2,\"name\":\"Negozio\",\"item\":\"https:\\\/\\\/iha-race.com\\\/it\\\/negozio\\\/\"},{\"@type\":\"ListItem\",\"position\":3,\"name\":\"Scheda BEC per GoPro Hero 8\"}]},{\"@type\":\"WebSite\",\"@id\":\"https:\\\/\\\/iha-race.com\\\/it\\\/#website\",\"url\":\"https:\\\/\\\/iha-race.com\\\/it\\\/\",\"name\":\"Iha Race\",\"description\":\"Comprar drones de carreras FPV env\u00edos en un d\u00eda desde Espa\u00f1a\",\"publisher\":{\"@id\":\"https:\\\/\\\/iha-race.com\\\/it\\\/#organization\"},\"potentialAction\":[{\"@type\":\"SearchAction\",\"target\":{\"@type\":\"EntryPoint\",\"urlTemplate\":\"https:\\\/\\\/iha-race.com\\\/it\\\/?s={search_term_string}\"},\"query-input\":{\"@type\":\"PropertyValueSpecification\",\"valueRequired\":true,\"valueName\":\"search_term_string\"}}],\"inLanguage\":\"it-IT\"},{\"@type\":\"Organization\",\"@id\":\"https:\\\/\\\/iha-race.com\\\/it\\\/#organization\",\"name\":\"Iha Race\",\"url\":\"https:\\\/\\\/iha-race.com\\\/it\\\/\",\"logo\":{\"@type\":\"ImageObject\",\"inLanguage\":\"it-IT\",\"@id\":\"https:\\\/\\\/iha-race.com\\\/it\\\/#\\\/schema\\\/logo\\\/image\\\/\",\"url\":\"https:\\\/\\\/iha-race.com\\\/wp-content\\\/uploads\\\/2018\\\/07\\\/iha-race-drones-de-carreras-tienda-comprar-drones.png\",\"contentUrl\":\"https:\\\/\\\/iha-race.com\\\/wp-content\\\/uploads\\\/2018\\\/07\\\/iha-race-drones-de-carreras-tienda-comprar-drones.png\",\"width\":300,\"height\":100,\"caption\":\"Iha Race\"},\"image\":{\"@id\":\"https:\\\/\\\/iha-race.com\\\/it\\\/#\\\/schema\\\/logo\\\/image\\\/\"}}]}<\/script>\n<!-- \/ Yoast SEO plugin. -->","yoast_head_json":{"title":"Scheda BEC per GoPro Hero 8 - Iha Race","robots":{"index":"index","follow":"follow","max-snippet":"max-snippet:-1","max-image-preview":"max-image-preview:large","max-video-preview":"max-video-preview:-1"},"canonical":"https:\/\/iha-race.com\/it\/prodotto\/bec-plate-per-gopro-hero-8\/","og_locale":"it_IT","og_type":"article","og_title":"Scheda BEC per GoPro Hero 8 - Iha Race","og_description":"Scheda BEC per GoPro Hero 8 BETAFPV ha anche progettato una nuova scheda BEC per GoPro HERO8. Non dovrete pi\u00f9 preoccuparvi che la vostra GoPro si spenga durante il volo.","og_url":"https:\/\/iha-race.com\/it\/prodotto\/bec-plate-per-gopro-hero-8\/","og_site_name":"Iha Race","article_modified_time":"2024-08-29T13:58:13+00:00","og_image":[{"width":800,"height":800,"url":"https:\/\/iha-race.com\/wp-content\/uploads\/2020\/10\/junta-bec-gopro-hero8-1.jpg","type":"image\/jpeg"}],"twitter_card":"summary_large_image","twitter_misc":{"Tempo di lettura stimato":"4 minuti"},"schema":{"@context":"https:\/\/schema.org","@graph":[{"@type":"WebPage","@id":"https:\/\/iha-race.com\/it\/prodotto\/bec-plate-per-gopro-hero-8\/","url":"https:\/\/iha-race.com\/it\/prodotto\/bec-plate-per-gopro-hero-8\/","name":"Scheda BEC per GoPro Hero 8 - Iha Race","isPartOf":{"@id":"https:\/\/iha-race.com\/it\/#website"},"primaryImageOfPage":{"@id":"https:\/\/iha-race.com\/it\/prodotto\/bec-plate-per-gopro-hero-8\/#primaryimage"},"image":{"@id":"https:\/\/iha-race.com\/it\/prodotto\/bec-plate-per-gopro-hero-8\/#primaryimage"},"thumbnailUrl":"https:\/\/iha-race.com\/wp-content\/uploads\/2020\/10\/junta-bec-gopro-hero8-1.jpg","datePublished":"2020-10-05T08:16:47+00:00","dateModified":"2024-08-29T13:58:13+00:00","breadcrumb":{"@id":"https:\/\/iha-race.com\/it\/prodotto\/bec-plate-per-gopro-hero-8\/#breadcrumb"},"inLanguage":"it-IT","potentialAction":[{"@type":"ReadAction","target":["https:\/\/iha-race.com\/it\/prodotto\/bec-plate-per-gopro-hero-8\/"]}]},{"@type":"ImageObject","inLanguage":"it-IT","@id":"https:\/\/iha-race.com\/it\/prodotto\/bec-plate-per-gopro-hero-8\/#primaryimage","url":"https:\/\/iha-race.com\/wp-content\/uploads\/2020\/10\/junta-bec-gopro-hero8-1.jpg","contentUrl":"https:\/\/iha-race.com\/wp-content\/uploads\/2020\/10\/junta-bec-gopro-hero8-1.jpg","width":800,"height":800,"caption":"bec-gopro-hero8-joint"},{"@type":"BreadcrumbList","@id":"https:\/\/iha-race.com\/it\/prodotto\/bec-plate-per-gopro-hero-8\/#breadcrumb","itemListElement":[{"@type":"ListItem","position":1,"name":"Portada","item":"https:\/\/iha-race.com\/it\/"},{"@type":"ListItem","position":2,"name":"Negozio","item":"https:\/\/iha-race.com\/it\/negozio\/"},{"@type":"ListItem","position":3,"name":"Scheda BEC per GoPro Hero 8"}]},{"@type":"WebSite","@id":"https:\/\/iha-race.com\/it\/#website","url":"https:\/\/iha-race.com\/it\/","name":"Iha Race","description":"Comprar drones de carreras FPV env\u00edos en un d\u00eda desde Espa\u00f1a","publisher":{"@id":"https:\/\/iha-race.com\/it\/#organization"},"potentialAction":[{"@type":"SearchAction","target":{"@type":"EntryPoint","urlTemplate":"https:\/\/iha-race.com\/it\/?s={search_term_string}"},"query-input":{"@type":"PropertyValueSpecification","valueRequired":true,"valueName":"search_term_string"}}],"inLanguage":"it-IT"},{"@type":"Organization","@id":"https:\/\/iha-race.com\/it\/#organization","name":"Iha Race","url":"https:\/\/iha-race.com\/it\/","logo":{"@type":"ImageObject","inLanguage":"it-IT","@id":"https:\/\/iha-race.com\/it\/#\/schema\/logo\/image\/","url":"https:\/\/iha-race.com\/wp-content\/uploads\/2018\/07\/iha-race-drones-de-carreras-tienda-comprar-drones.png","contentUrl":"https:\/\/iha-race.com\/wp-content\/uploads\/2018\/07\/iha-race-drones-de-carreras-tienda-comprar-drones.png","width":300,"height":100,"caption":"Iha Race"},"image":{"@id":"https:\/\/iha-race.com\/it\/#\/schema\/logo\/image\/"}}]}},"jetpack_sharing_enabled":true,"brands":[],"_links":{"self":[{"href":"https:\/\/iha-race.com\/it\/wp-json\/wp\/v2\/product\/113234","targetHints":{"allow":["GET"]}}],"collection":[{"href":"https:\/\/iha-race.com\/it\/wp-json\/wp\/v2\/product"}],"about":[{"href":"https:\/\/iha-race.com\/it\/wp-json\/wp\/v2\/types\/product"}],"replies":[{"embeddable":true,"href":"https:\/\/iha-race.com\/it\/wp-json\/wp\/v2\/comments?post=113234"}],"version-history":[{"count":3,"href":"https:\/\/iha-race.com\/it\/wp-json\/wp\/v2\/product\/113234\/revisions"}],"predecessor-version":[{"id":249788,"href":"https:\/\/iha-race.com\/it\/wp-json\/wp\/v2\/product\/113234\/revisions\/249788"}],"wp:featuredmedia":[{"embeddable":true,"href":"https:\/\/iha-race.com\/it\/wp-json\/wp\/v2\/media\/93991"}],"wp:attachment":[{"href":"https:\/\/iha-race.com\/it\/wp-json\/wp\/v2\/media?parent=113234"}],"wp:term":[{"taxonomy":"pwb-brand","embeddable":true,"href":"https:\/\/iha-race.com\/it\/wp-json\/wp\/v2\/pwb-brand?post=113234"},{"taxonomy":"product_cat","embeddable":true,"href":"https:\/\/iha-race.com\/it\/wp-json\/wp\/v2\/product_cat?post=113234"},{"taxonomy":"product_tag","embeddable":true,"href":"https:\/\/iha-race.com\/it\/wp-json\/wp\/v2\/product_tag?post=113234"}],"curies":[{"name":"wp","href":"https:\/\/api.w.org\/{rel}","templated":true}]}}