{"id":113215,"date":"2020-09-21T18:37:51","date_gmt":"2020-09-21T16:37:51","guid":{"rendered":"https:\/\/iha-race.com\/producto\/hglrc-zeus-f722-mini-2-6s-controller-di-volo-con-dji-2020-mm\/"},"modified":"2024-08-29T15:58:46","modified_gmt":"2024-08-29T13:58:46","slug":"hglrc-spectre-f722-mini-mpu6000-gyro-dji-hd-vtx-style-free-runs-fpv-fc","status":"publish","type":"product","link":"https:\/\/iha-race.com\/it\/prodotto\/hglrc-spectre-f722-mini-mpu6000-gyro-dji-hd-vtx-style-free-runs-fpv-fc\/","title":{"rendered":"HGLRC SPECTRE SPECTRE F722 mini MPU6000 giroscopio DJI HD\/VTX Freestyle\/FPV FC Racing"},"content":{"rendered":"<div class=\"col-md-6 col-12 pr product-images img_action_zoom pr_sticky_img\" data-pr-single-media-group=\"\">\n<div class=\"row theiaStickySidebar\">\n<h1 class=\"col-12 col-lg-auto col_nav nav_medium t4_show\">HGLRC SPECTRE SPECTRE F722 mini MPU6000 giroscopio DJI HD\/VTX Freestyle\/FPV FC Racing<\/h1>\n<div>Dopo oltre un anno di accumulo di tecnologia, nel 2023 abbiamo accelerato lo sviluppo e l&#8217;aggiornamento di questa pila SPECTRE F760, ottimizzato il design della serie ZEUS esistente e migliorato il design del circuito in modo specifico. Il controllo di volo utilizza il controller principale STM32 F722 ad alte prestazioni e il giroscopio MPU6000, in modo da ottenere una sensazione di volo pi\u00f9 delicata; tutti i dispositivi esterni del controllo di volo supportano la connessione diretta, plug and play. Aggiungendo cos\u00ec il CNC alla scheda. Alloggiamento del dissipatore di calore integrato per evitare l&#8217;ingresso di detriti nella scheda.Funzioni di controllo del volo:<\/div>\n<\/div>\n<\/div>\n<ol>\n<li>Il controller principale adotta il processore ad alte prestazioni STM32F722, con una velocit\u00e0 di calcolo fino a 216 MHz, che garantisce un controllo pi\u00f9 fluido, una migliore sensibilit\u00e0 della mano e una maggiore velocit\u00e0 di risposta.<\/li>\n<li>Il giroscopio di controllo del volo utilizza MPU6000 ad alte prestazioni per migliorare la stabilit\u00e0 di utilizzo e riserva 42688 gyro pad.<\/li>\n<li>Collegamento diretto a innesto del modulo completo, plug and play, senza necessit\u00e0 di saldature, per una maggiore modularit\u00e0.<\/li>\n<li>L&#8217;alloggiamento del dissipatore di calore CNC personalizzato impedisce l&#8217;ingresso di detriti all&#8217;interno del controllo di volo e ne migliora l&#8217;efficienza d&#8217;uso.<\/li>\n<li>Scatola nera da 16 MB di grandi dimensioni per garantire la corretta registrazione dei dati di volo.<\/li>\n<li>Regolazione dei parametri BF wireless Bluetooth incorporata, connessione all&#8217;app SPeedyBee per regolare la porta seriale, il PID e altri parametri di controllo del volo in qualsiasi momento e ovunque.<\/li>\n<li>Dotato di un interruttore elettronico da 10 V, la modalit\u00e0 di accensione e spegnimento pu\u00f2 essere impostata tramite BF, per risolvere il problema del riscaldamento a lungo termine dell&#8217;accensione.<\/li>\n<li>Su entrambi i lati della lastra viene aggiunto un rivestimento su scala nanometrica, le cui funzioni principali sono l&#8217;impermeabilit\u00e0, la resistenza all&#8217;umidit\u00e0 e la resistenza alla corrosione.<\/li>\n<\/ol>\n<h2>Caratteristiche<\/h2>\n<ul>\n<li>Controllore di volo: mini controllore di volo HGLRC-SPECTRE F722<\/li>\n<li>Firmware del controllo di volo: HGLRCF722 MINI<\/li>\n<li>MCU: STM32F722<\/li>\n<li>GYRO:MPU6000<\/li>\n<li>OSD:AT7456E<\/li>\n<li>Barometro: BMP280<\/li>\n<li>Scatola nera: 16 MB<\/li>\n<li>UARTS: 5 gruppi<\/li>\n<li>BEC: 10V2A\/5V2,5A<\/li>\n<li>Dimensioni del controllo di volo: 37 mm x 34 mm x 9,8 mm<\/li>\n<li>Posizione del foro di installazione: 20&#215;20 mm, M3<\/li>\n<li>Peso: 18 g<\/li>\n<\/ul>\n<h3>Il pacchetto comprende<\/h3>\n<ul>\n<li>1 x HGLRC SPECTRE F722 mini controllore di volo HGLRC SPECTRE F722<\/li>\n<li>1 x SH1.0-8P 30 AWG cavo a doppia estremit\u00e0 e<\/li>\n<li>1 x SH1.0-7P monotesta 30 AWG e 70 mm\/SH1.0 monotesta -DJI 6P cavo 25 mm<\/li>\n<li>1 x 30AWG 70 mm SH1.0-7P intestazione singola\/GH1.25-6P intestazione singola VTX<\/li>\n<li>1 cavo telecamera 30AWG 60 mm a testa singola SH1.0-3P\/singola testa 1.25-3P<\/li>\n<li>1 cavo ricevitore SH1.0-4P a testa singola da 30AWG 100mm<\/li>\n<li>4 viti esagonali M3x20<\/li>\n<\/ul>\n<p>&nbsp;<\/p>\n<p><img decoding=\"async\" src=\"https:\/\/cdn.shopify.com\/s\/files\/1\/2672\/8290\/files\/SPECTER-F722-mini_2a775bd6-10e7-490f-b33b-256c347412b8.jpg?v=1700028547\" alt=\"\"><\/p>\n","protected":false},"excerpt":{"rendered":"<p><strong>Aggiornato!  <\/strong>Ora compatibile con M2\/M3, aggiunta la porta dell&#8217;unit\u00e0 aerea DJI.<\/p>\n","protected":false},"featured_media":239128,"comment_status":"open","ping_status":"closed","template":"","meta":{"_joinchat":[]},"pwb-brand":[],"product_cat":[1194],"product_tag":[],"class_list":{"0":"post-113215","1":"product","2":"type-product","3":"status-publish","4":"has-post-thumbnail","6":"product_cat-controllori-di-droni","8":"first","9":"instock","10":"taxable","11":"shipping-taxable","12":"purchasable","13":"product-type-simple"},"barcode":null,"atum_controlled":true,"out_stock_date":null,"out_stock_threshold":null,"inheritable":false,"stock_on_hold":0,"sold_today":0,"sales_last_days":0,"out_stock_days":0,"lost_sales":0,"update_date":"2026-04-18T19:10:50","atum_locations":[],"atum_stock_status":"instock","restock_status":false,"low_stock_amount":"","sales_update_date":"2026-04-18T19:10:50","calc_backorders":null,"yoast_head":"<!-- This site is optimized with the Yoast SEO plugin v27.3 - https:\/\/yoast.com\/product\/yoast-seo-wordpress\/ -->\n<title>HGLRC SPECTRE SPECTRE F722 mini MPU6000 giroscopio DJI HD\/VTX Freestyle\/FPV FC Racing - Iha Race<\/title>\n<meta name=\"robots\" content=\"index, follow, max-snippet:-1, max-image-preview:large, max-video-preview:-1\" \/>\n<link rel=\"canonical\" href=\"https:\/\/iha-race.com\/it\/prodotto\/hglrc-spectre-f722-mini-mpu6000-gyro-dji-hd-vtx-style-free-runs-fpv-fc\/\" \/>\n<meta property=\"og:locale\" content=\"it_IT\" \/>\n<meta property=\"og:type\" content=\"article\" \/>\n<meta property=\"og:title\" content=\"HGLRC SPECTRE SPECTRE F722 mini MPU6000 giroscopio DJI HD\/VTX Freestyle\/FPV FC Racing - Iha Race\" \/>\n<meta property=\"og:description\" content=\"Aggiornato! Ora compatibile con M2\/M3, aggiunta la porta dell&#039;unit\u00e0 aerea DJI.\" \/>\n<meta property=\"og:url\" content=\"https:\/\/iha-race.com\/it\/prodotto\/hglrc-spectre-f722-mini-mpu6000-gyro-dji-hd-vtx-style-free-runs-fpv-fc\/\" \/>\n<meta property=\"og:site_name\" content=\"Iha Race\" \/>\n<meta property=\"article:modified_time\" content=\"2024-08-29T13:58:46+00:00\" \/>\n<meta property=\"og:image\" content=\"https:\/\/iha-race.com\/wp-content\/uploads\/2020\/09\/HGLRC-SPECTRE-F722-mini-MPU6000.webp\" \/>\n\t<meta property=\"og:image:width\" content=\"1000\" \/>\n\t<meta property=\"og:image:height\" content=\"1000\" \/>\n\t<meta property=\"og:image:type\" content=\"image\/webp\" \/>\n<meta name=\"twitter:card\" content=\"summary_large_image\" \/>\n<meta name=\"twitter:label1\" content=\"Tempo di lettura stimato\" \/>\n\t<meta name=\"twitter:data1\" content=\"2 minuti\" \/>\n<script type=\"application\/ld+json\" class=\"yoast-schema-graph\">{\"@context\":\"https:\\\/\\\/schema.org\",\"@graph\":[{\"@type\":\"WebPage\",\"@id\":\"https:\\\/\\\/iha-race.com\\\/it\\\/prodotto\\\/hglrc-spectre-f722-mini-mpu6000-gyro-dji-hd-vtx-style-free-runs-fpv-fc\\\/\",\"url\":\"https:\\\/\\\/iha-race.com\\\/it\\\/prodotto\\\/hglrc-spectre-f722-mini-mpu6000-gyro-dji-hd-vtx-style-free-runs-fpv-fc\\\/\",\"name\":\"HGLRC SPECTRE SPECTRE F722 mini MPU6000 giroscopio DJI HD\\\/VTX Freestyle\\\/FPV FC Racing - Iha Race\",\"isPartOf\":{\"@id\":\"https:\\\/\\\/iha-race.com\\\/it\\\/#website\"},\"primaryImageOfPage\":{\"@id\":\"https:\\\/\\\/iha-race.com\\\/it\\\/prodotto\\\/hglrc-spectre-f722-mini-mpu6000-gyro-dji-hd-vtx-style-free-runs-fpv-fc\\\/#primaryimage\"},\"image\":{\"@id\":\"https:\\\/\\\/iha-race.com\\\/it\\\/prodotto\\\/hglrc-spectre-f722-mini-mpu6000-gyro-dji-hd-vtx-style-free-runs-fpv-fc\\\/#primaryimage\"},\"thumbnailUrl\":\"https:\\\/\\\/iha-race.com\\\/wp-content\\\/uploads\\\/2020\\\/09\\\/HGLRC-SPECTRE-F722-mini-MPU6000.webp\",\"datePublished\":\"2020-09-21T16:37:51+00:00\",\"dateModified\":\"2024-08-29T13:58:46+00:00\",\"breadcrumb\":{\"@id\":\"https:\\\/\\\/iha-race.com\\\/it\\\/prodotto\\\/hglrc-spectre-f722-mini-mpu6000-gyro-dji-hd-vtx-style-free-runs-fpv-fc\\\/#breadcrumb\"},\"inLanguage\":\"it-IT\",\"potentialAction\":[{\"@type\":\"ReadAction\",\"target\":[\"https:\\\/\\\/iha-race.com\\\/it\\\/prodotto\\\/hglrc-spectre-f722-mini-mpu6000-gyro-dji-hd-vtx-style-free-runs-fpv-fc\\\/\"]}]},{\"@type\":\"ImageObject\",\"inLanguage\":\"it-IT\",\"@id\":\"https:\\\/\\\/iha-race.com\\\/it\\\/prodotto\\\/hglrc-spectre-f722-mini-mpu6000-gyro-dji-hd-vtx-style-free-runs-fpv-fc\\\/#primaryimage\",\"url\":\"https:\\\/\\\/iha-race.com\\\/wp-content\\\/uploads\\\/2020\\\/09\\\/HGLRC-SPECTRE-F722-mini-MPU6000.webp\",\"contentUrl\":\"https:\\\/\\\/iha-race.com\\\/wp-content\\\/uploads\\\/2020\\\/09\\\/HGLRC-SPECTRE-F722-mini-MPU6000.webp\",\"width\":1000,\"height\":1000,\"caption\":\"Comprar HGLRC SPECTRE F722 mini MPU6000\"},{\"@type\":\"BreadcrumbList\",\"@id\":\"https:\\\/\\\/iha-race.com\\\/it\\\/prodotto\\\/hglrc-spectre-f722-mini-mpu6000-gyro-dji-hd-vtx-style-free-runs-fpv-fc\\\/#breadcrumb\",\"itemListElement\":[{\"@type\":\"ListItem\",\"position\":1,\"name\":\"Portada\",\"item\":\"https:\\\/\\\/iha-race.com\\\/it\\\/\"},{\"@type\":\"ListItem\",\"position\":2,\"name\":\"Negozio\",\"item\":\"https:\\\/\\\/iha-race.com\\\/it\\\/negozio\\\/\"},{\"@type\":\"ListItem\",\"position\":3,\"name\":\"HGLRC SPECTRE SPECTRE F722 mini MPU6000 giroscopio DJI HD\\\/VTX Freestyle\\\/FPV FC Racing\"}]},{\"@type\":\"WebSite\",\"@id\":\"https:\\\/\\\/iha-race.com\\\/it\\\/#website\",\"url\":\"https:\\\/\\\/iha-race.com\\\/it\\\/\",\"name\":\"Iha Race\",\"description\":\"Comprar drones de carreras FPV env\u00edos en un d\u00eda desde Espa\u00f1a\",\"publisher\":{\"@id\":\"https:\\\/\\\/iha-race.com\\\/it\\\/#organization\"},\"potentialAction\":[{\"@type\":\"SearchAction\",\"target\":{\"@type\":\"EntryPoint\",\"urlTemplate\":\"https:\\\/\\\/iha-race.com\\\/it\\\/?s={search_term_string}\"},\"query-input\":{\"@type\":\"PropertyValueSpecification\",\"valueRequired\":true,\"valueName\":\"search_term_string\"}}],\"inLanguage\":\"it-IT\"},{\"@type\":\"Organization\",\"@id\":\"https:\\\/\\\/iha-race.com\\\/it\\\/#organization\",\"name\":\"Iha Race\",\"url\":\"https:\\\/\\\/iha-race.com\\\/it\\\/\",\"logo\":{\"@type\":\"ImageObject\",\"inLanguage\":\"it-IT\",\"@id\":\"https:\\\/\\\/iha-race.com\\\/it\\\/#\\\/schema\\\/logo\\\/image\\\/\",\"url\":\"https:\\\/\\\/iha-race.com\\\/wp-content\\\/uploads\\\/2018\\\/07\\\/iha-race-drones-de-carreras-tienda-comprar-drones.png\",\"contentUrl\":\"https:\\\/\\\/iha-race.com\\\/wp-content\\\/uploads\\\/2018\\\/07\\\/iha-race-drones-de-carreras-tienda-comprar-drones.png\",\"width\":300,\"height\":100,\"caption\":\"Iha Race\"},\"image\":{\"@id\":\"https:\\\/\\\/iha-race.com\\\/it\\\/#\\\/schema\\\/logo\\\/image\\\/\"}}]}<\/script>\n<!-- \/ Yoast SEO plugin. -->","yoast_head_json":{"title":"HGLRC SPECTRE SPECTRE F722 mini MPU6000 giroscopio DJI HD\/VTX Freestyle\/FPV FC Racing - Iha Race","robots":{"index":"index","follow":"follow","max-snippet":"max-snippet:-1","max-image-preview":"max-image-preview:large","max-video-preview":"max-video-preview:-1"},"canonical":"https:\/\/iha-race.com\/it\/prodotto\/hglrc-spectre-f722-mini-mpu6000-gyro-dji-hd-vtx-style-free-runs-fpv-fc\/","og_locale":"it_IT","og_type":"article","og_title":"HGLRC SPECTRE SPECTRE F722 mini MPU6000 giroscopio DJI HD\/VTX Freestyle\/FPV FC Racing - Iha Race","og_description":"Aggiornato! Ora compatibile con M2\/M3, aggiunta la porta dell'unit\u00e0 aerea DJI.","og_url":"https:\/\/iha-race.com\/it\/prodotto\/hglrc-spectre-f722-mini-mpu6000-gyro-dji-hd-vtx-style-free-runs-fpv-fc\/","og_site_name":"Iha Race","article_modified_time":"2024-08-29T13:58:46+00:00","og_image":[{"width":1000,"height":1000,"url":"https:\/\/iha-race.com\/wp-content\/uploads\/2020\/09\/HGLRC-SPECTRE-F722-mini-MPU6000.webp","type":"image\/webp"}],"twitter_card":"summary_large_image","twitter_misc":{"Tempo di lettura stimato":"2 minuti"},"schema":{"@context":"https:\/\/schema.org","@graph":[{"@type":"WebPage","@id":"https:\/\/iha-race.com\/it\/prodotto\/hglrc-spectre-f722-mini-mpu6000-gyro-dji-hd-vtx-style-free-runs-fpv-fc\/","url":"https:\/\/iha-race.com\/it\/prodotto\/hglrc-spectre-f722-mini-mpu6000-gyro-dji-hd-vtx-style-free-runs-fpv-fc\/","name":"HGLRC SPECTRE SPECTRE F722 mini MPU6000 giroscopio DJI HD\/VTX Freestyle\/FPV FC Racing - Iha Race","isPartOf":{"@id":"https:\/\/iha-race.com\/it\/#website"},"primaryImageOfPage":{"@id":"https:\/\/iha-race.com\/it\/prodotto\/hglrc-spectre-f722-mini-mpu6000-gyro-dji-hd-vtx-style-free-runs-fpv-fc\/#primaryimage"},"image":{"@id":"https:\/\/iha-race.com\/it\/prodotto\/hglrc-spectre-f722-mini-mpu6000-gyro-dji-hd-vtx-style-free-runs-fpv-fc\/#primaryimage"},"thumbnailUrl":"https:\/\/iha-race.com\/wp-content\/uploads\/2020\/09\/HGLRC-SPECTRE-F722-mini-MPU6000.webp","datePublished":"2020-09-21T16:37:51+00:00","dateModified":"2024-08-29T13:58:46+00:00","breadcrumb":{"@id":"https:\/\/iha-race.com\/it\/prodotto\/hglrc-spectre-f722-mini-mpu6000-gyro-dji-hd-vtx-style-free-runs-fpv-fc\/#breadcrumb"},"inLanguage":"it-IT","potentialAction":[{"@type":"ReadAction","target":["https:\/\/iha-race.com\/it\/prodotto\/hglrc-spectre-f722-mini-mpu6000-gyro-dji-hd-vtx-style-free-runs-fpv-fc\/"]}]},{"@type":"ImageObject","inLanguage":"it-IT","@id":"https:\/\/iha-race.com\/it\/prodotto\/hglrc-spectre-f722-mini-mpu6000-gyro-dji-hd-vtx-style-free-runs-fpv-fc\/#primaryimage","url":"https:\/\/iha-race.com\/wp-content\/uploads\/2020\/09\/HGLRC-SPECTRE-F722-mini-MPU6000.webp","contentUrl":"https:\/\/iha-race.com\/wp-content\/uploads\/2020\/09\/HGLRC-SPECTRE-F722-mini-MPU6000.webp","width":1000,"height":1000,"caption":"Comprar HGLRC SPECTRE F722 mini MPU6000"},{"@type":"BreadcrumbList","@id":"https:\/\/iha-race.com\/it\/prodotto\/hglrc-spectre-f722-mini-mpu6000-gyro-dji-hd-vtx-style-free-runs-fpv-fc\/#breadcrumb","itemListElement":[{"@type":"ListItem","position":1,"name":"Portada","item":"https:\/\/iha-race.com\/it\/"},{"@type":"ListItem","position":2,"name":"Negozio","item":"https:\/\/iha-race.com\/it\/negozio\/"},{"@type":"ListItem","position":3,"name":"HGLRC SPECTRE SPECTRE F722 mini MPU6000 giroscopio DJI HD\/VTX Freestyle\/FPV FC Racing"}]},{"@type":"WebSite","@id":"https:\/\/iha-race.com\/it\/#website","url":"https:\/\/iha-race.com\/it\/","name":"Iha Race","description":"Comprar drones de carreras FPV env\u00edos en un d\u00eda desde Espa\u00f1a","publisher":{"@id":"https:\/\/iha-race.com\/it\/#organization"},"potentialAction":[{"@type":"SearchAction","target":{"@type":"EntryPoint","urlTemplate":"https:\/\/iha-race.com\/it\/?s={search_term_string}"},"query-input":{"@type":"PropertyValueSpecification","valueRequired":true,"valueName":"search_term_string"}}],"inLanguage":"it-IT"},{"@type":"Organization","@id":"https:\/\/iha-race.com\/it\/#organization","name":"Iha Race","url":"https:\/\/iha-race.com\/it\/","logo":{"@type":"ImageObject","inLanguage":"it-IT","@id":"https:\/\/iha-race.com\/it\/#\/schema\/logo\/image\/","url":"https:\/\/iha-race.com\/wp-content\/uploads\/2018\/07\/iha-race-drones-de-carreras-tienda-comprar-drones.png","contentUrl":"https:\/\/iha-race.com\/wp-content\/uploads\/2018\/07\/iha-race-drones-de-carreras-tienda-comprar-drones.png","width":300,"height":100,"caption":"Iha Race"},"image":{"@id":"https:\/\/iha-race.com\/it\/#\/schema\/logo\/image\/"}}]}},"jetpack_sharing_enabled":true,"brands":[],"_links":{"self":[{"href":"https:\/\/iha-race.com\/it\/wp-json\/wp\/v2\/product\/113215","targetHints":{"allow":["GET"]}}],"collection":[{"href":"https:\/\/iha-race.com\/it\/wp-json\/wp\/v2\/product"}],"about":[{"href":"https:\/\/iha-race.com\/it\/wp-json\/wp\/v2\/types\/product"}],"replies":[{"embeddable":true,"href":"https:\/\/iha-race.com\/it\/wp-json\/wp\/v2\/comments?post=113215"}],"version-history":[{"count":5,"href":"https:\/\/iha-race.com\/it\/wp-json\/wp\/v2\/product\/113215\/revisions"}],"predecessor-version":[{"id":239204,"href":"https:\/\/iha-race.com\/it\/wp-json\/wp\/v2\/product\/113215\/revisions\/239204"}],"wp:featuredmedia":[{"embeddable":true,"href":"https:\/\/iha-race.com\/it\/wp-json\/wp\/v2\/media\/239128"}],"wp:attachment":[{"href":"https:\/\/iha-race.com\/it\/wp-json\/wp\/v2\/media?parent=113215"}],"wp:term":[{"taxonomy":"pwb-brand","embeddable":true,"href":"https:\/\/iha-race.com\/it\/wp-json\/wp\/v2\/pwb-brand?post=113215"},{"taxonomy":"product_cat","embeddable":true,"href":"https:\/\/iha-race.com\/it\/wp-json\/wp\/v2\/product_cat?post=113215"},{"taxonomy":"product_tag","embeddable":true,"href":"https:\/\/iha-race.com\/it\/wp-json\/wp\/v2\/product_tag?post=113215"}],"curies":[{"name":"wp","href":"https:\/\/api.w.org\/{rel}","templated":true}]}}