{"id":113202,"date":"2020-09-11T13:08:35","date_gmt":"2020-09-11T11:08:35","guid":{"rendered":"https:\/\/iha-race.com\/producto\/samsung-inr18650-25r-36v-2-pezzi-scatola-di-conservazione\/"},"modified":"2025-12-28T12:05:31","modified_gmt":"2025-12-28T11:05:31","slug":"samsung-inr18650-25r-3-6v-2-unidades-caja-de-almacenamiento","status":"publish","type":"product","link":"https:\/\/iha-race.com\/it\/prodotto\/samsung-inr18650-25r-3-6v-2-unidades-caja-de-almacenamiento\/","title":{"rendered":"Samsung INR18650-25R 3.6V Ricondizionato (2 pezzi + Scatola)"},"content":{"rendered":"<h2>Samsung INR18650-25R 3.6V Ricondizionato (2 pezzi + Scatola)<\/h2>\n<h2>Caratteristiche del prodotto:<\/h2>\n<h2>Informazioni aggiuntive<\/h2>\n<table id=\"product-attribute-specs-table\" class=\"data-table\">\n<colgroup>\n<col width=\"25%\">\n<col><\/colgroup>\n<tbody>\n<tr class=\"first odd\">\n<th class=\"label\">EAN \/ GTIN<\/th>\n<td class=\"data last\"> 7417940527291<\/td>\n<\/tr>\n<tr class=\"even\">\n<th class=\"label\">Peso &#8211; g<\/th>\n<td class=\"data last\"> 44.0000<\/td>\n<\/tr>\n<tr class=\"odd\">\n<th class=\"label\">Marchio<\/th>\n<td class=\"data last\"> Samsung<\/td>\n<\/tr>\n<tr class=\"even\">\n<th class=\"label\">Modello<\/th>\n<td class=\"data last\"> INR18650-25R<\/td>\n<\/tr>\n<tr class=\"odd\">\n<th class=\"label\">Dimensioni della batteria<\/th>\n<td class=\"data last\"> 18650<\/td>\n<\/tr>\n<tr class=\"even\">\n<th class=\"label\">Chimica della batteria<\/th>\n<td class=\"data last\"> Agli ioni di litio<\/td>\n<\/tr>\n<tr class=\"odd\">\n<th class=\"label\">Tensione<\/th>\n<td class=\"data last\"> 3.6V<\/td>\n<\/tr>\n<tr class=\"even\">\n<th class=\"label\">Capacit\u00e0 minima &#8211; mAh<\/th>\n<td class=\"data last\"><span class=\"price\"> 2.500,00<\/span><\/td>\n<\/tr>\n<tr class=\"odd\">\n<th class=\"label\">Capacit\u00e0 tipica. &#8211; mAh<\/th>\n<td class=\"data last\"><span class=\"price\">  2.500,00<\/span><\/td>\n<\/tr>\n<tr class=\"even\">\n<th class=\"label\">Versione a batteria<\/th>\n<td class=\"data last\"> rigenerata, Superficie piatta<\/td>\n<\/tr>\n<tr class=\"odd\">\n<th class=\"label\">Corrente di scarica &#8211; A<\/th>\n<td class=\"data last\"><span class=\"price\"> 20,00<\/span><\/td>\n<\/tr>\n<tr class=\"even\">\n<th class=\"label\">Protezione del circuito<\/th>\n<td class=\"data last\"> Non protetto<\/td>\n<\/tr>\n<tr class=\"odd\">\n<th class=\"label\">Altezza &#8211; mm<\/th>\n<td class=\"data last\"><span class=\"price\"> 65,00<\/span><\/td>\n<\/tr>\n<tr class=\"last even\">\n<th class=\"label\">Diametro &#8211; mm<\/th>\n<td class=\"data last\"><span class=\"price\"> 18,20<\/span><\/td>\n<\/tr>\n<\/tbody>\n<\/table>\n<h2><\/h2>\n<div class=\"box-collateral box-description active\">\n<div class=\"std\">  Queste batterie provengono da pacchi batteria in cui sono stati riscontrati errori di saldatura. Le batterie non sono mai state caricate o scaricate. Le celle che offriamo hanno: &#8211; Danni minimi alla cella &#8211; Mai caricate durante la produzione (fuori dalla scatola) (ogni cella \u00e8 testata) &#8211; La resistenza \u00e8 conforme alla scheda tecnica, mai peggiore (ogni cella \u00e8 testata)  <\/div>\n<\/div>\n<h2><b>Avvertenze<\/b><\/h2>\n<ul>\n<li>Le batterie agli ioni di litio possono essere pericolose se utilizzate in modo non corretto: un cortocircuito o un uso improprio possono causare un incendio o un&#8217;esplosione.<\/li>\n<li>Non collocare la batteria in un caricabatterie o in un&#8217;apparecchiatura con i terminali collegati in modo errato.<\/li>\n<li>Non accorciare mai la batteria. Fai attenzione a non accorciarlo accidentalmente, non metterlo in tasca con un mazzo di chiavi.<\/li>\n<li>Non smontare o deformare la batteria. Smaltirla se la batteria \u00e8 deformata<\/li>\n<li>Non immergere in acqua<\/li>\n<li>Evita vibrazioni o urti fisici eccessivi<\/li>\n<li>Non esporre o smaltire la batteria nel fuoco.<\/li>\n<li>Tenere fuori dalla portata dei bambini<\/li>\n<li>Non utilizzare mai un caricabatterie modificato o danneggiato<\/li>\n<li>Non lasciare la batteria nel caricatore per pi\u00f9 di 12 ore.<\/li>\n<li>Conserva la batteria in un luogo fresco, asciutto e ben ventilato.<\/li>\n<li>Smaltire in conformit\u00e0 alle normative locali<\/li>\n<li>Non saldare queste celle<\/li>\n<\/ul>\n<h2><\/h2>\n<h2><\/h2>\n<h2>Il pacchetto comprende:<\/h2>\n<ul>\n<li><span style=\"font-size: 16px;\">2 batterie Samsung INR18650-25R da 3,6 V ricondizionate<\/span><\/li>\n<li>1 x Scatola per contenere 2 batterie 18650 o 4 batterie 18350<\/li>\n<\/ul>\n","protected":false},"excerpt":{"rendered":"<p>Samsung INR18650-25R 3.6V Ricondizionato (2 pezzi + Scatola) Caratteristiche del prodotto: Informazioni aggiuntive EAN \/ GTIN 7417940527291 Peso &#8211; g 44.0000 Marchio Samsung Modello INR18650-25R Dimensioni della batteria 18650 Chimica<\/p>\n","protected":false},"featured_media":98235,"comment_status":"open","ping_status":"closed","template":"","meta":{"_joinchat":[]},"pwb-brand":[],"product_cat":[1065,1095],"product_tag":[],"class_list":{"0":"post-113202","1":"product","2":"type-product","3":"status-publish","4":"has-post-thumbnail","6":"product_cat-batterie-fpv","7":"product_cat-s1-it","9":"first","10":"instock","11":"taxable","12":"shipping-taxable","13":"purchasable","14":"product-type-simple"},"barcode":null,"atum_controlled":true,"out_stock_date":null,"out_stock_threshold":null,"inheritable":false,"stock_on_hold":0,"sold_today":0,"sales_last_days":0,"out_stock_days":0,"lost_sales":0,"update_date":"2026-04-16T07:36:33","atum_locations":[],"atum_stock_status":"instock","restock_status":false,"low_stock_amount":10,"sales_update_date":"2026-04-16T07:36:33","calc_backorders":null,"yoast_head":"<!-- This site is optimized with the Yoast SEO plugin v27.3 - https:\/\/yoast.com\/product\/yoast-seo-wordpress\/ -->\n<title>Samsung INR18650-25R 3.6V Ricondizionato (2 pezzi + Scatola) - Iha Race<\/title>\n<meta name=\"robots\" content=\"index, follow, max-snippet:-1, max-image-preview:large, max-video-preview:-1\" \/>\n<link rel=\"canonical\" href=\"https:\/\/iha-race.com\/it\/prodotto\/samsung-inr18650-25r-3-6v-2-unidades-caja-de-almacenamiento\/\" \/>\n<meta property=\"og:locale\" content=\"it_IT\" \/>\n<meta property=\"og:type\" content=\"article\" \/>\n<meta property=\"og:title\" content=\"Samsung INR18650-25R 3.6V Ricondizionato (2 pezzi + Scatola) - Iha Race\" \/>\n<meta property=\"og:description\" content=\"Samsung INR18650-25R 3.6V Ricondizionato (2 pezzi + Scatola) Caratteristiche del prodotto: Informazioni aggiuntive EAN \/ GTIN 7417940527291 Peso &#8211; g 44.0000 Marchio Samsung Modello INR18650-25R Dimensioni della batteria 18650 Chimica\" \/>\n<meta property=\"og:url\" content=\"https:\/\/iha-race.com\/it\/prodotto\/samsung-inr18650-25r-3-6v-2-unidades-caja-de-almacenamiento\/\" \/>\n<meta property=\"og:site_name\" content=\"Iha Race\" \/>\n<meta property=\"article:modified_time\" content=\"2025-12-28T11:05:31+00:00\" \/>\n<meta property=\"og:image\" content=\"https:\/\/iha-race.com\/wp-content\/uploads\/2020\/09\/baterias-samsung-inr18650-3.6V-caja-almacenamiento.jpg\" \/>\n\t<meta property=\"og:image:width\" content=\"800\" \/>\n\t<meta property=\"og:image:height\" content=\"800\" \/>\n\t<meta property=\"og:image:type\" content=\"image\/jpeg\" \/>\n<meta name=\"twitter:card\" content=\"summary_large_image\" \/>\n<meta name=\"twitter:label1\" content=\"Tempo di lettura stimato\" \/>\n\t<meta name=\"twitter:data1\" content=\"1 minuto\" \/>\n<script type=\"application\/ld+json\" class=\"yoast-schema-graph\">{\"@context\":\"https:\\\/\\\/schema.org\",\"@graph\":[{\"@type\":\"WebPage\",\"@id\":\"https:\\\/\\\/iha-race.com\\\/it\\\/prodotto\\\/samsung-inr18650-25r-3-6v-2-unidades-caja-de-almacenamiento\\\/\",\"url\":\"https:\\\/\\\/iha-race.com\\\/it\\\/prodotto\\\/samsung-inr18650-25r-3-6v-2-unidades-caja-de-almacenamiento\\\/\",\"name\":\"Samsung INR18650-25R 3.6V Ricondizionato (2 pezzi + Scatola) - Iha Race\",\"isPartOf\":{\"@id\":\"https:\\\/\\\/iha-race.com\\\/it\\\/#website\"},\"primaryImageOfPage\":{\"@id\":\"https:\\\/\\\/iha-race.com\\\/it\\\/prodotto\\\/samsung-inr18650-25r-3-6v-2-unidades-caja-de-almacenamiento\\\/#primaryimage\"},\"image\":{\"@id\":\"https:\\\/\\\/iha-race.com\\\/it\\\/prodotto\\\/samsung-inr18650-25r-3-6v-2-unidades-caja-de-almacenamiento\\\/#primaryimage\"},\"thumbnailUrl\":\"https:\\\/\\\/iha-race.com\\\/wp-content\\\/uploads\\\/2020\\\/09\\\/baterias-samsung-inr18650-3.6V-caja-almacenamiento.jpg\",\"datePublished\":\"2020-09-11T11:08:35+00:00\",\"dateModified\":\"2025-12-28T11:05:31+00:00\",\"breadcrumb\":{\"@id\":\"https:\\\/\\\/iha-race.com\\\/it\\\/prodotto\\\/samsung-inr18650-25r-3-6v-2-unidades-caja-de-almacenamiento\\\/#breadcrumb\"},\"inLanguage\":\"it-IT\",\"potentialAction\":[{\"@type\":\"ReadAction\",\"target\":[\"https:\\\/\\\/iha-race.com\\\/it\\\/prodotto\\\/samsung-inr18650-25r-3-6v-2-unidades-caja-de-almacenamiento\\\/\"]}]},{\"@type\":\"ImageObject\",\"inLanguage\":\"it-IT\",\"@id\":\"https:\\\/\\\/iha-race.com\\\/it\\\/prodotto\\\/samsung-inr18650-25r-3-6v-2-unidades-caja-de-almacenamiento\\\/#primaryimage\",\"url\":\"https:\\\/\\\/iha-race.com\\\/wp-content\\\/uploads\\\/2020\\\/09\\\/baterias-samsung-inr18650-3.6V-caja-almacenamiento.jpg\",\"contentUrl\":\"https:\\\/\\\/iha-race.com\\\/wp-content\\\/uploads\\\/2020\\\/09\\\/baterias-samsung-inr18650-3.6V-caja-almacenamiento.jpg\",\"width\":800,\"height\":800,\"caption\":\"acquistare le batterie pi\u00f9 economiche samsung-inr18650-3.6V-storage-case\"},{\"@type\":\"BreadcrumbList\",\"@id\":\"https:\\\/\\\/iha-race.com\\\/it\\\/prodotto\\\/samsung-inr18650-25r-3-6v-2-unidades-caja-de-almacenamiento\\\/#breadcrumb\",\"itemListElement\":[{\"@type\":\"ListItem\",\"position\":1,\"name\":\"Portada\",\"item\":\"https:\\\/\\\/iha-race.com\\\/it\\\/\"},{\"@type\":\"ListItem\",\"position\":2,\"name\":\"Negozio\",\"item\":\"https:\\\/\\\/iha-race.com\\\/it\\\/negozio\\\/\"},{\"@type\":\"ListItem\",\"position\":3,\"name\":\"Samsung INR18650-25R 3.6V Ricondizionato (2 pezzi + Scatola)\"}]},{\"@type\":\"WebSite\",\"@id\":\"https:\\\/\\\/iha-race.com\\\/it\\\/#website\",\"url\":\"https:\\\/\\\/iha-race.com\\\/it\\\/\",\"name\":\"Iha Race\",\"description\":\"Comprar drones de carreras FPV env\u00edos en un d\u00eda desde Espa\u00f1a\",\"publisher\":{\"@id\":\"https:\\\/\\\/iha-race.com\\\/it\\\/#organization\"},\"potentialAction\":[{\"@type\":\"SearchAction\",\"target\":{\"@type\":\"EntryPoint\",\"urlTemplate\":\"https:\\\/\\\/iha-race.com\\\/it\\\/?s={search_term_string}\"},\"query-input\":{\"@type\":\"PropertyValueSpecification\",\"valueRequired\":true,\"valueName\":\"search_term_string\"}}],\"inLanguage\":\"it-IT\"},{\"@type\":\"Organization\",\"@id\":\"https:\\\/\\\/iha-race.com\\\/it\\\/#organization\",\"name\":\"Iha Race\",\"url\":\"https:\\\/\\\/iha-race.com\\\/it\\\/\",\"logo\":{\"@type\":\"ImageObject\",\"inLanguage\":\"it-IT\",\"@id\":\"https:\\\/\\\/iha-race.com\\\/it\\\/#\\\/schema\\\/logo\\\/image\\\/\",\"url\":\"https:\\\/\\\/iha-race.com\\\/wp-content\\\/uploads\\\/2018\\\/07\\\/iha-race-drones-de-carreras-tienda-comprar-drones.png\",\"contentUrl\":\"https:\\\/\\\/iha-race.com\\\/wp-content\\\/uploads\\\/2018\\\/07\\\/iha-race-drones-de-carreras-tienda-comprar-drones.png\",\"width\":300,\"height\":100,\"caption\":\"Iha Race\"},\"image\":{\"@id\":\"https:\\\/\\\/iha-race.com\\\/it\\\/#\\\/schema\\\/logo\\\/image\\\/\"}}]}<\/script>\n<!-- \/ Yoast SEO plugin. -->","yoast_head_json":{"title":"Samsung INR18650-25R 3.6V Ricondizionato (2 pezzi + Scatola) - Iha Race","robots":{"index":"index","follow":"follow","max-snippet":"max-snippet:-1","max-image-preview":"max-image-preview:large","max-video-preview":"max-video-preview:-1"},"canonical":"https:\/\/iha-race.com\/it\/prodotto\/samsung-inr18650-25r-3-6v-2-unidades-caja-de-almacenamiento\/","og_locale":"it_IT","og_type":"article","og_title":"Samsung INR18650-25R 3.6V Ricondizionato (2 pezzi + Scatola) - Iha Race","og_description":"Samsung INR18650-25R 3.6V Ricondizionato (2 pezzi + Scatola) Caratteristiche del prodotto: Informazioni aggiuntive EAN \/ GTIN 7417940527291 Peso &#8211; g 44.0000 Marchio Samsung Modello INR18650-25R Dimensioni della batteria 18650 Chimica","og_url":"https:\/\/iha-race.com\/it\/prodotto\/samsung-inr18650-25r-3-6v-2-unidades-caja-de-almacenamiento\/","og_site_name":"Iha Race","article_modified_time":"2025-12-28T11:05:31+00:00","og_image":[{"width":800,"height":800,"url":"https:\/\/iha-race.com\/wp-content\/uploads\/2020\/09\/baterias-samsung-inr18650-3.6V-caja-almacenamiento.jpg","type":"image\/jpeg"}],"twitter_card":"summary_large_image","twitter_misc":{"Tempo di lettura stimato":"1 minuto"},"schema":{"@context":"https:\/\/schema.org","@graph":[{"@type":"WebPage","@id":"https:\/\/iha-race.com\/it\/prodotto\/samsung-inr18650-25r-3-6v-2-unidades-caja-de-almacenamiento\/","url":"https:\/\/iha-race.com\/it\/prodotto\/samsung-inr18650-25r-3-6v-2-unidades-caja-de-almacenamiento\/","name":"Samsung INR18650-25R 3.6V Ricondizionato (2 pezzi + Scatola) - Iha Race","isPartOf":{"@id":"https:\/\/iha-race.com\/it\/#website"},"primaryImageOfPage":{"@id":"https:\/\/iha-race.com\/it\/prodotto\/samsung-inr18650-25r-3-6v-2-unidades-caja-de-almacenamiento\/#primaryimage"},"image":{"@id":"https:\/\/iha-race.com\/it\/prodotto\/samsung-inr18650-25r-3-6v-2-unidades-caja-de-almacenamiento\/#primaryimage"},"thumbnailUrl":"https:\/\/iha-race.com\/wp-content\/uploads\/2020\/09\/baterias-samsung-inr18650-3.6V-caja-almacenamiento.jpg","datePublished":"2020-09-11T11:08:35+00:00","dateModified":"2025-12-28T11:05:31+00:00","breadcrumb":{"@id":"https:\/\/iha-race.com\/it\/prodotto\/samsung-inr18650-25r-3-6v-2-unidades-caja-de-almacenamiento\/#breadcrumb"},"inLanguage":"it-IT","potentialAction":[{"@type":"ReadAction","target":["https:\/\/iha-race.com\/it\/prodotto\/samsung-inr18650-25r-3-6v-2-unidades-caja-de-almacenamiento\/"]}]},{"@type":"ImageObject","inLanguage":"it-IT","@id":"https:\/\/iha-race.com\/it\/prodotto\/samsung-inr18650-25r-3-6v-2-unidades-caja-de-almacenamiento\/#primaryimage","url":"https:\/\/iha-race.com\/wp-content\/uploads\/2020\/09\/baterias-samsung-inr18650-3.6V-caja-almacenamiento.jpg","contentUrl":"https:\/\/iha-race.com\/wp-content\/uploads\/2020\/09\/baterias-samsung-inr18650-3.6V-caja-almacenamiento.jpg","width":800,"height":800,"caption":"acquistare le batterie pi\u00f9 economiche samsung-inr18650-3.6V-storage-case"},{"@type":"BreadcrumbList","@id":"https:\/\/iha-race.com\/it\/prodotto\/samsung-inr18650-25r-3-6v-2-unidades-caja-de-almacenamiento\/#breadcrumb","itemListElement":[{"@type":"ListItem","position":1,"name":"Portada","item":"https:\/\/iha-race.com\/it\/"},{"@type":"ListItem","position":2,"name":"Negozio","item":"https:\/\/iha-race.com\/it\/negozio\/"},{"@type":"ListItem","position":3,"name":"Samsung INR18650-25R 3.6V Ricondizionato (2 pezzi + Scatola)"}]},{"@type":"WebSite","@id":"https:\/\/iha-race.com\/it\/#website","url":"https:\/\/iha-race.com\/it\/","name":"Iha Race","description":"Comprar drones de carreras FPV env\u00edos en un d\u00eda desde Espa\u00f1a","publisher":{"@id":"https:\/\/iha-race.com\/it\/#organization"},"potentialAction":[{"@type":"SearchAction","target":{"@type":"EntryPoint","urlTemplate":"https:\/\/iha-race.com\/it\/?s={search_term_string}"},"query-input":{"@type":"PropertyValueSpecification","valueRequired":true,"valueName":"search_term_string"}}],"inLanguage":"it-IT"},{"@type":"Organization","@id":"https:\/\/iha-race.com\/it\/#organization","name":"Iha Race","url":"https:\/\/iha-race.com\/it\/","logo":{"@type":"ImageObject","inLanguage":"it-IT","@id":"https:\/\/iha-race.com\/it\/#\/schema\/logo\/image\/","url":"https:\/\/iha-race.com\/wp-content\/uploads\/2018\/07\/iha-race-drones-de-carreras-tienda-comprar-drones.png","contentUrl":"https:\/\/iha-race.com\/wp-content\/uploads\/2018\/07\/iha-race-drones-de-carreras-tienda-comprar-drones.png","width":300,"height":100,"caption":"Iha Race"},"image":{"@id":"https:\/\/iha-race.com\/it\/#\/schema\/logo\/image\/"}}]}},"brands":[],"_links":{"self":[{"href":"https:\/\/iha-race.com\/it\/wp-json\/wp\/v2\/product\/113202","targetHints":{"allow":["GET"]}}],"collection":[{"href":"https:\/\/iha-race.com\/it\/wp-json\/wp\/v2\/product"}],"about":[{"href":"https:\/\/iha-race.com\/it\/wp-json\/wp\/v2\/types\/product"}],"replies":[{"embeddable":true,"href":"https:\/\/iha-race.com\/it\/wp-json\/wp\/v2\/comments?post=113202"}],"version-history":[{"count":6,"href":"https:\/\/iha-race.com\/it\/wp-json\/wp\/v2\/product\/113202\/revisions"}],"predecessor-version":[{"id":249830,"href":"https:\/\/iha-race.com\/it\/wp-json\/wp\/v2\/product\/113202\/revisions\/249830"}],"wp:featuredmedia":[{"embeddable":true,"href":"https:\/\/iha-race.com\/it\/wp-json\/wp\/v2\/media\/98235"}],"wp:attachment":[{"href":"https:\/\/iha-race.com\/it\/wp-json\/wp\/v2\/media?parent=113202"}],"wp:term":[{"taxonomy":"pwb-brand","embeddable":true,"href":"https:\/\/iha-race.com\/it\/wp-json\/wp\/v2\/pwb-brand?post=113202"},{"taxonomy":"product_cat","embeddable":true,"href":"https:\/\/iha-race.com\/it\/wp-json\/wp\/v2\/product_cat?post=113202"},{"taxonomy":"product_tag","embeddable":true,"href":"https:\/\/iha-race.com\/it\/wp-json\/wp\/v2\/product_tag?post=113202"}],"curies":[{"name":"wp","href":"https:\/\/api.w.org\/{rel}","templated":true}]}}