{"id":113201,"date":"2021-03-29T10:45:10","date_gmt":"2021-03-29T08:45:10","guid":{"rendered":"https:\/\/iha-race.com\/producto\/borsa-lipo-ethix-con-riscaldatore-v2\/"},"modified":"2024-08-29T12:30:02","modified_gmt":"2024-08-29T10:30:02","slug":"ethix-lipo-bag-con-riscaldamento-v2","status":"publish","type":"product","link":"https:\/\/iha-race.com\/it\/prodotto\/ethix-lipo-bag-con-riscaldamento-v2\/","title":{"rendered":"Borsa Lipo ETHIX con riscaldatore V2"},"content":{"rendered":"<h2>Borsa Lipo ETHIX con riscaldatore V2<\/h2>\n<p>  La borsa per lipografia pi\u00f9 meticolosamente progettata e pensata che abbia mai visto. Fa tutto ci\u00f2 che si desidera da un contenitore di stoccaggio per batterie! La lipo bag Ethix, appositamente progettata da Mr. Steele riscalder\u00e0 i vostri zaini a temperature ottimali di strappo, vi dir\u00e0 a che tensione sono, caricher\u00e0 la vostra gopro e sar\u00e0 persino lussuoso per le vostre mani grazie al robusto interno foderato in pelle scamosciata sintetica. L&#8217;elemento riscaldante interno \u00e8 progettato per funzionare con un regolatore a 12 V integrato all&#8217;interno. La borsa stessa \u00e8 isolata termicamente ed \u00e8 dotata di un&#8217;elegante cerniera per tenere fuori tutta la sporcizia e le alte temperature all&#8217;interno. La tasca esterna consente di riporre il telefono durante la ricarica o quando si \u00e8 fuori casa. La borsa \u00e8 progettata per contenere in modo ordinato fino a 30x 1300mAh 4S o 20x 6S 1300mAh.  <\/p>\n<h2>Ricalibrazione:<\/h2>\n<ul>\n<li>Questo serve a calibrare la precisione dell&#8217;ADC (tensione) in fabbrica o a ricalibrarla dopo un uso prolungato.<\/li>\n<li>Tenere premuto il pulsante per 2 secondi, visualizzare &#8220;CAL&#8221; e poi far lampeggiare &#8220;Hello&#8221;, applicare &#8220;25,50V&#8221; fisso, quindi premere il pulsante, attendere che lampeggi &#8220;Lo&#8221;, applicare &#8220;10,50V&#8221; fisso, premere brevemente il pulsante e attendere che finisca.<\/li>\n<li>Se la tensione di applicazione \u00e8 lontana dalla tensione di riferimento ideale, viene visualizzato &#8220;Err&#8221;.<\/li>\n<\/ul>\n<h2>Specifiche della borsa:<\/h2>\n<ul>\n<li>Altezza: 165 mm<\/li>\n<li>Larghezza: 240 mm<\/li>\n<li>Profondit\u00e0: 140 mm<\/li>\n<li>Peso: 440 g<\/li>\n<li>Temperatura target del riscaldatore: 50C \/ 120F<\/li>\n<li>Ingresso caricabatterie USB: 3S-6S<\/li>\n<li>Uscita caricabatterie USB: fino a 2A<\/li>\n<li>Tensioni di spegnimento a bassa tensione: 3S @ 10,5, 4S @ 14V, 5S @ 17,5, 6S @ 21V<\/li>\n<li>Tensione massima: 25,5 V<\/li>\n<li>Tensione minima: 10,5 V<\/li>\n<\/ul>\n<h2>Il pacchetto comprende:<\/h2>\n<ul>\n<li>1 x Borsa Lipo ETHIX con riscaldatore V2<\/li>\n<\/ul>\n","protected":false},"excerpt":{"rendered":"<p>La borsa per lipografia pi\u00f9 meticolosamente progettata e pensata che abbia mai visto.  <strong>Fa tutto ci\u00f2 che si desidera da un contenitore di stoccaggio per batterie!<\/strong><\/p>\n","protected":false},"featured_media":98277,"comment_status":"open","ping_status":"closed","template":"","meta":{"_joinchat":[]},"pwb-brand":[],"product_cat":[1106,1073,1065,1067,1420],"product_tag":[],"class_list":{"0":"post-113201","1":"product","2":"type-product","3":"status-publish","4":"has-post-thumbnail","6":"product_cat-accessori","7":"product_cat-accessori-per-batterie","8":"product_cat-batterie-fpv","9":"product_cat-caricatori","10":"product_cat-zaini-fpv","12":"first","13":"instock","14":"taxable","15":"shipping-taxable","16":"purchasable","17":"product-type-simple"},"barcode":null,"atum_controlled":true,"out_stock_date":null,"out_stock_threshold":null,"inheritable":false,"stock_on_hold":0,"sold_today":0,"sales_last_days":0,"out_stock_days":0,"lost_sales":0,"update_date":"2026-04-16T07:36:05","atum_locations":[],"atum_stock_status":"instock","restock_status":false,"low_stock_amount":"","sales_update_date":"2026-04-16T07:36:05","calc_backorders":null,"yoast_head":"<!-- This site is optimized with the Yoast SEO plugin v27.3 - https:\/\/yoast.com\/product\/yoast-seo-wordpress\/ -->\n<title>Borsa Lipo ETHIX con riscaldatore V2 - Iha Race<\/title>\n<meta name=\"robots\" content=\"index, follow, max-snippet:-1, max-image-preview:large, max-video-preview:-1\" \/>\n<link rel=\"canonical\" href=\"https:\/\/iha-race.com\/it\/prodotto\/ethix-lipo-bag-con-riscaldamento-v2\/\" \/>\n<meta property=\"og:locale\" content=\"it_IT\" \/>\n<meta property=\"og:type\" content=\"article\" \/>\n<meta property=\"og:title\" content=\"Borsa Lipo ETHIX con riscaldatore V2 - Iha Race\" \/>\n<meta property=\"og:description\" content=\"La borsa per lipografia pi\u00f9 meticolosamente progettata e pensata che abbia mai visto. Fa tutto ci\u00f2 che si desidera da un contenitore di stoccaggio per batterie!\" \/>\n<meta property=\"og:url\" content=\"https:\/\/iha-race.com\/it\/prodotto\/ethix-lipo-bag-con-riscaldamento-v2\/\" \/>\n<meta property=\"og:site_name\" content=\"Iha Race\" \/>\n<meta property=\"article:modified_time\" content=\"2024-08-29T10:30:02+00:00\" \/>\n<meta property=\"og:image\" content=\"https:\/\/iha-race.com\/wp-content\/uploads\/2020\/10\/ETHIX-Bolsa-de-Lipo-con-Calefaccion-V2.jpg\" \/>\n\t<meta property=\"og:image:width\" content=\"800\" \/>\n\t<meta property=\"og:image:height\" content=\"800\" \/>\n\t<meta property=\"og:image:type\" content=\"image\/jpeg\" \/>\n<meta name=\"twitter:card\" content=\"summary_large_image\" \/>\n<meta name=\"twitter:label1\" content=\"Tempo di lettura stimato\" \/>\n\t<meta name=\"twitter:data1\" content=\"1 minuto\" \/>\n<script type=\"application\/ld+json\" class=\"yoast-schema-graph\">{\"@context\":\"https:\\\/\\\/schema.org\",\"@graph\":[{\"@type\":\"WebPage\",\"@id\":\"https:\\\/\\\/iha-race.com\\\/it\\\/prodotto\\\/ethix-lipo-bag-con-riscaldamento-v2\\\/\",\"url\":\"https:\\\/\\\/iha-race.com\\\/it\\\/prodotto\\\/ethix-lipo-bag-con-riscaldamento-v2\\\/\",\"name\":\"Borsa Lipo ETHIX con riscaldatore V2 - Iha Race\",\"isPartOf\":{\"@id\":\"https:\\\/\\\/iha-race.com\\\/it\\\/#website\"},\"primaryImageOfPage\":{\"@id\":\"https:\\\/\\\/iha-race.com\\\/it\\\/prodotto\\\/ethix-lipo-bag-con-riscaldamento-v2\\\/#primaryimage\"},\"image\":{\"@id\":\"https:\\\/\\\/iha-race.com\\\/it\\\/prodotto\\\/ethix-lipo-bag-con-riscaldamento-v2\\\/#primaryimage\"},\"thumbnailUrl\":\"https:\\\/\\\/iha-race.com\\\/wp-content\\\/uploads\\\/2020\\\/10\\\/ETHIX-Bolsa-de-Lipo-con-Calefaccion-V2.jpg\",\"datePublished\":\"2021-03-29T08:45:10+00:00\",\"dateModified\":\"2024-08-29T10:30:02+00:00\",\"breadcrumb\":{\"@id\":\"https:\\\/\\\/iha-race.com\\\/it\\\/prodotto\\\/ethix-lipo-bag-con-riscaldamento-v2\\\/#breadcrumb\"},\"inLanguage\":\"it-IT\",\"potentialAction\":[{\"@type\":\"ReadAction\",\"target\":[\"https:\\\/\\\/iha-race.com\\\/it\\\/prodotto\\\/ethix-lipo-bag-con-riscaldamento-v2\\\/\"]}]},{\"@type\":\"ImageObject\",\"inLanguage\":\"it-IT\",\"@id\":\"https:\\\/\\\/iha-race.com\\\/it\\\/prodotto\\\/ethix-lipo-bag-con-riscaldamento-v2\\\/#primaryimage\",\"url\":\"https:\\\/\\\/iha-race.com\\\/wp-content\\\/uploads\\\/2020\\\/10\\\/ETHIX-Bolsa-de-Lipo-con-Calefaccion-V2.jpg\",\"contentUrl\":\"https:\\\/\\\/iha-race.com\\\/wp-content\\\/uploads\\\/2020\\\/10\\\/ETHIX-Bolsa-de-Lipo-con-Calefaccion-V2.jpg\",\"width\":800,\"height\":800,\"caption\":\"acquistare a buon mercato ETHIX Borsa riscaldata per lipo V2\"},{\"@type\":\"BreadcrumbList\",\"@id\":\"https:\\\/\\\/iha-race.com\\\/it\\\/prodotto\\\/ethix-lipo-bag-con-riscaldamento-v2\\\/#breadcrumb\",\"itemListElement\":[{\"@type\":\"ListItem\",\"position\":1,\"name\":\"Portada\",\"item\":\"https:\\\/\\\/iha-race.com\\\/it\\\/\"},{\"@type\":\"ListItem\",\"position\":2,\"name\":\"Negozio\",\"item\":\"https:\\\/\\\/iha-race.com\\\/it\\\/negozio\\\/\"},{\"@type\":\"ListItem\",\"position\":3,\"name\":\"Borsa Lipo ETHIX con riscaldatore V2\"}]},{\"@type\":\"WebSite\",\"@id\":\"https:\\\/\\\/iha-race.com\\\/it\\\/#website\",\"url\":\"https:\\\/\\\/iha-race.com\\\/it\\\/\",\"name\":\"Iha Race\",\"description\":\"Comprar drones de carreras FPV env\u00edos en un d\u00eda desde Espa\u00f1a\",\"publisher\":{\"@id\":\"https:\\\/\\\/iha-race.com\\\/it\\\/#organization\"},\"potentialAction\":[{\"@type\":\"SearchAction\",\"target\":{\"@type\":\"EntryPoint\",\"urlTemplate\":\"https:\\\/\\\/iha-race.com\\\/it\\\/?s={search_term_string}\"},\"query-input\":{\"@type\":\"PropertyValueSpecification\",\"valueRequired\":true,\"valueName\":\"search_term_string\"}}],\"inLanguage\":\"it-IT\"},{\"@type\":\"Organization\",\"@id\":\"https:\\\/\\\/iha-race.com\\\/it\\\/#organization\",\"name\":\"Iha Race\",\"url\":\"https:\\\/\\\/iha-race.com\\\/it\\\/\",\"logo\":{\"@type\":\"ImageObject\",\"inLanguage\":\"it-IT\",\"@id\":\"https:\\\/\\\/iha-race.com\\\/it\\\/#\\\/schema\\\/logo\\\/image\\\/\",\"url\":\"https:\\\/\\\/iha-race.com\\\/wp-content\\\/uploads\\\/2018\\\/07\\\/iha-race-drones-de-carreras-tienda-comprar-drones.png\",\"contentUrl\":\"https:\\\/\\\/iha-race.com\\\/wp-content\\\/uploads\\\/2018\\\/07\\\/iha-race-drones-de-carreras-tienda-comprar-drones.png\",\"width\":300,\"height\":100,\"caption\":\"Iha Race\"},\"image\":{\"@id\":\"https:\\\/\\\/iha-race.com\\\/it\\\/#\\\/schema\\\/logo\\\/image\\\/\"}}]}<\/script>\n<!-- \/ Yoast SEO plugin. -->","yoast_head_json":{"title":"Borsa Lipo ETHIX con riscaldatore V2 - Iha Race","robots":{"index":"index","follow":"follow","max-snippet":"max-snippet:-1","max-image-preview":"max-image-preview:large","max-video-preview":"max-video-preview:-1"},"canonical":"https:\/\/iha-race.com\/it\/prodotto\/ethix-lipo-bag-con-riscaldamento-v2\/","og_locale":"it_IT","og_type":"article","og_title":"Borsa Lipo ETHIX con riscaldatore V2 - Iha Race","og_description":"La borsa per lipografia pi\u00f9 meticolosamente progettata e pensata che abbia mai visto. Fa tutto ci\u00f2 che si desidera da un contenitore di stoccaggio per batterie!","og_url":"https:\/\/iha-race.com\/it\/prodotto\/ethix-lipo-bag-con-riscaldamento-v2\/","og_site_name":"Iha Race","article_modified_time":"2024-08-29T10:30:02+00:00","og_image":[{"width":800,"height":800,"url":"https:\/\/iha-race.com\/wp-content\/uploads\/2020\/10\/ETHIX-Bolsa-de-Lipo-con-Calefaccion-V2.jpg","type":"image\/jpeg"}],"twitter_card":"summary_large_image","twitter_misc":{"Tempo di lettura stimato":"1 minuto"},"schema":{"@context":"https:\/\/schema.org","@graph":[{"@type":"WebPage","@id":"https:\/\/iha-race.com\/it\/prodotto\/ethix-lipo-bag-con-riscaldamento-v2\/","url":"https:\/\/iha-race.com\/it\/prodotto\/ethix-lipo-bag-con-riscaldamento-v2\/","name":"Borsa Lipo ETHIX con riscaldatore V2 - Iha Race","isPartOf":{"@id":"https:\/\/iha-race.com\/it\/#website"},"primaryImageOfPage":{"@id":"https:\/\/iha-race.com\/it\/prodotto\/ethix-lipo-bag-con-riscaldamento-v2\/#primaryimage"},"image":{"@id":"https:\/\/iha-race.com\/it\/prodotto\/ethix-lipo-bag-con-riscaldamento-v2\/#primaryimage"},"thumbnailUrl":"https:\/\/iha-race.com\/wp-content\/uploads\/2020\/10\/ETHIX-Bolsa-de-Lipo-con-Calefaccion-V2.jpg","datePublished":"2021-03-29T08:45:10+00:00","dateModified":"2024-08-29T10:30:02+00:00","breadcrumb":{"@id":"https:\/\/iha-race.com\/it\/prodotto\/ethix-lipo-bag-con-riscaldamento-v2\/#breadcrumb"},"inLanguage":"it-IT","potentialAction":[{"@type":"ReadAction","target":["https:\/\/iha-race.com\/it\/prodotto\/ethix-lipo-bag-con-riscaldamento-v2\/"]}]},{"@type":"ImageObject","inLanguage":"it-IT","@id":"https:\/\/iha-race.com\/it\/prodotto\/ethix-lipo-bag-con-riscaldamento-v2\/#primaryimage","url":"https:\/\/iha-race.com\/wp-content\/uploads\/2020\/10\/ETHIX-Bolsa-de-Lipo-con-Calefaccion-V2.jpg","contentUrl":"https:\/\/iha-race.com\/wp-content\/uploads\/2020\/10\/ETHIX-Bolsa-de-Lipo-con-Calefaccion-V2.jpg","width":800,"height":800,"caption":"acquistare a buon mercato ETHIX Borsa riscaldata per lipo V2"},{"@type":"BreadcrumbList","@id":"https:\/\/iha-race.com\/it\/prodotto\/ethix-lipo-bag-con-riscaldamento-v2\/#breadcrumb","itemListElement":[{"@type":"ListItem","position":1,"name":"Portada","item":"https:\/\/iha-race.com\/it\/"},{"@type":"ListItem","position":2,"name":"Negozio","item":"https:\/\/iha-race.com\/it\/negozio\/"},{"@type":"ListItem","position":3,"name":"Borsa Lipo ETHIX con riscaldatore V2"}]},{"@type":"WebSite","@id":"https:\/\/iha-race.com\/it\/#website","url":"https:\/\/iha-race.com\/it\/","name":"Iha Race","description":"Comprar drones de carreras FPV env\u00edos en un d\u00eda desde Espa\u00f1a","publisher":{"@id":"https:\/\/iha-race.com\/it\/#organization"},"potentialAction":[{"@type":"SearchAction","target":{"@type":"EntryPoint","urlTemplate":"https:\/\/iha-race.com\/it\/?s={search_term_string}"},"query-input":{"@type":"PropertyValueSpecification","valueRequired":true,"valueName":"search_term_string"}}],"inLanguage":"it-IT"},{"@type":"Organization","@id":"https:\/\/iha-race.com\/it\/#organization","name":"Iha Race","url":"https:\/\/iha-race.com\/it\/","logo":{"@type":"ImageObject","inLanguage":"it-IT","@id":"https:\/\/iha-race.com\/it\/#\/schema\/logo\/image\/","url":"https:\/\/iha-race.com\/wp-content\/uploads\/2018\/07\/iha-race-drones-de-carreras-tienda-comprar-drones.png","contentUrl":"https:\/\/iha-race.com\/wp-content\/uploads\/2018\/07\/iha-race-drones-de-carreras-tienda-comprar-drones.png","width":300,"height":100,"caption":"Iha Race"},"image":{"@id":"https:\/\/iha-race.com\/it\/#\/schema\/logo\/image\/"}}]}},"brands":[],"_links":{"self":[{"href":"https:\/\/iha-race.com\/it\/wp-json\/wp\/v2\/product\/113201","targetHints":{"allow":["GET"]}}],"collection":[{"href":"https:\/\/iha-race.com\/it\/wp-json\/wp\/v2\/product"}],"about":[{"href":"https:\/\/iha-race.com\/it\/wp-json\/wp\/v2\/types\/product"}],"replies":[{"embeddable":true,"href":"https:\/\/iha-race.com\/it\/wp-json\/wp\/v2\/comments?post=113201"}],"version-history":[{"count":2,"href":"https:\/\/iha-race.com\/it\/wp-json\/wp\/v2\/product\/113201\/revisions"}],"predecessor-version":[{"id":249576,"href":"https:\/\/iha-race.com\/it\/wp-json\/wp\/v2\/product\/113201\/revisions\/249576"}],"wp:featuredmedia":[{"embeddable":true,"href":"https:\/\/iha-race.com\/it\/wp-json\/wp\/v2\/media\/98277"}],"wp:attachment":[{"href":"https:\/\/iha-race.com\/it\/wp-json\/wp\/v2\/media?parent=113201"}],"wp:term":[{"taxonomy":"pwb-brand","embeddable":true,"href":"https:\/\/iha-race.com\/it\/wp-json\/wp\/v2\/pwb-brand?post=113201"},{"taxonomy":"product_cat","embeddable":true,"href":"https:\/\/iha-race.com\/it\/wp-json\/wp\/v2\/product_cat?post=113201"},{"taxonomy":"product_tag","embeddable":true,"href":"https:\/\/iha-race.com\/it\/wp-json\/wp\/v2\/product_tag?post=113201"}],"curies":[{"name":"wp","href":"https:\/\/api.w.org\/{rel}","templated":true}]}}