{"id":113155,"date":"2020-09-01T11:35:23","date_gmt":"2020-09-01T09:35:23","guid":{"rendered":"https:\/\/iha-race.com\/producto\/adattatore-micro-usb-speedybee-2-con-wifi\/"},"modified":"2024-08-29T16:01:11","modified_gmt":"2024-08-29T14:01:11","slug":"adattatore-speedybee-3","status":"publish","type":"product","link":"https:\/\/iha-race.com\/it\/prodotto\/adattatore-speedybee-3\/","title":{"rendered":"SpeedyBee 3 + 6A Adattatore USB-A a USB-C Cavo di ricarica superveloce"},"content":{"rendered":"<h2 class=\"productView-title\">SpeedyBee 3 + 6A Adattatore USB-A a USB-C Cavo di ricarica superveloce<\/h2>\n<div class=\"tabs-contents\">\n<div id=\"tab-description\" class=\"tab-content is-active\">\n<div class=\"Adapter3\">\n<div class=\"section section1\">\n<p><img decoding=\"async\" title=\"Adattatore SpeedyBee3\" src=\"https:\/\/store-fhxxhuiq8q.mybigcommerce.com\/product_images\/adapter3\/adapter3_web-n1.jpg\" alt=\"Adattatore SpeedyBee3\"><\/p>\n<\/div>\n<div class=\"section section2\">\n<p><img decoding=\"async\" title=\"Adattatore SpeedyBee3\" src=\"https:\/\/store-fhxxhuiq8q.mybigcommerce.com\/product_images\/adapter3\/adapter3_web-n2.jpg\" alt=\"Adattatore SpeedyBee3\"><\/p>\n<\/div>\n<div class=\"section section3\">\n<div class=\"position-absolute\">\n<h3 class=\"title\">Trasforma il tuo smartphone nel tuo compagno FPV mobile<\/h3>\n<div class=\"subtitle\">Connettiti all&#8217;applicazione mobile SpeedyBee e configura il tuo controller di volo in qualsiasi momento e ovunque. Oppure aggiorna all&#8217;ultima versione di Betaflight\/Emuflight\/INAV\/Ardupilot solo 2 minuti prima della sessione di volo. La scelta \u00e8 vostra.<\/div>\n<\/div>\n<p><img decoding=\"async\" title=\"Adattatore SpeedyBee3\" src=\"https:\/\/store-fhxxhuiq8q.mybigcommerce.com\/product_images\/adapter3\/adapter3_web-n3.jpg\" alt=\"Adattatore SpeedyBee3\"><\/p>\n<\/div>\n<div class=\"section section4\">\n<div class=\"position-absolute\">\n<h3 class=\"title\">Analizzare i dati di Blackbox non \u00e8 mai stato cos\u00ec facile.<\/h3>\n<div class=\"subtitle\">Nessun computer portatile, nessuna applicazione separata, nessuna seccatura. Collega il tuo quad all&#8217;app mobile SpeedyBee e analizza i dati della tua Blackbox* in soli 1,5 minuti dopo il volo. Sfrutta al meglio le tue sessioni di allenamento.  <em>*Attualmente sono supportati solo Betaflight ed Emuflight.<\/em><\/div>\n<\/div>\n<p><img decoding=\"async\" title=\"Adattatore SpeedyBee3\" src=\"https:\/\/store-fhxxhuiq8q.mybigcommerce.com\/product_images\/adapter3\/adapter3_web-n4.jpg\" alt=\"Adattatore SpeedyBee3\"><\/p>\n<\/div>\n<div class=\"section section6\">\n<div class=\"position-absolute\">\n<h3 class=\"title\">Le tue batterie LiPo = potenti powerbank da 30W<\/h3>\n<div class=\"subtitle\">Collega SpeedyBee Adapter 3 a una batteria LiPo e ricarica i tuoi cellulari* e tablet quando ne hai pi\u00f9 bisogno. Supporta tutti i principali protocolli di ricarica rapida QC3.0\/AFC\/Apple 2.4A (iPhone 6s e successivi) e altri protocolli di ricarica rapida con potenza fino a 30W. Completa di protezione da sovracorrente, cortocircuito e surriscaldamento per proteggere i tuoi dispositivi da incidenti indesiderati.<\/div>\n<div><\/div>\n<table class=\"speedybee-table\">\n<tbody>\n<tr>\n<td>Modello di telefono<\/td>\n<td>Capacit\u00e0 della batteria<\/td>\n<td>Livello della batteria dopo mezz&#8217;ora di carica<\/td>\n<\/tr>\n<tr>\n<td>Mi 11 Ultra<\/td>\n<td>5000mAh<\/td>\n<td>52%<\/td>\n<\/tr>\n<tr>\n<td>Samsung S10<\/td>\n<td>3400mAh<\/td>\n<td>49%<\/td>\n<\/tr>\n<tr>\n<td>HUAWEI P40 Pro<\/td>\n<td>4400mAh<\/td>\n<td>45%<\/td>\n<\/tr>\n<tr>\n<td>iPhone 11<\/td>\n<td>3110mAh<\/td>\n<td>22%<\/td>\n<\/tr>\n<\/tbody>\n<\/table>\n<div class=\"description\"><em>*La funzione di ricarica richiede LiPo 2S o superiore.<\/em><\/div>\n<\/div>\n<p><img decoding=\"async\" title=\"Adattatore SpeedyBee3\" src=\"https:\/\/store-fhxxhuiq8q.mybigcommerce.com\/product_images\/adapter3\/adapter3_web-a6.jpg\" alt=\"Adattatore SpeedyBee3\"><\/p>\n<\/div>\n<div class=\"section section7\">\n<div class=\"position-absolute\">\n<h3 class=\"title\">Avete dimenticato il tester LiPo?<\/h3>\n<div class=\"title\">  Nessun problema Collega la tua LiPo 1S &#8211; 6S e il display mostrer\u00e0 immediatamente la tensione della batteria e la potenza residua con un codice colore specifico*. Il segnalatore acustico integrato ti avvisa se l&#8217;energia residua scende al di sotto del 40% per aiutarti a prolungare la durata della batteria. *GREEN (&gt;80%), WHITE (40-80%) e RED (&lt;40%).<\/div>\n<\/div>\n<p><img decoding=\"async\" title=\"Adattatore SpeedyBee3\" src=\"https:\/\/store-fhxxhuiq8q.mybigcommerce.com\/product_images\/adapter3\/adapter3_web-n7.jpg\" alt=\"Adattatore SpeedyBee3\"><\/p>\n<\/div>\n<div class=\"section section8\">\n<div class=\"position-absolute\">\n<h3 class=\"title\">MicroUSB o Tipo-C? Perch\u00e9 non entrambi?<\/h3>\n<div><\/div>\n<div class=\"subtitle\">SpeedyBee Adapter 3 \u00e8 dotato di un cavo dati a doppia testa, con connettore MicroUSB 2.0 e USB 3.0 Type-C su ciascuna estremit\u00e0. Non dovrai pi\u00f9 preoccuparti della compatibilit\u00e0 dei connettori, indipendentemente dal controller di volo che stai utilizzando.<\/div>\n<\/div>\n<p><img decoding=\"async\" title=\"Adattatore SpeedyBee3\" src=\"https:\/\/store-fhxxhuiq8q.mybigcommerce.com\/product_images\/adapter3\/adapter3_web-n8.jpg\" alt=\"Adattatore SpeedyBee3\"><\/p>\n<\/div>\n<div class=\"section section9\">\n<div class=\"position-absolute\">\n<h3 class=\"title\">WiFi + Bluetooth = il meglio dei due mondi<\/h3>\n<div><\/div>\n<div class=\"subtitle\">Usa il Bluetooth per accedere rapidamente al configuratore di firmware, oppure passa al Wi-Fi per aggiornare il firmware o scaricare dati dalla Blackbox a velocit\u00e0 pi\u00f9 elevate.<\/div>\n<\/div>\n<p><img decoding=\"async\" title=\"Adattatore SpeedyBee3\" src=\"https:\/\/store-fhxxhuiq8q.mybigcommerce.com\/product_images\/adapter3\/adapter3_web-n9.jpg\" alt=\"Adattatore SpeedyBee3\"><\/p>\n<\/div>\n<div class=\"section section10\">\n<div class=\"position-absolute\">\n<h3 class=\"title\">E tutto ci\u00f2 che serve \u00e8 una sola LiPo.<\/h3>\n<div><\/div>\n<div class=\"subtitle\">Accedi alla funzione di configurazione utilizzando qualsiasi batteria LiPo a tua disposizione. Supporta tutte le LiPo da 1S a 6S con connettori PH2.0 o XT60. Collega la robusta batteria 6S da 1500 mah o la piccola batteria Whoop 1S (tensione minima 3,8 V) allo SpeedyBee Adapter 3 e sei pronto per accedere al configuratore.<\/div>\n<\/div>\n<p><img decoding=\"async\" title=\"Adattatore SpeedyBee3\" src=\"https:\/\/store-fhxxhuiq8q.mybigcommerce.com\/product_images\/adapter3\/adapter3_web-a10.jpg\" alt=\"Adattatore SpeedyBee3\"><\/p>\n<\/div>\n<div class=\"section section11\">\n<div class=\"position-absolute\"><\/div>\n<p><img decoding=\"async\" title=\"Adattatore SpeedyBee3\" src=\"https:\/\/store-fhxxhuiq8q.mybigcommerce.com\/product_images\/adapter3\/20-adapter3.jpg\" alt=\"Adattatore SpeedyBee3\"><\/p>\n<\/div>\n<div class=\"section-Specifications\">\n<div class=\"position-absolute\">\n<h3 id=\"Parameters\" class=\"Specifications\">Specifiche tecniche<\/h3>\n<div><\/div>\n<\/div>\n<table class=\"speedybee-table\">\n<tbody>\n<tr>\n<td width=\"30%\">NOME DEL PRODOTTO<\/td>\n<td width=\"70%\">Adattatore SpeedyBee 3<\/td>\n<\/tr>\n<tr>\n<td>Gamma di tensione di ingresso dell&#8217;alimentazione<\/td>\n<td>1-6S (3,8 V+ per 1S)<\/td>\n<\/tr>\n<tr>\n<td>Connettore di ingresso dell&#8217;alimentazione<\/td>\n<td>XT60-Maschio, PH2.0 Maschio<\/td>\n<\/tr>\n<tr>\n<td>Versione di sistema richiesta del dispositivo mobile<\/td>\n<td>Android 7.0+ | iOS 12.0+<\/td>\n<\/tr>\n<tr>\n<td>Versione supportata dell&#8217;app SpeedyBee<\/td>\n<td>V1.6.1+ per iOS | V1.5.6+ per Android<\/td>\n<\/tr>\n<tr>\n<td>Corrente di uscita massima per i controllori di volo<\/td>\n<td>700 mA a 5 V<\/td>\n<\/tr>\n<tr>\n<td>Interfaccia di uscita per la ricarica rapida<\/td>\n<td>Porta USB A<\/td>\n<\/tr>\n<tr>\n<td>Tensione minima in ingresso per l&#8217;uscita di carica<\/td>\n<td>7,4 V (LiPo 2S)<\/td>\n<\/tr>\n<tr>\n<td>Protocollo di ricarica rapida supportato<\/td>\n<td>&#8211; QC3.0\/QC2.0 &#8211; AFC &#8211; FCP &#8211; SCP\/High SCP &#8211; PE2.0\/PE1.1 &#8211; SFCP<\/td>\n<\/tr>\n<tr>\n<td>Corrente massima di ricarica rapida<\/td>\n<td>3.5A<\/td>\n<\/tr>\n<tr>\n<td>Potenza massima di ricarica rapida<\/td>\n<td>30W<\/td>\n<\/tr>\n<tr>\n<td>Materiale della custodia<\/td>\n<td>ABS + PC<\/td>\n<\/tr>\n<tr>\n<td>Lunghezza del cavo in silicone liquido<\/td>\n<td>12,4 cm<\/td>\n<\/tr>\n<tr>\n<td>Dimensioni (corpo principale)<\/td>\n<td>24,8*21,8*53,6mm<\/td>\n<\/tr>\n<tr>\n<td>Peso netto<\/td>\n<td>35g<\/td>\n<\/tr>\n<\/tbody>\n<\/table>\n<\/div>\n<div class=\"section section12\">\n<div class=\"position-absolute1\">\n<div class=\"subtitle\"><\/div>\n<\/div>\n<\/div>\n<div class=\"section section11\">\n<div class=\"position-absolute1\">\n<div class=\"title\"><\/div>\n<h3 class=\"title\">Adattatore SpeedyBee 3 VS adattatore SpeedyBee 2 VS adattatore OTG<\/h3>\n<div><\/div>\n<\/div>\n<table class=\"speedybee-table\">\n<tbody>\n<tr>\n<td>Articolo<\/td>\n<td>Adattatore SpeedyBee 3<\/td>\n<td>Adattatore SpeedyBee 2<\/td>\n<td>OTG<\/td>\n<\/tr>\n<tr>\n<td>Supporta l&#8217;ingresso di 1-6S LiPo<\/td>\n<td class=\"td-center\">\u2714<\/td>\n<td class=\"td-center\">\u2714<\/td>\n<td class=\"td-center\">N \/ A<\/td>\n<\/tr>\n<tr>\n<td>Connettori XT60 e PH2.0<\/td>\n<td class=\"td-center\">\u2714<\/td>\n<td class=\"td-center\">\u2714<\/td>\n<td class=\"td-center\">N \/ A<\/td>\n<\/tr>\n<tr>\n<td>Configurazione BF\/INAV\/EMU<\/td>\n<td class=\"td-center\">\u2714<\/td>\n<td class=\"td-center\">\u2714<\/td>\n<td class=\"td-center\">\u2714<\/td>\n<\/tr>\n<tr>\n<td>Aggiornamento del firmware del controllo di volo<\/td>\n<td class=\"td-center\">\u2714<\/td>\n<td class=\"td-center\">\u2714<\/td>\n<td class=\"td-center\">\u2718<\/td>\n<\/tr>\n<tr>\n<td>Wi-fi integrato<\/td>\n<td class=\"td-center\">\u2714<\/td>\n<td class=\"td-center\">\u2714<\/td>\n<td class=\"td-center\">\u2718<\/td>\n<\/tr>\n<tr>\n<td>Bluetooth integrato<\/td>\n<td class=\"td-center\">\u2714<\/td>\n<td class=\"td-center\">\u2718<\/td>\n<td class=\"td-center\">\u2718<\/td>\n<\/tr>\n<tr>\n<td>Blackbox Downloader e Analyser<\/td>\n<td class=\"td-center\">\u2714<\/td>\n<td class=\"td-center\">\u2718<\/td>\n<td class=\"td-center\">\u2718<\/td>\n<\/tr>\n<tr>\n<td>Connettore MicroUSB e Type-C integrato<\/td>\n<td class=\"td-center\">\u2714<\/td>\n<td class=\"td-center\">\u2718<\/td>\n<td class=\"td-center\">\u2718<\/td>\n<\/tr>\n<tr>\n<td>Uscita di ricarica rapida fino a 30W<\/td>\n<td class=\"td-center\">\u2714<\/td>\n<td class=\"td-center\">\u2718<\/td>\n<td class=\"td-center\">\u2718<\/td>\n<\/tr>\n<tr>\n<td>Tester di tensione LiPo integrato<\/td>\n<td class=\"td-center\">\u2714<\/td>\n<td class=\"td-center\">\u2718<\/td>\n<td class=\"td-center\">\u2718<\/td>\n<\/tr>\n<\/tbody>\n<\/table>\n<\/div>\n<\/div>\n<\/div>\n<\/div>\n<p>&nbsp;<\/p>\n<h3 class=\"title\">Il pacchetto comprende<\/h3>\n<ul>\n<li class=\"subtitle\">1 x adattatore 3<\/li>\n<li class=\"subtitle\">1 x Scheda manuale<\/li>\n<\/ul>\n<p>&nbsp;<\/p>\n<div class=\"tabs-contents\">\n<div id=\"tab-description\" class=\"tab-content is-active\">\n<div class=\"Adapter3\">\n<div class=\"speedybee-section section8\">\n<div id=\"Manual\" class=\"manual\">\n<h3 class=\"Title\">Manuale<\/h3>\n<p><a href=\"https:\/\/store-fhxxhuiq8q.mybigcommerce.com\/product_images\/adapter3\/20230803-ADAPTER3_Manua_EN.pdf\" target=\"_blank\" rel=\"noopener\"><img decoding=\"async\" src=\"https:\/\/www.runcam.com\/images\/HD\/PDF_icon.jpg\" alt=\"Manuale d'uso\">Manuale(ES)<\/a><\/p>\n<\/div>\n<\/div>\n<\/div>\n<\/div>\n<\/div>\n","protected":false},"excerpt":{"rendered":"<p>SpeedyBee 3 + 6A Adattatore USB-A a USB-C Cavo di ricarica superveloce Trasforma il tuo smartphone nel tuo compagno FPV mobile Connettiti all&#8217;applicazione mobile SpeedyBee e configura il tuo controller<\/p>\n","protected":false},"featured_media":238277,"comment_status":"open","ping_status":"closed","template":"","meta":{"_joinchat":[]},"pwb-brand":[],"product_cat":[1194],"product_tag":[],"class_list":{"0":"post-113155","1":"product","2":"type-product","3":"status-publish","4":"has-post-thumbnail","6":"product_cat-controllori-di-droni","8":"first","9":"instock","10":"taxable","11":"shipping-taxable","12":"purchasable","13":"product-type-simple"},"barcode":null,"atum_controlled":true,"out_stock_date":null,"out_stock_threshold":null,"inheritable":false,"stock_on_hold":0,"sold_today":0,"sales_last_days":0,"out_stock_days":0,"lost_sales":0,"update_date":"2026-04-16T07:36:07","atum_locations":[],"atum_stock_status":"instock","restock_status":false,"low_stock_amount":"","sales_update_date":"2026-04-16T07:36:07","calc_backorders":null,"yoast_head":"<!-- This site is optimized with the Yoast SEO plugin v27.3 - https:\/\/yoast.com\/product\/yoast-seo-wordpress\/ -->\n<title>SpeedyBee 3 + 6A Adattatore USB-A a USB-C Cavo di ricarica superveloce - Iha Race<\/title>\n<meta name=\"robots\" content=\"index, follow, max-snippet:-1, max-image-preview:large, max-video-preview:-1\" \/>\n<link rel=\"canonical\" href=\"https:\/\/iha-race.com\/it\/prodotto\/adattatore-speedybee-3\/\" \/>\n<meta property=\"og:locale\" content=\"it_IT\" \/>\n<meta property=\"og:type\" content=\"article\" \/>\n<meta property=\"og:title\" content=\"SpeedyBee 3 + 6A Adattatore USB-A a USB-C Cavo di ricarica superveloce - Iha Race\" \/>\n<meta property=\"og:description\" content=\"SpeedyBee 3 + 6A Adattatore USB-A a USB-C Cavo di ricarica superveloce Trasforma il tuo smartphone nel tuo compagno FPV mobile Connettiti all&#8217;applicazione mobile SpeedyBee e configura il tuo controller\" \/>\n<meta property=\"og:url\" content=\"https:\/\/iha-race.com\/it\/prodotto\/adattatore-speedybee-3\/\" \/>\n<meta property=\"og:site_name\" content=\"Iha Race\" \/>\n<meta property=\"article:modified_time\" content=\"2024-08-29T14:01:11+00:00\" \/>\n<meta property=\"og:image\" content=\"https:\/\/iha-race.com\/wp-content\/uploads\/2020\/09\/103_source_1644394525.jpg\" \/>\n\t<meta property=\"og:image:width\" content=\"500\" \/>\n\t<meta property=\"og:image:height\" content=\"500\" \/>\n\t<meta property=\"og:image:type\" content=\"image\/jpeg\" \/>\n<meta name=\"twitter:card\" content=\"summary_large_image\" \/>\n<meta name=\"twitter:label1\" content=\"Tempo di lettura stimato\" \/>\n\t<meta name=\"twitter:data1\" content=\"3 minuti\" \/>\n<script type=\"application\/ld+json\" class=\"yoast-schema-graph\">{\"@context\":\"https:\\\/\\\/schema.org\",\"@graph\":[{\"@type\":\"WebPage\",\"@id\":\"https:\\\/\\\/iha-race.com\\\/it\\\/prodotto\\\/adattatore-speedybee-3\\\/\",\"url\":\"https:\\\/\\\/iha-race.com\\\/it\\\/prodotto\\\/adattatore-speedybee-3\\\/\",\"name\":\"SpeedyBee 3 + 6A Adattatore USB-A a USB-C Cavo di ricarica superveloce - Iha Race\",\"isPartOf\":{\"@id\":\"https:\\\/\\\/iha-race.com\\\/it\\\/#website\"},\"primaryImageOfPage\":{\"@id\":\"https:\\\/\\\/iha-race.com\\\/it\\\/prodotto\\\/adattatore-speedybee-3\\\/#primaryimage\"},\"image\":{\"@id\":\"https:\\\/\\\/iha-race.com\\\/it\\\/prodotto\\\/adattatore-speedybee-3\\\/#primaryimage\"},\"thumbnailUrl\":\"https:\\\/\\\/iha-race.com\\\/wp-content\\\/uploads\\\/2020\\\/09\\\/103_source_1644394525.jpg\",\"datePublished\":\"2020-09-01T09:35:23+00:00\",\"dateModified\":\"2024-08-29T14:01:11+00:00\",\"breadcrumb\":{\"@id\":\"https:\\\/\\\/iha-race.com\\\/it\\\/prodotto\\\/adattatore-speedybee-3\\\/#breadcrumb\"},\"inLanguage\":\"it-IT\",\"potentialAction\":[{\"@type\":\"ReadAction\",\"target\":[\"https:\\\/\\\/iha-race.com\\\/it\\\/prodotto\\\/adattatore-speedybee-3\\\/\"]}]},{\"@type\":\"ImageObject\",\"inLanguage\":\"it-IT\",\"@id\":\"https:\\\/\\\/iha-race.com\\\/it\\\/prodotto\\\/adattatore-speedybee-3\\\/#primaryimage\",\"url\":\"https:\\\/\\\/iha-race.com\\\/wp-content\\\/uploads\\\/2020\\\/09\\\/103_source_1644394525.jpg\",\"contentUrl\":\"https:\\\/\\\/iha-race.com\\\/wp-content\\\/uploads\\\/2020\\\/09\\\/103_source_1644394525.jpg\",\"width\":500,\"height\":500,\"caption\":\"Comprar Adaptador SpeedyBee 3\"},{\"@type\":\"BreadcrumbList\",\"@id\":\"https:\\\/\\\/iha-race.com\\\/it\\\/prodotto\\\/adattatore-speedybee-3\\\/#breadcrumb\",\"itemListElement\":[{\"@type\":\"ListItem\",\"position\":1,\"name\":\"Portada\",\"item\":\"https:\\\/\\\/iha-race.com\\\/it\\\/\"},{\"@type\":\"ListItem\",\"position\":2,\"name\":\"Negozio\",\"item\":\"https:\\\/\\\/iha-race.com\\\/it\\\/negozio\\\/\"},{\"@type\":\"ListItem\",\"position\":3,\"name\":\"SpeedyBee 3 + 6A Adattatore USB-A a USB-C Cavo di ricarica superveloce\"}]},{\"@type\":\"WebSite\",\"@id\":\"https:\\\/\\\/iha-race.com\\\/it\\\/#website\",\"url\":\"https:\\\/\\\/iha-race.com\\\/it\\\/\",\"name\":\"Iha Race\",\"description\":\"Comprar drones de carreras FPV env\u00edos en un d\u00eda desde Espa\u00f1a\",\"publisher\":{\"@id\":\"https:\\\/\\\/iha-race.com\\\/it\\\/#organization\"},\"potentialAction\":[{\"@type\":\"SearchAction\",\"target\":{\"@type\":\"EntryPoint\",\"urlTemplate\":\"https:\\\/\\\/iha-race.com\\\/it\\\/?s={search_term_string}\"},\"query-input\":{\"@type\":\"PropertyValueSpecification\",\"valueRequired\":true,\"valueName\":\"search_term_string\"}}],\"inLanguage\":\"it-IT\"},{\"@type\":\"Organization\",\"@id\":\"https:\\\/\\\/iha-race.com\\\/it\\\/#organization\",\"name\":\"Iha Race\",\"url\":\"https:\\\/\\\/iha-race.com\\\/it\\\/\",\"logo\":{\"@type\":\"ImageObject\",\"inLanguage\":\"it-IT\",\"@id\":\"https:\\\/\\\/iha-race.com\\\/it\\\/#\\\/schema\\\/logo\\\/image\\\/\",\"url\":\"https:\\\/\\\/iha-race.com\\\/wp-content\\\/uploads\\\/2018\\\/07\\\/iha-race-drones-de-carreras-tienda-comprar-drones.png\",\"contentUrl\":\"https:\\\/\\\/iha-race.com\\\/wp-content\\\/uploads\\\/2018\\\/07\\\/iha-race-drones-de-carreras-tienda-comprar-drones.png\",\"width\":300,\"height\":100,\"caption\":\"Iha Race\"},\"image\":{\"@id\":\"https:\\\/\\\/iha-race.com\\\/it\\\/#\\\/schema\\\/logo\\\/image\\\/\"}}]}<\/script>\n<!-- \/ Yoast SEO plugin. -->","yoast_head_json":{"title":"SpeedyBee 3 + 6A Adattatore USB-A a USB-C Cavo di ricarica superveloce - Iha Race","robots":{"index":"index","follow":"follow","max-snippet":"max-snippet:-1","max-image-preview":"max-image-preview:large","max-video-preview":"max-video-preview:-1"},"canonical":"https:\/\/iha-race.com\/it\/prodotto\/adattatore-speedybee-3\/","og_locale":"it_IT","og_type":"article","og_title":"SpeedyBee 3 + 6A Adattatore USB-A a USB-C Cavo di ricarica superveloce - Iha Race","og_description":"SpeedyBee 3 + 6A Adattatore USB-A a USB-C Cavo di ricarica superveloce Trasforma il tuo smartphone nel tuo compagno FPV mobile Connettiti all&#8217;applicazione mobile SpeedyBee e configura il tuo controller","og_url":"https:\/\/iha-race.com\/it\/prodotto\/adattatore-speedybee-3\/","og_site_name":"Iha Race","article_modified_time":"2024-08-29T14:01:11+00:00","og_image":[{"width":500,"height":500,"url":"https:\/\/iha-race.com\/wp-content\/uploads\/2020\/09\/103_source_1644394525.jpg","type":"image\/jpeg"}],"twitter_card":"summary_large_image","twitter_misc":{"Tempo di lettura stimato":"3 minuti"},"schema":{"@context":"https:\/\/schema.org","@graph":[{"@type":"WebPage","@id":"https:\/\/iha-race.com\/it\/prodotto\/adattatore-speedybee-3\/","url":"https:\/\/iha-race.com\/it\/prodotto\/adattatore-speedybee-3\/","name":"SpeedyBee 3 + 6A Adattatore USB-A a USB-C Cavo di ricarica superveloce - Iha Race","isPartOf":{"@id":"https:\/\/iha-race.com\/it\/#website"},"primaryImageOfPage":{"@id":"https:\/\/iha-race.com\/it\/prodotto\/adattatore-speedybee-3\/#primaryimage"},"image":{"@id":"https:\/\/iha-race.com\/it\/prodotto\/adattatore-speedybee-3\/#primaryimage"},"thumbnailUrl":"https:\/\/iha-race.com\/wp-content\/uploads\/2020\/09\/103_source_1644394525.jpg","datePublished":"2020-09-01T09:35:23+00:00","dateModified":"2024-08-29T14:01:11+00:00","breadcrumb":{"@id":"https:\/\/iha-race.com\/it\/prodotto\/adattatore-speedybee-3\/#breadcrumb"},"inLanguage":"it-IT","potentialAction":[{"@type":"ReadAction","target":["https:\/\/iha-race.com\/it\/prodotto\/adattatore-speedybee-3\/"]}]},{"@type":"ImageObject","inLanguage":"it-IT","@id":"https:\/\/iha-race.com\/it\/prodotto\/adattatore-speedybee-3\/#primaryimage","url":"https:\/\/iha-race.com\/wp-content\/uploads\/2020\/09\/103_source_1644394525.jpg","contentUrl":"https:\/\/iha-race.com\/wp-content\/uploads\/2020\/09\/103_source_1644394525.jpg","width":500,"height":500,"caption":"Comprar Adaptador SpeedyBee 3"},{"@type":"BreadcrumbList","@id":"https:\/\/iha-race.com\/it\/prodotto\/adattatore-speedybee-3\/#breadcrumb","itemListElement":[{"@type":"ListItem","position":1,"name":"Portada","item":"https:\/\/iha-race.com\/it\/"},{"@type":"ListItem","position":2,"name":"Negozio","item":"https:\/\/iha-race.com\/it\/negozio\/"},{"@type":"ListItem","position":3,"name":"SpeedyBee 3 + 6A Adattatore USB-A a USB-C Cavo di ricarica superveloce"}]},{"@type":"WebSite","@id":"https:\/\/iha-race.com\/it\/#website","url":"https:\/\/iha-race.com\/it\/","name":"Iha Race","description":"Comprar drones de carreras FPV env\u00edos en un d\u00eda desde Espa\u00f1a","publisher":{"@id":"https:\/\/iha-race.com\/it\/#organization"},"potentialAction":[{"@type":"SearchAction","target":{"@type":"EntryPoint","urlTemplate":"https:\/\/iha-race.com\/it\/?s={search_term_string}"},"query-input":{"@type":"PropertyValueSpecification","valueRequired":true,"valueName":"search_term_string"}}],"inLanguage":"it-IT"},{"@type":"Organization","@id":"https:\/\/iha-race.com\/it\/#organization","name":"Iha Race","url":"https:\/\/iha-race.com\/it\/","logo":{"@type":"ImageObject","inLanguage":"it-IT","@id":"https:\/\/iha-race.com\/it\/#\/schema\/logo\/image\/","url":"https:\/\/iha-race.com\/wp-content\/uploads\/2018\/07\/iha-race-drones-de-carreras-tienda-comprar-drones.png","contentUrl":"https:\/\/iha-race.com\/wp-content\/uploads\/2018\/07\/iha-race-drones-de-carreras-tienda-comprar-drones.png","width":300,"height":100,"caption":"Iha Race"},"image":{"@id":"https:\/\/iha-race.com\/it\/#\/schema\/logo\/image\/"}}]}},"brands":[],"_links":{"self":[{"href":"https:\/\/iha-race.com\/it\/wp-json\/wp\/v2\/product\/113155","targetHints":{"allow":["GET"]}}],"collection":[{"href":"https:\/\/iha-race.com\/it\/wp-json\/wp\/v2\/product"}],"about":[{"href":"https:\/\/iha-race.com\/it\/wp-json\/wp\/v2\/types\/product"}],"replies":[{"embeddable":true,"href":"https:\/\/iha-race.com\/it\/wp-json\/wp\/v2\/comments?post=113155"}],"version-history":[{"count":5,"href":"https:\/\/iha-race.com\/it\/wp-json\/wp\/v2\/product\/113155\/revisions"}],"predecessor-version":[{"id":249841,"href":"https:\/\/iha-race.com\/it\/wp-json\/wp\/v2\/product\/113155\/revisions\/249841"}],"wp:featuredmedia":[{"embeddable":true,"href":"https:\/\/iha-race.com\/it\/wp-json\/wp\/v2\/media\/238277"}],"wp:attachment":[{"href":"https:\/\/iha-race.com\/it\/wp-json\/wp\/v2\/media?parent=113155"}],"wp:term":[{"taxonomy":"pwb-brand","embeddable":true,"href":"https:\/\/iha-race.com\/it\/wp-json\/wp\/v2\/pwb-brand?post=113155"},{"taxonomy":"product_cat","embeddable":true,"href":"https:\/\/iha-race.com\/it\/wp-json\/wp\/v2\/product_cat?post=113155"},{"taxonomy":"product_tag","embeddable":true,"href":"https:\/\/iha-race.com\/it\/wp-json\/wp\/v2\/product_tag?post=113155"}],"curies":[{"name":"wp","href":"https:\/\/api.w.org\/{rel}","templated":true}]}}