{"id":113153,"date":"2020-09-02T11:38:42","date_gmt":"2020-09-02T09:38:42","guid":{"rendered":"https:\/\/iha-race.com\/producto\/antenna-per-caddx-vista-8-15-cm\/"},"modified":"2024-08-29T16:00:33","modified_gmt":"2024-08-29T14:00:33","slug":"antena-para-caddx-vista-8-15-cm","status":"publish","type":"product","link":"https:\/\/iha-race.com\/it\/prodotto\/antena-para-caddx-vista-8-15-cm\/","title":{"rendered":"Antenna per Caddx Vista (8\/15 cm)"},"content":{"rendered":"<h2>Antenna per Caddx Vista (8\/15 cm)<\/h2>\n<h2>Caratteristiche del prodotto:<\/h2>\n<ul>\n<li>Frequenza: 5,8 Ghz.<\/li>\n<li>Connettore: u.fl<\/li>\n<li>Lunghezza: 8\/15 cm<\/li>\n<\/ul>\n<h2>Il pacchetto comprende:<\/h2>\n<ul>\n<li>1 x Caddx Vista Antenna 5.8Ghz<\/li>\n<\/ul>\n","protected":false},"excerpt":{"rendered":"<p>Antenna per Caddx Vista (8\/15 cm) Caratteristiche del prodotto: Frequenza: 5,8 Ghz. Connettore: u.fl Lunghezza: 8\/15 cm Il pacchetto comprende: 1 x Caddx Vista Antenna 5.8Ghz<\/p>\n","protected":false},"featured_media":93629,"comment_status":"open","ping_status":"closed","template":"","meta":{"_joinchat":[]},"pwb-brand":[3891],"product_cat":[1180],"product_tag":[],"class_list":{"0":"post-113153","1":"product","2":"type-product","3":"status-publish","4":"has-post-thumbnail","6":"pwb-brand-caddx","7":"product_cat-antenne-fpv","9":"first","10":"outofstock","11":"sale","12":"taxable","13":"shipping-taxable","14":"purchasable","15":"product-type-variable"},"barcode":null,"atum_controlled":true,"out_stock_date":null,"out_stock_threshold":null,"inheritable":true,"stock_on_hold":0,"sold_today":0,"sales_last_days":0,"out_stock_days":0,"lost_sales":0,"update_date":"2025-04-02T09:08:43","atum_locations":[],"atum_stock_status":"outofstock","restock_status":false,"low_stock_amount":"","sales_update_date":"2024-08-22T08:48:58","calc_backorders":null,"yoast_head":"<!-- This site is optimized with the Yoast SEO plugin v27.3 - https:\/\/yoast.com\/product\/yoast-seo-wordpress\/ -->\n<title>Antenna per Caddx Vista (8\/15 cm) - Iha Race<\/title>\n<meta name=\"robots\" content=\"index, follow, max-snippet:-1, max-image-preview:large, max-video-preview:-1\" \/>\n<link rel=\"canonical\" href=\"https:\/\/iha-race.com\/it\/prodotto\/antena-para-caddx-vista-8-15-cm\/\" \/>\n<meta property=\"og:locale\" content=\"it_IT\" \/>\n<meta property=\"og:type\" content=\"article\" \/>\n<meta property=\"og:title\" content=\"Antenna per Caddx Vista (8\/15 cm) - Iha Race\" \/>\n<meta property=\"og:description\" content=\"Antenna per Caddx Vista (8\/15 cm) Caratteristiche del prodotto: Frequenza: 5,8 Ghz. Connettore: u.fl Lunghezza: 8\/15 cm Il pacchetto comprende: 1 x Caddx Vista Antenna 5.8Ghz\" \/>\n<meta property=\"og:url\" content=\"https:\/\/iha-race.com\/it\/prodotto\/antena-para-caddx-vista-8-15-cm\/\" \/>\n<meta property=\"og:site_name\" content=\"Iha Race\" \/>\n<meta property=\"article:modified_time\" content=\"2024-08-29T14:00:33+00:00\" \/>\n<meta property=\"og:image\" content=\"https:\/\/iha-race.com\/wp-content\/uploads\/2020\/09\/Comprar-antena-para-Caddx-vista-8-15cm-barata-1.png\" \/>\n\t<meta property=\"og:image:width\" content=\"800\" \/>\n\t<meta property=\"og:image:height\" content=\"800\" \/>\n\t<meta property=\"og:image:type\" content=\"image\/png\" \/>\n<meta name=\"twitter:card\" content=\"summary_large_image\" \/>\n<script type=\"application\/ld+json\" class=\"yoast-schema-graph\">{\"@context\":\"https:\\\/\\\/schema.org\",\"@graph\":[{\"@type\":\"WebPage\",\"@id\":\"https:\\\/\\\/iha-race.com\\\/it\\\/prodotto\\\/antena-para-caddx-vista-8-15-cm\\\/\",\"url\":\"https:\\\/\\\/iha-race.com\\\/it\\\/prodotto\\\/antena-para-caddx-vista-8-15-cm\\\/\",\"name\":\"Antenna per Caddx Vista (8\\\/15 cm) - Iha Race\",\"isPartOf\":{\"@id\":\"https:\\\/\\\/iha-race.com\\\/it\\\/#website\"},\"primaryImageOfPage\":{\"@id\":\"https:\\\/\\\/iha-race.com\\\/it\\\/prodotto\\\/antena-para-caddx-vista-8-15-cm\\\/#primaryimage\"},\"image\":{\"@id\":\"https:\\\/\\\/iha-race.com\\\/it\\\/prodotto\\\/antena-para-caddx-vista-8-15-cm\\\/#primaryimage\"},\"thumbnailUrl\":\"https:\\\/\\\/iha-race.com\\\/wp-content\\\/uploads\\\/2020\\\/09\\\/Comprar-antena-para-Caddx-vista-8-15cm-barata-1.png\",\"datePublished\":\"2020-09-02T09:38:42+00:00\",\"dateModified\":\"2024-08-29T14:00:33+00:00\",\"breadcrumb\":{\"@id\":\"https:\\\/\\\/iha-race.com\\\/it\\\/prodotto\\\/antena-para-caddx-vista-8-15-cm\\\/#breadcrumb\"},\"inLanguage\":\"it-IT\",\"potentialAction\":[{\"@type\":\"ReadAction\",\"target\":[\"https:\\\/\\\/iha-race.com\\\/it\\\/prodotto\\\/antena-para-caddx-vista-8-15-cm\\\/\"]}]},{\"@type\":\"ImageObject\",\"inLanguage\":\"it-IT\",\"@id\":\"https:\\\/\\\/iha-race.com\\\/it\\\/prodotto\\\/antena-para-caddx-vista-8-15-cm\\\/#primaryimage\",\"url\":\"https:\\\/\\\/iha-race.com\\\/wp-content\\\/uploads\\\/2020\\\/09\\\/Comprar-antena-para-Caddx-vista-8-15cm-barata-1.png\",\"contentUrl\":\"https:\\\/\\\/iha-race.com\\\/wp-content\\\/uploads\\\/2020\\\/09\\\/Comprar-antena-para-Caddx-vista-8-15cm-barata-1.png\",\"width\":800,\"height\":800,\"caption\":\"Comprare-antenna-per-Caddx-vista-8-15cm-cheap\"},{\"@type\":\"BreadcrumbList\",\"@id\":\"https:\\\/\\\/iha-race.com\\\/it\\\/prodotto\\\/antena-para-caddx-vista-8-15-cm\\\/#breadcrumb\",\"itemListElement\":[{\"@type\":\"ListItem\",\"position\":1,\"name\":\"Portada\",\"item\":\"https:\\\/\\\/iha-race.com\\\/it\\\/\"},{\"@type\":\"ListItem\",\"position\":2,\"name\":\"Negozio\",\"item\":\"https:\\\/\\\/iha-race.com\\\/it\\\/negozio\\\/\"},{\"@type\":\"ListItem\",\"position\":3,\"name\":\"Antenna per Caddx Vista (8\\\/15 cm)\"}]},{\"@type\":\"WebSite\",\"@id\":\"https:\\\/\\\/iha-race.com\\\/it\\\/#website\",\"url\":\"https:\\\/\\\/iha-race.com\\\/it\\\/\",\"name\":\"Iha Race\",\"description\":\"Comprar drones de carreras FPV env\u00edos en un d\u00eda desde Espa\u00f1a\",\"publisher\":{\"@id\":\"https:\\\/\\\/iha-race.com\\\/it\\\/#organization\"},\"potentialAction\":[{\"@type\":\"SearchAction\",\"target\":{\"@type\":\"EntryPoint\",\"urlTemplate\":\"https:\\\/\\\/iha-race.com\\\/it\\\/?s={search_term_string}\"},\"query-input\":{\"@type\":\"PropertyValueSpecification\",\"valueRequired\":true,\"valueName\":\"search_term_string\"}}],\"inLanguage\":\"it-IT\"},{\"@type\":\"Organization\",\"@id\":\"https:\\\/\\\/iha-race.com\\\/it\\\/#organization\",\"name\":\"Iha Race\",\"url\":\"https:\\\/\\\/iha-race.com\\\/it\\\/\",\"logo\":{\"@type\":\"ImageObject\",\"inLanguage\":\"it-IT\",\"@id\":\"https:\\\/\\\/iha-race.com\\\/it\\\/#\\\/schema\\\/logo\\\/image\\\/\",\"url\":\"https:\\\/\\\/iha-race.com\\\/wp-content\\\/uploads\\\/2018\\\/07\\\/iha-race-drones-de-carreras-tienda-comprar-drones.png\",\"contentUrl\":\"https:\\\/\\\/iha-race.com\\\/wp-content\\\/uploads\\\/2018\\\/07\\\/iha-race-drones-de-carreras-tienda-comprar-drones.png\",\"width\":300,\"height\":100,\"caption\":\"Iha Race\"},\"image\":{\"@id\":\"https:\\\/\\\/iha-race.com\\\/it\\\/#\\\/schema\\\/logo\\\/image\\\/\"}}]}<\/script>\n<!-- \/ Yoast SEO plugin. -->","yoast_head_json":{"title":"Antenna per Caddx Vista (8\/15 cm) - Iha Race","robots":{"index":"index","follow":"follow","max-snippet":"max-snippet:-1","max-image-preview":"max-image-preview:large","max-video-preview":"max-video-preview:-1"},"canonical":"https:\/\/iha-race.com\/it\/prodotto\/antena-para-caddx-vista-8-15-cm\/","og_locale":"it_IT","og_type":"article","og_title":"Antenna per Caddx Vista (8\/15 cm) - Iha Race","og_description":"Antenna per Caddx Vista (8\/15 cm) Caratteristiche del prodotto: Frequenza: 5,8 Ghz. Connettore: u.fl Lunghezza: 8\/15 cm Il pacchetto comprende: 1 x Caddx Vista Antenna 5.8Ghz","og_url":"https:\/\/iha-race.com\/it\/prodotto\/antena-para-caddx-vista-8-15-cm\/","og_site_name":"Iha Race","article_modified_time":"2024-08-29T14:00:33+00:00","og_image":[{"width":800,"height":800,"url":"https:\/\/iha-race.com\/wp-content\/uploads\/2020\/09\/Comprar-antena-para-Caddx-vista-8-15cm-barata-1.png","type":"image\/png"}],"twitter_card":"summary_large_image","schema":{"@context":"https:\/\/schema.org","@graph":[{"@type":"WebPage","@id":"https:\/\/iha-race.com\/it\/prodotto\/antena-para-caddx-vista-8-15-cm\/","url":"https:\/\/iha-race.com\/it\/prodotto\/antena-para-caddx-vista-8-15-cm\/","name":"Antenna per Caddx Vista (8\/15 cm) - Iha Race","isPartOf":{"@id":"https:\/\/iha-race.com\/it\/#website"},"primaryImageOfPage":{"@id":"https:\/\/iha-race.com\/it\/prodotto\/antena-para-caddx-vista-8-15-cm\/#primaryimage"},"image":{"@id":"https:\/\/iha-race.com\/it\/prodotto\/antena-para-caddx-vista-8-15-cm\/#primaryimage"},"thumbnailUrl":"https:\/\/iha-race.com\/wp-content\/uploads\/2020\/09\/Comprar-antena-para-Caddx-vista-8-15cm-barata-1.png","datePublished":"2020-09-02T09:38:42+00:00","dateModified":"2024-08-29T14:00:33+00:00","breadcrumb":{"@id":"https:\/\/iha-race.com\/it\/prodotto\/antena-para-caddx-vista-8-15-cm\/#breadcrumb"},"inLanguage":"it-IT","potentialAction":[{"@type":"ReadAction","target":["https:\/\/iha-race.com\/it\/prodotto\/antena-para-caddx-vista-8-15-cm\/"]}]},{"@type":"ImageObject","inLanguage":"it-IT","@id":"https:\/\/iha-race.com\/it\/prodotto\/antena-para-caddx-vista-8-15-cm\/#primaryimage","url":"https:\/\/iha-race.com\/wp-content\/uploads\/2020\/09\/Comprar-antena-para-Caddx-vista-8-15cm-barata-1.png","contentUrl":"https:\/\/iha-race.com\/wp-content\/uploads\/2020\/09\/Comprar-antena-para-Caddx-vista-8-15cm-barata-1.png","width":800,"height":800,"caption":"Comprare-antenna-per-Caddx-vista-8-15cm-cheap"},{"@type":"BreadcrumbList","@id":"https:\/\/iha-race.com\/it\/prodotto\/antena-para-caddx-vista-8-15-cm\/#breadcrumb","itemListElement":[{"@type":"ListItem","position":1,"name":"Portada","item":"https:\/\/iha-race.com\/it\/"},{"@type":"ListItem","position":2,"name":"Negozio","item":"https:\/\/iha-race.com\/it\/negozio\/"},{"@type":"ListItem","position":3,"name":"Antenna per Caddx Vista (8\/15 cm)"}]},{"@type":"WebSite","@id":"https:\/\/iha-race.com\/it\/#website","url":"https:\/\/iha-race.com\/it\/","name":"Iha Race","description":"Comprar drones de carreras FPV env\u00edos en un d\u00eda desde Espa\u00f1a","publisher":{"@id":"https:\/\/iha-race.com\/it\/#organization"},"potentialAction":[{"@type":"SearchAction","target":{"@type":"EntryPoint","urlTemplate":"https:\/\/iha-race.com\/it\/?s={search_term_string}"},"query-input":{"@type":"PropertyValueSpecification","valueRequired":true,"valueName":"search_term_string"}}],"inLanguage":"it-IT"},{"@type":"Organization","@id":"https:\/\/iha-race.com\/it\/#organization","name":"Iha Race","url":"https:\/\/iha-race.com\/it\/","logo":{"@type":"ImageObject","inLanguage":"it-IT","@id":"https:\/\/iha-race.com\/it\/#\/schema\/logo\/image\/","url":"https:\/\/iha-race.com\/wp-content\/uploads\/2018\/07\/iha-race-drones-de-carreras-tienda-comprar-drones.png","contentUrl":"https:\/\/iha-race.com\/wp-content\/uploads\/2018\/07\/iha-race-drones-de-carreras-tienda-comprar-drones.png","width":300,"height":100,"caption":"Iha Race"},"image":{"@id":"https:\/\/iha-race.com\/it\/#\/schema\/logo\/image\/"}}]}},"brands":[{"id":3891,"name":"CADDX","slug":"caddx"}],"_links":{"self":[{"href":"https:\/\/iha-race.com\/it\/wp-json\/wp\/v2\/product\/113153","targetHints":{"allow":["GET"]}}],"collection":[{"href":"https:\/\/iha-race.com\/it\/wp-json\/wp\/v2\/product"}],"about":[{"href":"https:\/\/iha-race.com\/it\/wp-json\/wp\/v2\/types\/product"}],"replies":[{"embeddable":true,"href":"https:\/\/iha-race.com\/it\/wp-json\/wp\/v2\/comments?post=113153"}],"version-history":[{"count":1,"href":"https:\/\/iha-race.com\/it\/wp-json\/wp\/v2\/product\/113153\/revisions"}],"predecessor-version":[{"id":115728,"href":"https:\/\/iha-race.com\/it\/wp-json\/wp\/v2\/product\/113153\/revisions\/115728"}],"wp:featuredmedia":[{"embeddable":true,"href":"https:\/\/iha-race.com\/it\/wp-json\/wp\/v2\/media\/93629"}],"wp:attachment":[{"href":"https:\/\/iha-race.com\/it\/wp-json\/wp\/v2\/media?parent=113153"}],"wp:term":[{"taxonomy":"pwb-brand","embeddable":true,"href":"https:\/\/iha-race.com\/it\/wp-json\/wp\/v2\/pwb-brand?post=113153"},{"taxonomy":"product_cat","embeddable":true,"href":"https:\/\/iha-race.com\/it\/wp-json\/wp\/v2\/product_cat?post=113153"},{"taxonomy":"product_tag","embeddable":true,"href":"https:\/\/iha-race.com\/it\/wp-json\/wp\/v2\/product_tag?post=113153"}],"curies":[{"name":"wp","href":"https:\/\/api.w.org\/{rel}","templated":true}]}}