{"id":113052,"date":"2020-08-08T18:16:09","date_gmt":"2020-08-08T16:16:09","guid":{"rendered":"https:\/\/iha-race.com\/producto\/antenna-truerc-ocp-5-8-u-fl-rhcp-lunghezza-50-mm-o-80-mm\/"},"modified":"2024-08-29T16:03:07","modified_gmt":"2024-08-29T14:03:07","slug":"antena-truerc-ocp-5-8-u-fl-rhcp-longitud-de-50-mm-o-80-mm","status":"publish","type":"product","link":"https:\/\/iha-race.com\/it\/prodotto\/antena-truerc-ocp-5-8-u-fl-rhcp-longitud-de-50-mm-o-80-mm\/","title":{"rendered":"Antenna TrueRC OCP 5.8 U.FL (RHCP) &#8211; Lunghezza 50 mm o 72 mm"},"content":{"rendered":"<h2>Antenna TrueRC OCP 5.8 U.FL (RHCP) &#8211; Lunghezza 50 mm o 72 mm<\/h2>\n<p>  L&#8217;OCP 5.8 \u00e8 la nostra nuova antenna omnidirezionale per l&#8217;uso quotidiano. Design collaudato, segnale eccellente, durevole e dall&#8217;aspetto sorprendente. Disponibile in tutte le configurazioni di connettori pi\u00f9 diffuse.  <\/p>\n<h2>Caratteristiche:<\/h2>\n<ul>\n<li>Alloggiamento in policarbonato resistente, stampato a iniezione e saldato a ultrasuoni<\/li>\n<li>Chiara indicazione della direzione di polarizzazione<\/li>\n<li>Eccellente rapporto assiale ed efficienza.<\/li>\n<li>Cavo coassiale flessibile per una facile installazione<\/li>\n<\/ul>\n<h2><strong>Specifiche:<\/strong><\/h2>\n<ul>\n<li><strong>Guadagno: 1 <\/strong>,6 dBic<\/li>\n<li><strong>Reiezione alla<\/strong> polarizzazione <strong>incrociata<\/strong>: da -10 a -20 dB, (3,2%)<\/li>\n<li><strong>Larghezza di banda:<\/strong> 5,6GHz-6,0GHz<\/li>\n<li><strong>Efficienza di irradiazione:<\/strong> 98%.<\/li>\n<li><strong>ROE:<\/strong> &lt;= 1,2: 1<\/li>\n<li><strong>Peso:<\/strong> x.xg<\/li>\n<li><strong>Dimensioni (testa):<\/strong> 16,5 mm di diametro. X 10,7 mm di altezza.<\/li>\n<li><strong>Lunghezza:<\/strong> 50 mm o 72 mm<\/li>\n<li><strong>Cavo:<\/strong> coassiale RG178.<\/li>\n<li><strong>Connettore:<\/strong> U.FL.<\/li>\n<\/ul>\n<h2>Il pacchetto comprende:<\/h2>\n<ul>\n<li>1 x antenna TrueRC OCP 5.8 U.FL &#8211; RHCP (50 mm o 72 mm)<\/li>\n<\/ul>\n","protected":false},"excerpt":{"rendered":"<p>Antenna TrueRC OCP 5.8 U.FL (RHCP) &#8211; Lunghezza 50 mm o 72 mm L&#8217;OCP 5.8 \u00e8 la nostra nuova antenna omnidirezionale per l&#8217;uso quotidiano. Design collaudato, segnale eccellente, durevole e<\/p>\n","protected":false},"featured_media":97033,"comment_status":"open","ping_status":"closed","template":"","meta":{"_joinchat":[]},"pwb-brand":[],"product_cat":[1180],"product_tag":[],"class_list":{"0":"post-113052","1":"product","2":"type-product","3":"status-publish","4":"has-post-thumbnail","6":"product_cat-antenne-fpv","8":"first","9":"instock","10":"taxable","11":"shipping-taxable","12":"purchasable","13":"product-type-variable"},"barcode":null,"atum_controlled":true,"out_stock_date":null,"out_stock_threshold":null,"inheritable":true,"stock_on_hold":0,"sold_today":0,"sales_last_days":1,"out_stock_days":0,"lost_sales":0,"update_date":"2026-04-27T11:10:42","atum_locations":[],"atum_stock_status":"instock","restock_status":false,"low_stock_amount":"","sales_update_date":"2026-04-16T08:17:07","calc_backorders":null,"yoast_head":"<!-- This site is optimized with the Yoast SEO plugin v27.3 - https:\/\/yoast.com\/product\/yoast-seo-wordpress\/ -->\n<title>Antenna TrueRC OCP 5.8 U.FL (RHCP) - Lunghezza 50 mm o 72 mm - Iha Race<\/title>\n<meta name=\"robots\" content=\"index, follow, max-snippet:-1, max-image-preview:large, max-video-preview:-1\" \/>\n<link rel=\"canonical\" href=\"https:\/\/iha-race.com\/it\/prodotto\/antena-truerc-ocp-5-8-u-fl-rhcp-longitud-de-50-mm-o-80-mm\/\" \/>\n<meta property=\"og:locale\" content=\"it_IT\" \/>\n<meta property=\"og:type\" content=\"article\" \/>\n<meta property=\"og:title\" content=\"Antenna TrueRC OCP 5.8 U.FL (RHCP) - Lunghezza 50 mm o 72 mm - Iha Race\" \/>\n<meta property=\"og:description\" content=\"Antenna TrueRC OCP 5.8 U.FL (RHCP) &#8211; Lunghezza 50 mm o 72 mm L&#8217;OCP 5.8 \u00e8 la nostra nuova antenna omnidirezionale per l&#8217;uso quotidiano. Design collaudato, segnale eccellente, durevole e\" \/>\n<meta property=\"og:url\" content=\"https:\/\/iha-race.com\/it\/prodotto\/antena-truerc-ocp-5-8-u-fl-rhcp-longitud-de-50-mm-o-80-mm\/\" \/>\n<meta property=\"og:site_name\" content=\"Iha Race\" \/>\n<meta property=\"article:modified_time\" content=\"2024-08-29T14:03:07+00:00\" \/>\n<meta property=\"og:image\" content=\"https:\/\/iha-race.com\/wp-content\/uploads\/2020\/08\/antena-true-rc-canada-ocp-5.8-rhcp-u.fl-varias-medidas.jpeg\" \/>\n\t<meta property=\"og:image:width\" content=\"800\" \/>\n\t<meta property=\"og:image:height\" content=\"800\" \/>\n\t<meta property=\"og:image:type\" content=\"image\/jpeg\" \/>\n<meta name=\"twitter:card\" content=\"summary_large_image\" \/>\n<meta name=\"twitter:label1\" content=\"Tempo di lettura stimato\" \/>\n\t<meta name=\"twitter:data1\" content=\"1 minuto\" \/>\n<script type=\"application\/ld+json\" class=\"yoast-schema-graph\">{\"@context\":\"https:\\\/\\\/schema.org\",\"@graph\":[{\"@type\":\"WebPage\",\"@id\":\"https:\\\/\\\/iha-race.com\\\/it\\\/prodotto\\\/antena-truerc-ocp-5-8-u-fl-rhcp-longitud-de-50-mm-o-80-mm\\\/\",\"url\":\"https:\\\/\\\/iha-race.com\\\/it\\\/prodotto\\\/antena-truerc-ocp-5-8-u-fl-rhcp-longitud-de-50-mm-o-80-mm\\\/\",\"name\":\"Antenna TrueRC OCP 5.8 U.FL (RHCP) - Lunghezza 50 mm o 72 mm - Iha Race\",\"isPartOf\":{\"@id\":\"https:\\\/\\\/iha-race.com\\\/it\\\/#website\"},\"primaryImageOfPage\":{\"@id\":\"https:\\\/\\\/iha-race.com\\\/it\\\/prodotto\\\/antena-truerc-ocp-5-8-u-fl-rhcp-longitud-de-50-mm-o-80-mm\\\/#primaryimage\"},\"image\":{\"@id\":\"https:\\\/\\\/iha-race.com\\\/it\\\/prodotto\\\/antena-truerc-ocp-5-8-u-fl-rhcp-longitud-de-50-mm-o-80-mm\\\/#primaryimage\"},\"thumbnailUrl\":\"https:\\\/\\\/iha-race.com\\\/wp-content\\\/uploads\\\/2020\\\/08\\\/antena-true-rc-canada-ocp-5.8-rhcp-u.fl-varias-medidas.jpeg\",\"datePublished\":\"2020-08-08T16:16:09+00:00\",\"dateModified\":\"2024-08-29T14:03:07+00:00\",\"breadcrumb\":{\"@id\":\"https:\\\/\\\/iha-race.com\\\/it\\\/prodotto\\\/antena-truerc-ocp-5-8-u-fl-rhcp-longitud-de-50-mm-o-80-mm\\\/#breadcrumb\"},\"inLanguage\":\"it-IT\",\"potentialAction\":[{\"@type\":\"ReadAction\",\"target\":[\"https:\\\/\\\/iha-race.com\\\/it\\\/prodotto\\\/antena-truerc-ocp-5-8-u-fl-rhcp-longitud-de-50-mm-o-80-mm\\\/\"]}]},{\"@type\":\"ImageObject\",\"inLanguage\":\"it-IT\",\"@id\":\"https:\\\/\\\/iha-race.com\\\/it\\\/prodotto\\\/antena-truerc-ocp-5-8-u-fl-rhcp-longitud-de-50-mm-o-80-mm\\\/#primaryimage\",\"url\":\"https:\\\/\\\/iha-race.com\\\/wp-content\\\/uploads\\\/2020\\\/08\\\/antena-true-rc-canada-ocp-5.8-rhcp-u.fl-varias-medidas.jpeg\",\"contentUrl\":\"https:\\\/\\\/iha-race.com\\\/wp-content\\\/uploads\\\/2020\\\/08\\\/antena-true-rc-canada-ocp-5.8-rhcp-u.fl-varias-medidas.jpeg\",\"width\":800,\"height\":800,\"caption\":\"acquistare il pi\u00f9 economico vero rc canada ocp 5.8 rhcp u.fl antenna varie dimensioni\"},{\"@type\":\"BreadcrumbList\",\"@id\":\"https:\\\/\\\/iha-race.com\\\/it\\\/prodotto\\\/antena-truerc-ocp-5-8-u-fl-rhcp-longitud-de-50-mm-o-80-mm\\\/#breadcrumb\",\"itemListElement\":[{\"@type\":\"ListItem\",\"position\":1,\"name\":\"Portada\",\"item\":\"https:\\\/\\\/iha-race.com\\\/it\\\/\"},{\"@type\":\"ListItem\",\"position\":2,\"name\":\"Negozio\",\"item\":\"https:\\\/\\\/iha-race.com\\\/it\\\/negozio\\\/\"},{\"@type\":\"ListItem\",\"position\":3,\"name\":\"Antenna TrueRC OCP 5.8 U.FL (RHCP) &#8211; Lunghezza 50 mm o 72 mm\"}]},{\"@type\":\"WebSite\",\"@id\":\"https:\\\/\\\/iha-race.com\\\/it\\\/#website\",\"url\":\"https:\\\/\\\/iha-race.com\\\/it\\\/\",\"name\":\"Iha Race\",\"description\":\"Comprar drones de carreras FPV env\u00edos en un d\u00eda desde Espa\u00f1a\",\"publisher\":{\"@id\":\"https:\\\/\\\/iha-race.com\\\/it\\\/#organization\"},\"potentialAction\":[{\"@type\":\"SearchAction\",\"target\":{\"@type\":\"EntryPoint\",\"urlTemplate\":\"https:\\\/\\\/iha-race.com\\\/it\\\/?s={search_term_string}\"},\"query-input\":{\"@type\":\"PropertyValueSpecification\",\"valueRequired\":true,\"valueName\":\"search_term_string\"}}],\"inLanguage\":\"it-IT\"},{\"@type\":\"Organization\",\"@id\":\"https:\\\/\\\/iha-race.com\\\/it\\\/#organization\",\"name\":\"Iha Race\",\"url\":\"https:\\\/\\\/iha-race.com\\\/it\\\/\",\"logo\":{\"@type\":\"ImageObject\",\"inLanguage\":\"it-IT\",\"@id\":\"https:\\\/\\\/iha-race.com\\\/it\\\/#\\\/schema\\\/logo\\\/image\\\/\",\"url\":\"https:\\\/\\\/iha-race.com\\\/wp-content\\\/uploads\\\/2018\\\/07\\\/iha-race-drones-de-carreras-tienda-comprar-drones.png\",\"contentUrl\":\"https:\\\/\\\/iha-race.com\\\/wp-content\\\/uploads\\\/2018\\\/07\\\/iha-race-drones-de-carreras-tienda-comprar-drones.png\",\"width\":300,\"height\":100,\"caption\":\"Iha Race\"},\"image\":{\"@id\":\"https:\\\/\\\/iha-race.com\\\/it\\\/#\\\/schema\\\/logo\\\/image\\\/\"}}]}<\/script>\n<!-- \/ Yoast SEO plugin. -->","yoast_head_json":{"title":"Antenna TrueRC OCP 5.8 U.FL (RHCP) - Lunghezza 50 mm o 72 mm - Iha Race","robots":{"index":"index","follow":"follow","max-snippet":"max-snippet:-1","max-image-preview":"max-image-preview:large","max-video-preview":"max-video-preview:-1"},"canonical":"https:\/\/iha-race.com\/it\/prodotto\/antena-truerc-ocp-5-8-u-fl-rhcp-longitud-de-50-mm-o-80-mm\/","og_locale":"it_IT","og_type":"article","og_title":"Antenna TrueRC OCP 5.8 U.FL (RHCP) - Lunghezza 50 mm o 72 mm - Iha Race","og_description":"Antenna TrueRC OCP 5.8 U.FL (RHCP) &#8211; Lunghezza 50 mm o 72 mm L&#8217;OCP 5.8 \u00e8 la nostra nuova antenna omnidirezionale per l&#8217;uso quotidiano. Design collaudato, segnale eccellente, durevole e","og_url":"https:\/\/iha-race.com\/it\/prodotto\/antena-truerc-ocp-5-8-u-fl-rhcp-longitud-de-50-mm-o-80-mm\/","og_site_name":"Iha Race","article_modified_time":"2024-08-29T14:03:07+00:00","og_image":[{"width":800,"height":800,"url":"https:\/\/iha-race.com\/wp-content\/uploads\/2020\/08\/antena-true-rc-canada-ocp-5.8-rhcp-u.fl-varias-medidas.jpeg","type":"image\/jpeg"}],"twitter_card":"summary_large_image","twitter_misc":{"Tempo di lettura stimato":"1 minuto"},"schema":{"@context":"https:\/\/schema.org","@graph":[{"@type":"WebPage","@id":"https:\/\/iha-race.com\/it\/prodotto\/antena-truerc-ocp-5-8-u-fl-rhcp-longitud-de-50-mm-o-80-mm\/","url":"https:\/\/iha-race.com\/it\/prodotto\/antena-truerc-ocp-5-8-u-fl-rhcp-longitud-de-50-mm-o-80-mm\/","name":"Antenna TrueRC OCP 5.8 U.FL (RHCP) - Lunghezza 50 mm o 72 mm - Iha Race","isPartOf":{"@id":"https:\/\/iha-race.com\/it\/#website"},"primaryImageOfPage":{"@id":"https:\/\/iha-race.com\/it\/prodotto\/antena-truerc-ocp-5-8-u-fl-rhcp-longitud-de-50-mm-o-80-mm\/#primaryimage"},"image":{"@id":"https:\/\/iha-race.com\/it\/prodotto\/antena-truerc-ocp-5-8-u-fl-rhcp-longitud-de-50-mm-o-80-mm\/#primaryimage"},"thumbnailUrl":"https:\/\/iha-race.com\/wp-content\/uploads\/2020\/08\/antena-true-rc-canada-ocp-5.8-rhcp-u.fl-varias-medidas.jpeg","datePublished":"2020-08-08T16:16:09+00:00","dateModified":"2024-08-29T14:03:07+00:00","breadcrumb":{"@id":"https:\/\/iha-race.com\/it\/prodotto\/antena-truerc-ocp-5-8-u-fl-rhcp-longitud-de-50-mm-o-80-mm\/#breadcrumb"},"inLanguage":"it-IT","potentialAction":[{"@type":"ReadAction","target":["https:\/\/iha-race.com\/it\/prodotto\/antena-truerc-ocp-5-8-u-fl-rhcp-longitud-de-50-mm-o-80-mm\/"]}]},{"@type":"ImageObject","inLanguage":"it-IT","@id":"https:\/\/iha-race.com\/it\/prodotto\/antena-truerc-ocp-5-8-u-fl-rhcp-longitud-de-50-mm-o-80-mm\/#primaryimage","url":"https:\/\/iha-race.com\/wp-content\/uploads\/2020\/08\/antena-true-rc-canada-ocp-5.8-rhcp-u.fl-varias-medidas.jpeg","contentUrl":"https:\/\/iha-race.com\/wp-content\/uploads\/2020\/08\/antena-true-rc-canada-ocp-5.8-rhcp-u.fl-varias-medidas.jpeg","width":800,"height":800,"caption":"acquistare il pi\u00f9 economico vero rc canada ocp 5.8 rhcp u.fl antenna varie dimensioni"},{"@type":"BreadcrumbList","@id":"https:\/\/iha-race.com\/it\/prodotto\/antena-truerc-ocp-5-8-u-fl-rhcp-longitud-de-50-mm-o-80-mm\/#breadcrumb","itemListElement":[{"@type":"ListItem","position":1,"name":"Portada","item":"https:\/\/iha-race.com\/it\/"},{"@type":"ListItem","position":2,"name":"Negozio","item":"https:\/\/iha-race.com\/it\/negozio\/"},{"@type":"ListItem","position":3,"name":"Antenna TrueRC OCP 5.8 U.FL (RHCP) &#8211; Lunghezza 50 mm o 72 mm"}]},{"@type":"WebSite","@id":"https:\/\/iha-race.com\/it\/#website","url":"https:\/\/iha-race.com\/it\/","name":"Iha Race","description":"Comprar drones de carreras FPV env\u00edos en un d\u00eda desde Espa\u00f1a","publisher":{"@id":"https:\/\/iha-race.com\/it\/#organization"},"potentialAction":[{"@type":"SearchAction","target":{"@type":"EntryPoint","urlTemplate":"https:\/\/iha-race.com\/it\/?s={search_term_string}"},"query-input":{"@type":"PropertyValueSpecification","valueRequired":true,"valueName":"search_term_string"}}],"inLanguage":"it-IT"},{"@type":"Organization","@id":"https:\/\/iha-race.com\/it\/#organization","name":"Iha Race","url":"https:\/\/iha-race.com\/it\/","logo":{"@type":"ImageObject","inLanguage":"it-IT","@id":"https:\/\/iha-race.com\/it\/#\/schema\/logo\/image\/","url":"https:\/\/iha-race.com\/wp-content\/uploads\/2018\/07\/iha-race-drones-de-carreras-tienda-comprar-drones.png","contentUrl":"https:\/\/iha-race.com\/wp-content\/uploads\/2018\/07\/iha-race-drones-de-carreras-tienda-comprar-drones.png","width":300,"height":100,"caption":"Iha Race"},"image":{"@id":"https:\/\/iha-race.com\/it\/#\/schema\/logo\/image\/"}}]}},"jetpack_sharing_enabled":true,"brands":[],"_links":{"self":[{"href":"https:\/\/iha-race.com\/it\/wp-json\/wp\/v2\/product\/113052","targetHints":{"allow":["GET"]}}],"collection":[{"href":"https:\/\/iha-race.com\/it\/wp-json\/wp\/v2\/product"}],"about":[{"href":"https:\/\/iha-race.com\/it\/wp-json\/wp\/v2\/types\/product"}],"replies":[{"embeddable":true,"href":"https:\/\/iha-race.com\/it\/wp-json\/wp\/v2\/comments?post=113052"}],"version-history":[{"count":2,"href":"https:\/\/iha-race.com\/it\/wp-json\/wp\/v2\/product\/113052\/revisions"}],"predecessor-version":[{"id":249868,"href":"https:\/\/iha-race.com\/it\/wp-json\/wp\/v2\/product\/113052\/revisions\/249868"}],"wp:featuredmedia":[{"embeddable":true,"href":"https:\/\/iha-race.com\/it\/wp-json\/wp\/v2\/media\/97033"}],"wp:attachment":[{"href":"https:\/\/iha-race.com\/it\/wp-json\/wp\/v2\/media?parent=113052"}],"wp:term":[{"taxonomy":"pwb-brand","embeddable":true,"href":"https:\/\/iha-race.com\/it\/wp-json\/wp\/v2\/pwb-brand?post=113052"},{"taxonomy":"product_cat","embeddable":true,"href":"https:\/\/iha-race.com\/it\/wp-json\/wp\/v2\/product_cat?post=113052"},{"taxonomy":"product_tag","embeddable":true,"href":"https:\/\/iha-race.com\/it\/wp-json\/wp\/v2\/product_tag?post=113052"}],"curies":[{"name":"wp","href":"https:\/\/api.w.org\/{rel}","templated":true}]}}