{"id":113046,"date":"2020-08-10T19:33:25","date_gmt":"2020-08-10T17:33:25","guid":{"rendered":"https:\/\/iha-race.com\/producto\/vifly-shortsaver-2\/"},"modified":"2026-03-30T22:53:31","modified_gmt":"2026-03-30T20:53:31","slug":"vifly-shortsaver-2-2","status":"publish","type":"product","link":"https:\/\/iha-race.com\/it\/prodotto\/vifly-shortsaver-2-2\/","title":{"rendered":"VIFLY ShortSaver 2"},"content":{"rendered":"<h2>VIFLY ShortSaver 2<\/h2>\n<p><em><strong>La nuova versione 2 introduce nuovi pulsanti di accensione\/spegnimento per accendere il ricevitore in modo molto pi\u00f9 semplice!<\/strong><\/em>  Il tappo di fumo VILFY per eccellenza! Non \u00e8 piccolo come la versione singola di XT30 o XT60, ma li sostituisce entrambi e offre funzioni pi\u00f9 robuste!  <\/p>\n<h2>Caratteristiche:<\/h2>\n<p><strong>Interrompe completamente il flusso di corrente e previene il &#8220;fumo magico&#8221;<\/strong> Gli altri tappi di fumo, come le lampadine per auto o i fusibili ripristinabili, limitano semplicemente il flusso di corrente, non lo interrompono, e la corrente dispersa pu\u00f2 comunque danneggiare i tuoi componenti.<br \/>\nVIFLY ShortSaver \u00e8 una spina di fumo diversa che adotta il fusibile elettronico per interrompere completamente la corrente nella tua costruzione RC se viene rilevato un cortocircuito o un errore di cablaggio. <strong>Tempo di reazione\/protezione rapidissimo<\/strong> VIFLY ShortSaver interrompe l&#8217;alimentazione di un dispositivo che supera la soglia commutabile di 1A o 2A in soli 3ms!  \u00c8 molto pi\u00f9 efficiente del vecchio modo di usare una lampadina o di ripristinare il fusibile. Quanto pi\u00f9 breve \u00e8 il tempo di protezione, tanto pi\u00f9 sicura sar\u00e0 la tua costruzione, poich\u00e9 qualcosa potrebbe rompersi quando il fusibile scatta. <strong>Interruttore On\/Off per facilitare il collegamento del ricevitore<\/strong> Tenere premuto il pulsante di collegamento e applicare l&#8217;alimentazione pu\u00f2 essere una sfida a volte.<br \/>\nLa nuova versione di VIFLY ShortSaver ha aggiunto un interruttore on\/off che rende il collegamento del ricevitore molto pi\u00f9 comodo. <strong>Selettore di soglia da 1 e 2 amp<\/strong> Il VIFLY ShortSaver \u00e8 cos\u00ec intelligente che esiste un selettore di soglia da 1 o 2 amp per le tue diverse esigenze.<br \/>\nPer le costruzioni pi\u00f9 piccole con un&#8217;elettronica pi\u00f9 sensibile, puoi selezionare l&#8217;opzione da 1 amp; per le costruzioni pi\u00f9 grandi, l&#8217;opzione da 2 amp \u00e8 la scelta giusta. <strong>Connettori di ingresso Amass XT60 e XT30<\/strong> VIFLY ShortSaver \u00e8 dotato di connettori Amass XT30 e XT60, pi\u00f9 comodi per le diverse batterie.<br \/>\nhttps:\/\/youtu.be\/muHZF0YgxAI     <\/p>\n<h2>Specifiche:<\/h2>\n<ul>\n<li>Dimensioni (L x P x A): 42 x 30 x 10 mm<\/li>\n<li>Connettore: XT30 e XT60 (ingresso e uscita)<\/li>\n<li>Soglia di corrente commutabile: 1A \/ 2A<\/li>\n<li>Tempo di intervento: 3 ms (cortocircuito) \/ 10 ms (sovracorrente)<\/li>\n<li>Tensione di ingresso: 7-25 V (2-6 S)<\/li>\n<\/ul>\n<h2>Il pacchetto comprende:<\/h2>\n<ul>\n<li>1 x VIFLY ShortSaver 2 &#8211; Tappo antifumo intelligente<\/li>\n<\/ul>\n<dl>\n<dd><\/dd>\n<dd><\/dd>\n<dd><\/dd>\n<\/dl>\n","protected":false},"excerpt":{"rendered":"<p>Il tappo di fumo VILFY per eccellenza! Non \u00e8 piccolo come le versioni esclusive XT30 o XT60, ma sostituisce entrambe e offre funzioni pi\u00f9 robuste! La versione 2 aggiunge nuovi pulsanti per semplificare la rilegatura!<\/p>\n","protected":false},"featured_media":103342,"comment_status":"open","ping_status":"closed","template":"","meta":{"_joinchat":[]},"pwb-brand":[3902],"product_cat":[1073,1104,2471],"product_tag":[],"class_list":{"0":"post-113046","1":"product","2":"type-product","3":"status-publish","4":"has-post-thumbnail","6":"pwb-brand-vifly-finder","7":"product_cat-accessori-per-batterie","8":"product_cat-elettronica-e-accessori-fpv","9":"product_cat-interruttori-elettronici","11":"first","12":"outofstock","13":"taxable","14":"shipping-taxable","15":"purchasable","16":"product-type-simple"},"barcode":null,"atum_controlled":true,"out_stock_date":"2026-03-30 22:53:31","out_stock_threshold":null,"inheritable":false,"stock_on_hold":0,"sold_today":0,"sales_last_days":0,"out_stock_days":18,"lost_sales":15,"update_date":"2026-04-18T09:22:04","atum_locations":[],"atum_stock_status":"outofstock","restock_status":false,"low_stock_amount":"","sales_update_date":"2026-04-18T09:22:04","calc_backorders":null,"yoast_head":"<!-- This site is optimized with the Yoast SEO plugin v27.3 - https:\/\/yoast.com\/product\/yoast-seo-wordpress\/ -->\n<title>VIFLY ShortSaver 2 - Iha Race<\/title>\n<meta name=\"robots\" content=\"index, follow, max-snippet:-1, max-image-preview:large, max-video-preview:-1\" \/>\n<link rel=\"canonical\" href=\"https:\/\/iha-race.com\/it\/prodotto\/vifly-shortsaver-2-2\/\" \/>\n<meta property=\"og:locale\" content=\"it_IT\" \/>\n<meta property=\"og:type\" content=\"article\" \/>\n<meta property=\"og:title\" content=\"VIFLY ShortSaver 2 - Iha Race\" \/>\n<meta property=\"og:description\" content=\"Il tappo di fumo VILFY per eccellenza! Non \u00e8 piccolo come le versioni esclusive XT30 o XT60, ma sostituisce entrambe e offre funzioni pi\u00f9 robuste! La versione 2 aggiunge nuovi pulsanti per semplificare la rilegatura!\" \/>\n<meta property=\"og:url\" content=\"https:\/\/iha-race.com\/it\/prodotto\/vifly-shortsaver-2-2\/\" \/>\n<meta property=\"og:site_name\" content=\"Iha Race\" \/>\n<meta property=\"article:modified_time\" content=\"2026-03-30T20:53:31+00:00\" \/>\n<meta property=\"og:image\" content=\"https:\/\/iha-race.com\/wp-content\/uploads\/2020\/08\/vifly-shortsaver-2.jpg\" \/>\n\t<meta property=\"og:image:width\" content=\"1000\" \/>\n\t<meta property=\"og:image:height\" content=\"1000\" \/>\n\t<meta property=\"og:image:type\" content=\"image\/jpeg\" \/>\n<meta name=\"twitter:card\" content=\"summary_large_image\" \/>\n<meta name=\"twitter:label1\" content=\"Tempo di lettura stimato\" \/>\n\t<meta name=\"twitter:data1\" content=\"2 minuti\" \/>\n<script type=\"application\/ld+json\" class=\"yoast-schema-graph\">{\"@context\":\"https:\\\/\\\/schema.org\",\"@graph\":[{\"@type\":\"WebPage\",\"@id\":\"https:\\\/\\\/iha-race.com\\\/it\\\/prodotto\\\/vifly-shortsaver-2-2\\\/\",\"url\":\"https:\\\/\\\/iha-race.com\\\/it\\\/prodotto\\\/vifly-shortsaver-2-2\\\/\",\"name\":\"VIFLY ShortSaver 2 - Iha Race\",\"isPartOf\":{\"@id\":\"https:\\\/\\\/iha-race.com\\\/it\\\/#website\"},\"primaryImageOfPage\":{\"@id\":\"https:\\\/\\\/iha-race.com\\\/it\\\/prodotto\\\/vifly-shortsaver-2-2\\\/#primaryimage\"},\"image\":{\"@id\":\"https:\\\/\\\/iha-race.com\\\/it\\\/prodotto\\\/vifly-shortsaver-2-2\\\/#primaryimage\"},\"thumbnailUrl\":\"https:\\\/\\\/iha-race.com\\\/wp-content\\\/uploads\\\/2020\\\/08\\\/vifly-shortsaver-2.jpg\",\"datePublished\":\"2020-08-10T17:33:25+00:00\",\"dateModified\":\"2026-03-30T20:53:31+00:00\",\"breadcrumb\":{\"@id\":\"https:\\\/\\\/iha-race.com\\\/it\\\/prodotto\\\/vifly-shortsaver-2-2\\\/#breadcrumb\"},\"inLanguage\":\"it-IT\",\"potentialAction\":[{\"@type\":\"ReadAction\",\"target\":[\"https:\\\/\\\/iha-race.com\\\/it\\\/prodotto\\\/vifly-shortsaver-2-2\\\/\"]}]},{\"@type\":\"ImageObject\",\"inLanguage\":\"it-IT\",\"@id\":\"https:\\\/\\\/iha-race.com\\\/it\\\/prodotto\\\/vifly-shortsaver-2-2\\\/#primaryimage\",\"url\":\"https:\\\/\\\/iha-race.com\\\/wp-content\\\/uploads\\\/2020\\\/08\\\/vifly-shortsaver-2.jpg\",\"contentUrl\":\"https:\\\/\\\/iha-race.com\\\/wp-content\\\/uploads\\\/2020\\\/08\\\/vifly-shortsaver-2.jpg\",\"width\":1000,\"height\":1000,\"caption\":\"acquistare pi\u00f9 a buon mercato\"},{\"@type\":\"BreadcrumbList\",\"@id\":\"https:\\\/\\\/iha-race.com\\\/it\\\/prodotto\\\/vifly-shortsaver-2-2\\\/#breadcrumb\",\"itemListElement\":[{\"@type\":\"ListItem\",\"position\":1,\"name\":\"Portada\",\"item\":\"https:\\\/\\\/iha-race.com\\\/it\\\/\"},{\"@type\":\"ListItem\",\"position\":2,\"name\":\"Negozio\",\"item\":\"https:\\\/\\\/iha-race.com\\\/it\\\/negozio\\\/\"},{\"@type\":\"ListItem\",\"position\":3,\"name\":\"VIFLY ShortSaver 2\"}]},{\"@type\":\"WebSite\",\"@id\":\"https:\\\/\\\/iha-race.com\\\/it\\\/#website\",\"url\":\"https:\\\/\\\/iha-race.com\\\/it\\\/\",\"name\":\"Iha Race\",\"description\":\"Comprar drones de carreras FPV env\u00edos en un d\u00eda desde Espa\u00f1a\",\"publisher\":{\"@id\":\"https:\\\/\\\/iha-race.com\\\/it\\\/#organization\"},\"potentialAction\":[{\"@type\":\"SearchAction\",\"target\":{\"@type\":\"EntryPoint\",\"urlTemplate\":\"https:\\\/\\\/iha-race.com\\\/it\\\/?s={search_term_string}\"},\"query-input\":{\"@type\":\"PropertyValueSpecification\",\"valueRequired\":true,\"valueName\":\"search_term_string\"}}],\"inLanguage\":\"it-IT\"},{\"@type\":\"Organization\",\"@id\":\"https:\\\/\\\/iha-race.com\\\/it\\\/#organization\",\"name\":\"Iha Race\",\"url\":\"https:\\\/\\\/iha-race.com\\\/it\\\/\",\"logo\":{\"@type\":\"ImageObject\",\"inLanguage\":\"it-IT\",\"@id\":\"https:\\\/\\\/iha-race.com\\\/it\\\/#\\\/schema\\\/logo\\\/image\\\/\",\"url\":\"https:\\\/\\\/iha-race.com\\\/wp-content\\\/uploads\\\/2018\\\/07\\\/iha-race-drones-de-carreras-tienda-comprar-drones.png\",\"contentUrl\":\"https:\\\/\\\/iha-race.com\\\/wp-content\\\/uploads\\\/2018\\\/07\\\/iha-race-drones-de-carreras-tienda-comprar-drones.png\",\"width\":300,\"height\":100,\"caption\":\"Iha Race\"},\"image\":{\"@id\":\"https:\\\/\\\/iha-race.com\\\/it\\\/#\\\/schema\\\/logo\\\/image\\\/\"}}]}<\/script>\n<!-- \/ Yoast SEO plugin. -->","yoast_head_json":{"title":"VIFLY ShortSaver 2 - Iha Race","robots":{"index":"index","follow":"follow","max-snippet":"max-snippet:-1","max-image-preview":"max-image-preview:large","max-video-preview":"max-video-preview:-1"},"canonical":"https:\/\/iha-race.com\/it\/prodotto\/vifly-shortsaver-2-2\/","og_locale":"it_IT","og_type":"article","og_title":"VIFLY ShortSaver 2 - Iha Race","og_description":"Il tappo di fumo VILFY per eccellenza! Non \u00e8 piccolo come le versioni esclusive XT30 o XT60, ma sostituisce entrambe e offre funzioni pi\u00f9 robuste! La versione 2 aggiunge nuovi pulsanti per semplificare la rilegatura!","og_url":"https:\/\/iha-race.com\/it\/prodotto\/vifly-shortsaver-2-2\/","og_site_name":"Iha Race","article_modified_time":"2026-03-30T20:53:31+00:00","og_image":[{"width":1000,"height":1000,"url":"https:\/\/iha-race.com\/wp-content\/uploads\/2020\/08\/vifly-shortsaver-2.jpg","type":"image\/jpeg"}],"twitter_card":"summary_large_image","twitter_misc":{"Tempo di lettura stimato":"2 minuti"},"schema":{"@context":"https:\/\/schema.org","@graph":[{"@type":"WebPage","@id":"https:\/\/iha-race.com\/it\/prodotto\/vifly-shortsaver-2-2\/","url":"https:\/\/iha-race.com\/it\/prodotto\/vifly-shortsaver-2-2\/","name":"VIFLY ShortSaver 2 - Iha Race","isPartOf":{"@id":"https:\/\/iha-race.com\/it\/#website"},"primaryImageOfPage":{"@id":"https:\/\/iha-race.com\/it\/prodotto\/vifly-shortsaver-2-2\/#primaryimage"},"image":{"@id":"https:\/\/iha-race.com\/it\/prodotto\/vifly-shortsaver-2-2\/#primaryimage"},"thumbnailUrl":"https:\/\/iha-race.com\/wp-content\/uploads\/2020\/08\/vifly-shortsaver-2.jpg","datePublished":"2020-08-10T17:33:25+00:00","dateModified":"2026-03-30T20:53:31+00:00","breadcrumb":{"@id":"https:\/\/iha-race.com\/it\/prodotto\/vifly-shortsaver-2-2\/#breadcrumb"},"inLanguage":"it-IT","potentialAction":[{"@type":"ReadAction","target":["https:\/\/iha-race.com\/it\/prodotto\/vifly-shortsaver-2-2\/"]}]},{"@type":"ImageObject","inLanguage":"it-IT","@id":"https:\/\/iha-race.com\/it\/prodotto\/vifly-shortsaver-2-2\/#primaryimage","url":"https:\/\/iha-race.com\/wp-content\/uploads\/2020\/08\/vifly-shortsaver-2.jpg","contentUrl":"https:\/\/iha-race.com\/wp-content\/uploads\/2020\/08\/vifly-shortsaver-2.jpg","width":1000,"height":1000,"caption":"acquistare pi\u00f9 a buon mercato"},{"@type":"BreadcrumbList","@id":"https:\/\/iha-race.com\/it\/prodotto\/vifly-shortsaver-2-2\/#breadcrumb","itemListElement":[{"@type":"ListItem","position":1,"name":"Portada","item":"https:\/\/iha-race.com\/it\/"},{"@type":"ListItem","position":2,"name":"Negozio","item":"https:\/\/iha-race.com\/it\/negozio\/"},{"@type":"ListItem","position":3,"name":"VIFLY ShortSaver 2"}]},{"@type":"WebSite","@id":"https:\/\/iha-race.com\/it\/#website","url":"https:\/\/iha-race.com\/it\/","name":"Iha Race","description":"Comprar drones de carreras FPV env\u00edos en un d\u00eda desde Espa\u00f1a","publisher":{"@id":"https:\/\/iha-race.com\/it\/#organization"},"potentialAction":[{"@type":"SearchAction","target":{"@type":"EntryPoint","urlTemplate":"https:\/\/iha-race.com\/it\/?s={search_term_string}"},"query-input":{"@type":"PropertyValueSpecification","valueRequired":true,"valueName":"search_term_string"}}],"inLanguage":"it-IT"},{"@type":"Organization","@id":"https:\/\/iha-race.com\/it\/#organization","name":"Iha Race","url":"https:\/\/iha-race.com\/it\/","logo":{"@type":"ImageObject","inLanguage":"it-IT","@id":"https:\/\/iha-race.com\/it\/#\/schema\/logo\/image\/","url":"https:\/\/iha-race.com\/wp-content\/uploads\/2018\/07\/iha-race-drones-de-carreras-tienda-comprar-drones.png","contentUrl":"https:\/\/iha-race.com\/wp-content\/uploads\/2018\/07\/iha-race-drones-de-carreras-tienda-comprar-drones.png","width":300,"height":100,"caption":"Iha Race"},"image":{"@id":"https:\/\/iha-race.com\/it\/#\/schema\/logo\/image\/"}}]}},"jetpack_sharing_enabled":true,"brands":[{"id":3902,"name":"Vifly Finder","slug":"vifly-finder"}],"_links":{"self":[{"href":"https:\/\/iha-race.com\/it\/wp-json\/wp\/v2\/product\/113046","targetHints":{"allow":["GET"]}}],"collection":[{"href":"https:\/\/iha-race.com\/it\/wp-json\/wp\/v2\/product"}],"about":[{"href":"https:\/\/iha-race.com\/it\/wp-json\/wp\/v2\/types\/product"}],"replies":[{"embeddable":true,"href":"https:\/\/iha-race.com\/it\/wp-json\/wp\/v2\/comments?post=113046"}],"version-history":[{"count":3,"href":"https:\/\/iha-race.com\/it\/wp-json\/wp\/v2\/product\/113046\/revisions"}],"predecessor-version":[{"id":249855,"href":"https:\/\/iha-race.com\/it\/wp-json\/wp\/v2\/product\/113046\/revisions\/249855"}],"wp:featuredmedia":[{"embeddable":true,"href":"https:\/\/iha-race.com\/it\/wp-json\/wp\/v2\/media\/103342"}],"wp:attachment":[{"href":"https:\/\/iha-race.com\/it\/wp-json\/wp\/v2\/media?parent=113046"}],"wp:term":[{"taxonomy":"pwb-brand","embeddable":true,"href":"https:\/\/iha-race.com\/it\/wp-json\/wp\/v2\/pwb-brand?post=113046"},{"taxonomy":"product_cat","embeddable":true,"href":"https:\/\/iha-race.com\/it\/wp-json\/wp\/v2\/product_cat?post=113046"},{"taxonomy":"product_tag","embeddable":true,"href":"https:\/\/iha-race.com\/it\/wp-json\/wp\/v2\/product_tag?post=113046"}],"curies":[{"name":"wp","href":"https:\/\/api.w.org\/{rel}","templated":true}]}}