{"id":113020,"date":"2020-08-08T18:09:11","date_gmt":"2020-08-08T16:09:11","guid":{"rendered":"https:\/\/iha-race.com\/producto\/antenna-truerc-ocp-5-8-mmcx-90o-rhcp\/"},"modified":"2024-08-29T16:03:09","modified_gmt":"2024-08-29T14:03:09","slug":"antena-truerc-ocp-5-8-mmcx-90o-rhcp","status":"publish","type":"product","link":"https:\/\/iha-race.com\/it\/prodotto\/antena-truerc-ocp-5-8-mmcx-90o-rhcp\/","title":{"rendered":"Antenna TrueRC OCP 5.8 MMCX 90\u00ba (RHCP)"},"content":{"rendered":"<h2>Antenna TrueRC OCP 5.8 MMCX 90\u00ba (RHCP)<\/h2>\n<p>  L&#8217;OCP 5.8 \u00e8 la nostra nuova antenna omnidirezionale per l&#8217;uso quotidiano. Design collaudato, segnale eccellente, durevole e dall&#8217;aspetto sorprendente. Disponibile in tutte le configurazioni di connettori pi\u00f9 diffuse.  <\/p>\n<h2>Caratteristiche:<\/h2>\n<ul>\n<li>Alloggiamento in policarbonato resistente, stampato a iniezione e saldato a ultrasuoni<\/li>\n<li>Chiara indicazione della direzione di polarizzazione<\/li>\n<li>Eccellente rapporto assiale ed efficienza.<\/li>\n<li>Cavo coassiale flessibile per una facile installazione<\/li>\n<li>Maniglia pi\u00f9 lunga di qualit\u00e0 Mmcx adatta all&#8217;unit\u00e0 aerea DJI<\/li>\n<\/ul>\n<h2><strong>Specifiche:<\/strong><\/h2>\n<ul>\n<li><strong>Guadagno: 1 <\/strong>,6 dBic<\/li>\n<li><strong>Reiezione alla<\/strong> polarizzazione <strong>incrociata<\/strong>: da -10 a -20 dB, (3,2%)<\/li>\n<li><strong>Larghezza di banda:<\/strong> 5,6GHz-6,0GHz<\/li>\n<li><strong>Efficienza di irradiazione:<\/strong> 98%.<\/li>\n<li><strong>ROE:<\/strong> &lt;= 1,2: 1<\/li>\n<li><strong>Peso:<\/strong> x.xg<\/li>\n<li><strong>Dimensioni (testa):<\/strong> 16,5 mm di diametro. X 10,7 mm di altezza.<\/li>\n<li><strong>Lunghezza:<\/strong> 80 mm<\/li>\n<li><strong>Cavo:<\/strong> coassiale TrueRC RG316.<\/li>\n<li><strong>Connettore:<\/strong> 90 gradi. MMCX maschio.<\/li>\n<\/ul>\n","protected":false},"excerpt":{"rendered":"<p>Antenna TrueRC OCP 5.8 MMCX 90\u00ba (RHCP) L&#8217;OCP 5.8 \u00e8 la nostra nuova antenna omnidirezionale per l&#8217;uso quotidiano. Design collaudato, segnale eccellente, durevole e dall&#8217;aspetto sorprendente. Disponibile in tutte le<\/p>\n","protected":false},"featured_media":97027,"comment_status":"open","ping_status":"closed","template":"","meta":{"_joinchat":[]},"pwb-brand":[],"product_cat":[1180],"product_tag":[],"class_list":{"0":"post-113020","1":"product","2":"type-product","3":"status-publish","4":"has-post-thumbnail","6":"product_cat-antenne-fpv","8":"first","9":"instock","10":"taxable","11":"shipping-taxable","12":"purchasable","13":"product-type-simple"},"barcode":null,"atum_controlled":true,"out_stock_date":null,"out_stock_threshold":null,"inheritable":false,"stock_on_hold":0,"sold_today":0,"sales_last_days":0,"out_stock_days":0,"lost_sales":0,"update_date":"2026-04-18T23:35:00","atum_locations":[],"atum_stock_status":"instock","restock_status":false,"low_stock_amount":"","sales_update_date":"2026-04-18T23:35:00","calc_backorders":null,"yoast_head":"<!-- This site is optimized with the Yoast SEO plugin v27.3 - https:\/\/yoast.com\/product\/yoast-seo-wordpress\/ -->\n<title>Antenna TrueRC OCP 5.8 MMCX 90\u00ba (RHCP) - Iha Race<\/title>\n<meta name=\"robots\" content=\"index, follow, max-snippet:-1, max-image-preview:large, max-video-preview:-1\" \/>\n<link rel=\"canonical\" href=\"https:\/\/iha-race.com\/it\/prodotto\/antena-truerc-ocp-5-8-mmcx-90o-rhcp\/\" \/>\n<meta property=\"og:locale\" content=\"it_IT\" \/>\n<meta property=\"og:type\" content=\"article\" \/>\n<meta property=\"og:title\" content=\"Antenna TrueRC OCP 5.8 MMCX 90\u00ba (RHCP) - Iha Race\" \/>\n<meta property=\"og:description\" content=\"Antenna TrueRC OCP 5.8 MMCX 90\u00ba (RHCP) L&#8217;OCP 5.8 \u00e8 la nostra nuova antenna omnidirezionale per l&#8217;uso quotidiano. Design collaudato, segnale eccellente, durevole e dall&#8217;aspetto sorprendente. Disponibile in tutte le\" \/>\n<meta property=\"og:url\" content=\"https:\/\/iha-race.com\/it\/prodotto\/antena-truerc-ocp-5-8-mmcx-90o-rhcp\/\" \/>\n<meta property=\"og:site_name\" content=\"Iha Race\" \/>\n<meta property=\"article:modified_time\" content=\"2024-08-29T14:03:09+00:00\" \/>\n<meta property=\"og:image\" content=\"https:\/\/iha-race.com\/wp-content\/uploads\/2020\/08\/Antena-truerc-ocp-5.8-mmcx90-comprar-barata-2.jpg\" \/>\n\t<meta property=\"og:image:width\" content=\"800\" \/>\n\t<meta property=\"og:image:height\" content=\"800\" \/>\n\t<meta property=\"og:image:type\" content=\"image\/jpeg\" \/>\n<meta name=\"twitter:card\" content=\"summary_large_image\" \/>\n<meta name=\"twitter:label1\" content=\"Tempo di lettura stimato\" \/>\n\t<meta name=\"twitter:data1\" content=\"1 minuto\" \/>\n<script type=\"application\/ld+json\" class=\"yoast-schema-graph\">{\"@context\":\"https:\\\/\\\/schema.org\",\"@graph\":[{\"@type\":\"WebPage\",\"@id\":\"https:\\\/\\\/iha-race.com\\\/it\\\/prodotto\\\/antena-truerc-ocp-5-8-mmcx-90o-rhcp\\\/\",\"url\":\"https:\\\/\\\/iha-race.com\\\/it\\\/prodotto\\\/antena-truerc-ocp-5-8-mmcx-90o-rhcp\\\/\",\"name\":\"Antenna TrueRC OCP 5.8 MMCX 90\u00ba (RHCP) - Iha Race\",\"isPartOf\":{\"@id\":\"https:\\\/\\\/iha-race.com\\\/it\\\/#website\"},\"primaryImageOfPage\":{\"@id\":\"https:\\\/\\\/iha-race.com\\\/it\\\/prodotto\\\/antena-truerc-ocp-5-8-mmcx-90o-rhcp\\\/#primaryimage\"},\"image\":{\"@id\":\"https:\\\/\\\/iha-race.com\\\/it\\\/prodotto\\\/antena-truerc-ocp-5-8-mmcx-90o-rhcp\\\/#primaryimage\"},\"thumbnailUrl\":\"https:\\\/\\\/iha-race.com\\\/wp-content\\\/uploads\\\/2020\\\/08\\\/Antena-truerc-ocp-5.8-mmcx90-comprar-barata-2.jpg\",\"datePublished\":\"2020-08-08T16:09:11+00:00\",\"dateModified\":\"2024-08-29T14:03:09+00:00\",\"breadcrumb\":{\"@id\":\"https:\\\/\\\/iha-race.com\\\/it\\\/prodotto\\\/antena-truerc-ocp-5-8-mmcx-90o-rhcp\\\/#breadcrumb\"},\"inLanguage\":\"it-IT\",\"potentialAction\":[{\"@type\":\"ReadAction\",\"target\":[\"https:\\\/\\\/iha-race.com\\\/it\\\/prodotto\\\/antena-truerc-ocp-5-8-mmcx-90o-rhcp\\\/\"]}]},{\"@type\":\"ImageObject\",\"inLanguage\":\"it-IT\",\"@id\":\"https:\\\/\\\/iha-race.com\\\/it\\\/prodotto\\\/antena-truerc-ocp-5-8-mmcx-90o-rhcp\\\/#primaryimage\",\"url\":\"https:\\\/\\\/iha-race.com\\\/wp-content\\\/uploads\\\/2020\\\/08\\\/Antena-truerc-ocp-5.8-mmcx90-comprar-barata-2.jpg\",\"contentUrl\":\"https:\\\/\\\/iha-race.com\\\/wp-content\\\/uploads\\\/2020\\\/08\\\/Antena-truerc-ocp-5.8-mmcx90-comprar-barata-2.jpg\",\"width\":800,\"height\":800,\"caption\":\"acquistare il miglior prezzo Antenna-truerc-ocp-5.8-mmcx90\"},{\"@type\":\"BreadcrumbList\",\"@id\":\"https:\\\/\\\/iha-race.com\\\/it\\\/prodotto\\\/antena-truerc-ocp-5-8-mmcx-90o-rhcp\\\/#breadcrumb\",\"itemListElement\":[{\"@type\":\"ListItem\",\"position\":1,\"name\":\"Portada\",\"item\":\"https:\\\/\\\/iha-race.com\\\/it\\\/\"},{\"@type\":\"ListItem\",\"position\":2,\"name\":\"Negozio\",\"item\":\"https:\\\/\\\/iha-race.com\\\/it\\\/negozio\\\/\"},{\"@type\":\"ListItem\",\"position\":3,\"name\":\"Antenna TrueRC OCP 5.8 MMCX 90\u00ba (RHCP)\"}]},{\"@type\":\"WebSite\",\"@id\":\"https:\\\/\\\/iha-race.com\\\/it\\\/#website\",\"url\":\"https:\\\/\\\/iha-race.com\\\/it\\\/\",\"name\":\"Iha Race\",\"description\":\"Comprar drones de carreras FPV env\u00edos en un d\u00eda desde Espa\u00f1a\",\"publisher\":{\"@id\":\"https:\\\/\\\/iha-race.com\\\/it\\\/#organization\"},\"potentialAction\":[{\"@type\":\"SearchAction\",\"target\":{\"@type\":\"EntryPoint\",\"urlTemplate\":\"https:\\\/\\\/iha-race.com\\\/it\\\/?s={search_term_string}\"},\"query-input\":{\"@type\":\"PropertyValueSpecification\",\"valueRequired\":true,\"valueName\":\"search_term_string\"}}],\"inLanguage\":\"it-IT\"},{\"@type\":\"Organization\",\"@id\":\"https:\\\/\\\/iha-race.com\\\/it\\\/#organization\",\"name\":\"Iha Race\",\"url\":\"https:\\\/\\\/iha-race.com\\\/it\\\/\",\"logo\":{\"@type\":\"ImageObject\",\"inLanguage\":\"it-IT\",\"@id\":\"https:\\\/\\\/iha-race.com\\\/it\\\/#\\\/schema\\\/logo\\\/image\\\/\",\"url\":\"https:\\\/\\\/iha-race.com\\\/wp-content\\\/uploads\\\/2018\\\/07\\\/iha-race-drones-de-carreras-tienda-comprar-drones.png\",\"contentUrl\":\"https:\\\/\\\/iha-race.com\\\/wp-content\\\/uploads\\\/2018\\\/07\\\/iha-race-drones-de-carreras-tienda-comprar-drones.png\",\"width\":300,\"height\":100,\"caption\":\"Iha Race\"},\"image\":{\"@id\":\"https:\\\/\\\/iha-race.com\\\/it\\\/#\\\/schema\\\/logo\\\/image\\\/\"}}]}<\/script>\n<!-- \/ Yoast SEO plugin. -->","yoast_head_json":{"title":"Antenna TrueRC OCP 5.8 MMCX 90\u00ba (RHCP) - Iha Race","robots":{"index":"index","follow":"follow","max-snippet":"max-snippet:-1","max-image-preview":"max-image-preview:large","max-video-preview":"max-video-preview:-1"},"canonical":"https:\/\/iha-race.com\/it\/prodotto\/antena-truerc-ocp-5-8-mmcx-90o-rhcp\/","og_locale":"it_IT","og_type":"article","og_title":"Antenna TrueRC OCP 5.8 MMCX 90\u00ba (RHCP) - Iha Race","og_description":"Antenna TrueRC OCP 5.8 MMCX 90\u00ba (RHCP) L&#8217;OCP 5.8 \u00e8 la nostra nuova antenna omnidirezionale per l&#8217;uso quotidiano. Design collaudato, segnale eccellente, durevole e dall&#8217;aspetto sorprendente. Disponibile in tutte le","og_url":"https:\/\/iha-race.com\/it\/prodotto\/antena-truerc-ocp-5-8-mmcx-90o-rhcp\/","og_site_name":"Iha Race","article_modified_time":"2024-08-29T14:03:09+00:00","og_image":[{"width":800,"height":800,"url":"https:\/\/iha-race.com\/wp-content\/uploads\/2020\/08\/Antena-truerc-ocp-5.8-mmcx90-comprar-barata-2.jpg","type":"image\/jpeg"}],"twitter_card":"summary_large_image","twitter_misc":{"Tempo di lettura stimato":"1 minuto"},"schema":{"@context":"https:\/\/schema.org","@graph":[{"@type":"WebPage","@id":"https:\/\/iha-race.com\/it\/prodotto\/antena-truerc-ocp-5-8-mmcx-90o-rhcp\/","url":"https:\/\/iha-race.com\/it\/prodotto\/antena-truerc-ocp-5-8-mmcx-90o-rhcp\/","name":"Antenna TrueRC OCP 5.8 MMCX 90\u00ba (RHCP) - Iha Race","isPartOf":{"@id":"https:\/\/iha-race.com\/it\/#website"},"primaryImageOfPage":{"@id":"https:\/\/iha-race.com\/it\/prodotto\/antena-truerc-ocp-5-8-mmcx-90o-rhcp\/#primaryimage"},"image":{"@id":"https:\/\/iha-race.com\/it\/prodotto\/antena-truerc-ocp-5-8-mmcx-90o-rhcp\/#primaryimage"},"thumbnailUrl":"https:\/\/iha-race.com\/wp-content\/uploads\/2020\/08\/Antena-truerc-ocp-5.8-mmcx90-comprar-barata-2.jpg","datePublished":"2020-08-08T16:09:11+00:00","dateModified":"2024-08-29T14:03:09+00:00","breadcrumb":{"@id":"https:\/\/iha-race.com\/it\/prodotto\/antena-truerc-ocp-5-8-mmcx-90o-rhcp\/#breadcrumb"},"inLanguage":"it-IT","potentialAction":[{"@type":"ReadAction","target":["https:\/\/iha-race.com\/it\/prodotto\/antena-truerc-ocp-5-8-mmcx-90o-rhcp\/"]}]},{"@type":"ImageObject","inLanguage":"it-IT","@id":"https:\/\/iha-race.com\/it\/prodotto\/antena-truerc-ocp-5-8-mmcx-90o-rhcp\/#primaryimage","url":"https:\/\/iha-race.com\/wp-content\/uploads\/2020\/08\/Antena-truerc-ocp-5.8-mmcx90-comprar-barata-2.jpg","contentUrl":"https:\/\/iha-race.com\/wp-content\/uploads\/2020\/08\/Antena-truerc-ocp-5.8-mmcx90-comprar-barata-2.jpg","width":800,"height":800,"caption":"acquistare il miglior prezzo Antenna-truerc-ocp-5.8-mmcx90"},{"@type":"BreadcrumbList","@id":"https:\/\/iha-race.com\/it\/prodotto\/antena-truerc-ocp-5-8-mmcx-90o-rhcp\/#breadcrumb","itemListElement":[{"@type":"ListItem","position":1,"name":"Portada","item":"https:\/\/iha-race.com\/it\/"},{"@type":"ListItem","position":2,"name":"Negozio","item":"https:\/\/iha-race.com\/it\/negozio\/"},{"@type":"ListItem","position":3,"name":"Antenna TrueRC OCP 5.8 MMCX 90\u00ba (RHCP)"}]},{"@type":"WebSite","@id":"https:\/\/iha-race.com\/it\/#website","url":"https:\/\/iha-race.com\/it\/","name":"Iha Race","description":"Comprar drones de carreras FPV env\u00edos en un d\u00eda desde Espa\u00f1a","publisher":{"@id":"https:\/\/iha-race.com\/it\/#organization"},"potentialAction":[{"@type":"SearchAction","target":{"@type":"EntryPoint","urlTemplate":"https:\/\/iha-race.com\/it\/?s={search_term_string}"},"query-input":{"@type":"PropertyValueSpecification","valueRequired":true,"valueName":"search_term_string"}}],"inLanguage":"it-IT"},{"@type":"Organization","@id":"https:\/\/iha-race.com\/it\/#organization","name":"Iha Race","url":"https:\/\/iha-race.com\/it\/","logo":{"@type":"ImageObject","inLanguage":"it-IT","@id":"https:\/\/iha-race.com\/it\/#\/schema\/logo\/image\/","url":"https:\/\/iha-race.com\/wp-content\/uploads\/2018\/07\/iha-race-drones-de-carreras-tienda-comprar-drones.png","contentUrl":"https:\/\/iha-race.com\/wp-content\/uploads\/2018\/07\/iha-race-drones-de-carreras-tienda-comprar-drones.png","width":300,"height":100,"caption":"Iha Race"},"image":{"@id":"https:\/\/iha-race.com\/it\/#\/schema\/logo\/image\/"}}]}},"jetpack_sharing_enabled":true,"brands":[],"_links":{"self":[{"href":"https:\/\/iha-race.com\/it\/wp-json\/wp\/v2\/product\/113020","targetHints":{"allow":["GET"]}}],"collection":[{"href":"https:\/\/iha-race.com\/it\/wp-json\/wp\/v2\/product"}],"about":[{"href":"https:\/\/iha-race.com\/it\/wp-json\/wp\/v2\/types\/product"}],"replies":[{"embeddable":true,"href":"https:\/\/iha-race.com\/it\/wp-json\/wp\/v2\/comments?post=113020"}],"version-history":[{"count":2,"href":"https:\/\/iha-race.com\/it\/wp-json\/wp\/v2\/product\/113020\/revisions"}],"predecessor-version":[{"id":249872,"href":"https:\/\/iha-race.com\/it\/wp-json\/wp\/v2\/product\/113020\/revisions\/249872"}],"wp:featuredmedia":[{"embeddable":true,"href":"https:\/\/iha-race.com\/it\/wp-json\/wp\/v2\/media\/97027"}],"wp:attachment":[{"href":"https:\/\/iha-race.com\/it\/wp-json\/wp\/v2\/media?parent=113020"}],"wp:term":[{"taxonomy":"pwb-brand","embeddable":true,"href":"https:\/\/iha-race.com\/it\/wp-json\/wp\/v2\/pwb-brand?post=113020"},{"taxonomy":"product_cat","embeddable":true,"href":"https:\/\/iha-race.com\/it\/wp-json\/wp\/v2\/product_cat?post=113020"},{"taxonomy":"product_tag","embeddable":true,"href":"https:\/\/iha-race.com\/it\/wp-json\/wp\/v2\/product_tag?post=113020"}],"curies":[{"name":"wp","href":"https:\/\/api.w.org\/{rel}","templated":true}]}}