{"id":112997,"date":"2020-07-23T15:23:52","date_gmt":"2020-07-23T13:23:52","guid":{"rendered":"https:\/\/iha-race.com\/producto\/batteria-tattu-850mah-11-1v-75c-3s1p-xt30-xt60\/"},"modified":"2024-08-29T16:05:37","modified_gmt":"2024-08-29T14:05:37","slug":"bateria-tattu-850mah-11-1v-75c-3s1p-xt30-xt60","status":"publish","type":"product","link":"https:\/\/iha-race.com\/it\/prodotto\/bateria-tattu-850mah-11-1v-75c-3s1p-xt30-xt60\/","title":{"rendered":"Batteria Tattu 850mAh 11.1V 75C 3S1P (XT30\/XT60)"},"content":{"rendered":"<h1>Batteria lipo Tattu 850mAh 11.1V 75C 3S1P con presa XT30 o XT60<\/h1>\n<p><strong>La batteria lipo Tattu 850mAh 3S 75C<\/strong> \u00e8 una batteria lipo da competizione FPV <strong>leggera e ad alta velocit\u00e0 di scarica<\/strong>, adatta ai quadcopter da competizione FPV, appositamente progettata per i quadcopter di dimensioni 150 e 180.  <img decoding=\"async\" src=\"http:\/\/www.gensace.de\/media\/catalog\/product\/cache\/2\/image\/800x800\/9df78eab33525d08d6e5fb8d27136e95\/2\/_\/2_10_2_1.jpg\" alt=\"Batteria Lipo Tattu 850mAh 3S 75C\"><\/p>\n<h3>Caratteristiche:<\/h3>\n<ul>\n<li>La straordinaria tecnologia di impilamento consente di raggiungere capacit\u00e0 di 850 mAh per singola cella.<\/li>\n<li>Elevate prestazioni di scarica e alta densit\u00e0 energetica.<\/li>\n<\/ul>\n<h3 align=\"justify\"><strong>Specifiche:<\/strong><\/h3>\n<ul>\n<li>Capacit\u00e0: 850 mAh<\/li>\n<li>Tensione: 11,1 V \/ 3 S<\/li>\n<li>Velocit\u00e0 di download: 75C<\/li>\n<li>Peso: 85 g<\/li>\n<li>Dimensioni: 59X30X24mm<\/li>\n<\/ul>\n","protected":false},"excerpt":{"rendered":"<p>Batteria lipo Tattu 850mAh 11.1V 75C 3S1P con presa XT30 o XT60 La batteria lipo Tattu 850mAh 3S 75C \u00e8 una batteria lipo da competizione FPV leggera e ad alta<\/p>\n","protected":false},"featured_media":88105,"comment_status":"open","ping_status":"closed","template":"","meta":{"_joinchat":[]},"pwb-brand":[],"product_cat":[1065,1091],"product_tag":[],"class_list":{"0":"post-112997","1":"product","2":"type-product","3":"status-publish","4":"has-post-thumbnail","6":"product_cat-batterie-fpv","7":"product_cat-s3-it","9":"first","10":"instock","11":"taxable","12":"shipping-taxable","13":"purchasable","14":"product-type-variable"},"barcode":null,"atum_controlled":true,"out_stock_date":"2021-07-30 09:10:24","out_stock_threshold":null,"inheritable":true,"stock_on_hold":0,"sold_today":0,"sales_last_days":0,"out_stock_days":1148,"lost_sales":0,"update_date":"2026-04-18T09:34:38","atum_locations":[],"atum_stock_status":"instock","restock_status":false,"low_stock_amount":"","sales_update_date":"2026-04-18T09:34:38","calc_backorders":null,"yoast_head":"<!-- This site is optimized with the Yoast SEO plugin v27.3 - https:\/\/yoast.com\/product\/yoast-seo-wordpress\/ -->\n<title>Batteria Tattu 850mAh 11.1V 75C 3S1P (XT30\/XT60) - Iha Race<\/title>\n<meta name=\"robots\" content=\"index, follow, max-snippet:-1, max-image-preview:large, max-video-preview:-1\" \/>\n<link rel=\"canonical\" href=\"https:\/\/iha-race.com\/it\/prodotto\/bateria-tattu-850mah-11-1v-75c-3s1p-xt30-xt60\/\" \/>\n<meta property=\"og:locale\" content=\"it_IT\" \/>\n<meta property=\"og:type\" content=\"article\" \/>\n<meta property=\"og:title\" content=\"Batteria Tattu 850mAh 11.1V 75C 3S1P (XT30\/XT60) - Iha Race\" \/>\n<meta property=\"og:description\" content=\"Batteria lipo Tattu 850mAh 11.1V 75C 3S1P con presa XT30 o XT60 La batteria lipo Tattu 850mAh 3S 75C \u00e8 una batteria lipo da competizione FPV leggera e ad alta\" \/>\n<meta property=\"og:url\" content=\"https:\/\/iha-race.com\/it\/prodotto\/bateria-tattu-850mah-11-1v-75c-3s1p-xt30-xt60\/\" \/>\n<meta property=\"og:site_name\" content=\"Iha Race\" \/>\n<meta property=\"article:modified_time\" content=\"2024-08-29T14:05:37+00:00\" \/>\n<meta property=\"og:image\" content=\"https:\/\/iha-race.com\/wp-content\/uploads\/2020\/07\/tattu-850-bateria-barata.jpg\" \/>\n\t<meta property=\"og:image:width\" content=\"800\" \/>\n\t<meta property=\"og:image:height\" content=\"800\" \/>\n\t<meta property=\"og:image:type\" content=\"image\/jpeg\" \/>\n<meta name=\"twitter:card\" content=\"summary_large_image\" \/>\n<script type=\"application\/ld+json\" class=\"yoast-schema-graph\">{\"@context\":\"https:\\\/\\\/schema.org\",\"@graph\":[{\"@type\":\"WebPage\",\"@id\":\"https:\\\/\\\/iha-race.com\\\/it\\\/prodotto\\\/bateria-tattu-850mah-11-1v-75c-3s1p-xt30-xt60\\\/\",\"url\":\"https:\\\/\\\/iha-race.com\\\/it\\\/prodotto\\\/bateria-tattu-850mah-11-1v-75c-3s1p-xt30-xt60\\\/\",\"name\":\"Batteria Tattu 850mAh 11.1V 75C 3S1P (XT30\\\/XT60) - Iha Race\",\"isPartOf\":{\"@id\":\"https:\\\/\\\/iha-race.com\\\/it\\\/#website\"},\"primaryImageOfPage\":{\"@id\":\"https:\\\/\\\/iha-race.com\\\/it\\\/prodotto\\\/bateria-tattu-850mah-11-1v-75c-3s1p-xt30-xt60\\\/#primaryimage\"},\"image\":{\"@id\":\"https:\\\/\\\/iha-race.com\\\/it\\\/prodotto\\\/bateria-tattu-850mah-11-1v-75c-3s1p-xt30-xt60\\\/#primaryimage\"},\"thumbnailUrl\":\"https:\\\/\\\/iha-race.com\\\/wp-content\\\/uploads\\\/2020\\\/07\\\/tattu-850-bateria-barata.jpg\",\"datePublished\":\"2020-07-23T13:23:52+00:00\",\"dateModified\":\"2024-08-29T14:05:37+00:00\",\"breadcrumb\":{\"@id\":\"https:\\\/\\\/iha-race.com\\\/it\\\/prodotto\\\/bateria-tattu-850mah-11-1v-75c-3s1p-xt30-xt60\\\/#breadcrumb\"},\"inLanguage\":\"it-IT\",\"potentialAction\":[{\"@type\":\"ReadAction\",\"target\":[\"https:\\\/\\\/iha-race.com\\\/it\\\/prodotto\\\/bateria-tattu-850mah-11-1v-75c-3s1p-xt30-xt60\\\/\"]}]},{\"@type\":\"ImageObject\",\"inLanguage\":\"it-IT\",\"@id\":\"https:\\\/\\\/iha-race.com\\\/it\\\/prodotto\\\/bateria-tattu-850mah-11-1v-75c-3s1p-xt30-xt60\\\/#primaryimage\",\"url\":\"https:\\\/\\\/iha-race.com\\\/wp-content\\\/uploads\\\/2020\\\/07\\\/tattu-850-bateria-barata.jpg\",\"contentUrl\":\"https:\\\/\\\/iha-race.com\\\/wp-content\\\/uploads\\\/2020\\\/07\\\/tattu-850-bateria-barata.jpg\",\"width\":800,\"height\":800,\"caption\":\"tattu 850 batteria a buon mercato\"},{\"@type\":\"BreadcrumbList\",\"@id\":\"https:\\\/\\\/iha-race.com\\\/it\\\/prodotto\\\/bateria-tattu-850mah-11-1v-75c-3s1p-xt30-xt60\\\/#breadcrumb\",\"itemListElement\":[{\"@type\":\"ListItem\",\"position\":1,\"name\":\"Portada\",\"item\":\"https:\\\/\\\/iha-race.com\\\/it\\\/\"},{\"@type\":\"ListItem\",\"position\":2,\"name\":\"Negozio\",\"item\":\"https:\\\/\\\/iha-race.com\\\/it\\\/negozio\\\/\"},{\"@type\":\"ListItem\",\"position\":3,\"name\":\"Batteria Tattu 850mAh 11.1V 75C 3S1P (XT30\\\/XT60)\"}]},{\"@type\":\"WebSite\",\"@id\":\"https:\\\/\\\/iha-race.com\\\/it\\\/#website\",\"url\":\"https:\\\/\\\/iha-race.com\\\/it\\\/\",\"name\":\"Iha Race\",\"description\":\"Comprar drones de carreras FPV env\u00edos en un d\u00eda desde Espa\u00f1a\",\"publisher\":{\"@id\":\"https:\\\/\\\/iha-race.com\\\/it\\\/#organization\"},\"potentialAction\":[{\"@type\":\"SearchAction\",\"target\":{\"@type\":\"EntryPoint\",\"urlTemplate\":\"https:\\\/\\\/iha-race.com\\\/it\\\/?s={search_term_string}\"},\"query-input\":{\"@type\":\"PropertyValueSpecification\",\"valueRequired\":true,\"valueName\":\"search_term_string\"}}],\"inLanguage\":\"it-IT\"},{\"@type\":\"Organization\",\"@id\":\"https:\\\/\\\/iha-race.com\\\/it\\\/#organization\",\"name\":\"Iha Race\",\"url\":\"https:\\\/\\\/iha-race.com\\\/it\\\/\",\"logo\":{\"@type\":\"ImageObject\",\"inLanguage\":\"it-IT\",\"@id\":\"https:\\\/\\\/iha-race.com\\\/it\\\/#\\\/schema\\\/logo\\\/image\\\/\",\"url\":\"https:\\\/\\\/iha-race.com\\\/wp-content\\\/uploads\\\/2018\\\/07\\\/iha-race-drones-de-carreras-tienda-comprar-drones.png\",\"contentUrl\":\"https:\\\/\\\/iha-race.com\\\/wp-content\\\/uploads\\\/2018\\\/07\\\/iha-race-drones-de-carreras-tienda-comprar-drones.png\",\"width\":300,\"height\":100,\"caption\":\"Iha Race\"},\"image\":{\"@id\":\"https:\\\/\\\/iha-race.com\\\/it\\\/#\\\/schema\\\/logo\\\/image\\\/\"}}]}<\/script>\n<!-- \/ Yoast SEO plugin. -->","yoast_head_json":{"title":"Batteria Tattu 850mAh 11.1V 75C 3S1P (XT30\/XT60) - Iha Race","robots":{"index":"index","follow":"follow","max-snippet":"max-snippet:-1","max-image-preview":"max-image-preview:large","max-video-preview":"max-video-preview:-1"},"canonical":"https:\/\/iha-race.com\/it\/prodotto\/bateria-tattu-850mah-11-1v-75c-3s1p-xt30-xt60\/","og_locale":"it_IT","og_type":"article","og_title":"Batteria Tattu 850mAh 11.1V 75C 3S1P (XT30\/XT60) - Iha Race","og_description":"Batteria lipo Tattu 850mAh 11.1V 75C 3S1P con presa XT30 o XT60 La batteria lipo Tattu 850mAh 3S 75C \u00e8 una batteria lipo da competizione FPV leggera e ad alta","og_url":"https:\/\/iha-race.com\/it\/prodotto\/bateria-tattu-850mah-11-1v-75c-3s1p-xt30-xt60\/","og_site_name":"Iha Race","article_modified_time":"2024-08-29T14:05:37+00:00","og_image":[{"width":800,"height":800,"url":"https:\/\/iha-race.com\/wp-content\/uploads\/2020\/07\/tattu-850-bateria-barata.jpg","type":"image\/jpeg"}],"twitter_card":"summary_large_image","schema":{"@context":"https:\/\/schema.org","@graph":[{"@type":"WebPage","@id":"https:\/\/iha-race.com\/it\/prodotto\/bateria-tattu-850mah-11-1v-75c-3s1p-xt30-xt60\/","url":"https:\/\/iha-race.com\/it\/prodotto\/bateria-tattu-850mah-11-1v-75c-3s1p-xt30-xt60\/","name":"Batteria Tattu 850mAh 11.1V 75C 3S1P (XT30\/XT60) - Iha Race","isPartOf":{"@id":"https:\/\/iha-race.com\/it\/#website"},"primaryImageOfPage":{"@id":"https:\/\/iha-race.com\/it\/prodotto\/bateria-tattu-850mah-11-1v-75c-3s1p-xt30-xt60\/#primaryimage"},"image":{"@id":"https:\/\/iha-race.com\/it\/prodotto\/bateria-tattu-850mah-11-1v-75c-3s1p-xt30-xt60\/#primaryimage"},"thumbnailUrl":"https:\/\/iha-race.com\/wp-content\/uploads\/2020\/07\/tattu-850-bateria-barata.jpg","datePublished":"2020-07-23T13:23:52+00:00","dateModified":"2024-08-29T14:05:37+00:00","breadcrumb":{"@id":"https:\/\/iha-race.com\/it\/prodotto\/bateria-tattu-850mah-11-1v-75c-3s1p-xt30-xt60\/#breadcrumb"},"inLanguage":"it-IT","potentialAction":[{"@type":"ReadAction","target":["https:\/\/iha-race.com\/it\/prodotto\/bateria-tattu-850mah-11-1v-75c-3s1p-xt30-xt60\/"]}]},{"@type":"ImageObject","inLanguage":"it-IT","@id":"https:\/\/iha-race.com\/it\/prodotto\/bateria-tattu-850mah-11-1v-75c-3s1p-xt30-xt60\/#primaryimage","url":"https:\/\/iha-race.com\/wp-content\/uploads\/2020\/07\/tattu-850-bateria-barata.jpg","contentUrl":"https:\/\/iha-race.com\/wp-content\/uploads\/2020\/07\/tattu-850-bateria-barata.jpg","width":800,"height":800,"caption":"tattu 850 batteria a buon mercato"},{"@type":"BreadcrumbList","@id":"https:\/\/iha-race.com\/it\/prodotto\/bateria-tattu-850mah-11-1v-75c-3s1p-xt30-xt60\/#breadcrumb","itemListElement":[{"@type":"ListItem","position":1,"name":"Portada","item":"https:\/\/iha-race.com\/it\/"},{"@type":"ListItem","position":2,"name":"Negozio","item":"https:\/\/iha-race.com\/it\/negozio\/"},{"@type":"ListItem","position":3,"name":"Batteria Tattu 850mAh 11.1V 75C 3S1P (XT30\/XT60)"}]},{"@type":"WebSite","@id":"https:\/\/iha-race.com\/it\/#website","url":"https:\/\/iha-race.com\/it\/","name":"Iha Race","description":"Comprar drones de carreras FPV env\u00edos en un d\u00eda desde Espa\u00f1a","publisher":{"@id":"https:\/\/iha-race.com\/it\/#organization"},"potentialAction":[{"@type":"SearchAction","target":{"@type":"EntryPoint","urlTemplate":"https:\/\/iha-race.com\/it\/?s={search_term_string}"},"query-input":{"@type":"PropertyValueSpecification","valueRequired":true,"valueName":"search_term_string"}}],"inLanguage":"it-IT"},{"@type":"Organization","@id":"https:\/\/iha-race.com\/it\/#organization","name":"Iha Race","url":"https:\/\/iha-race.com\/it\/","logo":{"@type":"ImageObject","inLanguage":"it-IT","@id":"https:\/\/iha-race.com\/it\/#\/schema\/logo\/image\/","url":"https:\/\/iha-race.com\/wp-content\/uploads\/2018\/07\/iha-race-drones-de-carreras-tienda-comprar-drones.png","contentUrl":"https:\/\/iha-race.com\/wp-content\/uploads\/2018\/07\/iha-race-drones-de-carreras-tienda-comprar-drones.png","width":300,"height":100,"caption":"Iha Race"},"image":{"@id":"https:\/\/iha-race.com\/it\/#\/schema\/logo\/image\/"}}]}},"brands":[],"_links":{"self":[{"href":"https:\/\/iha-race.com\/it\/wp-json\/wp\/v2\/product\/112997","targetHints":{"allow":["GET"]}}],"collection":[{"href":"https:\/\/iha-race.com\/it\/wp-json\/wp\/v2\/product"}],"about":[{"href":"https:\/\/iha-race.com\/it\/wp-json\/wp\/v2\/types\/product"}],"replies":[{"embeddable":true,"href":"https:\/\/iha-race.com\/it\/wp-json\/wp\/v2\/comments?post=112997"}],"version-history":[{"count":2,"href":"https:\/\/iha-race.com\/it\/wp-json\/wp\/v2\/product\/112997\/revisions"}],"predecessor-version":[{"id":249920,"href":"https:\/\/iha-race.com\/it\/wp-json\/wp\/v2\/product\/112997\/revisions\/249920"}],"wp:featuredmedia":[{"embeddable":true,"href":"https:\/\/iha-race.com\/it\/wp-json\/wp\/v2\/media\/88105"}],"wp:attachment":[{"href":"https:\/\/iha-race.com\/it\/wp-json\/wp\/v2\/media?parent=112997"}],"wp:term":[{"taxonomy":"pwb-brand","embeddable":true,"href":"https:\/\/iha-race.com\/it\/wp-json\/wp\/v2\/pwb-brand?post=112997"},{"taxonomy":"product_cat","embeddable":true,"href":"https:\/\/iha-race.com\/it\/wp-json\/wp\/v2\/product_cat?post=112997"},{"taxonomy":"product_tag","embeddable":true,"href":"https:\/\/iha-race.com\/it\/wp-json\/wp\/v2\/product_tag?post=112997"}],"curies":[{"name":"wp","href":"https:\/\/api.w.org\/{rel}","templated":true}]}}