{"id":112996,"date":"2020-07-10T13:39:20","date_gmt":"2020-07-10T11:39:20","guid":{"rendered":"https:\/\/iha-race.com\/producto\/antenna-pagoda-menace-stubby-raptor-rhcp-sma-lhcp-sma\/"},"modified":"2024-11-21T13:52:16","modified_gmt":"2024-11-21T12:52:16","slug":"antenna-pagoda-menace-stubby-raptor-rhcp-sma-lhcp-sma","status":"publish","type":"product","link":"https:\/\/iha-race.com\/it\/prodotto\/antenna-pagoda-menace-stubby-raptor-rhcp-sma-lhcp-sma\/","title":{"rendered":"Antenna Pagoda Menace Stubby Raptor RHCP SMA- LHCP SMA"},"content":{"rendered":"<h2>Antenna Pagoda Menace Stubby Raptor RHCP SMA- LHCP SMA<\/h2>\n<p><strong><em>Antenna omnidirezionale Stubby Raptor 5,8Ghz<\/em><\/strong><\/p>\n<p>L&#8217;antenna STUBBY RAPTOR \u00e8 ora ancora pi\u00f9 piccola, pi\u00f9 compatta e con minori probabilit\u00e0 di rimanere impigliata in una porta o in un albero da corsa.<\/p>\n<p>Senza compromettere le prestazioni, come la sorella maggiore, lo STUBBY RAPTOR offre un diagramma di radiazione omogeneo e un elevato rapporto assiale grazie all&#8217;esclusiva costruzione a pagoda su PCB progettata da Maarten Baert.<\/p>\n<p><strong><em>Caratteristiche:<\/em><\/strong><\/p>\n<ul>\n<li>Piccolo design Aero a 5,8 Ghz con eccellente pattern omnidirezionale.<\/li>\n<li>L&#8217;esclusiva struttura del circuito stampato consente la produzione con tolleranze minime.<\/li>\n<li>Guadagno di 1,09 db con un&#8217;efficienza di radiazione del 92%.<\/li>\n<li>Ricezione video pi\u00f9 chiara con fino al 20% in pi\u00f9 di segnale ricevuto rispetto ad altre topologie di antenne omnidirezionali con guadagno superiore.<\/li>\n<li>Elevato rapporto assiale per la reiezione dell&#8217;inversione di polarit\u00e0, ideale per l&#8217;invio e la ricezione in coppia.<\/li>\n<\/ul>\n<p><strong><em>Specifiche:<\/em><\/strong><\/p>\n<ul>\n<li>Frequenza centrale 5,8 GHz<\/li>\n<li>Gamma di frequenza: 5550-6050 MHz<\/li>\n<li>Corrispondenza S11 &lt;-20dB, VSWR &lt;1,22<\/li>\n<li>Guadagno: 1,09 dB con efficienza: 92%.<\/li>\n<li>Rapporto assiale &lt;1,3<\/li>\n<li>Ampiezza del fascio: 360 gradi<\/li>\n<li>Polarizzato circolarmente a sinistra o a destra (LHCP o RHCP)<\/li>\n<li>Connettore SMA<\/li>\n<li>Metodo coassiale rinforzato per SMA<\/li>\n<li>Cavo coassiale con guaina<\/li>\n<li>Altezza: 62 mm<\/li>\n<li>Peso: 9,4 grammi<\/li>\n<\/ul>\n<p><strong><em>Contenuto della confezione:<\/em><\/strong><\/p>\n<ul>\n<li>1x Antenna Raptor 5.8Ghz<\/li>\n<\/ul>\n","protected":false},"excerpt":{"rendered":"<p>Antenna Pagoda Menace Stubby Raptor RHCP SMA- LHCP SMA Antenna omnidirezionale Stubby Raptor 5,8Ghz L&#8217;antenna STUBBY RAPTOR \u00e8 ora ancora pi\u00f9 piccola, pi\u00f9 compatta e con minori probabilit\u00e0 di rimanere<\/p>\n","protected":false},"featured_media":99308,"comment_status":"open","ping_status":"closed","template":"","meta":{"_joinchat":[]},"pwb-brand":[],"product_cat":[1180,4117],"product_tag":[],"class_list":{"0":"post-112996","1":"product","2":"type-product","3":"status-publish","4":"has-post-thumbnail","6":"product_cat-antenne-fpv","7":"product_cat-venerdi-nero-2024","9":"first","10":"instock","11":"taxable","12":"shipping-taxable","13":"purchasable","14":"product-type-variable"},"barcode":null,"atum_controlled":true,"out_stock_date":null,"out_stock_threshold":null,"inheritable":true,"stock_on_hold":0,"sold_today":0,"sales_last_days":0,"out_stock_days":0,"lost_sales":0,"update_date":"2026-04-18T19:10:51","atum_locations":[],"atum_stock_status":"instock","restock_status":false,"low_stock_amount":"","sales_update_date":"2026-04-18T19:10:51","calc_backorders":null,"yoast_head":"<!-- This site is optimized with the Yoast SEO plugin v27.3 - https:\/\/yoast.com\/product\/yoast-seo-wordpress\/ -->\n<title>Antenna Pagoda Menace Stubby Raptor RHCP SMA- LHCP SMA - Iha Race<\/title>\n<meta name=\"robots\" content=\"index, follow, max-snippet:-1, max-image-preview:large, max-video-preview:-1\" \/>\n<link rel=\"canonical\" href=\"https:\/\/iha-race.com\/it\/prodotto\/antenna-pagoda-menace-stubby-raptor-rhcp-sma-lhcp-sma\/\" \/>\n<meta property=\"og:locale\" content=\"it_IT\" \/>\n<meta property=\"og:type\" content=\"article\" \/>\n<meta property=\"og:title\" content=\"Antenna Pagoda Menace Stubby Raptor RHCP SMA- LHCP SMA - Iha Race\" \/>\n<meta property=\"og:description\" content=\"Antenna Pagoda Menace Stubby Raptor RHCP SMA- LHCP SMA Antenna omnidirezionale Stubby Raptor 5,8Ghz L&#8217;antenna STUBBY RAPTOR \u00e8 ora ancora pi\u00f9 piccola, pi\u00f9 compatta e con minori probabilit\u00e0 di rimanere\" \/>\n<meta property=\"og:url\" content=\"https:\/\/iha-race.com\/it\/prodotto\/antenna-pagoda-menace-stubby-raptor-rhcp-sma-lhcp-sma\/\" \/>\n<meta property=\"og:site_name\" content=\"Iha Race\" \/>\n<meta property=\"article:modified_time\" content=\"2024-11-21T12:52:16+00:00\" \/>\n<meta property=\"og:image\" content=\"https:\/\/iha-race.com\/wp-content\/uploads\/2020\/07\/antena-pagoda-menace-stubby-raptor-rhcp-sma-lhcp-sma.jpg\" \/>\n\t<meta property=\"og:image:width\" content=\"2222\" \/>\n\t<meta property=\"og:image:height\" content=\"2222\" \/>\n\t<meta property=\"og:image:type\" content=\"image\/jpeg\" \/>\n<meta name=\"twitter:card\" content=\"summary_large_image\" \/>\n<meta name=\"twitter:label1\" content=\"Tempo di lettura stimato\" \/>\n\t<meta name=\"twitter:data1\" content=\"1 minuto\" \/>\n<script type=\"application\/ld+json\" class=\"yoast-schema-graph\">{\"@context\":\"https:\\\/\\\/schema.org\",\"@graph\":[{\"@type\":\"WebPage\",\"@id\":\"https:\\\/\\\/iha-race.com\\\/it\\\/prodotto\\\/antenna-pagoda-menace-stubby-raptor-rhcp-sma-lhcp-sma\\\/\",\"url\":\"https:\\\/\\\/iha-race.com\\\/it\\\/prodotto\\\/antenna-pagoda-menace-stubby-raptor-rhcp-sma-lhcp-sma\\\/\",\"name\":\"Antenna Pagoda Menace Stubby Raptor RHCP SMA- LHCP SMA - Iha Race\",\"isPartOf\":{\"@id\":\"https:\\\/\\\/iha-race.com\\\/it\\\/#website\"},\"primaryImageOfPage\":{\"@id\":\"https:\\\/\\\/iha-race.com\\\/it\\\/prodotto\\\/antenna-pagoda-menace-stubby-raptor-rhcp-sma-lhcp-sma\\\/#primaryimage\"},\"image\":{\"@id\":\"https:\\\/\\\/iha-race.com\\\/it\\\/prodotto\\\/antenna-pagoda-menace-stubby-raptor-rhcp-sma-lhcp-sma\\\/#primaryimage\"},\"thumbnailUrl\":\"https:\\\/\\\/iha-race.com\\\/wp-content\\\/uploads\\\/2020\\\/07\\\/antena-pagoda-menace-stubby-raptor-rhcp-sma-lhcp-sma.jpg\",\"datePublished\":\"2020-07-10T11:39:20+00:00\",\"dateModified\":\"2024-11-21T12:52:16+00:00\",\"breadcrumb\":{\"@id\":\"https:\\\/\\\/iha-race.com\\\/it\\\/prodotto\\\/antenna-pagoda-menace-stubby-raptor-rhcp-sma-lhcp-sma\\\/#breadcrumb\"},\"inLanguage\":\"it-IT\",\"potentialAction\":[{\"@type\":\"ReadAction\",\"target\":[\"https:\\\/\\\/iha-race.com\\\/it\\\/prodotto\\\/antenna-pagoda-menace-stubby-raptor-rhcp-sma-lhcp-sma\\\/\"]}]},{\"@type\":\"ImageObject\",\"inLanguage\":\"it-IT\",\"@id\":\"https:\\\/\\\/iha-race.com\\\/it\\\/prodotto\\\/antenna-pagoda-menace-stubby-raptor-rhcp-sma-lhcp-sma\\\/#primaryimage\",\"url\":\"https:\\\/\\\/iha-race.com\\\/wp-content\\\/uploads\\\/2020\\\/07\\\/antena-pagoda-menace-stubby-raptor-rhcp-sma-lhcp-sma.jpg\",\"contentUrl\":\"https:\\\/\\\/iha-race.com\\\/wp-content\\\/uploads\\\/2020\\\/07\\\/antena-pagoda-menace-stubby-raptor-rhcp-sma-lhcp-sma.jpg\",\"width\":2222,\"height\":2222,\"caption\":\"antenna-pagoda-menace-stubby-raptor-rhcp-sma-lhcp-sma\"},{\"@type\":\"BreadcrumbList\",\"@id\":\"https:\\\/\\\/iha-race.com\\\/it\\\/prodotto\\\/antenna-pagoda-menace-stubby-raptor-rhcp-sma-lhcp-sma\\\/#breadcrumb\",\"itemListElement\":[{\"@type\":\"ListItem\",\"position\":1,\"name\":\"Portada\",\"item\":\"https:\\\/\\\/iha-race.com\\\/it\\\/\"},{\"@type\":\"ListItem\",\"position\":2,\"name\":\"Negozio\",\"item\":\"https:\\\/\\\/iha-race.com\\\/it\\\/negozio\\\/\"},{\"@type\":\"ListItem\",\"position\":3,\"name\":\"Antenna Pagoda Menace Stubby Raptor RHCP SMA- LHCP SMA\"}]},{\"@type\":\"WebSite\",\"@id\":\"https:\\\/\\\/iha-race.com\\\/it\\\/#website\",\"url\":\"https:\\\/\\\/iha-race.com\\\/it\\\/\",\"name\":\"Iha Race\",\"description\":\"Comprar drones de carreras FPV env\u00edos en un d\u00eda desde Espa\u00f1a\",\"publisher\":{\"@id\":\"https:\\\/\\\/iha-race.com\\\/it\\\/#organization\"},\"potentialAction\":[{\"@type\":\"SearchAction\",\"target\":{\"@type\":\"EntryPoint\",\"urlTemplate\":\"https:\\\/\\\/iha-race.com\\\/it\\\/?s={search_term_string}\"},\"query-input\":{\"@type\":\"PropertyValueSpecification\",\"valueRequired\":true,\"valueName\":\"search_term_string\"}}],\"inLanguage\":\"it-IT\"},{\"@type\":\"Organization\",\"@id\":\"https:\\\/\\\/iha-race.com\\\/it\\\/#organization\",\"name\":\"Iha Race\",\"url\":\"https:\\\/\\\/iha-race.com\\\/it\\\/\",\"logo\":{\"@type\":\"ImageObject\",\"inLanguage\":\"it-IT\",\"@id\":\"https:\\\/\\\/iha-race.com\\\/it\\\/#\\\/schema\\\/logo\\\/image\\\/\",\"url\":\"https:\\\/\\\/iha-race.com\\\/wp-content\\\/uploads\\\/2018\\\/07\\\/iha-race-drones-de-carreras-tienda-comprar-drones.png\",\"contentUrl\":\"https:\\\/\\\/iha-race.com\\\/wp-content\\\/uploads\\\/2018\\\/07\\\/iha-race-drones-de-carreras-tienda-comprar-drones.png\",\"width\":300,\"height\":100,\"caption\":\"Iha Race\"},\"image\":{\"@id\":\"https:\\\/\\\/iha-race.com\\\/it\\\/#\\\/schema\\\/logo\\\/image\\\/\"}}]}<\/script>\n<!-- \/ Yoast SEO plugin. -->","yoast_head_json":{"title":"Antenna Pagoda Menace Stubby Raptor RHCP SMA- LHCP SMA - Iha Race","robots":{"index":"index","follow":"follow","max-snippet":"max-snippet:-1","max-image-preview":"max-image-preview:large","max-video-preview":"max-video-preview:-1"},"canonical":"https:\/\/iha-race.com\/it\/prodotto\/antenna-pagoda-menace-stubby-raptor-rhcp-sma-lhcp-sma\/","og_locale":"it_IT","og_type":"article","og_title":"Antenna Pagoda Menace Stubby Raptor RHCP SMA- LHCP SMA - Iha Race","og_description":"Antenna Pagoda Menace Stubby Raptor RHCP SMA- LHCP SMA Antenna omnidirezionale Stubby Raptor 5,8Ghz L&#8217;antenna STUBBY RAPTOR \u00e8 ora ancora pi\u00f9 piccola, pi\u00f9 compatta e con minori probabilit\u00e0 di rimanere","og_url":"https:\/\/iha-race.com\/it\/prodotto\/antenna-pagoda-menace-stubby-raptor-rhcp-sma-lhcp-sma\/","og_site_name":"Iha Race","article_modified_time":"2024-11-21T12:52:16+00:00","og_image":[{"width":2222,"height":2222,"url":"https:\/\/iha-race.com\/wp-content\/uploads\/2020\/07\/antena-pagoda-menace-stubby-raptor-rhcp-sma-lhcp-sma.jpg","type":"image\/jpeg"}],"twitter_card":"summary_large_image","twitter_misc":{"Tempo di lettura stimato":"1 minuto"},"schema":{"@context":"https:\/\/schema.org","@graph":[{"@type":"WebPage","@id":"https:\/\/iha-race.com\/it\/prodotto\/antenna-pagoda-menace-stubby-raptor-rhcp-sma-lhcp-sma\/","url":"https:\/\/iha-race.com\/it\/prodotto\/antenna-pagoda-menace-stubby-raptor-rhcp-sma-lhcp-sma\/","name":"Antenna Pagoda Menace Stubby Raptor RHCP SMA- LHCP SMA - Iha Race","isPartOf":{"@id":"https:\/\/iha-race.com\/it\/#website"},"primaryImageOfPage":{"@id":"https:\/\/iha-race.com\/it\/prodotto\/antenna-pagoda-menace-stubby-raptor-rhcp-sma-lhcp-sma\/#primaryimage"},"image":{"@id":"https:\/\/iha-race.com\/it\/prodotto\/antenna-pagoda-menace-stubby-raptor-rhcp-sma-lhcp-sma\/#primaryimage"},"thumbnailUrl":"https:\/\/iha-race.com\/wp-content\/uploads\/2020\/07\/antena-pagoda-menace-stubby-raptor-rhcp-sma-lhcp-sma.jpg","datePublished":"2020-07-10T11:39:20+00:00","dateModified":"2024-11-21T12:52:16+00:00","breadcrumb":{"@id":"https:\/\/iha-race.com\/it\/prodotto\/antenna-pagoda-menace-stubby-raptor-rhcp-sma-lhcp-sma\/#breadcrumb"},"inLanguage":"it-IT","potentialAction":[{"@type":"ReadAction","target":["https:\/\/iha-race.com\/it\/prodotto\/antenna-pagoda-menace-stubby-raptor-rhcp-sma-lhcp-sma\/"]}]},{"@type":"ImageObject","inLanguage":"it-IT","@id":"https:\/\/iha-race.com\/it\/prodotto\/antenna-pagoda-menace-stubby-raptor-rhcp-sma-lhcp-sma\/#primaryimage","url":"https:\/\/iha-race.com\/wp-content\/uploads\/2020\/07\/antena-pagoda-menace-stubby-raptor-rhcp-sma-lhcp-sma.jpg","contentUrl":"https:\/\/iha-race.com\/wp-content\/uploads\/2020\/07\/antena-pagoda-menace-stubby-raptor-rhcp-sma-lhcp-sma.jpg","width":2222,"height":2222,"caption":"antenna-pagoda-menace-stubby-raptor-rhcp-sma-lhcp-sma"},{"@type":"BreadcrumbList","@id":"https:\/\/iha-race.com\/it\/prodotto\/antenna-pagoda-menace-stubby-raptor-rhcp-sma-lhcp-sma\/#breadcrumb","itemListElement":[{"@type":"ListItem","position":1,"name":"Portada","item":"https:\/\/iha-race.com\/it\/"},{"@type":"ListItem","position":2,"name":"Negozio","item":"https:\/\/iha-race.com\/it\/negozio\/"},{"@type":"ListItem","position":3,"name":"Antenna Pagoda Menace Stubby Raptor RHCP SMA- LHCP SMA"}]},{"@type":"WebSite","@id":"https:\/\/iha-race.com\/it\/#website","url":"https:\/\/iha-race.com\/it\/","name":"Iha Race","description":"Comprar drones de carreras FPV env\u00edos en un d\u00eda desde Espa\u00f1a","publisher":{"@id":"https:\/\/iha-race.com\/it\/#organization"},"potentialAction":[{"@type":"SearchAction","target":{"@type":"EntryPoint","urlTemplate":"https:\/\/iha-race.com\/it\/?s={search_term_string}"},"query-input":{"@type":"PropertyValueSpecification","valueRequired":true,"valueName":"search_term_string"}}],"inLanguage":"it-IT"},{"@type":"Organization","@id":"https:\/\/iha-race.com\/it\/#organization","name":"Iha Race","url":"https:\/\/iha-race.com\/it\/","logo":{"@type":"ImageObject","inLanguage":"it-IT","@id":"https:\/\/iha-race.com\/it\/#\/schema\/logo\/image\/","url":"https:\/\/iha-race.com\/wp-content\/uploads\/2018\/07\/iha-race-drones-de-carreras-tienda-comprar-drones.png","contentUrl":"https:\/\/iha-race.com\/wp-content\/uploads\/2018\/07\/iha-race-drones-de-carreras-tienda-comprar-drones.png","width":300,"height":100,"caption":"Iha Race"},"image":{"@id":"https:\/\/iha-race.com\/it\/#\/schema\/logo\/image\/"}}]}},"jetpack_sharing_enabled":true,"brands":[],"_links":{"self":[{"href":"https:\/\/iha-race.com\/it\/wp-json\/wp\/v2\/product\/112996","targetHints":{"allow":["GET"]}}],"collection":[{"href":"https:\/\/iha-race.com\/it\/wp-json\/wp\/v2\/product"}],"about":[{"href":"https:\/\/iha-race.com\/it\/wp-json\/wp\/v2\/types\/product"}],"replies":[{"embeddable":true,"href":"https:\/\/iha-race.com\/it\/wp-json\/wp\/v2\/comments?post=112996"}],"version-history":[{"count":2,"href":"https:\/\/iha-race.com\/it\/wp-json\/wp\/v2\/product\/112996\/revisions"}],"predecessor-version":[{"id":252074,"href":"https:\/\/iha-race.com\/it\/wp-json\/wp\/v2\/product\/112996\/revisions\/252074"}],"wp:featuredmedia":[{"embeddable":true,"href":"https:\/\/iha-race.com\/it\/wp-json\/wp\/v2\/media\/99308"}],"wp:attachment":[{"href":"https:\/\/iha-race.com\/it\/wp-json\/wp\/v2\/media?parent=112996"}],"wp:term":[{"taxonomy":"pwb-brand","embeddable":true,"href":"https:\/\/iha-race.com\/it\/wp-json\/wp\/v2\/pwb-brand?post=112996"},{"taxonomy":"product_cat","embeddable":true,"href":"https:\/\/iha-race.com\/it\/wp-json\/wp\/v2\/product_cat?post=112996"},{"taxonomy":"product_tag","embeddable":true,"href":"https:\/\/iha-race.com\/it\/wp-json\/wp\/v2\/product_tag?post=112996"}],"curies":[{"name":"wp","href":"https:\/\/api.w.org\/{rel}","templated":true}]}}