{"id":112987,"date":"2020-07-24T10:13:12","date_gmt":"2020-07-24T08:13:12","guid":{"rendered":"https:\/\/iha-race.com\/producto\/fonte-tbs-v\/"},"modified":"2024-08-29T16:04:44","modified_gmt":"2024-08-29T14:04:44","slug":"tbs-source-v","status":"publish","type":"product","link":"https:\/\/iha-race.com\/it\/prodotto\/tbs-source-v\/","title":{"rendered":"FONTE TBS V"},"content":{"rendered":"<h2>FONTE TBS V<\/h2>\n<p>&nbsp;<\/p>\n<div id=\"product_text\">  Il SOURCE V \u00e8 un telaio verticale in stile &#8220;box&#8221;, popolare nella comunit\u00e0 delle corse per la sua rigidit\u00e0 e aerodinamicit\u00e0 superiori. \u00c8 costruito per resistere a gravi incidenti e abusi. Si adatta e protegge tutti i componenti FPV classici. Il SOURCE V \u00e8 un quadro di concorrenza solido e competitivo.  <\/p>\n<h4>SUL PROGETTO<\/h4>\n<p>  Il progetto SOURCE V \u00e8 un progetto collaborativo di framework FPV avviato dal Team BlackSheep. Il framework viene donato alla comunit\u00e0 per potenziare i maker e i creatori e integrare pi\u00f9 rapidamente le migliori pratiche e le tendenze attuali in un prodotto di produzione continua. In cambio, consente alla rete di distribuzione locale di avere un accesso diretto e a basso costo a un buon quadro di riferimento per poter competere in un mercato sempre pi\u00f9 predatorio. La speranza \u00e8 che questo quadro consenta un ampio accesso all&#8217;FPV grazie a prezzi bassi, documentazione eccellente e ampia disponibilit\u00e0 di parti e accessori compatibili, senza violare la propriet\u00e0 intellettuale altrui.  <\/p>\n<h4>FATEVI COINVOLGERE!<\/h4>\n<ul>\n<li>Discussione del progetto: <a href=\"https:\/\/discordapp.com\/invite\/ZJGkHwF\">https:\/\/discordapp.com\/invite\/ZJGkHwF<\/a><\/li>\n<li>File di progetto: <a href=\"https:\/\/github.com\/ps915\/source_v\">https:\/\/github.com\/ps915\/source_v<\/a><\/li>\n<li><a href=\"https:\/\/docs.google.com\/document\/d\/1b-qf9Id54_d6gRJ6ql_YT4DCBErJb9UZ3iQ-eo-tOfI\/edit\">Manuale interattivo<\/a> (in corso d&#8217;opera)<\/li>\n<li>File stampati in 3D su Thingiverse: <a href=\"https:\/\/www.thingiverse.com\/tag:sourcev\">https:\/\/www.thingiverse.com\/tag:sourcev<\/a><\/li>\n<\/ul>\n<h4>IL PACCHETTO CONTIENE:<\/h4>\n<ul>\n<li>1x Telaio (superiore, inferiore, supporto e 2x piastra della telecamera, 4x bracci)<\/li>\n<li>1x set di viti e distanziali<\/li>\n<\/ul>\n<h4>SPECIFICHE TECNICHE:<\/h4>\n<ul>\n<li><strong>Passo 5 &#8220;: <\/strong> 220 mm<\/li>\n<li><strong>Piastra superiore:<\/strong> 2 mm<\/li>\n<li><strong>Piastra inferiore: 2 <\/strong> mm<\/li>\n<li><strong>Altezza di passaggio: M3x30 mm <\/strong> <\/li>\n<li><strong>Spessore del braccio 5 &#8220;:<\/strong> 2&#215;12 mm<\/li>\n<li><strong>Montaggio in pila: <\/strong> 30,5 \u00d7 30,5 mm e 20 x 20<\/li>\n<li><strong>Peso 5 &#8220;: <\/strong> 63 g<\/li>\n<\/ul>\n<h4>HARDWARE:<\/h4>\n<ul>\n<li>1 set di piastre in carbonio<\/li>\n<li>4 divisori<\/li>\n<li>1 x set di viti<\/li>\n<li>1 x kit di montaggio della telecamera TBS<\/li>\n<\/ul>\n<h4>PARTI CONSIGLIATE:<\/h4>\n<p>  I consigli sulle parti sono forniti dai nostri ingegneri e piloti. Cerchiamo di ottenere affidabilit\u00e0 e alta qualit\u00e0 in tutte le nostre selezioni, il che pu\u00f2 costare un po&#8217; di pi\u00f9, ma ti permette di goderti la cornice molto di pi\u00f9!  <\/p>\n<h4><strong>BILANCIO DI COSTRUZIONE<\/strong><\/h4>\n<ul>\n<li>FC e ESC: F4 FC e 45A BL32 4in1 6S ESC Stack<\/li>\n<li>Motori: 4x Motore FPV 2207-2650KV (4S)<\/li>\n<li>Telecamera: microcamera CCD FPV (obiettivo da 2,1 mm)<\/li>\n<li>VTx: TBS Unify Pro32 Nano<\/li>\n<li>Antenna: TBS Triumph Pro (u.FL, MMCX 90 o SMA)<\/li>\n<li>Puntelli: HQ Durable Prop R42 (grigio chiaro)<\/li>\n<li>Opzione: bobine di montaggio morbido FC, cuscinetto antiscivolo per la batteria<\/li>\n<\/ul>\n<\/div>\n","protected":false},"excerpt":{"rendered":"<p>FONTE TBS V &nbsp; Il SOURCE V \u00e8 un telaio verticale in stile &#8220;box&#8221;, popolare nella comunit\u00e0 delle corse per la sua rigidit\u00e0 e aerodinamicit\u00e0 superiori. \u00c8 costruito per resistere<\/p>\n","protected":false},"featured_media":92939,"comment_status":"open","ping_status":"closed","template":"","meta":{"_joinchat":[]},"pwb-brand":[],"product_cat":[3667,27],"product_tag":[],"class_list":{"0":"post-112987","1":"product","2":"type-product","3":"status-publish","4":"has-post-thumbnail","6":"product_cat-cuadros-frame","7":"product_cat-drones-fpv","9":"first","10":"instock","11":"taxable","12":"shipping-taxable","13":"purchasable","14":"product-type-simple"},"barcode":null,"atum_controlled":true,"out_stock_date":null,"out_stock_threshold":null,"inheritable":false,"stock_on_hold":0,"sold_today":0,"sales_last_days":0,"out_stock_days":0,"lost_sales":0,"update_date":"2026-04-27T22:52:41","atum_locations":[],"atum_stock_status":"instock","restock_status":false,"low_stock_amount":"","sales_update_date":"2026-04-27T22:52:41","calc_backorders":null,"yoast_head":"<!-- This site is optimized with the Yoast SEO plugin v27.3 - https:\/\/yoast.com\/product\/yoast-seo-wordpress\/ -->\n<title>FONTE TBS V - Iha Race<\/title>\n<meta name=\"robots\" content=\"index, follow, max-snippet:-1, max-image-preview:large, max-video-preview:-1\" \/>\n<link rel=\"canonical\" href=\"https:\/\/iha-race.com\/it\/prodotto\/tbs-source-v\/\" \/>\n<meta property=\"og:locale\" content=\"it_IT\" \/>\n<meta property=\"og:type\" content=\"article\" \/>\n<meta property=\"og:title\" content=\"FONTE TBS V - Iha Race\" \/>\n<meta property=\"og:description\" content=\"FONTE TBS V &nbsp; Il SOURCE V \u00e8 un telaio verticale in stile &#8220;box&#8221;, popolare nella comunit\u00e0 delle corse per la sua rigidit\u00e0 e aerodinamicit\u00e0 superiori. \u00c8 costruito per resistere\" \/>\n<meta property=\"og:url\" content=\"https:\/\/iha-race.com\/it\/prodotto\/tbs-source-v\/\" \/>\n<meta property=\"og:site_name\" content=\"Iha Race\" \/>\n<meta property=\"article:modified_time\" content=\"2024-08-29T14:04:44+00:00\" \/>\n<meta property=\"og:image\" content=\"https:\/\/iha-race.com\/wp-content\/uploads\/2020\/07\/TBS-SOURCE-V.jpg\" \/>\n\t<meta property=\"og:image:width\" content=\"1000\" \/>\n\t<meta property=\"og:image:height\" content=\"1000\" \/>\n\t<meta property=\"og:image:type\" content=\"image\/jpeg\" \/>\n<meta name=\"twitter:card\" content=\"summary_large_image\" \/>\n<meta name=\"twitter:label1\" content=\"Tempo di lettura stimato\" \/>\n\t<meta name=\"twitter:data1\" content=\"2 minuti\" \/>\n<script type=\"application\/ld+json\" class=\"yoast-schema-graph\">{\"@context\":\"https:\\\/\\\/schema.org\",\"@graph\":[{\"@type\":\"WebPage\",\"@id\":\"https:\\\/\\\/iha-race.com\\\/it\\\/prodotto\\\/tbs-source-v\\\/\",\"url\":\"https:\\\/\\\/iha-race.com\\\/it\\\/prodotto\\\/tbs-source-v\\\/\",\"name\":\"FONTE TBS V - Iha Race\",\"isPartOf\":{\"@id\":\"https:\\\/\\\/iha-race.com\\\/it\\\/#website\"},\"primaryImageOfPage\":{\"@id\":\"https:\\\/\\\/iha-race.com\\\/it\\\/prodotto\\\/tbs-source-v\\\/#primaryimage\"},\"image\":{\"@id\":\"https:\\\/\\\/iha-race.com\\\/it\\\/prodotto\\\/tbs-source-v\\\/#primaryimage\"},\"thumbnailUrl\":\"https:\\\/\\\/iha-race.com\\\/wp-content\\\/uploads\\\/2020\\\/07\\\/TBS-SOURCE-V.jpg\",\"datePublished\":\"2020-07-24T08:13:12+00:00\",\"dateModified\":\"2024-08-29T14:04:44+00:00\",\"breadcrumb\":{\"@id\":\"https:\\\/\\\/iha-race.com\\\/it\\\/prodotto\\\/tbs-source-v\\\/#breadcrumb\"},\"inLanguage\":\"it-IT\",\"potentialAction\":[{\"@type\":\"ReadAction\",\"target\":[\"https:\\\/\\\/iha-race.com\\\/it\\\/prodotto\\\/tbs-source-v\\\/\"]}]},{\"@type\":\"ImageObject\",\"inLanguage\":\"it-IT\",\"@id\":\"https:\\\/\\\/iha-race.com\\\/it\\\/prodotto\\\/tbs-source-v\\\/#primaryimage\",\"url\":\"https:\\\/\\\/iha-race.com\\\/wp-content\\\/uploads\\\/2020\\\/07\\\/TBS-SOURCE-V.jpg\",\"contentUrl\":\"https:\\\/\\\/iha-race.com\\\/wp-content\\\/uploads\\\/2020\\\/07\\\/TBS-SOURCE-V.jpg\",\"width\":1000,\"height\":1000,\"caption\":\"TBS SOURCE V acquistare a buon mercato\"},{\"@type\":\"BreadcrumbList\",\"@id\":\"https:\\\/\\\/iha-race.com\\\/it\\\/prodotto\\\/tbs-source-v\\\/#breadcrumb\",\"itemListElement\":[{\"@type\":\"ListItem\",\"position\":1,\"name\":\"Portada\",\"item\":\"https:\\\/\\\/iha-race.com\\\/it\\\/\"},{\"@type\":\"ListItem\",\"position\":2,\"name\":\"Negozio\",\"item\":\"https:\\\/\\\/iha-race.com\\\/it\\\/negozio\\\/\"},{\"@type\":\"ListItem\",\"position\":3,\"name\":\"FONTE TBS V\"}]},{\"@type\":\"WebSite\",\"@id\":\"https:\\\/\\\/iha-race.com\\\/it\\\/#website\",\"url\":\"https:\\\/\\\/iha-race.com\\\/it\\\/\",\"name\":\"Iha Race\",\"description\":\"Comprar drones de carreras FPV env\u00edos en un d\u00eda desde Espa\u00f1a\",\"publisher\":{\"@id\":\"https:\\\/\\\/iha-race.com\\\/it\\\/#organization\"},\"potentialAction\":[{\"@type\":\"SearchAction\",\"target\":{\"@type\":\"EntryPoint\",\"urlTemplate\":\"https:\\\/\\\/iha-race.com\\\/it\\\/?s={search_term_string}\"},\"query-input\":{\"@type\":\"PropertyValueSpecification\",\"valueRequired\":true,\"valueName\":\"search_term_string\"}}],\"inLanguage\":\"it-IT\"},{\"@type\":\"Organization\",\"@id\":\"https:\\\/\\\/iha-race.com\\\/it\\\/#organization\",\"name\":\"Iha Race\",\"url\":\"https:\\\/\\\/iha-race.com\\\/it\\\/\",\"logo\":{\"@type\":\"ImageObject\",\"inLanguage\":\"it-IT\",\"@id\":\"https:\\\/\\\/iha-race.com\\\/it\\\/#\\\/schema\\\/logo\\\/image\\\/\",\"url\":\"https:\\\/\\\/iha-race.com\\\/wp-content\\\/uploads\\\/2018\\\/07\\\/iha-race-drones-de-carreras-tienda-comprar-drones.png\",\"contentUrl\":\"https:\\\/\\\/iha-race.com\\\/wp-content\\\/uploads\\\/2018\\\/07\\\/iha-race-drones-de-carreras-tienda-comprar-drones.png\",\"width\":300,\"height\":100,\"caption\":\"Iha Race\"},\"image\":{\"@id\":\"https:\\\/\\\/iha-race.com\\\/it\\\/#\\\/schema\\\/logo\\\/image\\\/\"}}]}<\/script>\n<!-- \/ Yoast SEO plugin. -->","yoast_head_json":{"title":"FONTE TBS V - Iha Race","robots":{"index":"index","follow":"follow","max-snippet":"max-snippet:-1","max-image-preview":"max-image-preview:large","max-video-preview":"max-video-preview:-1"},"canonical":"https:\/\/iha-race.com\/it\/prodotto\/tbs-source-v\/","og_locale":"it_IT","og_type":"article","og_title":"FONTE TBS V - Iha Race","og_description":"FONTE TBS V &nbsp; Il SOURCE V \u00e8 un telaio verticale in stile &#8220;box&#8221;, popolare nella comunit\u00e0 delle corse per la sua rigidit\u00e0 e aerodinamicit\u00e0 superiori. \u00c8 costruito per resistere","og_url":"https:\/\/iha-race.com\/it\/prodotto\/tbs-source-v\/","og_site_name":"Iha Race","article_modified_time":"2024-08-29T14:04:44+00:00","og_image":[{"width":1000,"height":1000,"url":"https:\/\/iha-race.com\/wp-content\/uploads\/2020\/07\/TBS-SOURCE-V.jpg","type":"image\/jpeg"}],"twitter_card":"summary_large_image","twitter_misc":{"Tempo di lettura stimato":"2 minuti"},"schema":{"@context":"https:\/\/schema.org","@graph":[{"@type":"WebPage","@id":"https:\/\/iha-race.com\/it\/prodotto\/tbs-source-v\/","url":"https:\/\/iha-race.com\/it\/prodotto\/tbs-source-v\/","name":"FONTE TBS V - Iha Race","isPartOf":{"@id":"https:\/\/iha-race.com\/it\/#website"},"primaryImageOfPage":{"@id":"https:\/\/iha-race.com\/it\/prodotto\/tbs-source-v\/#primaryimage"},"image":{"@id":"https:\/\/iha-race.com\/it\/prodotto\/tbs-source-v\/#primaryimage"},"thumbnailUrl":"https:\/\/iha-race.com\/wp-content\/uploads\/2020\/07\/TBS-SOURCE-V.jpg","datePublished":"2020-07-24T08:13:12+00:00","dateModified":"2024-08-29T14:04:44+00:00","breadcrumb":{"@id":"https:\/\/iha-race.com\/it\/prodotto\/tbs-source-v\/#breadcrumb"},"inLanguage":"it-IT","potentialAction":[{"@type":"ReadAction","target":["https:\/\/iha-race.com\/it\/prodotto\/tbs-source-v\/"]}]},{"@type":"ImageObject","inLanguage":"it-IT","@id":"https:\/\/iha-race.com\/it\/prodotto\/tbs-source-v\/#primaryimage","url":"https:\/\/iha-race.com\/wp-content\/uploads\/2020\/07\/TBS-SOURCE-V.jpg","contentUrl":"https:\/\/iha-race.com\/wp-content\/uploads\/2020\/07\/TBS-SOURCE-V.jpg","width":1000,"height":1000,"caption":"TBS SOURCE V acquistare a buon mercato"},{"@type":"BreadcrumbList","@id":"https:\/\/iha-race.com\/it\/prodotto\/tbs-source-v\/#breadcrumb","itemListElement":[{"@type":"ListItem","position":1,"name":"Portada","item":"https:\/\/iha-race.com\/it\/"},{"@type":"ListItem","position":2,"name":"Negozio","item":"https:\/\/iha-race.com\/it\/negozio\/"},{"@type":"ListItem","position":3,"name":"FONTE TBS V"}]},{"@type":"WebSite","@id":"https:\/\/iha-race.com\/it\/#website","url":"https:\/\/iha-race.com\/it\/","name":"Iha Race","description":"Comprar drones de carreras FPV env\u00edos en un d\u00eda desde Espa\u00f1a","publisher":{"@id":"https:\/\/iha-race.com\/it\/#organization"},"potentialAction":[{"@type":"SearchAction","target":{"@type":"EntryPoint","urlTemplate":"https:\/\/iha-race.com\/it\/?s={search_term_string}"},"query-input":{"@type":"PropertyValueSpecification","valueRequired":true,"valueName":"search_term_string"}}],"inLanguage":"it-IT"},{"@type":"Organization","@id":"https:\/\/iha-race.com\/it\/#organization","name":"Iha Race","url":"https:\/\/iha-race.com\/it\/","logo":{"@type":"ImageObject","inLanguage":"it-IT","@id":"https:\/\/iha-race.com\/it\/#\/schema\/logo\/image\/","url":"https:\/\/iha-race.com\/wp-content\/uploads\/2018\/07\/iha-race-drones-de-carreras-tienda-comprar-drones.png","contentUrl":"https:\/\/iha-race.com\/wp-content\/uploads\/2018\/07\/iha-race-drones-de-carreras-tienda-comprar-drones.png","width":300,"height":100,"caption":"Iha Race"},"image":{"@id":"https:\/\/iha-race.com\/it\/#\/schema\/logo\/image\/"}}]}},"jetpack_sharing_enabled":true,"brands":[],"_links":{"self":[{"href":"https:\/\/iha-race.com\/it\/wp-json\/wp\/v2\/product\/112987","targetHints":{"allow":["GET"]}}],"collection":[{"href":"https:\/\/iha-race.com\/it\/wp-json\/wp\/v2\/product"}],"about":[{"href":"https:\/\/iha-race.com\/it\/wp-json\/wp\/v2\/types\/product"}],"replies":[{"embeddable":true,"href":"https:\/\/iha-race.com\/it\/wp-json\/wp\/v2\/comments?post=112987"}],"version-history":[{"count":2,"href":"https:\/\/iha-race.com\/it\/wp-json\/wp\/v2\/product\/112987\/revisions"}],"predecessor-version":[{"id":249902,"href":"https:\/\/iha-race.com\/it\/wp-json\/wp\/v2\/product\/112987\/revisions\/249902"}],"wp:featuredmedia":[{"embeddable":true,"href":"https:\/\/iha-race.com\/it\/wp-json\/wp\/v2\/media\/92939"}],"wp:attachment":[{"href":"https:\/\/iha-race.com\/it\/wp-json\/wp\/v2\/media?parent=112987"}],"wp:term":[{"taxonomy":"pwb-brand","embeddable":true,"href":"https:\/\/iha-race.com\/it\/wp-json\/wp\/v2\/pwb-brand?post=112987"},{"taxonomy":"product_cat","embeddable":true,"href":"https:\/\/iha-race.com\/it\/wp-json\/wp\/v2\/product_cat?post=112987"},{"taxonomy":"product_tag","embeddable":true,"href":"https:\/\/iha-race.com\/it\/wp-json\/wp\/v2\/product_tag?post=112987"}],"curies":[{"name":"wp","href":"https:\/\/api.w.org\/{rel}","templated":true}]}}