{"id":112919,"date":"2020-04-09T17:41:29","date_gmt":"2020-04-09T15:41:29","guid":{"rendered":"https:\/\/iha-race.com\/producto\/connettore-xt30-giallo-3-coppie\/"},"modified":"2024-08-29T16:08:51","modified_gmt":"2024-08-29T14:08:51","slug":"connettore-xt30-giallo-3-coppie","status":"publish","type":"product","link":"https:\/\/iha-race.com\/it\/prodotto\/connettore-xt30-giallo-3-coppie\/","title":{"rendered":"Connettore XT30 giallo (3 coppie)"},"content":{"rendered":"<h2>Connettore XT30 giallo (3 coppie)<\/h2>\n<p><strong>Caratteristiche:<\/strong><\/p>\n<ul>\n<li>Il materiale in nylon resiste a una temperatura costante di -30 + 250\u00b0C, non si scioglie!<\/li>\n<li>Conduttore in rame placcato oro GB, buona conducibilit\u00e0 elettrica! Il contatto preciso tra spina maschio e femmina \u00e8 una combinazione perfetta.<\/li>\n<li>Un design concavo dei giunti di saldatura, facile da saldare.<\/li>\n<li>Placcato in oro. Corrente nominale 120A, valore massimo fino a 180A<\/li>\n<\/ul>\n","protected":false},"excerpt":{"rendered":"<p>Connettore XT30 giallo (3 coppie) Caratteristiche: Il materiale in nylon resiste a una temperatura costante di -30 + 250\u00b0C, non si scioglie! Conduttore in rame placcato oro GB, buona conducibilit\u00e0<\/p>\n","protected":false},"featured_media":94782,"comment_status":"open","ping_status":"closed","template":"","meta":{"_joinchat":[]},"pwb-brand":[],"product_cat":[139,142],"product_tag":[],"class_list":{"0":"post-112919","1":"product","2":"type-product","3":"status-publish","4":"has-post-thumbnail","6":"product_cat-accesorios-de-drones","7":"product_cat-conectores","9":"first","10":"instock","11":"taxable","12":"shipping-taxable","13":"purchasable","14":"product-type-simple"},"barcode":null,"atum_controlled":true,"out_stock_date":null,"out_stock_threshold":null,"inheritable":false,"stock_on_hold":0,"sold_today":0,"sales_last_days":0,"out_stock_days":0,"lost_sales":0,"update_date":"2026-04-16T08:17:35","atum_locations":[],"atum_stock_status":"instock","restock_status":false,"low_stock_amount":"","sales_update_date":"2026-04-16T08:17:35","calc_backorders":null,"yoast_head":"<!-- This site is optimized with the Yoast SEO plugin v27.3 - https:\/\/yoast.com\/product\/yoast-seo-wordpress\/ -->\n<title>Connettore XT30 giallo (3 coppie) - Iha Race<\/title>\n<meta name=\"robots\" content=\"noindex, follow\" \/>\n<meta property=\"og:locale\" content=\"it_IT\" \/>\n<meta property=\"og:type\" content=\"article\" \/>\n<meta property=\"og:title\" content=\"Connettore XT30 giallo (3 coppie) - Iha Race\" \/>\n<meta property=\"og:description\" content=\"Connettore XT30 giallo (3 coppie) Caratteristiche: Il materiale in nylon resiste a una temperatura costante di -30 + 250\u00b0C, non si scioglie! Conduttore in rame placcato oro GB, buona conducibilit\u00e0\" \/>\n<meta property=\"og:url\" content=\"https:\/\/iha-race.com\/it\/prodotto\/connettore-xt30-giallo-3-coppie\/\" \/>\n<meta property=\"og:site_name\" content=\"Iha Race\" \/>\n<meta property=\"article:modified_time\" content=\"2024-08-29T14:08:51+00:00\" \/>\n<meta property=\"og:image\" content=\"https:\/\/iha-race.com\/wp-content\/uploads\/2020\/04\/conector-amass-xt30-1.jpg\" \/>\n\t<meta property=\"og:image:width\" content=\"800\" \/>\n\t<meta property=\"og:image:height\" content=\"800\" \/>\n\t<meta property=\"og:image:type\" content=\"image\/jpeg\" \/>\n<meta name=\"twitter:card\" content=\"summary_large_image\" \/>\n<script type=\"application\/ld+json\" class=\"yoast-schema-graph\">{\"@context\":\"https:\\\/\\\/schema.org\",\"@graph\":[{\"@type\":\"WebPage\",\"@id\":\"https:\\\/\\\/iha-race.com\\\/it\\\/prodotto\\\/connettore-xt30-giallo-3-coppie\\\/\",\"url\":\"https:\\\/\\\/iha-race.com\\\/it\\\/prodotto\\\/connettore-xt30-giallo-3-coppie\\\/\",\"name\":\"Connettore XT30 giallo (3 coppie) - Iha Race\",\"isPartOf\":{\"@id\":\"https:\\\/\\\/iha-race.com\\\/it\\\/#website\"},\"primaryImageOfPage\":{\"@id\":\"https:\\\/\\\/iha-race.com\\\/it\\\/prodotto\\\/connettore-xt30-giallo-3-coppie\\\/#primaryimage\"},\"image\":{\"@id\":\"https:\\\/\\\/iha-race.com\\\/it\\\/prodotto\\\/connettore-xt30-giallo-3-coppie\\\/#primaryimage\"},\"thumbnailUrl\":\"https:\\\/\\\/iha-race.com\\\/wp-content\\\/uploads\\\/2020\\\/04\\\/conector-amass-xt30-1.jpg\",\"datePublished\":\"2020-04-09T15:41:29+00:00\",\"dateModified\":\"2024-08-29T14:08:51+00:00\",\"breadcrumb\":{\"@id\":\"https:\\\/\\\/iha-race.com\\\/it\\\/prodotto\\\/connettore-xt30-giallo-3-coppie\\\/#breadcrumb\"},\"inLanguage\":\"it-IT\",\"potentialAction\":[{\"@type\":\"ReadAction\",\"target\":[\"https:\\\/\\\/iha-race.com\\\/it\\\/prodotto\\\/connettore-xt30-giallo-3-coppie\\\/\"]}]},{\"@type\":\"ImageObject\",\"inLanguage\":\"it-IT\",\"@id\":\"https:\\\/\\\/iha-race.com\\\/it\\\/prodotto\\\/connettore-xt30-giallo-3-coppie\\\/#primaryimage\",\"url\":\"https:\\\/\\\/iha-race.com\\\/wp-content\\\/uploads\\\/2020\\\/04\\\/conector-amass-xt30-1.jpg\",\"contentUrl\":\"https:\\\/\\\/iha-race.com\\\/wp-content\\\/uploads\\\/2020\\\/04\\\/conector-amass-xt30-1.jpg\",\"width\":800,\"height\":800,\"caption\":\"connettore-amass-xt30-1\"},{\"@type\":\"BreadcrumbList\",\"@id\":\"https:\\\/\\\/iha-race.com\\\/it\\\/prodotto\\\/connettore-xt30-giallo-3-coppie\\\/#breadcrumb\",\"itemListElement\":[{\"@type\":\"ListItem\",\"position\":1,\"name\":\"Portada\",\"item\":\"https:\\\/\\\/iha-race.com\\\/it\\\/\"},{\"@type\":\"ListItem\",\"position\":2,\"name\":\"Negozio\",\"item\":\"https:\\\/\\\/iha-race.com\\\/it\\\/negozio\\\/\"},{\"@type\":\"ListItem\",\"position\":3,\"name\":\"Connettore XT30 giallo (3 coppie)\"}]},{\"@type\":\"WebSite\",\"@id\":\"https:\\\/\\\/iha-race.com\\\/it\\\/#website\",\"url\":\"https:\\\/\\\/iha-race.com\\\/it\\\/\",\"name\":\"Iha Race\",\"description\":\"Comprar drones de carreras FPV env\u00edos en un d\u00eda desde Espa\u00f1a\",\"publisher\":{\"@id\":\"https:\\\/\\\/iha-race.com\\\/it\\\/#organization\"},\"potentialAction\":[{\"@type\":\"SearchAction\",\"target\":{\"@type\":\"EntryPoint\",\"urlTemplate\":\"https:\\\/\\\/iha-race.com\\\/it\\\/?s={search_term_string}\"},\"query-input\":{\"@type\":\"PropertyValueSpecification\",\"valueRequired\":true,\"valueName\":\"search_term_string\"}}],\"inLanguage\":\"it-IT\"},{\"@type\":\"Organization\",\"@id\":\"https:\\\/\\\/iha-race.com\\\/it\\\/#organization\",\"name\":\"Iha Race\",\"url\":\"https:\\\/\\\/iha-race.com\\\/it\\\/\",\"logo\":{\"@type\":\"ImageObject\",\"inLanguage\":\"it-IT\",\"@id\":\"https:\\\/\\\/iha-race.com\\\/it\\\/#\\\/schema\\\/logo\\\/image\\\/\",\"url\":\"https:\\\/\\\/iha-race.com\\\/wp-content\\\/uploads\\\/2018\\\/07\\\/iha-race-drones-de-carreras-tienda-comprar-drones.png\",\"contentUrl\":\"https:\\\/\\\/iha-race.com\\\/wp-content\\\/uploads\\\/2018\\\/07\\\/iha-race-drones-de-carreras-tienda-comprar-drones.png\",\"width\":300,\"height\":100,\"caption\":\"Iha Race\"},\"image\":{\"@id\":\"https:\\\/\\\/iha-race.com\\\/it\\\/#\\\/schema\\\/logo\\\/image\\\/\"}}]}<\/script>\n<!-- \/ Yoast SEO plugin. -->","yoast_head_json":{"title":"Connettore XT30 giallo (3 coppie) - Iha Race","robots":{"index":"noindex","follow":"follow"},"og_locale":"it_IT","og_type":"article","og_title":"Connettore XT30 giallo (3 coppie) - Iha Race","og_description":"Connettore XT30 giallo (3 coppie) Caratteristiche: Il materiale in nylon resiste a una temperatura costante di -30 + 250\u00b0C, non si scioglie! Conduttore in rame placcato oro GB, buona conducibilit\u00e0","og_url":"https:\/\/iha-race.com\/it\/prodotto\/connettore-xt30-giallo-3-coppie\/","og_site_name":"Iha Race","article_modified_time":"2024-08-29T14:08:51+00:00","og_image":[{"width":800,"height":800,"url":"https:\/\/iha-race.com\/wp-content\/uploads\/2020\/04\/conector-amass-xt30-1.jpg","type":"image\/jpeg"}],"twitter_card":"summary_large_image","schema":{"@context":"https:\/\/schema.org","@graph":[{"@type":"WebPage","@id":"https:\/\/iha-race.com\/it\/prodotto\/connettore-xt30-giallo-3-coppie\/","url":"https:\/\/iha-race.com\/it\/prodotto\/connettore-xt30-giallo-3-coppie\/","name":"Connettore XT30 giallo (3 coppie) - Iha Race","isPartOf":{"@id":"https:\/\/iha-race.com\/it\/#website"},"primaryImageOfPage":{"@id":"https:\/\/iha-race.com\/it\/prodotto\/connettore-xt30-giallo-3-coppie\/#primaryimage"},"image":{"@id":"https:\/\/iha-race.com\/it\/prodotto\/connettore-xt30-giallo-3-coppie\/#primaryimage"},"thumbnailUrl":"https:\/\/iha-race.com\/wp-content\/uploads\/2020\/04\/conector-amass-xt30-1.jpg","datePublished":"2020-04-09T15:41:29+00:00","dateModified":"2024-08-29T14:08:51+00:00","breadcrumb":{"@id":"https:\/\/iha-race.com\/it\/prodotto\/connettore-xt30-giallo-3-coppie\/#breadcrumb"},"inLanguage":"it-IT","potentialAction":[{"@type":"ReadAction","target":["https:\/\/iha-race.com\/it\/prodotto\/connettore-xt30-giallo-3-coppie\/"]}]},{"@type":"ImageObject","inLanguage":"it-IT","@id":"https:\/\/iha-race.com\/it\/prodotto\/connettore-xt30-giallo-3-coppie\/#primaryimage","url":"https:\/\/iha-race.com\/wp-content\/uploads\/2020\/04\/conector-amass-xt30-1.jpg","contentUrl":"https:\/\/iha-race.com\/wp-content\/uploads\/2020\/04\/conector-amass-xt30-1.jpg","width":800,"height":800,"caption":"connettore-amass-xt30-1"},{"@type":"BreadcrumbList","@id":"https:\/\/iha-race.com\/it\/prodotto\/connettore-xt30-giallo-3-coppie\/#breadcrumb","itemListElement":[{"@type":"ListItem","position":1,"name":"Portada","item":"https:\/\/iha-race.com\/it\/"},{"@type":"ListItem","position":2,"name":"Negozio","item":"https:\/\/iha-race.com\/it\/negozio\/"},{"@type":"ListItem","position":3,"name":"Connettore XT30 giallo (3 coppie)"}]},{"@type":"WebSite","@id":"https:\/\/iha-race.com\/it\/#website","url":"https:\/\/iha-race.com\/it\/","name":"Iha Race","description":"Comprar drones de carreras FPV env\u00edos en un d\u00eda desde Espa\u00f1a","publisher":{"@id":"https:\/\/iha-race.com\/it\/#organization"},"potentialAction":[{"@type":"SearchAction","target":{"@type":"EntryPoint","urlTemplate":"https:\/\/iha-race.com\/it\/?s={search_term_string}"},"query-input":{"@type":"PropertyValueSpecification","valueRequired":true,"valueName":"search_term_string"}}],"inLanguage":"it-IT"},{"@type":"Organization","@id":"https:\/\/iha-race.com\/it\/#organization","name":"Iha Race","url":"https:\/\/iha-race.com\/it\/","logo":{"@type":"ImageObject","inLanguage":"it-IT","@id":"https:\/\/iha-race.com\/it\/#\/schema\/logo\/image\/","url":"https:\/\/iha-race.com\/wp-content\/uploads\/2018\/07\/iha-race-drones-de-carreras-tienda-comprar-drones.png","contentUrl":"https:\/\/iha-race.com\/wp-content\/uploads\/2018\/07\/iha-race-drones-de-carreras-tienda-comprar-drones.png","width":300,"height":100,"caption":"Iha Race"},"image":{"@id":"https:\/\/iha-race.com\/it\/#\/schema\/logo\/image\/"}}]}},"brands":[],"_links":{"self":[{"href":"https:\/\/iha-race.com\/it\/wp-json\/wp\/v2\/product\/112919","targetHints":{"allow":["GET"]}}],"collection":[{"href":"https:\/\/iha-race.com\/it\/wp-json\/wp\/v2\/product"}],"about":[{"href":"https:\/\/iha-race.com\/it\/wp-json\/wp\/v2\/types\/product"}],"replies":[{"embeddable":true,"href":"https:\/\/iha-race.com\/it\/wp-json\/wp\/v2\/comments?post=112919"}],"version-history":[{"count":2,"href":"https:\/\/iha-race.com\/it\/wp-json\/wp\/v2\/product\/112919\/revisions"}],"predecessor-version":[{"id":246061,"href":"https:\/\/iha-race.com\/it\/wp-json\/wp\/v2\/product\/112919\/revisions\/246061"}],"wp:featuredmedia":[{"embeddable":true,"href":"https:\/\/iha-race.com\/it\/wp-json\/wp\/v2\/media\/94782"}],"wp:attachment":[{"href":"https:\/\/iha-race.com\/it\/wp-json\/wp\/v2\/media?parent=112919"}],"wp:term":[{"taxonomy":"pwb-brand","embeddable":true,"href":"https:\/\/iha-race.com\/it\/wp-json\/wp\/v2\/pwb-brand?post=112919"},{"taxonomy":"product_cat","embeddable":true,"href":"https:\/\/iha-race.com\/it\/wp-json\/wp\/v2\/product_cat?post=112919"},{"taxonomy":"product_tag","embeddable":true,"href":"https:\/\/iha-race.com\/it\/wp-json\/wp\/v2\/product_tag?post=112919"}],"curies":[{"name":"wp","href":"https:\/\/api.w.org\/{rel}","templated":true}]}}