{"id":112915,"date":"2020-05-07T16:03:23","date_gmt":"2020-05-07T14:03:23","guid":{"rendered":"https:\/\/iha-race.com\/producto\/micro-canopy-betafpv\/"},"modified":"2024-08-29T16:07:45","modified_gmt":"2024-08-29T14:07:45","slug":"micro-canopy-betafpv","status":"publish","type":"product","link":"https:\/\/iha-race.com\/it\/prodotto\/micro-canopy-betafpv\/","title":{"rendered":"Micro Canopy BetaFPV"},"content":{"rendered":"<h2>Micro Canopy BetaFPV<\/h2>\n<p><span class=\"tran\" data-group=\"10_3\">Questo tettuccio \u00e8 pi\u00f9 resistente e <\/span> flessibile, la scelta migliore per tutte le microcamere con obiettivi da 1\/3&#8221; come la fotocamera C01 Pro o con obiettivi da 1\/4&#8221; come la fotocamera C01. \u00c8 inoltre compatibile con tutti i droni Whoop con microcamera, come Meteor65 e Beta85 pro 2.  &nbsp;<\/p>\n<p><img fetchpriority=\"high\" decoding=\"async\" class=\"size-full wp-image-48344\" src=\"https:\/\/iha-race.com\/wp-content\/uploads\/2020\/05\/Captura-de-pantalla-2020-05-07-a-las-15.56.34.png\" alt=\"Micro Canopy BetaFPV\" width=\"800\" height=\"447\" srcset=\"https:\/\/iha-race.com\/wp-content\/uploads\/2020\/05\/Captura-de-pantalla-2020-05-07-a-las-15.56.34.png 800w, https:\/\/iha-race.com\/wp-content\/uploads\/2020\/05\/Captura-de-pantalla-2020-05-07-a-las-15.56.34-600x335.png 600w, https:\/\/iha-race.com\/wp-content\/uploads\/2020\/05\/Captura-de-pantalla-2020-05-07-a-las-15.56.34-300x168.png 300w, https:\/\/iha-race.com\/wp-content\/uploads\/2020\/05\/Captura-de-pantalla-2020-05-07-a-las-15.56.34-1024x572.png 1024w, https:\/\/iha-race.com\/wp-content\/uploads\/2020\/05\/Captura-de-pantalla-2020-05-07-a-las-15.56.34-768x429.png 768w, https:\/\/iha-race.com\/wp-content\/uploads\/2020\/05\/Captura-de-pantalla-2020-05-07-a-las-15.56.34-1536x858.png 1536w, https:\/\/iha-race.com\/wp-content\/uploads\/2020\/05\/Captura-de-pantalla-2020-05-07-a-las-15.56.34-2048x1144.png 2048w, https:\/\/iha-race.com\/wp-content\/uploads\/2020\/05\/Captura-de-pantalla-2020-05-07-a-las-15.56.34-788x440.png 788w\" sizes=\"(max-width: 800px) 100vw, 800px\" \/><\/p>\n<p>&nbsp;<\/p>\n<h2>Supporti per telecamere<\/h2>\n<p>  Forniamo due diverse misure di supporti per fotocamere da 1\/3&#8242; come &#8220;C01 Pro Camera&#8221; e da 1\/4&#8242; come &#8220;C01 Camera&#8221;.<img decoding=\"async\" src=\"https:\/\/cdn.shopify.com\/s\/files\/1\/1778\/6615\/files\/829229129ae5d90f597f2b94bc9b2d83_73d91c45-a96b-408d-adb7-48ea606c33ad_480x480.jpg?v=1583402593\" alt=\"\"><\/p>\n<h2>Specifiche<\/h2>\n<ul>\n<li>Articolo: Microtetto<\/li>\n<li>Materiale: PP<\/li>\n<li>Inclinazione: 30\u00b0 (non regolabile)<\/li>\n<li>Peso: 1,31 g \/ pc<\/li>\n<li>Montatura adattata: HX100SE \/ Beta65S \/ Beta65S Lite \/ Beta85 pro2 \/ Meteor65 \/ Meteor75<\/li>\n<\/ul>\n<h2>Pacchetto<\/h2>\n<ul>\n<li>1 * Micro tettuccio blu<\/li>\n<li>1 * 1 \/ 3 &#8220;fotocamera obiettivo montare fotocamera ( C01 Pro fotocamera )<\/li>\n<li>1 * Supporto per fotocamera con obiettivo da 1\/4&#8243; (fotocamera C01)<\/li>\n<li>1 set di viti M1.2 * 4<\/li>\n<\/ul>\n<p>&nbsp;<\/p>\n<p>&nbsp;<\/p>\n","protected":false},"excerpt":{"rendered":"<p>Micro Canopy BetaFPV Questo tettuccio \u00e8 pi\u00f9 resistente e flessibile, la scelta migliore per tutte le microcamere con obiettivi da 1\/3&#8221; come la fotocamera C01 Pro o con obiettivi da<\/p>\n","protected":false},"featured_media":86372,"comment_status":"open","ping_status":"closed","template":"","meta":{"_joinchat":[]},"pwb-brand":[],"product_cat":[1438,1505],"product_tag":[],"class_list":{"0":"post-112915","1":"product","2":"type-product","3":"status-publish","4":"has-post-thumbnail","6":"product_cat-droni-fpv","7":"product_cat-droni-starter","9":"first","10":"instock","11":"taxable","12":"shipping-taxable","13":"purchasable","14":"product-type-simple"},"barcode":null,"atum_controlled":true,"out_stock_date":null,"out_stock_threshold":null,"inheritable":false,"stock_on_hold":0,"sold_today":0,"sales_last_days":0,"out_stock_days":0,"lost_sales":0,"update_date":"2026-04-18T23:35:13","atum_locations":[],"atum_stock_status":"instock","restock_status":false,"low_stock_amount":"","sales_update_date":"2026-04-18T23:35:13","calc_backorders":null,"yoast_head":"<!-- This site is optimized with the Yoast SEO plugin v27.3 - https:\/\/yoast.com\/product\/yoast-seo-wordpress\/ -->\n<title>Micro Canopy BetaFPV - Iha Race<\/title>\n<meta name=\"robots\" content=\"index, follow, max-snippet:-1, max-image-preview:large, max-video-preview:-1\" \/>\n<link rel=\"canonical\" href=\"https:\/\/iha-race.com\/it\/prodotto\/micro-canopy-betafpv\/\" \/>\n<meta property=\"og:locale\" content=\"it_IT\" \/>\n<meta property=\"og:type\" content=\"article\" \/>\n<meta property=\"og:title\" content=\"Micro Canopy BetaFPV - Iha Race\" \/>\n<meta property=\"og:description\" content=\"Micro Canopy BetaFPV Questo tettuccio \u00e8 pi\u00f9 resistente e flessibile, la scelta migliore per tutte le microcamere con obiettivi da 1\/3&#8221; come la fotocamera C01 Pro o con obiettivi da\" \/>\n<meta property=\"og:url\" content=\"https:\/\/iha-race.com\/it\/prodotto\/micro-canopy-betafpv\/\" \/>\n<meta property=\"og:site_name\" content=\"Iha Race\" \/>\n<meta property=\"article:modified_time\" content=\"2024-08-29T14:07:45+00:00\" \/>\n<meta property=\"og:image\" content=\"https:\/\/iha-race.com\/wp-content\/uploads\/2020\/05\/Captura-de-pantalla-2020-05-07-a-las-15.53.17.png\" \/>\n\t<meta property=\"og:image:width\" content=\"564\" \/>\n\t<meta property=\"og:image:height\" content=\"557\" \/>\n\t<meta property=\"og:image:type\" content=\"image\/png\" \/>\n<meta name=\"twitter:card\" content=\"summary_large_image\" \/>\n<meta name=\"twitter:label1\" content=\"Tempo di lettura stimato\" \/>\n\t<meta name=\"twitter:data1\" content=\"1 minuto\" \/>\n<script type=\"application\/ld+json\" class=\"yoast-schema-graph\">{\"@context\":\"https:\\\/\\\/schema.org\",\"@graph\":[{\"@type\":\"WebPage\",\"@id\":\"https:\\\/\\\/iha-race.com\\\/it\\\/prodotto\\\/micro-canopy-betafpv\\\/\",\"url\":\"https:\\\/\\\/iha-race.com\\\/it\\\/prodotto\\\/micro-canopy-betafpv\\\/\",\"name\":\"Micro Canopy BetaFPV - Iha Race\",\"isPartOf\":{\"@id\":\"https:\\\/\\\/iha-race.com\\\/it\\\/#website\"},\"primaryImageOfPage\":{\"@id\":\"https:\\\/\\\/iha-race.com\\\/it\\\/prodotto\\\/micro-canopy-betafpv\\\/#primaryimage\"},\"image\":{\"@id\":\"https:\\\/\\\/iha-race.com\\\/it\\\/prodotto\\\/micro-canopy-betafpv\\\/#primaryimage\"},\"thumbnailUrl\":\"https:\\\/\\\/iha-race.com\\\/wp-content\\\/uploads\\\/2020\\\/05\\\/Captura-de-pantalla-2020-05-07-a-las-15.53.17.png\",\"datePublished\":\"2020-05-07T14:03:23+00:00\",\"dateModified\":\"2024-08-29T14:07:45+00:00\",\"breadcrumb\":{\"@id\":\"https:\\\/\\\/iha-race.com\\\/it\\\/prodotto\\\/micro-canopy-betafpv\\\/#breadcrumb\"},\"inLanguage\":\"it-IT\",\"potentialAction\":[{\"@type\":\"ReadAction\",\"target\":[\"https:\\\/\\\/iha-race.com\\\/it\\\/prodotto\\\/micro-canopy-betafpv\\\/\"]}]},{\"@type\":\"ImageObject\",\"inLanguage\":\"it-IT\",\"@id\":\"https:\\\/\\\/iha-race.com\\\/it\\\/prodotto\\\/micro-canopy-betafpv\\\/#primaryimage\",\"url\":\"https:\\\/\\\/iha-race.com\\\/wp-content\\\/uploads\\\/2020\\\/05\\\/Captura-de-pantalla-2020-05-07-a-las-15.53.17.png\",\"contentUrl\":\"https:\\\/\\\/iha-race.com\\\/wp-content\\\/uploads\\\/2020\\\/05\\\/Captura-de-pantalla-2020-05-07-a-las-15.53.17.png\",\"width\":564,\"height\":557,\"caption\":\"Micro Canopy BetaFPV\"},{\"@type\":\"BreadcrumbList\",\"@id\":\"https:\\\/\\\/iha-race.com\\\/it\\\/prodotto\\\/micro-canopy-betafpv\\\/#breadcrumb\",\"itemListElement\":[{\"@type\":\"ListItem\",\"position\":1,\"name\":\"Portada\",\"item\":\"https:\\\/\\\/iha-race.com\\\/it\\\/\"},{\"@type\":\"ListItem\",\"position\":2,\"name\":\"Negozio\",\"item\":\"https:\\\/\\\/iha-race.com\\\/it\\\/negozio\\\/\"},{\"@type\":\"ListItem\",\"position\":3,\"name\":\"Micro Canopy BetaFPV\"}]},{\"@type\":\"WebSite\",\"@id\":\"https:\\\/\\\/iha-race.com\\\/it\\\/#website\",\"url\":\"https:\\\/\\\/iha-race.com\\\/it\\\/\",\"name\":\"Iha Race\",\"description\":\"Comprar drones de carreras FPV env\u00edos en un d\u00eda desde Espa\u00f1a\",\"publisher\":{\"@id\":\"https:\\\/\\\/iha-race.com\\\/it\\\/#organization\"},\"potentialAction\":[{\"@type\":\"SearchAction\",\"target\":{\"@type\":\"EntryPoint\",\"urlTemplate\":\"https:\\\/\\\/iha-race.com\\\/it\\\/?s={search_term_string}\"},\"query-input\":{\"@type\":\"PropertyValueSpecification\",\"valueRequired\":true,\"valueName\":\"search_term_string\"}}],\"inLanguage\":\"it-IT\"},{\"@type\":\"Organization\",\"@id\":\"https:\\\/\\\/iha-race.com\\\/it\\\/#organization\",\"name\":\"Iha Race\",\"url\":\"https:\\\/\\\/iha-race.com\\\/it\\\/\",\"logo\":{\"@type\":\"ImageObject\",\"inLanguage\":\"it-IT\",\"@id\":\"https:\\\/\\\/iha-race.com\\\/it\\\/#\\\/schema\\\/logo\\\/image\\\/\",\"url\":\"https:\\\/\\\/iha-race.com\\\/wp-content\\\/uploads\\\/2018\\\/07\\\/iha-race-drones-de-carreras-tienda-comprar-drones.png\",\"contentUrl\":\"https:\\\/\\\/iha-race.com\\\/wp-content\\\/uploads\\\/2018\\\/07\\\/iha-race-drones-de-carreras-tienda-comprar-drones.png\",\"width\":300,\"height\":100,\"caption\":\"Iha Race\"},\"image\":{\"@id\":\"https:\\\/\\\/iha-race.com\\\/it\\\/#\\\/schema\\\/logo\\\/image\\\/\"}}]}<\/script>\n<!-- \/ Yoast SEO plugin. -->","yoast_head_json":{"title":"Micro Canopy BetaFPV - Iha Race","robots":{"index":"index","follow":"follow","max-snippet":"max-snippet:-1","max-image-preview":"max-image-preview:large","max-video-preview":"max-video-preview:-1"},"canonical":"https:\/\/iha-race.com\/it\/prodotto\/micro-canopy-betafpv\/","og_locale":"it_IT","og_type":"article","og_title":"Micro Canopy BetaFPV - Iha Race","og_description":"Micro Canopy BetaFPV Questo tettuccio \u00e8 pi\u00f9 resistente e flessibile, la scelta migliore per tutte le microcamere con obiettivi da 1\/3&#8221; come la fotocamera C01 Pro o con obiettivi da","og_url":"https:\/\/iha-race.com\/it\/prodotto\/micro-canopy-betafpv\/","og_site_name":"Iha Race","article_modified_time":"2024-08-29T14:07:45+00:00","og_image":[{"width":564,"height":557,"url":"https:\/\/iha-race.com\/wp-content\/uploads\/2020\/05\/Captura-de-pantalla-2020-05-07-a-las-15.53.17.png","type":"image\/png"}],"twitter_card":"summary_large_image","twitter_misc":{"Tempo di lettura stimato":"1 minuto"},"schema":{"@context":"https:\/\/schema.org","@graph":[{"@type":"WebPage","@id":"https:\/\/iha-race.com\/it\/prodotto\/micro-canopy-betafpv\/","url":"https:\/\/iha-race.com\/it\/prodotto\/micro-canopy-betafpv\/","name":"Micro Canopy BetaFPV - Iha Race","isPartOf":{"@id":"https:\/\/iha-race.com\/it\/#website"},"primaryImageOfPage":{"@id":"https:\/\/iha-race.com\/it\/prodotto\/micro-canopy-betafpv\/#primaryimage"},"image":{"@id":"https:\/\/iha-race.com\/it\/prodotto\/micro-canopy-betafpv\/#primaryimage"},"thumbnailUrl":"https:\/\/iha-race.com\/wp-content\/uploads\/2020\/05\/Captura-de-pantalla-2020-05-07-a-las-15.53.17.png","datePublished":"2020-05-07T14:03:23+00:00","dateModified":"2024-08-29T14:07:45+00:00","breadcrumb":{"@id":"https:\/\/iha-race.com\/it\/prodotto\/micro-canopy-betafpv\/#breadcrumb"},"inLanguage":"it-IT","potentialAction":[{"@type":"ReadAction","target":["https:\/\/iha-race.com\/it\/prodotto\/micro-canopy-betafpv\/"]}]},{"@type":"ImageObject","inLanguage":"it-IT","@id":"https:\/\/iha-race.com\/it\/prodotto\/micro-canopy-betafpv\/#primaryimage","url":"https:\/\/iha-race.com\/wp-content\/uploads\/2020\/05\/Captura-de-pantalla-2020-05-07-a-las-15.53.17.png","contentUrl":"https:\/\/iha-race.com\/wp-content\/uploads\/2020\/05\/Captura-de-pantalla-2020-05-07-a-las-15.53.17.png","width":564,"height":557,"caption":"Micro Canopy BetaFPV"},{"@type":"BreadcrumbList","@id":"https:\/\/iha-race.com\/it\/prodotto\/micro-canopy-betafpv\/#breadcrumb","itemListElement":[{"@type":"ListItem","position":1,"name":"Portada","item":"https:\/\/iha-race.com\/it\/"},{"@type":"ListItem","position":2,"name":"Negozio","item":"https:\/\/iha-race.com\/it\/negozio\/"},{"@type":"ListItem","position":3,"name":"Micro Canopy BetaFPV"}]},{"@type":"WebSite","@id":"https:\/\/iha-race.com\/it\/#website","url":"https:\/\/iha-race.com\/it\/","name":"Iha Race","description":"Comprar drones de carreras FPV env\u00edos en un d\u00eda desde Espa\u00f1a","publisher":{"@id":"https:\/\/iha-race.com\/it\/#organization"},"potentialAction":[{"@type":"SearchAction","target":{"@type":"EntryPoint","urlTemplate":"https:\/\/iha-race.com\/it\/?s={search_term_string}"},"query-input":{"@type":"PropertyValueSpecification","valueRequired":true,"valueName":"search_term_string"}}],"inLanguage":"it-IT"},{"@type":"Organization","@id":"https:\/\/iha-race.com\/it\/#organization","name":"Iha Race","url":"https:\/\/iha-race.com\/it\/","logo":{"@type":"ImageObject","inLanguage":"it-IT","@id":"https:\/\/iha-race.com\/it\/#\/schema\/logo\/image\/","url":"https:\/\/iha-race.com\/wp-content\/uploads\/2018\/07\/iha-race-drones-de-carreras-tienda-comprar-drones.png","contentUrl":"https:\/\/iha-race.com\/wp-content\/uploads\/2018\/07\/iha-race-drones-de-carreras-tienda-comprar-drones.png","width":300,"height":100,"caption":"Iha Race"},"image":{"@id":"https:\/\/iha-race.com\/it\/#\/schema\/logo\/image\/"}}]}},"brands":[],"_links":{"self":[{"href":"https:\/\/iha-race.com\/it\/wp-json\/wp\/v2\/product\/112915","targetHints":{"allow":["GET"]}}],"collection":[{"href":"https:\/\/iha-race.com\/it\/wp-json\/wp\/v2\/product"}],"about":[{"href":"https:\/\/iha-race.com\/it\/wp-json\/wp\/v2\/types\/product"}],"replies":[{"embeddable":true,"href":"https:\/\/iha-race.com\/it\/wp-json\/wp\/v2\/comments?post=112915"}],"version-history":[{"count":3,"href":"https:\/\/iha-race.com\/it\/wp-json\/wp\/v2\/product\/112915\/revisions"}],"predecessor-version":[{"id":249953,"href":"https:\/\/iha-race.com\/it\/wp-json\/wp\/v2\/product\/112915\/revisions\/249953"}],"wp:featuredmedia":[{"embeddable":true,"href":"https:\/\/iha-race.com\/it\/wp-json\/wp\/v2\/media\/86372"}],"wp:attachment":[{"href":"https:\/\/iha-race.com\/it\/wp-json\/wp\/v2\/media?parent=112915"}],"wp:term":[{"taxonomy":"pwb-brand","embeddable":true,"href":"https:\/\/iha-race.com\/it\/wp-json\/wp\/v2\/pwb-brand?post=112915"},{"taxonomy":"product_cat","embeddable":true,"href":"https:\/\/iha-race.com\/it\/wp-json\/wp\/v2\/product_cat?post=112915"},{"taxonomy":"product_tag","embeddable":true,"href":"https:\/\/iha-race.com\/it\/wp-json\/wp\/v2\/product_tag?post=112915"}],"curies":[{"name":"wp","href":"https:\/\/api.w.org\/{rel}","templated":true}]}}