{"id":112885,"date":"2020-05-05T16:53:09","date_gmt":"2020-05-05T14:53:09","guid":{"rendered":"https:\/\/iha-race.com\/producto\/sacchetto-di-sicurezza-per-liposuzione-betafpv\/"},"modified":"2025-08-04T11:55:34","modified_gmt":"2025-08-04T09:55:34","slug":"borsa-di-sicurezza-per-betafpv-lipos","status":"publish","type":"product","link":"https:\/\/iha-race.com\/it\/prodotto\/borsa-di-sicurezza-per-betafpv-lipos\/","title":{"rendered":"Sacchetto di sicurezza per liposuzione BetaFPV"},"content":{"rendered":"<h2>Sacchetto di sicurezza per liposuzione BetaFPV<\/h2>\n<p>  La borsa di sicurezza \u00e8 cucita con un filo estremamente resistente al fuoco ed \u00e8 dotata di una doppia cerniera. Offre una protezione aggiuntiva per la batteria lipo, il micro drone e la sua postazione di ricarica, che potrebbe proteggere la casa e gli oggetti di valore da un incendio dovuto a un guasto della batteria lipo. Utile per riporre, viaggiare e trasportare merci.  &nbsp;<\/p>\n<p><img fetchpriority=\"high\" decoding=\"async\" class=\"size-full wp-image-48260\" src=\"https:\/\/iha-race.com\/wp-content\/uploads\/2020\/05\/Captura-de-pantalla-2020-05-05-a-las-16.45.13.png\" alt=\"Sacchetto di sicurezza per liposuzione BetaFPV\" width=\"552\" height=\"484\" srcset=\"https:\/\/iha-race.com\/wp-content\/uploads\/2020\/05\/Captura-de-pantalla-2020-05-05-a-las-16.45.13.png 552w, https:\/\/iha-race.com\/wp-content\/uploads\/2020\/05\/Captura-de-pantalla-2020-05-05-a-las-16.45.13-600x526.png 600w, https:\/\/iha-race.com\/wp-content\/uploads\/2020\/05\/Captura-de-pantalla-2020-05-05-a-las-16.45.13-300x263.png 300w, https:\/\/iha-race.com\/wp-content\/uploads\/2020\/05\/Captura-de-pantalla-2020-05-05-a-las-16.45.13-1024x898.png 1024w, https:\/\/iha-race.com\/wp-content\/uploads\/2020\/05\/Captura-de-pantalla-2020-05-05-a-las-16.45.13-768x673.png 768w, https:\/\/iha-race.com\/wp-content\/uploads\/2020\/05\/Captura-de-pantalla-2020-05-05-a-las-16.45.13-1536x1347.png 1536w, https:\/\/iha-race.com\/wp-content\/uploads\/2020\/05\/Captura-de-pantalla-2020-05-05-a-las-16.45.13-2048x1796.png 2048w, https:\/\/iha-race.com\/wp-content\/uploads\/2020\/05\/Captura-de-pantalla-2020-05-05-a-las-16.45.13-788x690.png 788w\" sizes=\"(max-width: 552px) 100vw, 552px\" \/><\/p>\n<p>&nbsp;<\/p>\n<h2><strong>Caratteristiche:<\/strong><\/h2>\n<ul>\n<li>Impermeabile, ignifugo e con protezione dalle radiazioni.<\/li>\n<li>Ampio spazio per pi\u00f9 batterie.<\/li>\n<li>Distanziatore medio, la batteria pu\u00f2 essere classificata come<\/li>\n<li>La doppia cerniera rende la borsa lipo ben sigillata e comoda da usare.<\/li>\n<li>Questa borsa ignifuga \u00e8 un modo pratico per proteggere le batterie Lipo durante la carica, il trasporto e lo stoccaggio.<\/li>\n<\/ul>\n<p>&nbsp;<\/p>\n<p><img decoding=\"async\" class=\"size-full wp-image-48261\" src=\"https:\/\/iha-race.com\/wp-content\/uploads\/2020\/05\/Captura-de-pantalla-2020-05-05-a-las-16.46.42.png\" alt=\"Sacchetto di sicurezza per liposuzione BetaFPV\" width=\"450\" height=\"337\" srcset=\"https:\/\/iha-race.com\/wp-content\/uploads\/2020\/05\/Captura-de-pantalla-2020-05-05-a-las-16.46.42.png 450w, https:\/\/iha-race.com\/wp-content\/uploads\/2020\/05\/Captura-de-pantalla-2020-05-05-a-las-16.46.42-600x449.png 600w, https:\/\/iha-race.com\/wp-content\/uploads\/2020\/05\/Captura-de-pantalla-2020-05-05-a-las-16.46.42-300x225.png 300w, https:\/\/iha-race.com\/wp-content\/uploads\/2020\/05\/Captura-de-pantalla-2020-05-05-a-las-16.46.42-1024x767.png 1024w, https:\/\/iha-race.com\/wp-content\/uploads\/2020\/05\/Captura-de-pantalla-2020-05-05-a-las-16.46.42-768x575.png 768w, https:\/\/iha-race.com\/wp-content\/uploads\/2020\/05\/Captura-de-pantalla-2020-05-05-a-las-16.46.42-1536x1150.png 1536w, https:\/\/iha-race.com\/wp-content\/uploads\/2020\/05\/Captura-de-pantalla-2020-05-05-a-las-16.46.42-2048x1534.png 2048w, https:\/\/iha-race.com\/wp-content\/uploads\/2020\/05\/Captura-de-pantalla-2020-05-05-a-las-16.46.42-788x590.png 788w\" sizes=\"(max-width: 450px) 100vw, 450px\" \/><\/p>\n<h2><strong>Specifiche:<\/strong><\/h2>\n<ul>\n<li>Nero<\/li>\n<li>Dimensioni: 165 * 90 * 120 mm<\/li>\n<li>Peso: 130 g<\/li>\n<li>Applicazione: Per una ricarica e uno stoccaggio pi\u00f9 sicuri di batterie Lipo e droni<\/li>\n<li>Materiale: materiale tessile in fibra di vetro con rivestimento ignifugo<\/li>\n<\/ul>\n<p>&nbsp;<\/p>\n<p>&nbsp;<\/p>\n<p>&nbsp;<\/p>\n<p><img decoding=\"async\" class=\"size-full wp-image-48262\" src=\"https:\/\/iha-race.com\/wp-content\/uploads\/2020\/05\/Captura-de-pantalla-2020-05-05-a-las-16.47.36.png\" alt=\"Sacchetto di sicurezza per liposuzione BetaFPV\" width=\"490\" height=\"396\" srcset=\"https:\/\/iha-race.com\/wp-content\/uploads\/2020\/05\/Captura-de-pantalla-2020-05-05-a-las-16.47.36.png 490w, https:\/\/iha-race.com\/wp-content\/uploads\/2020\/05\/Captura-de-pantalla-2020-05-05-a-las-16.47.36-599x484.png 599w, https:\/\/iha-race.com\/wp-content\/uploads\/2020\/05\/Captura-de-pantalla-2020-05-05-a-las-16.47.36-300x242.png 300w, https:\/\/iha-race.com\/wp-content\/uploads\/2020\/05\/Captura-de-pantalla-2020-05-05-a-las-16.47.36-1024x828.png 1024w, https:\/\/iha-race.com\/wp-content\/uploads\/2020\/05\/Captura-de-pantalla-2020-05-05-a-las-16.47.36-767x620.png 767w, https:\/\/iha-race.com\/wp-content\/uploads\/2020\/05\/Captura-de-pantalla-2020-05-05-a-las-16.47.36-1536x1241.png 1536w, https:\/\/iha-race.com\/wp-content\/uploads\/2020\/05\/Captura-de-pantalla-2020-05-05-a-las-16.47.36-2048x1655.png 2048w, https:\/\/iha-race.com\/wp-content\/uploads\/2020\/05\/Captura-de-pantalla-2020-05-05-a-las-16.47.36-788x636.png 788w\" sizes=\"(max-width: 490px) 100vw, 490px\" \/><\/p>\n<p>&nbsp;<\/p>\n<h2><strong>Il pacchetto comprende:<\/strong><\/h2>\n<ul>\n<li>1 x Borsa di sicurezza per batterie Lipo BETAFPV<\/li>\n<\/ul>\n<p>&nbsp;<\/p>\n<p>&nbsp;<\/p>\n","protected":false},"excerpt":{"rendered":"<p>Sacchetto di sicurezza per liposuzione BetaFPV La borsa di sicurezza \u00e8 cucita con un filo estremamente resistente al fuoco ed \u00e8 dotata di una doppia cerniera. Offre una protezione aggiuntiva<\/p>\n","protected":false},"featured_media":86311,"comment_status":"open","ping_status":"closed","template":"","meta":{"_joinchat":[]},"pwb-brand":[],"product_cat":[1073,1065,1067,1420],"product_tag":[],"class_list":{"0":"post-112885","1":"product","2":"type-product","3":"status-publish","4":"has-post-thumbnail","6":"product_cat-accessori-per-batterie","7":"product_cat-batterie-fpv","8":"product_cat-caricatori","9":"product_cat-zaini-fpv","11":"first","12":"instock","13":"taxable","14":"shipping-taxable","15":"purchasable","16":"product-type-simple"},"barcode":null,"atum_controlled":true,"out_stock_date":null,"out_stock_threshold":null,"inheritable":false,"stock_on_hold":0,"sold_today":0,"sales_last_days":1,"out_stock_days":0,"lost_sales":0,"update_date":"2026-04-08T16:36:51","atum_locations":[],"atum_stock_status":"instock","restock_status":false,"low_stock_amount":"","sales_update_date":"2026-04-06T14:11:14","calc_backorders":null,"yoast_head":"<!-- This site is optimized with the Yoast SEO plugin v27.3 - https:\/\/yoast.com\/product\/yoast-seo-wordpress\/ -->\n<title>Sacchetto di sicurezza per liposuzione BetaFPV - Iha Race<\/title>\n<meta name=\"robots\" content=\"index, follow, max-snippet:-1, max-image-preview:large, max-video-preview:-1\" \/>\n<link rel=\"canonical\" href=\"https:\/\/iha-race.com\/it\/prodotto\/borsa-di-sicurezza-per-betafpv-lipos\/\" \/>\n<meta property=\"og:locale\" content=\"it_IT\" \/>\n<meta property=\"og:type\" content=\"article\" \/>\n<meta property=\"og:title\" content=\"Sacchetto di sicurezza per liposuzione BetaFPV - Iha Race\" \/>\n<meta property=\"og:description\" content=\"Sacchetto di sicurezza per liposuzione BetaFPV La borsa di sicurezza \u00e8 cucita con un filo estremamente resistente al fuoco ed \u00e8 dotata di una doppia cerniera. Offre una protezione aggiuntiva\" \/>\n<meta property=\"og:url\" content=\"https:\/\/iha-race.com\/it\/prodotto\/borsa-di-sicurezza-per-betafpv-lipos\/\" \/>\n<meta property=\"og:site_name\" content=\"Iha Race\" \/>\n<meta property=\"article:modified_time\" content=\"2025-08-04T09:55:34+00:00\" \/>\n<meta property=\"og:image\" content=\"https:\/\/iha-race.com\/wp-content\/uploads\/2020\/05\/Captura-de-pantalla-2020-05-05-a-las-16.44.23.png\" \/>\n\t<meta property=\"og:image:width\" content=\"532\" \/>\n\t<meta property=\"og:image:height\" content=\"522\" \/>\n\t<meta property=\"og:image:type\" content=\"image\/png\" \/>\n<meta name=\"twitter:card\" content=\"summary_large_image\" \/>\n<meta name=\"twitter:label1\" content=\"Tempo di lettura stimato\" \/>\n\t<meta name=\"twitter:data1\" content=\"1 minuto\" \/>\n<script type=\"application\/ld+json\" class=\"yoast-schema-graph\">{\"@context\":\"https:\\\/\\\/schema.org\",\"@graph\":[{\"@type\":\"WebPage\",\"@id\":\"https:\\\/\\\/iha-race.com\\\/it\\\/prodotto\\\/borsa-di-sicurezza-per-betafpv-lipos\\\/\",\"url\":\"https:\\\/\\\/iha-race.com\\\/it\\\/prodotto\\\/borsa-di-sicurezza-per-betafpv-lipos\\\/\",\"name\":\"Sacchetto di sicurezza per liposuzione BetaFPV - Iha Race\",\"isPartOf\":{\"@id\":\"https:\\\/\\\/iha-race.com\\\/it\\\/#website\"},\"primaryImageOfPage\":{\"@id\":\"https:\\\/\\\/iha-race.com\\\/it\\\/prodotto\\\/borsa-di-sicurezza-per-betafpv-lipos\\\/#primaryimage\"},\"image\":{\"@id\":\"https:\\\/\\\/iha-race.com\\\/it\\\/prodotto\\\/borsa-di-sicurezza-per-betafpv-lipos\\\/#primaryimage\"},\"thumbnailUrl\":\"https:\\\/\\\/iha-race.com\\\/wp-content\\\/uploads\\\/2020\\\/05\\\/Captura-de-pantalla-2020-05-05-a-las-16.44.23.png\",\"datePublished\":\"2020-05-05T14:53:09+00:00\",\"dateModified\":\"2025-08-04T09:55:34+00:00\",\"breadcrumb\":{\"@id\":\"https:\\\/\\\/iha-race.com\\\/it\\\/prodotto\\\/borsa-di-sicurezza-per-betafpv-lipos\\\/#breadcrumb\"},\"inLanguage\":\"it-IT\",\"potentialAction\":[{\"@type\":\"ReadAction\",\"target\":[\"https:\\\/\\\/iha-race.com\\\/it\\\/prodotto\\\/borsa-di-sicurezza-per-betafpv-lipos\\\/\"]}]},{\"@type\":\"ImageObject\",\"inLanguage\":\"it-IT\",\"@id\":\"https:\\\/\\\/iha-race.com\\\/it\\\/prodotto\\\/borsa-di-sicurezza-per-betafpv-lipos\\\/#primaryimage\",\"url\":\"https:\\\/\\\/iha-race.com\\\/wp-content\\\/uploads\\\/2020\\\/05\\\/Captura-de-pantalla-2020-05-05-a-las-16.44.23.png\",\"contentUrl\":\"https:\\\/\\\/iha-race.com\\\/wp-content\\\/uploads\\\/2020\\\/05\\\/Captura-de-pantalla-2020-05-05-a-las-16.44.23.png\",\"width\":532,\"height\":522,\"caption\":\"Sacchetto di sicurezza per liposuzione BetaFPV\"},{\"@type\":\"BreadcrumbList\",\"@id\":\"https:\\\/\\\/iha-race.com\\\/it\\\/prodotto\\\/borsa-di-sicurezza-per-betafpv-lipos\\\/#breadcrumb\",\"itemListElement\":[{\"@type\":\"ListItem\",\"position\":1,\"name\":\"Portada\",\"item\":\"https:\\\/\\\/iha-race.com\\\/it\\\/\"},{\"@type\":\"ListItem\",\"position\":2,\"name\":\"Negozio\",\"item\":\"https:\\\/\\\/iha-race.com\\\/it\\\/negozio\\\/\"},{\"@type\":\"ListItem\",\"position\":3,\"name\":\"Sacchetto di sicurezza per liposuzione BetaFPV\"}]},{\"@type\":\"WebSite\",\"@id\":\"https:\\\/\\\/iha-race.com\\\/it\\\/#website\",\"url\":\"https:\\\/\\\/iha-race.com\\\/it\\\/\",\"name\":\"Iha Race\",\"description\":\"Comprar drones de carreras FPV env\u00edos en un d\u00eda desde Espa\u00f1a\",\"publisher\":{\"@id\":\"https:\\\/\\\/iha-race.com\\\/it\\\/#organization\"},\"potentialAction\":[{\"@type\":\"SearchAction\",\"target\":{\"@type\":\"EntryPoint\",\"urlTemplate\":\"https:\\\/\\\/iha-race.com\\\/it\\\/?s={search_term_string}\"},\"query-input\":{\"@type\":\"PropertyValueSpecification\",\"valueRequired\":true,\"valueName\":\"search_term_string\"}}],\"inLanguage\":\"it-IT\"},{\"@type\":\"Organization\",\"@id\":\"https:\\\/\\\/iha-race.com\\\/it\\\/#organization\",\"name\":\"Iha Race\",\"url\":\"https:\\\/\\\/iha-race.com\\\/it\\\/\",\"logo\":{\"@type\":\"ImageObject\",\"inLanguage\":\"it-IT\",\"@id\":\"https:\\\/\\\/iha-race.com\\\/it\\\/#\\\/schema\\\/logo\\\/image\\\/\",\"url\":\"https:\\\/\\\/iha-race.com\\\/wp-content\\\/uploads\\\/2018\\\/07\\\/iha-race-drones-de-carreras-tienda-comprar-drones.png\",\"contentUrl\":\"https:\\\/\\\/iha-race.com\\\/wp-content\\\/uploads\\\/2018\\\/07\\\/iha-race-drones-de-carreras-tienda-comprar-drones.png\",\"width\":300,\"height\":100,\"caption\":\"Iha Race\"},\"image\":{\"@id\":\"https:\\\/\\\/iha-race.com\\\/it\\\/#\\\/schema\\\/logo\\\/image\\\/\"}}]}<\/script>\n<!-- \/ Yoast SEO plugin. -->","yoast_head_json":{"title":"Sacchetto di sicurezza per liposuzione BetaFPV - Iha Race","robots":{"index":"index","follow":"follow","max-snippet":"max-snippet:-1","max-image-preview":"max-image-preview:large","max-video-preview":"max-video-preview:-1"},"canonical":"https:\/\/iha-race.com\/it\/prodotto\/borsa-di-sicurezza-per-betafpv-lipos\/","og_locale":"it_IT","og_type":"article","og_title":"Sacchetto di sicurezza per liposuzione BetaFPV - Iha Race","og_description":"Sacchetto di sicurezza per liposuzione BetaFPV La borsa di sicurezza \u00e8 cucita con un filo estremamente resistente al fuoco ed \u00e8 dotata di una doppia cerniera. Offre una protezione aggiuntiva","og_url":"https:\/\/iha-race.com\/it\/prodotto\/borsa-di-sicurezza-per-betafpv-lipos\/","og_site_name":"Iha Race","article_modified_time":"2025-08-04T09:55:34+00:00","og_image":[{"width":532,"height":522,"url":"https:\/\/iha-race.com\/wp-content\/uploads\/2020\/05\/Captura-de-pantalla-2020-05-05-a-las-16.44.23.png","type":"image\/png"}],"twitter_card":"summary_large_image","twitter_misc":{"Tempo di lettura stimato":"1 minuto"},"schema":{"@context":"https:\/\/schema.org","@graph":[{"@type":"WebPage","@id":"https:\/\/iha-race.com\/it\/prodotto\/borsa-di-sicurezza-per-betafpv-lipos\/","url":"https:\/\/iha-race.com\/it\/prodotto\/borsa-di-sicurezza-per-betafpv-lipos\/","name":"Sacchetto di sicurezza per liposuzione BetaFPV - Iha Race","isPartOf":{"@id":"https:\/\/iha-race.com\/it\/#website"},"primaryImageOfPage":{"@id":"https:\/\/iha-race.com\/it\/prodotto\/borsa-di-sicurezza-per-betafpv-lipos\/#primaryimage"},"image":{"@id":"https:\/\/iha-race.com\/it\/prodotto\/borsa-di-sicurezza-per-betafpv-lipos\/#primaryimage"},"thumbnailUrl":"https:\/\/iha-race.com\/wp-content\/uploads\/2020\/05\/Captura-de-pantalla-2020-05-05-a-las-16.44.23.png","datePublished":"2020-05-05T14:53:09+00:00","dateModified":"2025-08-04T09:55:34+00:00","breadcrumb":{"@id":"https:\/\/iha-race.com\/it\/prodotto\/borsa-di-sicurezza-per-betafpv-lipos\/#breadcrumb"},"inLanguage":"it-IT","potentialAction":[{"@type":"ReadAction","target":["https:\/\/iha-race.com\/it\/prodotto\/borsa-di-sicurezza-per-betafpv-lipos\/"]}]},{"@type":"ImageObject","inLanguage":"it-IT","@id":"https:\/\/iha-race.com\/it\/prodotto\/borsa-di-sicurezza-per-betafpv-lipos\/#primaryimage","url":"https:\/\/iha-race.com\/wp-content\/uploads\/2020\/05\/Captura-de-pantalla-2020-05-05-a-las-16.44.23.png","contentUrl":"https:\/\/iha-race.com\/wp-content\/uploads\/2020\/05\/Captura-de-pantalla-2020-05-05-a-las-16.44.23.png","width":532,"height":522,"caption":"Sacchetto di sicurezza per liposuzione BetaFPV"},{"@type":"BreadcrumbList","@id":"https:\/\/iha-race.com\/it\/prodotto\/borsa-di-sicurezza-per-betafpv-lipos\/#breadcrumb","itemListElement":[{"@type":"ListItem","position":1,"name":"Portada","item":"https:\/\/iha-race.com\/it\/"},{"@type":"ListItem","position":2,"name":"Negozio","item":"https:\/\/iha-race.com\/it\/negozio\/"},{"@type":"ListItem","position":3,"name":"Sacchetto di sicurezza per liposuzione BetaFPV"}]},{"@type":"WebSite","@id":"https:\/\/iha-race.com\/it\/#website","url":"https:\/\/iha-race.com\/it\/","name":"Iha Race","description":"Comprar drones de carreras FPV env\u00edos en un d\u00eda desde Espa\u00f1a","publisher":{"@id":"https:\/\/iha-race.com\/it\/#organization"},"potentialAction":[{"@type":"SearchAction","target":{"@type":"EntryPoint","urlTemplate":"https:\/\/iha-race.com\/it\/?s={search_term_string}"},"query-input":{"@type":"PropertyValueSpecification","valueRequired":true,"valueName":"search_term_string"}}],"inLanguage":"it-IT"},{"@type":"Organization","@id":"https:\/\/iha-race.com\/it\/#organization","name":"Iha Race","url":"https:\/\/iha-race.com\/it\/","logo":{"@type":"ImageObject","inLanguage":"it-IT","@id":"https:\/\/iha-race.com\/it\/#\/schema\/logo\/image\/","url":"https:\/\/iha-race.com\/wp-content\/uploads\/2018\/07\/iha-race-drones-de-carreras-tienda-comprar-drones.png","contentUrl":"https:\/\/iha-race.com\/wp-content\/uploads\/2018\/07\/iha-race-drones-de-carreras-tienda-comprar-drones.png","width":300,"height":100,"caption":"Iha Race"},"image":{"@id":"https:\/\/iha-race.com\/it\/#\/schema\/logo\/image\/"}}]}},"brands":[],"_links":{"self":[{"href":"https:\/\/iha-race.com\/it\/wp-json\/wp\/v2\/product\/112885","targetHints":{"allow":["GET"]}}],"collection":[{"href":"https:\/\/iha-race.com\/it\/wp-json\/wp\/v2\/product"}],"about":[{"href":"https:\/\/iha-race.com\/it\/wp-json\/wp\/v2\/types\/product"}],"replies":[{"embeddable":true,"href":"https:\/\/iha-race.com\/it\/wp-json\/wp\/v2\/comments?post=112885"}],"version-history":[{"count":2,"href":"https:\/\/iha-race.com\/it\/wp-json\/wp\/v2\/product\/112885\/revisions"}],"predecessor-version":[{"id":249971,"href":"https:\/\/iha-race.com\/it\/wp-json\/wp\/v2\/product\/112885\/revisions\/249971"}],"wp:featuredmedia":[{"embeddable":true,"href":"https:\/\/iha-race.com\/it\/wp-json\/wp\/v2\/media\/86311"}],"wp:attachment":[{"href":"https:\/\/iha-race.com\/it\/wp-json\/wp\/v2\/media?parent=112885"}],"wp:term":[{"taxonomy":"pwb-brand","embeddable":true,"href":"https:\/\/iha-race.com\/it\/wp-json\/wp\/v2\/pwb-brand?post=112885"},{"taxonomy":"product_cat","embeddable":true,"href":"https:\/\/iha-race.com\/it\/wp-json\/wp\/v2\/product_cat?post=112885"},{"taxonomy":"product_tag","embeddable":true,"href":"https:\/\/iha-race.com\/it\/wp-json\/wp\/v2\/product_tag?post=112885"}],"curies":[{"name":"wp","href":"https:\/\/api.w.org\/{rel}","templated":true}]}}