{"id":112883,"date":"2023-05-31T17:15:21","date_gmt":"2023-05-31T15:15:21","guid":{"rendered":"https:\/\/iha-race.com\/producto\/caricabatterie-betafpv-1s-connettore-bt2-0\/"},"modified":"2026-01-23T20:46:15","modified_gmt":"2026-01-23T19:46:15","slug":"cargador-betafpv-1s-conector-bt2-0-v-2","status":"publish","type":"product","link":"https:\/\/iha-race.com\/it\/prodotto\/cargador-betafpv-1s-conector-bt2-0-v-2\/","title":{"rendered":"Caricabatterie BetaFPV 1S connettore BT2.0 V.2"},"content":{"rendered":"<h2>Caricabatterie BetaFPV 1S connettore BT2.0<\/h2>\n<p>  Scopri il nuovo caricabatterie e tester di tensione BT2.0. Rispetto alla prima versione, il caricatore V2 utilizza la porta di ingresso Type-C per sostituire l&#8217;ingresso USB. La ricarica non \u00e8 pi\u00f9 limitata dalla spina, i motociclisti possono avere pi\u00f9 opzioni di ricarica. Nel frattempo, il nuovo caricabatterie ha migliorato il design dell&#8217;aspetto. \u00c8 dotato di un design nascosto del display elettrico e delle istruzioni di ricarica, che sono semplici e belle. Inoltre, questo caricabatterie \u00e8  <span class=\"tlid-translation translation\" lang=\"en\"><span class=\"\" title=\"\">progettato per la batteria della serie BT2.0. Non solo un caricatore, ma anche<\/span><\/span>  un tester per la tensione delle celle!  &nbsp;<\/p>\n<p><img decoding=\"async\" src=\"https:\/\/cdn.shopifycdn.net\/s\/files\/1\/1778\/6615\/files\/8b465053d72bf33c227fa9eedfc2486b_c06eb958-a63e-4d29-9625-a99652d81fa7_1024x1024.jpg?v=1616740008\">  Non sei sicuro che valga la pena di cambiare BT2.0? Guarda il video di <a href=\"https:\/\/www.youtube.com\/watch?v=Xt0yARay6nw\" target=\"_blank\" rel=\"noopener\">Joshua Bardwell <\/a>che dimostra (AUDIO) che il connettore BT2.0 \u00e8 migliore di PH 2.0. https:\/\/youtu.be\/Xt0yARay6nw<\/p>\n<h2>Caratteristiche<\/h2>\n<ul>\n<li>Realizzato appositamente per la batteria della serie BT2.0. Ha due funzioni di test di tensione e di carico in una sola, compatta e facile da trasportare.<\/li>\n<li>\u00c8 dotato di una porta di ingresso Type-C che sostituisce l&#8217;ingresso USB, rendendo la ricarica non pi\u00f9 limitata dalla spina e consentendo ai ciclisti di avere pi\u00f9 opzioni di ricarica.<\/li>\n<li>Il nuovo caricatore migliora anche il design dell&#8217;aspetto. Il design nascosto del display elettrico e delle istruzioni di ricarica \u00e8 semplice e bello.<\/li>\n<li>Supporta la carica di due batterie contemporaneamente, la sua corrente di carica \u00e8 di 1A, la batteria BT2.0 300mah pu\u00f2 essere completamente caricata in 20 minuti, la batteria BT2.0 450mah 1S pu\u00f2 essere completamente caricata in 30 minuti.<\/li>\n<\/ul>\n<h2>Stato dell&#8217;accensione<\/h2>\n<ul>\n<li>OUT1\/OUT2 possono essere caricati contemporaneamente<\/li>\n<li>Ingresso: USB-5V\/2A<\/li>\n<li>Uscita: 4,35V\/1A<\/li>\n<li>La luce rossa indica la carica e la luce verde la carica completa.<\/li>\n<\/ul>\n<h2><\/h2>\n<p><img decoding=\"async\" class=\"aligncenter\" src=\"https:\/\/cdn.shopifycdn.net\/s\/files\/1\/1778\/6615\/files\/1_f6381ee6-97ec-4cbe-bdf5-2145b4f2a974_600x600.jpg?v=1616641450\"><\/p>\n<p>&nbsp;<\/p>\n<h2>Stato off<\/h2>\n<ul>\n<li>OUT1 pu\u00f2 essere utilizzato come tester della batteria, mentre OUT2 non ha alcuna funzione.<\/li>\n<\/ul>\n<p><img decoding=\"async\" class=\"aligncenter\" src=\"https:\/\/cdn.shopifycdn.net\/s\/files\/1\/1778\/6615\/files\/1f257bd61df9ddaf859acbd1eece8225_4912759b-73ec-4884-b57f-f2083e985b85_600x600.jpg?v=1616486324\"><\/p>\n<p>&nbsp;<\/p>\n<h2>Specifiche tecniche<\/h2>\n<ul>\n<li>Modello: Tester di tensione della batteria BT2.0 1S V2<\/li>\n<li>Spine: BT2.0<\/li>\n<li>Connettore: Tipo-C<\/li>\n<li>LCD: Bianco<\/li>\n<li>Peso: 12,37 g<\/li>\n<li>Dimensioni: 52,7 *23,2 *14,2 mm<\/li>\n<\/ul>\n<p><img decoding=\"async\" class=\"aligncenter\" src=\"https:\/\/cdn.shopifycdn.net\/s\/files\/1\/1778\/6615\/files\/f7d7c897f798fc44c391847188c3ac79_cc8c51b6-394a-47b6-a5c0-ce9e96635ae5_600x600.jpg?v=1616752757\"><\/p>\n<h2>Connettore BT2.0<\/h2>\n<p>  Il connettore BT2.0 di BETAFPV, dal design unico, ha superato il collo di bottiglia del connettore PH2.0. Il connettore BT2.0 ha ridotto efficacemente la resistenza interna del connettore per consentire il trasferimento di una maggiore quantit\u00e0 di corrente, il che significa che supporta 9A di corrente continua (15A a raffica) per offrire una maggiore potenza e un tempo di volo pi\u00f9 lungo nei droni brushless 1S, mentre PH2.0 supporta solo 4,5A. Puoi godere di un tempo di volo pi\u00f9 lungo senza disturbare l&#8217;avviso di bassa tensione risolvendo il problema della caduta di tensione.  <img decoding=\"async\" src=\"https:\/\/cdn.shopify.com\/s\/files\/1\/1778\/6615\/files\/1FB_480x480.jpg?v=1573558601\">  C&#8217;\u00e8 un grafico di confronto tra il connettore BT2.0 e il connettore PH2.0 (versione a pin solido) sulla batteria BETAFPV 1S 300mAh. La corrente di scarica \u00e8 di 9A in questo test. Si pu\u00f2 notare che con il connettore BT2.0 il tempo \u00e8 doppio (circa 2 minuti).  <img decoding=\"async\" src=\"https:\/\/cdn.shopify.com\/s\/files\/1\/1778\/6615\/files\/QQ_20191112174705_1024x1024.png?v=1573552068\"><\/p>\n<p><strong>Molte altre opzioni di accessori nella serie BT2.0.  <\/strong>  Sappiamo che alcuni piloti potrebbero avere dei dubbi su come gestire la vecchia batteria PH2.0 1S. Per questo motivo, mettiamo a disposizione alcuni accessori come i connettori BT2.0 Power whoop per coloro che vogliono convertire il connettore PH2.0 in un connettore BT2.0.  <\/p>\n<ul>\n<li>Connettori BT2.0 (10 pezzi)<\/li>\n<li>Cavo a spirale BT2.0 1S Whoop<\/li>\n<li>Cavo adattatore BT2.0-PH2.0<\/li>\n<\/ul>\n<p>  Consigliamo vivamente i seguenti prodotti con connettori o cavi BT2.0. In futuro BETAFPV lavorer\u00e0 a stretto contatto con altri produttori di marchi per offrire un servizio e un&#8217;esperienza migliori ai clienti.  <\/p>\n<ul>\n<li>Batteria BT2.0 450mAh 1S<\/li>\n<li>Batteria BT2.0 300mAh 1S<\/li>\n<li>Caricabatterie e tester di tensione BT2.0<\/li>\n<li>Quadcopter della serie BT2.0<\/li>\n<li>Caricabatterie a 6 porte 1S e adattatore<\/li>\n<li>Caricabatterie e batterie di terze parti con porta BT2.0<\/li>\n<\/ul>\n<p><img decoding=\"async\" src=\"https:\/\/cdn.shopifycdn.net\/s\/files\/1\/1778\/6615\/files\/FB_95086e22-5836-4e87-95a7-3de3f811ec16_1024x1024.jpg?v=1652340406\"><\/p>\n<h2>Il pacchetto comprende<\/h2>\n<ul>\n<li>1 caricabatterie BT2.0 e tester di tensione V2<\/li>\n<\/ul>\n","protected":false},"excerpt":{"rendered":"<p>Caricabatterie BetaFPV 1S connettore BT2.0 Scopri il nuovo caricabatterie e tester di tensione BT2.0. Rispetto alla prima versione, il caricatore V2 utilizza la porta di ingresso Type-C per sostituire l&#8217;ingresso<\/p>\n","protected":false},"featured_media":231412,"comment_status":"open","ping_status":"closed","template":"","meta":{"_joinchat":[]},"pwb-brand":[],"product_cat":[1067],"product_tag":[],"class_list":{"0":"post-112883","1":"product","2":"type-product","3":"status-publish","4":"has-post-thumbnail","6":"product_cat-caricatori","8":"first","9":"instock","10":"taxable","11":"shipping-taxable","12":"purchasable","13":"product-type-simple"},"barcode":null,"atum_controlled":true,"out_stock_date":null,"out_stock_threshold":null,"inheritable":false,"stock_on_hold":0,"sold_today":0,"sales_last_days":0,"out_stock_days":0,"lost_sales":0,"update_date":"2026-04-18T22:18:11","atum_locations":[],"atum_stock_status":"instock","restock_status":false,"low_stock_amount":"","sales_update_date":"2026-04-18T22:18:11","calc_backorders":null,"yoast_head":"<!-- This site is optimized with the Yoast SEO plugin v27.3 - https:\/\/yoast.com\/product\/yoast-seo-wordpress\/ -->\n<title>Caricabatterie BetaFPV 1S connettore BT2.0 V.2 - Iha Race<\/title>\n<meta name=\"robots\" content=\"index, follow, max-snippet:-1, max-image-preview:large, max-video-preview:-1\" \/>\n<link rel=\"canonical\" href=\"https:\/\/iha-race.com\/it\/prodotto\/cargador-betafpv-1s-conector-bt2-0-v-2\/\" \/>\n<meta property=\"og:locale\" content=\"it_IT\" \/>\n<meta property=\"og:type\" content=\"article\" \/>\n<meta property=\"og:title\" content=\"Caricabatterie BetaFPV 1S connettore BT2.0 V.2 - Iha Race\" \/>\n<meta property=\"og:description\" content=\"Caricabatterie BetaFPV 1S connettore BT2.0 Scopri il nuovo caricabatterie e tester di tensione BT2.0. Rispetto alla prima versione, il caricatore V2 utilizza la porta di ingresso Type-C per sostituire l&#8217;ingresso\" \/>\n<meta property=\"og:url\" content=\"https:\/\/iha-race.com\/it\/prodotto\/cargador-betafpv-1s-conector-bt2-0-v-2\/\" \/>\n<meta property=\"og:site_name\" content=\"Iha Race\" \/>\n<meta property=\"article:modified_time\" content=\"2026-01-23T19:46:15+00:00\" \/>\n<meta property=\"og:image\" content=\"https:\/\/iha-race.com\/wp-content\/uploads\/2020\/04\/Cargador-de-bateria-BT20-y-probador-de-voltaje-V2.webp\" \/>\n\t<meta property=\"og:image:width\" content=\"720\" \/>\n\t<meta property=\"og:image:height\" content=\"720\" \/>\n\t<meta property=\"og:image:type\" content=\"image\/webp\" \/>\n<meta name=\"twitter:card\" content=\"summary_large_image\" \/>\n<meta name=\"twitter:label1\" content=\"Tempo di lettura stimato\" \/>\n\t<meta name=\"twitter:data1\" content=\"3 minuti\" \/>\n<script type=\"application\/ld+json\" class=\"yoast-schema-graph\">{\"@context\":\"https:\\\/\\\/schema.org\",\"@graph\":[{\"@type\":\"WebPage\",\"@id\":\"https:\\\/\\\/iha-race.com\\\/it\\\/prodotto\\\/cargador-betafpv-1s-conector-bt2-0-v-2\\\/\",\"url\":\"https:\\\/\\\/iha-race.com\\\/it\\\/prodotto\\\/cargador-betafpv-1s-conector-bt2-0-v-2\\\/\",\"name\":\"Caricabatterie BetaFPV 1S connettore BT2.0 V.2 - Iha Race\",\"isPartOf\":{\"@id\":\"https:\\\/\\\/iha-race.com\\\/it\\\/#website\"},\"primaryImageOfPage\":{\"@id\":\"https:\\\/\\\/iha-race.com\\\/it\\\/prodotto\\\/cargador-betafpv-1s-conector-bt2-0-v-2\\\/#primaryimage\"},\"image\":{\"@id\":\"https:\\\/\\\/iha-race.com\\\/it\\\/prodotto\\\/cargador-betafpv-1s-conector-bt2-0-v-2\\\/#primaryimage\"},\"thumbnailUrl\":\"https:\\\/\\\/iha-race.com\\\/wp-content\\\/uploads\\\/2020\\\/04\\\/Cargador-de-bateria-BT20-y-probador-de-voltaje-V2.webp\",\"datePublished\":\"2023-05-31T15:15:21+00:00\",\"dateModified\":\"2026-01-23T19:46:15+00:00\",\"breadcrumb\":{\"@id\":\"https:\\\/\\\/iha-race.com\\\/it\\\/prodotto\\\/cargador-betafpv-1s-conector-bt2-0-v-2\\\/#breadcrumb\"},\"inLanguage\":\"it-IT\",\"potentialAction\":[{\"@type\":\"ReadAction\",\"target\":[\"https:\\\/\\\/iha-race.com\\\/it\\\/prodotto\\\/cargador-betafpv-1s-conector-bt2-0-v-2\\\/\"]}]},{\"@type\":\"ImageObject\",\"inLanguage\":\"it-IT\",\"@id\":\"https:\\\/\\\/iha-race.com\\\/it\\\/prodotto\\\/cargador-betafpv-1s-conector-bt2-0-v-2\\\/#primaryimage\",\"url\":\"https:\\\/\\\/iha-race.com\\\/wp-content\\\/uploads\\\/2020\\\/04\\\/Cargador-de-bateria-BT20-y-probador-de-voltaje-V2.webp\",\"contentUrl\":\"https:\\\/\\\/iha-race.com\\\/wp-content\\\/uploads\\\/2020\\\/04\\\/Cargador-de-bateria-BT20-y-probador-de-voltaje-V2.webp\",\"width\":720,\"height\":720},{\"@type\":\"BreadcrumbList\",\"@id\":\"https:\\\/\\\/iha-race.com\\\/it\\\/prodotto\\\/cargador-betafpv-1s-conector-bt2-0-v-2\\\/#breadcrumb\",\"itemListElement\":[{\"@type\":\"ListItem\",\"position\":1,\"name\":\"Portada\",\"item\":\"https:\\\/\\\/iha-race.com\\\/it\\\/\"},{\"@type\":\"ListItem\",\"position\":2,\"name\":\"Negozio\",\"item\":\"https:\\\/\\\/iha-race.com\\\/it\\\/negozio\\\/\"},{\"@type\":\"ListItem\",\"position\":3,\"name\":\"Caricabatterie BetaFPV 1S connettore BT2.0 V.2\"}]},{\"@type\":\"WebSite\",\"@id\":\"https:\\\/\\\/iha-race.com\\\/it\\\/#website\",\"url\":\"https:\\\/\\\/iha-race.com\\\/it\\\/\",\"name\":\"Iha Race\",\"description\":\"Comprar drones de carreras FPV env\u00edos en un d\u00eda desde Espa\u00f1a\",\"publisher\":{\"@id\":\"https:\\\/\\\/iha-race.com\\\/it\\\/#organization\"},\"potentialAction\":[{\"@type\":\"SearchAction\",\"target\":{\"@type\":\"EntryPoint\",\"urlTemplate\":\"https:\\\/\\\/iha-race.com\\\/it\\\/?s={search_term_string}\"},\"query-input\":{\"@type\":\"PropertyValueSpecification\",\"valueRequired\":true,\"valueName\":\"search_term_string\"}}],\"inLanguage\":\"it-IT\"},{\"@type\":\"Organization\",\"@id\":\"https:\\\/\\\/iha-race.com\\\/it\\\/#organization\",\"name\":\"Iha Race\",\"url\":\"https:\\\/\\\/iha-race.com\\\/it\\\/\",\"logo\":{\"@type\":\"ImageObject\",\"inLanguage\":\"it-IT\",\"@id\":\"https:\\\/\\\/iha-race.com\\\/it\\\/#\\\/schema\\\/logo\\\/image\\\/\",\"url\":\"https:\\\/\\\/iha-race.com\\\/wp-content\\\/uploads\\\/2018\\\/07\\\/iha-race-drones-de-carreras-tienda-comprar-drones.png\",\"contentUrl\":\"https:\\\/\\\/iha-race.com\\\/wp-content\\\/uploads\\\/2018\\\/07\\\/iha-race-drones-de-carreras-tienda-comprar-drones.png\",\"width\":300,\"height\":100,\"caption\":\"Iha Race\"},\"image\":{\"@id\":\"https:\\\/\\\/iha-race.com\\\/it\\\/#\\\/schema\\\/logo\\\/image\\\/\"}}]}<\/script>\n<!-- \/ Yoast SEO plugin. -->","yoast_head_json":{"title":"Caricabatterie BetaFPV 1S connettore BT2.0 V.2 - Iha Race","robots":{"index":"index","follow":"follow","max-snippet":"max-snippet:-1","max-image-preview":"max-image-preview:large","max-video-preview":"max-video-preview:-1"},"canonical":"https:\/\/iha-race.com\/it\/prodotto\/cargador-betafpv-1s-conector-bt2-0-v-2\/","og_locale":"it_IT","og_type":"article","og_title":"Caricabatterie BetaFPV 1S connettore BT2.0 V.2 - Iha Race","og_description":"Caricabatterie BetaFPV 1S connettore BT2.0 Scopri il nuovo caricabatterie e tester di tensione BT2.0. Rispetto alla prima versione, il caricatore V2 utilizza la porta di ingresso Type-C per sostituire l&#8217;ingresso","og_url":"https:\/\/iha-race.com\/it\/prodotto\/cargador-betafpv-1s-conector-bt2-0-v-2\/","og_site_name":"Iha Race","article_modified_time":"2026-01-23T19:46:15+00:00","og_image":[{"width":720,"height":720,"url":"https:\/\/iha-race.com\/wp-content\/uploads\/2020\/04\/Cargador-de-bateria-BT20-y-probador-de-voltaje-V2.webp","type":"image\/webp"}],"twitter_card":"summary_large_image","twitter_misc":{"Tempo di lettura stimato":"3 minuti"},"schema":{"@context":"https:\/\/schema.org","@graph":[{"@type":"WebPage","@id":"https:\/\/iha-race.com\/it\/prodotto\/cargador-betafpv-1s-conector-bt2-0-v-2\/","url":"https:\/\/iha-race.com\/it\/prodotto\/cargador-betafpv-1s-conector-bt2-0-v-2\/","name":"Caricabatterie BetaFPV 1S connettore BT2.0 V.2 - Iha Race","isPartOf":{"@id":"https:\/\/iha-race.com\/it\/#website"},"primaryImageOfPage":{"@id":"https:\/\/iha-race.com\/it\/prodotto\/cargador-betafpv-1s-conector-bt2-0-v-2\/#primaryimage"},"image":{"@id":"https:\/\/iha-race.com\/it\/prodotto\/cargador-betafpv-1s-conector-bt2-0-v-2\/#primaryimage"},"thumbnailUrl":"https:\/\/iha-race.com\/wp-content\/uploads\/2020\/04\/Cargador-de-bateria-BT20-y-probador-de-voltaje-V2.webp","datePublished":"2023-05-31T15:15:21+00:00","dateModified":"2026-01-23T19:46:15+00:00","breadcrumb":{"@id":"https:\/\/iha-race.com\/it\/prodotto\/cargador-betafpv-1s-conector-bt2-0-v-2\/#breadcrumb"},"inLanguage":"it-IT","potentialAction":[{"@type":"ReadAction","target":["https:\/\/iha-race.com\/it\/prodotto\/cargador-betafpv-1s-conector-bt2-0-v-2\/"]}]},{"@type":"ImageObject","inLanguage":"it-IT","@id":"https:\/\/iha-race.com\/it\/prodotto\/cargador-betafpv-1s-conector-bt2-0-v-2\/#primaryimage","url":"https:\/\/iha-race.com\/wp-content\/uploads\/2020\/04\/Cargador-de-bateria-BT20-y-probador-de-voltaje-V2.webp","contentUrl":"https:\/\/iha-race.com\/wp-content\/uploads\/2020\/04\/Cargador-de-bateria-BT20-y-probador-de-voltaje-V2.webp","width":720,"height":720},{"@type":"BreadcrumbList","@id":"https:\/\/iha-race.com\/it\/prodotto\/cargador-betafpv-1s-conector-bt2-0-v-2\/#breadcrumb","itemListElement":[{"@type":"ListItem","position":1,"name":"Portada","item":"https:\/\/iha-race.com\/it\/"},{"@type":"ListItem","position":2,"name":"Negozio","item":"https:\/\/iha-race.com\/it\/negozio\/"},{"@type":"ListItem","position":3,"name":"Caricabatterie BetaFPV 1S connettore BT2.0 V.2"}]},{"@type":"WebSite","@id":"https:\/\/iha-race.com\/it\/#website","url":"https:\/\/iha-race.com\/it\/","name":"Iha Race","description":"Comprar drones de carreras FPV env\u00edos en un d\u00eda desde Espa\u00f1a","publisher":{"@id":"https:\/\/iha-race.com\/it\/#organization"},"potentialAction":[{"@type":"SearchAction","target":{"@type":"EntryPoint","urlTemplate":"https:\/\/iha-race.com\/it\/?s={search_term_string}"},"query-input":{"@type":"PropertyValueSpecification","valueRequired":true,"valueName":"search_term_string"}}],"inLanguage":"it-IT"},{"@type":"Organization","@id":"https:\/\/iha-race.com\/it\/#organization","name":"Iha Race","url":"https:\/\/iha-race.com\/it\/","logo":{"@type":"ImageObject","inLanguage":"it-IT","@id":"https:\/\/iha-race.com\/it\/#\/schema\/logo\/image\/","url":"https:\/\/iha-race.com\/wp-content\/uploads\/2018\/07\/iha-race-drones-de-carreras-tienda-comprar-drones.png","contentUrl":"https:\/\/iha-race.com\/wp-content\/uploads\/2018\/07\/iha-race-drones-de-carreras-tienda-comprar-drones.png","width":300,"height":100,"caption":"Iha Race"},"image":{"@id":"https:\/\/iha-race.com\/it\/#\/schema\/logo\/image\/"}}]}},"jetpack_sharing_enabled":true,"brands":[],"_links":{"self":[{"href":"https:\/\/iha-race.com\/it\/wp-json\/wp\/v2\/product\/112883","targetHints":{"allow":["GET"]}}],"collection":[{"href":"https:\/\/iha-race.com\/it\/wp-json\/wp\/v2\/product"}],"about":[{"href":"https:\/\/iha-race.com\/it\/wp-json\/wp\/v2\/types\/product"}],"replies":[{"embeddable":true,"href":"https:\/\/iha-race.com\/it\/wp-json\/wp\/v2\/comments?post=112883"}],"version-history":[{"count":3,"href":"https:\/\/iha-race.com\/it\/wp-json\/wp\/v2\/product\/112883\/revisions"}],"predecessor-version":[{"id":248631,"href":"https:\/\/iha-race.com\/it\/wp-json\/wp\/v2\/product\/112883\/revisions\/248631"}],"wp:featuredmedia":[{"embeddable":true,"href":"https:\/\/iha-race.com\/it\/wp-json\/wp\/v2\/media\/231412"}],"wp:attachment":[{"href":"https:\/\/iha-race.com\/it\/wp-json\/wp\/v2\/media?parent=112883"}],"wp:term":[{"taxonomy":"pwb-brand","embeddable":true,"href":"https:\/\/iha-race.com\/it\/wp-json\/wp\/v2\/pwb-brand?post=112883"},{"taxonomy":"product_cat","embeddable":true,"href":"https:\/\/iha-race.com\/it\/wp-json\/wp\/v2\/product_cat?post=112883"},{"taxonomy":"product_tag","embeddable":true,"href":"https:\/\/iha-race.com\/it\/wp-json\/wp\/v2\/product_tag?post=112883"}],"curies":[{"name":"wp","href":"https:\/\/api.w.org\/{rel}","templated":true}]}}