{"id":112861,"date":"2020-04-13T17:13:01","date_gmt":"2020-04-13T15:13:01","guid":{"rendered":"https:\/\/iha-race.com\/producto\/caricabatterie-betafpv-1s-connettore-ph2-0\/"},"modified":"2024-08-29T16:09:02","modified_gmt":"2024-08-29T14:09:02","slug":"caricatore-betafpv-1s-connettore-ph2-0","status":"publish","type":"product","link":"https:\/\/iha-race.com\/it\/prodotto\/caricatore-betafpv-1s-connettore-ph2-0\/","title":{"rendered":"Caricabatterie BetaFPV 1S connettore PH2.0"},"content":{"rendered":"<h2>Caricabatterie BetaFPV 1S connettore PH2.0<\/h2>\n<p><span id=\"w_250\">Il<\/span> caricabatterie <span id=\"w_250\">PH2.0<\/span> \u00e8 <span class=\"tlid-translation translation\" lang=\"en\"><span class=\"\" title=\"\">progettato per tutte le batterie PH2.0 1S <\/span><\/span><span class=\"tlid-translation translation\" lang=\"en\"><span class=\"\" title=\"\">Batterie PH2.0 1S<\/span><\/span><span class=\"tlid-translation translation\" lang=\"en\"><span class=\"\" title=\"\"> . <\/span><\/span><span class=\"tlid-translation translation\" lang=\"en\"><span class=\"\" title=\"\">Non \u00e8 solo un caricabatterie ma anche<\/span><\/span> un tester per la tensione delle celle! La corrente di carica arriva a 1 A, migliorando l&#8217;efficienza e riducendo il tempo di carica.  <span id=\"w_249\"> <\/span><\/p>\n<p>&nbsp;<\/p>\n<p><img decoding=\"async\" class=\"aligncenter\" src=\"https:\/\/cdn.shopify.com\/s\/files\/1\/1778\/6615\/files\/1_65274bd4-85dd-4936-a76f-d01c68ee1f72_600x600.jpg?v=1576657132\"><\/p>\n<p>&nbsp;<\/p>\n<h2>PUNTI BULLET<\/h2>\n<ul>\n<li>Abbinato al connettore della batteria PH2.0<\/li>\n<li>Supporta la ricarica di due batterie contemporaneamente e la sua corrente di ricarica \u00e8 stata portata da 0,5A a 1A, raddoppiando cos\u00ec la velocit\u00e0 di ricarica.<\/li>\n<li>Design intelligente dell&#8217;ingresso USB, molto comodo da caricare. Compatibile con l&#8217;adattatore per telefoni cellulari, computer, ecc.<\/li>\n<li>Ha due funzioni di prova di tensione e di carico in una sola, compatta e facile da trasportare.<\/li>\n<\/ul>\n<h2>ISTRUZIONE<\/h2>\n<p>  Stato dell&#8217;accensione  <\/p>\n<ul>\n<li>OUT1 \/ OUT2 possono essere caricati contemporaneamente<\/li>\n<li>Ingresso: USB-5V \/ 2A<\/li>\n<li>Uscita: 4,35V \/ 1A<\/li>\n<li>La luce rossa indica la carica e la luce verde la carica completa.<\/li>\n<\/ul>\n<p>&nbsp;<\/p>\n<p><img decoding=\"async\" class=\"aligncenter\" src=\"https:\/\/cdn.shopify.com\/s\/files\/1\/1778\/6615\/files\/QQ_20191109171450_480x480.png?v=1573290911\"><\/p>\n<p>&nbsp;  Stato spento  <\/p>\n<ul>\n<li>OUT1 pu\u00f2 essere utilizzato come tester della batteria, mentre OUT2 non ha alcuna funzione.<\/li>\n<\/ul>\n<p><img decoding=\"async\" class=\"aligncenter\" src=\"https:\/\/cdn.shopify.com\/s\/files\/1\/1778\/6615\/files\/QQ_20191109165727_480x480.png?v=1573289861\"><\/p>\n<p>&nbsp;<\/p>\n<h2>SPECIFICHE<\/h2>\n<ul>\n<li>Modello: PH 2.0 1S Battery Voltage Tester<\/li>\n<li>Spine: PH2.0<\/li>\n<li>Tensione: funziona con pacchi batteria normali e ad alta tensione<\/li>\n<li>Taglio di tensione: DC 2,45-4,70V<\/li>\n<li>Intervallo di tensione: DC 2,50-4,70V (1S)<\/li>\n<li>LCD: rosso<\/li>\n<li>Peso: 15,14 g<\/li>\n<li>Dimensioni: 66,3 * 23,6 * 14,4 mm<\/li>\n<li>Temperatura di lavoro: -20 ~ 75 \u2103<\/li>\n<li>Tem di stoccaggio: -25 ~ 85 \u2103<\/li>\n<\/ul>\n<p><img decoding=\"async\" class=\"aligncenter\" src=\"https:\/\/cdn.shopify.com\/s\/files\/1\/1778\/6615\/files\/f7d7c897f798fc44c391847188c3ac79_d253ae8e-4ca6-4fec-86e1-fba800802102_480x480.jpg?v=1576656988\"><\/p>\n","protected":false},"excerpt":{"rendered":"<p>Caricabatterie BetaFPV 1S connettore PH2.0 Il caricabatterie PH2.0 \u00e8 progettato per tutte le batterie PH2.0 1S Batterie PH2.0 1S . Non \u00e8 solo un caricabatterie ma anche un tester per<\/p>\n","protected":false},"featured_media":96567,"comment_status":"open","ping_status":"closed","template":"","meta":{"_joinchat":[]},"pwb-brand":[],"product_cat":[1067],"product_tag":[],"class_list":{"0":"post-112861","1":"product","2":"type-product","3":"status-publish","4":"has-post-thumbnail","6":"product_cat-caricatori","8":"first","9":"instock","10":"taxable","11":"shipping-taxable","12":"purchasable","13":"product-type-simple"},"barcode":null,"atum_controlled":true,"out_stock_date":null,"out_stock_threshold":null,"inheritable":false,"stock_on_hold":0,"sold_today":0,"sales_last_days":0,"out_stock_days":0,"lost_sales":0,"update_date":"2026-04-27T21:47:36","atum_locations":[],"atum_stock_status":"instock","restock_status":false,"low_stock_amount":"","sales_update_date":"2026-04-27T21:47:36","calc_backorders":null,"yoast_head":"<!-- This site is optimized with the Yoast SEO plugin v27.3 - https:\/\/yoast.com\/product\/yoast-seo-wordpress\/ -->\n<title>Caricabatterie BetaFPV 1S connettore PH2.0 - Iha Race<\/title>\n<meta name=\"robots\" content=\"index, follow, max-snippet:-1, max-image-preview:large, max-video-preview:-1\" \/>\n<link rel=\"canonical\" href=\"https:\/\/iha-race.com\/it\/prodotto\/caricatore-betafpv-1s-connettore-ph2-0\/\" \/>\n<meta property=\"og:locale\" content=\"it_IT\" \/>\n<meta property=\"og:type\" content=\"article\" \/>\n<meta property=\"og:title\" content=\"Caricabatterie BetaFPV 1S connettore PH2.0 - Iha Race\" \/>\n<meta property=\"og:description\" content=\"Caricabatterie BetaFPV 1S connettore PH2.0 Il caricabatterie PH2.0 \u00e8 progettato per tutte le batterie PH2.0 1S Batterie PH2.0 1S . Non \u00e8 solo un caricabatterie ma anche un tester per\" \/>\n<meta property=\"og:url\" content=\"https:\/\/iha-race.com\/it\/prodotto\/caricatore-betafpv-1s-connettore-ph2-0\/\" \/>\n<meta property=\"og:site_name\" content=\"Iha Race\" \/>\n<meta property=\"article:modified_time\" content=\"2024-08-29T14:09:02+00:00\" \/>\n<meta property=\"og:image\" content=\"https:\/\/iha-race.com\/wp-content\/uploads\/2020\/04\/Cargador-BetaFPV-1S-conector-PH2.0-comprar-barato.jpg\" \/>\n\t<meta property=\"og:image:width\" content=\"800\" \/>\n\t<meta property=\"og:image:height\" content=\"800\" \/>\n\t<meta property=\"og:image:type\" content=\"image\/jpeg\" \/>\n<meta name=\"twitter:card\" content=\"summary_large_image\" \/>\n<meta name=\"twitter:label1\" content=\"Tempo di lettura stimato\" \/>\n\t<meta name=\"twitter:data1\" content=\"1 minuto\" \/>\n<script type=\"application\/ld+json\" class=\"yoast-schema-graph\">{\"@context\":\"https:\\\/\\\/schema.org\",\"@graph\":[{\"@type\":\"WebPage\",\"@id\":\"https:\\\/\\\/iha-race.com\\\/it\\\/prodotto\\\/caricatore-betafpv-1s-connettore-ph2-0\\\/\",\"url\":\"https:\\\/\\\/iha-race.com\\\/it\\\/prodotto\\\/caricatore-betafpv-1s-connettore-ph2-0\\\/\",\"name\":\"Caricabatterie BetaFPV 1S connettore PH2.0 - Iha Race\",\"isPartOf\":{\"@id\":\"https:\\\/\\\/iha-race.com\\\/it\\\/#website\"},\"primaryImageOfPage\":{\"@id\":\"https:\\\/\\\/iha-race.com\\\/it\\\/prodotto\\\/caricatore-betafpv-1s-connettore-ph2-0\\\/#primaryimage\"},\"image\":{\"@id\":\"https:\\\/\\\/iha-race.com\\\/it\\\/prodotto\\\/caricatore-betafpv-1s-connettore-ph2-0\\\/#primaryimage\"},\"thumbnailUrl\":\"https:\\\/\\\/iha-race.com\\\/wp-content\\\/uploads\\\/2020\\\/04\\\/Cargador-BetaFPV-1S-conector-PH2.0-comprar-barato.jpg\",\"datePublished\":\"2020-04-13T15:13:01+00:00\",\"dateModified\":\"2024-08-29T14:09:02+00:00\",\"breadcrumb\":{\"@id\":\"https:\\\/\\\/iha-race.com\\\/it\\\/prodotto\\\/caricatore-betafpv-1s-connettore-ph2-0\\\/#breadcrumb\"},\"inLanguage\":\"it-IT\",\"potentialAction\":[{\"@type\":\"ReadAction\",\"target\":[\"https:\\\/\\\/iha-race.com\\\/it\\\/prodotto\\\/caricatore-betafpv-1s-connettore-ph2-0\\\/\"]}]},{\"@type\":\"ImageObject\",\"inLanguage\":\"it-IT\",\"@id\":\"https:\\\/\\\/iha-race.com\\\/it\\\/prodotto\\\/caricatore-betafpv-1s-connettore-ph2-0\\\/#primaryimage\",\"url\":\"https:\\\/\\\/iha-race.com\\\/wp-content\\\/uploads\\\/2020\\\/04\\\/Cargador-BetaFPV-1S-conector-PH2.0-comprar-barato.jpg\",\"contentUrl\":\"https:\\\/\\\/iha-race.com\\\/wp-content\\\/uploads\\\/2020\\\/04\\\/Cargador-BetaFPV-1S-conector-PH2.0-comprar-barato.jpg\",\"width\":800,\"height\":800,\"caption\":\"Caricabatterie BetaFPV 1S PH2.0 connettore acquistare a buon mercato\"},{\"@type\":\"BreadcrumbList\",\"@id\":\"https:\\\/\\\/iha-race.com\\\/it\\\/prodotto\\\/caricatore-betafpv-1s-connettore-ph2-0\\\/#breadcrumb\",\"itemListElement\":[{\"@type\":\"ListItem\",\"position\":1,\"name\":\"Portada\",\"item\":\"https:\\\/\\\/iha-race.com\\\/it\\\/\"},{\"@type\":\"ListItem\",\"position\":2,\"name\":\"Negozio\",\"item\":\"https:\\\/\\\/iha-race.com\\\/it\\\/negozio\\\/\"},{\"@type\":\"ListItem\",\"position\":3,\"name\":\"Caricabatterie BetaFPV 1S connettore PH2.0\"}]},{\"@type\":\"WebSite\",\"@id\":\"https:\\\/\\\/iha-race.com\\\/it\\\/#website\",\"url\":\"https:\\\/\\\/iha-race.com\\\/it\\\/\",\"name\":\"Iha Race\",\"description\":\"Comprar drones de carreras FPV env\u00edos en un d\u00eda desde Espa\u00f1a\",\"publisher\":{\"@id\":\"https:\\\/\\\/iha-race.com\\\/it\\\/#organization\"},\"potentialAction\":[{\"@type\":\"SearchAction\",\"target\":{\"@type\":\"EntryPoint\",\"urlTemplate\":\"https:\\\/\\\/iha-race.com\\\/it\\\/?s={search_term_string}\"},\"query-input\":{\"@type\":\"PropertyValueSpecification\",\"valueRequired\":true,\"valueName\":\"search_term_string\"}}],\"inLanguage\":\"it-IT\"},{\"@type\":\"Organization\",\"@id\":\"https:\\\/\\\/iha-race.com\\\/it\\\/#organization\",\"name\":\"Iha Race\",\"url\":\"https:\\\/\\\/iha-race.com\\\/it\\\/\",\"logo\":{\"@type\":\"ImageObject\",\"inLanguage\":\"it-IT\",\"@id\":\"https:\\\/\\\/iha-race.com\\\/it\\\/#\\\/schema\\\/logo\\\/image\\\/\",\"url\":\"https:\\\/\\\/iha-race.com\\\/wp-content\\\/uploads\\\/2018\\\/07\\\/iha-race-drones-de-carreras-tienda-comprar-drones.png\",\"contentUrl\":\"https:\\\/\\\/iha-race.com\\\/wp-content\\\/uploads\\\/2018\\\/07\\\/iha-race-drones-de-carreras-tienda-comprar-drones.png\",\"width\":300,\"height\":100,\"caption\":\"Iha Race\"},\"image\":{\"@id\":\"https:\\\/\\\/iha-race.com\\\/it\\\/#\\\/schema\\\/logo\\\/image\\\/\"}}]}<\/script>\n<!-- \/ Yoast SEO plugin. -->","yoast_head_json":{"title":"Caricabatterie BetaFPV 1S connettore PH2.0 - Iha Race","robots":{"index":"index","follow":"follow","max-snippet":"max-snippet:-1","max-image-preview":"max-image-preview:large","max-video-preview":"max-video-preview:-1"},"canonical":"https:\/\/iha-race.com\/it\/prodotto\/caricatore-betafpv-1s-connettore-ph2-0\/","og_locale":"it_IT","og_type":"article","og_title":"Caricabatterie BetaFPV 1S connettore PH2.0 - Iha Race","og_description":"Caricabatterie BetaFPV 1S connettore PH2.0 Il caricabatterie PH2.0 \u00e8 progettato per tutte le batterie PH2.0 1S Batterie PH2.0 1S . Non \u00e8 solo un caricabatterie ma anche un tester per","og_url":"https:\/\/iha-race.com\/it\/prodotto\/caricatore-betafpv-1s-connettore-ph2-0\/","og_site_name":"Iha Race","article_modified_time":"2024-08-29T14:09:02+00:00","og_image":[{"width":800,"height":800,"url":"https:\/\/iha-race.com\/wp-content\/uploads\/2020\/04\/Cargador-BetaFPV-1S-conector-PH2.0-comprar-barato.jpg","type":"image\/jpeg"}],"twitter_card":"summary_large_image","twitter_misc":{"Tempo di lettura stimato":"1 minuto"},"schema":{"@context":"https:\/\/schema.org","@graph":[{"@type":"WebPage","@id":"https:\/\/iha-race.com\/it\/prodotto\/caricatore-betafpv-1s-connettore-ph2-0\/","url":"https:\/\/iha-race.com\/it\/prodotto\/caricatore-betafpv-1s-connettore-ph2-0\/","name":"Caricabatterie BetaFPV 1S connettore PH2.0 - Iha Race","isPartOf":{"@id":"https:\/\/iha-race.com\/it\/#website"},"primaryImageOfPage":{"@id":"https:\/\/iha-race.com\/it\/prodotto\/caricatore-betafpv-1s-connettore-ph2-0\/#primaryimage"},"image":{"@id":"https:\/\/iha-race.com\/it\/prodotto\/caricatore-betafpv-1s-connettore-ph2-0\/#primaryimage"},"thumbnailUrl":"https:\/\/iha-race.com\/wp-content\/uploads\/2020\/04\/Cargador-BetaFPV-1S-conector-PH2.0-comprar-barato.jpg","datePublished":"2020-04-13T15:13:01+00:00","dateModified":"2024-08-29T14:09:02+00:00","breadcrumb":{"@id":"https:\/\/iha-race.com\/it\/prodotto\/caricatore-betafpv-1s-connettore-ph2-0\/#breadcrumb"},"inLanguage":"it-IT","potentialAction":[{"@type":"ReadAction","target":["https:\/\/iha-race.com\/it\/prodotto\/caricatore-betafpv-1s-connettore-ph2-0\/"]}]},{"@type":"ImageObject","inLanguage":"it-IT","@id":"https:\/\/iha-race.com\/it\/prodotto\/caricatore-betafpv-1s-connettore-ph2-0\/#primaryimage","url":"https:\/\/iha-race.com\/wp-content\/uploads\/2020\/04\/Cargador-BetaFPV-1S-conector-PH2.0-comprar-barato.jpg","contentUrl":"https:\/\/iha-race.com\/wp-content\/uploads\/2020\/04\/Cargador-BetaFPV-1S-conector-PH2.0-comprar-barato.jpg","width":800,"height":800,"caption":"Caricabatterie BetaFPV 1S PH2.0 connettore acquistare a buon mercato"},{"@type":"BreadcrumbList","@id":"https:\/\/iha-race.com\/it\/prodotto\/caricatore-betafpv-1s-connettore-ph2-0\/#breadcrumb","itemListElement":[{"@type":"ListItem","position":1,"name":"Portada","item":"https:\/\/iha-race.com\/it\/"},{"@type":"ListItem","position":2,"name":"Negozio","item":"https:\/\/iha-race.com\/it\/negozio\/"},{"@type":"ListItem","position":3,"name":"Caricabatterie BetaFPV 1S connettore PH2.0"}]},{"@type":"WebSite","@id":"https:\/\/iha-race.com\/it\/#website","url":"https:\/\/iha-race.com\/it\/","name":"Iha Race","description":"Comprar drones de carreras FPV env\u00edos en un d\u00eda desde Espa\u00f1a","publisher":{"@id":"https:\/\/iha-race.com\/it\/#organization"},"potentialAction":[{"@type":"SearchAction","target":{"@type":"EntryPoint","urlTemplate":"https:\/\/iha-race.com\/it\/?s={search_term_string}"},"query-input":{"@type":"PropertyValueSpecification","valueRequired":true,"valueName":"search_term_string"}}],"inLanguage":"it-IT"},{"@type":"Organization","@id":"https:\/\/iha-race.com\/it\/#organization","name":"Iha Race","url":"https:\/\/iha-race.com\/it\/","logo":{"@type":"ImageObject","inLanguage":"it-IT","@id":"https:\/\/iha-race.com\/it\/#\/schema\/logo\/image\/","url":"https:\/\/iha-race.com\/wp-content\/uploads\/2018\/07\/iha-race-drones-de-carreras-tienda-comprar-drones.png","contentUrl":"https:\/\/iha-race.com\/wp-content\/uploads\/2018\/07\/iha-race-drones-de-carreras-tienda-comprar-drones.png","width":300,"height":100,"caption":"Iha Race"},"image":{"@id":"https:\/\/iha-race.com\/it\/#\/schema\/logo\/image\/"}}]}},"jetpack_sharing_enabled":true,"brands":[],"_links":{"self":[{"href":"https:\/\/iha-race.com\/it\/wp-json\/wp\/v2\/product\/112861","targetHints":{"allow":["GET"]}}],"collection":[{"href":"https:\/\/iha-race.com\/it\/wp-json\/wp\/v2\/product"}],"about":[{"href":"https:\/\/iha-race.com\/it\/wp-json\/wp\/v2\/types\/product"}],"replies":[{"embeddable":true,"href":"https:\/\/iha-race.com\/it\/wp-json\/wp\/v2\/comments?post=112861"}],"version-history":[{"count":2,"href":"https:\/\/iha-race.com\/it\/wp-json\/wp\/v2\/product\/112861\/revisions"}],"predecessor-version":[{"id":249982,"href":"https:\/\/iha-race.com\/it\/wp-json\/wp\/v2\/product\/112861\/revisions\/249982"}],"wp:featuredmedia":[{"embeddable":true,"href":"https:\/\/iha-race.com\/it\/wp-json\/wp\/v2\/media\/96567"}],"wp:attachment":[{"href":"https:\/\/iha-race.com\/it\/wp-json\/wp\/v2\/media?parent=112861"}],"wp:term":[{"taxonomy":"pwb-brand","embeddable":true,"href":"https:\/\/iha-race.com\/it\/wp-json\/wp\/v2\/pwb-brand?post=112861"},{"taxonomy":"product_cat","embeddable":true,"href":"https:\/\/iha-race.com\/it\/wp-json\/wp\/v2\/product_cat?post=112861"},{"taxonomy":"product_tag","embeddable":true,"href":"https:\/\/iha-race.com\/it\/wp-json\/wp\/v2\/product_tag?post=112861"}],"curies":[{"name":"wp","href":"https:\/\/api.w.org\/{rel}","templated":true}]}}