{"id":112844,"date":"2020-02-21T17:13:36","date_gmt":"2020-02-21T16:13:36","guid":{"rendered":"https:\/\/iha-race.com\/producto\/tattu-funfly-series-1550mah-11-1v-100c-3s1p-lipo-con-presa-xt60\/"},"modified":"2024-08-29T16:10:00","modified_gmt":"2024-08-29T14:10:00","slug":"tattu-funfly-series-1550mah-11-1v-100c-3s1p-lipo-con-enchufe-xt60","status":"publish","type":"product","link":"https:\/\/iha-race.com\/it\/prodotto\/tattu-funfly-series-1550mah-11-1v-100c-3s1p-lipo-con-enchufe-xt60\/","title":{"rendered":"Tattu Funfly Series 1550mAh 11.1V 100C 3S1P Lipo con presa XT60"},"content":{"rendered":"<h2>Tattu Funfly Series 1550mAh 11.1V 100C 3S1P Lipo con presa XT60<\/h2>\n<p>&nbsp;<\/p>\n<p><strong>Funfly<\/strong>, il nuovo affascinante membro della famiglia Tattu, appositamente progettato per l&#8217;allenamento quotidiano e il freestyle. Siete stanchi delle pressioni del mondo delle corse? Tutto quello che dovete fare \u00e8 trovare un bel posto tranquillo in un parco locale o in una qualsiasi area aperta per iniziare l&#8217;allenamento. Grazie alle sue prestazioni stabili, potrete concentrarvi su flip, roll e power loop e perfezionare le vostre linee fluide di freestyle. Il divertimento sta volando. D&#8217;ora in poi, non preoccuparti di quello che dicono gli altri, buono o cattivo, positivo o negativo, ma usa i tuoi dispositivi di volo e inizia il tuo freestyle. <strong>La batteria Lipo Tattu Funfly Series 1550mAh 3S 100C<\/strong> \u00e8 stata progettata specificamente per i quadcopter FPV che richiedono elevate velocit\u00e0 di scarica. La batteria Tattu offre la combinazione ideale di potenza e peso. La velocit\u00e0 di scarica di 100C offre un aumento istantaneo dell&#8217;energia durante il volo. Le batterie Tattu forniscono energia affidabile e di alta qualit\u00e0 per il vostro multirotore o aeromobile. Tutte le LiPo Tattu sono imballate con materiale resistente alle vibrazioni e al fuoco e con la nostra scatola di batterie deluxe. Assicuratevi che la batteria sia in perfette condizioni. Un processo automatico e un processo di abbinamento delle celle della batteria nel sistema informatico garantiscono la stabilit\u00e0 e la qualit\u00e0 delle batterie. A differenza della serie originale Gens Ace, TATTU \u00e8 specializzato per il mercato degli UAV e UAS, con la sua qualit\u00e0 industriale (dato che Gens Ace \u00e8 basata nell&#8217;area Hobby), il suo motto &#8220;less is more&#8221;, &#8220;more&#8221; significa pi\u00f9 tempo di volo, pi\u00f9 divertimento e pi\u00f9 soddisfazione, e &#8220;less&#8221; significa meno peso, design semplice. Tattu sviluppa sempre i suoi prodotti seguendo queste due indicazioni, che ti permettono di ottenere una batteria di alta qualit\u00e0.  <\/p>\n<h3><strong>Batteria Lipo Tattu Funfly Series 1550mAh 3S 100C Specifiche:<\/strong><\/h3>\n<p>  &#8211; Capacit\u00e0: 1550mAh &#8211; Tensione: 11.1V \/ 3S &#8211; Velocit\u00e0 di scarica: 100C &#8211; Peso (\u00b1 10g): 140g &#8211; Dimensioni (\u00b1 5): 73 * 36 * 28 mm<\/p>\n","protected":false},"excerpt":{"rendered":"<p>Tattu Funfly Series 1550mAh 11.1V 100C 3S1P Lipo con presa XT60 &nbsp; Funfly, il nuovo affascinante membro della famiglia Tattu, appositamente progettato per l&#8217;allenamento quotidiano e il freestyle. Siete stanchi<\/p>\n","protected":false},"featured_media":85226,"comment_status":"open","ping_status":"closed","template":"","meta":{"_joinchat":[]},"pwb-brand":[],"product_cat":[1065,1091],"product_tag":[],"class_list":{"0":"post-112844","1":"product","2":"type-product","3":"status-publish","4":"has-post-thumbnail","6":"product_cat-batterie-fpv","7":"product_cat-s3-it","9":"first","10":"instock","11":"taxable","12":"shipping-taxable","13":"purchasable","14":"product-type-simple"},"barcode":null,"atum_controlled":true,"out_stock_date":null,"out_stock_threshold":null,"inheritable":false,"stock_on_hold":0,"sold_today":0,"sales_last_days":0,"out_stock_days":0,"lost_sales":0,"update_date":"2026-04-16T07:36:39","atum_locations":[],"atum_stock_status":"instock","restock_status":false,"low_stock_amount":"","sales_update_date":"2026-04-16T07:36:39","calc_backorders":null,"yoast_head":"<!-- This site is optimized with the Yoast SEO plugin v27.3 - https:\/\/yoast.com\/product\/yoast-seo-wordpress\/ -->\n<title>Tattu Funfly Series 1550mAh 11.1V 100C 3S1P Lipo con presa XT60 - Iha Race<\/title>\n<meta name=\"robots\" content=\"index, follow, max-snippet:-1, max-image-preview:large, max-video-preview:-1\" \/>\n<link rel=\"canonical\" href=\"https:\/\/iha-race.com\/it\/prodotto\/tattu-funfly-series-1550mah-11-1v-100c-3s1p-lipo-con-enchufe-xt60\/\" \/>\n<meta property=\"og:locale\" content=\"it_IT\" \/>\n<meta property=\"og:type\" content=\"article\" \/>\n<meta property=\"og:title\" content=\"Tattu Funfly Series 1550mAh 11.1V 100C 3S1P Lipo con presa XT60 - Iha Race\" \/>\n<meta property=\"og:description\" content=\"Tattu Funfly Series 1550mAh 11.1V 100C 3S1P Lipo con presa XT60 &nbsp; Funfly, il nuovo affascinante membro della famiglia Tattu, appositamente progettato per l&#8217;allenamento quotidiano e il freestyle. Siete stanchi\" \/>\n<meta property=\"og:url\" content=\"https:\/\/iha-race.com\/it\/prodotto\/tattu-funfly-series-1550mah-11-1v-100c-3s1p-lipo-con-enchufe-xt60\/\" \/>\n<meta property=\"og:site_name\" content=\"Iha Race\" \/>\n<meta property=\"article:modified_time\" content=\"2024-08-29T14:10:00+00:00\" \/>\n<meta property=\"og:image\" content=\"https:\/\/iha-race.com\/wp-content\/uploads\/2020\/02\/5_152.jpg\" \/>\n\t<meta property=\"og:image:width\" content=\"800\" \/>\n\t<meta property=\"og:image:height\" content=\"800\" \/>\n\t<meta property=\"og:image:type\" content=\"image\/jpeg\" \/>\n<meta name=\"twitter:card\" content=\"summary_large_image\" \/>\n<meta name=\"twitter:label1\" content=\"Tempo di lettura stimato\" \/>\n\t<meta name=\"twitter:data1\" content=\"2 minuti\" \/>\n<script type=\"application\/ld+json\" class=\"yoast-schema-graph\">{\"@context\":\"https:\\\/\\\/schema.org\",\"@graph\":[{\"@type\":\"WebPage\",\"@id\":\"https:\\\/\\\/iha-race.com\\\/it\\\/prodotto\\\/tattu-funfly-series-1550mah-11-1v-100c-3s1p-lipo-con-enchufe-xt60\\\/\",\"url\":\"https:\\\/\\\/iha-race.com\\\/it\\\/prodotto\\\/tattu-funfly-series-1550mah-11-1v-100c-3s1p-lipo-con-enchufe-xt60\\\/\",\"name\":\"Tattu Funfly Series 1550mAh 11.1V 100C 3S1P Lipo con presa XT60 - Iha Race\",\"isPartOf\":{\"@id\":\"https:\\\/\\\/iha-race.com\\\/it\\\/#website\"},\"primaryImageOfPage\":{\"@id\":\"https:\\\/\\\/iha-race.com\\\/it\\\/prodotto\\\/tattu-funfly-series-1550mah-11-1v-100c-3s1p-lipo-con-enchufe-xt60\\\/#primaryimage\"},\"image\":{\"@id\":\"https:\\\/\\\/iha-race.com\\\/it\\\/prodotto\\\/tattu-funfly-series-1550mah-11-1v-100c-3s1p-lipo-con-enchufe-xt60\\\/#primaryimage\"},\"thumbnailUrl\":\"https:\\\/\\\/iha-race.com\\\/wp-content\\\/uploads\\\/2020\\\/02\\\/5_152.jpg\",\"datePublished\":\"2020-02-21T16:13:36+00:00\",\"dateModified\":\"2024-08-29T14:10:00+00:00\",\"breadcrumb\":{\"@id\":\"https:\\\/\\\/iha-race.com\\\/it\\\/prodotto\\\/tattu-funfly-series-1550mah-11-1v-100c-3s1p-lipo-con-enchufe-xt60\\\/#breadcrumb\"},\"inLanguage\":\"it-IT\",\"potentialAction\":[{\"@type\":\"ReadAction\",\"target\":[\"https:\\\/\\\/iha-race.com\\\/it\\\/prodotto\\\/tattu-funfly-series-1550mah-11-1v-100c-3s1p-lipo-con-enchufe-xt60\\\/\"]}]},{\"@type\":\"ImageObject\",\"inLanguage\":\"it-IT\",\"@id\":\"https:\\\/\\\/iha-race.com\\\/it\\\/prodotto\\\/tattu-funfly-series-1550mah-11-1v-100c-3s1p-lipo-con-enchufe-xt60\\\/#primaryimage\",\"url\":\"https:\\\/\\\/iha-race.com\\\/wp-content\\\/uploads\\\/2020\\\/02\\\/5_152.jpg\",\"contentUrl\":\"https:\\\/\\\/iha-race.com\\\/wp-content\\\/uploads\\\/2020\\\/02\\\/5_152.jpg\",\"width\":800,\"height\":800,\"caption\":\"Serie Tattu Funfly 1550mAh 11.1V 100C 3S1P\"},{\"@type\":\"BreadcrumbList\",\"@id\":\"https:\\\/\\\/iha-race.com\\\/it\\\/prodotto\\\/tattu-funfly-series-1550mah-11-1v-100c-3s1p-lipo-con-enchufe-xt60\\\/#breadcrumb\",\"itemListElement\":[{\"@type\":\"ListItem\",\"position\":1,\"name\":\"Portada\",\"item\":\"https:\\\/\\\/iha-race.com\\\/it\\\/\"},{\"@type\":\"ListItem\",\"position\":2,\"name\":\"Negozio\",\"item\":\"https:\\\/\\\/iha-race.com\\\/it\\\/negozio\\\/\"},{\"@type\":\"ListItem\",\"position\":3,\"name\":\"Tattu Funfly Series 1550mAh 11.1V 100C 3S1P Lipo con presa XT60\"}]},{\"@type\":\"WebSite\",\"@id\":\"https:\\\/\\\/iha-race.com\\\/it\\\/#website\",\"url\":\"https:\\\/\\\/iha-race.com\\\/it\\\/\",\"name\":\"Iha Race\",\"description\":\"Comprar drones de carreras FPV env\u00edos en un d\u00eda desde Espa\u00f1a\",\"publisher\":{\"@id\":\"https:\\\/\\\/iha-race.com\\\/it\\\/#organization\"},\"potentialAction\":[{\"@type\":\"SearchAction\",\"target\":{\"@type\":\"EntryPoint\",\"urlTemplate\":\"https:\\\/\\\/iha-race.com\\\/it\\\/?s={search_term_string}\"},\"query-input\":{\"@type\":\"PropertyValueSpecification\",\"valueRequired\":true,\"valueName\":\"search_term_string\"}}],\"inLanguage\":\"it-IT\"},{\"@type\":\"Organization\",\"@id\":\"https:\\\/\\\/iha-race.com\\\/it\\\/#organization\",\"name\":\"Iha Race\",\"url\":\"https:\\\/\\\/iha-race.com\\\/it\\\/\",\"logo\":{\"@type\":\"ImageObject\",\"inLanguage\":\"it-IT\",\"@id\":\"https:\\\/\\\/iha-race.com\\\/it\\\/#\\\/schema\\\/logo\\\/image\\\/\",\"url\":\"https:\\\/\\\/iha-race.com\\\/wp-content\\\/uploads\\\/2018\\\/07\\\/iha-race-drones-de-carreras-tienda-comprar-drones.png\",\"contentUrl\":\"https:\\\/\\\/iha-race.com\\\/wp-content\\\/uploads\\\/2018\\\/07\\\/iha-race-drones-de-carreras-tienda-comprar-drones.png\",\"width\":300,\"height\":100,\"caption\":\"Iha Race\"},\"image\":{\"@id\":\"https:\\\/\\\/iha-race.com\\\/it\\\/#\\\/schema\\\/logo\\\/image\\\/\"}}]}<\/script>\n<!-- \/ Yoast SEO plugin. -->","yoast_head_json":{"title":"Tattu Funfly Series 1550mAh 11.1V 100C 3S1P Lipo con presa XT60 - Iha Race","robots":{"index":"index","follow":"follow","max-snippet":"max-snippet:-1","max-image-preview":"max-image-preview:large","max-video-preview":"max-video-preview:-1"},"canonical":"https:\/\/iha-race.com\/it\/prodotto\/tattu-funfly-series-1550mah-11-1v-100c-3s1p-lipo-con-enchufe-xt60\/","og_locale":"it_IT","og_type":"article","og_title":"Tattu Funfly Series 1550mAh 11.1V 100C 3S1P Lipo con presa XT60 - Iha Race","og_description":"Tattu Funfly Series 1550mAh 11.1V 100C 3S1P Lipo con presa XT60 &nbsp; Funfly, il nuovo affascinante membro della famiglia Tattu, appositamente progettato per l&#8217;allenamento quotidiano e il freestyle. Siete stanchi","og_url":"https:\/\/iha-race.com\/it\/prodotto\/tattu-funfly-series-1550mah-11-1v-100c-3s1p-lipo-con-enchufe-xt60\/","og_site_name":"Iha Race","article_modified_time":"2024-08-29T14:10:00+00:00","og_image":[{"width":800,"height":800,"url":"https:\/\/iha-race.com\/wp-content\/uploads\/2020\/02\/5_152.jpg","type":"image\/jpeg"}],"twitter_card":"summary_large_image","twitter_misc":{"Tempo di lettura stimato":"2 minuti"},"schema":{"@context":"https:\/\/schema.org","@graph":[{"@type":"WebPage","@id":"https:\/\/iha-race.com\/it\/prodotto\/tattu-funfly-series-1550mah-11-1v-100c-3s1p-lipo-con-enchufe-xt60\/","url":"https:\/\/iha-race.com\/it\/prodotto\/tattu-funfly-series-1550mah-11-1v-100c-3s1p-lipo-con-enchufe-xt60\/","name":"Tattu Funfly Series 1550mAh 11.1V 100C 3S1P Lipo con presa XT60 - Iha Race","isPartOf":{"@id":"https:\/\/iha-race.com\/it\/#website"},"primaryImageOfPage":{"@id":"https:\/\/iha-race.com\/it\/prodotto\/tattu-funfly-series-1550mah-11-1v-100c-3s1p-lipo-con-enchufe-xt60\/#primaryimage"},"image":{"@id":"https:\/\/iha-race.com\/it\/prodotto\/tattu-funfly-series-1550mah-11-1v-100c-3s1p-lipo-con-enchufe-xt60\/#primaryimage"},"thumbnailUrl":"https:\/\/iha-race.com\/wp-content\/uploads\/2020\/02\/5_152.jpg","datePublished":"2020-02-21T16:13:36+00:00","dateModified":"2024-08-29T14:10:00+00:00","breadcrumb":{"@id":"https:\/\/iha-race.com\/it\/prodotto\/tattu-funfly-series-1550mah-11-1v-100c-3s1p-lipo-con-enchufe-xt60\/#breadcrumb"},"inLanguage":"it-IT","potentialAction":[{"@type":"ReadAction","target":["https:\/\/iha-race.com\/it\/prodotto\/tattu-funfly-series-1550mah-11-1v-100c-3s1p-lipo-con-enchufe-xt60\/"]}]},{"@type":"ImageObject","inLanguage":"it-IT","@id":"https:\/\/iha-race.com\/it\/prodotto\/tattu-funfly-series-1550mah-11-1v-100c-3s1p-lipo-con-enchufe-xt60\/#primaryimage","url":"https:\/\/iha-race.com\/wp-content\/uploads\/2020\/02\/5_152.jpg","contentUrl":"https:\/\/iha-race.com\/wp-content\/uploads\/2020\/02\/5_152.jpg","width":800,"height":800,"caption":"Serie Tattu Funfly 1550mAh 11.1V 100C 3S1P"},{"@type":"BreadcrumbList","@id":"https:\/\/iha-race.com\/it\/prodotto\/tattu-funfly-series-1550mah-11-1v-100c-3s1p-lipo-con-enchufe-xt60\/#breadcrumb","itemListElement":[{"@type":"ListItem","position":1,"name":"Portada","item":"https:\/\/iha-race.com\/it\/"},{"@type":"ListItem","position":2,"name":"Negozio","item":"https:\/\/iha-race.com\/it\/negozio\/"},{"@type":"ListItem","position":3,"name":"Tattu Funfly Series 1550mAh 11.1V 100C 3S1P Lipo con presa XT60"}]},{"@type":"WebSite","@id":"https:\/\/iha-race.com\/it\/#website","url":"https:\/\/iha-race.com\/it\/","name":"Iha Race","description":"Comprar drones de carreras FPV env\u00edos en un d\u00eda desde Espa\u00f1a","publisher":{"@id":"https:\/\/iha-race.com\/it\/#organization"},"potentialAction":[{"@type":"SearchAction","target":{"@type":"EntryPoint","urlTemplate":"https:\/\/iha-race.com\/it\/?s={search_term_string}"},"query-input":{"@type":"PropertyValueSpecification","valueRequired":true,"valueName":"search_term_string"}}],"inLanguage":"it-IT"},{"@type":"Organization","@id":"https:\/\/iha-race.com\/it\/#organization","name":"Iha Race","url":"https:\/\/iha-race.com\/it\/","logo":{"@type":"ImageObject","inLanguage":"it-IT","@id":"https:\/\/iha-race.com\/it\/#\/schema\/logo\/image\/","url":"https:\/\/iha-race.com\/wp-content\/uploads\/2018\/07\/iha-race-drones-de-carreras-tienda-comprar-drones.png","contentUrl":"https:\/\/iha-race.com\/wp-content\/uploads\/2018\/07\/iha-race-drones-de-carreras-tienda-comprar-drones.png","width":300,"height":100,"caption":"Iha Race"},"image":{"@id":"https:\/\/iha-race.com\/it\/#\/schema\/logo\/image\/"}}]}},"brands":[],"_links":{"self":[{"href":"https:\/\/iha-race.com\/it\/wp-json\/wp\/v2\/product\/112844","targetHints":{"allow":["GET"]}}],"collection":[{"href":"https:\/\/iha-race.com\/it\/wp-json\/wp\/v2\/product"}],"about":[{"href":"https:\/\/iha-race.com\/it\/wp-json\/wp\/v2\/types\/product"}],"replies":[{"embeddable":true,"href":"https:\/\/iha-race.com\/it\/wp-json\/wp\/v2\/comments?post=112844"}],"version-history":[{"count":2,"href":"https:\/\/iha-race.com\/it\/wp-json\/wp\/v2\/product\/112844\/revisions"}],"predecessor-version":[{"id":250007,"href":"https:\/\/iha-race.com\/it\/wp-json\/wp\/v2\/product\/112844\/revisions\/250007"}],"wp:featuredmedia":[{"embeddable":true,"href":"https:\/\/iha-race.com\/it\/wp-json\/wp\/v2\/media\/85226"}],"wp:attachment":[{"href":"https:\/\/iha-race.com\/it\/wp-json\/wp\/v2\/media?parent=112844"}],"wp:term":[{"taxonomy":"pwb-brand","embeddable":true,"href":"https:\/\/iha-race.com\/it\/wp-json\/wp\/v2\/pwb-brand?post=112844"},{"taxonomy":"product_cat","embeddable":true,"href":"https:\/\/iha-race.com\/it\/wp-json\/wp\/v2\/product_cat?post=112844"},{"taxonomy":"product_tag","embeddable":true,"href":"https:\/\/iha-race.com\/it\/wp-json\/wp\/v2\/product_tag?post=112844"}],"curies":[{"name":"wp","href":"https:\/\/api.w.org\/{rel}","templated":true}]}}