{"id":112831,"date":"2020-01-30T10:40:46","date_gmt":"2020-01-30T09:40:46","guid":{"rendered":"https:\/\/iha-race.com\/producto\/antenna-lumenier-dual-axii-2-a-lunga-portata-da-58-ghz-rhcp-lhcp\/"},"modified":"2024-08-29T16:11:19","modified_gmt":"2024-08-29T14:11:19","slug":"antenna-lumenier-doppio-assi-2-lungo-raggio-58-ghz-rhcp-lhcp","status":"publish","type":"product","link":"https:\/\/iha-race.com\/it\/prodotto\/antenna-lumenier-doppio-assi-2-lungo-raggio-58-ghz-rhcp-lhcp\/","title":{"rendered":"Antenna Lumenier Dual AXII 2 a lunga portata da 5,8 GHz (RHCP\/LHCP)"},"content":{"rendered":"<h2>Antenna Lumenier Dual AXII 2 a lunga portata da 5,8 GHz (RHCP\/LHCP)<\/h2>\n<p>  La Lumenier AXII 2 \u00e8 nota per essere la linea di antenne FPV pi\u00f9 versatile e performante attualmente disponibile. Lumenier \u00e8 riuscita a migliorare il meglio e a renderlo ancora migliore con la nuova ed esclusiva antenna Double AXII 2!  <\/p>\n<h3>Doppio guadagno = maggiore portata<\/h3>\n<p>  Una delle caratteristiche pi\u00f9 importanti dell&#8217;antenna Double AXII \u00e8 la combinazione unica di due elementi d&#8217;antenna in un&#8217;unica rete d&#8217;antenna ad alto guadagno. Grazie alla produzione di precisione e alla messa a punto, ogni Double AXII \u00e8 in grado di raddoppiare efficacemente il guadagno di un&#8217;antenna standard 2.2 AXII 2 fino a raggiungere l&#8217;incredibile valore di 4,7 dBiC! Questo significa che puoi volare pi\u00f9 lontano o dietro a pi\u00f9 oggetti e avere comunque un segnale video FPV chiaro.  <\/p>\n<h3>Alto guadagno + omnidirezionale<\/h3>\n<p>  Le antenne ad alto guadagno non sono una novit\u00e0. Si possono trovare molte antenne patch, elicoidali e a croce che offrono un guadagno elevato, ma lo svantaggio \u00e8 che sono estremamente direzionali. Ci\u00f2 significa che funzionano bene solo nella direzione in cui sono rivolti. L&#8217;antenna Double AXII 2 \u00e8 omnidirezionale, cio\u00e8 funziona a 360 gradi intorno a voi. Pu\u00f2 volare davanti, dietro o di lato e avere la stessa ottima ricezione. Non importa dove punti, avrai un ottimo segnale intorno a te!  <\/p>\n<h3>Meglio per la ricezione o la trasmissione?<\/h3>\n<p>  L&#8217;antenna Lumenier Double AXII 2 pu\u00f2 funzionare sia in ricezione che in trasmissione, tuttavia, a causa della natura del diagramma di radiazione, nella maggior parte dei casi \u00e8 pi\u00f9 adatta come antenna ricevente. Il guadagno pi\u00f9 elevato offre una portata molto pi\u00f9 lunga con uno schema di radiazione a &#8220;ciambella&#8221;, ma presenta alcune interruzioni direttamente sopra\/sotto l&#8217;antenna e alcune piccole interruzioni intorno alle aree di 50 gradi. Come antenna ricevente, se la Double AXII 2 \u00e8 orientata verticalmente, avrete un segnale eccellente intorno a voi in un campo visivo di 32 gradi. Si pu\u00f2 fare lo stesso posizionando l&#8217;antenna sul trasmettitore dell&#8217;aereo, ma durante il volo, se si inclina o si inclina troppo, si pu\u00f2 incorrere nelle aree nulle dell&#8217;antenna. Per questo motivo, in genere, \u00e8 meglio utilizzarla come antenna ricevente. Ma non lasciate che vi impediamo di essere creativi! Avete bisogno di un&#8217;antenna sul vostro aereo per una missione a lungo raggio? Questa potrebbe essere la soluzione perfetta per te.  <img decoding=\"async\" src=\"https:\/\/cdn.getfpv.com\/media\/wysiwyg\/lumenier\/Lumenier-Double-AXII-Antenna-desc-image.jpg\" alt=\"Antenna doppia AXII 2\"><\/p>\n<h3>Caratteristiche migliorate rispetto all&#8217;AXII V1 standard<\/h3>\n<ul>\n<li>Portata notevolmente migliorata con un guadagno maggiore (guadagno di 4,7 dBiC)<\/li>\n<li>Larghezza di banda pi\u00f9 ampia (5,3-6,2GHz)<\/li>\n<li>Segnale pi\u00f9 pulito e migliore reiezione delle interferenze<\/li>\n<li>Pi\u00f9 durevole: involucro stampato a iniezione migliorato<\/li>\n<li>Rapporto assiale praticamente perfetto<\/li>\n<\/ul>\n<p>  L&#8217;ingegneria di precisione ha conferito a quest&#8217;antenna un rapporto assiale praticamente perfetto di 1,0 che si traduce in una vera circolarit\u00e0. Inoltre, il Double AXII 2 ha un incredibile guadagno massimo di 4,7dBiC, un vero miglioramento rispetto all&#8217;AXII originale.  <\/p>\n<h3>Super resistente<\/h3>\n<p>  Le antenne subiscono molti maltrattamenti, soprattutto quando sono posizionate su un quad. Il robusto alloggiamento dell&#8217;antenna dell&#8217;AXII 2 \u00e8 realizzato in un nuovo policarbonato stampato a iniezione ed \u00e8 sigillato con saldatura a ultrasuoni. Questo ha migliorato notevolmente la durata dell&#8217;alloggiamento dell&#8217;AXII. Il cavo semirigido RG402, lungo 120 mm, consente una libert\u00e0 di 90 o pi\u00f9 gradi. La connessione SMA \u00e8 rinforzata da un collare metallico crimpato alla base per un ulteriore supporto.  <em>Nota: durante l&#8217;installazione, fissare l&#8217;antenna con il connettore SMA, senza ruotare il coperchio.<\/em><\/p>\n<p><strong>Funziona benissimo anche con gli occhiali FPV digitali DJI! Assicuratevi di acquistare gli adattatori da RP-SMA a SMA in modo da poter montare correttamente gli occhiali sulla connessione RP-SMA.<\/strong><\/p>\n<h2>Specifiche tecniche<\/h2>\n<ul>\n<li><strong>Guadagno:<\/strong> 4,7 dBiC<\/li>\n<li><strong>Rapporto assiale:<\/strong> 1,0 (quasi perfetto)<\/li>\n<li><strong>Larghezza di banda:<\/strong> 5,3GHz-6,2GHz<\/li>\n<li><strong>Efficienza di irradiazione:<\/strong> 98%.<\/li>\n<li><strong>ROE:<\/strong> &lt;= 1,5: 1<\/li>\n<li><strong>Peso:<\/strong> 12 g<\/li>\n<li><strong>Dimensioni:<\/strong> 130 mm x 17,5 mm<\/li>\n<li><strong>Cavo:<\/strong> RG402 semirigido<\/li>\n<li><strong>Connettore:<\/strong> SMA diritto<\/li>\n<\/ul>\n<h2><strong>Polarizzazione<\/strong><\/h2>\n<ul>\n<li>Svolta a destra (RHCP)<\/li>\n<li>Circolazione a sinistra (LHCP)<\/li>\n<\/ul>\n<h2>Il pacchetto comprende<\/h2>\n<ul>\n<li>1 x Antenna Lumenier Double AXII 2 SMA 5,8GHz (RHCP o LHCP)<\/li>\n<\/ul>\n<p><em>Progettato <a href=\"http:\/\/www.truerc.ca\/\" target=\"_blank\" rel=\"noopener\"><img decoding=\"async\" src=\"https:\/\/cdn.getfpv.com\/media\/wysiwyg\/logos\/true-rc-cananda.png\" alt=\"TrueRC del Canada\"><\/a> e prodotto da <a href=\"http:\/\/www.lumenier.com\/\" target=\"_blank\" rel=\"noopener\"><img decoding=\"async\" src=\"https:\/\/cdn.getfpv.com\/media\/wysiwyg\/logos\/lumenier-logo.png\" alt=\"Lumenier\"><\/a> in attesa di brevetto.<\/em><\/p>\n<p>&nbsp;<\/p>\n","protected":false},"excerpt":{"rendered":"<p>La Double AXII 2 prende le parti migliori dell&#8217;antenna AXII 2 originale e raddoppia il guadagno per migliorare la portata e le prestazioni! Si tratta di un&#8217;antenna FPV omnidirezionale a polarizzazione circolare ad alto guadagno in un formato compatto.<\/p>\n","protected":false},"featured_media":107231,"comment_status":"open","ping_status":"closed","template":"","meta":{"_joinchat":[]},"pwb-brand":[],"product_cat":[1180],"product_tag":[],"class_list":{"0":"post-112831","1":"product","2":"type-product","3":"status-publish","4":"has-post-thumbnail","6":"product_cat-antenne-fpv","8":"first","9":"instock","10":"taxable","11":"shipping-taxable","12":"purchasable","13":"product-type-variable"},"barcode":null,"atum_controlled":true,"out_stock_date":"2021-12-06 07:14:34","out_stock_threshold":null,"inheritable":true,"stock_on_hold":0,"sold_today":0,"sales_last_days":1,"out_stock_days":833,"lost_sales":0,"update_date":"2026-02-28T07:13:14","atum_locations":[],"atum_stock_status":"instock","restock_status":false,"low_stock_amount":"","sales_update_date":"2026-02-28T07:13:14","calc_backorders":null,"yoast_head":"<!-- This site is optimized with the Yoast SEO plugin v27.3 - https:\/\/yoast.com\/product\/yoast-seo-wordpress\/ -->\n<title>Antenna Lumenier Dual AXII 2 a lunga portata da 5,8 GHz (RHCP\/LHCP) - Iha Race<\/title>\n<meta name=\"robots\" content=\"index, follow, max-snippet:-1, max-image-preview:large, max-video-preview:-1\" \/>\n<link rel=\"canonical\" href=\"https:\/\/iha-race.com\/it\/prodotto\/antenna-lumenier-doppio-assi-2-lungo-raggio-58-ghz-rhcp-lhcp\/\" \/>\n<meta property=\"og:locale\" content=\"it_IT\" \/>\n<meta property=\"og:type\" content=\"article\" \/>\n<meta property=\"og:title\" content=\"Antenna Lumenier Dual AXII 2 a lunga portata da 5,8 GHz (RHCP\/LHCP) - Iha Race\" \/>\n<meta property=\"og:description\" content=\"La Double AXII 2 prende le parti migliori dell&#039;antenna AXII 2 originale e raddoppia il guadagno per migliorare la portata e le prestazioni! Si tratta di un&#039;antenna FPV omnidirezionale a polarizzazione circolare ad alto guadagno in un formato compatto.\" \/>\n<meta property=\"og:url\" content=\"https:\/\/iha-race.com\/it\/prodotto\/antenna-lumenier-doppio-assi-2-lungo-raggio-58-ghz-rhcp-lhcp\/\" \/>\n<meta property=\"og:site_name\" content=\"Iha Race\" \/>\n<meta property=\"article:modified_time\" content=\"2024-08-29T14:11:19+00:00\" \/>\n<meta property=\"og:image\" content=\"https:\/\/iha-race.com\/wp-content\/uploads\/2020\/01\/Antena-Lumenier-Doble-AXII-2-Long-Range-58-GHz-RHCP-LHCP.jpg\" \/>\n\t<meta property=\"og:image:width\" content=\"1000\" \/>\n\t<meta property=\"og:image:height\" content=\"1000\" \/>\n\t<meta property=\"og:image:type\" content=\"image\/jpeg\" \/>\n<meta name=\"twitter:card\" content=\"summary_large_image\" \/>\n<meta name=\"twitter:label1\" content=\"Tempo di lettura stimato\" \/>\n\t<meta name=\"twitter:data1\" content=\"3 minuti\" \/>\n<script type=\"application\/ld+json\" class=\"yoast-schema-graph\">{\"@context\":\"https:\\\/\\\/schema.org\",\"@graph\":[{\"@type\":\"WebPage\",\"@id\":\"https:\\\/\\\/iha-race.com\\\/it\\\/prodotto\\\/antenna-lumenier-doppio-assi-2-lungo-raggio-58-ghz-rhcp-lhcp\\\/\",\"url\":\"https:\\\/\\\/iha-race.com\\\/it\\\/prodotto\\\/antenna-lumenier-doppio-assi-2-lungo-raggio-58-ghz-rhcp-lhcp\\\/\",\"name\":\"Antenna Lumenier Dual AXII 2 a lunga portata da 5,8 GHz (RHCP\\\/LHCP) - Iha Race\",\"isPartOf\":{\"@id\":\"https:\\\/\\\/iha-race.com\\\/it\\\/#website\"},\"primaryImageOfPage\":{\"@id\":\"https:\\\/\\\/iha-race.com\\\/it\\\/prodotto\\\/antenna-lumenier-doppio-assi-2-lungo-raggio-58-ghz-rhcp-lhcp\\\/#primaryimage\"},\"image\":{\"@id\":\"https:\\\/\\\/iha-race.com\\\/it\\\/prodotto\\\/antenna-lumenier-doppio-assi-2-lungo-raggio-58-ghz-rhcp-lhcp\\\/#primaryimage\"},\"thumbnailUrl\":\"https:\\\/\\\/iha-race.com\\\/wp-content\\\/uploads\\\/2020\\\/01\\\/Antena-Lumenier-Doble-AXII-2-Long-Range-58-GHz-RHCP-LHCP.jpg\",\"datePublished\":\"2020-01-30T09:40:46+00:00\",\"dateModified\":\"2024-08-29T14:11:19+00:00\",\"breadcrumb\":{\"@id\":\"https:\\\/\\\/iha-race.com\\\/it\\\/prodotto\\\/antenna-lumenier-doppio-assi-2-lungo-raggio-58-ghz-rhcp-lhcp\\\/#breadcrumb\"},\"inLanguage\":\"it-IT\",\"potentialAction\":[{\"@type\":\"ReadAction\",\"target\":[\"https:\\\/\\\/iha-race.com\\\/it\\\/prodotto\\\/antenna-lumenier-doppio-assi-2-lungo-raggio-58-ghz-rhcp-lhcp\\\/\"]}]},{\"@type\":\"ImageObject\",\"inLanguage\":\"it-IT\",\"@id\":\"https:\\\/\\\/iha-race.com\\\/it\\\/prodotto\\\/antenna-lumenier-doppio-assi-2-lungo-raggio-58-ghz-rhcp-lhcp\\\/#primaryimage\",\"url\":\"https:\\\/\\\/iha-race.com\\\/wp-content\\\/uploads\\\/2020\\\/01\\\/Antena-Lumenier-Doble-AXII-2-Long-Range-58-GHz-RHCP-LHCP.jpg\",\"contentUrl\":\"https:\\\/\\\/iha-race.com\\\/wp-content\\\/uploads\\\/2020\\\/01\\\/Antena-Lumenier-Doble-AXII-2-Long-Range-58-GHz-RHCP-LHCP.jpg\",\"width\":1000,\"height\":1000,\"caption\":\"acquistare a buon mercato Lumenier Doppia Antenna AXII 2 Long Range 5,8 GHz (RHCP LHCP)\"},{\"@type\":\"BreadcrumbList\",\"@id\":\"https:\\\/\\\/iha-race.com\\\/it\\\/prodotto\\\/antenna-lumenier-doppio-assi-2-lungo-raggio-58-ghz-rhcp-lhcp\\\/#breadcrumb\",\"itemListElement\":[{\"@type\":\"ListItem\",\"position\":1,\"name\":\"Portada\",\"item\":\"https:\\\/\\\/iha-race.com\\\/it\\\/\"},{\"@type\":\"ListItem\",\"position\":2,\"name\":\"Negozio\",\"item\":\"https:\\\/\\\/iha-race.com\\\/it\\\/negozio\\\/\"},{\"@type\":\"ListItem\",\"position\":3,\"name\":\"Antenna Lumenier Dual AXII 2 a lunga portata da 5,8 GHz (RHCP\\\/LHCP)\"}]},{\"@type\":\"WebSite\",\"@id\":\"https:\\\/\\\/iha-race.com\\\/it\\\/#website\",\"url\":\"https:\\\/\\\/iha-race.com\\\/it\\\/\",\"name\":\"Iha Race\",\"description\":\"Comprar drones de carreras FPV env\u00edos en un d\u00eda desde Espa\u00f1a\",\"publisher\":{\"@id\":\"https:\\\/\\\/iha-race.com\\\/it\\\/#organization\"},\"potentialAction\":[{\"@type\":\"SearchAction\",\"target\":{\"@type\":\"EntryPoint\",\"urlTemplate\":\"https:\\\/\\\/iha-race.com\\\/it\\\/?s={search_term_string}\"},\"query-input\":{\"@type\":\"PropertyValueSpecification\",\"valueRequired\":true,\"valueName\":\"search_term_string\"}}],\"inLanguage\":\"it-IT\"},{\"@type\":\"Organization\",\"@id\":\"https:\\\/\\\/iha-race.com\\\/it\\\/#organization\",\"name\":\"Iha Race\",\"url\":\"https:\\\/\\\/iha-race.com\\\/it\\\/\",\"logo\":{\"@type\":\"ImageObject\",\"inLanguage\":\"it-IT\",\"@id\":\"https:\\\/\\\/iha-race.com\\\/it\\\/#\\\/schema\\\/logo\\\/image\\\/\",\"url\":\"https:\\\/\\\/iha-race.com\\\/wp-content\\\/uploads\\\/2018\\\/07\\\/iha-race-drones-de-carreras-tienda-comprar-drones.png\",\"contentUrl\":\"https:\\\/\\\/iha-race.com\\\/wp-content\\\/uploads\\\/2018\\\/07\\\/iha-race-drones-de-carreras-tienda-comprar-drones.png\",\"width\":300,\"height\":100,\"caption\":\"Iha Race\"},\"image\":{\"@id\":\"https:\\\/\\\/iha-race.com\\\/it\\\/#\\\/schema\\\/logo\\\/image\\\/\"}}]}<\/script>\n<!-- \/ Yoast SEO plugin. -->","yoast_head_json":{"title":"Antenna Lumenier Dual AXII 2 a lunga portata da 5,8 GHz (RHCP\/LHCP) - Iha Race","robots":{"index":"index","follow":"follow","max-snippet":"max-snippet:-1","max-image-preview":"max-image-preview:large","max-video-preview":"max-video-preview:-1"},"canonical":"https:\/\/iha-race.com\/it\/prodotto\/antenna-lumenier-doppio-assi-2-lungo-raggio-58-ghz-rhcp-lhcp\/","og_locale":"it_IT","og_type":"article","og_title":"Antenna Lumenier Dual AXII 2 a lunga portata da 5,8 GHz (RHCP\/LHCP) - Iha Race","og_description":"La Double AXII 2 prende le parti migliori dell'antenna AXII 2 originale e raddoppia il guadagno per migliorare la portata e le prestazioni! Si tratta di un'antenna FPV omnidirezionale a polarizzazione circolare ad alto guadagno in un formato compatto.","og_url":"https:\/\/iha-race.com\/it\/prodotto\/antenna-lumenier-doppio-assi-2-lungo-raggio-58-ghz-rhcp-lhcp\/","og_site_name":"Iha Race","article_modified_time":"2024-08-29T14:11:19+00:00","og_image":[{"width":1000,"height":1000,"url":"https:\/\/iha-race.com\/wp-content\/uploads\/2020\/01\/Antena-Lumenier-Doble-AXII-2-Long-Range-58-GHz-RHCP-LHCP.jpg","type":"image\/jpeg"}],"twitter_card":"summary_large_image","twitter_misc":{"Tempo di lettura stimato":"3 minuti"},"schema":{"@context":"https:\/\/schema.org","@graph":[{"@type":"WebPage","@id":"https:\/\/iha-race.com\/it\/prodotto\/antenna-lumenier-doppio-assi-2-lungo-raggio-58-ghz-rhcp-lhcp\/","url":"https:\/\/iha-race.com\/it\/prodotto\/antenna-lumenier-doppio-assi-2-lungo-raggio-58-ghz-rhcp-lhcp\/","name":"Antenna Lumenier Dual AXII 2 a lunga portata da 5,8 GHz (RHCP\/LHCP) - Iha Race","isPartOf":{"@id":"https:\/\/iha-race.com\/it\/#website"},"primaryImageOfPage":{"@id":"https:\/\/iha-race.com\/it\/prodotto\/antenna-lumenier-doppio-assi-2-lungo-raggio-58-ghz-rhcp-lhcp\/#primaryimage"},"image":{"@id":"https:\/\/iha-race.com\/it\/prodotto\/antenna-lumenier-doppio-assi-2-lungo-raggio-58-ghz-rhcp-lhcp\/#primaryimage"},"thumbnailUrl":"https:\/\/iha-race.com\/wp-content\/uploads\/2020\/01\/Antena-Lumenier-Doble-AXII-2-Long-Range-58-GHz-RHCP-LHCP.jpg","datePublished":"2020-01-30T09:40:46+00:00","dateModified":"2024-08-29T14:11:19+00:00","breadcrumb":{"@id":"https:\/\/iha-race.com\/it\/prodotto\/antenna-lumenier-doppio-assi-2-lungo-raggio-58-ghz-rhcp-lhcp\/#breadcrumb"},"inLanguage":"it-IT","potentialAction":[{"@type":"ReadAction","target":["https:\/\/iha-race.com\/it\/prodotto\/antenna-lumenier-doppio-assi-2-lungo-raggio-58-ghz-rhcp-lhcp\/"]}]},{"@type":"ImageObject","inLanguage":"it-IT","@id":"https:\/\/iha-race.com\/it\/prodotto\/antenna-lumenier-doppio-assi-2-lungo-raggio-58-ghz-rhcp-lhcp\/#primaryimage","url":"https:\/\/iha-race.com\/wp-content\/uploads\/2020\/01\/Antena-Lumenier-Doble-AXII-2-Long-Range-58-GHz-RHCP-LHCP.jpg","contentUrl":"https:\/\/iha-race.com\/wp-content\/uploads\/2020\/01\/Antena-Lumenier-Doble-AXII-2-Long-Range-58-GHz-RHCP-LHCP.jpg","width":1000,"height":1000,"caption":"acquistare a buon mercato Lumenier Doppia Antenna AXII 2 Long Range 5,8 GHz (RHCP LHCP)"},{"@type":"BreadcrumbList","@id":"https:\/\/iha-race.com\/it\/prodotto\/antenna-lumenier-doppio-assi-2-lungo-raggio-58-ghz-rhcp-lhcp\/#breadcrumb","itemListElement":[{"@type":"ListItem","position":1,"name":"Portada","item":"https:\/\/iha-race.com\/it\/"},{"@type":"ListItem","position":2,"name":"Negozio","item":"https:\/\/iha-race.com\/it\/negozio\/"},{"@type":"ListItem","position":3,"name":"Antenna Lumenier Dual AXII 2 a lunga portata da 5,8 GHz (RHCP\/LHCP)"}]},{"@type":"WebSite","@id":"https:\/\/iha-race.com\/it\/#website","url":"https:\/\/iha-race.com\/it\/","name":"Iha Race","description":"Comprar drones de carreras FPV env\u00edos en un d\u00eda desde Espa\u00f1a","publisher":{"@id":"https:\/\/iha-race.com\/it\/#organization"},"potentialAction":[{"@type":"SearchAction","target":{"@type":"EntryPoint","urlTemplate":"https:\/\/iha-race.com\/it\/?s={search_term_string}"},"query-input":{"@type":"PropertyValueSpecification","valueRequired":true,"valueName":"search_term_string"}}],"inLanguage":"it-IT"},{"@type":"Organization","@id":"https:\/\/iha-race.com\/it\/#organization","name":"Iha Race","url":"https:\/\/iha-race.com\/it\/","logo":{"@type":"ImageObject","inLanguage":"it-IT","@id":"https:\/\/iha-race.com\/it\/#\/schema\/logo\/image\/","url":"https:\/\/iha-race.com\/wp-content\/uploads\/2018\/07\/iha-race-drones-de-carreras-tienda-comprar-drones.png","contentUrl":"https:\/\/iha-race.com\/wp-content\/uploads\/2018\/07\/iha-race-drones-de-carreras-tienda-comprar-drones.png","width":300,"height":100,"caption":"Iha Race"},"image":{"@id":"https:\/\/iha-race.com\/it\/#\/schema\/logo\/image\/"}}]}},"brands":[],"_links":{"self":[{"href":"https:\/\/iha-race.com\/it\/wp-json\/wp\/v2\/product\/112831","targetHints":{"allow":["GET"]}}],"collection":[{"href":"https:\/\/iha-race.com\/it\/wp-json\/wp\/v2\/product"}],"about":[{"href":"https:\/\/iha-race.com\/it\/wp-json\/wp\/v2\/types\/product"}],"replies":[{"embeddable":true,"href":"https:\/\/iha-race.com\/it\/wp-json\/wp\/v2\/comments?post=112831"}],"version-history":[{"count":2,"href":"https:\/\/iha-race.com\/it\/wp-json\/wp\/v2\/product\/112831\/revisions"}],"predecessor-version":[{"id":250037,"href":"https:\/\/iha-race.com\/it\/wp-json\/wp\/v2\/product\/112831\/revisions\/250037"}],"wp:featuredmedia":[{"embeddable":true,"href":"https:\/\/iha-race.com\/it\/wp-json\/wp\/v2\/media\/107231"}],"wp:attachment":[{"href":"https:\/\/iha-race.com\/it\/wp-json\/wp\/v2\/media?parent=112831"}],"wp:term":[{"taxonomy":"pwb-brand","embeddable":true,"href":"https:\/\/iha-race.com\/it\/wp-json\/wp\/v2\/pwb-brand?post=112831"},{"taxonomy":"product_cat","embeddable":true,"href":"https:\/\/iha-race.com\/it\/wp-json\/wp\/v2\/product_cat?post=112831"},{"taxonomy":"product_tag","embeddable":true,"href":"https:\/\/iha-race.com\/it\/wp-json\/wp\/v2\/product_tag?post=112831"}],"curies":[{"name":"wp","href":"https:\/\/api.w.org\/{rel}","templated":true}]}}