{"id":112790,"date":"2020-01-30T10:55:42","date_gmt":"2020-01-30T09:55:42","guid":{"rendered":"https:\/\/iha-race.com\/producto\/antenna-lumenier-micro-axii-stubby-mmcx-58ghz-rhcp\/"},"modified":"2024-08-29T16:10:35","modified_gmt":"2024-08-29T14:10:35","slug":"antenna-lumenier-micro-axii-stubby-mmcx-5-8ghz-rhcp","status":"publish","type":"product","link":"https:\/\/iha-race.com\/it\/prodotto\/antenna-lumenier-micro-axii-stubby-mmcx-5-8ghz-rhcp\/","title":{"rendered":"Antenna Lumenier Micro AXII Stubby MMCX 5,8GHz (RHCP)"},"content":{"rendered":"<h2>Antenna Lumenier Micro AXII Stubby MMCX 5,8GHz (RHCP)<\/h2>\n<p>  L&#8217;antenna Lumenier Micro AXII Stubby porta le cose al livello successivo (pi\u00f9 piccolo). Lumenier, in collaborazione con il famoso progettista di antenne FPV Hugo de TrueRC, continua a proporre le antenne FPV pi\u00f9 piccole, leggere e performanti del mondo. L&#8217;antenna Micro AXII Stubby \u00e8 un&#8217;ulteriore innovazione della linea Micro AXII. Progettata per essere incredibilmente versatile grazie all&#8217;esclusivo elemento d&#8217;antenna diretto al connettore MMCX, la Micro AXII Stubby \u00e8 leggera (2 g) e di basso profilo, soprattutto per un&#8217;antenna a polarizzazione circolare. Con gli stessi componenti interni del Micro AXII, otterrete prestazioni polarizzate circolari senza compromessi nel vostro quad completo o micro, brushed whoop o cinewhoop. Il bello del Micro AXII Stubby \u00e8 il connettore MMCX. \u00c8 possibile collegare il Micro AXII Stubby direttamente al VTX per ottenere una configurazione d&#8217;antenna incredibilmente compatta. Per una maggiore flessibilit\u00e0 nel posizionamento dell&#8217;antenna, utilizzare il cavo adattatore MMCX in dotazione per posizionare l&#8217;antenna esattamente dove si desidera. Sebbene il Micro AXII sia piccolo e leggero, non sacrifica le prestazioni. In effetti, supera la maggior parte delle altre antenne in tutte le categorie. L&#8217;ingegneria di precisione ha conferito a quest&#8217;antenna una reiezione incrociata polare quasi perfetta, che si traduce in una vera circolarit\u00e0. Ci\u00f2 significa che un&#8217;antenna RHCP Micro AXII respinge quasi il 100% dei segnali LHCP, offrendo un&#8217;immagine chiara e priva di disturbi da percorsi multipli. Inoltre, il Micro AXII ha un elevato guadagno massimo di 1,6 dBic che consente una migliore portata e penetrazione. Ha un&#8217;ampia larghezza di banda che copre la popolare banda FPV a 5GHz di 5,5GHz-6,0GHz, garantendo un segnale chiaro e forte indipendentemente dalla frequenza su cui ci si trova. Il Micro AXII \u00e8 stato progettato per essere ultraresistente e per resistere alle sollecitazioni dei piloti FPV sulle loro antenne. L&#8217;intero gruppo dell&#8217;antenna \u00e8 protetto in modo sicuro all&#8217;interno dell&#8217;involucro esterno stampato a iniezione. L&#8217;involucro esterno \u00e8 realizzato in policarbonato resistente agli urti ed \u00e8 sigillato per proteggere gli elementi dell&#8217;antenna all&#8217;interno.  &nbsp;<\/p>\n<figure id=\"attachment_84979\" aria-describedby=\"caption-attachment-84979\" style=\"width: 1000px\" class=\"wp-caption aligncenter\"><img fetchpriority=\"high\" decoding=\"async\" class=\"size-full wp-image-45117\" src=\"https:\/\/iha-race.com\/wp-content\/uploads\/2020\/01\/axii-micro-stubby-cat-banner-1.jpg\" alt=\"Antenna Lumenier Micro AXII Stubby MMCX 5,8GHz (RHCP)\" width=\"1000\" height=\"300\" srcset=\"https:\/\/iha-race.com\/wp-content\/uploads\/2020\/01\/axii-micro-stubby-cat-banner-1.jpg 1000w, https:\/\/iha-race.com\/wp-content\/uploads\/2020\/01\/axii-micro-stubby-cat-banner-1-600x180.jpg 600w, https:\/\/iha-race.com\/wp-content\/uploads\/2020\/01\/axii-micro-stubby-cat-banner-1-300x90.jpg 300w, https:\/\/iha-race.com\/wp-content\/uploads\/2020\/01\/axii-micro-stubby-cat-banner-1-1024x307.jpg 1024w, https:\/\/iha-race.com\/wp-content\/uploads\/2020\/01\/axii-micro-stubby-cat-banner-1-767x230.jpg 767w, https:\/\/iha-race.com\/wp-content\/uploads\/2020\/01\/axii-micro-stubby-cat-banner-1-1536x461.jpg 1536w, https:\/\/iha-race.com\/wp-content\/uploads\/2020\/01\/axii-micro-stubby-cat-banner-1-2048x614.jpg 2048w, https:\/\/iha-race.com\/wp-content\/uploads\/2020\/01\/axii-micro-stubby-cat-banner-1-788x236.jpg 788w\" sizes=\"(max-width: 1000px) 100vw, 1000px\" \/><figcaption id=\"caption-attachment-84979\" class=\"wp-caption-text\">Antenna Lumenier Micro AXII Stubby MMCX 5.8GHz (RHCP)<\/figcaption><\/figure>\n<p>&nbsp;<\/p>\n<p>&nbsp;<\/p>\n<h2>Specifiche tecniche<\/h2>\n<ul>\n<li><strong>Guadagno:<\/strong> 1,6 db<\/li>\n<li><strong>Reiezione polare trasversale<\/strong>: da -10 a -28 dB (2,4%)<\/li>\n<li><strong>Larghezza di banda:<\/strong> 5,5GHz-6,0GHz<\/li>\n<li><strong>Efficienza di irradiazione:<\/strong> 98%.<\/li>\n<li><strong>SWR:<\/strong> &lt;= 1,5: 1<\/li>\n<li><strong>Peso:<\/strong> 2 g<\/li>\n<li><strong>Dimensioni:<\/strong> 22,1 mm x 13,5 mm<\/li>\n<li><strong>Connettore:<\/strong> MMCX diritto<\/li>\n<li>Compatibile con altri modelli di antenne RHCP a 5,8GHz<\/li>\n<\/ul>\n<h2><strong>Polarizzazione<\/strong><\/h2>\n<ul>\n<li>Circolare a destra (RHCP)<\/li>\n<\/ul>\n<h2>Include<\/h2>\n<ul>\n<li>1 antenna Lumenier Micro AXII Stubby MMCX 5,8GHz (RHCP)<\/li>\n<li>1 cavo adattatore da MMCX femmina a MMCX maschio da 145 mm<\/li>\n<\/ul>\n<p><em>Design <a href=\"http:\/\/www.truerc.ca\/\" target=\"_blank\" rel=\"noopener noreferrer\"><img decoding=\"async\" src=\"https:\/\/cdn.getfpv.com\/media\/wysiwyg\/logos\/true-rc-cananda.png\" alt=\"TrueRC del Canada\"><\/a> e prodotto da <a href=\"http:\/\/www.lumenier.com\/\" target=\"_blank\" rel=\"noopener noreferrer\"><img decoding=\"async\" src=\"https:\/\/cdn.getfpv.com\/media\/wysiwyg\/logos\/lumenier-logo.png\" alt=\"Lumenier\"><\/a> in attesa di brevetto.<\/em><\/p>\n","protected":false},"excerpt":{"rendered":"<p>Antenna Lumenier Micro AXII Stubby MMCX 5,8GHz (RHCP) L&#8217;antenna Lumenier Micro AXII Stubby porta le cose al livello successivo (pi\u00f9 piccolo). Lumenier, in collaborazione con il famoso progettista di antenne<\/p>\n","protected":false},"featured_media":93577,"comment_status":"open","ping_status":"closed","template":"","meta":{"_joinchat":[]},"pwb-brand":[],"product_cat":[1180],"product_tag":[],"class_list":{"0":"post-112790","1":"product","2":"type-product","3":"status-publish","4":"has-post-thumbnail","6":"product_cat-antenne-fpv","8":"first","9":"instock","10":"taxable","11":"shipping-taxable","12":"purchasable","13":"product-type-simple"},"barcode":null,"atum_controlled":true,"out_stock_date":null,"out_stock_threshold":null,"inheritable":false,"stock_on_hold":0,"sold_today":0,"sales_last_days":0,"out_stock_days":0,"lost_sales":0,"update_date":"2026-04-18T19:10:51","atum_locations":[],"atum_stock_status":"instock","restock_status":false,"low_stock_amount":"","sales_update_date":"2026-04-18T19:10:51","calc_backorders":null,"yoast_head":"<!-- This site is optimized with the Yoast SEO plugin v27.3 - https:\/\/yoast.com\/product\/yoast-seo-wordpress\/ -->\n<title>Antenna Lumenier Micro AXII Stubby MMCX 5,8GHz (RHCP) - Iha Race<\/title>\n<meta name=\"robots\" content=\"index, follow, max-snippet:-1, max-image-preview:large, max-video-preview:-1\" \/>\n<link rel=\"canonical\" href=\"https:\/\/iha-race.com\/it\/prodotto\/antenna-lumenier-micro-axii-stubby-mmcx-5-8ghz-rhcp\/\" \/>\n<meta property=\"og:locale\" content=\"it_IT\" \/>\n<meta property=\"og:type\" content=\"article\" \/>\n<meta property=\"og:title\" content=\"Antenna Lumenier Micro AXII Stubby MMCX 5,8GHz (RHCP) - Iha Race\" \/>\n<meta property=\"og:description\" content=\"Antenna Lumenier Micro AXII Stubby MMCX 5,8GHz (RHCP) L&#8217;antenna Lumenier Micro AXII Stubby porta le cose al livello successivo (pi\u00f9 piccolo). Lumenier, in collaborazione con il famoso progettista di antenne\" \/>\n<meta property=\"og:url\" content=\"https:\/\/iha-race.com\/it\/prodotto\/antenna-lumenier-micro-axii-stubby-mmcx-5-8ghz-rhcp\/\" \/>\n<meta property=\"og:site_name\" content=\"Iha Race\" \/>\n<meta property=\"article:modified_time\" content=\"2024-08-29T14:10:35+00:00\" \/>\n<meta property=\"og:image\" content=\"https:\/\/iha-race.com\/wp-content\/uploads\/2020\/01\/Micro-AXII-5.8-S-RHCP-stubby-comprar-1.jpg\" \/>\n\t<meta property=\"og:image:width\" content=\"800\" \/>\n\t<meta property=\"og:image:height\" content=\"800\" \/>\n\t<meta property=\"og:image:type\" content=\"image\/jpeg\" \/>\n<meta name=\"twitter:card\" content=\"summary_large_image\" \/>\n<meta name=\"twitter:label1\" content=\"Tempo di lettura stimato\" \/>\n\t<meta name=\"twitter:data1\" content=\"2 minuti\" \/>\n<script type=\"application\/ld+json\" class=\"yoast-schema-graph\">{\"@context\":\"https:\\\/\\\/schema.org\",\"@graph\":[{\"@type\":\"WebPage\",\"@id\":\"https:\\\/\\\/iha-race.com\\\/it\\\/prodotto\\\/antenna-lumenier-micro-axii-stubby-mmcx-5-8ghz-rhcp\\\/\",\"url\":\"https:\\\/\\\/iha-race.com\\\/it\\\/prodotto\\\/antenna-lumenier-micro-axii-stubby-mmcx-5-8ghz-rhcp\\\/\",\"name\":\"Antenna Lumenier Micro AXII Stubby MMCX 5,8GHz (RHCP) - Iha Race\",\"isPartOf\":{\"@id\":\"https:\\\/\\\/iha-race.com\\\/it\\\/#website\"},\"primaryImageOfPage\":{\"@id\":\"https:\\\/\\\/iha-race.com\\\/it\\\/prodotto\\\/antenna-lumenier-micro-axii-stubby-mmcx-5-8ghz-rhcp\\\/#primaryimage\"},\"image\":{\"@id\":\"https:\\\/\\\/iha-race.com\\\/it\\\/prodotto\\\/antenna-lumenier-micro-axii-stubby-mmcx-5-8ghz-rhcp\\\/#primaryimage\"},\"thumbnailUrl\":\"https:\\\/\\\/iha-race.com\\\/wp-content\\\/uploads\\\/2020\\\/01\\\/Micro-AXII-5.8-S-RHCP-stubby-comprar-1.jpg\",\"datePublished\":\"2020-01-30T09:55:42+00:00\",\"dateModified\":\"2024-08-29T14:10:35+00:00\",\"breadcrumb\":{\"@id\":\"https:\\\/\\\/iha-race.com\\\/it\\\/prodotto\\\/antenna-lumenier-micro-axii-stubby-mmcx-5-8ghz-rhcp\\\/#breadcrumb\"},\"inLanguage\":\"it-IT\",\"potentialAction\":[{\"@type\":\"ReadAction\",\"target\":[\"https:\\\/\\\/iha-race.com\\\/it\\\/prodotto\\\/antenna-lumenier-micro-axii-stubby-mmcx-5-8ghz-rhcp\\\/\"]}]},{\"@type\":\"ImageObject\",\"inLanguage\":\"it-IT\",\"@id\":\"https:\\\/\\\/iha-race.com\\\/it\\\/prodotto\\\/antenna-lumenier-micro-axii-stubby-mmcx-5-8ghz-rhcp\\\/#primaryimage\",\"url\":\"https:\\\/\\\/iha-race.com\\\/wp-content\\\/uploads\\\/2020\\\/01\\\/Micro-AXII-5.8-S-RHCP-stubby-comprar-1.jpg\",\"contentUrl\":\"https:\\\/\\\/iha-race.com\\\/wp-content\\\/uploads\\\/2020\\\/01\\\/Micro-AXII-5.8-S-RHCP-stubby-comprar-1.jpg\",\"width\":800,\"height\":800,\"caption\":\"Micro-AXII-5.8-S-RHCP-stubby-acquistare\"},{\"@type\":\"BreadcrumbList\",\"@id\":\"https:\\\/\\\/iha-race.com\\\/it\\\/prodotto\\\/antenna-lumenier-micro-axii-stubby-mmcx-5-8ghz-rhcp\\\/#breadcrumb\",\"itemListElement\":[{\"@type\":\"ListItem\",\"position\":1,\"name\":\"Portada\",\"item\":\"https:\\\/\\\/iha-race.com\\\/it\\\/\"},{\"@type\":\"ListItem\",\"position\":2,\"name\":\"Negozio\",\"item\":\"https:\\\/\\\/iha-race.com\\\/it\\\/negozio\\\/\"},{\"@type\":\"ListItem\",\"position\":3,\"name\":\"Antenna Lumenier Micro AXII Stubby MMCX 5,8GHz (RHCP)\"}]},{\"@type\":\"WebSite\",\"@id\":\"https:\\\/\\\/iha-race.com\\\/it\\\/#website\",\"url\":\"https:\\\/\\\/iha-race.com\\\/it\\\/\",\"name\":\"Iha Race\",\"description\":\"Comprar drones de carreras FPV env\u00edos en un d\u00eda desde Espa\u00f1a\",\"publisher\":{\"@id\":\"https:\\\/\\\/iha-race.com\\\/it\\\/#organization\"},\"potentialAction\":[{\"@type\":\"SearchAction\",\"target\":{\"@type\":\"EntryPoint\",\"urlTemplate\":\"https:\\\/\\\/iha-race.com\\\/it\\\/?s={search_term_string}\"},\"query-input\":{\"@type\":\"PropertyValueSpecification\",\"valueRequired\":true,\"valueName\":\"search_term_string\"}}],\"inLanguage\":\"it-IT\"},{\"@type\":\"Organization\",\"@id\":\"https:\\\/\\\/iha-race.com\\\/it\\\/#organization\",\"name\":\"Iha Race\",\"url\":\"https:\\\/\\\/iha-race.com\\\/it\\\/\",\"logo\":{\"@type\":\"ImageObject\",\"inLanguage\":\"it-IT\",\"@id\":\"https:\\\/\\\/iha-race.com\\\/it\\\/#\\\/schema\\\/logo\\\/image\\\/\",\"url\":\"https:\\\/\\\/iha-race.com\\\/wp-content\\\/uploads\\\/2018\\\/07\\\/iha-race-drones-de-carreras-tienda-comprar-drones.png\",\"contentUrl\":\"https:\\\/\\\/iha-race.com\\\/wp-content\\\/uploads\\\/2018\\\/07\\\/iha-race-drones-de-carreras-tienda-comprar-drones.png\",\"width\":300,\"height\":100,\"caption\":\"Iha Race\"},\"image\":{\"@id\":\"https:\\\/\\\/iha-race.com\\\/it\\\/#\\\/schema\\\/logo\\\/image\\\/\"}}]}<\/script>\n<!-- \/ Yoast SEO plugin. -->","yoast_head_json":{"title":"Antenna Lumenier Micro AXII Stubby MMCX 5,8GHz (RHCP) - Iha Race","robots":{"index":"index","follow":"follow","max-snippet":"max-snippet:-1","max-image-preview":"max-image-preview:large","max-video-preview":"max-video-preview:-1"},"canonical":"https:\/\/iha-race.com\/it\/prodotto\/antenna-lumenier-micro-axii-stubby-mmcx-5-8ghz-rhcp\/","og_locale":"it_IT","og_type":"article","og_title":"Antenna Lumenier Micro AXII Stubby MMCX 5,8GHz (RHCP) - Iha Race","og_description":"Antenna Lumenier Micro AXII Stubby MMCX 5,8GHz (RHCP) L&#8217;antenna Lumenier Micro AXII Stubby porta le cose al livello successivo (pi\u00f9 piccolo). Lumenier, in collaborazione con il famoso progettista di antenne","og_url":"https:\/\/iha-race.com\/it\/prodotto\/antenna-lumenier-micro-axii-stubby-mmcx-5-8ghz-rhcp\/","og_site_name":"Iha Race","article_modified_time":"2024-08-29T14:10:35+00:00","og_image":[{"width":800,"height":800,"url":"https:\/\/iha-race.com\/wp-content\/uploads\/2020\/01\/Micro-AXII-5.8-S-RHCP-stubby-comprar-1.jpg","type":"image\/jpeg"}],"twitter_card":"summary_large_image","twitter_misc":{"Tempo di lettura stimato":"2 minuti"},"schema":{"@context":"https:\/\/schema.org","@graph":[{"@type":"WebPage","@id":"https:\/\/iha-race.com\/it\/prodotto\/antenna-lumenier-micro-axii-stubby-mmcx-5-8ghz-rhcp\/","url":"https:\/\/iha-race.com\/it\/prodotto\/antenna-lumenier-micro-axii-stubby-mmcx-5-8ghz-rhcp\/","name":"Antenna Lumenier Micro AXII Stubby MMCX 5,8GHz (RHCP) - Iha Race","isPartOf":{"@id":"https:\/\/iha-race.com\/it\/#website"},"primaryImageOfPage":{"@id":"https:\/\/iha-race.com\/it\/prodotto\/antenna-lumenier-micro-axii-stubby-mmcx-5-8ghz-rhcp\/#primaryimage"},"image":{"@id":"https:\/\/iha-race.com\/it\/prodotto\/antenna-lumenier-micro-axii-stubby-mmcx-5-8ghz-rhcp\/#primaryimage"},"thumbnailUrl":"https:\/\/iha-race.com\/wp-content\/uploads\/2020\/01\/Micro-AXII-5.8-S-RHCP-stubby-comprar-1.jpg","datePublished":"2020-01-30T09:55:42+00:00","dateModified":"2024-08-29T14:10:35+00:00","breadcrumb":{"@id":"https:\/\/iha-race.com\/it\/prodotto\/antenna-lumenier-micro-axii-stubby-mmcx-5-8ghz-rhcp\/#breadcrumb"},"inLanguage":"it-IT","potentialAction":[{"@type":"ReadAction","target":["https:\/\/iha-race.com\/it\/prodotto\/antenna-lumenier-micro-axii-stubby-mmcx-5-8ghz-rhcp\/"]}]},{"@type":"ImageObject","inLanguage":"it-IT","@id":"https:\/\/iha-race.com\/it\/prodotto\/antenna-lumenier-micro-axii-stubby-mmcx-5-8ghz-rhcp\/#primaryimage","url":"https:\/\/iha-race.com\/wp-content\/uploads\/2020\/01\/Micro-AXII-5.8-S-RHCP-stubby-comprar-1.jpg","contentUrl":"https:\/\/iha-race.com\/wp-content\/uploads\/2020\/01\/Micro-AXII-5.8-S-RHCP-stubby-comprar-1.jpg","width":800,"height":800,"caption":"Micro-AXII-5.8-S-RHCP-stubby-acquistare"},{"@type":"BreadcrumbList","@id":"https:\/\/iha-race.com\/it\/prodotto\/antenna-lumenier-micro-axii-stubby-mmcx-5-8ghz-rhcp\/#breadcrumb","itemListElement":[{"@type":"ListItem","position":1,"name":"Portada","item":"https:\/\/iha-race.com\/it\/"},{"@type":"ListItem","position":2,"name":"Negozio","item":"https:\/\/iha-race.com\/it\/negozio\/"},{"@type":"ListItem","position":3,"name":"Antenna Lumenier Micro AXII Stubby MMCX 5,8GHz (RHCP)"}]},{"@type":"WebSite","@id":"https:\/\/iha-race.com\/it\/#website","url":"https:\/\/iha-race.com\/it\/","name":"Iha Race","description":"Comprar drones de carreras FPV env\u00edos en un d\u00eda desde Espa\u00f1a","publisher":{"@id":"https:\/\/iha-race.com\/it\/#organization"},"potentialAction":[{"@type":"SearchAction","target":{"@type":"EntryPoint","urlTemplate":"https:\/\/iha-race.com\/it\/?s={search_term_string}"},"query-input":{"@type":"PropertyValueSpecification","valueRequired":true,"valueName":"search_term_string"}}],"inLanguage":"it-IT"},{"@type":"Organization","@id":"https:\/\/iha-race.com\/it\/#organization","name":"Iha Race","url":"https:\/\/iha-race.com\/it\/","logo":{"@type":"ImageObject","inLanguage":"it-IT","@id":"https:\/\/iha-race.com\/it\/#\/schema\/logo\/image\/","url":"https:\/\/iha-race.com\/wp-content\/uploads\/2018\/07\/iha-race-drones-de-carreras-tienda-comprar-drones.png","contentUrl":"https:\/\/iha-race.com\/wp-content\/uploads\/2018\/07\/iha-race-drones-de-carreras-tienda-comprar-drones.png","width":300,"height":100,"caption":"Iha Race"},"image":{"@id":"https:\/\/iha-race.com\/it\/#\/schema\/logo\/image\/"}}]}},"jetpack_sharing_enabled":true,"brands":[],"_links":{"self":[{"href":"https:\/\/iha-race.com\/it\/wp-json\/wp\/v2\/product\/112790","targetHints":{"allow":["GET"]}}],"collection":[{"href":"https:\/\/iha-race.com\/it\/wp-json\/wp\/v2\/product"}],"about":[{"href":"https:\/\/iha-race.com\/it\/wp-json\/wp\/v2\/types\/product"}],"replies":[{"embeddable":true,"href":"https:\/\/iha-race.com\/it\/wp-json\/wp\/v2\/comments?post=112790"}],"version-history":[{"count":1,"href":"https:\/\/iha-race.com\/it\/wp-json\/wp\/v2\/product\/112790\/revisions"}],"predecessor-version":[{"id":250017,"href":"https:\/\/iha-race.com\/it\/wp-json\/wp\/v2\/product\/112790\/revisions\/250017"}],"wp:featuredmedia":[{"embeddable":true,"href":"https:\/\/iha-race.com\/it\/wp-json\/wp\/v2\/media\/93577"}],"wp:attachment":[{"href":"https:\/\/iha-race.com\/it\/wp-json\/wp\/v2\/media?parent=112790"}],"wp:term":[{"taxonomy":"pwb-brand","embeddable":true,"href":"https:\/\/iha-race.com\/it\/wp-json\/wp\/v2\/pwb-brand?post=112790"},{"taxonomy":"product_cat","embeddable":true,"href":"https:\/\/iha-race.com\/it\/wp-json\/wp\/v2\/product_cat?post=112790"},{"taxonomy":"product_tag","embeddable":true,"href":"https:\/\/iha-race.com\/it\/wp-json\/wp\/v2\/product_tag?post=112790"}],"curies":[{"name":"wp","href":"https:\/\/api.w.org\/{rel}","templated":true}]}}