{"id":112771,"date":"2020-01-16T16:04:42","date_gmt":"2020-01-16T15:04:42","guid":{"rendered":"https:\/\/iha-race.com\/producto\/cicalino-senza-fili-stand-alone-vifly-beacon\/"},"modified":"2024-08-29T16:11:38","modified_gmt":"2024-08-29T14:11:38","slug":"vifly-beacon-autonomo-buzzer-wireless-2","status":"publish","type":"product","link":"https:\/\/iha-race.com\/it\/prodotto\/vifly-beacon-autonomo-buzzer-wireless-2\/","title":{"rendered":"Cicalino wireless autonomo VIFLY Beacon V1.2"},"content":{"rendered":"<h2>Cicalino wireless autonomo VIFLY Beacon V1.2<\/h2>\n<h2><strong>Caratteristiche<\/strong><\/h2>\n<h3><strong><span class=\"a-text-bold\">Sensore di movimento allarme drone smarrito<\/span><\/strong><\/h3>\n<p>  Alcuni droni, come i modelli DJI, sono dotati di GPS che fornisce solo la posizione preliminare; con l&#8217;aiuto del suono, puoi ritrovare il tuo drone smarrito con precisione. Grazie al sensore di movimento e alla batteria lipo integrati, VIFLY Beacon \u00e8 in grado di rilevare automaticamente l&#8217;incidente del drone e di emettere un allarme per aiutarti a localizzare il drone smarrito.  <\/p>\n<h3><strong><span class=\"a-text-bold\">Senza fili, senza bisogno di saldature<\/span><\/strong><\/h3>\n<p>  Il meccanismo del VIFLY Beacon si basa sul sensore di movimento: collegalo in qualsiasi punto del drone per rilevare il movimento, senza fili o saldature.  <\/p>\n<h3><strong><span class=\"a-text-bold\">Suono forte e LED luminoso<\/span><\/strong><\/h3>\n<p>  Per ritrovare facilmente il drone smarrito da una lunga distanza, il VIFLY Beacon \u00e8 installato con un segnale acustico molto forte che supera i 100 dB. Inoltre, il LED del VIFLY Beacon pu\u00f2 lampeggiare automaticamente quando il sensore di luce integrato rileva l&#8217;oscurit\u00e0 della luce.  <\/p>\n<h3><strong><span class=\"a-text-bold\">Posizione della luce di notte<\/span><\/strong><\/h3>\n<p>  La luce LED del VIFLY Beacon pu\u00f2 lampeggiare automaticamente di notte per rendere visibile il drone quando il sensore di luce integrato rileva l&#8217;oscurit\u00e0.  &nbsp;<\/p>\n<h2><strong>Specifiche<\/strong><\/h2>\n<div class=\"rte__table-wrapper\">\n<table width=\"100%\">\n<tbody>\n<tr>\n<td>Dimensioni (lunghezza x larghezza x altezza)<\/td>\n<td>25x14x15mm<\/td>\n<\/tr>\n<tr>\n<td>Peso<\/td>\n<td>6 grammi<\/td>\n<\/tr>\n<tr>\n<td>Volume<\/td>\n<td>Fino a 105dB<\/td>\n<\/tr>\n<tr>\n<td>Tempo di lavoro<\/td>\n<td>Fino a 30 ore<\/td>\n<\/tr>\n<tr>\n<td>Tempo di ricarica<\/td>\n<td>1,5 ore<\/td>\n<\/tr>\n<tr>\n<td>Batteria<\/td>\n<td>Batteria Li-Po da 80 mAh<\/td>\n<\/tr>\n<tr>\n<td>Tensione di ingresso<\/td>\n<td>4,5 &#8211; 5,5 V<\/td>\n<\/tr>\n<\/tbody>\n<\/table>\n<\/div>\n<p>&nbsp;<\/p>\n<h2><strong>Video<\/strong><\/h2>\n<div class=\"videoWrapper\"><iframe title=\"lettore video youtube\" src=\"https:\/\/www.youtube.com\/embed\/DNCUtpOoJHw\" width=\"560\" height=\"315\" frameborder=\"0\" allowfullscreen=\"allowfullscreen\" data-mce-fragment=\"1\"><\/iframe><\/div>\n","protected":false},"excerpt":{"rendered":"<p>Cicalino wireless autonomo VIFLY Beacon V1.2 Caratteristiche Sensore di movimento allarme drone smarrito Alcuni droni, come i modelli DJI, sono dotati di GPS che fornisce solo la posizione preliminare; con<\/p>\n","protected":false},"featured_media":94548,"comment_status":"open","ping_status":"closed","template":"","meta":{"_joinchat":[]},"pwb-brand":[],"product_cat":[1083,1122],"product_tag":[],"class_list":{"0":"post-112771","1":"product","2":"type-product","3":"status-publish","4":"has-post-thumbnail","6":"product_cat-acessorios","7":"product_cat-leds-e-buzzers","9":"first","10":"instock","11":"taxable","12":"shipping-taxable","13":"purchasable","14":"product-type-simple"},"barcode":null,"atum_controlled":true,"out_stock_date":null,"out_stock_threshold":null,"inheritable":false,"stock_on_hold":0,"sold_today":2,"sales_last_days":3,"out_stock_days":0,"lost_sales":0,"update_date":"2026-04-08T16:36:18","atum_locations":[],"atum_stock_status":"instock","restock_status":false,"low_stock_amount":"","sales_update_date":"2026-04-06T13:23:53","calc_backorders":null,"yoast_head":"<!-- This site is optimized with the Yoast SEO plugin v27.3 - https:\/\/yoast.com\/product\/yoast-seo-wordpress\/ -->\n<title>Cicalino wireless autonomo VIFLY Beacon V1.2 - Iha Race<\/title>\n<meta name=\"robots\" content=\"index, follow, max-snippet:-1, max-image-preview:large, max-video-preview:-1\" \/>\n<link rel=\"canonical\" href=\"https:\/\/iha-race.com\/it\/prodotto\/vifly-beacon-autonomo-buzzer-wireless-2\/\" \/>\n<meta property=\"og:locale\" content=\"it_IT\" \/>\n<meta property=\"og:type\" content=\"article\" \/>\n<meta property=\"og:title\" content=\"Cicalino wireless autonomo VIFLY Beacon V1.2 - Iha Race\" \/>\n<meta property=\"og:description\" content=\"Cicalino wireless autonomo VIFLY Beacon V1.2 Caratteristiche Sensore di movimento allarme drone smarrito Alcuni droni, come i modelli DJI, sono dotati di GPS che fornisce solo la posizione preliminare; con\" \/>\n<meta property=\"og:url\" content=\"https:\/\/iha-race.com\/it\/prodotto\/vifly-beacon-autonomo-buzzer-wireless-2\/\" \/>\n<meta property=\"og:site_name\" content=\"Iha Race\" \/>\n<meta property=\"article:modified_time\" content=\"2024-08-29T14:11:38+00:00\" \/>\n<meta property=\"og:image\" content=\"https:\/\/iha-race.com\/wp-content\/uploads\/2020\/01\/vifly-beacon-zumbador-autonomo-wireless-2-1.jpg\" \/>\n\t<meta property=\"og:image:width\" content=\"800\" \/>\n\t<meta property=\"og:image:height\" content=\"800\" \/>\n\t<meta property=\"og:image:type\" content=\"image\/jpeg\" \/>\n<meta name=\"twitter:card\" content=\"summary_large_image\" \/>\n<meta name=\"twitter:label1\" content=\"Tempo di lettura stimato\" \/>\n\t<meta name=\"twitter:data1\" content=\"1 minuto\" \/>\n<script type=\"application\/ld+json\" class=\"yoast-schema-graph\">{\"@context\":\"https:\\\/\\\/schema.org\",\"@graph\":[{\"@type\":\"WebPage\",\"@id\":\"https:\\\/\\\/iha-race.com\\\/it\\\/prodotto\\\/vifly-beacon-autonomo-buzzer-wireless-2\\\/\",\"url\":\"https:\\\/\\\/iha-race.com\\\/it\\\/prodotto\\\/vifly-beacon-autonomo-buzzer-wireless-2\\\/\",\"name\":\"Cicalino wireless autonomo VIFLY Beacon V1.2 - Iha Race\",\"isPartOf\":{\"@id\":\"https:\\\/\\\/iha-race.com\\\/it\\\/#website\"},\"primaryImageOfPage\":{\"@id\":\"https:\\\/\\\/iha-race.com\\\/it\\\/prodotto\\\/vifly-beacon-autonomo-buzzer-wireless-2\\\/#primaryimage\"},\"image\":{\"@id\":\"https:\\\/\\\/iha-race.com\\\/it\\\/prodotto\\\/vifly-beacon-autonomo-buzzer-wireless-2\\\/#primaryimage\"},\"thumbnailUrl\":\"https:\\\/\\\/iha-race.com\\\/wp-content\\\/uploads\\\/2020\\\/01\\\/vifly-beacon-zumbador-autonomo-wireless-2-1.jpg\",\"datePublished\":\"2020-01-16T15:04:42+00:00\",\"dateModified\":\"2024-08-29T14:11:38+00:00\",\"breadcrumb\":{\"@id\":\"https:\\\/\\\/iha-race.com\\\/it\\\/prodotto\\\/vifly-beacon-autonomo-buzzer-wireless-2\\\/#breadcrumb\"},\"inLanguage\":\"it-IT\",\"potentialAction\":[{\"@type\":\"ReadAction\",\"target\":[\"https:\\\/\\\/iha-race.com\\\/it\\\/prodotto\\\/vifly-beacon-autonomo-buzzer-wireless-2\\\/\"]}]},{\"@type\":\"ImageObject\",\"inLanguage\":\"it-IT\",\"@id\":\"https:\\\/\\\/iha-race.com\\\/it\\\/prodotto\\\/vifly-beacon-autonomo-buzzer-wireless-2\\\/#primaryimage\",\"url\":\"https:\\\/\\\/iha-race.com\\\/wp-content\\\/uploads\\\/2020\\\/01\\\/vifly-beacon-zumbador-autonomo-wireless-2-1.jpg\",\"contentUrl\":\"https:\\\/\\\/iha-race.com\\\/wp-content\\\/uploads\\\/2020\\\/01\\\/vifly-beacon-zumbador-autonomo-wireless-2-1.jpg\",\"width\":800,\"height\":800,\"caption\":\"vifly-beacon-autonomous-buzzer-wireless-2\"},{\"@type\":\"BreadcrumbList\",\"@id\":\"https:\\\/\\\/iha-race.com\\\/it\\\/prodotto\\\/vifly-beacon-autonomo-buzzer-wireless-2\\\/#breadcrumb\",\"itemListElement\":[{\"@type\":\"ListItem\",\"position\":1,\"name\":\"Portada\",\"item\":\"https:\\\/\\\/iha-race.com\\\/it\\\/\"},{\"@type\":\"ListItem\",\"position\":2,\"name\":\"Negozio\",\"item\":\"https:\\\/\\\/iha-race.com\\\/it\\\/negozio\\\/\"},{\"@type\":\"ListItem\",\"position\":3,\"name\":\"Cicalino wireless autonomo VIFLY Beacon V1.2\"}]},{\"@type\":\"WebSite\",\"@id\":\"https:\\\/\\\/iha-race.com\\\/it\\\/#website\",\"url\":\"https:\\\/\\\/iha-race.com\\\/it\\\/\",\"name\":\"Iha Race\",\"description\":\"Comprar drones de carreras FPV env\u00edos en un d\u00eda desde Espa\u00f1a\",\"publisher\":{\"@id\":\"https:\\\/\\\/iha-race.com\\\/it\\\/#organization\"},\"potentialAction\":[{\"@type\":\"SearchAction\",\"target\":{\"@type\":\"EntryPoint\",\"urlTemplate\":\"https:\\\/\\\/iha-race.com\\\/it\\\/?s={search_term_string}\"},\"query-input\":{\"@type\":\"PropertyValueSpecification\",\"valueRequired\":true,\"valueName\":\"search_term_string\"}}],\"inLanguage\":\"it-IT\"},{\"@type\":\"Organization\",\"@id\":\"https:\\\/\\\/iha-race.com\\\/it\\\/#organization\",\"name\":\"Iha Race\",\"url\":\"https:\\\/\\\/iha-race.com\\\/it\\\/\",\"logo\":{\"@type\":\"ImageObject\",\"inLanguage\":\"it-IT\",\"@id\":\"https:\\\/\\\/iha-race.com\\\/it\\\/#\\\/schema\\\/logo\\\/image\\\/\",\"url\":\"https:\\\/\\\/iha-race.com\\\/wp-content\\\/uploads\\\/2018\\\/07\\\/iha-race-drones-de-carreras-tienda-comprar-drones.png\",\"contentUrl\":\"https:\\\/\\\/iha-race.com\\\/wp-content\\\/uploads\\\/2018\\\/07\\\/iha-race-drones-de-carreras-tienda-comprar-drones.png\",\"width\":300,\"height\":100,\"caption\":\"Iha Race\"},\"image\":{\"@id\":\"https:\\\/\\\/iha-race.com\\\/it\\\/#\\\/schema\\\/logo\\\/image\\\/\"}}]}<\/script>\n<!-- \/ Yoast SEO plugin. -->","yoast_head_json":{"title":"Cicalino wireless autonomo VIFLY Beacon V1.2 - Iha Race","robots":{"index":"index","follow":"follow","max-snippet":"max-snippet:-1","max-image-preview":"max-image-preview:large","max-video-preview":"max-video-preview:-1"},"canonical":"https:\/\/iha-race.com\/it\/prodotto\/vifly-beacon-autonomo-buzzer-wireless-2\/","og_locale":"it_IT","og_type":"article","og_title":"Cicalino wireless autonomo VIFLY Beacon V1.2 - Iha Race","og_description":"Cicalino wireless autonomo VIFLY Beacon V1.2 Caratteristiche Sensore di movimento allarme drone smarrito Alcuni droni, come i modelli DJI, sono dotati di GPS che fornisce solo la posizione preliminare; con","og_url":"https:\/\/iha-race.com\/it\/prodotto\/vifly-beacon-autonomo-buzzer-wireless-2\/","og_site_name":"Iha Race","article_modified_time":"2024-08-29T14:11:38+00:00","og_image":[{"width":800,"height":800,"url":"https:\/\/iha-race.com\/wp-content\/uploads\/2020\/01\/vifly-beacon-zumbador-autonomo-wireless-2-1.jpg","type":"image\/jpeg"}],"twitter_card":"summary_large_image","twitter_misc":{"Tempo di lettura stimato":"1 minuto"},"schema":{"@context":"https:\/\/schema.org","@graph":[{"@type":"WebPage","@id":"https:\/\/iha-race.com\/it\/prodotto\/vifly-beacon-autonomo-buzzer-wireless-2\/","url":"https:\/\/iha-race.com\/it\/prodotto\/vifly-beacon-autonomo-buzzer-wireless-2\/","name":"Cicalino wireless autonomo VIFLY Beacon V1.2 - Iha Race","isPartOf":{"@id":"https:\/\/iha-race.com\/it\/#website"},"primaryImageOfPage":{"@id":"https:\/\/iha-race.com\/it\/prodotto\/vifly-beacon-autonomo-buzzer-wireless-2\/#primaryimage"},"image":{"@id":"https:\/\/iha-race.com\/it\/prodotto\/vifly-beacon-autonomo-buzzer-wireless-2\/#primaryimage"},"thumbnailUrl":"https:\/\/iha-race.com\/wp-content\/uploads\/2020\/01\/vifly-beacon-zumbador-autonomo-wireless-2-1.jpg","datePublished":"2020-01-16T15:04:42+00:00","dateModified":"2024-08-29T14:11:38+00:00","breadcrumb":{"@id":"https:\/\/iha-race.com\/it\/prodotto\/vifly-beacon-autonomo-buzzer-wireless-2\/#breadcrumb"},"inLanguage":"it-IT","potentialAction":[{"@type":"ReadAction","target":["https:\/\/iha-race.com\/it\/prodotto\/vifly-beacon-autonomo-buzzer-wireless-2\/"]}]},{"@type":"ImageObject","inLanguage":"it-IT","@id":"https:\/\/iha-race.com\/it\/prodotto\/vifly-beacon-autonomo-buzzer-wireless-2\/#primaryimage","url":"https:\/\/iha-race.com\/wp-content\/uploads\/2020\/01\/vifly-beacon-zumbador-autonomo-wireless-2-1.jpg","contentUrl":"https:\/\/iha-race.com\/wp-content\/uploads\/2020\/01\/vifly-beacon-zumbador-autonomo-wireless-2-1.jpg","width":800,"height":800,"caption":"vifly-beacon-autonomous-buzzer-wireless-2"},{"@type":"BreadcrumbList","@id":"https:\/\/iha-race.com\/it\/prodotto\/vifly-beacon-autonomo-buzzer-wireless-2\/#breadcrumb","itemListElement":[{"@type":"ListItem","position":1,"name":"Portada","item":"https:\/\/iha-race.com\/it\/"},{"@type":"ListItem","position":2,"name":"Negozio","item":"https:\/\/iha-race.com\/it\/negozio\/"},{"@type":"ListItem","position":3,"name":"Cicalino wireless autonomo VIFLY Beacon V1.2"}]},{"@type":"WebSite","@id":"https:\/\/iha-race.com\/it\/#website","url":"https:\/\/iha-race.com\/it\/","name":"Iha Race","description":"Comprar drones de carreras FPV env\u00edos en un d\u00eda desde Espa\u00f1a","publisher":{"@id":"https:\/\/iha-race.com\/it\/#organization"},"potentialAction":[{"@type":"SearchAction","target":{"@type":"EntryPoint","urlTemplate":"https:\/\/iha-race.com\/it\/?s={search_term_string}"},"query-input":{"@type":"PropertyValueSpecification","valueRequired":true,"valueName":"search_term_string"}}],"inLanguage":"it-IT"},{"@type":"Organization","@id":"https:\/\/iha-race.com\/it\/#organization","name":"Iha Race","url":"https:\/\/iha-race.com\/it\/","logo":{"@type":"ImageObject","inLanguage":"it-IT","@id":"https:\/\/iha-race.com\/it\/#\/schema\/logo\/image\/","url":"https:\/\/iha-race.com\/wp-content\/uploads\/2018\/07\/iha-race-drones-de-carreras-tienda-comprar-drones.png","contentUrl":"https:\/\/iha-race.com\/wp-content\/uploads\/2018\/07\/iha-race-drones-de-carreras-tienda-comprar-drones.png","width":300,"height":100,"caption":"Iha Race"},"image":{"@id":"https:\/\/iha-race.com\/it\/#\/schema\/logo\/image\/"}}]}},"jetpack_sharing_enabled":true,"brands":[],"_links":{"self":[{"href":"https:\/\/iha-race.com\/it\/wp-json\/wp\/v2\/product\/112771","targetHints":{"allow":["GET"]}}],"collection":[{"href":"https:\/\/iha-race.com\/it\/wp-json\/wp\/v2\/product"}],"about":[{"href":"https:\/\/iha-race.com\/it\/wp-json\/wp\/v2\/types\/product"}],"replies":[{"embeddable":true,"href":"https:\/\/iha-race.com\/it\/wp-json\/wp\/v2\/comments?post=112771"}],"version-history":[{"count":4,"href":"https:\/\/iha-race.com\/it\/wp-json\/wp\/v2\/product\/112771\/revisions"}],"predecessor-version":[{"id":250041,"href":"https:\/\/iha-race.com\/it\/wp-json\/wp\/v2\/product\/112771\/revisions\/250041"}],"wp:featuredmedia":[{"embeddable":true,"href":"https:\/\/iha-race.com\/it\/wp-json\/wp\/v2\/media\/94548"}],"wp:attachment":[{"href":"https:\/\/iha-race.com\/it\/wp-json\/wp\/v2\/media?parent=112771"}],"wp:term":[{"taxonomy":"pwb-brand","embeddable":true,"href":"https:\/\/iha-race.com\/it\/wp-json\/wp\/v2\/pwb-brand?post=112771"},{"taxonomy":"product_cat","embeddable":true,"href":"https:\/\/iha-race.com\/it\/wp-json\/wp\/v2\/product_cat?post=112771"},{"taxonomy":"product_tag","embeddable":true,"href":"https:\/\/iha-race.com\/it\/wp-json\/wp\/v2\/product_tag?post=112771"}],"curies":[{"name":"wp","href":"https:\/\/api.w.org\/{rel}","templated":true}]}}