{"id":112756,"date":"2019-12-21T19:00:29","date_gmt":"2019-12-21T18:00:29","guid":{"rendered":"https:\/\/iha-race.com\/producto\/batteria-betafpv-bt2-0-300mah-1s-30c-2-unita\/"},"modified":"2026-02-05T11:25:12","modified_gmt":"2026-02-05T10:25:12","slug":"bateria-betafpv-bt2-0-300mah-1s-30c-2-unidades","status":"publish","type":"product","link":"https:\/\/iha-race.com\/it\/prodotto\/bateria-betafpv-bt2-0-300mah-1s-30c-2-unidades\/","title":{"rendered":"Batteria BetaFPV BT2.0 300mAh 1S 30C (2 unit\u00e0)"},"content":{"rendered":"<h2>Batteria BetaFPV BT2.0 300mAh 1S 30C (2 unit\u00e0)<\/h2>\n<p>  Ora \u00e8 finalmente uscita la batteria con connettore BT2.0 BTS.0 di Betafpv, dal design unico, che ha superato il collo di bottiglia dei pin a crimpare PH2.0.  <\/p>\n<h2>Caratteristiche:<\/h2>\n<ul>\n<li>Il connettore BT2.0 ha ridotto efficacemente la resistenza interna del connettore migliorando i pin crimpati sul connettore a banana da 1,0 mm e aumentando l&#8217;area della sezione trasversale del connettore a banana da 1,0 mm.<\/li>\n<li>La batteria BT2.0 300mAh 1S 30C supporta 9A DC e 15A burst, mentre il connettore PH2.0 supporta 4,5A DC. Con questa batteria BT2.0 300mAh 1S, tutti i droni brushless 1S otterranno prestazioni potenti e perfette.<\/li>\n<li>Risolvendo il problema della caduta di tensione, la scarica della lipo 1S BT2.0 da 300 mAh diventa pi\u00f9 efficiente. I piloti possono godere di pi\u00f9 tempo di volo senza disturbare l&#8217;avviso di bassa tensione.<\/li>\n<li>Rispetto ai pin a crimpare PH2.0, il connettore BT2.0 \u00e8 pi\u00f9 duraturo e pu\u00f2 scaricare pi\u00f9 corrente a parit\u00e0 di capacit\u00e0 e fornire molta pi\u00f9 potenza. Con Meteor65 \u00e8 possibile ottenere 2 minuti di volo a piena velocit\u00e0.<\/li>\n<\/ul>\n<h2>Specifiche:<\/h2>\n<ul>\n<li>Articolo: batteria 1S<\/li>\n<li>Capacit\u00e0: 300 mAh<\/li>\n<li>Tasso: 30C \/ 60C<\/li>\n<li>Tensione: 4,35 V<\/li>\n<li>Dimensioni: 67,3 * 11,8 * 6,1 mm<\/li>\n<li>Connettore: connettore Betafpv BT2.0<\/li>\n<li>Peso: 7,59 g (1 pezzo)<\/li>\n<\/ul>\n<p>&nbsp;<\/p>\n<p><img fetchpriority=\"high\" decoding=\"async\" class=\"size-full wp-image-34671\" src=\"https:\/\/iha-race.com\/wp-content\/uploads\/2019\/12\/Captura-de-pantalla-2019-12-21-a-las-18.54.18.png\" alt=\"Batteria BetaFPV BT2.0 300mAh 1S 30C  \" width=\"690\" height=\"386\" srcset=\"https:\/\/iha-race.com\/wp-content\/uploads\/2019\/12\/Captura-de-pantalla-2019-12-21-a-las-18.54.18.png 690w, https:\/\/iha-race.com\/wp-content\/uploads\/2019\/12\/Captura-de-pantalla-2019-12-21-a-las-18.54.18-599x335.png 599w, https:\/\/iha-race.com\/wp-content\/uploads\/2019\/12\/Captura-de-pantalla-2019-12-21-a-las-18.54.18-300x168.png 300w, https:\/\/iha-race.com\/wp-content\/uploads\/2019\/12\/Captura-de-pantalla-2019-12-21-a-las-18.54.18-1024x573.png 1024w, https:\/\/iha-race.com\/wp-content\/uploads\/2019\/12\/Captura-de-pantalla-2019-12-21-a-las-18.54.18-767x429.png 767w, https:\/\/iha-race.com\/wp-content\/uploads\/2019\/12\/Captura-de-pantalla-2019-12-21-a-las-18.54.18-1536x859.png 1536w, https:\/\/iha-race.com\/wp-content\/uploads\/2019\/12\/Captura-de-pantalla-2019-12-21-a-las-18.54.18-2048x1146.png 2048w, https:\/\/iha-race.com\/wp-content\/uploads\/2019\/12\/Captura-de-pantalla-2019-12-21-a-las-18.54.18-788x440.png 788w\" sizes=\"(max-width: 690px) 100vw, 690px\" \/><\/p>\n<h2>Connettore BT2.0<\/h2>\n<p>  C&#8217;\u00e8 un grafico di confronto tra il connettore BT2.0 e il connettore PH2.0 (versione a pin solido) sulla batteria BETAFPV 1S 300mAh. La corrente di scarica \u00e8 di 9 A in questo test. Si pu\u00f2 notare un tempo raddoppiato (circa 2 minuti) e un miglioramento di 0,2 V nella caduta di tensione con il connettore BT2.0.  <\/p>\n<div><img decoding=\"async\" src=\"https:\/\/cdn.shopify.com\/s\/files\/1\/1778\/6615\/files\/BT2.0_report_1024x1024.jpg?v=1573552706\" alt=\"\"><\/div>\n<h2>Il pacchetto comprende:<\/h2>\n<ul>\n<li>2 batterie BetaFPV BT2.0 300mAh 1S 30C<\/li>\n<\/ul>\n<div id=\"gtx-trans\" style=\"position: absolute; left: 485px; top: 56.9062px;\">\n<div class=\"gtx-trans-icon\"><\/div>\n<\/div>\n","protected":false},"excerpt":{"rendered":"<p>Batteria BetaFPV BT2.0 300mAh 1S 30C (2 unit\u00e0) Ora \u00e8 finalmente uscita la batteria con connettore BT2.0 BTS.0 di Betafpv, dal design unico, che ha superato il collo di bottiglia<\/p>\n","protected":false},"featured_media":97909,"comment_status":"open","ping_status":"closed","template":"","meta":{"_joinchat":[]},"pwb-brand":[],"product_cat":[1065,1095],"product_tag":[],"class_list":{"0":"post-112756","1":"product","2":"type-product","3":"status-publish","4":"has-post-thumbnail","6":"product_cat-batterie-fpv","7":"product_cat-s1-it","9":"first","10":"instock","11":"taxable","12":"shipping-taxable","13":"purchasable","14":"product-type-simple"},"barcode":null,"atum_controlled":true,"out_stock_date":null,"out_stock_threshold":null,"inheritable":false,"stock_on_hold":0,"sold_today":0,"sales_last_days":0,"out_stock_days":0,"lost_sales":0,"update_date":"2026-04-18T09:22:06","atum_locations":[],"atum_stock_status":"instock","restock_status":false,"low_stock_amount":"","sales_update_date":"2026-04-18T09:22:06","calc_backorders":null,"yoast_head":"<!-- This site is optimized with the Yoast SEO plugin v27.3 - https:\/\/yoast.com\/product\/yoast-seo-wordpress\/ -->\n<title>Batteria BetaFPV BT2.0 300mAh 1S 30C (2 unit\u00e0) - Iha Race<\/title>\n<meta name=\"robots\" content=\"index, follow, max-snippet:-1, max-image-preview:large, max-video-preview:-1\" \/>\n<link rel=\"canonical\" href=\"https:\/\/iha-race.com\/it\/prodotto\/bateria-betafpv-bt2-0-300mah-1s-30c-2-unidades\/\" \/>\n<meta property=\"og:locale\" content=\"it_IT\" \/>\n<meta property=\"og:type\" content=\"article\" \/>\n<meta property=\"og:title\" content=\"Batteria BetaFPV BT2.0 300mAh 1S 30C (2 unit\u00e0) - Iha Race\" \/>\n<meta property=\"og:description\" content=\"Batteria BetaFPV BT2.0 300mAh 1S 30C (2 unit\u00e0) Ora \u00e8 finalmente uscita la batteria con connettore BT2.0 BTS.0 di Betafpv, dal design unico, che ha superato il collo di bottiglia\" \/>\n<meta property=\"og:url\" content=\"https:\/\/iha-race.com\/it\/prodotto\/bateria-betafpv-bt2-0-300mah-1s-30c-2-unidades\/\" \/>\n<meta property=\"og:site_name\" content=\"Iha Race\" \/>\n<meta property=\"article:modified_time\" content=\"2026-02-05T10:25:12+00:00\" \/>\n<meta property=\"og:image\" content=\"https:\/\/iha-race.com\/wp-content\/uploads\/2019\/12\/Baterias-BetaFPV-BT2.0-300mAh-1S-30C-.jpg\" \/>\n\t<meta property=\"og:image:width\" content=\"800\" \/>\n\t<meta property=\"og:image:height\" content=\"800\" \/>\n\t<meta property=\"og:image:type\" content=\"image\/jpeg\" \/>\n<meta name=\"twitter:card\" content=\"summary_large_image\" \/>\n<meta name=\"twitter:label1\" content=\"Tempo di lettura stimato\" \/>\n\t<meta name=\"twitter:data1\" content=\"1 minuto\" \/>\n<script type=\"application\/ld+json\" class=\"yoast-schema-graph\">{\"@context\":\"https:\\\/\\\/schema.org\",\"@graph\":[{\"@type\":\"WebPage\",\"@id\":\"https:\\\/\\\/iha-race.com\\\/it\\\/prodotto\\\/bateria-betafpv-bt2-0-300mah-1s-30c-2-unidades\\\/\",\"url\":\"https:\\\/\\\/iha-race.com\\\/it\\\/prodotto\\\/bateria-betafpv-bt2-0-300mah-1s-30c-2-unidades\\\/\",\"name\":\"Batteria BetaFPV BT2.0 300mAh 1S 30C (2 unit\u00e0) - Iha Race\",\"isPartOf\":{\"@id\":\"https:\\\/\\\/iha-race.com\\\/it\\\/#website\"},\"primaryImageOfPage\":{\"@id\":\"https:\\\/\\\/iha-race.com\\\/it\\\/prodotto\\\/bateria-betafpv-bt2-0-300mah-1s-30c-2-unidades\\\/#primaryimage\"},\"image\":{\"@id\":\"https:\\\/\\\/iha-race.com\\\/it\\\/prodotto\\\/bateria-betafpv-bt2-0-300mah-1s-30c-2-unidades\\\/#primaryimage\"},\"thumbnailUrl\":\"https:\\\/\\\/iha-race.com\\\/wp-content\\\/uploads\\\/2019\\\/12\\\/Baterias-BetaFPV-BT2.0-300mAh-1S-30C-.jpg\",\"datePublished\":\"2019-12-21T18:00:29+00:00\",\"dateModified\":\"2026-02-05T10:25:12+00:00\",\"breadcrumb\":{\"@id\":\"https:\\\/\\\/iha-race.com\\\/it\\\/prodotto\\\/bateria-betafpv-bt2-0-300mah-1s-30c-2-unidades\\\/#breadcrumb\"},\"inLanguage\":\"it-IT\",\"potentialAction\":[{\"@type\":\"ReadAction\",\"target\":[\"https:\\\/\\\/iha-race.com\\\/it\\\/prodotto\\\/bateria-betafpv-bt2-0-300mah-1s-30c-2-unidades\\\/\"]}]},{\"@type\":\"ImageObject\",\"inLanguage\":\"it-IT\",\"@id\":\"https:\\\/\\\/iha-race.com\\\/it\\\/prodotto\\\/bateria-betafpv-bt2-0-300mah-1s-30c-2-unidades\\\/#primaryimage\",\"url\":\"https:\\\/\\\/iha-race.com\\\/wp-content\\\/uploads\\\/2019\\\/12\\\/Baterias-BetaFPV-BT2.0-300mAh-1S-30C-.jpg\",\"contentUrl\":\"https:\\\/\\\/iha-race.com\\\/wp-content\\\/uploads\\\/2019\\\/12\\\/Baterias-BetaFPV-BT2.0-300mAh-1S-30C-.jpg\",\"width\":800,\"height\":800},{\"@type\":\"BreadcrumbList\",\"@id\":\"https:\\\/\\\/iha-race.com\\\/it\\\/prodotto\\\/bateria-betafpv-bt2-0-300mah-1s-30c-2-unidades\\\/#breadcrumb\",\"itemListElement\":[{\"@type\":\"ListItem\",\"position\":1,\"name\":\"Portada\",\"item\":\"https:\\\/\\\/iha-race.com\\\/it\\\/\"},{\"@type\":\"ListItem\",\"position\":2,\"name\":\"Negozio\",\"item\":\"https:\\\/\\\/iha-race.com\\\/it\\\/negozio\\\/\"},{\"@type\":\"ListItem\",\"position\":3,\"name\":\"Batteria BetaFPV BT2.0 300mAh 1S 30C (2 unit\u00e0)\"}]},{\"@type\":\"WebSite\",\"@id\":\"https:\\\/\\\/iha-race.com\\\/it\\\/#website\",\"url\":\"https:\\\/\\\/iha-race.com\\\/it\\\/\",\"name\":\"Iha Race\",\"description\":\"Comprar drones de carreras FPV env\u00edos en un d\u00eda desde Espa\u00f1a\",\"publisher\":{\"@id\":\"https:\\\/\\\/iha-race.com\\\/it\\\/#organization\"},\"potentialAction\":[{\"@type\":\"SearchAction\",\"target\":{\"@type\":\"EntryPoint\",\"urlTemplate\":\"https:\\\/\\\/iha-race.com\\\/it\\\/?s={search_term_string}\"},\"query-input\":{\"@type\":\"PropertyValueSpecification\",\"valueRequired\":true,\"valueName\":\"search_term_string\"}}],\"inLanguage\":\"it-IT\"},{\"@type\":\"Organization\",\"@id\":\"https:\\\/\\\/iha-race.com\\\/it\\\/#organization\",\"name\":\"Iha Race\",\"url\":\"https:\\\/\\\/iha-race.com\\\/it\\\/\",\"logo\":{\"@type\":\"ImageObject\",\"inLanguage\":\"it-IT\",\"@id\":\"https:\\\/\\\/iha-race.com\\\/it\\\/#\\\/schema\\\/logo\\\/image\\\/\",\"url\":\"https:\\\/\\\/iha-race.com\\\/wp-content\\\/uploads\\\/2018\\\/07\\\/iha-race-drones-de-carreras-tienda-comprar-drones.png\",\"contentUrl\":\"https:\\\/\\\/iha-race.com\\\/wp-content\\\/uploads\\\/2018\\\/07\\\/iha-race-drones-de-carreras-tienda-comprar-drones.png\",\"width\":300,\"height\":100,\"caption\":\"Iha Race\"},\"image\":{\"@id\":\"https:\\\/\\\/iha-race.com\\\/it\\\/#\\\/schema\\\/logo\\\/image\\\/\"}}]}<\/script>\n<!-- \/ Yoast SEO plugin. -->","yoast_head_json":{"title":"Batteria BetaFPV BT2.0 300mAh 1S 30C (2 unit\u00e0) - Iha Race","robots":{"index":"index","follow":"follow","max-snippet":"max-snippet:-1","max-image-preview":"max-image-preview:large","max-video-preview":"max-video-preview:-1"},"canonical":"https:\/\/iha-race.com\/it\/prodotto\/bateria-betafpv-bt2-0-300mah-1s-30c-2-unidades\/","og_locale":"it_IT","og_type":"article","og_title":"Batteria BetaFPV BT2.0 300mAh 1S 30C (2 unit\u00e0) - Iha Race","og_description":"Batteria BetaFPV BT2.0 300mAh 1S 30C (2 unit\u00e0) Ora \u00e8 finalmente uscita la batteria con connettore BT2.0 BTS.0 di Betafpv, dal design unico, che ha superato il collo di bottiglia","og_url":"https:\/\/iha-race.com\/it\/prodotto\/bateria-betafpv-bt2-0-300mah-1s-30c-2-unidades\/","og_site_name":"Iha Race","article_modified_time":"2026-02-05T10:25:12+00:00","og_image":[{"width":800,"height":800,"url":"https:\/\/iha-race.com\/wp-content\/uploads\/2019\/12\/Baterias-BetaFPV-BT2.0-300mAh-1S-30C-.jpg","type":"image\/jpeg"}],"twitter_card":"summary_large_image","twitter_misc":{"Tempo di lettura stimato":"1 minuto"},"schema":{"@context":"https:\/\/schema.org","@graph":[{"@type":"WebPage","@id":"https:\/\/iha-race.com\/it\/prodotto\/bateria-betafpv-bt2-0-300mah-1s-30c-2-unidades\/","url":"https:\/\/iha-race.com\/it\/prodotto\/bateria-betafpv-bt2-0-300mah-1s-30c-2-unidades\/","name":"Batteria BetaFPV BT2.0 300mAh 1S 30C (2 unit\u00e0) - Iha Race","isPartOf":{"@id":"https:\/\/iha-race.com\/it\/#website"},"primaryImageOfPage":{"@id":"https:\/\/iha-race.com\/it\/prodotto\/bateria-betafpv-bt2-0-300mah-1s-30c-2-unidades\/#primaryimage"},"image":{"@id":"https:\/\/iha-race.com\/it\/prodotto\/bateria-betafpv-bt2-0-300mah-1s-30c-2-unidades\/#primaryimage"},"thumbnailUrl":"https:\/\/iha-race.com\/wp-content\/uploads\/2019\/12\/Baterias-BetaFPV-BT2.0-300mAh-1S-30C-.jpg","datePublished":"2019-12-21T18:00:29+00:00","dateModified":"2026-02-05T10:25:12+00:00","breadcrumb":{"@id":"https:\/\/iha-race.com\/it\/prodotto\/bateria-betafpv-bt2-0-300mah-1s-30c-2-unidades\/#breadcrumb"},"inLanguage":"it-IT","potentialAction":[{"@type":"ReadAction","target":["https:\/\/iha-race.com\/it\/prodotto\/bateria-betafpv-bt2-0-300mah-1s-30c-2-unidades\/"]}]},{"@type":"ImageObject","inLanguage":"it-IT","@id":"https:\/\/iha-race.com\/it\/prodotto\/bateria-betafpv-bt2-0-300mah-1s-30c-2-unidades\/#primaryimage","url":"https:\/\/iha-race.com\/wp-content\/uploads\/2019\/12\/Baterias-BetaFPV-BT2.0-300mAh-1S-30C-.jpg","contentUrl":"https:\/\/iha-race.com\/wp-content\/uploads\/2019\/12\/Baterias-BetaFPV-BT2.0-300mAh-1S-30C-.jpg","width":800,"height":800},{"@type":"BreadcrumbList","@id":"https:\/\/iha-race.com\/it\/prodotto\/bateria-betafpv-bt2-0-300mah-1s-30c-2-unidades\/#breadcrumb","itemListElement":[{"@type":"ListItem","position":1,"name":"Portada","item":"https:\/\/iha-race.com\/it\/"},{"@type":"ListItem","position":2,"name":"Negozio","item":"https:\/\/iha-race.com\/it\/negozio\/"},{"@type":"ListItem","position":3,"name":"Batteria BetaFPV BT2.0 300mAh 1S 30C (2 unit\u00e0)"}]},{"@type":"WebSite","@id":"https:\/\/iha-race.com\/it\/#website","url":"https:\/\/iha-race.com\/it\/","name":"Iha Race","description":"Comprar drones de carreras FPV env\u00edos en un d\u00eda desde Espa\u00f1a","publisher":{"@id":"https:\/\/iha-race.com\/it\/#organization"},"potentialAction":[{"@type":"SearchAction","target":{"@type":"EntryPoint","urlTemplate":"https:\/\/iha-race.com\/it\/?s={search_term_string}"},"query-input":{"@type":"PropertyValueSpecification","valueRequired":true,"valueName":"search_term_string"}}],"inLanguage":"it-IT"},{"@type":"Organization","@id":"https:\/\/iha-race.com\/it\/#organization","name":"Iha Race","url":"https:\/\/iha-race.com\/it\/","logo":{"@type":"ImageObject","inLanguage":"it-IT","@id":"https:\/\/iha-race.com\/it\/#\/schema\/logo\/image\/","url":"https:\/\/iha-race.com\/wp-content\/uploads\/2018\/07\/iha-race-drones-de-carreras-tienda-comprar-drones.png","contentUrl":"https:\/\/iha-race.com\/wp-content\/uploads\/2018\/07\/iha-race-drones-de-carreras-tienda-comprar-drones.png","width":300,"height":100,"caption":"Iha Race"},"image":{"@id":"https:\/\/iha-race.com\/it\/#\/schema\/logo\/image\/"}}]}},"brands":[],"_links":{"self":[{"href":"https:\/\/iha-race.com\/it\/wp-json\/wp\/v2\/product\/112756","targetHints":{"allow":["GET"]}}],"collection":[{"href":"https:\/\/iha-race.com\/it\/wp-json\/wp\/v2\/product"}],"about":[{"href":"https:\/\/iha-race.com\/it\/wp-json\/wp\/v2\/types\/product"}],"replies":[{"embeddable":true,"href":"https:\/\/iha-race.com\/it\/wp-json\/wp\/v2\/comments?post=112756"}],"version-history":[{"count":2,"href":"https:\/\/iha-race.com\/it\/wp-json\/wp\/v2\/product\/112756\/revisions"}],"predecessor-version":[{"id":250053,"href":"https:\/\/iha-race.com\/it\/wp-json\/wp\/v2\/product\/112756\/revisions\/250053"}],"wp:featuredmedia":[{"embeddable":true,"href":"https:\/\/iha-race.com\/it\/wp-json\/wp\/v2\/media\/97909"}],"wp:attachment":[{"href":"https:\/\/iha-race.com\/it\/wp-json\/wp\/v2\/media?parent=112756"}],"wp:term":[{"taxonomy":"pwb-brand","embeddable":true,"href":"https:\/\/iha-race.com\/it\/wp-json\/wp\/v2\/pwb-brand?post=112756"},{"taxonomy":"product_cat","embeddable":true,"href":"https:\/\/iha-race.com\/it\/wp-json\/wp\/v2\/product_cat?post=112756"},{"taxonomy":"product_tag","embeddable":true,"href":"https:\/\/iha-race.com\/it\/wp-json\/wp\/v2\/product_tag?post=112756"}],"curies":[{"name":"wp","href":"https:\/\/api.w.org\/{rel}","templated":true}]}}