{"id":112727,"date":"2021-03-24T13:22:49","date_gmt":"2021-03-24T12:22:49","guid":{"rendered":"https:\/\/iha-race.com\/producto\/proskit-8pk-366n-g-pompa-dissaldante-aspirante\/"},"modified":"2024-08-29T12:30:29","modified_gmt":"2024-08-29T10:30:29","slug":"pump-proskit-8pk-366n-g-proskit-8pk-366n-g-proskit-8pk-366n-g-welding-suction-welding-pump","status":"publish","type":"product","link":"https:\/\/iha-race.com\/it\/prodotto\/pump-proskit-8pk-366n-g-proskit-8pk-366n-g-proskit-8pk-366n-g-welding-suction-welding-pump\/","title":{"rendered":"Pro&#8217;sKit 8PK-366N-G Pompa dissaldante aspirante"},"content":{"rendered":"<h2>Pro&#8217;sKit 8PK-366N-G Pompa dissaldante aspirante<\/h2>\n<div>Pro&#8217;sKit 8PK-366N-G pompa dissaldante a pistone con doppio paraolio e ventosa per residui di saldatura da 205 mm, facile e veloce.<\/div>\n<div>La pompa dissaldante Pro&#8217;sKit \u00e8 dotata di un&#8217;elevata forza di vuoto. \u00c8 utilizzato in particolare per la pulizia delle schede di circuito nelle operazioni di rilavorazione e riparazione sul campo.<\/div>\n<h2>Caratteristiche:<\/h2>\n<ul>\n<li>Realizzato in materiale plastico ABS, design a doppio anello ermetico, buon effetto d&#8217;uso.<\/li>\n<li>Molla resistente e antiruggine e punta facile da sostituire.<\/li>\n<li>Design ergonomico, particolarmente adatto alle esigenze di funzionamento prolungato.<\/li>\n<li>Look elegante, funzionamento con una sola mano.<\/li>\n<li>Lo smontaggio \u00e8 semplice e facile da pulire.<\/li>\n<\/ul>\n<h2>Specifiche:<\/h2>\n<ul>\n<li>Colore: nero + verde<\/li>\n<li>Materiale del corpo: ABS<\/li>\n<li>Capacit\u00e0 di aspirazione: 30 cm-Hg<\/li>\n<li>Lunghezza: 205 mm<\/li>\n<li>Peso: 58 g<\/li>\n<li>Dimensioni della confezione: 25,8 x 8 x 8 x 2,8 cm<\/li>\n<li>Peso della confezione: 81 g<\/li>\n<\/ul>\n<h2>Il pacchetto comprende:<\/h2>\n<ul>\n<li>1 x Pompa dissaldante ad aspirazione Pro&#8217;sKit 8PK-366N-G<\/li>\n<\/ul>\n<p>&nbsp;<\/p>\n<p>&nbsp;<\/p>\n","protected":false},"excerpt":{"rendered":"<p>Pro&#8217;sKit 8PK-366N-G Pompa dissaldante aspirante Pro&#8217;sKit 8PK-366N-G pompa dissaldante a pistone con doppio paraolio e ventosa per residui di saldatura da 205 mm, facile e veloce. La pompa dissaldante Pro&#8217;sKit<\/p>\n","protected":false},"featured_media":98245,"comment_status":"open","ping_status":"closed","template":"","meta":{"_joinchat":[]},"pwb-brand":[],"product_cat":[1106,1135],"product_tag":[],"class_list":{"0":"post-112727","1":"product","2":"type-product","3":"status-publish","4":"has-post-thumbnail","6":"product_cat-accessori","7":"product_cat--strumenti-e-saldatura","9":"first","10":"instock","11":"taxable","12":"shipping-taxable","13":"purchasable","14":"product-type-simple"},"barcode":null,"atum_controlled":true,"out_stock_date":null,"out_stock_threshold":null,"inheritable":false,"stock_on_hold":0,"sold_today":0,"sales_last_days":0,"out_stock_days":0,"lost_sales":0,"update_date":"2026-04-08T16:36:18","atum_locations":[],"atum_stock_status":"instock","restock_status":false,"low_stock_amount":"","sales_update_date":"2026-04-08T10:17:12","calc_backorders":null,"yoast_head":"<!-- This site is optimized with the Yoast SEO plugin v27.3 - https:\/\/yoast.com\/product\/yoast-seo-wordpress\/ -->\n<title>Pro&#039;sKit 8PK-366N-G Pompa dissaldante aspirante - Iha Race<\/title>\n<meta name=\"robots\" content=\"index, follow, max-snippet:-1, max-image-preview:large, max-video-preview:-1\" \/>\n<link rel=\"canonical\" href=\"https:\/\/iha-race.com\/it\/prodotto\/pump-proskit-8pk-366n-g-proskit-8pk-366n-g-proskit-8pk-366n-g-welding-suction-welding-pump\/\" \/>\n<meta property=\"og:locale\" content=\"it_IT\" \/>\n<meta property=\"og:type\" content=\"article\" \/>\n<meta property=\"og:title\" content=\"Pro&#039;sKit 8PK-366N-G Pompa dissaldante aspirante - Iha Race\" \/>\n<meta property=\"og:description\" content=\"Pro&#8217;sKit 8PK-366N-G Pompa dissaldante aspirante Pro&#8217;sKit 8PK-366N-G pompa dissaldante a pistone con doppio paraolio e ventosa per residui di saldatura da 205 mm, facile e veloce. La pompa dissaldante Pro&#8217;sKit\" \/>\n<meta property=\"og:url\" content=\"https:\/\/iha-race.com\/it\/prodotto\/pump-proskit-8pk-366n-g-proskit-8pk-366n-g-proskit-8pk-366n-g-welding-suction-welding-pump\/\" \/>\n<meta property=\"og:site_name\" content=\"Iha Race\" \/>\n<meta property=\"article:modified_time\" content=\"2024-08-29T10:30:29+00:00\" \/>\n<meta property=\"og:image\" content=\"https:\/\/iha-race.com\/wp-content\/uploads\/2019\/12\/Bomba-ProsKit-8PK-366N-G-de-Desoldadura-de-Succion-fpv.jpg\" \/>\n\t<meta property=\"og:image:width\" content=\"600\" \/>\n\t<meta property=\"og:image:height\" content=\"600\" \/>\n\t<meta property=\"og:image:type\" content=\"image\/jpeg\" \/>\n<meta name=\"twitter:card\" content=\"summary_large_image\" \/>\n<meta name=\"twitter:label1\" content=\"Tempo di lettura stimato\" \/>\n\t<meta name=\"twitter:data1\" content=\"1 minuto\" \/>\n<script type=\"application\/ld+json\" class=\"yoast-schema-graph\">{\"@context\":\"https:\\\/\\\/schema.org\",\"@graph\":[{\"@type\":\"WebPage\",\"@id\":\"https:\\\/\\\/iha-race.com\\\/it\\\/prodotto\\\/pump-proskit-8pk-366n-g-proskit-8pk-366n-g-proskit-8pk-366n-g-welding-suction-welding-pump\\\/\",\"url\":\"https:\\\/\\\/iha-race.com\\\/it\\\/prodotto\\\/pump-proskit-8pk-366n-g-proskit-8pk-366n-g-proskit-8pk-366n-g-welding-suction-welding-pump\\\/\",\"name\":\"Pro'sKit 8PK-366N-G Pompa dissaldante aspirante - Iha Race\",\"isPartOf\":{\"@id\":\"https:\\\/\\\/iha-race.com\\\/it\\\/#website\"},\"primaryImageOfPage\":{\"@id\":\"https:\\\/\\\/iha-race.com\\\/it\\\/prodotto\\\/pump-proskit-8pk-366n-g-proskit-8pk-366n-g-proskit-8pk-366n-g-welding-suction-welding-pump\\\/#primaryimage\"},\"image\":{\"@id\":\"https:\\\/\\\/iha-race.com\\\/it\\\/prodotto\\\/pump-proskit-8pk-366n-g-proskit-8pk-366n-g-proskit-8pk-366n-g-welding-suction-welding-pump\\\/#primaryimage\"},\"thumbnailUrl\":\"https:\\\/\\\/iha-race.com\\\/wp-content\\\/uploads\\\/2019\\\/12\\\/Bomba-ProsKit-8PK-366N-G-de-Desoldadura-de-Succion-fpv.jpg\",\"datePublished\":\"2021-03-24T12:22:49+00:00\",\"dateModified\":\"2024-08-29T10:30:29+00:00\",\"breadcrumb\":{\"@id\":\"https:\\\/\\\/iha-race.com\\\/it\\\/prodotto\\\/pump-proskit-8pk-366n-g-proskit-8pk-366n-g-proskit-8pk-366n-g-welding-suction-welding-pump\\\/#breadcrumb\"},\"inLanguage\":\"it-IT\",\"potentialAction\":[{\"@type\":\"ReadAction\",\"target\":[\"https:\\\/\\\/iha-race.com\\\/it\\\/prodotto\\\/pump-proskit-8pk-366n-g-proskit-8pk-366n-g-proskit-8pk-366n-g-welding-suction-welding-pump\\\/\"]}]},{\"@type\":\"ImageObject\",\"inLanguage\":\"it-IT\",\"@id\":\"https:\\\/\\\/iha-race.com\\\/it\\\/prodotto\\\/pump-proskit-8pk-366n-g-proskit-8pk-366n-g-proskit-8pk-366n-g-welding-suction-welding-pump\\\/#primaryimage\",\"url\":\"https:\\\/\\\/iha-race.com\\\/wp-content\\\/uploads\\\/2019\\\/12\\\/Bomba-ProsKit-8PK-366N-G-de-Desoldadura-de-Succion-fpv.jpg\",\"contentUrl\":\"https:\\\/\\\/iha-race.com\\\/wp-content\\\/uploads\\\/2019\\\/12\\\/Bomba-ProsKit-8PK-366N-G-de-Desoldadura-de-Succion-fpv.jpg\",\"width\":600,\"height\":600,\"caption\":\"acquistare il pi\u00f9 economico Pro'sKit 8PK-366N-G Pompa dissaldante ad aspirazione fpv\"},{\"@type\":\"BreadcrumbList\",\"@id\":\"https:\\\/\\\/iha-race.com\\\/it\\\/prodotto\\\/pump-proskit-8pk-366n-g-proskit-8pk-366n-g-proskit-8pk-366n-g-welding-suction-welding-pump\\\/#breadcrumb\",\"itemListElement\":[{\"@type\":\"ListItem\",\"position\":1,\"name\":\"Portada\",\"item\":\"https:\\\/\\\/iha-race.com\\\/it\\\/\"},{\"@type\":\"ListItem\",\"position\":2,\"name\":\"Negozio\",\"item\":\"https:\\\/\\\/iha-race.com\\\/it\\\/negozio\\\/\"},{\"@type\":\"ListItem\",\"position\":3,\"name\":\"Pro&#8217;sKit 8PK-366N-G Pompa dissaldante aspirante\"}]},{\"@type\":\"WebSite\",\"@id\":\"https:\\\/\\\/iha-race.com\\\/it\\\/#website\",\"url\":\"https:\\\/\\\/iha-race.com\\\/it\\\/\",\"name\":\"Iha Race\",\"description\":\"Comprar drones de carreras FPV env\u00edos en un d\u00eda desde Espa\u00f1a\",\"publisher\":{\"@id\":\"https:\\\/\\\/iha-race.com\\\/it\\\/#organization\"},\"potentialAction\":[{\"@type\":\"SearchAction\",\"target\":{\"@type\":\"EntryPoint\",\"urlTemplate\":\"https:\\\/\\\/iha-race.com\\\/it\\\/?s={search_term_string}\"},\"query-input\":{\"@type\":\"PropertyValueSpecification\",\"valueRequired\":true,\"valueName\":\"search_term_string\"}}],\"inLanguage\":\"it-IT\"},{\"@type\":\"Organization\",\"@id\":\"https:\\\/\\\/iha-race.com\\\/it\\\/#organization\",\"name\":\"Iha Race\",\"url\":\"https:\\\/\\\/iha-race.com\\\/it\\\/\",\"logo\":{\"@type\":\"ImageObject\",\"inLanguage\":\"it-IT\",\"@id\":\"https:\\\/\\\/iha-race.com\\\/it\\\/#\\\/schema\\\/logo\\\/image\\\/\",\"url\":\"https:\\\/\\\/iha-race.com\\\/wp-content\\\/uploads\\\/2018\\\/07\\\/iha-race-drones-de-carreras-tienda-comprar-drones.png\",\"contentUrl\":\"https:\\\/\\\/iha-race.com\\\/wp-content\\\/uploads\\\/2018\\\/07\\\/iha-race-drones-de-carreras-tienda-comprar-drones.png\",\"width\":300,\"height\":100,\"caption\":\"Iha Race\"},\"image\":{\"@id\":\"https:\\\/\\\/iha-race.com\\\/it\\\/#\\\/schema\\\/logo\\\/image\\\/\"}}]}<\/script>\n<!-- \/ Yoast SEO plugin. -->","yoast_head_json":{"title":"Pro'sKit 8PK-366N-G Pompa dissaldante aspirante - Iha Race","robots":{"index":"index","follow":"follow","max-snippet":"max-snippet:-1","max-image-preview":"max-image-preview:large","max-video-preview":"max-video-preview:-1"},"canonical":"https:\/\/iha-race.com\/it\/prodotto\/pump-proskit-8pk-366n-g-proskit-8pk-366n-g-proskit-8pk-366n-g-welding-suction-welding-pump\/","og_locale":"it_IT","og_type":"article","og_title":"Pro'sKit 8PK-366N-G Pompa dissaldante aspirante - Iha Race","og_description":"Pro&#8217;sKit 8PK-366N-G Pompa dissaldante aspirante Pro&#8217;sKit 8PK-366N-G pompa dissaldante a pistone con doppio paraolio e ventosa per residui di saldatura da 205 mm, facile e veloce. La pompa dissaldante Pro&#8217;sKit","og_url":"https:\/\/iha-race.com\/it\/prodotto\/pump-proskit-8pk-366n-g-proskit-8pk-366n-g-proskit-8pk-366n-g-welding-suction-welding-pump\/","og_site_name":"Iha Race","article_modified_time":"2024-08-29T10:30:29+00:00","og_image":[{"width":600,"height":600,"url":"https:\/\/iha-race.com\/wp-content\/uploads\/2019\/12\/Bomba-ProsKit-8PK-366N-G-de-Desoldadura-de-Succion-fpv.jpg","type":"image\/jpeg"}],"twitter_card":"summary_large_image","twitter_misc":{"Tempo di lettura stimato":"1 minuto"},"schema":{"@context":"https:\/\/schema.org","@graph":[{"@type":"WebPage","@id":"https:\/\/iha-race.com\/it\/prodotto\/pump-proskit-8pk-366n-g-proskit-8pk-366n-g-proskit-8pk-366n-g-welding-suction-welding-pump\/","url":"https:\/\/iha-race.com\/it\/prodotto\/pump-proskit-8pk-366n-g-proskit-8pk-366n-g-proskit-8pk-366n-g-welding-suction-welding-pump\/","name":"Pro'sKit 8PK-366N-G Pompa dissaldante aspirante - Iha Race","isPartOf":{"@id":"https:\/\/iha-race.com\/it\/#website"},"primaryImageOfPage":{"@id":"https:\/\/iha-race.com\/it\/prodotto\/pump-proskit-8pk-366n-g-proskit-8pk-366n-g-proskit-8pk-366n-g-welding-suction-welding-pump\/#primaryimage"},"image":{"@id":"https:\/\/iha-race.com\/it\/prodotto\/pump-proskit-8pk-366n-g-proskit-8pk-366n-g-proskit-8pk-366n-g-welding-suction-welding-pump\/#primaryimage"},"thumbnailUrl":"https:\/\/iha-race.com\/wp-content\/uploads\/2019\/12\/Bomba-ProsKit-8PK-366N-G-de-Desoldadura-de-Succion-fpv.jpg","datePublished":"2021-03-24T12:22:49+00:00","dateModified":"2024-08-29T10:30:29+00:00","breadcrumb":{"@id":"https:\/\/iha-race.com\/it\/prodotto\/pump-proskit-8pk-366n-g-proskit-8pk-366n-g-proskit-8pk-366n-g-welding-suction-welding-pump\/#breadcrumb"},"inLanguage":"it-IT","potentialAction":[{"@type":"ReadAction","target":["https:\/\/iha-race.com\/it\/prodotto\/pump-proskit-8pk-366n-g-proskit-8pk-366n-g-proskit-8pk-366n-g-welding-suction-welding-pump\/"]}]},{"@type":"ImageObject","inLanguage":"it-IT","@id":"https:\/\/iha-race.com\/it\/prodotto\/pump-proskit-8pk-366n-g-proskit-8pk-366n-g-proskit-8pk-366n-g-welding-suction-welding-pump\/#primaryimage","url":"https:\/\/iha-race.com\/wp-content\/uploads\/2019\/12\/Bomba-ProsKit-8PK-366N-G-de-Desoldadura-de-Succion-fpv.jpg","contentUrl":"https:\/\/iha-race.com\/wp-content\/uploads\/2019\/12\/Bomba-ProsKit-8PK-366N-G-de-Desoldadura-de-Succion-fpv.jpg","width":600,"height":600,"caption":"acquistare il pi\u00f9 economico Pro'sKit 8PK-366N-G Pompa dissaldante ad aspirazione fpv"},{"@type":"BreadcrumbList","@id":"https:\/\/iha-race.com\/it\/prodotto\/pump-proskit-8pk-366n-g-proskit-8pk-366n-g-proskit-8pk-366n-g-welding-suction-welding-pump\/#breadcrumb","itemListElement":[{"@type":"ListItem","position":1,"name":"Portada","item":"https:\/\/iha-race.com\/it\/"},{"@type":"ListItem","position":2,"name":"Negozio","item":"https:\/\/iha-race.com\/it\/negozio\/"},{"@type":"ListItem","position":3,"name":"Pro&#8217;sKit 8PK-366N-G Pompa dissaldante aspirante"}]},{"@type":"WebSite","@id":"https:\/\/iha-race.com\/it\/#website","url":"https:\/\/iha-race.com\/it\/","name":"Iha Race","description":"Comprar drones de carreras FPV env\u00edos en un d\u00eda desde Espa\u00f1a","publisher":{"@id":"https:\/\/iha-race.com\/it\/#organization"},"potentialAction":[{"@type":"SearchAction","target":{"@type":"EntryPoint","urlTemplate":"https:\/\/iha-race.com\/it\/?s={search_term_string}"},"query-input":{"@type":"PropertyValueSpecification","valueRequired":true,"valueName":"search_term_string"}}],"inLanguage":"it-IT"},{"@type":"Organization","@id":"https:\/\/iha-race.com\/it\/#organization","name":"Iha Race","url":"https:\/\/iha-race.com\/it\/","logo":{"@type":"ImageObject","inLanguage":"it-IT","@id":"https:\/\/iha-race.com\/it\/#\/schema\/logo\/image\/","url":"https:\/\/iha-race.com\/wp-content\/uploads\/2018\/07\/iha-race-drones-de-carreras-tienda-comprar-drones.png","contentUrl":"https:\/\/iha-race.com\/wp-content\/uploads\/2018\/07\/iha-race-drones-de-carreras-tienda-comprar-drones.png","width":300,"height":100,"caption":"Iha Race"},"image":{"@id":"https:\/\/iha-race.com\/it\/#\/schema\/logo\/image\/"}}]}},"jetpack_sharing_enabled":true,"brands":[],"_links":{"self":[{"href":"https:\/\/iha-race.com\/it\/wp-json\/wp\/v2\/product\/112727","targetHints":{"allow":["GET"]}}],"collection":[{"href":"https:\/\/iha-race.com\/it\/wp-json\/wp\/v2\/product"}],"about":[{"href":"https:\/\/iha-race.com\/it\/wp-json\/wp\/v2\/types\/product"}],"replies":[{"embeddable":true,"href":"https:\/\/iha-race.com\/it\/wp-json\/wp\/v2\/comments?post=112727"}],"version-history":[{"count":1,"href":"https:\/\/iha-race.com\/it\/wp-json\/wp\/v2\/product\/112727\/revisions"}],"predecessor-version":[{"id":211871,"href":"https:\/\/iha-race.com\/it\/wp-json\/wp\/v2\/product\/112727\/revisions\/211871"}],"wp:featuredmedia":[{"embeddable":true,"href":"https:\/\/iha-race.com\/it\/wp-json\/wp\/v2\/media\/98245"}],"wp:attachment":[{"href":"https:\/\/iha-race.com\/it\/wp-json\/wp\/v2\/media?parent=112727"}],"wp:term":[{"taxonomy":"pwb-brand","embeddable":true,"href":"https:\/\/iha-race.com\/it\/wp-json\/wp\/v2\/pwb-brand?post=112727"},{"taxonomy":"product_cat","embeddable":true,"href":"https:\/\/iha-race.com\/it\/wp-json\/wp\/v2\/product_cat?post=112727"},{"taxonomy":"product_tag","embeddable":true,"href":"https:\/\/iha-race.com\/it\/wp-json\/wp\/v2\/product_tag?post=112727"}],"curies":[{"name":"wp","href":"https:\/\/api.w.org\/{rel}","templated":true}]}}