{"id":112696,"date":"2019-11-25T19:07:43","date_gmt":"2019-11-25T18:07:43","guid":{"rendered":"https:\/\/iha-race.com\/producto\/tbs-triumph-pro-mmcx\/"},"modified":"2024-08-29T16:13:31","modified_gmt":"2024-08-29T14:13:31","slug":"tbs-triumph-pro-mmcx","status":"publish","type":"product","link":"https:\/\/iha-race.com\/it\/prodotto\/tbs-triumph-pro-mmcx\/","title":{"rendered":"TBS Triumph pro (mmcx)"},"content":{"rendered":"<h1>TBS TRIUMPH PRO (MMCX)<\/h1>\n<p>  La prossima rivoluzione nella tecnologia della polarizzazione circolare, Triumph Pro offre prestazioni professionali in un pacchetto compatto e resistente. Non lasciatevi ingannare dalle dimensioni ridotte: il Triumph Pro non scende a compromessi in termini di prestazioni. Progettati da IBCrazy e prodotti da TBS, gli elementi multifase utilizzano una tecnologia in attesa di brevetto per creare un preciso schema circolare che non viene distorto dalla vicinanza all&#8217;aereo o ad altri oggetti. Il design dell&#8217;antenna a microstriscia, unito a un alloggiamento rigido e saldato a ultrasuoni, consente il montaggio in posizioni esposte, dove il segnale si propaga meglio. L&#8217;antenna \u00e8 disponibile in 4 tipi di connettore: u.FL, MMCX, MMCX 90\u00ba e SMA.  <\/p>\n<h3>Caratteristiche:<\/h3>\n<ul>\n<li>Prodotto e testato secondo gli standard pi\u00f9 elevati.<\/li>\n<li>Portata e qualit\u00e0 del segnale migliori della categoria<\/li>\n<li>Incredibilmente piccolo e leggero.<\/li>\n<li>Custodia saldata a ultrasuoni e rivestita di schiuma per la massima protezione dagli urti<\/li>\n<li>Cavo semirigido a doppia guaina per un&#8217;elevata resistenza agli urti.<\/li>\n<\/ul>\n<h3>Specifiche:<\/h3>\n<ul>\n<li>Gamma di frequenza: 5500-6000 MHz<\/li>\n<li>Polarizzazione: RHCP<\/li>\n<li>Guadagno: 1,6 db<\/li>\n<li>Rapporto assiale: 0,99<\/li>\n<li>Cavo: RG405 \/ U<\/li>\n<li>Peso: 2-3g<\/li>\n<li>Altezza: 85 mm, 3,3 pollici<\/li>\n<li>Connettore: MMCX<\/li>\n<li><a href=\"https:\/\/www.team-blacksheep.com\/tbs-triumph-pro-dimensions.pdf\" target=\"_blank\" rel=\"noopener noreferrer\">Dimensioni (PDF)<\/a><\/li>\n<\/ul>\n<h3>Include:<\/h3>\n<ul>\n<li>1x TBS Triumph Pro MMCX<\/li>\n<\/ul>\n","protected":false},"excerpt":{"rendered":"<p>TBS TRIUMPH PRO (MMCX) La prossima rivoluzione nella tecnologia della polarizzazione circolare, Triumph Pro offre prestazioni professionali in un pacchetto compatto e resistente. Non lasciatevi ingannare dalle dimensioni ridotte: il<\/p>\n","protected":false},"featured_media":93591,"comment_status":"open","ping_status":"closed","template":"","meta":{"_joinchat":[]},"pwb-brand":[],"product_cat":[1180],"product_tag":[],"class_list":{"0":"post-112696","1":"product","2":"type-product","3":"status-publish","4":"has-post-thumbnail","6":"product_cat-antenne-fpv","8":"first","9":"instock","10":"taxable","11":"shipping-taxable","12":"purchasable","13":"product-type-simple"},"barcode":null,"atum_controlled":true,"out_stock_date":null,"out_stock_threshold":null,"inheritable":false,"stock_on_hold":0,"sold_today":0,"sales_last_days":0,"out_stock_days":0,"lost_sales":0,"update_date":"2026-04-16T07:36:05","atum_locations":[],"atum_stock_status":"instock","restock_status":false,"low_stock_amount":"","sales_update_date":"2026-04-16T07:36:05","calc_backorders":null,"yoast_head":"<!-- This site is optimized with the Yoast SEO plugin v27.3 - https:\/\/yoast.com\/product\/yoast-seo-wordpress\/ -->\n<title>TBS Triumph pro (mmcx) - Iha Race<\/title>\n<meta name=\"robots\" content=\"index, follow, max-snippet:-1, max-image-preview:large, max-video-preview:-1\" \/>\n<link rel=\"canonical\" href=\"https:\/\/iha-race.com\/it\/prodotto\/tbs-triumph-pro-mmcx\/\" \/>\n<meta property=\"og:locale\" content=\"it_IT\" \/>\n<meta property=\"og:type\" content=\"article\" \/>\n<meta property=\"og:title\" content=\"TBS Triumph pro (mmcx) - Iha Race\" \/>\n<meta property=\"og:description\" content=\"TBS TRIUMPH PRO (MMCX) La prossima rivoluzione nella tecnologia della polarizzazione circolare, Triumph Pro offre prestazioni professionali in un pacchetto compatto e resistente. Non lasciatevi ingannare dalle dimensioni ridotte: il\" \/>\n<meta property=\"og:url\" content=\"https:\/\/iha-race.com\/it\/prodotto\/tbs-triumph-pro-mmcx\/\" \/>\n<meta property=\"og:site_name\" content=\"Iha Race\" \/>\n<meta property=\"article:modified_time\" content=\"2024-08-29T14:13:31+00:00\" \/>\n<meta property=\"og:image\" content=\"https:\/\/iha-race.com\/wp-content\/uploads\/2019\/11\/tbs-triumph-pro-mmcx-2.jpg\" \/>\n\t<meta property=\"og:image:width\" content=\"800\" \/>\n\t<meta property=\"og:image:height\" content=\"800\" \/>\n\t<meta property=\"og:image:type\" content=\"image\/jpeg\" \/>\n<meta name=\"twitter:card\" content=\"summary_large_image\" \/>\n<meta name=\"twitter:label1\" content=\"Tempo di lettura stimato\" \/>\n\t<meta name=\"twitter:data1\" content=\"1 minuto\" \/>\n<script type=\"application\/ld+json\" class=\"yoast-schema-graph\">{\"@context\":\"https:\\\/\\\/schema.org\",\"@graph\":[{\"@type\":\"WebPage\",\"@id\":\"https:\\\/\\\/iha-race.com\\\/it\\\/prodotto\\\/tbs-triumph-pro-mmcx\\\/\",\"url\":\"https:\\\/\\\/iha-race.com\\\/it\\\/prodotto\\\/tbs-triumph-pro-mmcx\\\/\",\"name\":\"TBS Triumph pro (mmcx) - Iha Race\",\"isPartOf\":{\"@id\":\"https:\\\/\\\/iha-race.com\\\/it\\\/#website\"},\"primaryImageOfPage\":{\"@id\":\"https:\\\/\\\/iha-race.com\\\/it\\\/prodotto\\\/tbs-triumph-pro-mmcx\\\/#primaryimage\"},\"image\":{\"@id\":\"https:\\\/\\\/iha-race.com\\\/it\\\/prodotto\\\/tbs-triumph-pro-mmcx\\\/#primaryimage\"},\"thumbnailUrl\":\"https:\\\/\\\/iha-race.com\\\/wp-content\\\/uploads\\\/2019\\\/11\\\/tbs-triumph-pro-mmcx-2.jpg\",\"datePublished\":\"2019-11-25T18:07:43+00:00\",\"dateModified\":\"2024-08-29T14:13:31+00:00\",\"breadcrumb\":{\"@id\":\"https:\\\/\\\/iha-race.com\\\/it\\\/prodotto\\\/tbs-triumph-pro-mmcx\\\/#breadcrumb\"},\"inLanguage\":\"it-IT\",\"potentialAction\":[{\"@type\":\"ReadAction\",\"target\":[\"https:\\\/\\\/iha-race.com\\\/it\\\/prodotto\\\/tbs-triumph-pro-mmcx\\\/\"]}]},{\"@type\":\"ImageObject\",\"inLanguage\":\"it-IT\",\"@id\":\"https:\\\/\\\/iha-race.com\\\/it\\\/prodotto\\\/tbs-triumph-pro-mmcx\\\/#primaryimage\",\"url\":\"https:\\\/\\\/iha-race.com\\\/wp-content\\\/uploads\\\/2019\\\/11\\\/tbs-triumph-pro-mmcx-2.jpg\",\"contentUrl\":\"https:\\\/\\\/iha-race.com\\\/wp-content\\\/uploads\\\/2019\\\/11\\\/tbs-triumph-pro-mmcx-2.jpg\",\"width\":800,\"height\":800,\"caption\":\"tbs-triumph-pro-mmcx\"},{\"@type\":\"BreadcrumbList\",\"@id\":\"https:\\\/\\\/iha-race.com\\\/it\\\/prodotto\\\/tbs-triumph-pro-mmcx\\\/#breadcrumb\",\"itemListElement\":[{\"@type\":\"ListItem\",\"position\":1,\"name\":\"Portada\",\"item\":\"https:\\\/\\\/iha-race.com\\\/it\\\/\"},{\"@type\":\"ListItem\",\"position\":2,\"name\":\"Negozio\",\"item\":\"https:\\\/\\\/iha-race.com\\\/it\\\/negozio\\\/\"},{\"@type\":\"ListItem\",\"position\":3,\"name\":\"TBS Triumph pro (mmcx)\"}]},{\"@type\":\"WebSite\",\"@id\":\"https:\\\/\\\/iha-race.com\\\/it\\\/#website\",\"url\":\"https:\\\/\\\/iha-race.com\\\/it\\\/\",\"name\":\"Iha Race\",\"description\":\"Comprar drones de carreras FPV env\u00edos en un d\u00eda desde Espa\u00f1a\",\"publisher\":{\"@id\":\"https:\\\/\\\/iha-race.com\\\/it\\\/#organization\"},\"potentialAction\":[{\"@type\":\"SearchAction\",\"target\":{\"@type\":\"EntryPoint\",\"urlTemplate\":\"https:\\\/\\\/iha-race.com\\\/it\\\/?s={search_term_string}\"},\"query-input\":{\"@type\":\"PropertyValueSpecification\",\"valueRequired\":true,\"valueName\":\"search_term_string\"}}],\"inLanguage\":\"it-IT\"},{\"@type\":\"Organization\",\"@id\":\"https:\\\/\\\/iha-race.com\\\/it\\\/#organization\",\"name\":\"Iha Race\",\"url\":\"https:\\\/\\\/iha-race.com\\\/it\\\/\",\"logo\":{\"@type\":\"ImageObject\",\"inLanguage\":\"it-IT\",\"@id\":\"https:\\\/\\\/iha-race.com\\\/it\\\/#\\\/schema\\\/logo\\\/image\\\/\",\"url\":\"https:\\\/\\\/iha-race.com\\\/wp-content\\\/uploads\\\/2018\\\/07\\\/iha-race-drones-de-carreras-tienda-comprar-drones.png\",\"contentUrl\":\"https:\\\/\\\/iha-race.com\\\/wp-content\\\/uploads\\\/2018\\\/07\\\/iha-race-drones-de-carreras-tienda-comprar-drones.png\",\"width\":300,\"height\":100,\"caption\":\"Iha Race\"},\"image\":{\"@id\":\"https:\\\/\\\/iha-race.com\\\/it\\\/#\\\/schema\\\/logo\\\/image\\\/\"}}]}<\/script>\n<!-- \/ Yoast SEO plugin. -->","yoast_head_json":{"title":"TBS Triumph pro (mmcx) - Iha Race","robots":{"index":"index","follow":"follow","max-snippet":"max-snippet:-1","max-image-preview":"max-image-preview:large","max-video-preview":"max-video-preview:-1"},"canonical":"https:\/\/iha-race.com\/it\/prodotto\/tbs-triumph-pro-mmcx\/","og_locale":"it_IT","og_type":"article","og_title":"TBS Triumph pro (mmcx) - Iha Race","og_description":"TBS TRIUMPH PRO (MMCX) La prossima rivoluzione nella tecnologia della polarizzazione circolare, Triumph Pro offre prestazioni professionali in un pacchetto compatto e resistente. Non lasciatevi ingannare dalle dimensioni ridotte: il","og_url":"https:\/\/iha-race.com\/it\/prodotto\/tbs-triumph-pro-mmcx\/","og_site_name":"Iha Race","article_modified_time":"2024-08-29T14:13:31+00:00","og_image":[{"width":800,"height":800,"url":"https:\/\/iha-race.com\/wp-content\/uploads\/2019\/11\/tbs-triumph-pro-mmcx-2.jpg","type":"image\/jpeg"}],"twitter_card":"summary_large_image","twitter_misc":{"Tempo di lettura stimato":"1 minuto"},"schema":{"@context":"https:\/\/schema.org","@graph":[{"@type":"WebPage","@id":"https:\/\/iha-race.com\/it\/prodotto\/tbs-triumph-pro-mmcx\/","url":"https:\/\/iha-race.com\/it\/prodotto\/tbs-triumph-pro-mmcx\/","name":"TBS Triumph pro (mmcx) - Iha Race","isPartOf":{"@id":"https:\/\/iha-race.com\/it\/#website"},"primaryImageOfPage":{"@id":"https:\/\/iha-race.com\/it\/prodotto\/tbs-triumph-pro-mmcx\/#primaryimage"},"image":{"@id":"https:\/\/iha-race.com\/it\/prodotto\/tbs-triumph-pro-mmcx\/#primaryimage"},"thumbnailUrl":"https:\/\/iha-race.com\/wp-content\/uploads\/2019\/11\/tbs-triumph-pro-mmcx-2.jpg","datePublished":"2019-11-25T18:07:43+00:00","dateModified":"2024-08-29T14:13:31+00:00","breadcrumb":{"@id":"https:\/\/iha-race.com\/it\/prodotto\/tbs-triumph-pro-mmcx\/#breadcrumb"},"inLanguage":"it-IT","potentialAction":[{"@type":"ReadAction","target":["https:\/\/iha-race.com\/it\/prodotto\/tbs-triumph-pro-mmcx\/"]}]},{"@type":"ImageObject","inLanguage":"it-IT","@id":"https:\/\/iha-race.com\/it\/prodotto\/tbs-triumph-pro-mmcx\/#primaryimage","url":"https:\/\/iha-race.com\/wp-content\/uploads\/2019\/11\/tbs-triumph-pro-mmcx-2.jpg","contentUrl":"https:\/\/iha-race.com\/wp-content\/uploads\/2019\/11\/tbs-triumph-pro-mmcx-2.jpg","width":800,"height":800,"caption":"tbs-triumph-pro-mmcx"},{"@type":"BreadcrumbList","@id":"https:\/\/iha-race.com\/it\/prodotto\/tbs-triumph-pro-mmcx\/#breadcrumb","itemListElement":[{"@type":"ListItem","position":1,"name":"Portada","item":"https:\/\/iha-race.com\/it\/"},{"@type":"ListItem","position":2,"name":"Negozio","item":"https:\/\/iha-race.com\/it\/negozio\/"},{"@type":"ListItem","position":3,"name":"TBS Triumph pro (mmcx)"}]},{"@type":"WebSite","@id":"https:\/\/iha-race.com\/it\/#website","url":"https:\/\/iha-race.com\/it\/","name":"Iha Race","description":"Comprar drones de carreras FPV env\u00edos en un d\u00eda desde Espa\u00f1a","publisher":{"@id":"https:\/\/iha-race.com\/it\/#organization"},"potentialAction":[{"@type":"SearchAction","target":{"@type":"EntryPoint","urlTemplate":"https:\/\/iha-race.com\/it\/?s={search_term_string}"},"query-input":{"@type":"PropertyValueSpecification","valueRequired":true,"valueName":"search_term_string"}}],"inLanguage":"it-IT"},{"@type":"Organization","@id":"https:\/\/iha-race.com\/it\/#organization","name":"Iha Race","url":"https:\/\/iha-race.com\/it\/","logo":{"@type":"ImageObject","inLanguage":"it-IT","@id":"https:\/\/iha-race.com\/it\/#\/schema\/logo\/image\/","url":"https:\/\/iha-race.com\/wp-content\/uploads\/2018\/07\/iha-race-drones-de-carreras-tienda-comprar-drones.png","contentUrl":"https:\/\/iha-race.com\/wp-content\/uploads\/2018\/07\/iha-race-drones-de-carreras-tienda-comprar-drones.png","width":300,"height":100,"caption":"Iha Race"},"image":{"@id":"https:\/\/iha-race.com\/it\/#\/schema\/logo\/image\/"}}]}},"jetpack_sharing_enabled":true,"brands":[],"_links":{"self":[{"href":"https:\/\/iha-race.com\/it\/wp-json\/wp\/v2\/product\/112696","targetHints":{"allow":["GET"]}}],"collection":[{"href":"https:\/\/iha-race.com\/it\/wp-json\/wp\/v2\/product"}],"about":[{"href":"https:\/\/iha-race.com\/it\/wp-json\/wp\/v2\/types\/product"}],"replies":[{"embeddable":true,"href":"https:\/\/iha-race.com\/it\/wp-json\/wp\/v2\/comments?post=112696"}],"version-history":[{"count":2,"href":"https:\/\/iha-race.com\/it\/wp-json\/wp\/v2\/product\/112696\/revisions"}],"predecessor-version":[{"id":250067,"href":"https:\/\/iha-race.com\/it\/wp-json\/wp\/v2\/product\/112696\/revisions\/250067"}],"wp:featuredmedia":[{"embeddable":true,"href":"https:\/\/iha-race.com\/it\/wp-json\/wp\/v2\/media\/93591"}],"wp:attachment":[{"href":"https:\/\/iha-race.com\/it\/wp-json\/wp\/v2\/media?parent=112696"}],"wp:term":[{"taxonomy":"pwb-brand","embeddable":true,"href":"https:\/\/iha-race.com\/it\/wp-json\/wp\/v2\/pwb-brand?post=112696"},{"taxonomy":"product_cat","embeddable":true,"href":"https:\/\/iha-race.com\/it\/wp-json\/wp\/v2\/product_cat?post=112696"},{"taxonomy":"product_tag","embeddable":true,"href":"https:\/\/iha-race.com\/it\/wp-json\/wp\/v2\/product_tag?post=112696"}],"curies":[{"name":"wp","href":"https:\/\/api.w.org\/{rel}","templated":true}]}}