{"id":112656,"date":"2019-10-29T18:10:14","date_gmt":"2019-10-29T17:10:14","guid":{"rendered":"https:\/\/iha-race.com\/producto\/batteria-tattu-r-line-500mah-3-7v-1s1p-95c\/"},"modified":"2024-08-29T16:15:17","modified_gmt":"2024-08-29T14:15:17","slug":"bateria-tattu-r-line-500mah-3-7v-1s1p-95c","status":"publish","type":"product","link":"https:\/\/iha-race.com\/it\/prodotto\/bateria-tattu-r-line-500mah-3-7v-1s1p-95c\/","title":{"rendered":"Batteria Tattu R-Line 500mAh 3.7V 1S1P 95C"},"content":{"rendered":"<h2>Batteria Tattu R-Line 500mAh 3.7V 1S1P 95C<\/h2>\n<p>&nbsp;<\/p>\n<p><strong>La batteria Lipo Tattu R-Line 500mAh 3.7V 95C 1S1P<\/strong> ha piena capacit\u00e0 e velocit\u00e0 di scarica. Si tratta di una batteria lipo da competizione FPV ad alto tasso di scarica. Il 95C offre una potenza sufficiente sotto carico. \u00c8 molto compatto e leggero. Funziona perfettamente con i multirotori FPV da 100 a 180. <strong>Tattu R-Line<\/strong> \u00e8 una nuova linea di prodotti progettati specificamente per le competizioni FPV professionali. Questa \u00e8 la versione al dettaglio delle batterie Toppilot. \u00c8 anche una filiale del marchio Tattu. Ha una maggiore capacit\u00e0, una minore resistenza interna e temperature di atterraggio pi\u00f9 basse. Sono pi\u00f9 potenti di qualsiasi batteria al grafene. In generale, le batterie R-Line hanno le stesse specifiche delle nostre popolari batterie Toppilot. Esistono diverse versioni di R-Line per le esigenze delle diverse competizioni FPV <strong>:<\/strong><\/p>\n<ul>\n<li>La notevole tecnologia di impilamento consente di raggiungere capacit\u00e0 di 500 mAh per singola cella.<\/li>\n<li>Elevate prestazioni di scarica e alta densit\u00e0 energetica.<\/li>\n<li>Materie prime di polimeri di litio di qualit\u00e0 superiore provenienti dal Giappone e dalla Corea.<\/li>\n<li>Assistenza post-vendita locale (con sede a D\u00fcsseldorf, Germania).<\/li>\n<\/ul>\n<p><strong>Specifiche:<\/strong><\/p>\n<ul>\n<li>Capacit\u00e0: 500 mAh<\/li>\n<li>Configurazione: 1S1P \/ 3,7V<\/li>\n<li>Velocit\u00e0 di download: 95C<\/li>\n<li>Velocit\u00e0 di scarica massima: 190C<\/li>\n<li>Peso netto (\u00b1 10 g): 15 g<\/li>\n<li>Dimensioni (\u00b1 5): 60 * 19 * 9 mm<\/li>\n<li>Presa di ricarica: JST-PHR<\/li>\n<\/ul>\n<p><strong>Applicazione:<\/strong> La batteria Lipo Tattu R-Line 500mAh 3.7V 95C 1S1P \u00e8 adatta per i multirotori FPV di dimensioni da 100 a 180.<\/p>\n","protected":false},"excerpt":{"rendered":"<p>Batteria Tattu R-Line 500mAh 3.7V 1S1P 95C &nbsp; La batteria Lipo Tattu R-Line 500mAh 3.7V 95C 1S1P ha piena capacit\u00e0 e velocit\u00e0 di scarica. Si tratta di una batteria lipo<\/p>\n","protected":false},"featured_media":83305,"comment_status":"open","ping_status":"closed","template":"","meta":{"_joinchat":[]},"pwb-brand":[],"product_cat":[17,18],"product_tag":[],"class_list":{"0":"post-112656","1":"product","2":"type-product","3":"status-publish","4":"has-post-thumbnail","6":"product_cat-baterias-para-drones","7":"product_cat-s1","9":"first","10":"instock","11":"taxable","12":"shipping-taxable","13":"purchasable","14":"product-type-simple"},"barcode":null,"atum_controlled":true,"out_stock_date":null,"out_stock_threshold":null,"inheritable":false,"stock_on_hold":0,"sold_today":0,"sales_last_days":0,"out_stock_days":0,"lost_sales":0,"update_date":"2026-04-18T09:22:06","atum_locations":[],"atum_stock_status":"instock","restock_status":false,"low_stock_amount":"","sales_update_date":"2026-04-18T09:22:06","calc_backorders":null,"yoast_head":"<!-- This site is optimized with the Yoast SEO plugin v27.3 - https:\/\/yoast.com\/product\/yoast-seo-wordpress\/ -->\n<title>Batteria Tattu R-Line 500mAh 3.7V 1S1P 95C - Iha Race<\/title>\n<meta name=\"robots\" content=\"index, follow, max-snippet:-1, max-image-preview:large, max-video-preview:-1\" \/>\n<link rel=\"canonical\" href=\"https:\/\/iha-race.com\/it\/prodotto\/bateria-tattu-r-line-500mah-3-7v-1s1p-95c\/\" \/>\n<meta property=\"og:locale\" content=\"it_IT\" \/>\n<meta property=\"og:type\" content=\"article\" \/>\n<meta property=\"og:title\" content=\"Batteria Tattu R-Line 500mAh 3.7V 1S1P 95C - Iha Race\" \/>\n<meta property=\"og:description\" content=\"Batteria Tattu R-Line 500mAh 3.7V 1S1P 95C &nbsp; La batteria Lipo Tattu R-Line 500mAh 3.7V 95C 1S1P ha piena capacit\u00e0 e velocit\u00e0 di scarica. Si tratta di una batteria lipo\" \/>\n<meta property=\"og:url\" content=\"https:\/\/iha-race.com\/it\/prodotto\/bateria-tattu-r-line-500mah-3-7v-1s1p-95c\/\" \/>\n<meta property=\"og:site_name\" content=\"Iha Race\" \/>\n<meta property=\"article:modified_time\" content=\"2024-08-29T14:15:17+00:00\" \/>\n<meta property=\"og:image\" content=\"https:\/\/iha-race.com\/wp-content\/uploads\/2019\/10\/3_92_42.jpg\" \/>\n\t<meta property=\"og:image:width\" content=\"800\" \/>\n\t<meta property=\"og:image:height\" content=\"800\" \/>\n\t<meta property=\"og:image:type\" content=\"image\/jpeg\" \/>\n<meta name=\"twitter:card\" content=\"summary_large_image\" \/>\n<meta name=\"twitter:label1\" content=\"Tempo di lettura stimato\" \/>\n\t<meta name=\"twitter:data1\" content=\"1 minuto\" \/>\n<script type=\"application\/ld+json\" class=\"yoast-schema-graph\">{\"@context\":\"https:\\\/\\\/schema.org\",\"@graph\":[{\"@type\":\"WebPage\",\"@id\":\"https:\\\/\\\/iha-race.com\\\/it\\\/prodotto\\\/bateria-tattu-r-line-500mah-3-7v-1s1p-95c\\\/\",\"url\":\"https:\\\/\\\/iha-race.com\\\/it\\\/prodotto\\\/bateria-tattu-r-line-500mah-3-7v-1s1p-95c\\\/\",\"name\":\"Batteria Tattu R-Line 500mAh 3.7V 1S1P 95C - Iha Race\",\"isPartOf\":{\"@id\":\"https:\\\/\\\/iha-race.com\\\/it\\\/#website\"},\"primaryImageOfPage\":{\"@id\":\"https:\\\/\\\/iha-race.com\\\/it\\\/prodotto\\\/bateria-tattu-r-line-500mah-3-7v-1s1p-95c\\\/#primaryimage\"},\"image\":{\"@id\":\"https:\\\/\\\/iha-race.com\\\/it\\\/prodotto\\\/bateria-tattu-r-line-500mah-3-7v-1s1p-95c\\\/#primaryimage\"},\"thumbnailUrl\":\"https:\\\/\\\/iha-race.com\\\/wp-content\\\/uploads\\\/2019\\\/10\\\/3_92_42.jpg\",\"datePublished\":\"2019-10-29T17:10:14+00:00\",\"dateModified\":\"2024-08-29T14:15:17+00:00\",\"breadcrumb\":{\"@id\":\"https:\\\/\\\/iha-race.com\\\/it\\\/prodotto\\\/bateria-tattu-r-line-500mah-3-7v-1s1p-95c\\\/#breadcrumb\"},\"inLanguage\":\"it-IT\",\"potentialAction\":[{\"@type\":\"ReadAction\",\"target\":[\"https:\\\/\\\/iha-race.com\\\/it\\\/prodotto\\\/bateria-tattu-r-line-500mah-3-7v-1s1p-95c\\\/\"]}]},{\"@type\":\"ImageObject\",\"inLanguage\":\"it-IT\",\"@id\":\"https:\\\/\\\/iha-race.com\\\/it\\\/prodotto\\\/bateria-tattu-r-line-500mah-3-7v-1s1p-95c\\\/#primaryimage\",\"url\":\"https:\\\/\\\/iha-race.com\\\/wp-content\\\/uploads\\\/2019\\\/10\\\/3_92_42.jpg\",\"contentUrl\":\"https:\\\/\\\/iha-race.com\\\/wp-content\\\/uploads\\\/2019\\\/10\\\/3_92_42.jpg\",\"width\":800,\"height\":800,\"caption\":\"Batteria Tattu R-Line 500mAh 3.7V 1S1P 95C\"},{\"@type\":\"BreadcrumbList\",\"@id\":\"https:\\\/\\\/iha-race.com\\\/it\\\/prodotto\\\/bateria-tattu-r-line-500mah-3-7v-1s1p-95c\\\/#breadcrumb\",\"itemListElement\":[{\"@type\":\"ListItem\",\"position\":1,\"name\":\"Portada\",\"item\":\"https:\\\/\\\/iha-race.com\\\/it\\\/\"},{\"@type\":\"ListItem\",\"position\":2,\"name\":\"Negozio\",\"item\":\"https:\\\/\\\/iha-race.com\\\/it\\\/negozio\\\/\"},{\"@type\":\"ListItem\",\"position\":3,\"name\":\"Batteria Tattu R-Line 500mAh 3.7V 1S1P 95C\"}]},{\"@type\":\"WebSite\",\"@id\":\"https:\\\/\\\/iha-race.com\\\/it\\\/#website\",\"url\":\"https:\\\/\\\/iha-race.com\\\/it\\\/\",\"name\":\"Iha Race\",\"description\":\"Comprar drones de carreras FPV env\u00edos en un d\u00eda desde Espa\u00f1a\",\"publisher\":{\"@id\":\"https:\\\/\\\/iha-race.com\\\/it\\\/#organization\"},\"potentialAction\":[{\"@type\":\"SearchAction\",\"target\":{\"@type\":\"EntryPoint\",\"urlTemplate\":\"https:\\\/\\\/iha-race.com\\\/it\\\/?s={search_term_string}\"},\"query-input\":{\"@type\":\"PropertyValueSpecification\",\"valueRequired\":true,\"valueName\":\"search_term_string\"}}],\"inLanguage\":\"it-IT\"},{\"@type\":\"Organization\",\"@id\":\"https:\\\/\\\/iha-race.com\\\/it\\\/#organization\",\"name\":\"Iha Race\",\"url\":\"https:\\\/\\\/iha-race.com\\\/it\\\/\",\"logo\":{\"@type\":\"ImageObject\",\"inLanguage\":\"it-IT\",\"@id\":\"https:\\\/\\\/iha-race.com\\\/it\\\/#\\\/schema\\\/logo\\\/image\\\/\",\"url\":\"https:\\\/\\\/iha-race.com\\\/wp-content\\\/uploads\\\/2018\\\/07\\\/iha-race-drones-de-carreras-tienda-comprar-drones.png\",\"contentUrl\":\"https:\\\/\\\/iha-race.com\\\/wp-content\\\/uploads\\\/2018\\\/07\\\/iha-race-drones-de-carreras-tienda-comprar-drones.png\",\"width\":300,\"height\":100,\"caption\":\"Iha Race\"},\"image\":{\"@id\":\"https:\\\/\\\/iha-race.com\\\/it\\\/#\\\/schema\\\/logo\\\/image\\\/\"}}]}<\/script>\n<!-- \/ Yoast SEO plugin. -->","yoast_head_json":{"title":"Batteria Tattu R-Line 500mAh 3.7V 1S1P 95C - Iha Race","robots":{"index":"index","follow":"follow","max-snippet":"max-snippet:-1","max-image-preview":"max-image-preview:large","max-video-preview":"max-video-preview:-1"},"canonical":"https:\/\/iha-race.com\/it\/prodotto\/bateria-tattu-r-line-500mah-3-7v-1s1p-95c\/","og_locale":"it_IT","og_type":"article","og_title":"Batteria Tattu R-Line 500mAh 3.7V 1S1P 95C - Iha Race","og_description":"Batteria Tattu R-Line 500mAh 3.7V 1S1P 95C &nbsp; La batteria Lipo Tattu R-Line 500mAh 3.7V 95C 1S1P ha piena capacit\u00e0 e velocit\u00e0 di scarica. Si tratta di una batteria lipo","og_url":"https:\/\/iha-race.com\/it\/prodotto\/bateria-tattu-r-line-500mah-3-7v-1s1p-95c\/","og_site_name":"Iha Race","article_modified_time":"2024-08-29T14:15:17+00:00","og_image":[{"width":800,"height":800,"url":"https:\/\/iha-race.com\/wp-content\/uploads\/2019\/10\/3_92_42.jpg","type":"image\/jpeg"}],"twitter_card":"summary_large_image","twitter_misc":{"Tempo di lettura stimato":"1 minuto"},"schema":{"@context":"https:\/\/schema.org","@graph":[{"@type":"WebPage","@id":"https:\/\/iha-race.com\/it\/prodotto\/bateria-tattu-r-line-500mah-3-7v-1s1p-95c\/","url":"https:\/\/iha-race.com\/it\/prodotto\/bateria-tattu-r-line-500mah-3-7v-1s1p-95c\/","name":"Batteria Tattu R-Line 500mAh 3.7V 1S1P 95C - Iha Race","isPartOf":{"@id":"https:\/\/iha-race.com\/it\/#website"},"primaryImageOfPage":{"@id":"https:\/\/iha-race.com\/it\/prodotto\/bateria-tattu-r-line-500mah-3-7v-1s1p-95c\/#primaryimage"},"image":{"@id":"https:\/\/iha-race.com\/it\/prodotto\/bateria-tattu-r-line-500mah-3-7v-1s1p-95c\/#primaryimage"},"thumbnailUrl":"https:\/\/iha-race.com\/wp-content\/uploads\/2019\/10\/3_92_42.jpg","datePublished":"2019-10-29T17:10:14+00:00","dateModified":"2024-08-29T14:15:17+00:00","breadcrumb":{"@id":"https:\/\/iha-race.com\/it\/prodotto\/bateria-tattu-r-line-500mah-3-7v-1s1p-95c\/#breadcrumb"},"inLanguage":"it-IT","potentialAction":[{"@type":"ReadAction","target":["https:\/\/iha-race.com\/it\/prodotto\/bateria-tattu-r-line-500mah-3-7v-1s1p-95c\/"]}]},{"@type":"ImageObject","inLanguage":"it-IT","@id":"https:\/\/iha-race.com\/it\/prodotto\/bateria-tattu-r-line-500mah-3-7v-1s1p-95c\/#primaryimage","url":"https:\/\/iha-race.com\/wp-content\/uploads\/2019\/10\/3_92_42.jpg","contentUrl":"https:\/\/iha-race.com\/wp-content\/uploads\/2019\/10\/3_92_42.jpg","width":800,"height":800,"caption":"Batteria Tattu R-Line 500mAh 3.7V 1S1P 95C"},{"@type":"BreadcrumbList","@id":"https:\/\/iha-race.com\/it\/prodotto\/bateria-tattu-r-line-500mah-3-7v-1s1p-95c\/#breadcrumb","itemListElement":[{"@type":"ListItem","position":1,"name":"Portada","item":"https:\/\/iha-race.com\/it\/"},{"@type":"ListItem","position":2,"name":"Negozio","item":"https:\/\/iha-race.com\/it\/negozio\/"},{"@type":"ListItem","position":3,"name":"Batteria Tattu R-Line 500mAh 3.7V 1S1P 95C"}]},{"@type":"WebSite","@id":"https:\/\/iha-race.com\/it\/#website","url":"https:\/\/iha-race.com\/it\/","name":"Iha Race","description":"Comprar drones de carreras FPV env\u00edos en un d\u00eda desde Espa\u00f1a","publisher":{"@id":"https:\/\/iha-race.com\/it\/#organization"},"potentialAction":[{"@type":"SearchAction","target":{"@type":"EntryPoint","urlTemplate":"https:\/\/iha-race.com\/it\/?s={search_term_string}"},"query-input":{"@type":"PropertyValueSpecification","valueRequired":true,"valueName":"search_term_string"}}],"inLanguage":"it-IT"},{"@type":"Organization","@id":"https:\/\/iha-race.com\/it\/#organization","name":"Iha Race","url":"https:\/\/iha-race.com\/it\/","logo":{"@type":"ImageObject","inLanguage":"it-IT","@id":"https:\/\/iha-race.com\/it\/#\/schema\/logo\/image\/","url":"https:\/\/iha-race.com\/wp-content\/uploads\/2018\/07\/iha-race-drones-de-carreras-tienda-comprar-drones.png","contentUrl":"https:\/\/iha-race.com\/wp-content\/uploads\/2018\/07\/iha-race-drones-de-carreras-tienda-comprar-drones.png","width":300,"height":100,"caption":"Iha Race"},"image":{"@id":"https:\/\/iha-race.com\/it\/#\/schema\/logo\/image\/"}}]}},"jetpack_sharing_enabled":true,"brands":[],"_links":{"self":[{"href":"https:\/\/iha-race.com\/it\/wp-json\/wp\/v2\/product\/112656","targetHints":{"allow":["GET"]}}],"collection":[{"href":"https:\/\/iha-race.com\/it\/wp-json\/wp\/v2\/product"}],"about":[{"href":"https:\/\/iha-race.com\/it\/wp-json\/wp\/v2\/types\/product"}],"replies":[{"embeddable":true,"href":"https:\/\/iha-race.com\/it\/wp-json\/wp\/v2\/comments?post=112656"}],"version-history":[{"count":2,"href":"https:\/\/iha-race.com\/it\/wp-json\/wp\/v2\/product\/112656\/revisions"}],"predecessor-version":[{"id":250104,"href":"https:\/\/iha-race.com\/it\/wp-json\/wp\/v2\/product\/112656\/revisions\/250104"}],"wp:featuredmedia":[{"embeddable":true,"href":"https:\/\/iha-race.com\/it\/wp-json\/wp\/v2\/media\/83305"}],"wp:attachment":[{"href":"https:\/\/iha-race.com\/it\/wp-json\/wp\/v2\/media?parent=112656"}],"wp:term":[{"taxonomy":"pwb-brand","embeddable":true,"href":"https:\/\/iha-race.com\/it\/wp-json\/wp\/v2\/pwb-brand?post=112656"},{"taxonomy":"product_cat","embeddable":true,"href":"https:\/\/iha-race.com\/it\/wp-json\/wp\/v2\/product_cat?post=112656"},{"taxonomy":"product_tag","embeddable":true,"href":"https:\/\/iha-race.com\/it\/wp-json\/wp\/v2\/product_tag?post=112656"}],"curies":[{"name":"wp","href":"https:\/\/api.w.org\/{rel}","templated":true}]}}