{"id":112590,"date":"2021-03-17T05:44:28","date_gmt":"2021-03-17T04:44:28","guid":{"rendered":"https:\/\/iha-race.com\/producto\/occhiali-fpv-fat-shark-attitude-v6\/"},"modified":"2024-08-29T12:31:22","modified_gmt":"2024-08-29T10:31:22","slug":"occhiali-fpv-grasso-scudo-attitudine-v6","status":"publish","type":"product","link":"https:\/\/iha-race.com\/it\/prodotto\/occhiali-fpv-grasso-scudo-attitudine-v6\/","title":{"rendered":"Occhiali FPV Fat Shark Attitude V6"},"content":{"rendered":"<h2>Occhiali FPV Fat Shark Attitude V6<\/h2>\n<p>  Il nuovo Fat Shark Attitude V6 punta sull&#8217;alta definizione con pannelli LCOS 1280 x 960 e diottrie regolabili. Oltre al campo visivo di 39 gradi, l&#8217;Attitude V6 ha un rapporto d&#8217;immagine selezionabile, un menu di controllo esteso del display e un pulsante di accensione configurabile. L&#8217;Attitude V6 viene fornito con ricevitori analogici diversity ed \u00e8 completamente compatibile con il modulo Shark Byte HD, a prova di futuro per la tua esperienza FPV!  <\/p>\n<div id=\"product_text\">\n<div id=\"product_text\">\n<h2>Specifiche del prodotto:<\/h2>\n<h4>OTTICA:<\/h4>\n<ul>\n<li>FOV (campo visivo): 39 gradi di diagonale<\/li>\n<li>IPD (distanza interpupillare): da 54 a 74 mm (regolabile)<\/li>\n<li>Messa a fuoco: da +2 a -6 diottrie (regolabile)<\/li>\n<\/ul>\n<h4>MONITORAGGIO:<\/h4>\n<ul>\n<li>Due display cittadini LCOS da 0,4 pollici<\/li>\n<li>Risoluzione 1280 X 960<\/li>\n<li>Selezione automatica NTCS \/ PAL<\/li>\n<li>Modalit\u00e0 AV 4: 3<\/li>\n<li>Modalit\u00e0 AV 16: 9<\/li>\n<li>Modalit\u00e0 HDMI 16: 9<\/li>\n<\/ul>\n<h4>AUDIO:<\/h4>\n<ul>\n<li>Stereo<\/li>\n<\/ul>\n<h4>CONTROLLI DELL&#8217;UTENTE:<\/h4>\n<ul>\n<li>Selezione del canale<\/li>\n<li>Controllo del volume<\/li>\n<li>Selezione della modalit\u00e0<\/li>\n<li>Controllo del display (luminosit\u00e0 e contrasto)<\/li>\n<li>Controllo DVR<\/li>\n<li>Pulsante di accensione \/ controllo della ventola<\/li>\n<\/ul>\n<h4>ELETTRICO:<\/h4>\n<ul>\n<li>Alimentazione: tensione di ingresso 7 &#8211; 13V (alimentazione 2S &#8211; 3S)<\/li>\n<li>Consumo di energia: 320 mA con alimentazione di ingresso a 7,5 V (senza modulo RX)<\/li>\n<li>DVR analogico: supporto MicroSD fino a 32 GB<\/li>\n<li>Velocit\u00e0 di registrazione: 6 Mbps (compressione MJPG, 30 fps, AVI)<\/li>\n<li>Riproduzione di file (registrazione nativa, senza supporto di codec)<\/li>\n<li>Aggiornabile tramite scheda SD<\/li>\n<\/ul>\n<h4>BATTERIA:<\/h4>\n<ul>\n<li>Batteria 18650 da 7,4 V, 1,8 A<\/li>\n<\/ul>\n<h4>INTERFACCIA:<\/h4>\n<ul>\n<li>Porta di ingresso\/uscita AV da 3,5 mm<\/li>\n<li>Porta di ingresso dell&#8217;alimentazione<\/li>\n<li>Porta per cuffie da 3,5 mm 3p<\/li>\n<li>MicroSD<\/li>\n<li>Alloggiamento del modulo RF<\/li>\n<li>Connettore HT Collegamento interno a 3 pin<\/li>\n<li>Pulsante di accensione<\/li>\n<\/ul>\n<h4><a href=\"https:\/\/www.fatshark.com\/wp-content\/uploads\/2021\/01\/fatshark-attitude-v6-manual.pdf\"><span style=\"color: #ff0000;\">MANUALE<\/span><\/a><\/h4>\n<h2>La confezione include:<\/h2>\n<ul>\n<li>1 x Fat Shark Attitude V6 Occhiali FPV<\/li>\n<li>1 x Custodia da trasporto<\/li>\n<li>1 x 18650 batteria per cuffie (batterie non incluse)<\/li>\n<li>1 ricevitore OLED True Diversity gi\u00e0 installato nelle cuffie<\/li>\n<li>2 antenne patch<\/li>\n<\/ul>\n<\/div>\n<\/div>\n","protected":false},"excerpt":{"rendered":"<p>Occhiali FPV Fat Shark Attitude V6 Il nuovo Fat Shark Attitude V6 punta sull&#8217;alta definizione con pannelli LCOS 1280 x 960 e diottrie regolabili. Oltre al campo visivo di 39<\/p>\n","protected":false},"featured_media":96752,"comment_status":"open","ping_status":"closed","template":"","meta":{"_joinchat":[]},"pwb-brand":[],"product_cat":[2451,40],"product_tag":[666],"class_list":{"0":"post-112590","1":"product","2":"type-product","3":"status-publish","4":"has-post-thumbnail","6":"product_cat-gafas-y-monitores","7":"product_cat-gafas","8":"product_tag-marzo","10":"first","11":"outofstock","12":"taxable","13":"shipping-taxable","14":"purchasable","15":"product-type-simple"},"barcode":null,"atum_controlled":true,"out_stock_date":"2022-01-26 21:02:34","out_stock_threshold":null,"inheritable":false,"stock_on_hold":0,"sold_today":0,"sales_last_days":0,"out_stock_days":1542,"lost_sales":0,"update_date":"2026-04-18T20:30:54","atum_locations":[],"atum_stock_status":"outofstock","restock_status":false,"low_stock_amount":"","sales_update_date":"2026-04-18T20:30:54","calc_backorders":null,"yoast_head":"<!-- This site is optimized with the Yoast SEO plugin v27.3 - https:\/\/yoast.com\/product\/yoast-seo-wordpress\/ -->\n<title>Occhiali FPV Fat Shark Attitude V6 - Iha Race<\/title>\n<meta name=\"robots\" content=\"index, follow, max-snippet:-1, max-image-preview:large, max-video-preview:-1\" \/>\n<link rel=\"canonical\" href=\"https:\/\/iha-race.com\/it\/prodotto\/occhiali-fpv-grasso-scudo-attitudine-v6\/\" \/>\n<meta property=\"og:locale\" content=\"it_IT\" \/>\n<meta property=\"og:type\" content=\"article\" \/>\n<meta property=\"og:title\" content=\"Occhiali FPV Fat Shark Attitude V6 - Iha Race\" \/>\n<meta property=\"og:description\" content=\"Occhiali FPV Fat Shark Attitude V6 Il nuovo Fat Shark Attitude V6 punta sull&#8217;alta definizione con pannelli LCOS 1280 x 960 e diottrie regolabili. Oltre al campo visivo di 39\" \/>\n<meta property=\"og:url\" content=\"https:\/\/iha-race.com\/it\/prodotto\/occhiali-fpv-grasso-scudo-attitudine-v6\/\" \/>\n<meta property=\"og:site_name\" content=\"Iha Race\" \/>\n<meta property=\"article:modified_time\" content=\"2024-08-29T10:31:22+00:00\" \/>\n<meta property=\"og:image\" content=\"https:\/\/iha-race.com\/wp-content\/uploads\/2019\/08\/Gafas-FPV-Fat-Shark-Attitude-V6.jpg\" \/>\n\t<meta property=\"og:image:width\" content=\"800\" \/>\n\t<meta property=\"og:image:height\" content=\"800\" \/>\n\t<meta property=\"og:image:type\" content=\"image\/jpeg\" \/>\n<meta name=\"twitter:card\" content=\"summary_large_image\" \/>\n<meta name=\"twitter:label1\" content=\"Tempo di lettura stimato\" \/>\n\t<meta name=\"twitter:data1\" content=\"1 minuto\" \/>\n<script type=\"application\/ld+json\" class=\"yoast-schema-graph\">{\"@context\":\"https:\\\/\\\/schema.org\",\"@graph\":[{\"@type\":\"WebPage\",\"@id\":\"https:\\\/\\\/iha-race.com\\\/it\\\/prodotto\\\/occhiali-fpv-grasso-scudo-attitudine-v6\\\/\",\"url\":\"https:\\\/\\\/iha-race.com\\\/it\\\/prodotto\\\/occhiali-fpv-grasso-scudo-attitudine-v6\\\/\",\"name\":\"Occhiali FPV Fat Shark Attitude V6 - Iha Race\",\"isPartOf\":{\"@id\":\"https:\\\/\\\/iha-race.com\\\/it\\\/#website\"},\"primaryImageOfPage\":{\"@id\":\"https:\\\/\\\/iha-race.com\\\/it\\\/prodotto\\\/occhiali-fpv-grasso-scudo-attitudine-v6\\\/#primaryimage\"},\"image\":{\"@id\":\"https:\\\/\\\/iha-race.com\\\/it\\\/prodotto\\\/occhiali-fpv-grasso-scudo-attitudine-v6\\\/#primaryimage\"},\"thumbnailUrl\":\"https:\\\/\\\/iha-race.com\\\/wp-content\\\/uploads\\\/2019\\\/08\\\/Gafas-FPV-Fat-Shark-Attitude-V6.jpg\",\"datePublished\":\"2021-03-17T04:44:28+00:00\",\"dateModified\":\"2024-08-29T10:31:22+00:00\",\"breadcrumb\":{\"@id\":\"https:\\\/\\\/iha-race.com\\\/it\\\/prodotto\\\/occhiali-fpv-grasso-scudo-attitudine-v6\\\/#breadcrumb\"},\"inLanguage\":\"it-IT\",\"potentialAction\":[{\"@type\":\"ReadAction\",\"target\":[\"https:\\\/\\\/iha-race.com\\\/it\\\/prodotto\\\/occhiali-fpv-grasso-scudo-attitudine-v6\\\/\"]}]},{\"@type\":\"ImageObject\",\"inLanguage\":\"it-IT\",\"@id\":\"https:\\\/\\\/iha-race.com\\\/it\\\/prodotto\\\/occhiali-fpv-grasso-scudo-attitudine-v6\\\/#primaryimage\",\"url\":\"https:\\\/\\\/iha-race.com\\\/wp-content\\\/uploads\\\/2019\\\/08\\\/Gafas-FPV-Fat-Shark-Attitude-V6.jpg\",\"contentUrl\":\"https:\\\/\\\/iha-race.com\\\/wp-content\\\/uploads\\\/2019\\\/08\\\/Gafas-FPV-Fat-Shark-Attitude-V6.jpg\",\"width\":800,\"height\":800,\"caption\":\"acquistare i pi\u00f9 economici occhiali Fat Shark Attitude V6 FPV\"},{\"@type\":\"BreadcrumbList\",\"@id\":\"https:\\\/\\\/iha-race.com\\\/it\\\/prodotto\\\/occhiali-fpv-grasso-scudo-attitudine-v6\\\/#breadcrumb\",\"itemListElement\":[{\"@type\":\"ListItem\",\"position\":1,\"name\":\"Portada\",\"item\":\"https:\\\/\\\/iha-race.com\\\/it\\\/\"},{\"@type\":\"ListItem\",\"position\":2,\"name\":\"Negozio\",\"item\":\"https:\\\/\\\/iha-race.com\\\/it\\\/negozio\\\/\"},{\"@type\":\"ListItem\",\"position\":3,\"name\":\"Occhiali FPV Fat Shark Attitude V6\"}]},{\"@type\":\"WebSite\",\"@id\":\"https:\\\/\\\/iha-race.com\\\/it\\\/#website\",\"url\":\"https:\\\/\\\/iha-race.com\\\/it\\\/\",\"name\":\"Iha Race\",\"description\":\"Comprar drones de carreras FPV env\u00edos en un d\u00eda desde Espa\u00f1a\",\"publisher\":{\"@id\":\"https:\\\/\\\/iha-race.com\\\/it\\\/#organization\"},\"potentialAction\":[{\"@type\":\"SearchAction\",\"target\":{\"@type\":\"EntryPoint\",\"urlTemplate\":\"https:\\\/\\\/iha-race.com\\\/it\\\/?s={search_term_string}\"},\"query-input\":{\"@type\":\"PropertyValueSpecification\",\"valueRequired\":true,\"valueName\":\"search_term_string\"}}],\"inLanguage\":\"it-IT\"},{\"@type\":\"Organization\",\"@id\":\"https:\\\/\\\/iha-race.com\\\/it\\\/#organization\",\"name\":\"Iha Race\",\"url\":\"https:\\\/\\\/iha-race.com\\\/it\\\/\",\"logo\":{\"@type\":\"ImageObject\",\"inLanguage\":\"it-IT\",\"@id\":\"https:\\\/\\\/iha-race.com\\\/it\\\/#\\\/schema\\\/logo\\\/image\\\/\",\"url\":\"https:\\\/\\\/iha-race.com\\\/wp-content\\\/uploads\\\/2018\\\/07\\\/iha-race-drones-de-carreras-tienda-comprar-drones.png\",\"contentUrl\":\"https:\\\/\\\/iha-race.com\\\/wp-content\\\/uploads\\\/2018\\\/07\\\/iha-race-drones-de-carreras-tienda-comprar-drones.png\",\"width\":300,\"height\":100,\"caption\":\"Iha Race\"},\"image\":{\"@id\":\"https:\\\/\\\/iha-race.com\\\/it\\\/#\\\/schema\\\/logo\\\/image\\\/\"}}]}<\/script>\n<!-- \/ Yoast SEO plugin. -->","yoast_head_json":{"title":"Occhiali FPV Fat Shark Attitude V6 - Iha Race","robots":{"index":"index","follow":"follow","max-snippet":"max-snippet:-1","max-image-preview":"max-image-preview:large","max-video-preview":"max-video-preview:-1"},"canonical":"https:\/\/iha-race.com\/it\/prodotto\/occhiali-fpv-grasso-scudo-attitudine-v6\/","og_locale":"it_IT","og_type":"article","og_title":"Occhiali FPV Fat Shark Attitude V6 - Iha Race","og_description":"Occhiali FPV Fat Shark Attitude V6 Il nuovo Fat Shark Attitude V6 punta sull&#8217;alta definizione con pannelli LCOS 1280 x 960 e diottrie regolabili. Oltre al campo visivo di 39","og_url":"https:\/\/iha-race.com\/it\/prodotto\/occhiali-fpv-grasso-scudo-attitudine-v6\/","og_site_name":"Iha Race","article_modified_time":"2024-08-29T10:31:22+00:00","og_image":[{"width":800,"height":800,"url":"https:\/\/iha-race.com\/wp-content\/uploads\/2019\/08\/Gafas-FPV-Fat-Shark-Attitude-V6.jpg","type":"image\/jpeg"}],"twitter_card":"summary_large_image","twitter_misc":{"Tempo di lettura stimato":"1 minuto"},"schema":{"@context":"https:\/\/schema.org","@graph":[{"@type":"WebPage","@id":"https:\/\/iha-race.com\/it\/prodotto\/occhiali-fpv-grasso-scudo-attitudine-v6\/","url":"https:\/\/iha-race.com\/it\/prodotto\/occhiali-fpv-grasso-scudo-attitudine-v6\/","name":"Occhiali FPV Fat Shark Attitude V6 - Iha Race","isPartOf":{"@id":"https:\/\/iha-race.com\/it\/#website"},"primaryImageOfPage":{"@id":"https:\/\/iha-race.com\/it\/prodotto\/occhiali-fpv-grasso-scudo-attitudine-v6\/#primaryimage"},"image":{"@id":"https:\/\/iha-race.com\/it\/prodotto\/occhiali-fpv-grasso-scudo-attitudine-v6\/#primaryimage"},"thumbnailUrl":"https:\/\/iha-race.com\/wp-content\/uploads\/2019\/08\/Gafas-FPV-Fat-Shark-Attitude-V6.jpg","datePublished":"2021-03-17T04:44:28+00:00","dateModified":"2024-08-29T10:31:22+00:00","breadcrumb":{"@id":"https:\/\/iha-race.com\/it\/prodotto\/occhiali-fpv-grasso-scudo-attitudine-v6\/#breadcrumb"},"inLanguage":"it-IT","potentialAction":[{"@type":"ReadAction","target":["https:\/\/iha-race.com\/it\/prodotto\/occhiali-fpv-grasso-scudo-attitudine-v6\/"]}]},{"@type":"ImageObject","inLanguage":"it-IT","@id":"https:\/\/iha-race.com\/it\/prodotto\/occhiali-fpv-grasso-scudo-attitudine-v6\/#primaryimage","url":"https:\/\/iha-race.com\/wp-content\/uploads\/2019\/08\/Gafas-FPV-Fat-Shark-Attitude-V6.jpg","contentUrl":"https:\/\/iha-race.com\/wp-content\/uploads\/2019\/08\/Gafas-FPV-Fat-Shark-Attitude-V6.jpg","width":800,"height":800,"caption":"acquistare i pi\u00f9 economici occhiali Fat Shark Attitude V6 FPV"},{"@type":"BreadcrumbList","@id":"https:\/\/iha-race.com\/it\/prodotto\/occhiali-fpv-grasso-scudo-attitudine-v6\/#breadcrumb","itemListElement":[{"@type":"ListItem","position":1,"name":"Portada","item":"https:\/\/iha-race.com\/it\/"},{"@type":"ListItem","position":2,"name":"Negozio","item":"https:\/\/iha-race.com\/it\/negozio\/"},{"@type":"ListItem","position":3,"name":"Occhiali FPV Fat Shark Attitude V6"}]},{"@type":"WebSite","@id":"https:\/\/iha-race.com\/it\/#website","url":"https:\/\/iha-race.com\/it\/","name":"Iha Race","description":"Comprar drones de carreras FPV env\u00edos en un d\u00eda desde Espa\u00f1a","publisher":{"@id":"https:\/\/iha-race.com\/it\/#organization"},"potentialAction":[{"@type":"SearchAction","target":{"@type":"EntryPoint","urlTemplate":"https:\/\/iha-race.com\/it\/?s={search_term_string}"},"query-input":{"@type":"PropertyValueSpecification","valueRequired":true,"valueName":"search_term_string"}}],"inLanguage":"it-IT"},{"@type":"Organization","@id":"https:\/\/iha-race.com\/it\/#organization","name":"Iha Race","url":"https:\/\/iha-race.com\/it\/","logo":{"@type":"ImageObject","inLanguage":"it-IT","@id":"https:\/\/iha-race.com\/it\/#\/schema\/logo\/image\/","url":"https:\/\/iha-race.com\/wp-content\/uploads\/2018\/07\/iha-race-drones-de-carreras-tienda-comprar-drones.png","contentUrl":"https:\/\/iha-race.com\/wp-content\/uploads\/2018\/07\/iha-race-drones-de-carreras-tienda-comprar-drones.png","width":300,"height":100,"caption":"Iha Race"},"image":{"@id":"https:\/\/iha-race.com\/it\/#\/schema\/logo\/image\/"}}]}},"jetpack_sharing_enabled":true,"brands":[],"_links":{"self":[{"href":"https:\/\/iha-race.com\/it\/wp-json\/wp\/v2\/product\/112590","targetHints":{"allow":["GET"]}}],"collection":[{"href":"https:\/\/iha-race.com\/it\/wp-json\/wp\/v2\/product"}],"about":[{"href":"https:\/\/iha-race.com\/it\/wp-json\/wp\/v2\/types\/product"}],"replies":[{"embeddable":true,"href":"https:\/\/iha-race.com\/it\/wp-json\/wp\/v2\/comments?post=112590"}],"version-history":[{"count":2,"href":"https:\/\/iha-race.com\/it\/wp-json\/wp\/v2\/product\/112590\/revisions"}],"predecessor-version":[{"id":249594,"href":"https:\/\/iha-race.com\/it\/wp-json\/wp\/v2\/product\/112590\/revisions\/249594"}],"wp:featuredmedia":[{"embeddable":true,"href":"https:\/\/iha-race.com\/it\/wp-json\/wp\/v2\/media\/96752"}],"wp:attachment":[{"href":"https:\/\/iha-race.com\/it\/wp-json\/wp\/v2\/media?parent=112590"}],"wp:term":[{"taxonomy":"pwb-brand","embeddable":true,"href":"https:\/\/iha-race.com\/it\/wp-json\/wp\/v2\/pwb-brand?post=112590"},{"taxonomy":"product_cat","embeddable":true,"href":"https:\/\/iha-race.com\/it\/wp-json\/wp\/v2\/product_cat?post=112590"},{"taxonomy":"product_tag","embeddable":true,"href":"https:\/\/iha-race.com\/it\/wp-json\/wp\/v2\/product_tag?post=112590"}],"curies":[{"name":"wp","href":"https:\/\/api.w.org\/{rel}","templated":true}]}}