{"id":112581,"date":"2021-01-15T10:33:29","date_gmt":"2021-01-15T09:33:29","guid":{"rendered":"https:\/\/iha-race.com\/producto\/batteria-lipo-betafpv-300mah-2s-45c-2-unita\/"},"modified":"2024-08-29T12:36:40","modified_gmt":"2024-08-29T10:36:40","slug":"bateria-betafpv-lipo-300mah-2s-45c-2-unidades","status":"publish","type":"product","link":"https:\/\/iha-race.com\/it\/prodotto\/bateria-betafpv-lipo-300mah-2s-45c-2-unidades\/","title":{"rendered":"Batteria BetaFPV 300mAh 2S 45C (2 unit\u00e0)"},"content":{"rendered":"<h2>Batteria BetaFPV 300mAh 2S 45C (2 unit\u00e0)<\/h2>\n<p>  La batteria 2S da 300 mAh ha prestazioni pi\u00f9 potenti con una maggiore mobilit\u00e0 e una maggiore sensibilit\u00e0 nei voli ad alta velocit\u00e0. \u00c8 adatto anche ai droni brushless Beta75X, Mobula 7 e Eachine Trashcan Whoop 2S.  <img fetchpriority=\"high\" decoding=\"async\" class=\"alignnone wp-image-62187 size-full\" src=\"https:\/\/iha-race.com\/wp-content\/uploads\/2019\/07\/300mah-2s-bateria-betafpv.jpg\" alt=\"\" width=\"1024\" height=\"576\" srcset=\"https:\/\/iha-race.com\/wp-content\/uploads\/2019\/07\/300mah-2s-bateria-betafpv.jpg 1024w, https:\/\/iha-race.com\/wp-content\/uploads\/2019\/07\/300mah-2s-bateria-betafpv-599x337.jpg 599w, https:\/\/iha-race.com\/wp-content\/uploads\/2019\/07\/300mah-2s-bateria-betafpv-300x169.jpg 300w, https:\/\/iha-race.com\/wp-content\/uploads\/2019\/07\/300mah-2s-bateria-betafpv-768x432.jpg 768w, https:\/\/iha-race.com\/wp-content\/uploads\/2019\/07\/300mah-2s-bateria-betafpv-1536x864.jpg 1536w, https:\/\/iha-race.com\/wp-content\/uploads\/2019\/07\/300mah-2s-bateria-betafpv-2048x1152.jpg 2048w, https:\/\/iha-race.com\/wp-content\/uploads\/2019\/07\/300mah-2s-bateria-betafpv-788x443.jpg 788w\" sizes=\"(max-width: 1024px) 100vw, 1024px\" \/><\/p>\n<h2>Specifiche:<\/h2>\n<ul>\n<li>Peso: 18,4 g<\/li>\n<li>Dimensioni: 45 x 17 x 12 mm<\/li>\n<li>Connettore: XT30 con cavo in silicone da 18AWG<\/li>\n<li>Confezione: 2S 7,4 V<\/li>\n<li>Tariffa: 45C \/ 90C<\/li>\n<\/ul>\n<h2>Connettore e cavo<\/h2>\n<p><img decoding=\"async\" class=\"alignnone wp-image-62188 size-full\" src=\"https:\/\/iha-race.com\/wp-content\/uploads\/2019\/07\/Bateria-BetaFPV-Lipo-300mAh-2S-45C-2-Unidades-conector-y-cable.jpg\" alt=\"\" width=\"600\" height=\"510\" srcset=\"https:\/\/iha-race.com\/wp-content\/uploads\/2019\/07\/Bateria-BetaFPV-Lipo-300mAh-2S-45C-2-Unidades-conector-y-cable.jpg 600w, https:\/\/iha-race.com\/wp-content\/uploads\/2019\/07\/Bateria-BetaFPV-Lipo-300mAh-2S-45C-2-Unidades-conector-y-cable-300x255.jpg 300w, https:\/\/iha-race.com\/wp-content\/uploads\/2019\/07\/Bateria-BetaFPV-Lipo-300mAh-2S-45C-2-Unidades-conector-y-cable-1024x870.jpg 1024w, https:\/\/iha-race.com\/wp-content\/uploads\/2019\/07\/Bateria-BetaFPV-Lipo-300mAh-2S-45C-2-Unidades-conector-y-cable-767x652.jpg 767w, https:\/\/iha-race.com\/wp-content\/uploads\/2019\/07\/Bateria-BetaFPV-Lipo-300mAh-2S-45C-2-Unidades-conector-y-cable-1536x1306.jpg 1536w, https:\/\/iha-race.com\/wp-content\/uploads\/2019\/07\/Bateria-BetaFPV-Lipo-300mAh-2S-45C-2-Unidades-conector-y-cable-2048x1741.jpg 2048w, https:\/\/iha-race.com\/wp-content\/uploads\/2019\/07\/Bateria-BetaFPV-Lipo-300mAh-2S-45C-2-Unidades-conector-y-cable-788x669.jpg 788w\" sizes=\"(max-width: 600px) 100vw, 600px\" \/><\/p>\n<h2>Dimensione<\/h2>\n<p><img decoding=\"async\" class=\"alignnone wp-image-62189 size-full\" src=\"https:\/\/iha-race.com\/wp-content\/uploads\/2019\/07\/Bateria-BetaFPV-Lipo-300mAh-2S-45C-2-Unidades-tamano.jpg\" alt=\"\" width=\"600\" height=\"375\" srcset=\"https:\/\/iha-race.com\/wp-content\/uploads\/2019\/07\/Bateria-BetaFPV-Lipo-300mAh-2S-45C-2-Unidades-tamano.jpg 600w, https:\/\/iha-race.com\/wp-content\/uploads\/2019\/07\/Bateria-BetaFPV-Lipo-300mAh-2S-45C-2-Unidades-tamano-300x188.jpg 300w, https:\/\/iha-race.com\/wp-content\/uploads\/2019\/07\/Bateria-BetaFPV-Lipo-300mAh-2S-45C-2-Unidades-tamano-1024x640.jpg 1024w, https:\/\/iha-race.com\/wp-content\/uploads\/2019\/07\/Bateria-BetaFPV-Lipo-300mAh-2S-45C-2-Unidades-tamano-768x480.jpg 768w, https:\/\/iha-race.com\/wp-content\/uploads\/2019\/07\/Bateria-BetaFPV-Lipo-300mAh-2S-45C-2-Unidades-tamano-1536x960.jpg 1536w, https:\/\/iha-race.com\/wp-content\/uploads\/2019\/07\/Bateria-BetaFPV-Lipo-300mAh-2S-45C-2-Unidades-tamano-2048x1280.jpg 2048w, https:\/\/iha-race.com\/wp-content\/uploads\/2019\/07\/Bateria-BetaFPV-Lipo-300mAh-2S-45C-2-Unidades-tamano-788x492.jpg 788w\" sizes=\"(max-width: 600px) 100vw, 600px\" \/><\/p>\n<h2>Il pacchetto comprende:<\/h2>\n<ul>\n<li>2 batterie Lipo BETAFPV 300mAh 2S 7.4V (XT30)<\/li>\n<\/ul>\n","protected":false},"excerpt":{"rendered":"<p>Batteria BetaFPV 300mAh 2S 45C (2 unit\u00e0) La batteria 2S da 300 mAh ha prestazioni pi\u00f9 potenti con una maggiore mobilit\u00e0 e una maggiore sensibilit\u00e0 nei voli ad alta velocit\u00e0.<\/p>\n","protected":false},"featured_media":98150,"comment_status":"open","ping_status":"closed","template":"","meta":{"_joinchat":[]},"pwb-brand":[],"product_cat":[1065,1070],"product_tag":[],"class_list":{"0":"post-112581","1":"product","2":"type-product","3":"status-publish","4":"has-post-thumbnail","6":"product_cat-batterie-fpv","7":"product_cat-s2-it","9":"first","10":"instock","11":"taxable","12":"shipping-taxable","13":"purchasable","14":"product-type-simple"},"barcode":null,"atum_controlled":true,"out_stock_date":null,"out_stock_threshold":null,"inheritable":false,"stock_on_hold":0,"sold_today":0,"sales_last_days":2,"out_stock_days":0,"lost_sales":0,"update_date":"2026-04-08T16:35:01","atum_locations":[],"atum_stock_status":"instock","restock_status":false,"low_stock_amount":"","sales_update_date":"2026-03-21T11:17:11","calc_backorders":null,"yoast_head":"<!-- This site is optimized with the Yoast SEO plugin v27.3 - https:\/\/yoast.com\/product\/yoast-seo-wordpress\/ -->\n<title>Batteria BetaFPV 300mAh 2S 45C (2 unit\u00e0) - Iha Race<\/title>\n<meta name=\"robots\" content=\"index, follow, max-snippet:-1, max-image-preview:large, max-video-preview:-1\" \/>\n<link rel=\"canonical\" href=\"https:\/\/iha-race.com\/it\/prodotto\/bateria-betafpv-lipo-300mah-2s-45c-2-unidades\/\" \/>\n<meta property=\"og:locale\" content=\"it_IT\" \/>\n<meta property=\"og:type\" content=\"article\" \/>\n<meta property=\"og:title\" content=\"Batteria BetaFPV 300mAh 2S 45C (2 unit\u00e0) - Iha Race\" \/>\n<meta property=\"og:description\" content=\"Batteria BetaFPV 300mAh 2S 45C (2 unit\u00e0) La batteria 2S da 300 mAh ha prestazioni pi\u00f9 potenti con una maggiore mobilit\u00e0 e una maggiore sensibilit\u00e0 nei voli ad alta velocit\u00e0.\" \/>\n<meta property=\"og:url\" content=\"https:\/\/iha-race.com\/it\/prodotto\/bateria-betafpv-lipo-300mah-2s-45c-2-unidades\/\" \/>\n<meta property=\"og:site_name\" content=\"Iha Race\" \/>\n<meta property=\"article:modified_time\" content=\"2024-08-29T10:36:40+00:00\" \/>\n<meta property=\"og:image\" content=\"https:\/\/iha-race.com\/wp-content\/uploads\/2019\/07\/Bateria-BetaFPV-Lipo-300mAh-2S-45C-2-Unidades.jpg\" \/>\n\t<meta property=\"og:image:width\" content=\"800\" \/>\n\t<meta property=\"og:image:height\" content=\"800\" \/>\n\t<meta property=\"og:image:type\" content=\"image\/jpeg\" \/>\n<meta name=\"twitter:card\" content=\"summary_large_image\" \/>\n<script type=\"application\/ld+json\" class=\"yoast-schema-graph\">{\"@context\":\"https:\\\/\\\/schema.org\",\"@graph\":[{\"@type\":\"WebPage\",\"@id\":\"https:\\\/\\\/iha-race.com\\\/it\\\/prodotto\\\/bateria-betafpv-lipo-300mah-2s-45c-2-unidades\\\/\",\"url\":\"https:\\\/\\\/iha-race.com\\\/it\\\/prodotto\\\/bateria-betafpv-lipo-300mah-2s-45c-2-unidades\\\/\",\"name\":\"Batteria BetaFPV 300mAh 2S 45C (2 unit\u00e0) - Iha Race\",\"isPartOf\":{\"@id\":\"https:\\\/\\\/iha-race.com\\\/it\\\/#website\"},\"primaryImageOfPage\":{\"@id\":\"https:\\\/\\\/iha-race.com\\\/it\\\/prodotto\\\/bateria-betafpv-lipo-300mah-2s-45c-2-unidades\\\/#primaryimage\"},\"image\":{\"@id\":\"https:\\\/\\\/iha-race.com\\\/it\\\/prodotto\\\/bateria-betafpv-lipo-300mah-2s-45c-2-unidades\\\/#primaryimage\"},\"thumbnailUrl\":\"https:\\\/\\\/iha-race.com\\\/wp-content\\\/uploads\\\/2019\\\/07\\\/Bateria-BetaFPV-Lipo-300mAh-2S-45C-2-Unidades.jpg\",\"datePublished\":\"2021-01-15T09:33:29+00:00\",\"dateModified\":\"2024-08-29T10:36:40+00:00\",\"breadcrumb\":{\"@id\":\"https:\\\/\\\/iha-race.com\\\/it\\\/prodotto\\\/bateria-betafpv-lipo-300mah-2s-45c-2-unidades\\\/#breadcrumb\"},\"inLanguage\":\"it-IT\",\"potentialAction\":[{\"@type\":\"ReadAction\",\"target\":[\"https:\\\/\\\/iha-race.com\\\/it\\\/prodotto\\\/bateria-betafpv-lipo-300mah-2s-45c-2-unidades\\\/\"]}]},{\"@type\":\"ImageObject\",\"inLanguage\":\"it-IT\",\"@id\":\"https:\\\/\\\/iha-race.com\\\/it\\\/prodotto\\\/bateria-betafpv-lipo-300mah-2s-45c-2-unidades\\\/#primaryimage\",\"url\":\"https:\\\/\\\/iha-race.com\\\/wp-content\\\/uploads\\\/2019\\\/07\\\/Bateria-BetaFPV-Lipo-300mAh-2S-45C-2-Unidades.jpg\",\"contentUrl\":\"https:\\\/\\\/iha-race.com\\\/wp-content\\\/uploads\\\/2019\\\/07\\\/Bateria-BetaFPV-Lipo-300mAh-2S-45C-2-Unidades.jpg\",\"width\":800,\"height\":800,\"caption\":\"acquistare il pi\u00f9 economico BetaFPV Lipo Battery 300mAh 2S 45C (2 Unit\u00e0)\"},{\"@type\":\"BreadcrumbList\",\"@id\":\"https:\\\/\\\/iha-race.com\\\/it\\\/prodotto\\\/bateria-betafpv-lipo-300mah-2s-45c-2-unidades\\\/#breadcrumb\",\"itemListElement\":[{\"@type\":\"ListItem\",\"position\":1,\"name\":\"Portada\",\"item\":\"https:\\\/\\\/iha-race.com\\\/it\\\/\"},{\"@type\":\"ListItem\",\"position\":2,\"name\":\"Negozio\",\"item\":\"https:\\\/\\\/iha-race.com\\\/it\\\/negozio\\\/\"},{\"@type\":\"ListItem\",\"position\":3,\"name\":\"Batteria BetaFPV 300mAh 2S 45C (2 unit\u00e0)\"}]},{\"@type\":\"WebSite\",\"@id\":\"https:\\\/\\\/iha-race.com\\\/it\\\/#website\",\"url\":\"https:\\\/\\\/iha-race.com\\\/it\\\/\",\"name\":\"Iha Race\",\"description\":\"Comprar drones de carreras FPV env\u00edos en un d\u00eda desde Espa\u00f1a\",\"publisher\":{\"@id\":\"https:\\\/\\\/iha-race.com\\\/it\\\/#organization\"},\"potentialAction\":[{\"@type\":\"SearchAction\",\"target\":{\"@type\":\"EntryPoint\",\"urlTemplate\":\"https:\\\/\\\/iha-race.com\\\/it\\\/?s={search_term_string}\"},\"query-input\":{\"@type\":\"PropertyValueSpecification\",\"valueRequired\":true,\"valueName\":\"search_term_string\"}}],\"inLanguage\":\"it-IT\"},{\"@type\":\"Organization\",\"@id\":\"https:\\\/\\\/iha-race.com\\\/it\\\/#organization\",\"name\":\"Iha Race\",\"url\":\"https:\\\/\\\/iha-race.com\\\/it\\\/\",\"logo\":{\"@type\":\"ImageObject\",\"inLanguage\":\"it-IT\",\"@id\":\"https:\\\/\\\/iha-race.com\\\/it\\\/#\\\/schema\\\/logo\\\/image\\\/\",\"url\":\"https:\\\/\\\/iha-race.com\\\/wp-content\\\/uploads\\\/2018\\\/07\\\/iha-race-drones-de-carreras-tienda-comprar-drones.png\",\"contentUrl\":\"https:\\\/\\\/iha-race.com\\\/wp-content\\\/uploads\\\/2018\\\/07\\\/iha-race-drones-de-carreras-tienda-comprar-drones.png\",\"width\":300,\"height\":100,\"caption\":\"Iha Race\"},\"image\":{\"@id\":\"https:\\\/\\\/iha-race.com\\\/it\\\/#\\\/schema\\\/logo\\\/image\\\/\"}}]}<\/script>\n<!-- \/ Yoast SEO plugin. -->","yoast_head_json":{"title":"Batteria BetaFPV 300mAh 2S 45C (2 unit\u00e0) - Iha Race","robots":{"index":"index","follow":"follow","max-snippet":"max-snippet:-1","max-image-preview":"max-image-preview:large","max-video-preview":"max-video-preview:-1"},"canonical":"https:\/\/iha-race.com\/it\/prodotto\/bateria-betafpv-lipo-300mah-2s-45c-2-unidades\/","og_locale":"it_IT","og_type":"article","og_title":"Batteria BetaFPV 300mAh 2S 45C (2 unit\u00e0) - Iha Race","og_description":"Batteria BetaFPV 300mAh 2S 45C (2 unit\u00e0) La batteria 2S da 300 mAh ha prestazioni pi\u00f9 potenti con una maggiore mobilit\u00e0 e una maggiore sensibilit\u00e0 nei voli ad alta velocit\u00e0.","og_url":"https:\/\/iha-race.com\/it\/prodotto\/bateria-betafpv-lipo-300mah-2s-45c-2-unidades\/","og_site_name":"Iha Race","article_modified_time":"2024-08-29T10:36:40+00:00","og_image":[{"width":800,"height":800,"url":"https:\/\/iha-race.com\/wp-content\/uploads\/2019\/07\/Bateria-BetaFPV-Lipo-300mAh-2S-45C-2-Unidades.jpg","type":"image\/jpeg"}],"twitter_card":"summary_large_image","schema":{"@context":"https:\/\/schema.org","@graph":[{"@type":"WebPage","@id":"https:\/\/iha-race.com\/it\/prodotto\/bateria-betafpv-lipo-300mah-2s-45c-2-unidades\/","url":"https:\/\/iha-race.com\/it\/prodotto\/bateria-betafpv-lipo-300mah-2s-45c-2-unidades\/","name":"Batteria BetaFPV 300mAh 2S 45C (2 unit\u00e0) - Iha Race","isPartOf":{"@id":"https:\/\/iha-race.com\/it\/#website"},"primaryImageOfPage":{"@id":"https:\/\/iha-race.com\/it\/prodotto\/bateria-betafpv-lipo-300mah-2s-45c-2-unidades\/#primaryimage"},"image":{"@id":"https:\/\/iha-race.com\/it\/prodotto\/bateria-betafpv-lipo-300mah-2s-45c-2-unidades\/#primaryimage"},"thumbnailUrl":"https:\/\/iha-race.com\/wp-content\/uploads\/2019\/07\/Bateria-BetaFPV-Lipo-300mAh-2S-45C-2-Unidades.jpg","datePublished":"2021-01-15T09:33:29+00:00","dateModified":"2024-08-29T10:36:40+00:00","breadcrumb":{"@id":"https:\/\/iha-race.com\/it\/prodotto\/bateria-betafpv-lipo-300mah-2s-45c-2-unidades\/#breadcrumb"},"inLanguage":"it-IT","potentialAction":[{"@type":"ReadAction","target":["https:\/\/iha-race.com\/it\/prodotto\/bateria-betafpv-lipo-300mah-2s-45c-2-unidades\/"]}]},{"@type":"ImageObject","inLanguage":"it-IT","@id":"https:\/\/iha-race.com\/it\/prodotto\/bateria-betafpv-lipo-300mah-2s-45c-2-unidades\/#primaryimage","url":"https:\/\/iha-race.com\/wp-content\/uploads\/2019\/07\/Bateria-BetaFPV-Lipo-300mAh-2S-45C-2-Unidades.jpg","contentUrl":"https:\/\/iha-race.com\/wp-content\/uploads\/2019\/07\/Bateria-BetaFPV-Lipo-300mAh-2S-45C-2-Unidades.jpg","width":800,"height":800,"caption":"acquistare il pi\u00f9 economico BetaFPV Lipo Battery 300mAh 2S 45C (2 Unit\u00e0)"},{"@type":"BreadcrumbList","@id":"https:\/\/iha-race.com\/it\/prodotto\/bateria-betafpv-lipo-300mah-2s-45c-2-unidades\/#breadcrumb","itemListElement":[{"@type":"ListItem","position":1,"name":"Portada","item":"https:\/\/iha-race.com\/it\/"},{"@type":"ListItem","position":2,"name":"Negozio","item":"https:\/\/iha-race.com\/it\/negozio\/"},{"@type":"ListItem","position":3,"name":"Batteria BetaFPV 300mAh 2S 45C (2 unit\u00e0)"}]},{"@type":"WebSite","@id":"https:\/\/iha-race.com\/it\/#website","url":"https:\/\/iha-race.com\/it\/","name":"Iha Race","description":"Comprar drones de carreras FPV env\u00edos en un d\u00eda desde Espa\u00f1a","publisher":{"@id":"https:\/\/iha-race.com\/it\/#organization"},"potentialAction":[{"@type":"SearchAction","target":{"@type":"EntryPoint","urlTemplate":"https:\/\/iha-race.com\/it\/?s={search_term_string}"},"query-input":{"@type":"PropertyValueSpecification","valueRequired":true,"valueName":"search_term_string"}}],"inLanguage":"it-IT"},{"@type":"Organization","@id":"https:\/\/iha-race.com\/it\/#organization","name":"Iha Race","url":"https:\/\/iha-race.com\/it\/","logo":{"@type":"ImageObject","inLanguage":"it-IT","@id":"https:\/\/iha-race.com\/it\/#\/schema\/logo\/image\/","url":"https:\/\/iha-race.com\/wp-content\/uploads\/2018\/07\/iha-race-drones-de-carreras-tienda-comprar-drones.png","contentUrl":"https:\/\/iha-race.com\/wp-content\/uploads\/2018\/07\/iha-race-drones-de-carreras-tienda-comprar-drones.png","width":300,"height":100,"caption":"Iha Race"},"image":{"@id":"https:\/\/iha-race.com\/it\/#\/schema\/logo\/image\/"}}]}},"brands":[],"_links":{"self":[{"href":"https:\/\/iha-race.com\/it\/wp-json\/wp\/v2\/product\/112581","targetHints":{"allow":["GET"]}}],"collection":[{"href":"https:\/\/iha-race.com\/it\/wp-json\/wp\/v2\/product"}],"about":[{"href":"https:\/\/iha-race.com\/it\/wp-json\/wp\/v2\/types\/product"}],"replies":[{"embeddable":true,"href":"https:\/\/iha-race.com\/it\/wp-json\/wp\/v2\/comments?post=112581"}],"version-history":[{"count":2,"href":"https:\/\/iha-race.com\/it\/wp-json\/wp\/v2\/product\/112581\/revisions"}],"predecessor-version":[{"id":249690,"href":"https:\/\/iha-race.com\/it\/wp-json\/wp\/v2\/product\/112581\/revisions\/249690"}],"wp:featuredmedia":[{"embeddable":true,"href":"https:\/\/iha-race.com\/it\/wp-json\/wp\/v2\/media\/98150"}],"wp:attachment":[{"href":"https:\/\/iha-race.com\/it\/wp-json\/wp\/v2\/media?parent=112581"}],"wp:term":[{"taxonomy":"pwb-brand","embeddable":true,"href":"https:\/\/iha-race.com\/it\/wp-json\/wp\/v2\/pwb-brand?post=112581"},{"taxonomy":"product_cat","embeddable":true,"href":"https:\/\/iha-race.com\/it\/wp-json\/wp\/v2\/product_cat?post=112581"},{"taxonomy":"product_tag","embeddable":true,"href":"https:\/\/iha-race.com\/it\/wp-json\/wp\/v2\/product_tag?post=112581"}],"curies":[{"name":"wp","href":"https:\/\/api.w.org\/{rel}","templated":true}]}}