{"id":112572,"date":"2019-07-17T17:54:06","date_gmt":"2019-07-17T15:54:06","guid":{"rendered":"https:\/\/iha-race.com\/producto\/eliche-ethix-s4-limone-lemonio\/"},"modified":"2026-03-22T22:18:02","modified_gmt":"2026-03-22T21:18:02","slug":"eliche-ethix-s4-lima-limone","status":"publish","type":"product","link":"https:\/\/iha-race.com\/it\/prodotto\/eliche-ethix-s4-lima-limone\/","title":{"rendered":"Eliche Ethix S4 Limone\/Lemonio"},"content":{"rendered":"<h2>Eliche Ethix S4 Limone\/Lemonio<\/h2>\n<p>  Il tanto atteso prodotto 5&#215;3.7&#215;3 Ethix Lemon Lime S4 di Mr. Steele prodotto da HQ Prop.  <\/p>\n<h3><strong>Specifiche:<\/strong><\/h3>\n<ul>\n<li><strong>Diametro dell&#8217;elica:<\/strong> 5 pollici<\/li>\n<li><strong>Passo:<\/strong> 3.7<\/li>\n<li><strong>Lame:<\/strong> 3<\/li>\n<li><strong>Materiale:<\/strong> policarbonato<\/li>\n<li><strong>Peso:<\/strong> 3,6 g<\/li>\n<li><strong>Diametro del mozzo:<\/strong> 12,5 mm<\/li>\n<li><strong>Spessore del mozzo:<\/strong> 6 mm<\/li>\n<li><strong>Albero:<\/strong> 5 mm<\/li>\n<li><strong>Anelli adattatori:<\/strong> NO<\/li>\n<\/ul>\n<h3><strong>Include:<\/strong><\/h3>\n<ul>\n<li>HQ Ethix S4 5&#215;3.7&#215;3 (2 x eliche CCW, 2 x eliche CW) a Lima Limon<\/li>\n<\/ul>\n<p><img fetchpriority=\"high\" decoding=\"async\" class=\"size-full wp-image-11763\" src=\"https:\/\/iha-race.com\/wp-content\/uploads\/2019\/07\/maxresdefault.jpg\" alt=\"Eliche Ethix S4 Limone\/Lemonio\" width=\"1280\" height=\"720\" srcset=\"https:\/\/iha-race.com\/wp-content\/uploads\/2019\/07\/maxresdefault.jpg 1280w, https:\/\/iha-race.com\/wp-content\/uploads\/2019\/07\/maxresdefault-599x337.jpg 599w, https:\/\/iha-race.com\/wp-content\/uploads\/2019\/07\/maxresdefault-300x169.jpg 300w, https:\/\/iha-race.com\/wp-content\/uploads\/2019\/07\/maxresdefault-768x432.jpg 768w, https:\/\/iha-race.com\/wp-content\/uploads\/2019\/07\/maxresdefault-1024x576.jpg 1024w, https:\/\/iha-race.com\/wp-content\/uploads\/2019\/07\/maxresdefault-788x443.jpg 788w\" sizes=\"(max-width: 1280px) 100vw, 1280px\" \/><\/p>\n","protected":false},"excerpt":{"rendered":"<p>Eliche Ethix S4 Limone\/Lemonio Il tanto atteso prodotto 5&#215;3.7&#215;3 Ethix Lemon Lime S4 di Mr. Steele prodotto da HQ Prop. Specifiche: Diametro dell&#8217;elica: 5 pollici Passo: 3.7 Lame: 3 Materiale:<\/p>\n","protected":false},"featured_media":92840,"comment_status":"open","ping_status":"closed","template":"","meta":{"_joinchat":[]},"pwb-brand":[],"product_cat":[1352,1390],"product_tag":[],"class_list":{"0":"post-112572","1":"product","2":"type-product","3":"status-publish","4":"has-post-thumbnail","6":"product_cat-1352","7":"product_cat-tripalas-it","9":"first","10":"outofstock","11":"taxable","12":"shipping-taxable","13":"purchasable","14":"product-type-simple"},"barcode":null,"atum_controlled":true,"out_stock_date":"2026-03-22 22:18:03","out_stock_threshold":null,"inheritable":false,"stock_on_hold":0,"sold_today":0,"sales_last_days":0,"out_stock_days":24,"lost_sales":77,"update_date":"2026-04-16T08:25:46","atum_locations":[],"atum_stock_status":"outofstock","restock_status":false,"low_stock_amount":"","sales_update_date":"2026-04-16T08:25:46","calc_backorders":null,"yoast_head":"<!-- This site is optimized with the Yoast SEO plugin v27.3 - https:\/\/yoast.com\/product\/yoast-seo-wordpress\/ -->\n<title>Eliche Ethix S4 Limone\/Lemonio - Iha Race<\/title>\n<meta name=\"robots\" content=\"index, follow, max-snippet:-1, max-image-preview:large, max-video-preview:-1\" \/>\n<link rel=\"canonical\" href=\"https:\/\/iha-race.com\/it\/prodotto\/eliche-ethix-s4-lima-limone\/\" \/>\n<meta property=\"og:locale\" content=\"it_IT\" \/>\n<meta property=\"og:type\" content=\"article\" \/>\n<meta property=\"og:title\" content=\"Eliche Ethix S4 Limone\/Lemonio - Iha Race\" \/>\n<meta property=\"og:description\" content=\"Eliche Ethix S4 Limone\/Lemonio Il tanto atteso prodotto 5&#215;3.7&#215;3 Ethix Lemon Lime S4 di Mr. Steele prodotto da HQ Prop. Specifiche: Diametro dell&#8217;elica: 5 pollici Passo: 3.7 Lame: 3 Materiale:\" \/>\n<meta property=\"og:url\" content=\"https:\/\/iha-race.com\/it\/prodotto\/eliche-ethix-s4-lima-limone\/\" \/>\n<meta property=\"og:site_name\" content=\"Iha Race\" \/>\n<meta property=\"article:modified_time\" content=\"2026-03-22T21:18:02+00:00\" \/>\n<meta property=\"og:image\" content=\"https:\/\/iha-race.com\/wp-content\/uploads\/2019\/07\/helices-ethix-s4-lima-limon-1.jpg\" \/>\n\t<meta property=\"og:image:width\" content=\"800\" \/>\n\t<meta property=\"og:image:height\" content=\"800\" \/>\n\t<meta property=\"og:image:type\" content=\"image\/jpeg\" \/>\n<meta name=\"twitter:card\" content=\"summary_large_image\" \/>\n<script type=\"application\/ld+json\" class=\"yoast-schema-graph\">{\"@context\":\"https:\\\/\\\/schema.org\",\"@graph\":[{\"@type\":\"WebPage\",\"@id\":\"https:\\\/\\\/iha-race.com\\\/it\\\/prodotto\\\/eliche-ethix-s4-lima-limone\\\/\",\"url\":\"https:\\\/\\\/iha-race.com\\\/it\\\/prodotto\\\/eliche-ethix-s4-lima-limone\\\/\",\"name\":\"Eliche Ethix S4 Limone\\\/Lemonio - Iha Race\",\"isPartOf\":{\"@id\":\"https:\\\/\\\/iha-race.com\\\/it\\\/#website\"},\"primaryImageOfPage\":{\"@id\":\"https:\\\/\\\/iha-race.com\\\/it\\\/prodotto\\\/eliche-ethix-s4-lima-limone\\\/#primaryimage\"},\"image\":{\"@id\":\"https:\\\/\\\/iha-race.com\\\/it\\\/prodotto\\\/eliche-ethix-s4-lima-limone\\\/#primaryimage\"},\"thumbnailUrl\":\"https:\\\/\\\/iha-race.com\\\/wp-content\\\/uploads\\\/2019\\\/07\\\/helices-ethix-s4-lima-limon-1.jpg\",\"datePublished\":\"2019-07-17T15:54:06+00:00\",\"dateModified\":\"2026-03-22T21:18:02+00:00\",\"breadcrumb\":{\"@id\":\"https:\\\/\\\/iha-race.com\\\/it\\\/prodotto\\\/eliche-ethix-s4-lima-limone\\\/#breadcrumb\"},\"inLanguage\":\"it-IT\",\"potentialAction\":[{\"@type\":\"ReadAction\",\"target\":[\"https:\\\/\\\/iha-race.com\\\/it\\\/prodotto\\\/eliche-ethix-s4-lima-limone\\\/\"]}]},{\"@type\":\"ImageObject\",\"inLanguage\":\"it-IT\",\"@id\":\"https:\\\/\\\/iha-race.com\\\/it\\\/prodotto\\\/eliche-ethix-s4-lima-limone\\\/#primaryimage\",\"url\":\"https:\\\/\\\/iha-race.com\\\/wp-content\\\/uploads\\\/2019\\\/07\\\/helices-ethix-s4-lima-limon-1.jpg\",\"contentUrl\":\"https:\\\/\\\/iha-race.com\\\/wp-content\\\/uploads\\\/2019\\\/07\\\/helices-ethix-s4-lima-limon-1.jpg\",\"width\":800,\"height\":800,\"caption\":\"eliche-ethix-s4-lima-limone\"},{\"@type\":\"BreadcrumbList\",\"@id\":\"https:\\\/\\\/iha-race.com\\\/it\\\/prodotto\\\/eliche-ethix-s4-lima-limone\\\/#breadcrumb\",\"itemListElement\":[{\"@type\":\"ListItem\",\"position\":1,\"name\":\"Portada\",\"item\":\"https:\\\/\\\/iha-race.com\\\/it\\\/\"},{\"@type\":\"ListItem\",\"position\":2,\"name\":\"Negozio\",\"item\":\"https:\\\/\\\/iha-race.com\\\/it\\\/negozio\\\/\"},{\"@type\":\"ListItem\",\"position\":3,\"name\":\"Eliche Ethix S4 Limone\\\/Lemonio\"}]},{\"@type\":\"WebSite\",\"@id\":\"https:\\\/\\\/iha-race.com\\\/it\\\/#website\",\"url\":\"https:\\\/\\\/iha-race.com\\\/it\\\/\",\"name\":\"Iha Race\",\"description\":\"Comprar drones de carreras FPV env\u00edos en un d\u00eda desde Espa\u00f1a\",\"publisher\":{\"@id\":\"https:\\\/\\\/iha-race.com\\\/it\\\/#organization\"},\"potentialAction\":[{\"@type\":\"SearchAction\",\"target\":{\"@type\":\"EntryPoint\",\"urlTemplate\":\"https:\\\/\\\/iha-race.com\\\/it\\\/?s={search_term_string}\"},\"query-input\":{\"@type\":\"PropertyValueSpecification\",\"valueRequired\":true,\"valueName\":\"search_term_string\"}}],\"inLanguage\":\"it-IT\"},{\"@type\":\"Organization\",\"@id\":\"https:\\\/\\\/iha-race.com\\\/it\\\/#organization\",\"name\":\"Iha Race\",\"url\":\"https:\\\/\\\/iha-race.com\\\/it\\\/\",\"logo\":{\"@type\":\"ImageObject\",\"inLanguage\":\"it-IT\",\"@id\":\"https:\\\/\\\/iha-race.com\\\/it\\\/#\\\/schema\\\/logo\\\/image\\\/\",\"url\":\"https:\\\/\\\/iha-race.com\\\/wp-content\\\/uploads\\\/2018\\\/07\\\/iha-race-drones-de-carreras-tienda-comprar-drones.png\",\"contentUrl\":\"https:\\\/\\\/iha-race.com\\\/wp-content\\\/uploads\\\/2018\\\/07\\\/iha-race-drones-de-carreras-tienda-comprar-drones.png\",\"width\":300,\"height\":100,\"caption\":\"Iha Race\"},\"image\":{\"@id\":\"https:\\\/\\\/iha-race.com\\\/it\\\/#\\\/schema\\\/logo\\\/image\\\/\"}}]}<\/script>\n<!-- \/ Yoast SEO plugin. -->","yoast_head_json":{"title":"Eliche Ethix S4 Limone\/Lemonio - Iha Race","robots":{"index":"index","follow":"follow","max-snippet":"max-snippet:-1","max-image-preview":"max-image-preview:large","max-video-preview":"max-video-preview:-1"},"canonical":"https:\/\/iha-race.com\/it\/prodotto\/eliche-ethix-s4-lima-limone\/","og_locale":"it_IT","og_type":"article","og_title":"Eliche Ethix S4 Limone\/Lemonio - Iha Race","og_description":"Eliche Ethix S4 Limone\/Lemonio Il tanto atteso prodotto 5&#215;3.7&#215;3 Ethix Lemon Lime S4 di Mr. Steele prodotto da HQ Prop. Specifiche: Diametro dell&#8217;elica: 5 pollici Passo: 3.7 Lame: 3 Materiale:","og_url":"https:\/\/iha-race.com\/it\/prodotto\/eliche-ethix-s4-lima-limone\/","og_site_name":"Iha Race","article_modified_time":"2026-03-22T21:18:02+00:00","og_image":[{"width":800,"height":800,"url":"https:\/\/iha-race.com\/wp-content\/uploads\/2019\/07\/helices-ethix-s4-lima-limon-1.jpg","type":"image\/jpeg"}],"twitter_card":"summary_large_image","schema":{"@context":"https:\/\/schema.org","@graph":[{"@type":"WebPage","@id":"https:\/\/iha-race.com\/it\/prodotto\/eliche-ethix-s4-lima-limone\/","url":"https:\/\/iha-race.com\/it\/prodotto\/eliche-ethix-s4-lima-limone\/","name":"Eliche Ethix S4 Limone\/Lemonio - Iha Race","isPartOf":{"@id":"https:\/\/iha-race.com\/it\/#website"},"primaryImageOfPage":{"@id":"https:\/\/iha-race.com\/it\/prodotto\/eliche-ethix-s4-lima-limone\/#primaryimage"},"image":{"@id":"https:\/\/iha-race.com\/it\/prodotto\/eliche-ethix-s4-lima-limone\/#primaryimage"},"thumbnailUrl":"https:\/\/iha-race.com\/wp-content\/uploads\/2019\/07\/helices-ethix-s4-lima-limon-1.jpg","datePublished":"2019-07-17T15:54:06+00:00","dateModified":"2026-03-22T21:18:02+00:00","breadcrumb":{"@id":"https:\/\/iha-race.com\/it\/prodotto\/eliche-ethix-s4-lima-limone\/#breadcrumb"},"inLanguage":"it-IT","potentialAction":[{"@type":"ReadAction","target":["https:\/\/iha-race.com\/it\/prodotto\/eliche-ethix-s4-lima-limone\/"]}]},{"@type":"ImageObject","inLanguage":"it-IT","@id":"https:\/\/iha-race.com\/it\/prodotto\/eliche-ethix-s4-lima-limone\/#primaryimage","url":"https:\/\/iha-race.com\/wp-content\/uploads\/2019\/07\/helices-ethix-s4-lima-limon-1.jpg","contentUrl":"https:\/\/iha-race.com\/wp-content\/uploads\/2019\/07\/helices-ethix-s4-lima-limon-1.jpg","width":800,"height":800,"caption":"eliche-ethix-s4-lima-limone"},{"@type":"BreadcrumbList","@id":"https:\/\/iha-race.com\/it\/prodotto\/eliche-ethix-s4-lima-limone\/#breadcrumb","itemListElement":[{"@type":"ListItem","position":1,"name":"Portada","item":"https:\/\/iha-race.com\/it\/"},{"@type":"ListItem","position":2,"name":"Negozio","item":"https:\/\/iha-race.com\/it\/negozio\/"},{"@type":"ListItem","position":3,"name":"Eliche Ethix S4 Limone\/Lemonio"}]},{"@type":"WebSite","@id":"https:\/\/iha-race.com\/it\/#website","url":"https:\/\/iha-race.com\/it\/","name":"Iha Race","description":"Comprar drones de carreras FPV env\u00edos en un d\u00eda desde Espa\u00f1a","publisher":{"@id":"https:\/\/iha-race.com\/it\/#organization"},"potentialAction":[{"@type":"SearchAction","target":{"@type":"EntryPoint","urlTemplate":"https:\/\/iha-race.com\/it\/?s={search_term_string}"},"query-input":{"@type":"PropertyValueSpecification","valueRequired":true,"valueName":"search_term_string"}}],"inLanguage":"it-IT"},{"@type":"Organization","@id":"https:\/\/iha-race.com\/it\/#organization","name":"Iha Race","url":"https:\/\/iha-race.com\/it\/","logo":{"@type":"ImageObject","inLanguage":"it-IT","@id":"https:\/\/iha-race.com\/it\/#\/schema\/logo\/image\/","url":"https:\/\/iha-race.com\/wp-content\/uploads\/2018\/07\/iha-race-drones-de-carreras-tienda-comprar-drones.png","contentUrl":"https:\/\/iha-race.com\/wp-content\/uploads\/2018\/07\/iha-race-drones-de-carreras-tienda-comprar-drones.png","width":300,"height":100,"caption":"Iha Race"},"image":{"@id":"https:\/\/iha-race.com\/it\/#\/schema\/logo\/image\/"}}]}},"brands":[],"_links":{"self":[{"href":"https:\/\/iha-race.com\/it\/wp-json\/wp\/v2\/product\/112572","targetHints":{"allow":["GET"]}}],"collection":[{"href":"https:\/\/iha-race.com\/it\/wp-json\/wp\/v2\/product"}],"about":[{"href":"https:\/\/iha-race.com\/it\/wp-json\/wp\/v2\/types\/product"}],"replies":[{"embeddable":true,"href":"https:\/\/iha-race.com\/it\/wp-json\/wp\/v2\/comments?post=112572"}],"version-history":[{"count":2,"href":"https:\/\/iha-race.com\/it\/wp-json\/wp\/v2\/product\/112572\/revisions"}],"predecessor-version":[{"id":247853,"href":"https:\/\/iha-race.com\/it\/wp-json\/wp\/v2\/product\/112572\/revisions\/247853"}],"wp:featuredmedia":[{"embeddable":true,"href":"https:\/\/iha-race.com\/it\/wp-json\/wp\/v2\/media\/92840"}],"wp:attachment":[{"href":"https:\/\/iha-race.com\/it\/wp-json\/wp\/v2\/media?parent=112572"}],"wp:term":[{"taxonomy":"pwb-brand","embeddable":true,"href":"https:\/\/iha-race.com\/it\/wp-json\/wp\/v2\/pwb-brand?post=112572"},{"taxonomy":"product_cat","embeddable":true,"href":"https:\/\/iha-race.com\/it\/wp-json\/wp\/v2\/product_cat?post=112572"},{"taxonomy":"product_tag","embeddable":true,"href":"https:\/\/iha-race.com\/it\/wp-json\/wp\/v2\/product_tag?post=112572"}],"curies":[{"name":"wp","href":"https:\/\/api.w.org\/{rel}","templated":true}]}}