{"id":112440,"date":"2019-06-03T17:28:45","date_gmt":"2019-06-03T15:28:45","guid":{"rendered":"https:\/\/iha-race.com\/producto\/obiettivo-foxeer-m8-da-17-mm-per-predator-micro-e-nano\/"},"modified":"2024-08-29T16:20:13","modified_gmt":"2024-08-29T14:20:13","slug":"obiettivo-m8-1-8-mm-per-foxeer-predator-monster-microcamera","status":"publish","type":"product","link":"https:\/\/iha-race.com\/it\/prodotto\/obiettivo-m8-1-8-mm-per-foxeer-predator-monster-microcamera\/","title":{"rendered":"Obiettivo Foxeer M8 da 1,7 mm per Predator Micro e Nano"},"content":{"rendered":"<h2>Obiettivo Foxeer M8 da 1,7 mm per Predator Micro e Nano<\/h2>\n<figure id=\"attachment_85147\" aria-describedby=\"caption-attachment-85147\" style=\"width: 1032px\" class=\"wp-caption aligncenter\"><img fetchpriority=\"high\" decoding=\"async\" class=\"size-full wp-image-46150\" src=\"https:\/\/iha-race.com\/wp-content\/uploads\/2019\/06\/20191202030150_94086-scaled.jpg\" alt=\"Obiettivo Foxeer M8 da 1,7 mm per Predator Micro e Nano\" width=\"1032\" height=\"2560\" srcset=\"https:\/\/iha-race.com\/wp-content\/uploads\/2019\/06\/20191202030150_94086-scaled.jpg 1032w, https:\/\/iha-race.com\/wp-content\/uploads\/2019\/06\/20191202030150_94086-scaled-600x1488.jpg 600w, https:\/\/iha-race.com\/wp-content\/uploads\/2019\/06\/20191202030150_94086-121x300.jpg 121w, https:\/\/iha-race.com\/wp-content\/uploads\/2019\/06\/20191202030150_94086-413x1024.jpg 413w, https:\/\/iha-race.com\/wp-content\/uploads\/2019\/06\/20191202030150_94086-768x1904.jpg 768w, https:\/\/iha-race.com\/wp-content\/uploads\/2019\/06\/20191202030150_94086-619x1536.jpg 619w, https:\/\/iha-race.com\/wp-content\/uploads\/2019\/06\/20191202030150_94086-826x2048.jpg 826w\" sizes=\"(max-width: 1032px) 100vw, 1032px\" \/><figcaption id=\"caption-attachment-85147\" class=\"wp-caption-text\">Obiettivo Foxeer M8 da 1,7 mm per Predator Micro e Nano<\/figcaption><\/figure>\n<p>&nbsp;<\/p>\n<p>&nbsp;<\/p>\n","protected":false},"excerpt":{"rendered":"<p>Obiettivo Foxeer M8 da 1,7 mm per Predator Micro e Nano &nbsp; &nbsp;<\/p>\n","protected":false},"featured_media":85150,"comment_status":"open","ping_status":"closed","template":"","meta":{"_joinchat":[]},"pwb-brand":[],"product_cat":[1202,1165],"product_tag":[],"class_list":{"0":"post-112440","1":"product","2":"type-product","3":"status-publish","4":"has-post-thumbnail","6":"product_cat-lenti","7":"product_cat-telecamere-fpv","9":"first","10":"outofstock","11":"taxable","12":"shipping-taxable","13":"purchasable","14":"product-type-simple"},"barcode":null,"atum_controlled":true,"out_stock_date":"2025-02-25 11:55:09","out_stock_threshold":null,"inheritable":false,"stock_on_hold":0,"sold_today":0,"sales_last_days":0,"out_stock_days":414,"lost_sales":1052,"update_date":"2026-04-16T07:36:33","atum_locations":[],"atum_stock_status":"outofstock","restock_status":false,"low_stock_amount":"","sales_update_date":"2026-04-16T07:36:33","calc_backorders":null,"yoast_head":"<!-- This site is optimized with the Yoast SEO plugin v27.3 - https:\/\/yoast.com\/product\/yoast-seo-wordpress\/ -->\n<title>Obiettivo Foxeer M8 da 1,7 mm per Predator Micro e Nano - Iha Race<\/title>\n<meta name=\"robots\" content=\"index, follow, max-snippet:-1, max-image-preview:large, max-video-preview:-1\" \/>\n<link rel=\"canonical\" href=\"https:\/\/iha-race.com\/it\/prodotto\/obiettivo-m8-1-8-mm-per-foxeer-predator-monster-microcamera\/\" \/>\n<meta property=\"og:locale\" content=\"it_IT\" \/>\n<meta property=\"og:type\" content=\"article\" \/>\n<meta property=\"og:title\" content=\"Obiettivo Foxeer M8 da 1,7 mm per Predator Micro e Nano - Iha Race\" \/>\n<meta property=\"og:description\" content=\"Obiettivo Foxeer M8 da 1,7 mm per Predator Micro e Nano &nbsp; &nbsp;\" \/>\n<meta property=\"og:url\" content=\"https:\/\/iha-race.com\/it\/prodotto\/obiettivo-m8-1-8-mm-per-foxeer-predator-monster-microcamera\/\" \/>\n<meta property=\"og:site_name\" content=\"Iha Race\" \/>\n<meta property=\"article:modified_time\" content=\"2024-08-29T14:20:13+00:00\" \/>\n<meta property=\"og:image\" content=\"https:\/\/iha-race.com\/wp-content\/uploads\/2019\/06\/1574649956516991097.images.650x650.jpg\" \/>\n\t<meta property=\"og:image:width\" content=\"650\" \/>\n\t<meta property=\"og:image:height\" content=\"650\" \/>\n\t<meta property=\"og:image:type\" content=\"image\/jpeg\" \/>\n<meta name=\"twitter:card\" content=\"summary_large_image\" \/>\n<script type=\"application\/ld+json\" class=\"yoast-schema-graph\">{\"@context\":\"https:\\\/\\\/schema.org\",\"@graph\":[{\"@type\":\"WebPage\",\"@id\":\"https:\\\/\\\/iha-race.com\\\/it\\\/prodotto\\\/obiettivo-m8-1-8-mm-per-foxeer-predator-monster-microcamera\\\/\",\"url\":\"https:\\\/\\\/iha-race.com\\\/it\\\/prodotto\\\/obiettivo-m8-1-8-mm-per-foxeer-predator-monster-microcamera\\\/\",\"name\":\"Obiettivo Foxeer M8 da 1,7 mm per Predator Micro e Nano - Iha Race\",\"isPartOf\":{\"@id\":\"https:\\\/\\\/iha-race.com\\\/it\\\/#website\"},\"primaryImageOfPage\":{\"@id\":\"https:\\\/\\\/iha-race.com\\\/it\\\/prodotto\\\/obiettivo-m8-1-8-mm-per-foxeer-predator-monster-microcamera\\\/#primaryimage\"},\"image\":{\"@id\":\"https:\\\/\\\/iha-race.com\\\/it\\\/prodotto\\\/obiettivo-m8-1-8-mm-per-foxeer-predator-monster-microcamera\\\/#primaryimage\"},\"thumbnailUrl\":\"https:\\\/\\\/iha-race.com\\\/wp-content\\\/uploads\\\/2019\\\/06\\\/1574649956516991097.images.650x650.jpg\",\"datePublished\":\"2019-06-03T15:28:45+00:00\",\"dateModified\":\"2024-08-29T14:20:13+00:00\",\"breadcrumb\":{\"@id\":\"https:\\\/\\\/iha-race.com\\\/it\\\/prodotto\\\/obiettivo-m8-1-8-mm-per-foxeer-predator-monster-microcamera\\\/#breadcrumb\"},\"inLanguage\":\"it-IT\",\"potentialAction\":[{\"@type\":\"ReadAction\",\"target\":[\"https:\\\/\\\/iha-race.com\\\/it\\\/prodotto\\\/obiettivo-m8-1-8-mm-per-foxeer-predator-monster-microcamera\\\/\"]}]},{\"@type\":\"ImageObject\",\"inLanguage\":\"it-IT\",\"@id\":\"https:\\\/\\\/iha-race.com\\\/it\\\/prodotto\\\/obiettivo-m8-1-8-mm-per-foxeer-predator-monster-microcamera\\\/#primaryimage\",\"url\":\"https:\\\/\\\/iha-race.com\\\/wp-content\\\/uploads\\\/2019\\\/06\\\/1574649956516991097.images.650x650.jpg\",\"contentUrl\":\"https:\\\/\\\/iha-race.com\\\/wp-content\\\/uploads\\\/2019\\\/06\\\/1574649956516991097.images.650x650.jpg\",\"width\":650,\"height\":650,\"caption\":\"Obiettivo Foxeer M8 da 1,7 mm per Predator Micro e Nano\"},{\"@type\":\"BreadcrumbList\",\"@id\":\"https:\\\/\\\/iha-race.com\\\/it\\\/prodotto\\\/obiettivo-m8-1-8-mm-per-foxeer-predator-monster-microcamera\\\/#breadcrumb\",\"itemListElement\":[{\"@type\":\"ListItem\",\"position\":1,\"name\":\"Portada\",\"item\":\"https:\\\/\\\/iha-race.com\\\/it\\\/\"},{\"@type\":\"ListItem\",\"position\":2,\"name\":\"Negozio\",\"item\":\"https:\\\/\\\/iha-race.com\\\/it\\\/negozio\\\/\"},{\"@type\":\"ListItem\",\"position\":3,\"name\":\"Obiettivo Foxeer M8 da 1,7 mm per Predator Micro e Nano\"}]},{\"@type\":\"WebSite\",\"@id\":\"https:\\\/\\\/iha-race.com\\\/it\\\/#website\",\"url\":\"https:\\\/\\\/iha-race.com\\\/it\\\/\",\"name\":\"Iha Race\",\"description\":\"Comprar drones de carreras FPV env\u00edos en un d\u00eda desde Espa\u00f1a\",\"publisher\":{\"@id\":\"https:\\\/\\\/iha-race.com\\\/it\\\/#organization\"},\"potentialAction\":[{\"@type\":\"SearchAction\",\"target\":{\"@type\":\"EntryPoint\",\"urlTemplate\":\"https:\\\/\\\/iha-race.com\\\/it\\\/?s={search_term_string}\"},\"query-input\":{\"@type\":\"PropertyValueSpecification\",\"valueRequired\":true,\"valueName\":\"search_term_string\"}}],\"inLanguage\":\"it-IT\"},{\"@type\":\"Organization\",\"@id\":\"https:\\\/\\\/iha-race.com\\\/it\\\/#organization\",\"name\":\"Iha Race\",\"url\":\"https:\\\/\\\/iha-race.com\\\/it\\\/\",\"logo\":{\"@type\":\"ImageObject\",\"inLanguage\":\"it-IT\",\"@id\":\"https:\\\/\\\/iha-race.com\\\/it\\\/#\\\/schema\\\/logo\\\/image\\\/\",\"url\":\"https:\\\/\\\/iha-race.com\\\/wp-content\\\/uploads\\\/2018\\\/07\\\/iha-race-drones-de-carreras-tienda-comprar-drones.png\",\"contentUrl\":\"https:\\\/\\\/iha-race.com\\\/wp-content\\\/uploads\\\/2018\\\/07\\\/iha-race-drones-de-carreras-tienda-comprar-drones.png\",\"width\":300,\"height\":100,\"caption\":\"Iha Race\"},\"image\":{\"@id\":\"https:\\\/\\\/iha-race.com\\\/it\\\/#\\\/schema\\\/logo\\\/image\\\/\"}}]}<\/script>\n<!-- \/ Yoast SEO plugin. -->","yoast_head_json":{"title":"Obiettivo Foxeer M8 da 1,7 mm per Predator Micro e Nano - Iha Race","robots":{"index":"index","follow":"follow","max-snippet":"max-snippet:-1","max-image-preview":"max-image-preview:large","max-video-preview":"max-video-preview:-1"},"canonical":"https:\/\/iha-race.com\/it\/prodotto\/obiettivo-m8-1-8-mm-per-foxeer-predator-monster-microcamera\/","og_locale":"it_IT","og_type":"article","og_title":"Obiettivo Foxeer M8 da 1,7 mm per Predator Micro e Nano - Iha Race","og_description":"Obiettivo Foxeer M8 da 1,7 mm per Predator Micro e Nano &nbsp; &nbsp;","og_url":"https:\/\/iha-race.com\/it\/prodotto\/obiettivo-m8-1-8-mm-per-foxeer-predator-monster-microcamera\/","og_site_name":"Iha Race","article_modified_time":"2024-08-29T14:20:13+00:00","og_image":[{"width":650,"height":650,"url":"https:\/\/iha-race.com\/wp-content\/uploads\/2019\/06\/1574649956516991097.images.650x650.jpg","type":"image\/jpeg"}],"twitter_card":"summary_large_image","schema":{"@context":"https:\/\/schema.org","@graph":[{"@type":"WebPage","@id":"https:\/\/iha-race.com\/it\/prodotto\/obiettivo-m8-1-8-mm-per-foxeer-predator-monster-microcamera\/","url":"https:\/\/iha-race.com\/it\/prodotto\/obiettivo-m8-1-8-mm-per-foxeer-predator-monster-microcamera\/","name":"Obiettivo Foxeer M8 da 1,7 mm per Predator Micro e Nano - Iha Race","isPartOf":{"@id":"https:\/\/iha-race.com\/it\/#website"},"primaryImageOfPage":{"@id":"https:\/\/iha-race.com\/it\/prodotto\/obiettivo-m8-1-8-mm-per-foxeer-predator-monster-microcamera\/#primaryimage"},"image":{"@id":"https:\/\/iha-race.com\/it\/prodotto\/obiettivo-m8-1-8-mm-per-foxeer-predator-monster-microcamera\/#primaryimage"},"thumbnailUrl":"https:\/\/iha-race.com\/wp-content\/uploads\/2019\/06\/1574649956516991097.images.650x650.jpg","datePublished":"2019-06-03T15:28:45+00:00","dateModified":"2024-08-29T14:20:13+00:00","breadcrumb":{"@id":"https:\/\/iha-race.com\/it\/prodotto\/obiettivo-m8-1-8-mm-per-foxeer-predator-monster-microcamera\/#breadcrumb"},"inLanguage":"it-IT","potentialAction":[{"@type":"ReadAction","target":["https:\/\/iha-race.com\/it\/prodotto\/obiettivo-m8-1-8-mm-per-foxeer-predator-monster-microcamera\/"]}]},{"@type":"ImageObject","inLanguage":"it-IT","@id":"https:\/\/iha-race.com\/it\/prodotto\/obiettivo-m8-1-8-mm-per-foxeer-predator-monster-microcamera\/#primaryimage","url":"https:\/\/iha-race.com\/wp-content\/uploads\/2019\/06\/1574649956516991097.images.650x650.jpg","contentUrl":"https:\/\/iha-race.com\/wp-content\/uploads\/2019\/06\/1574649956516991097.images.650x650.jpg","width":650,"height":650,"caption":"Obiettivo Foxeer M8 da 1,7 mm per Predator Micro e Nano"},{"@type":"BreadcrumbList","@id":"https:\/\/iha-race.com\/it\/prodotto\/obiettivo-m8-1-8-mm-per-foxeer-predator-monster-microcamera\/#breadcrumb","itemListElement":[{"@type":"ListItem","position":1,"name":"Portada","item":"https:\/\/iha-race.com\/it\/"},{"@type":"ListItem","position":2,"name":"Negozio","item":"https:\/\/iha-race.com\/it\/negozio\/"},{"@type":"ListItem","position":3,"name":"Obiettivo Foxeer M8 da 1,7 mm per Predator Micro e Nano"}]},{"@type":"WebSite","@id":"https:\/\/iha-race.com\/it\/#website","url":"https:\/\/iha-race.com\/it\/","name":"Iha Race","description":"Comprar drones de carreras FPV env\u00edos en un d\u00eda desde Espa\u00f1a","publisher":{"@id":"https:\/\/iha-race.com\/it\/#organization"},"potentialAction":[{"@type":"SearchAction","target":{"@type":"EntryPoint","urlTemplate":"https:\/\/iha-race.com\/it\/?s={search_term_string}"},"query-input":{"@type":"PropertyValueSpecification","valueRequired":true,"valueName":"search_term_string"}}],"inLanguage":"it-IT"},{"@type":"Organization","@id":"https:\/\/iha-race.com\/it\/#organization","name":"Iha Race","url":"https:\/\/iha-race.com\/it\/","logo":{"@type":"ImageObject","inLanguage":"it-IT","@id":"https:\/\/iha-race.com\/it\/#\/schema\/logo\/image\/","url":"https:\/\/iha-race.com\/wp-content\/uploads\/2018\/07\/iha-race-drones-de-carreras-tienda-comprar-drones.png","contentUrl":"https:\/\/iha-race.com\/wp-content\/uploads\/2018\/07\/iha-race-drones-de-carreras-tienda-comprar-drones.png","width":300,"height":100,"caption":"Iha Race"},"image":{"@id":"https:\/\/iha-race.com\/it\/#\/schema\/logo\/image\/"}}]}},"jetpack_sharing_enabled":true,"brands":[],"_links":{"self":[{"href":"https:\/\/iha-race.com\/it\/wp-json\/wp\/v2\/product\/112440","targetHints":{"allow":["GET"]}}],"collection":[{"href":"https:\/\/iha-race.com\/it\/wp-json\/wp\/v2\/product"}],"about":[{"href":"https:\/\/iha-race.com\/it\/wp-json\/wp\/v2\/types\/product"}],"replies":[{"embeddable":true,"href":"https:\/\/iha-race.com\/it\/wp-json\/wp\/v2\/comments?post=112440"}],"version-history":[{"count":1,"href":"https:\/\/iha-race.com\/it\/wp-json\/wp\/v2\/product\/112440\/revisions"}],"predecessor-version":[{"id":209928,"href":"https:\/\/iha-race.com\/it\/wp-json\/wp\/v2\/product\/112440\/revisions\/209928"}],"wp:featuredmedia":[{"embeddable":true,"href":"https:\/\/iha-race.com\/it\/wp-json\/wp\/v2\/media\/85150"}],"wp:attachment":[{"href":"https:\/\/iha-race.com\/it\/wp-json\/wp\/v2\/media?parent=112440"}],"wp:term":[{"taxonomy":"pwb-brand","embeddable":true,"href":"https:\/\/iha-race.com\/it\/wp-json\/wp\/v2\/pwb-brand?post=112440"},{"taxonomy":"product_cat","embeddable":true,"href":"https:\/\/iha-race.com\/it\/wp-json\/wp\/v2\/product_cat?post=112440"},{"taxonomy":"product_tag","embeddable":true,"href":"https:\/\/iha-race.com\/it\/wp-json\/wp\/v2\/product_tag?post=112440"}],"curies":[{"name":"wp","href":"https:\/\/api.w.org\/{rel}","templated":true}]}}