{"id":112356,"date":"2019-05-08T19:02:30","date_gmt":"2019-05-08T17:02:30","guid":{"rendered":"https:\/\/iha-race.com\/producto\/batteria-lipo-tattu-r-line-1300mah-95c-5s1p-con-connettore-xt60\/"},"modified":"2024-08-29T16:21:03","modified_gmt":"2024-08-29T14:21:03","slug":"bateria-de-lipo-tattu-r-line-1300mah-95c-5s1p-con-conector-xt60-2","status":"publish","type":"product","link":"https:\/\/iha-race.com\/it\/prodotto\/bateria-de-lipo-tattu-r-line-1300mah-95c-5s1p-con-conector-xt60-2\/","title":{"rendered":"Batteria lipo Tattu R-Line 1300mAh 95C 5S1P con connettore XT60"},"content":{"rendered":"<h2>Batteria lipo Tattu R-Line 1300mAh 95C 5S1P con connettore XT60<\/h2>\n<p>  Batteria lipo Tattu R-Line 1300mAh 95C 5S1P Cos&#8217;\u00e8 R-Line? R-Line \u00e8 una nuova linea di prodotti progettati specificamente per le competizioni FPV professionali. Questa \u00e8 la versione di vendita della batteria Toppilot. \u00c8 anche una filiale del marchio Tattu. Ha una maggiore capacit\u00e0, una minore resistenza interna e temperature di atterraggio pi\u00f9 basse. Sono molto pi\u00f9 potenti di altre batterie al grafene. In generale, le batterie R-Line hanno le stesse specifiche delle nostre popolari batterie Toppilot. R-Line \u00e8 attualmente alla versione 1.0. In futuro verranno rilasciate diverse versioni per soddisfare le esigenze delle diverse competizioni FPV.  <strong>Specifiche:<\/strong><\/p>\n<ul>\n<li>Capacit\u00e0: 1300mAh<\/li>\n<li>Tensione: 18,5 V<\/li>\n<li>Configurazione: 5S1P<\/li>\n<li>Velocit\u00e0 di scarica: 95C<\/li>\n<li>Dimensioni: 71 * 35 * 38 mm<\/li>\n<li>Peso: 201 g<\/li>\n<li>Velocit\u00e0 massima di scarica: 190C<\/li>\n<\/ul>\n","protected":false},"excerpt":{"rendered":"<p>Batteria lipo Tattu R-Line 1300mAh 95C 5S1P con connettore XT60 Batteria lipo Tattu R-Line 1300mAh 95C 5S1P Cos&#8217;\u00e8 R-Line? R-Line \u00e8 una nuova linea di prodotti progettati specificamente per le<\/p>\n","protected":false},"featured_media":93412,"comment_status":"open","ping_status":"closed","template":"","meta":{"_joinchat":[]},"pwb-brand":[],"product_cat":[1065,1736],"product_tag":[],"class_list":{"0":"post-112356","1":"product","2":"type-product","3":"status-publish","4":"has-post-thumbnail","6":"product_cat-batterie-fpv","7":"product_cat-s5-it","9":"first","10":"instock","11":"taxable","12":"shipping-taxable","13":"purchasable","14":"product-type-simple"},"barcode":null,"atum_controlled":true,"out_stock_date":null,"out_stock_threshold":null,"inheritable":false,"stock_on_hold":0,"sold_today":0,"sales_last_days":0,"out_stock_days":0,"lost_sales":0,"update_date":"2026-04-16T06:55:40","atum_locations":[],"atum_stock_status":"instock","restock_status":false,"low_stock_amount":"","sales_update_date":"2026-04-16T06:55:40","calc_backorders":null,"yoast_head":"<!-- This site is optimized with the Yoast SEO plugin v27.3 - https:\/\/yoast.com\/product\/yoast-seo-wordpress\/ -->\n<title>Batteria lipo Tattu R-Line 1300mAh 95C 5S1P con connettore XT60 - Iha Race<\/title>\n<meta name=\"robots\" content=\"index, follow, max-snippet:-1, max-image-preview:large, max-video-preview:-1\" \/>\n<link rel=\"canonical\" href=\"https:\/\/iha-race.com\/it\/prodotto\/bateria-de-lipo-tattu-r-line-1300mah-95c-5s1p-con-conector-xt60-2\/\" \/>\n<meta property=\"og:locale\" content=\"it_IT\" \/>\n<meta property=\"og:type\" content=\"article\" \/>\n<meta property=\"og:title\" content=\"Batteria lipo Tattu R-Line 1300mAh 95C 5S1P con connettore XT60 - Iha Race\" \/>\n<meta property=\"og:description\" content=\"Batteria lipo Tattu R-Line 1300mAh 95C 5S1P con connettore XT60 Batteria lipo Tattu R-Line 1300mAh 95C 5S1P Cos&#8217;\u00e8 R-Line? R-Line \u00e8 una nuova linea di prodotti progettati specificamente per le\" \/>\n<meta property=\"og:url\" content=\"https:\/\/iha-race.com\/it\/prodotto\/bateria-de-lipo-tattu-r-line-1300mah-95c-5s1p-con-conector-xt60-2\/\" \/>\n<meta property=\"og:site_name\" content=\"Iha Race\" \/>\n<meta property=\"article:modified_time\" content=\"2024-08-29T14:21:03+00:00\" \/>\n<meta property=\"og:image\" content=\"https:\/\/iha-race.com\/wp-content\/uploads\/2019\/05\/bateria-de-lipo-tattu-r-line-1300mah-95c-5s1p-con-conector-xt60-1.jpg\" \/>\n\t<meta property=\"og:image:width\" content=\"800\" \/>\n\t<meta property=\"og:image:height\" content=\"800\" \/>\n\t<meta property=\"og:image:type\" content=\"image\/jpeg\" \/>\n<meta name=\"twitter:card\" content=\"summary_large_image\" \/>\n<meta name=\"twitter:label1\" content=\"Tempo di lettura stimato\" \/>\n\t<meta name=\"twitter:data1\" content=\"1 minuto\" \/>\n<script type=\"application\/ld+json\" class=\"yoast-schema-graph\">{\"@context\":\"https:\\\/\\\/schema.org\",\"@graph\":[{\"@type\":\"WebPage\",\"@id\":\"https:\\\/\\\/iha-race.com\\\/it\\\/prodotto\\\/bateria-de-lipo-tattu-r-line-1300mah-95c-5s1p-con-conector-xt60-2\\\/\",\"url\":\"https:\\\/\\\/iha-race.com\\\/it\\\/prodotto\\\/bateria-de-lipo-tattu-r-line-1300mah-95c-5s1p-con-conector-xt60-2\\\/\",\"name\":\"Batteria lipo Tattu R-Line 1300mAh 95C 5S1P con connettore XT60 - Iha Race\",\"isPartOf\":{\"@id\":\"https:\\\/\\\/iha-race.com\\\/it\\\/#website\"},\"primaryImageOfPage\":{\"@id\":\"https:\\\/\\\/iha-race.com\\\/it\\\/prodotto\\\/bateria-de-lipo-tattu-r-line-1300mah-95c-5s1p-con-conector-xt60-2\\\/#primaryimage\"},\"image\":{\"@id\":\"https:\\\/\\\/iha-race.com\\\/it\\\/prodotto\\\/bateria-de-lipo-tattu-r-line-1300mah-95c-5s1p-con-conector-xt60-2\\\/#primaryimage\"},\"thumbnailUrl\":\"https:\\\/\\\/iha-race.com\\\/wp-content\\\/uploads\\\/2019\\\/05\\\/bateria-de-lipo-tattu-r-line-1300mah-95c-5s1p-con-conector-xt60-1.jpg\",\"datePublished\":\"2019-05-08T17:02:30+00:00\",\"dateModified\":\"2024-08-29T14:21:03+00:00\",\"breadcrumb\":{\"@id\":\"https:\\\/\\\/iha-race.com\\\/it\\\/prodotto\\\/bateria-de-lipo-tattu-r-line-1300mah-95c-5s1p-con-conector-xt60-2\\\/#breadcrumb\"},\"inLanguage\":\"it-IT\",\"potentialAction\":[{\"@type\":\"ReadAction\",\"target\":[\"https:\\\/\\\/iha-race.com\\\/it\\\/prodotto\\\/bateria-de-lipo-tattu-r-line-1300mah-95c-5s1p-con-conector-xt60-2\\\/\"]}]},{\"@type\":\"ImageObject\",\"inLanguage\":\"it-IT\",\"@id\":\"https:\\\/\\\/iha-race.com\\\/it\\\/prodotto\\\/bateria-de-lipo-tattu-r-line-1300mah-95c-5s1p-con-conector-xt60-2\\\/#primaryimage\",\"url\":\"https:\\\/\\\/iha-race.com\\\/wp-content\\\/uploads\\\/2019\\\/05\\\/bateria-de-lipo-tattu-r-line-1300mah-95c-5s1p-con-conector-xt60-1.jpg\",\"contentUrl\":\"https:\\\/\\\/iha-race.com\\\/wp-content\\\/uploads\\\/2019\\\/05\\\/bateria-de-lipo-tattu-r-line-1300mah-95c-5s1p-con-conector-xt60-1.jpg\",\"width\":800,\"height\":800,\"caption\":\"bateria-de-lipo-tattu-r-line-1300mah-95c-5s1p-con-conector-xt60\"},{\"@type\":\"BreadcrumbList\",\"@id\":\"https:\\\/\\\/iha-race.com\\\/it\\\/prodotto\\\/bateria-de-lipo-tattu-r-line-1300mah-95c-5s1p-con-conector-xt60-2\\\/#breadcrumb\",\"itemListElement\":[{\"@type\":\"ListItem\",\"position\":1,\"name\":\"Portada\",\"item\":\"https:\\\/\\\/iha-race.com\\\/it\\\/\"},{\"@type\":\"ListItem\",\"position\":2,\"name\":\"Negozio\",\"item\":\"https:\\\/\\\/iha-race.com\\\/it\\\/negozio\\\/\"},{\"@type\":\"ListItem\",\"position\":3,\"name\":\"Batteria lipo Tattu R-Line 1300mAh 95C 5S1P con connettore XT60\"}]},{\"@type\":\"WebSite\",\"@id\":\"https:\\\/\\\/iha-race.com\\\/it\\\/#website\",\"url\":\"https:\\\/\\\/iha-race.com\\\/it\\\/\",\"name\":\"Iha Race\",\"description\":\"Comprar drones de carreras FPV env\u00edos en un d\u00eda desde Espa\u00f1a\",\"publisher\":{\"@id\":\"https:\\\/\\\/iha-race.com\\\/it\\\/#organization\"},\"potentialAction\":[{\"@type\":\"SearchAction\",\"target\":{\"@type\":\"EntryPoint\",\"urlTemplate\":\"https:\\\/\\\/iha-race.com\\\/it\\\/?s={search_term_string}\"},\"query-input\":{\"@type\":\"PropertyValueSpecification\",\"valueRequired\":true,\"valueName\":\"search_term_string\"}}],\"inLanguage\":\"it-IT\"},{\"@type\":\"Organization\",\"@id\":\"https:\\\/\\\/iha-race.com\\\/it\\\/#organization\",\"name\":\"Iha Race\",\"url\":\"https:\\\/\\\/iha-race.com\\\/it\\\/\",\"logo\":{\"@type\":\"ImageObject\",\"inLanguage\":\"it-IT\",\"@id\":\"https:\\\/\\\/iha-race.com\\\/it\\\/#\\\/schema\\\/logo\\\/image\\\/\",\"url\":\"https:\\\/\\\/iha-race.com\\\/wp-content\\\/uploads\\\/2018\\\/07\\\/iha-race-drones-de-carreras-tienda-comprar-drones.png\",\"contentUrl\":\"https:\\\/\\\/iha-race.com\\\/wp-content\\\/uploads\\\/2018\\\/07\\\/iha-race-drones-de-carreras-tienda-comprar-drones.png\",\"width\":300,\"height\":100,\"caption\":\"Iha Race\"},\"image\":{\"@id\":\"https:\\\/\\\/iha-race.com\\\/it\\\/#\\\/schema\\\/logo\\\/image\\\/\"}}]}<\/script>\n<!-- \/ Yoast SEO plugin. -->","yoast_head_json":{"title":"Batteria lipo Tattu R-Line 1300mAh 95C 5S1P con connettore XT60 - Iha Race","robots":{"index":"index","follow":"follow","max-snippet":"max-snippet:-1","max-image-preview":"max-image-preview:large","max-video-preview":"max-video-preview:-1"},"canonical":"https:\/\/iha-race.com\/it\/prodotto\/bateria-de-lipo-tattu-r-line-1300mah-95c-5s1p-con-conector-xt60-2\/","og_locale":"it_IT","og_type":"article","og_title":"Batteria lipo Tattu R-Line 1300mAh 95C 5S1P con connettore XT60 - Iha Race","og_description":"Batteria lipo Tattu R-Line 1300mAh 95C 5S1P con connettore XT60 Batteria lipo Tattu R-Line 1300mAh 95C 5S1P Cos&#8217;\u00e8 R-Line? R-Line \u00e8 una nuova linea di prodotti progettati specificamente per le","og_url":"https:\/\/iha-race.com\/it\/prodotto\/bateria-de-lipo-tattu-r-line-1300mah-95c-5s1p-con-conector-xt60-2\/","og_site_name":"Iha Race","article_modified_time":"2024-08-29T14:21:03+00:00","og_image":[{"width":800,"height":800,"url":"https:\/\/iha-race.com\/wp-content\/uploads\/2019\/05\/bateria-de-lipo-tattu-r-line-1300mah-95c-5s1p-con-conector-xt60-1.jpg","type":"image\/jpeg"}],"twitter_card":"summary_large_image","twitter_misc":{"Tempo di lettura stimato":"1 minuto"},"schema":{"@context":"https:\/\/schema.org","@graph":[{"@type":"WebPage","@id":"https:\/\/iha-race.com\/it\/prodotto\/bateria-de-lipo-tattu-r-line-1300mah-95c-5s1p-con-conector-xt60-2\/","url":"https:\/\/iha-race.com\/it\/prodotto\/bateria-de-lipo-tattu-r-line-1300mah-95c-5s1p-con-conector-xt60-2\/","name":"Batteria lipo Tattu R-Line 1300mAh 95C 5S1P con connettore XT60 - Iha Race","isPartOf":{"@id":"https:\/\/iha-race.com\/it\/#website"},"primaryImageOfPage":{"@id":"https:\/\/iha-race.com\/it\/prodotto\/bateria-de-lipo-tattu-r-line-1300mah-95c-5s1p-con-conector-xt60-2\/#primaryimage"},"image":{"@id":"https:\/\/iha-race.com\/it\/prodotto\/bateria-de-lipo-tattu-r-line-1300mah-95c-5s1p-con-conector-xt60-2\/#primaryimage"},"thumbnailUrl":"https:\/\/iha-race.com\/wp-content\/uploads\/2019\/05\/bateria-de-lipo-tattu-r-line-1300mah-95c-5s1p-con-conector-xt60-1.jpg","datePublished":"2019-05-08T17:02:30+00:00","dateModified":"2024-08-29T14:21:03+00:00","breadcrumb":{"@id":"https:\/\/iha-race.com\/it\/prodotto\/bateria-de-lipo-tattu-r-line-1300mah-95c-5s1p-con-conector-xt60-2\/#breadcrumb"},"inLanguage":"it-IT","potentialAction":[{"@type":"ReadAction","target":["https:\/\/iha-race.com\/it\/prodotto\/bateria-de-lipo-tattu-r-line-1300mah-95c-5s1p-con-conector-xt60-2\/"]}]},{"@type":"ImageObject","inLanguage":"it-IT","@id":"https:\/\/iha-race.com\/it\/prodotto\/bateria-de-lipo-tattu-r-line-1300mah-95c-5s1p-con-conector-xt60-2\/#primaryimage","url":"https:\/\/iha-race.com\/wp-content\/uploads\/2019\/05\/bateria-de-lipo-tattu-r-line-1300mah-95c-5s1p-con-conector-xt60-1.jpg","contentUrl":"https:\/\/iha-race.com\/wp-content\/uploads\/2019\/05\/bateria-de-lipo-tattu-r-line-1300mah-95c-5s1p-con-conector-xt60-1.jpg","width":800,"height":800,"caption":"bateria-de-lipo-tattu-r-line-1300mah-95c-5s1p-con-conector-xt60"},{"@type":"BreadcrumbList","@id":"https:\/\/iha-race.com\/it\/prodotto\/bateria-de-lipo-tattu-r-line-1300mah-95c-5s1p-con-conector-xt60-2\/#breadcrumb","itemListElement":[{"@type":"ListItem","position":1,"name":"Portada","item":"https:\/\/iha-race.com\/it\/"},{"@type":"ListItem","position":2,"name":"Negozio","item":"https:\/\/iha-race.com\/it\/negozio\/"},{"@type":"ListItem","position":3,"name":"Batteria lipo Tattu R-Line 1300mAh 95C 5S1P con connettore XT60"}]},{"@type":"WebSite","@id":"https:\/\/iha-race.com\/it\/#website","url":"https:\/\/iha-race.com\/it\/","name":"Iha Race","description":"Comprar drones de carreras FPV env\u00edos en un d\u00eda desde Espa\u00f1a","publisher":{"@id":"https:\/\/iha-race.com\/it\/#organization"},"potentialAction":[{"@type":"SearchAction","target":{"@type":"EntryPoint","urlTemplate":"https:\/\/iha-race.com\/it\/?s={search_term_string}"},"query-input":{"@type":"PropertyValueSpecification","valueRequired":true,"valueName":"search_term_string"}}],"inLanguage":"it-IT"},{"@type":"Organization","@id":"https:\/\/iha-race.com\/it\/#organization","name":"Iha Race","url":"https:\/\/iha-race.com\/it\/","logo":{"@type":"ImageObject","inLanguage":"it-IT","@id":"https:\/\/iha-race.com\/it\/#\/schema\/logo\/image\/","url":"https:\/\/iha-race.com\/wp-content\/uploads\/2018\/07\/iha-race-drones-de-carreras-tienda-comprar-drones.png","contentUrl":"https:\/\/iha-race.com\/wp-content\/uploads\/2018\/07\/iha-race-drones-de-carreras-tienda-comprar-drones.png","width":300,"height":100,"caption":"Iha Race"},"image":{"@id":"https:\/\/iha-race.com\/it\/#\/schema\/logo\/image\/"}}]}},"brands":[],"_links":{"self":[{"href":"https:\/\/iha-race.com\/it\/wp-json\/wp\/v2\/product\/112356","targetHints":{"allow":["GET"]}}],"collection":[{"href":"https:\/\/iha-race.com\/it\/wp-json\/wp\/v2\/product"}],"about":[{"href":"https:\/\/iha-race.com\/it\/wp-json\/wp\/v2\/types\/product"}],"replies":[{"embeddable":true,"href":"https:\/\/iha-race.com\/it\/wp-json\/wp\/v2\/comments?post=112356"}],"version-history":[{"count":1,"href":"https:\/\/iha-race.com\/it\/wp-json\/wp\/v2\/product\/112356\/revisions"}],"predecessor-version":[{"id":250227,"href":"https:\/\/iha-race.com\/it\/wp-json\/wp\/v2\/product\/112356\/revisions\/250227"}],"wp:featuredmedia":[{"embeddable":true,"href":"https:\/\/iha-race.com\/it\/wp-json\/wp\/v2\/media\/93412"}],"wp:attachment":[{"href":"https:\/\/iha-race.com\/it\/wp-json\/wp\/v2\/media?parent=112356"}],"wp:term":[{"taxonomy":"pwb-brand","embeddable":true,"href":"https:\/\/iha-race.com\/it\/wp-json\/wp\/v2\/pwb-brand?post=112356"},{"taxonomy":"product_cat","embeddable":true,"href":"https:\/\/iha-race.com\/it\/wp-json\/wp\/v2\/product_cat?post=112356"},{"taxonomy":"product_tag","embeddable":true,"href":"https:\/\/iha-race.com\/it\/wp-json\/wp\/v2\/product_tag?post=112356"}],"curies":[{"name":"wp","href":"https:\/\/api.w.org\/{rel}","templated":true}]}}