{"id":112304,"date":"2019-05-06T18:03:42","date_gmt":"2019-05-06T16:03:42","guid":{"rendered":"https:\/\/iha-race.com\/producto\/esc-emax-blheli_s-serie-bullet-35a-3-6s\/"},"modified":"2024-08-29T16:21:42","modified_gmt":"2024-08-29T14:21:42","slug":"esc-emax-blheli_s-bullet-series-35a-3-6s","status":"publish","type":"product","link":"https:\/\/iha-race.com\/it\/prodotto\/esc-emax-blheli_s-bullet-series-35a-3-6s\/","title":{"rendered":"ESC EMAX BLHELI_S Serie Bullet 35A 3-6S"},"content":{"rendered":"<h2>ESC EMAX BLHELI_S Serie Bullet 35A 3-6S<\/h2>\n<p>  Il pi\u00f9 leggero e piccolo ESC sul mercato, progettato appositamente per le gare FPV di alto livello. Utilizzando l&#8217;ultimo firmware BLHeli-S (16.5), il PWM hardware genera un segnale per aumentare la risposta dell&#8217;acceleratore e ridurre il rumore. Supporta i segnali analogici: MULTISHOT, ONESHOT42, ONESHOT125. MOSFET di alta qualit\u00e0, condensatori ceramici. La scheda PCB da 3 once ad alto contenuto di TG migliora significativamente la dissipazione del calore e l&#8217;efficienza del sistema. Il nuovo dissipatore di calore in alluminio offre protezione contro i danni causati dai colpi d&#8217;elica. Il cavo di segnale in silicone ad alta temperatura garantisce flessibilit\u00e0 e facilit\u00e0 di installazione.  <\/p>\n<h2>Specifiche:<\/h2>\n<ul>\n<li>Nuovissima serie Bullet (viola), ESC super mini e ultraleggero.<\/li>\n<li>Firmware BLHeli-S \/ Supporta MULTISHOT, ONESHOT42, ONESHOT125.<\/li>\n<li>Il nuovo design del dissipatore di calore riduce efficacemente la temperatura del nucleo e previene i danni da impatto dell&#8217;elica.<\/li>\n<li>Tubo MOS importato, condensatori ceramici giapponesi, scheda PCB High-TG da 3 oz, riduce significativamente l&#8217;assorbimento di calore elettrico e migliora l&#8217;efficienza del sistema.<\/li>\n<\/ul>\n<p>&nbsp;<\/p>\n<p><img fetchpriority=\"high\" decoding=\"async\" class=\"size-full wp-image-47508\" src=\"https:\/\/iha-race.com\/wp-content\/uploads\/2019\/05\/EMAX-BLHELI_S-Bullet-Series-35A-3-6S-ESC1.jpg\" alt=\"EMAX BLHELI_S Serie Bullet 35A 3-6S ESC\" width=\"800\" height=\"800\" srcset=\"https:\/\/iha-race.com\/wp-content\/uploads\/2019\/05\/EMAX-BLHELI_S-Bullet-Series-35A-3-6S-ESC1.jpg 800w, https:\/\/iha-race.com\/wp-content\/uploads\/2019\/05\/EMAX-BLHELI_S-Bullet-Series-35A-3-6S-ESC1-300x300.jpg 300w, https:\/\/iha-race.com\/wp-content\/uploads\/2019\/05\/EMAX-BLHELI_S-Bullet-Series-35A-3-6S-ESC1-100x100.jpg 100w, https:\/\/iha-race.com\/wp-content\/uploads\/2019\/05\/EMAX-BLHELI_S-Bullet-Series-35A-3-6S-ESC1-600x600.jpg 600w, https:\/\/iha-race.com\/wp-content\/uploads\/2019\/05\/EMAX-BLHELI_S-Bullet-Series-35A-3-6S-ESC1-1024x1024.jpg 1024w, https:\/\/iha-race.com\/wp-content\/uploads\/2019\/05\/EMAX-BLHELI_S-Bullet-Series-35A-3-6S-ESC1-150x150.jpg 150w, https:\/\/iha-race.com\/wp-content\/uploads\/2019\/05\/EMAX-BLHELI_S-Bullet-Series-35A-3-6S-ESC1-768x768.jpg 768w, https:\/\/iha-race.com\/wp-content\/uploads\/2019\/05\/EMAX-BLHELI_S-Bullet-Series-35A-3-6S-ESC1-1536x1536.jpg 1536w, https:\/\/iha-race.com\/wp-content\/uploads\/2019\/05\/EMAX-BLHELI_S-Bullet-Series-35A-3-6S-ESC1-2048x2048.jpg 2048w, https:\/\/iha-race.com\/wp-content\/uploads\/2019\/05\/EMAX-BLHELI_S-Bullet-Series-35A-3-6S-ESC1-788x788.jpg 788w, https:\/\/iha-race.com\/wp-content\/uploads\/2019\/05\/EMAX-BLHELI_S-Bullet-Series-35A-3-6S-ESC1-135x135.jpg 135w\" sizes=\"(max-width: 800px) 100vw, 800px\" \/><\/p>\n","protected":false},"excerpt":{"rendered":"<p>ESC EMAX BLHELI_S Serie Bullet 35A 3-6S Il pi\u00f9 leggero e piccolo ESC sul mercato, progettato appositamente per le gare FPV di alto livello. Utilizzando l&#8217;ultimo firmware BLHeli-S (16.5), il<\/p>\n","protected":false},"featured_media":93727,"comment_status":"open","ping_status":"closed","template":"","meta":{"_joinchat":[]},"pwb-brand":[],"product_cat":[1188],"product_tag":[],"class_list":{"0":"post-112304","1":"product","2":"type-product","3":"status-publish","4":"has-post-thumbnail","6":"product_cat-inverter-esc","8":"first","9":"instock","10":"taxable","11":"shipping-taxable","12":"purchasable","13":"product-type-simple"},"barcode":null,"atum_controlled":true,"out_stock_date":null,"out_stock_threshold":null,"inheritable":false,"stock_on_hold":0,"sold_today":0,"sales_last_days":0,"out_stock_days":0,"lost_sales":0,"update_date":"2026-04-18T23:29:48","atum_locations":[],"atum_stock_status":"instock","restock_status":false,"low_stock_amount":3,"sales_update_date":"2026-04-18T23:29:48","calc_backorders":null,"yoast_head":"<!-- This site is optimized with the Yoast SEO plugin v27.3 - https:\/\/yoast.com\/product\/yoast-seo-wordpress\/ -->\n<title>ESC EMAX BLHELI_S Serie Bullet 35A 3-6S - Iha Race<\/title>\n<meta name=\"robots\" content=\"index, follow, max-snippet:-1, max-image-preview:large, max-video-preview:-1\" \/>\n<link rel=\"canonical\" href=\"https:\/\/iha-race.com\/it\/prodotto\/esc-emax-blheli_s-bullet-series-35a-3-6s\/\" \/>\n<meta property=\"og:locale\" content=\"it_IT\" \/>\n<meta property=\"og:type\" content=\"article\" \/>\n<meta property=\"og:title\" content=\"ESC EMAX BLHELI_S Serie Bullet 35A 3-6S - Iha Race\" \/>\n<meta property=\"og:description\" content=\"ESC EMAX BLHELI_S Serie Bullet 35A 3-6S Il pi\u00f9 leggero e piccolo ESC sul mercato, progettato appositamente per le gare FPV di alto livello. Utilizzando l&#8217;ultimo firmware BLHeli-S (16.5), il\" \/>\n<meta property=\"og:url\" content=\"https:\/\/iha-race.com\/it\/prodotto\/esc-emax-blheli_s-bullet-series-35a-3-6s\/\" \/>\n<meta property=\"og:site_name\" content=\"Iha Race\" \/>\n<meta property=\"article:modified_time\" content=\"2024-08-29T14:21:42+00:00\" \/>\n<meta property=\"og:image\" content=\"https:\/\/iha-race.com\/wp-content\/uploads\/2019\/05\/EMAX-BLHELI_S-Bullet-Series-35A-3-6S-ESC5-1.jpg\" \/>\n\t<meta property=\"og:image:width\" content=\"800\" \/>\n\t<meta property=\"og:image:height\" content=\"800\" \/>\n\t<meta property=\"og:image:type\" content=\"image\/jpeg\" \/>\n<meta name=\"twitter:card\" content=\"summary_large_image\" \/>\n<meta name=\"twitter:label1\" content=\"Tempo di lettura stimato\" \/>\n\t<meta name=\"twitter:data1\" content=\"1 minuto\" \/>\n<script type=\"application\/ld+json\" class=\"yoast-schema-graph\">{\"@context\":\"https:\\\/\\\/schema.org\",\"@graph\":[{\"@type\":\"WebPage\",\"@id\":\"https:\\\/\\\/iha-race.com\\\/it\\\/prodotto\\\/esc-emax-blheli_s-bullet-series-35a-3-6s\\\/\",\"url\":\"https:\\\/\\\/iha-race.com\\\/it\\\/prodotto\\\/esc-emax-blheli_s-bullet-series-35a-3-6s\\\/\",\"name\":\"ESC EMAX BLHELI_S Serie Bullet 35A 3-6S - Iha Race\",\"isPartOf\":{\"@id\":\"https:\\\/\\\/iha-race.com\\\/it\\\/#website\"},\"primaryImageOfPage\":{\"@id\":\"https:\\\/\\\/iha-race.com\\\/it\\\/prodotto\\\/esc-emax-blheli_s-bullet-series-35a-3-6s\\\/#primaryimage\"},\"image\":{\"@id\":\"https:\\\/\\\/iha-race.com\\\/it\\\/prodotto\\\/esc-emax-blheli_s-bullet-series-35a-3-6s\\\/#primaryimage\"},\"thumbnailUrl\":\"https:\\\/\\\/iha-race.com\\\/wp-content\\\/uploads\\\/2019\\\/05\\\/EMAX-BLHELI_S-Bullet-Series-35A-3-6S-ESC5-1.jpg\",\"datePublished\":\"2019-05-06T16:03:42+00:00\",\"dateModified\":\"2024-08-29T14:21:42+00:00\",\"breadcrumb\":{\"@id\":\"https:\\\/\\\/iha-race.com\\\/it\\\/prodotto\\\/esc-emax-blheli_s-bullet-series-35a-3-6s\\\/#breadcrumb\"},\"inLanguage\":\"it-IT\",\"potentialAction\":[{\"@type\":\"ReadAction\",\"target\":[\"https:\\\/\\\/iha-race.com\\\/it\\\/prodotto\\\/esc-emax-blheli_s-bullet-series-35a-3-6s\\\/\"]}]},{\"@type\":\"ImageObject\",\"inLanguage\":\"it-IT\",\"@id\":\"https:\\\/\\\/iha-race.com\\\/it\\\/prodotto\\\/esc-emax-blheli_s-bullet-series-35a-3-6s\\\/#primaryimage\",\"url\":\"https:\\\/\\\/iha-race.com\\\/wp-content\\\/uploads\\\/2019\\\/05\\\/EMAX-BLHELI_S-Bullet-Series-35A-3-6S-ESC5-1.jpg\",\"contentUrl\":\"https:\\\/\\\/iha-race.com\\\/wp-content\\\/uploads\\\/2019\\\/05\\\/EMAX-BLHELI_S-Bullet-Series-35A-3-6S-ESC5-1.jpg\",\"width\":800,\"height\":800,\"caption\":\"EMAX-BLHELI_S-Bullet-Series-35A-3-6S-ESC5\"},{\"@type\":\"BreadcrumbList\",\"@id\":\"https:\\\/\\\/iha-race.com\\\/it\\\/prodotto\\\/esc-emax-blheli_s-bullet-series-35a-3-6s\\\/#breadcrumb\",\"itemListElement\":[{\"@type\":\"ListItem\",\"position\":1,\"name\":\"Portada\",\"item\":\"https:\\\/\\\/iha-race.com\\\/it\\\/\"},{\"@type\":\"ListItem\",\"position\":2,\"name\":\"Negozio\",\"item\":\"https:\\\/\\\/iha-race.com\\\/it\\\/negozio\\\/\"},{\"@type\":\"ListItem\",\"position\":3,\"name\":\"ESC EMAX BLHELI_S Serie Bullet 35A 3-6S\"}]},{\"@type\":\"WebSite\",\"@id\":\"https:\\\/\\\/iha-race.com\\\/it\\\/#website\",\"url\":\"https:\\\/\\\/iha-race.com\\\/it\\\/\",\"name\":\"Iha Race\",\"description\":\"Comprar drones de carreras FPV env\u00edos en un d\u00eda desde Espa\u00f1a\",\"publisher\":{\"@id\":\"https:\\\/\\\/iha-race.com\\\/it\\\/#organization\"},\"potentialAction\":[{\"@type\":\"SearchAction\",\"target\":{\"@type\":\"EntryPoint\",\"urlTemplate\":\"https:\\\/\\\/iha-race.com\\\/it\\\/?s={search_term_string}\"},\"query-input\":{\"@type\":\"PropertyValueSpecification\",\"valueRequired\":true,\"valueName\":\"search_term_string\"}}],\"inLanguage\":\"it-IT\"},{\"@type\":\"Organization\",\"@id\":\"https:\\\/\\\/iha-race.com\\\/it\\\/#organization\",\"name\":\"Iha Race\",\"url\":\"https:\\\/\\\/iha-race.com\\\/it\\\/\",\"logo\":{\"@type\":\"ImageObject\",\"inLanguage\":\"it-IT\",\"@id\":\"https:\\\/\\\/iha-race.com\\\/it\\\/#\\\/schema\\\/logo\\\/image\\\/\",\"url\":\"https:\\\/\\\/iha-race.com\\\/wp-content\\\/uploads\\\/2018\\\/07\\\/iha-race-drones-de-carreras-tienda-comprar-drones.png\",\"contentUrl\":\"https:\\\/\\\/iha-race.com\\\/wp-content\\\/uploads\\\/2018\\\/07\\\/iha-race-drones-de-carreras-tienda-comprar-drones.png\",\"width\":300,\"height\":100,\"caption\":\"Iha Race\"},\"image\":{\"@id\":\"https:\\\/\\\/iha-race.com\\\/it\\\/#\\\/schema\\\/logo\\\/image\\\/\"}}]}<\/script>\n<!-- \/ Yoast SEO plugin. -->","yoast_head_json":{"title":"ESC EMAX BLHELI_S Serie Bullet 35A 3-6S - Iha Race","robots":{"index":"index","follow":"follow","max-snippet":"max-snippet:-1","max-image-preview":"max-image-preview:large","max-video-preview":"max-video-preview:-1"},"canonical":"https:\/\/iha-race.com\/it\/prodotto\/esc-emax-blheli_s-bullet-series-35a-3-6s\/","og_locale":"it_IT","og_type":"article","og_title":"ESC EMAX BLHELI_S Serie Bullet 35A 3-6S - Iha Race","og_description":"ESC EMAX BLHELI_S Serie Bullet 35A 3-6S Il pi\u00f9 leggero e piccolo ESC sul mercato, progettato appositamente per le gare FPV di alto livello. Utilizzando l&#8217;ultimo firmware BLHeli-S (16.5), il","og_url":"https:\/\/iha-race.com\/it\/prodotto\/esc-emax-blheli_s-bullet-series-35a-3-6s\/","og_site_name":"Iha Race","article_modified_time":"2024-08-29T14:21:42+00:00","og_image":[{"width":800,"height":800,"url":"https:\/\/iha-race.com\/wp-content\/uploads\/2019\/05\/EMAX-BLHELI_S-Bullet-Series-35A-3-6S-ESC5-1.jpg","type":"image\/jpeg"}],"twitter_card":"summary_large_image","twitter_misc":{"Tempo di lettura stimato":"1 minuto"},"schema":{"@context":"https:\/\/schema.org","@graph":[{"@type":"WebPage","@id":"https:\/\/iha-race.com\/it\/prodotto\/esc-emax-blheli_s-bullet-series-35a-3-6s\/","url":"https:\/\/iha-race.com\/it\/prodotto\/esc-emax-blheli_s-bullet-series-35a-3-6s\/","name":"ESC EMAX BLHELI_S Serie Bullet 35A 3-6S - Iha Race","isPartOf":{"@id":"https:\/\/iha-race.com\/it\/#website"},"primaryImageOfPage":{"@id":"https:\/\/iha-race.com\/it\/prodotto\/esc-emax-blheli_s-bullet-series-35a-3-6s\/#primaryimage"},"image":{"@id":"https:\/\/iha-race.com\/it\/prodotto\/esc-emax-blheli_s-bullet-series-35a-3-6s\/#primaryimage"},"thumbnailUrl":"https:\/\/iha-race.com\/wp-content\/uploads\/2019\/05\/EMAX-BLHELI_S-Bullet-Series-35A-3-6S-ESC5-1.jpg","datePublished":"2019-05-06T16:03:42+00:00","dateModified":"2024-08-29T14:21:42+00:00","breadcrumb":{"@id":"https:\/\/iha-race.com\/it\/prodotto\/esc-emax-blheli_s-bullet-series-35a-3-6s\/#breadcrumb"},"inLanguage":"it-IT","potentialAction":[{"@type":"ReadAction","target":["https:\/\/iha-race.com\/it\/prodotto\/esc-emax-blheli_s-bullet-series-35a-3-6s\/"]}]},{"@type":"ImageObject","inLanguage":"it-IT","@id":"https:\/\/iha-race.com\/it\/prodotto\/esc-emax-blheli_s-bullet-series-35a-3-6s\/#primaryimage","url":"https:\/\/iha-race.com\/wp-content\/uploads\/2019\/05\/EMAX-BLHELI_S-Bullet-Series-35A-3-6S-ESC5-1.jpg","contentUrl":"https:\/\/iha-race.com\/wp-content\/uploads\/2019\/05\/EMAX-BLHELI_S-Bullet-Series-35A-3-6S-ESC5-1.jpg","width":800,"height":800,"caption":"EMAX-BLHELI_S-Bullet-Series-35A-3-6S-ESC5"},{"@type":"BreadcrumbList","@id":"https:\/\/iha-race.com\/it\/prodotto\/esc-emax-blheli_s-bullet-series-35a-3-6s\/#breadcrumb","itemListElement":[{"@type":"ListItem","position":1,"name":"Portada","item":"https:\/\/iha-race.com\/it\/"},{"@type":"ListItem","position":2,"name":"Negozio","item":"https:\/\/iha-race.com\/it\/negozio\/"},{"@type":"ListItem","position":3,"name":"ESC EMAX BLHELI_S Serie Bullet 35A 3-6S"}]},{"@type":"WebSite","@id":"https:\/\/iha-race.com\/it\/#website","url":"https:\/\/iha-race.com\/it\/","name":"Iha Race","description":"Comprar drones de carreras FPV env\u00edos en un d\u00eda desde Espa\u00f1a","publisher":{"@id":"https:\/\/iha-race.com\/it\/#organization"},"potentialAction":[{"@type":"SearchAction","target":{"@type":"EntryPoint","urlTemplate":"https:\/\/iha-race.com\/it\/?s={search_term_string}"},"query-input":{"@type":"PropertyValueSpecification","valueRequired":true,"valueName":"search_term_string"}}],"inLanguage":"it-IT"},{"@type":"Organization","@id":"https:\/\/iha-race.com\/it\/#organization","name":"Iha Race","url":"https:\/\/iha-race.com\/it\/","logo":{"@type":"ImageObject","inLanguage":"it-IT","@id":"https:\/\/iha-race.com\/it\/#\/schema\/logo\/image\/","url":"https:\/\/iha-race.com\/wp-content\/uploads\/2018\/07\/iha-race-drones-de-carreras-tienda-comprar-drones.png","contentUrl":"https:\/\/iha-race.com\/wp-content\/uploads\/2018\/07\/iha-race-drones-de-carreras-tienda-comprar-drones.png","width":300,"height":100,"caption":"Iha Race"},"image":{"@id":"https:\/\/iha-race.com\/it\/#\/schema\/logo\/image\/"}}]}},"jetpack_sharing_enabled":true,"brands":[],"_links":{"self":[{"href":"https:\/\/iha-race.com\/it\/wp-json\/wp\/v2\/product\/112304","targetHints":{"allow":["GET"]}}],"collection":[{"href":"https:\/\/iha-race.com\/it\/wp-json\/wp\/v2\/product"}],"about":[{"href":"https:\/\/iha-race.com\/it\/wp-json\/wp\/v2\/types\/product"}],"replies":[{"embeddable":true,"href":"https:\/\/iha-race.com\/it\/wp-json\/wp\/v2\/comments?post=112304"}],"version-history":[{"count":2,"href":"https:\/\/iha-race.com\/it\/wp-json\/wp\/v2\/product\/112304\/revisions"}],"predecessor-version":[{"id":250229,"href":"https:\/\/iha-race.com\/it\/wp-json\/wp\/v2\/product\/112304\/revisions\/250229"}],"wp:featuredmedia":[{"embeddable":true,"href":"https:\/\/iha-race.com\/it\/wp-json\/wp\/v2\/media\/93727"}],"wp:attachment":[{"href":"https:\/\/iha-race.com\/it\/wp-json\/wp\/v2\/media?parent=112304"}],"wp:term":[{"taxonomy":"pwb-brand","embeddable":true,"href":"https:\/\/iha-race.com\/it\/wp-json\/wp\/v2\/pwb-brand?post=112304"},{"taxonomy":"product_cat","embeddable":true,"href":"https:\/\/iha-race.com\/it\/wp-json\/wp\/v2\/product_cat?post=112304"},{"taxonomy":"product_tag","embeddable":true,"href":"https:\/\/iha-race.com\/it\/wp-json\/wp\/v2\/product_tag?post=112304"}],"curies":[{"name":"wp","href":"https:\/\/api.w.org\/{rel}","templated":true}]}}