{"id":112247,"date":"2019-04-01T19:05:47","date_gmt":"2019-04-01T17:05:47","guid":{"rendered":"https:\/\/iha-race.com\/producto\/batteria-tattu-450mah-2s-75c-7-4v-con-attacco-xt30\/"},"modified":"2026-03-31T16:11:24","modified_gmt":"2026-03-31T14:11:24","slug":"bateria-acehe-2s-450-mah-75c-lipo-racing-series-xt30","status":"publish","type":"product","link":"https:\/\/iha-race.com\/it\/prodotto\/bateria-acehe-2s-450-mah-75c-lipo-racing-series-xt30\/","title":{"rendered":"Batteria Tattu 450mAh 2S 75C 7.4V con attacco XT30"},"content":{"rendered":"<h2>Batteria Tattu 450mAh 2S 75C 7.4V con attacco XT30<\/h2>\n<p>  Queste batterie Lipo Tattu da 450 mAh 2S forniscono energia affidabile e di alta qualit\u00e0 per il tuo multirotore FPV di taglia 100-180. La capacit\u00e0 di 450 mAh offre energia sufficiente per far volare il vostro UAV e FPV. Sono molto compatti in termini di dimensioni e peso, perfetti per le piccole strutture UAV \/ FPV. Queste batterie sono vendute a un prezzo molto conveniente, in modo da poterne conservare una quantit\u00e0 sufficiente per divertirti a volare senza troppa pressione.  <\/p>\n<h3><strong>Caratteristica:<\/strong><\/h3>\n<ul>\n<li>La straordinaria tecnologia di impilamento consente di raggiungere capacit\u00e0 di 450 mAh per singola cella.<\/li>\n<li>Elevate prestazioni di scarica e alta densit\u00e0 energetica.<\/li>\n<li>Materie prime di polimeri di litio di qualit\u00e0 superiore provenienti da Giappone e Corea<\/li>\n<\/ul>\n<h3><strong>Specifiche.<\/strong><\/h3>\n<ul>\n<li>Tipo di prodotto: batteria lipo<\/li>\n<li>Capacit\u00e0: 450mAh<\/li>\n<li>Tensione: 7,4V<\/li>\n<li>Massima scarica continua: 75C (33,75A)<\/li>\n<li>Scarica massima: 150C (67,5A)<\/li>\n<li>Peso: 28 g<\/li>\n<li>Dimensioni: 45 x 24 x 15 mm<\/li>\n<li>Spina di bilanciamento: JST-XHR<\/li>\n<li>Presa di scarico: XT-30<\/li>\n<li>Velocit\u00e0 di ricarica: 1-3C consigliata, 5C massima.<\/li>\n<\/ul>\n<h3>Il pacchetto comprende:<\/h3>\n<ul>\n<li>1 batteria Tattu 450mAh 2S 75C 7.4V con connettore XT30 (pacco lungo o corto a scelta)<\/li>\n<\/ul>\n","protected":false},"excerpt":{"rendered":"<p>Batteria Tattu 450mAh 2S 75C 7.4V con attacco XT30 Queste batterie Lipo Tattu da 450 mAh 2S forniscono energia affidabile e di alta qualit\u00e0 per il tuo multirotore FPV di<\/p>\n","protected":false},"featured_media":84666,"comment_status":"open","ping_status":"closed","template":"","meta":{"_joinchat":[]},"pwb-brand":[],"product_cat":[1065,1070],"product_tag":[],"class_list":{"0":"post-112247","1":"product","2":"type-product","3":"status-publish","4":"has-post-thumbnail","6":"product_cat-batterie-fpv","7":"product_cat-s2-it","9":"first","10":"outofstock","11":"taxable","12":"shipping-taxable","13":"purchasable","14":"product-type-variable"},"barcode":null,"atum_controlled":true,"out_stock_date":null,"out_stock_threshold":null,"inheritable":true,"stock_on_hold":0,"sold_today":3,"sales_last_days":3,"out_stock_days":0,"lost_sales":0,"update_date":"2026-04-16T07:36:40","atum_locations":[],"atum_stock_status":"outofstock","restock_status":false,"low_stock_amount":"","sales_update_date":"2026-04-16T07:36:40","calc_backorders":null,"yoast_head":"<!-- This site is optimized with the Yoast SEO plugin v27.3 - https:\/\/yoast.com\/product\/yoast-seo-wordpress\/ -->\n<title>Batteria Tattu 450mAh 2S 75C 7.4V con attacco XT30 - Iha Race<\/title>\n<meta name=\"robots\" content=\"index, follow, max-snippet:-1, max-image-preview:large, max-video-preview:-1\" \/>\n<link rel=\"canonical\" href=\"https:\/\/iha-race.com\/it\/prodotto\/bateria-acehe-2s-450-mah-75c-lipo-racing-series-xt30\/\" \/>\n<meta property=\"og:locale\" content=\"it_IT\" \/>\n<meta property=\"og:type\" content=\"article\" \/>\n<meta property=\"og:title\" content=\"Batteria Tattu 450mAh 2S 75C 7.4V con attacco XT30 - Iha Race\" \/>\n<meta property=\"og:description\" content=\"Batteria Tattu 450mAh 2S 75C 7.4V con attacco XT30 Queste batterie Lipo Tattu da 450 mAh 2S forniscono energia affidabile e di alta qualit\u00e0 per il tuo multirotore FPV di\" \/>\n<meta property=\"og:url\" content=\"https:\/\/iha-race.com\/it\/prodotto\/bateria-acehe-2s-450-mah-75c-lipo-racing-series-xt30\/\" \/>\n<meta property=\"og:site_name\" content=\"Iha Race\" \/>\n<meta property=\"article:modified_time\" content=\"2026-03-31T14:11:24+00:00\" \/>\n<meta property=\"og:image\" content=\"https:\/\/iha-race.com\/wp-content\/uploads\/2019\/04\/2_61.jpg\" \/>\n\t<meta property=\"og:image:width\" content=\"800\" \/>\n\t<meta property=\"og:image:height\" content=\"800\" \/>\n\t<meta property=\"og:image:type\" content=\"image\/jpeg\" \/>\n<meta name=\"twitter:card\" content=\"summary_large_image\" \/>\n<meta name=\"twitter:label1\" content=\"Tempo di lettura stimato\" \/>\n\t<meta name=\"twitter:data1\" content=\"1 minuto\" \/>\n<script type=\"application\/ld+json\" class=\"yoast-schema-graph\">{\"@context\":\"https:\\\/\\\/schema.org\",\"@graph\":[{\"@type\":\"WebPage\",\"@id\":\"https:\\\/\\\/iha-race.com\\\/it\\\/prodotto\\\/bateria-acehe-2s-450-mah-75c-lipo-racing-series-xt30\\\/\",\"url\":\"https:\\\/\\\/iha-race.com\\\/it\\\/prodotto\\\/bateria-acehe-2s-450-mah-75c-lipo-racing-series-xt30\\\/\",\"name\":\"Batteria Tattu 450mAh 2S 75C 7.4V con attacco XT30 - Iha Race\",\"isPartOf\":{\"@id\":\"https:\\\/\\\/iha-race.com\\\/it\\\/#website\"},\"primaryImageOfPage\":{\"@id\":\"https:\\\/\\\/iha-race.com\\\/it\\\/prodotto\\\/bateria-acehe-2s-450-mah-75c-lipo-racing-series-xt30\\\/#primaryimage\"},\"image\":{\"@id\":\"https:\\\/\\\/iha-race.com\\\/it\\\/prodotto\\\/bateria-acehe-2s-450-mah-75c-lipo-racing-series-xt30\\\/#primaryimage\"},\"thumbnailUrl\":\"https:\\\/\\\/iha-race.com\\\/wp-content\\\/uploads\\\/2019\\\/04\\\/2_61.jpg\",\"datePublished\":\"2019-04-01T17:05:47+00:00\",\"dateModified\":\"2026-03-31T14:11:24+00:00\",\"breadcrumb\":{\"@id\":\"https:\\\/\\\/iha-race.com\\\/it\\\/prodotto\\\/bateria-acehe-2s-450-mah-75c-lipo-racing-series-xt30\\\/#breadcrumb\"},\"inLanguage\":\"it-IT\",\"potentialAction\":[{\"@type\":\"ReadAction\",\"target\":[\"https:\\\/\\\/iha-race.com\\\/it\\\/prodotto\\\/bateria-acehe-2s-450-mah-75c-lipo-racing-series-xt30\\\/\"]}]},{\"@type\":\"ImageObject\",\"inLanguage\":\"it-IT\",\"@id\":\"https:\\\/\\\/iha-race.com\\\/it\\\/prodotto\\\/bateria-acehe-2s-450-mah-75c-lipo-racing-series-xt30\\\/#primaryimage\",\"url\":\"https:\\\/\\\/iha-race.com\\\/wp-content\\\/uploads\\\/2019\\\/04\\\/2_61.jpg\",\"contentUrl\":\"https:\\\/\\\/iha-race.com\\\/wp-content\\\/uploads\\\/2019\\\/04\\\/2_61.jpg\",\"width\":800,\"height\":800,\"caption\":\"Batteria Tattu 450mAh 2S 75C 7.4V con attacco XT30\"},{\"@type\":\"BreadcrumbList\",\"@id\":\"https:\\\/\\\/iha-race.com\\\/it\\\/prodotto\\\/bateria-acehe-2s-450-mah-75c-lipo-racing-series-xt30\\\/#breadcrumb\",\"itemListElement\":[{\"@type\":\"ListItem\",\"position\":1,\"name\":\"Portada\",\"item\":\"https:\\\/\\\/iha-race.com\\\/it\\\/\"},{\"@type\":\"ListItem\",\"position\":2,\"name\":\"Negozio\",\"item\":\"https:\\\/\\\/iha-race.com\\\/it\\\/negozio\\\/\"},{\"@type\":\"ListItem\",\"position\":3,\"name\":\"Batteria Tattu 450mAh 2S 75C 7.4V con attacco XT30\"}]},{\"@type\":\"WebSite\",\"@id\":\"https:\\\/\\\/iha-race.com\\\/it\\\/#website\",\"url\":\"https:\\\/\\\/iha-race.com\\\/it\\\/\",\"name\":\"Iha Race\",\"description\":\"Comprar drones de carreras FPV env\u00edos en un d\u00eda desde Espa\u00f1a\",\"publisher\":{\"@id\":\"https:\\\/\\\/iha-race.com\\\/it\\\/#organization\"},\"potentialAction\":[{\"@type\":\"SearchAction\",\"target\":{\"@type\":\"EntryPoint\",\"urlTemplate\":\"https:\\\/\\\/iha-race.com\\\/it\\\/?s={search_term_string}\"},\"query-input\":{\"@type\":\"PropertyValueSpecification\",\"valueRequired\":true,\"valueName\":\"search_term_string\"}}],\"inLanguage\":\"it-IT\"},{\"@type\":\"Organization\",\"@id\":\"https:\\\/\\\/iha-race.com\\\/it\\\/#organization\",\"name\":\"Iha Race\",\"url\":\"https:\\\/\\\/iha-race.com\\\/it\\\/\",\"logo\":{\"@type\":\"ImageObject\",\"inLanguage\":\"it-IT\",\"@id\":\"https:\\\/\\\/iha-race.com\\\/it\\\/#\\\/schema\\\/logo\\\/image\\\/\",\"url\":\"https:\\\/\\\/iha-race.com\\\/wp-content\\\/uploads\\\/2018\\\/07\\\/iha-race-drones-de-carreras-tienda-comprar-drones.png\",\"contentUrl\":\"https:\\\/\\\/iha-race.com\\\/wp-content\\\/uploads\\\/2018\\\/07\\\/iha-race-drones-de-carreras-tienda-comprar-drones.png\",\"width\":300,\"height\":100,\"caption\":\"Iha Race\"},\"image\":{\"@id\":\"https:\\\/\\\/iha-race.com\\\/it\\\/#\\\/schema\\\/logo\\\/image\\\/\"}}]}<\/script>\n<!-- \/ Yoast SEO plugin. -->","yoast_head_json":{"title":"Batteria Tattu 450mAh 2S 75C 7.4V con attacco XT30 - Iha Race","robots":{"index":"index","follow":"follow","max-snippet":"max-snippet:-1","max-image-preview":"max-image-preview:large","max-video-preview":"max-video-preview:-1"},"canonical":"https:\/\/iha-race.com\/it\/prodotto\/bateria-acehe-2s-450-mah-75c-lipo-racing-series-xt30\/","og_locale":"it_IT","og_type":"article","og_title":"Batteria Tattu 450mAh 2S 75C 7.4V con attacco XT30 - Iha Race","og_description":"Batteria Tattu 450mAh 2S 75C 7.4V con attacco XT30 Queste batterie Lipo Tattu da 450 mAh 2S forniscono energia affidabile e di alta qualit\u00e0 per il tuo multirotore FPV di","og_url":"https:\/\/iha-race.com\/it\/prodotto\/bateria-acehe-2s-450-mah-75c-lipo-racing-series-xt30\/","og_site_name":"Iha Race","article_modified_time":"2026-03-31T14:11:24+00:00","og_image":[{"width":800,"height":800,"url":"https:\/\/iha-race.com\/wp-content\/uploads\/2019\/04\/2_61.jpg","type":"image\/jpeg"}],"twitter_card":"summary_large_image","twitter_misc":{"Tempo di lettura stimato":"1 minuto"},"schema":{"@context":"https:\/\/schema.org","@graph":[{"@type":"WebPage","@id":"https:\/\/iha-race.com\/it\/prodotto\/bateria-acehe-2s-450-mah-75c-lipo-racing-series-xt30\/","url":"https:\/\/iha-race.com\/it\/prodotto\/bateria-acehe-2s-450-mah-75c-lipo-racing-series-xt30\/","name":"Batteria Tattu 450mAh 2S 75C 7.4V con attacco XT30 - Iha Race","isPartOf":{"@id":"https:\/\/iha-race.com\/it\/#website"},"primaryImageOfPage":{"@id":"https:\/\/iha-race.com\/it\/prodotto\/bateria-acehe-2s-450-mah-75c-lipo-racing-series-xt30\/#primaryimage"},"image":{"@id":"https:\/\/iha-race.com\/it\/prodotto\/bateria-acehe-2s-450-mah-75c-lipo-racing-series-xt30\/#primaryimage"},"thumbnailUrl":"https:\/\/iha-race.com\/wp-content\/uploads\/2019\/04\/2_61.jpg","datePublished":"2019-04-01T17:05:47+00:00","dateModified":"2026-03-31T14:11:24+00:00","breadcrumb":{"@id":"https:\/\/iha-race.com\/it\/prodotto\/bateria-acehe-2s-450-mah-75c-lipo-racing-series-xt30\/#breadcrumb"},"inLanguage":"it-IT","potentialAction":[{"@type":"ReadAction","target":["https:\/\/iha-race.com\/it\/prodotto\/bateria-acehe-2s-450-mah-75c-lipo-racing-series-xt30\/"]}]},{"@type":"ImageObject","inLanguage":"it-IT","@id":"https:\/\/iha-race.com\/it\/prodotto\/bateria-acehe-2s-450-mah-75c-lipo-racing-series-xt30\/#primaryimage","url":"https:\/\/iha-race.com\/wp-content\/uploads\/2019\/04\/2_61.jpg","contentUrl":"https:\/\/iha-race.com\/wp-content\/uploads\/2019\/04\/2_61.jpg","width":800,"height":800,"caption":"Batteria Tattu 450mAh 2S 75C 7.4V con attacco XT30"},{"@type":"BreadcrumbList","@id":"https:\/\/iha-race.com\/it\/prodotto\/bateria-acehe-2s-450-mah-75c-lipo-racing-series-xt30\/#breadcrumb","itemListElement":[{"@type":"ListItem","position":1,"name":"Portada","item":"https:\/\/iha-race.com\/it\/"},{"@type":"ListItem","position":2,"name":"Negozio","item":"https:\/\/iha-race.com\/it\/negozio\/"},{"@type":"ListItem","position":3,"name":"Batteria Tattu 450mAh 2S 75C 7.4V con attacco XT30"}]},{"@type":"WebSite","@id":"https:\/\/iha-race.com\/it\/#website","url":"https:\/\/iha-race.com\/it\/","name":"Iha Race","description":"Comprar drones de carreras FPV env\u00edos en un d\u00eda desde Espa\u00f1a","publisher":{"@id":"https:\/\/iha-race.com\/it\/#organization"},"potentialAction":[{"@type":"SearchAction","target":{"@type":"EntryPoint","urlTemplate":"https:\/\/iha-race.com\/it\/?s={search_term_string}"},"query-input":{"@type":"PropertyValueSpecification","valueRequired":true,"valueName":"search_term_string"}}],"inLanguage":"it-IT"},{"@type":"Organization","@id":"https:\/\/iha-race.com\/it\/#organization","name":"Iha Race","url":"https:\/\/iha-race.com\/it\/","logo":{"@type":"ImageObject","inLanguage":"it-IT","@id":"https:\/\/iha-race.com\/it\/#\/schema\/logo\/image\/","url":"https:\/\/iha-race.com\/wp-content\/uploads\/2018\/07\/iha-race-drones-de-carreras-tienda-comprar-drones.png","contentUrl":"https:\/\/iha-race.com\/wp-content\/uploads\/2018\/07\/iha-race-drones-de-carreras-tienda-comprar-drones.png","width":300,"height":100,"caption":"Iha Race"},"image":{"@id":"https:\/\/iha-race.com\/it\/#\/schema\/logo\/image\/"}}]}},"jetpack_sharing_enabled":true,"brands":[],"_links":{"self":[{"href":"https:\/\/iha-race.com\/it\/wp-json\/wp\/v2\/product\/112247","targetHints":{"allow":["GET"]}}],"collection":[{"href":"https:\/\/iha-race.com\/it\/wp-json\/wp\/v2\/product"}],"about":[{"href":"https:\/\/iha-race.com\/it\/wp-json\/wp\/v2\/types\/product"}],"replies":[{"embeddable":true,"href":"https:\/\/iha-race.com\/it\/wp-json\/wp\/v2\/comments?post=112247"}],"version-history":[{"count":2,"href":"https:\/\/iha-race.com\/it\/wp-json\/wp\/v2\/product\/112247\/revisions"}],"predecessor-version":[{"id":250256,"href":"https:\/\/iha-race.com\/it\/wp-json\/wp\/v2\/product\/112247\/revisions\/250256"}],"wp:featuredmedia":[{"embeddable":true,"href":"https:\/\/iha-race.com\/it\/wp-json\/wp\/v2\/media\/84666"}],"wp:attachment":[{"href":"https:\/\/iha-race.com\/it\/wp-json\/wp\/v2\/media?parent=112247"}],"wp:term":[{"taxonomy":"pwb-brand","embeddable":true,"href":"https:\/\/iha-race.com\/it\/wp-json\/wp\/v2\/pwb-brand?post=112247"},{"taxonomy":"product_cat","embeddable":true,"href":"https:\/\/iha-race.com\/it\/wp-json\/wp\/v2\/product_cat?post=112247"},{"taxonomy":"product_tag","embeddable":true,"href":"https:\/\/iha-race.com\/it\/wp-json\/wp\/v2\/product_tag?post=112247"}],"curies":[{"name":"wp","href":"https:\/\/api.w.org\/{rel}","templated":true}]}}