{"id":112221,"date":"2019-03-07T10:51:54","date_gmt":"2019-03-07T09:51:54","guid":{"rendered":"https:\/\/iha-race.com\/producto\/obiettivo-da-21-mm-per-runcam-racer-series-micro-swift-sparrow-1-2-robin-rc21m\/"},"modified":"2024-08-29T16:24:26","modified_gmt":"2024-08-29T14:24:26","slug":"lente-para-runcam-racer-series-micro-swift-sparrow-1-2-robin-rc21m-1-8mm-o-2-1-mm","status":"publish","type":"product","link":"https:\/\/iha-race.com\/it\/prodotto\/lente-para-runcam-racer-series-micro-swift-sparrow-1-2-robin-rc21m-1-8mm-o-2-1-mm\/","title":{"rendered":"Obiettivo per RunCam Racer Series Micro Swift \/ Sparrow 1\/2 Robin (RC21M) (1,8 mm o 2,1 mm)"},"content":{"rendered":"<h2>Obiettivo per RunCam Racer Series Micro Swift \/ Sparrow 1\/2 Robin (RC21M) (1,8 mm o 2,1 mm)<\/h2>\n<h3>Specifiche:<\/h3>\n<ul>\n<li>Lunghezza focale (mm): 2,1<\/li>\n<li>FOV orizzontale: 110\u00b0.<\/li>\n<li>FOV verticale: 83\u00b0.<\/li>\n<li>FOV: 150\u00b0.<\/li>\n<li>Peso: 1,6 g<\/li>\n<li>Apertura (F): 2,8<\/li>\n<li>Montaggio: M8 * P0,5 mm<\/li>\n<li>Formato (pollici): 1\/3 &#8220;<\/li>\n<li>MOD (m): 0,1<\/li>\n<\/ul>\n<ul>\n<li>RC21M<\/li>\n<\/ul>\n<p>&nbsp;<\/p>\n<p><img fetchpriority=\"high\" decoding=\"async\" class=\"size-large wp-image-7532\" src=\"https:\/\/iha-race.com\/wp-content\/uploads\/2019\/03\/RC21M-1-3-1024x1024.jpg\" alt=\"Obiettivo da 2,1 mm per RunCam Racer serie Micro Swift \/ Sparrow 1\/2 Robin  \" width=\"840\" height=\"840\" srcset=\"https:\/\/iha-race.com\/wp-content\/uploads\/2019\/03\/RC21M-1-3-1024x1024.jpg 1024w, https:\/\/iha-race.com\/wp-content\/uploads\/2019\/03\/RC21M-1-3-300x300.jpg 300w, https:\/\/iha-race.com\/wp-content\/uploads\/2019\/03\/RC21M-1-3-100x100.jpg 100w, https:\/\/iha-race.com\/wp-content\/uploads\/2019\/03\/RC21M-1-3-600x600.jpg 600w, https:\/\/iha-race.com\/wp-content\/uploads\/2019\/03\/RC21M-1-3-150x150.jpg 150w, https:\/\/iha-race.com\/wp-content\/uploads\/2019\/03\/RC21M-1-3-768x768.jpg 768w, https:\/\/iha-race.com\/wp-content\/uploads\/2019\/03\/RC21M-1-3-788x788.jpg 788w, https:\/\/iha-race.com\/wp-content\/uploads\/2019\/03\/RC21M-1-3-80x80.jpg 80w, https:\/\/iha-race.com\/wp-content\/uploads\/2019\/03\/RC21M-1-3-135x135.jpg 135w, https:\/\/iha-race.com\/wp-content\/uploads\/2019\/03\/RC21M-1-3.jpg 700w\" sizes=\"(max-width: 840px) 100vw, 840px\" \/><\/p>\n","protected":false},"excerpt":{"rendered":"<p>Obiettivo per RunCam Racer Series Micro Swift \/ Sparrow 1\/2 Robin (RC21M) (1,8 mm o 2,1 mm) Specifiche: Lunghezza focale (mm): 2,1 FOV orizzontale: 110\u00b0. FOV verticale: 83\u00b0. FOV: 150\u00b0.<\/p>\n","protected":false},"featured_media":93977,"comment_status":"open","ping_status":"closed","template":"","meta":{"_joinchat":[]},"pwb-brand":[],"product_cat":[1202,1165],"product_tag":[],"class_list":{"0":"post-112221","1":"product","2":"type-product","3":"status-publish","4":"has-post-thumbnail","6":"product_cat-lenti","7":"product_cat-telecamere-fpv","9":"first","10":"instock","11":"taxable","12":"shipping-taxable","13":"purchasable","14":"product-type-variable"},"barcode":null,"atum_controlled":true,"out_stock_date":null,"out_stock_threshold":null,"inheritable":true,"stock_on_hold":0,"sold_today":0,"sales_last_days":0,"out_stock_days":0,"lost_sales":0,"update_date":"2026-03-21T10:55:19","atum_locations":[],"atum_stock_status":"instock","restock_status":false,"low_stock_amount":"","sales_update_date":"2026-03-21T10:55:19","calc_backorders":null,"yoast_head":"<!-- This site is optimized with the Yoast SEO plugin v27.3 - https:\/\/yoast.com\/product\/yoast-seo-wordpress\/ -->\n<title>Obiettivo per RunCam Racer Series Micro Swift \/ Sparrow 1\/2 Robin (RC21M) (1,8 mm o 2,1 mm) - Iha Race<\/title>\n<meta name=\"robots\" content=\"index, follow, max-snippet:-1, max-image-preview:large, max-video-preview:-1\" \/>\n<link rel=\"canonical\" href=\"https:\/\/iha-race.com\/it\/prodotto\/lente-para-runcam-racer-series-micro-swift-sparrow-1-2-robin-rc21m-1-8mm-o-2-1-mm\/\" \/>\n<meta property=\"og:locale\" content=\"it_IT\" \/>\n<meta property=\"og:type\" content=\"article\" \/>\n<meta property=\"og:title\" content=\"Obiettivo per RunCam Racer Series Micro Swift \/ Sparrow 1\/2 Robin (RC21M) (1,8 mm o 2,1 mm) - Iha Race\" \/>\n<meta property=\"og:description\" content=\"Obiettivo per RunCam Racer Series Micro Swift \/ Sparrow 1\/2 Robin (RC21M) (1,8 mm o 2,1 mm) Specifiche: Lunghezza focale (mm): 2,1 FOV orizzontale: 110\u00b0. FOV verticale: 83\u00b0. FOV: 150\u00b0.\" \/>\n<meta property=\"og:url\" content=\"https:\/\/iha-race.com\/it\/prodotto\/lente-para-runcam-racer-series-micro-swift-sparrow-1-2-robin-rc21m-1-8mm-o-2-1-mm\/\" \/>\n<meta property=\"og:site_name\" content=\"Iha Race\" \/>\n<meta property=\"article:modified_time\" content=\"2024-08-29T14:24:26+00:00\" \/>\n<meta property=\"og:image\" content=\"https:\/\/iha-race.com\/wp-content\/uploads\/2019\/03\/lente-de-2-1-mm-para-runcam-racer-series-micro-swift-sparrow-1-2-robin-1.jpg\" \/>\n\t<meta property=\"og:image:width\" content=\"800\" \/>\n\t<meta property=\"og:image:height\" content=\"800\" \/>\n\t<meta property=\"og:image:type\" content=\"image\/jpeg\" \/>\n<meta name=\"twitter:card\" content=\"summary_large_image\" \/>\n<script type=\"application\/ld+json\" class=\"yoast-schema-graph\">{\"@context\":\"https:\\\/\\\/schema.org\",\"@graph\":[{\"@type\":\"WebPage\",\"@id\":\"https:\\\/\\\/iha-race.com\\\/it\\\/prodotto\\\/lente-para-runcam-racer-series-micro-swift-sparrow-1-2-robin-rc21m-1-8mm-o-2-1-mm\\\/\",\"url\":\"https:\\\/\\\/iha-race.com\\\/it\\\/prodotto\\\/lente-para-runcam-racer-series-micro-swift-sparrow-1-2-robin-rc21m-1-8mm-o-2-1-mm\\\/\",\"name\":\"Obiettivo per RunCam Racer Series Micro Swift \\\/ Sparrow 1\\\/2 Robin (RC21M) (1,8 mm o 2,1 mm) - Iha Race\",\"isPartOf\":{\"@id\":\"https:\\\/\\\/iha-race.com\\\/it\\\/#website\"},\"primaryImageOfPage\":{\"@id\":\"https:\\\/\\\/iha-race.com\\\/it\\\/prodotto\\\/lente-para-runcam-racer-series-micro-swift-sparrow-1-2-robin-rc21m-1-8mm-o-2-1-mm\\\/#primaryimage\"},\"image\":{\"@id\":\"https:\\\/\\\/iha-race.com\\\/it\\\/prodotto\\\/lente-para-runcam-racer-series-micro-swift-sparrow-1-2-robin-rc21m-1-8mm-o-2-1-mm\\\/#primaryimage\"},\"thumbnailUrl\":\"https:\\\/\\\/iha-race.com\\\/wp-content\\\/uploads\\\/2019\\\/03\\\/lente-de-2-1-mm-para-runcam-racer-series-micro-swift-sparrow-1-2-robin-1.jpg\",\"datePublished\":\"2019-03-07T09:51:54+00:00\",\"dateModified\":\"2024-08-29T14:24:26+00:00\",\"breadcrumb\":{\"@id\":\"https:\\\/\\\/iha-race.com\\\/it\\\/prodotto\\\/lente-para-runcam-racer-series-micro-swift-sparrow-1-2-robin-rc21m-1-8mm-o-2-1-mm\\\/#breadcrumb\"},\"inLanguage\":\"it-IT\",\"potentialAction\":[{\"@type\":\"ReadAction\",\"target\":[\"https:\\\/\\\/iha-race.com\\\/it\\\/prodotto\\\/lente-para-runcam-racer-series-micro-swift-sparrow-1-2-robin-rc21m-1-8mm-o-2-1-mm\\\/\"]}]},{\"@type\":\"ImageObject\",\"inLanguage\":\"it-IT\",\"@id\":\"https:\\\/\\\/iha-race.com\\\/it\\\/prodotto\\\/lente-para-runcam-racer-series-micro-swift-sparrow-1-2-robin-rc21m-1-8mm-o-2-1-mm\\\/#primaryimage\",\"url\":\"https:\\\/\\\/iha-race.com\\\/wp-content\\\/uploads\\\/2019\\\/03\\\/lente-de-2-1-mm-para-runcam-racer-series-micro-swift-sparrow-1-2-robin-1.jpg\",\"contentUrl\":\"https:\\\/\\\/iha-race.com\\\/wp-content\\\/uploads\\\/2019\\\/03\\\/lente-de-2-1-mm-para-runcam-racer-series-micro-swift-sparrow-1-2-robin-1.jpg\",\"width\":800,\"height\":800,\"caption\":\"obiettivo-2-1-mm-obiettivo-per-runcam-racer-series-micro-swift-sparrow-1-2-robin\"},{\"@type\":\"BreadcrumbList\",\"@id\":\"https:\\\/\\\/iha-race.com\\\/it\\\/prodotto\\\/lente-para-runcam-racer-series-micro-swift-sparrow-1-2-robin-rc21m-1-8mm-o-2-1-mm\\\/#breadcrumb\",\"itemListElement\":[{\"@type\":\"ListItem\",\"position\":1,\"name\":\"Portada\",\"item\":\"https:\\\/\\\/iha-race.com\\\/it\\\/\"},{\"@type\":\"ListItem\",\"position\":2,\"name\":\"Negozio\",\"item\":\"https:\\\/\\\/iha-race.com\\\/it\\\/negozio\\\/\"},{\"@type\":\"ListItem\",\"position\":3,\"name\":\"Obiettivo per RunCam Racer Series Micro Swift \\\/ Sparrow 1\\\/2 Robin (RC21M) (1,8 mm o 2,1 mm)\"}]},{\"@type\":\"WebSite\",\"@id\":\"https:\\\/\\\/iha-race.com\\\/it\\\/#website\",\"url\":\"https:\\\/\\\/iha-race.com\\\/it\\\/\",\"name\":\"Iha Race\",\"description\":\"Comprar drones de carreras FPV env\u00edos en un d\u00eda desde Espa\u00f1a\",\"publisher\":{\"@id\":\"https:\\\/\\\/iha-race.com\\\/it\\\/#organization\"},\"potentialAction\":[{\"@type\":\"SearchAction\",\"target\":{\"@type\":\"EntryPoint\",\"urlTemplate\":\"https:\\\/\\\/iha-race.com\\\/it\\\/?s={search_term_string}\"},\"query-input\":{\"@type\":\"PropertyValueSpecification\",\"valueRequired\":true,\"valueName\":\"search_term_string\"}}],\"inLanguage\":\"it-IT\"},{\"@type\":\"Organization\",\"@id\":\"https:\\\/\\\/iha-race.com\\\/it\\\/#organization\",\"name\":\"Iha Race\",\"url\":\"https:\\\/\\\/iha-race.com\\\/it\\\/\",\"logo\":{\"@type\":\"ImageObject\",\"inLanguage\":\"it-IT\",\"@id\":\"https:\\\/\\\/iha-race.com\\\/it\\\/#\\\/schema\\\/logo\\\/image\\\/\",\"url\":\"https:\\\/\\\/iha-race.com\\\/wp-content\\\/uploads\\\/2018\\\/07\\\/iha-race-drones-de-carreras-tienda-comprar-drones.png\",\"contentUrl\":\"https:\\\/\\\/iha-race.com\\\/wp-content\\\/uploads\\\/2018\\\/07\\\/iha-race-drones-de-carreras-tienda-comprar-drones.png\",\"width\":300,\"height\":100,\"caption\":\"Iha Race\"},\"image\":{\"@id\":\"https:\\\/\\\/iha-race.com\\\/it\\\/#\\\/schema\\\/logo\\\/image\\\/\"}}]}<\/script>\n<!-- \/ Yoast SEO plugin. -->","yoast_head_json":{"title":"Obiettivo per RunCam Racer Series Micro Swift \/ Sparrow 1\/2 Robin (RC21M) (1,8 mm o 2,1 mm) - Iha Race","robots":{"index":"index","follow":"follow","max-snippet":"max-snippet:-1","max-image-preview":"max-image-preview:large","max-video-preview":"max-video-preview:-1"},"canonical":"https:\/\/iha-race.com\/it\/prodotto\/lente-para-runcam-racer-series-micro-swift-sparrow-1-2-robin-rc21m-1-8mm-o-2-1-mm\/","og_locale":"it_IT","og_type":"article","og_title":"Obiettivo per RunCam Racer Series Micro Swift \/ Sparrow 1\/2 Robin (RC21M) (1,8 mm o 2,1 mm) - Iha Race","og_description":"Obiettivo per RunCam Racer Series Micro Swift \/ Sparrow 1\/2 Robin (RC21M) (1,8 mm o 2,1 mm) Specifiche: Lunghezza focale (mm): 2,1 FOV orizzontale: 110\u00b0. FOV verticale: 83\u00b0. FOV: 150\u00b0.","og_url":"https:\/\/iha-race.com\/it\/prodotto\/lente-para-runcam-racer-series-micro-swift-sparrow-1-2-robin-rc21m-1-8mm-o-2-1-mm\/","og_site_name":"Iha Race","article_modified_time":"2024-08-29T14:24:26+00:00","og_image":[{"width":800,"height":800,"url":"https:\/\/iha-race.com\/wp-content\/uploads\/2019\/03\/lente-de-2-1-mm-para-runcam-racer-series-micro-swift-sparrow-1-2-robin-1.jpg","type":"image\/jpeg"}],"twitter_card":"summary_large_image","schema":{"@context":"https:\/\/schema.org","@graph":[{"@type":"WebPage","@id":"https:\/\/iha-race.com\/it\/prodotto\/lente-para-runcam-racer-series-micro-swift-sparrow-1-2-robin-rc21m-1-8mm-o-2-1-mm\/","url":"https:\/\/iha-race.com\/it\/prodotto\/lente-para-runcam-racer-series-micro-swift-sparrow-1-2-robin-rc21m-1-8mm-o-2-1-mm\/","name":"Obiettivo per RunCam Racer Series Micro Swift \/ Sparrow 1\/2 Robin (RC21M) (1,8 mm o 2,1 mm) - Iha Race","isPartOf":{"@id":"https:\/\/iha-race.com\/it\/#website"},"primaryImageOfPage":{"@id":"https:\/\/iha-race.com\/it\/prodotto\/lente-para-runcam-racer-series-micro-swift-sparrow-1-2-robin-rc21m-1-8mm-o-2-1-mm\/#primaryimage"},"image":{"@id":"https:\/\/iha-race.com\/it\/prodotto\/lente-para-runcam-racer-series-micro-swift-sparrow-1-2-robin-rc21m-1-8mm-o-2-1-mm\/#primaryimage"},"thumbnailUrl":"https:\/\/iha-race.com\/wp-content\/uploads\/2019\/03\/lente-de-2-1-mm-para-runcam-racer-series-micro-swift-sparrow-1-2-robin-1.jpg","datePublished":"2019-03-07T09:51:54+00:00","dateModified":"2024-08-29T14:24:26+00:00","breadcrumb":{"@id":"https:\/\/iha-race.com\/it\/prodotto\/lente-para-runcam-racer-series-micro-swift-sparrow-1-2-robin-rc21m-1-8mm-o-2-1-mm\/#breadcrumb"},"inLanguage":"it-IT","potentialAction":[{"@type":"ReadAction","target":["https:\/\/iha-race.com\/it\/prodotto\/lente-para-runcam-racer-series-micro-swift-sparrow-1-2-robin-rc21m-1-8mm-o-2-1-mm\/"]}]},{"@type":"ImageObject","inLanguage":"it-IT","@id":"https:\/\/iha-race.com\/it\/prodotto\/lente-para-runcam-racer-series-micro-swift-sparrow-1-2-robin-rc21m-1-8mm-o-2-1-mm\/#primaryimage","url":"https:\/\/iha-race.com\/wp-content\/uploads\/2019\/03\/lente-de-2-1-mm-para-runcam-racer-series-micro-swift-sparrow-1-2-robin-1.jpg","contentUrl":"https:\/\/iha-race.com\/wp-content\/uploads\/2019\/03\/lente-de-2-1-mm-para-runcam-racer-series-micro-swift-sparrow-1-2-robin-1.jpg","width":800,"height":800,"caption":"obiettivo-2-1-mm-obiettivo-per-runcam-racer-series-micro-swift-sparrow-1-2-robin"},{"@type":"BreadcrumbList","@id":"https:\/\/iha-race.com\/it\/prodotto\/lente-para-runcam-racer-series-micro-swift-sparrow-1-2-robin-rc21m-1-8mm-o-2-1-mm\/#breadcrumb","itemListElement":[{"@type":"ListItem","position":1,"name":"Portada","item":"https:\/\/iha-race.com\/it\/"},{"@type":"ListItem","position":2,"name":"Negozio","item":"https:\/\/iha-race.com\/it\/negozio\/"},{"@type":"ListItem","position":3,"name":"Obiettivo per RunCam Racer Series Micro Swift \/ Sparrow 1\/2 Robin (RC21M) (1,8 mm o 2,1 mm)"}]},{"@type":"WebSite","@id":"https:\/\/iha-race.com\/it\/#website","url":"https:\/\/iha-race.com\/it\/","name":"Iha Race","description":"Comprar drones de carreras FPV env\u00edos en un d\u00eda desde Espa\u00f1a","publisher":{"@id":"https:\/\/iha-race.com\/it\/#organization"},"potentialAction":[{"@type":"SearchAction","target":{"@type":"EntryPoint","urlTemplate":"https:\/\/iha-race.com\/it\/?s={search_term_string}"},"query-input":{"@type":"PropertyValueSpecification","valueRequired":true,"valueName":"search_term_string"}}],"inLanguage":"it-IT"},{"@type":"Organization","@id":"https:\/\/iha-race.com\/it\/#organization","name":"Iha Race","url":"https:\/\/iha-race.com\/it\/","logo":{"@type":"ImageObject","inLanguage":"it-IT","@id":"https:\/\/iha-race.com\/it\/#\/schema\/logo\/image\/","url":"https:\/\/iha-race.com\/wp-content\/uploads\/2018\/07\/iha-race-drones-de-carreras-tienda-comprar-drones.png","contentUrl":"https:\/\/iha-race.com\/wp-content\/uploads\/2018\/07\/iha-race-drones-de-carreras-tienda-comprar-drones.png","width":300,"height":100,"caption":"Iha Race"},"image":{"@id":"https:\/\/iha-race.com\/it\/#\/schema\/logo\/image\/"}}]}},"jetpack_sharing_enabled":true,"brands":[],"_links":{"self":[{"href":"https:\/\/iha-race.com\/it\/wp-json\/wp\/v2\/product\/112221","targetHints":{"allow":["GET"]}}],"collection":[{"href":"https:\/\/iha-race.com\/it\/wp-json\/wp\/v2\/product"}],"about":[{"href":"https:\/\/iha-race.com\/it\/wp-json\/wp\/v2\/types\/product"}],"replies":[{"embeddable":true,"href":"https:\/\/iha-race.com\/it\/wp-json\/wp\/v2\/comments?post=112221"}],"version-history":[{"count":2,"href":"https:\/\/iha-race.com\/it\/wp-json\/wp\/v2\/product\/112221\/revisions"}],"predecessor-version":[{"id":228787,"href":"https:\/\/iha-race.com\/it\/wp-json\/wp\/v2\/product\/112221\/revisions\/228787"}],"wp:featuredmedia":[{"embeddable":true,"href":"https:\/\/iha-race.com\/it\/wp-json\/wp\/v2\/media\/93977"}],"wp:attachment":[{"href":"https:\/\/iha-race.com\/it\/wp-json\/wp\/v2\/media?parent=112221"}],"wp:term":[{"taxonomy":"pwb-brand","embeddable":true,"href":"https:\/\/iha-race.com\/it\/wp-json\/wp\/v2\/pwb-brand?post=112221"},{"taxonomy":"product_cat","embeddable":true,"href":"https:\/\/iha-race.com\/it\/wp-json\/wp\/v2\/product_cat?post=112221"},{"taxonomy":"product_tag","embeddable":true,"href":"https:\/\/iha-race.com\/it\/wp-json\/wp\/v2\/product_tag?post=112221"}],"curies":[{"name":"wp","href":"https:\/\/api.w.org\/{rel}","templated":true}]}}