{"id":112198,"date":"2019-04-02T10:49:25","date_gmt":"2019-04-02T08:49:25","guid":{"rendered":"https:\/\/iha-race.com\/producto\/eliche-gemfan-1636-x-4-40-mm-foro-da-15-mm\/"},"modified":"2024-08-29T16:23:28","modified_gmt":"2024-08-29T14:23:28","slug":"helices-gemfan-1636-x-4-40mm-agujero-de-1-5mm","status":"publish","type":"product","link":"https:\/\/iha-race.com\/it\/prodotto\/helices-gemfan-1636-x-4-40mm-agujero-de-1-5mm\/","title":{"rendered":"Eliche Gemfan 1636 x 4 40 mm (foro da 1,5 mm)"},"content":{"rendered":"<h2>Eliche Gemfan 1636 x 4 40 mm (foro da 1,5 mm)<\/h2>\n<h2><b>Specifiche:<\/b><\/h2>\n<ul>\n<li>Peso: 0,61 g<\/li>\n<li>Materiale: PC<\/li>\n<li>Passo: 3,5 pollici<\/li>\n<li>Diametro degli accessori: 40 mm<\/li>\n<li>Spessore centrale: 5,2 mm<\/li>\n<li>Diametro del foro centrale: 1,5 mm<\/li>\n<li>Motore adattivo: 1103-1105<\/li>\n<li>Colori: rosso, blu, lilla e giallo<\/li>\n<\/ul>\n<h2>Il pacchetto comprende:<\/h2>\n<ul>\n<li>4 eliche CW<\/li>\n<li>4 eliche CCW<\/li>\n<\/ul>\n","protected":false},"excerpt":{"rendered":"<p>Eliche Gemfan 1636 x 4 40 mm (foro da 1,5 mm) Specifiche: Peso: 0,61 g Materiale: PC Passo: 3,5 pollici Diametro degli accessori: 40 mm Spessore centrale: 5,2 mm Diametro<\/p>\n","protected":false},"featured_media":94939,"comment_status":"open","ping_status":"closed","template":"","meta":{"_joinchat":[]},"pwb-brand":[],"product_cat":[1433,1667,1238],"product_tag":[],"class_list":{"0":"post-112198","1":"product","2":"type-product","3":"status-publish","4":"has-post-thumbnail","6":"product_cat-1433","7":"product_cat-a-quattro-lame","8":"product_cat-eliche-fpv","10":"first","11":"instock","12":"taxable","13":"shipping-taxable","14":"purchasable","15":"product-type-variable"},"barcode":null,"atum_controlled":true,"out_stock_date":null,"out_stock_threshold":null,"inheritable":true,"stock_on_hold":0,"sold_today":1,"sales_last_days":2,"out_stock_days":0,"lost_sales":0,"update_date":"2026-04-18T22:21:40","atum_locations":[],"atum_stock_status":"instock","restock_status":false,"low_stock_amount":"","sales_update_date":"2026-04-18T22:21:40","calc_backorders":null,"yoast_head":"<!-- This site is optimized with the Yoast SEO plugin v27.3 - https:\/\/yoast.com\/product\/yoast-seo-wordpress\/ -->\n<title>Eliche Gemfan 1636 x 4 40 mm (foro da 1,5 mm) - Iha Race<\/title>\n<meta name=\"robots\" content=\"index, follow, max-snippet:-1, max-image-preview:large, max-video-preview:-1\" \/>\n<link rel=\"canonical\" href=\"https:\/\/iha-race.com\/it\/prodotto\/helices-gemfan-1636-x-4-40mm-agujero-de-1-5mm\/\" \/>\n<meta property=\"og:locale\" content=\"it_IT\" \/>\n<meta property=\"og:type\" content=\"article\" \/>\n<meta property=\"og:title\" content=\"Eliche Gemfan 1636 x 4 40 mm (foro da 1,5 mm) - Iha Race\" \/>\n<meta property=\"og:description\" content=\"Eliche Gemfan 1636 x 4 40 mm (foro da 1,5 mm) Specifiche: Peso: 0,61 g Materiale: PC Passo: 3,5 pollici Diametro degli accessori: 40 mm Spessore centrale: 5,2 mm Diametro\" \/>\n<meta property=\"og:url\" content=\"https:\/\/iha-race.com\/it\/prodotto\/helices-gemfan-1636-x-4-40mm-agujero-de-1-5mm\/\" \/>\n<meta property=\"og:site_name\" content=\"Iha Race\" \/>\n<meta property=\"article:modified_time\" content=\"2024-08-29T14:23:28+00:00\" \/>\n<meta property=\"og:image\" content=\"https:\/\/iha-race.com\/wp-content\/uploads\/2019\/04\/helices-Gemfan-40mm-1636-4-agujero-1.5-mm-varios-colores.jpg\" \/>\n\t<meta property=\"og:image:width\" content=\"800\" \/>\n\t<meta property=\"og:image:height\" content=\"800\" \/>\n\t<meta property=\"og:image:type\" content=\"image\/jpeg\" \/>\n<meta name=\"twitter:card\" content=\"summary_large_image\" \/>\n<script type=\"application\/ld+json\" class=\"yoast-schema-graph\">{\"@context\":\"https:\\\/\\\/schema.org\",\"@graph\":[{\"@type\":\"WebPage\",\"@id\":\"https:\\\/\\\/iha-race.com\\\/it\\\/prodotto\\\/helices-gemfan-1636-x-4-40mm-agujero-de-1-5mm\\\/\",\"url\":\"https:\\\/\\\/iha-race.com\\\/it\\\/prodotto\\\/helices-gemfan-1636-x-4-40mm-agujero-de-1-5mm\\\/\",\"name\":\"Eliche Gemfan 1636 x 4 40 mm (foro da 1,5 mm) - Iha Race\",\"isPartOf\":{\"@id\":\"https:\\\/\\\/iha-race.com\\\/it\\\/#website\"},\"primaryImageOfPage\":{\"@id\":\"https:\\\/\\\/iha-race.com\\\/it\\\/prodotto\\\/helices-gemfan-1636-x-4-40mm-agujero-de-1-5mm\\\/#primaryimage\"},\"image\":{\"@id\":\"https:\\\/\\\/iha-race.com\\\/it\\\/prodotto\\\/helices-gemfan-1636-x-4-40mm-agujero-de-1-5mm\\\/#primaryimage\"},\"thumbnailUrl\":\"https:\\\/\\\/iha-race.com\\\/wp-content\\\/uploads\\\/2019\\\/04\\\/helices-Gemfan-40mm-1636-4-agujero-1.5-mm-varios-colores.jpg\",\"datePublished\":\"2019-04-02T08:49:25+00:00\",\"dateModified\":\"2024-08-29T14:23:28+00:00\",\"breadcrumb\":{\"@id\":\"https:\\\/\\\/iha-race.com\\\/it\\\/prodotto\\\/helices-gemfan-1636-x-4-40mm-agujero-de-1-5mm\\\/#breadcrumb\"},\"inLanguage\":\"it-IT\",\"potentialAction\":[{\"@type\":\"ReadAction\",\"target\":[\"https:\\\/\\\/iha-race.com\\\/it\\\/prodotto\\\/helices-gemfan-1636-x-4-40mm-agujero-de-1-5mm\\\/\"]}]},{\"@type\":\"ImageObject\",\"inLanguage\":\"it-IT\",\"@id\":\"https:\\\/\\\/iha-race.com\\\/it\\\/prodotto\\\/helices-gemfan-1636-x-4-40mm-agujero-de-1-5mm\\\/#primaryimage\",\"url\":\"https:\\\/\\\/iha-race.com\\\/wp-content\\\/uploads\\\/2019\\\/04\\\/helices-Gemfan-40mm-1636-4-agujero-1.5-mm-varios-colores.jpg\",\"contentUrl\":\"https:\\\/\\\/iha-race.com\\\/wp-content\\\/uploads\\\/2019\\\/04\\\/helices-Gemfan-40mm-1636-4-agujero-1.5-mm-varios-colores.jpg\",\"width\":800,\"height\":800,\"caption\":\"acquistare a buon mercato Gemfan 40mm 1636-4 eliche foro 1,5 mm vari colori\"},{\"@type\":\"BreadcrumbList\",\"@id\":\"https:\\\/\\\/iha-race.com\\\/it\\\/prodotto\\\/helices-gemfan-1636-x-4-40mm-agujero-de-1-5mm\\\/#breadcrumb\",\"itemListElement\":[{\"@type\":\"ListItem\",\"position\":1,\"name\":\"Portada\",\"item\":\"https:\\\/\\\/iha-race.com\\\/it\\\/\"},{\"@type\":\"ListItem\",\"position\":2,\"name\":\"Negozio\",\"item\":\"https:\\\/\\\/iha-race.com\\\/it\\\/negozio\\\/\"},{\"@type\":\"ListItem\",\"position\":3,\"name\":\"Eliche Gemfan 1636 x 4 40 mm (foro da 1,5 mm)\"}]},{\"@type\":\"WebSite\",\"@id\":\"https:\\\/\\\/iha-race.com\\\/it\\\/#website\",\"url\":\"https:\\\/\\\/iha-race.com\\\/it\\\/\",\"name\":\"Iha Race\",\"description\":\"Comprar drones de carreras FPV env\u00edos en un d\u00eda desde Espa\u00f1a\",\"publisher\":{\"@id\":\"https:\\\/\\\/iha-race.com\\\/it\\\/#organization\"},\"potentialAction\":[{\"@type\":\"SearchAction\",\"target\":{\"@type\":\"EntryPoint\",\"urlTemplate\":\"https:\\\/\\\/iha-race.com\\\/it\\\/?s={search_term_string}\"},\"query-input\":{\"@type\":\"PropertyValueSpecification\",\"valueRequired\":true,\"valueName\":\"search_term_string\"}}],\"inLanguage\":\"it-IT\"},{\"@type\":\"Organization\",\"@id\":\"https:\\\/\\\/iha-race.com\\\/it\\\/#organization\",\"name\":\"Iha Race\",\"url\":\"https:\\\/\\\/iha-race.com\\\/it\\\/\",\"logo\":{\"@type\":\"ImageObject\",\"inLanguage\":\"it-IT\",\"@id\":\"https:\\\/\\\/iha-race.com\\\/it\\\/#\\\/schema\\\/logo\\\/image\\\/\",\"url\":\"https:\\\/\\\/iha-race.com\\\/wp-content\\\/uploads\\\/2018\\\/07\\\/iha-race-drones-de-carreras-tienda-comprar-drones.png\",\"contentUrl\":\"https:\\\/\\\/iha-race.com\\\/wp-content\\\/uploads\\\/2018\\\/07\\\/iha-race-drones-de-carreras-tienda-comprar-drones.png\",\"width\":300,\"height\":100,\"caption\":\"Iha Race\"},\"image\":{\"@id\":\"https:\\\/\\\/iha-race.com\\\/it\\\/#\\\/schema\\\/logo\\\/image\\\/\"}}]}<\/script>\n<!-- \/ Yoast SEO plugin. -->","yoast_head_json":{"title":"Eliche Gemfan 1636 x 4 40 mm (foro da 1,5 mm) - Iha Race","robots":{"index":"index","follow":"follow","max-snippet":"max-snippet:-1","max-image-preview":"max-image-preview:large","max-video-preview":"max-video-preview:-1"},"canonical":"https:\/\/iha-race.com\/it\/prodotto\/helices-gemfan-1636-x-4-40mm-agujero-de-1-5mm\/","og_locale":"it_IT","og_type":"article","og_title":"Eliche Gemfan 1636 x 4 40 mm (foro da 1,5 mm) - Iha Race","og_description":"Eliche Gemfan 1636 x 4 40 mm (foro da 1,5 mm) Specifiche: Peso: 0,61 g Materiale: PC Passo: 3,5 pollici Diametro degli accessori: 40 mm Spessore centrale: 5,2 mm Diametro","og_url":"https:\/\/iha-race.com\/it\/prodotto\/helices-gemfan-1636-x-4-40mm-agujero-de-1-5mm\/","og_site_name":"Iha Race","article_modified_time":"2024-08-29T14:23:28+00:00","og_image":[{"width":800,"height":800,"url":"https:\/\/iha-race.com\/wp-content\/uploads\/2019\/04\/helices-Gemfan-40mm-1636-4-agujero-1.5-mm-varios-colores.jpg","type":"image\/jpeg"}],"twitter_card":"summary_large_image","schema":{"@context":"https:\/\/schema.org","@graph":[{"@type":"WebPage","@id":"https:\/\/iha-race.com\/it\/prodotto\/helices-gemfan-1636-x-4-40mm-agujero-de-1-5mm\/","url":"https:\/\/iha-race.com\/it\/prodotto\/helices-gemfan-1636-x-4-40mm-agujero-de-1-5mm\/","name":"Eliche Gemfan 1636 x 4 40 mm (foro da 1,5 mm) - Iha Race","isPartOf":{"@id":"https:\/\/iha-race.com\/it\/#website"},"primaryImageOfPage":{"@id":"https:\/\/iha-race.com\/it\/prodotto\/helices-gemfan-1636-x-4-40mm-agujero-de-1-5mm\/#primaryimage"},"image":{"@id":"https:\/\/iha-race.com\/it\/prodotto\/helices-gemfan-1636-x-4-40mm-agujero-de-1-5mm\/#primaryimage"},"thumbnailUrl":"https:\/\/iha-race.com\/wp-content\/uploads\/2019\/04\/helices-Gemfan-40mm-1636-4-agujero-1.5-mm-varios-colores.jpg","datePublished":"2019-04-02T08:49:25+00:00","dateModified":"2024-08-29T14:23:28+00:00","breadcrumb":{"@id":"https:\/\/iha-race.com\/it\/prodotto\/helices-gemfan-1636-x-4-40mm-agujero-de-1-5mm\/#breadcrumb"},"inLanguage":"it-IT","potentialAction":[{"@type":"ReadAction","target":["https:\/\/iha-race.com\/it\/prodotto\/helices-gemfan-1636-x-4-40mm-agujero-de-1-5mm\/"]}]},{"@type":"ImageObject","inLanguage":"it-IT","@id":"https:\/\/iha-race.com\/it\/prodotto\/helices-gemfan-1636-x-4-40mm-agujero-de-1-5mm\/#primaryimage","url":"https:\/\/iha-race.com\/wp-content\/uploads\/2019\/04\/helices-Gemfan-40mm-1636-4-agujero-1.5-mm-varios-colores.jpg","contentUrl":"https:\/\/iha-race.com\/wp-content\/uploads\/2019\/04\/helices-Gemfan-40mm-1636-4-agujero-1.5-mm-varios-colores.jpg","width":800,"height":800,"caption":"acquistare a buon mercato Gemfan 40mm 1636-4 eliche foro 1,5 mm vari colori"},{"@type":"BreadcrumbList","@id":"https:\/\/iha-race.com\/it\/prodotto\/helices-gemfan-1636-x-4-40mm-agujero-de-1-5mm\/#breadcrumb","itemListElement":[{"@type":"ListItem","position":1,"name":"Portada","item":"https:\/\/iha-race.com\/it\/"},{"@type":"ListItem","position":2,"name":"Negozio","item":"https:\/\/iha-race.com\/it\/negozio\/"},{"@type":"ListItem","position":3,"name":"Eliche Gemfan 1636 x 4 40 mm (foro da 1,5 mm)"}]},{"@type":"WebSite","@id":"https:\/\/iha-race.com\/it\/#website","url":"https:\/\/iha-race.com\/it\/","name":"Iha Race","description":"Comprar drones de carreras FPV env\u00edos en un d\u00eda desde Espa\u00f1a","publisher":{"@id":"https:\/\/iha-race.com\/it\/#organization"},"potentialAction":[{"@type":"SearchAction","target":{"@type":"EntryPoint","urlTemplate":"https:\/\/iha-race.com\/it\/?s={search_term_string}"},"query-input":{"@type":"PropertyValueSpecification","valueRequired":true,"valueName":"search_term_string"}}],"inLanguage":"it-IT"},{"@type":"Organization","@id":"https:\/\/iha-race.com\/it\/#organization","name":"Iha Race","url":"https:\/\/iha-race.com\/it\/","logo":{"@type":"ImageObject","inLanguage":"it-IT","@id":"https:\/\/iha-race.com\/it\/#\/schema\/logo\/image\/","url":"https:\/\/iha-race.com\/wp-content\/uploads\/2018\/07\/iha-race-drones-de-carreras-tienda-comprar-drones.png","contentUrl":"https:\/\/iha-race.com\/wp-content\/uploads\/2018\/07\/iha-race-drones-de-carreras-tienda-comprar-drones.png","width":300,"height":100,"caption":"Iha Race"},"image":{"@id":"https:\/\/iha-race.com\/it\/#\/schema\/logo\/image\/"}}]}},"jetpack_sharing_enabled":true,"brands":[],"_links":{"self":[{"href":"https:\/\/iha-race.com\/it\/wp-json\/wp\/v2\/product\/112198","targetHints":{"allow":["GET"]}}],"collection":[{"href":"https:\/\/iha-race.com\/it\/wp-json\/wp\/v2\/product"}],"about":[{"href":"https:\/\/iha-race.com\/it\/wp-json\/wp\/v2\/types\/product"}],"replies":[{"embeddable":true,"href":"https:\/\/iha-race.com\/it\/wp-json\/wp\/v2\/comments?post=112198"}],"version-history":[{"count":1,"href":"https:\/\/iha-race.com\/it\/wp-json\/wp\/v2\/product\/112198\/revisions"}],"predecessor-version":[{"id":115859,"href":"https:\/\/iha-race.com\/it\/wp-json\/wp\/v2\/product\/112198\/revisions\/115859"}],"wp:featuredmedia":[{"embeddable":true,"href":"https:\/\/iha-race.com\/it\/wp-json\/wp\/v2\/media\/94939"}],"wp:attachment":[{"href":"https:\/\/iha-race.com\/it\/wp-json\/wp\/v2\/media?parent=112198"}],"wp:term":[{"taxonomy":"pwb-brand","embeddable":true,"href":"https:\/\/iha-race.com\/it\/wp-json\/wp\/v2\/pwb-brand?post=112198"},{"taxonomy":"product_cat","embeddable":true,"href":"https:\/\/iha-race.com\/it\/wp-json\/wp\/v2\/product_cat?post=112198"},{"taxonomy":"product_tag","embeddable":true,"href":"https:\/\/iha-race.com\/it\/wp-json\/wp\/v2\/product_tag?post=112198"}],"curies":[{"name":"wp","href":"https:\/\/api.w.org\/{rel}","templated":true}]}}