{"id":112195,"date":"2019-03-11T18:42:45","date_gmt":"2019-03-11T17:42:45","guid":{"rendered":"https:\/\/iha-race.com\/producto\/tbs-unify-evo\/"},"modified":"2024-08-29T16:24:27","modified_gmt":"2024-08-29T14:24:27","slug":"tbs-unify-evo","status":"publish","type":"product","link":"https:\/\/iha-race.com\/it\/prodotto\/tbs-unify-evo\/","title":{"rendered":"TBS UNIFY EVO"},"content":{"rendered":"<h1>TBS UNIFY EVO<\/h1>\n<p>  Ti presentiamo l&#8217;ultima tecnologia dei trasmettitori video TBS! \u00c8 dotato di un OSD grafico e di un microfono integrati, parla tutti i protocolli e trasmette tutti i livelli di potenza. Questo lo rende il compagno perfetto per tutte le situazioni in cui non hai un OSD o vuoi beneficiare della semplicit\u00e0 e della chiarezza per cui l&#8217;OSD TBS \u00e8 noto.  <\/p>\n<div id=\"product_text\">\n<h3>IL COLTELLINO SVIZZERO DEI TRASMETTITORI VIDEO<\/h3>\n<p>  Abbiamo racchiuso il maggior numero di funzioni possibili nel formato pi\u00f9 piccolo possibile. Quando abbiamo deciso di realizzare questo trasmettitore video, volevamo creare qualcosa che si adattasse a tutti i casi di utilizzo dei trasmettitori video analogici mai immaginati. Lungo raggio, corse, freestyle, ali, auto. Se volete, il VTx \u00e8 in grado di brillare in questa applicazione! Altre funzioni sono ancora in fase di sviluppo e possono essere caricate tramite il TBS AgentX con la porta USB integrata.  <\/p>\n<h3>BARCODI? CODICI A BARRE (IN ATTESA DI BREVETTO)<\/h3>\n<p>  Il VTx \u00e8 in grado di elaborare l&#8217;immagine della telecamera. Quindi vi insegniamo a leggere i codici a barre! Ci\u00f2 significa che non \u00e8 pi\u00f9 necessario che il VTx trasmetta per impostare i canali e che l&#8217;impostazione dei canali pu\u00f2 essere effettuata nelle caselle. Inoltre, non \u00e8 pi\u00f9 necessario indovinare su quale canale si trovi il VTx: \u00e8 sufficiente puntare il VTx sul codice a barre prescelto e il VTx si sposter\u00e0 su quel canale o livello di potenza. Ci sono molte altre caratteristiche interessanti che vengono fornite con questa tecnologia, resta sintonizzato e abilitato ai codici a barre!  <\/p>\n<h3>CRSF, SMARTAUDIO 2.1, PWM, PITMODE<\/h3>\n<p>  Il CRSF \u00e8 lo standard di fatto nei droni FPV e da corsa, quindi \u00e8 logico che questo trasmettitore video sia in grado di capire e parlare il CRSF. Per la compatibilit\u00e0, il VTx parla anche SA 2.1 ed \u00e8 dotato di una funzione pitmode che facilita l&#8217;uso dell&#8217;apparecchiatura. I controlli PWM consentono di utilizzare il VTx con qualsiasi radio e prodotto. Ad esempio, puoi installarlo sulle tue auto R\/C, moto R\/C o altri dispositivi che non dispongono di controller di volo o Crossfire e controllare il pulsante VTx con un interruttore o un pulsante della radio.  <\/p>\n<h3>CARATTERISTICHE<\/h3>\n<ul>\n<li>Tensione di funzionamento: 6V &#8211; 26V (2S &#8211; 6S)<\/li>\n<li>Corrente di alimentazione: (25mW) ~ 0,11A | (100mW) ~ 0,13A | (400mW) ~ 0,18A | (piena potenza) ~ 0,24A<\/li>\n<li>Temperatura di esercizio: rispettare il normale flusso d&#8217;aria.<\/li>\n<li>Impedenza di ingresso video: 75 ohm<\/li>\n<li>Peso: 7 g<\/li>\n<li>Dimensioni: 30 x 23 x 5,5 mm.<\/li>\n<li>Connettore antenna: connettore u.FL<\/li>\n<li>Formato video: NTSC \/ PAL<\/li>\n<li>Audio: Microfono incluso.<\/li>\n<li>Potenza di uscita: 14dBm (25mW), 20dBm (100mW), 26dBm (400mW), 29dBm (800mW)<\/li>\n<\/ul>\n<h3>COMPRENSIONE<\/h3>\n<ul>\n<li>1 trasmettitore video TBS UNIFY EVO 5G8<\/li>\n<li>1x codifica u.FL SMA<\/li>\n<li>1x alimentazione, telecamera e cavi CRSF<\/li>\n<\/ul>\n<h3>DOWNLOADS<\/h3>\n<ul>\n<li><a href=\"https:\/\/www.team-blacksheep.com\/tbs-unify-evo-manual.pdf\">Manuale TBS UNIFY EVO<\/a><\/li>\n<li><a href=\"https:\/\/www.team-blacksheep.com\/tbs-vtx-barcodes.pdf\">Catalogo dei codici a barre<\/a><\/li>\n<li><a href=\"https:\/\/www.team-blacksheep.com\/doc_ce\/id:2623\" target=\"_blank\" rel=\"noopener noreferrer\">Dichiarazione di conformit\u00e0<\/a><\/li>\n<\/ul>\n<h3>APPLICAZIONI DI TERZE PARTI<\/h3>\n<ul>\n<li><a href=\"https:\/\/noahwaldner.ch\/en\/tbs-barcode-generator\/\" target=\"_blank\" rel=\"noopener noreferrer\">Applicazione per codici a barre di Swiss Fries<\/a><\/li>\n<li><a href=\"https:\/\/apocolipse.github.io\/UnifyEvoBarcodeGenerator\/\" target=\"_blank\" rel=\"noopener noreferrer\">Applicazione per codici a barre di APOC<\/a><\/li>\n<\/ul>\n<p>  * La licenza HAM \u00e8 necessaria per operare su canali HAM e livelli di potenza HAM! Il VTx viene fornito con i soli canali legali abilitati; per la procedura di sblocco, consulta il manuale.  <\/p><\/div>\n","protected":false},"excerpt":{"rendered":"<p>TBS UNIFY EVO Ti presentiamo l&#8217;ultima tecnologia dei trasmettitori video TBS! \u00c8 dotato di un OSD grafico e di un microfono integrati, parla tutti i protocolli e trasmette tutti i<\/p>\n","protected":false},"featured_media":93187,"comment_status":"open","ping_status":"closed","template":"","meta":{"_joinchat":[]},"pwb-brand":[],"product_cat":[1228],"product_tag":[],"class_list":{"0":"post-112195","1":"product","2":"type-product","3":"status-publish","4":"has-post-thumbnail","6":"product_cat-vtx-vrx","8":"first","9":"instock","10":"taxable","11":"shipping-taxable","12":"purchasable","13":"product-type-simple"},"barcode":null,"atum_controlled":true,"out_stock_date":null,"out_stock_threshold":null,"inheritable":false,"stock_on_hold":0,"sold_today":0,"sales_last_days":0,"out_stock_days":0,"lost_sales":0,"update_date":"2026-04-08T16:33:52","atum_locations":[],"atum_stock_status":"instock","restock_status":false,"low_stock_amount":"","sales_update_date":"2026-04-08T10:19:01","calc_backorders":null,"yoast_head":"<!-- This site is optimized with the Yoast SEO plugin v27.3 - https:\/\/yoast.com\/product\/yoast-seo-wordpress\/ -->\n<title>TBS UNIFY EVO - Iha Race<\/title>\n<meta name=\"robots\" content=\"index, follow, max-snippet:-1, max-image-preview:large, max-video-preview:-1\" \/>\n<link rel=\"canonical\" href=\"https:\/\/iha-race.com\/it\/prodotto\/tbs-unify-evo\/\" \/>\n<meta property=\"og:locale\" content=\"it_IT\" \/>\n<meta property=\"og:type\" content=\"article\" \/>\n<meta property=\"og:title\" content=\"TBS UNIFY EVO - Iha Race\" \/>\n<meta property=\"og:description\" content=\"TBS UNIFY EVO Ti presentiamo l&#8217;ultima tecnologia dei trasmettitori video TBS! \u00c8 dotato di un OSD grafico e di un microfono integrati, parla tutti i protocolli e trasmette tutti i\" \/>\n<meta property=\"og:url\" content=\"https:\/\/iha-race.com\/it\/prodotto\/tbs-unify-evo\/\" \/>\n<meta property=\"og:site_name\" content=\"Iha Race\" \/>\n<meta property=\"article:modified_time\" content=\"2024-08-29T14:24:27+00:00\" \/>\n<meta property=\"og:image\" content=\"https:\/\/iha-race.com\/wp-content\/uploads\/2019\/03\/tbs-unify-evo-1.jpg\" \/>\n\t<meta property=\"og:image:width\" content=\"2222\" \/>\n\t<meta property=\"og:image:height\" content=\"2222\" \/>\n\t<meta property=\"og:image:type\" content=\"image\/jpeg\" \/>\n<meta name=\"twitter:card\" content=\"summary_large_image\" \/>\n<meta name=\"twitter:label1\" content=\"Tempo di lettura stimato\" \/>\n\t<meta name=\"twitter:data1\" content=\"2 minuti\" \/>\n<script type=\"application\/ld+json\" class=\"yoast-schema-graph\">{\"@context\":\"https:\\\/\\\/schema.org\",\"@graph\":[{\"@type\":\"WebPage\",\"@id\":\"https:\\\/\\\/iha-race.com\\\/it\\\/prodotto\\\/tbs-unify-evo\\\/\",\"url\":\"https:\\\/\\\/iha-race.com\\\/it\\\/prodotto\\\/tbs-unify-evo\\\/\",\"name\":\"TBS UNIFY EVO - Iha Race\",\"isPartOf\":{\"@id\":\"https:\\\/\\\/iha-race.com\\\/it\\\/#website\"},\"primaryImageOfPage\":{\"@id\":\"https:\\\/\\\/iha-race.com\\\/it\\\/prodotto\\\/tbs-unify-evo\\\/#primaryimage\"},\"image\":{\"@id\":\"https:\\\/\\\/iha-race.com\\\/it\\\/prodotto\\\/tbs-unify-evo\\\/#primaryimage\"},\"thumbnailUrl\":\"https:\\\/\\\/iha-race.com\\\/wp-content\\\/uploads\\\/2019\\\/03\\\/tbs-unify-evo-1.jpg\",\"datePublished\":\"2019-03-11T17:42:45+00:00\",\"dateModified\":\"2024-08-29T14:24:27+00:00\",\"breadcrumb\":{\"@id\":\"https:\\\/\\\/iha-race.com\\\/it\\\/prodotto\\\/tbs-unify-evo\\\/#breadcrumb\"},\"inLanguage\":\"it-IT\",\"potentialAction\":[{\"@type\":\"ReadAction\",\"target\":[\"https:\\\/\\\/iha-race.com\\\/it\\\/prodotto\\\/tbs-unify-evo\\\/\"]}]},{\"@type\":\"ImageObject\",\"inLanguage\":\"it-IT\",\"@id\":\"https:\\\/\\\/iha-race.com\\\/it\\\/prodotto\\\/tbs-unify-evo\\\/#primaryimage\",\"url\":\"https:\\\/\\\/iha-race.com\\\/wp-content\\\/uploads\\\/2019\\\/03\\\/tbs-unify-evo-1.jpg\",\"contentUrl\":\"https:\\\/\\\/iha-race.com\\\/wp-content\\\/uploads\\\/2019\\\/03\\\/tbs-unify-evo-1.jpg\",\"width\":2222,\"height\":2222,\"caption\":\"acquistare a buon mercato tbs-unify-evo\"},{\"@type\":\"BreadcrumbList\",\"@id\":\"https:\\\/\\\/iha-race.com\\\/it\\\/prodotto\\\/tbs-unify-evo\\\/#breadcrumb\",\"itemListElement\":[{\"@type\":\"ListItem\",\"position\":1,\"name\":\"Portada\",\"item\":\"https:\\\/\\\/iha-race.com\\\/it\\\/\"},{\"@type\":\"ListItem\",\"position\":2,\"name\":\"Negozio\",\"item\":\"https:\\\/\\\/iha-race.com\\\/it\\\/negozio\\\/\"},{\"@type\":\"ListItem\",\"position\":3,\"name\":\"TBS UNIFY EVO\"}]},{\"@type\":\"WebSite\",\"@id\":\"https:\\\/\\\/iha-race.com\\\/it\\\/#website\",\"url\":\"https:\\\/\\\/iha-race.com\\\/it\\\/\",\"name\":\"Iha Race\",\"description\":\"Comprar drones de carreras FPV env\u00edos en un d\u00eda desde Espa\u00f1a\",\"publisher\":{\"@id\":\"https:\\\/\\\/iha-race.com\\\/it\\\/#organization\"},\"potentialAction\":[{\"@type\":\"SearchAction\",\"target\":{\"@type\":\"EntryPoint\",\"urlTemplate\":\"https:\\\/\\\/iha-race.com\\\/it\\\/?s={search_term_string}\"},\"query-input\":{\"@type\":\"PropertyValueSpecification\",\"valueRequired\":true,\"valueName\":\"search_term_string\"}}],\"inLanguage\":\"it-IT\"},{\"@type\":\"Organization\",\"@id\":\"https:\\\/\\\/iha-race.com\\\/it\\\/#organization\",\"name\":\"Iha Race\",\"url\":\"https:\\\/\\\/iha-race.com\\\/it\\\/\",\"logo\":{\"@type\":\"ImageObject\",\"inLanguage\":\"it-IT\",\"@id\":\"https:\\\/\\\/iha-race.com\\\/it\\\/#\\\/schema\\\/logo\\\/image\\\/\",\"url\":\"https:\\\/\\\/iha-race.com\\\/wp-content\\\/uploads\\\/2018\\\/07\\\/iha-race-drones-de-carreras-tienda-comprar-drones.png\",\"contentUrl\":\"https:\\\/\\\/iha-race.com\\\/wp-content\\\/uploads\\\/2018\\\/07\\\/iha-race-drones-de-carreras-tienda-comprar-drones.png\",\"width\":300,\"height\":100,\"caption\":\"Iha Race\"},\"image\":{\"@id\":\"https:\\\/\\\/iha-race.com\\\/it\\\/#\\\/schema\\\/logo\\\/image\\\/\"}}]}<\/script>\n<!-- \/ Yoast SEO plugin. -->","yoast_head_json":{"title":"TBS UNIFY EVO - Iha Race","robots":{"index":"index","follow":"follow","max-snippet":"max-snippet:-1","max-image-preview":"max-image-preview:large","max-video-preview":"max-video-preview:-1"},"canonical":"https:\/\/iha-race.com\/it\/prodotto\/tbs-unify-evo\/","og_locale":"it_IT","og_type":"article","og_title":"TBS UNIFY EVO - Iha Race","og_description":"TBS UNIFY EVO Ti presentiamo l&#8217;ultima tecnologia dei trasmettitori video TBS! \u00c8 dotato di un OSD grafico e di un microfono integrati, parla tutti i protocolli e trasmette tutti i","og_url":"https:\/\/iha-race.com\/it\/prodotto\/tbs-unify-evo\/","og_site_name":"Iha Race","article_modified_time":"2024-08-29T14:24:27+00:00","og_image":[{"width":2222,"height":2222,"url":"https:\/\/iha-race.com\/wp-content\/uploads\/2019\/03\/tbs-unify-evo-1.jpg","type":"image\/jpeg"}],"twitter_card":"summary_large_image","twitter_misc":{"Tempo di lettura stimato":"2 minuti"},"schema":{"@context":"https:\/\/schema.org","@graph":[{"@type":"WebPage","@id":"https:\/\/iha-race.com\/it\/prodotto\/tbs-unify-evo\/","url":"https:\/\/iha-race.com\/it\/prodotto\/tbs-unify-evo\/","name":"TBS UNIFY EVO - Iha Race","isPartOf":{"@id":"https:\/\/iha-race.com\/it\/#website"},"primaryImageOfPage":{"@id":"https:\/\/iha-race.com\/it\/prodotto\/tbs-unify-evo\/#primaryimage"},"image":{"@id":"https:\/\/iha-race.com\/it\/prodotto\/tbs-unify-evo\/#primaryimage"},"thumbnailUrl":"https:\/\/iha-race.com\/wp-content\/uploads\/2019\/03\/tbs-unify-evo-1.jpg","datePublished":"2019-03-11T17:42:45+00:00","dateModified":"2024-08-29T14:24:27+00:00","breadcrumb":{"@id":"https:\/\/iha-race.com\/it\/prodotto\/tbs-unify-evo\/#breadcrumb"},"inLanguage":"it-IT","potentialAction":[{"@type":"ReadAction","target":["https:\/\/iha-race.com\/it\/prodotto\/tbs-unify-evo\/"]}]},{"@type":"ImageObject","inLanguage":"it-IT","@id":"https:\/\/iha-race.com\/it\/prodotto\/tbs-unify-evo\/#primaryimage","url":"https:\/\/iha-race.com\/wp-content\/uploads\/2019\/03\/tbs-unify-evo-1.jpg","contentUrl":"https:\/\/iha-race.com\/wp-content\/uploads\/2019\/03\/tbs-unify-evo-1.jpg","width":2222,"height":2222,"caption":"acquistare a buon mercato tbs-unify-evo"},{"@type":"BreadcrumbList","@id":"https:\/\/iha-race.com\/it\/prodotto\/tbs-unify-evo\/#breadcrumb","itemListElement":[{"@type":"ListItem","position":1,"name":"Portada","item":"https:\/\/iha-race.com\/it\/"},{"@type":"ListItem","position":2,"name":"Negozio","item":"https:\/\/iha-race.com\/it\/negozio\/"},{"@type":"ListItem","position":3,"name":"TBS UNIFY EVO"}]},{"@type":"WebSite","@id":"https:\/\/iha-race.com\/it\/#website","url":"https:\/\/iha-race.com\/it\/","name":"Iha Race","description":"Comprar drones de carreras FPV env\u00edos en un d\u00eda desde Espa\u00f1a","publisher":{"@id":"https:\/\/iha-race.com\/it\/#organization"},"potentialAction":[{"@type":"SearchAction","target":{"@type":"EntryPoint","urlTemplate":"https:\/\/iha-race.com\/it\/?s={search_term_string}"},"query-input":{"@type":"PropertyValueSpecification","valueRequired":true,"valueName":"search_term_string"}}],"inLanguage":"it-IT"},{"@type":"Organization","@id":"https:\/\/iha-race.com\/it\/#organization","name":"Iha Race","url":"https:\/\/iha-race.com\/it\/","logo":{"@type":"ImageObject","inLanguage":"it-IT","@id":"https:\/\/iha-race.com\/it\/#\/schema\/logo\/image\/","url":"https:\/\/iha-race.com\/wp-content\/uploads\/2018\/07\/iha-race-drones-de-carreras-tienda-comprar-drones.png","contentUrl":"https:\/\/iha-race.com\/wp-content\/uploads\/2018\/07\/iha-race-drones-de-carreras-tienda-comprar-drones.png","width":300,"height":100,"caption":"Iha Race"},"image":{"@id":"https:\/\/iha-race.com\/it\/#\/schema\/logo\/image\/"}}]}},"brands":[],"_links":{"self":[{"href":"https:\/\/iha-race.com\/it\/wp-json\/wp\/v2\/product\/112195","targetHints":{"allow":["GET"]}}],"collection":[{"href":"https:\/\/iha-race.com\/it\/wp-json\/wp\/v2\/product"}],"about":[{"href":"https:\/\/iha-race.com\/it\/wp-json\/wp\/v2\/types\/product"}],"replies":[{"embeddable":true,"href":"https:\/\/iha-race.com\/it\/wp-json\/wp\/v2\/comments?post=112195"}],"version-history":[{"count":2,"href":"https:\/\/iha-race.com\/it\/wp-json\/wp\/v2\/product\/112195\/revisions"}],"predecessor-version":[{"id":250270,"href":"https:\/\/iha-race.com\/it\/wp-json\/wp\/v2\/product\/112195\/revisions\/250270"}],"wp:featuredmedia":[{"embeddable":true,"href":"https:\/\/iha-race.com\/it\/wp-json\/wp\/v2\/media\/93187"}],"wp:attachment":[{"href":"https:\/\/iha-race.com\/it\/wp-json\/wp\/v2\/media?parent=112195"}],"wp:term":[{"taxonomy":"pwb-brand","embeddable":true,"href":"https:\/\/iha-race.com\/it\/wp-json\/wp\/v2\/pwb-brand?post=112195"},{"taxonomy":"product_cat","embeddable":true,"href":"https:\/\/iha-race.com\/it\/wp-json\/wp\/v2\/product_cat?post=112195"},{"taxonomy":"product_tag","embeddable":true,"href":"https:\/\/iha-race.com\/it\/wp-json\/wp\/v2\/product_tag?post=112195"}],"curies":[{"name":"wp","href":"https:\/\/api.w.org\/{rel}","templated":true}]}}