{"id":112135,"date":"2019-02-28T14:14:01","date_gmt":"2019-02-28T13:14:01","guid":{"rendered":"https:\/\/iha-race.com\/producto\/turbo-coda-in-legno-combi-coda-10g\/"},"modified":"2024-08-29T16:26:01","modified_gmt":"2024-08-29T14:26:01","slug":"turbo-coda-ponale-legno-combi-cola-coda-10g","status":"publish","type":"product","link":"https:\/\/iha-race.com\/it\/prodotto\/turbo-coda-ponale-legno-combi-cola-coda-10g\/","title":{"rendered":"Turbo-coda in legno-combi-coda 10g"},"content":{"rendered":"<h1 class=\"fn product-title\">Turbo-coda in legno-combi-coda 10g<\/h1>\n<h3>Forza adesiva particolarmente elevata<\/h3>\n<p>  Il Ponal Turbo Adesivo \u00e8 particolarmente indicato per modellare, incollare cornici e modanature in legno, oltre che per incollare il legno a ceramica, porcellana, cuoio, metallo, pietra, gomma, cartone e molte plastiche.  <\/p>\n<h3>Caratteristiche:<\/h3>\n<ul type=\"disc\">\n<li>L&#8217;articolazione pu\u00f2 essere corretta per alcuni secondi e si fissa dopo 60 secondi.<\/li>\n<li>possibile applicazione precisa<\/li>\n<li>Applicazione pulita senza flusso incontrollato.<\/li>\n<li>Impermeabile secondo DIN \/ EN 204 D3<\/li>\n<\/ul>\n<h3>Scheda di sicurezza (MSDS)<\/h3>\n<p>  La scheda di sicurezza pu\u00f2 essere scaricata in formato PDF dalla scheda Documenti.  <\/p>\n<h3>Classificazione della sostanza o della miscela (CLP)<\/h3>\n<p><b>Irritazione cutanea (Categoria 2)<\/b> H315 Provoca irritazione cutanea.<br \/>\n<b>Grave irritazione oculare (Categoria 2)<\/b> H319 Provoca grave irritazione oculare.<br \/>\n<b>Tossicit\u00e0 specifica per organi bersaglio (categoria 3)<\/b> H335 Pu\u00f2 causare irritazione respiratoria.    <\/p>\n<h3>Pittogrammi CLP<\/h3>\n<p><img decoding=\"async\" src=\"https:\/\/yuki-model.de\/bilder\/intern\/grafiken\/ghs-ausrufezeichen.png\" alt=\"Punto esclamativo GHS\"><\/p>\n<h3>Dichiarazioni<\/h3>\n<p>  H315 Provoca irritazione cutanea. H319 Provoca grave irritazione oculare. H335 Pu\u00f2 causare irritazione respiratoria.  <\/p>\n<h3>Informazioni supplementari<\/h3>\n<p>  EUH202 cianoacrilato. Pericolo. Aderisce alla pelle e alle palpebre in pochi secondi. Tenere fuori dalla portata dei bambini.  <\/p>\n<h3>Istruzioni di sicurezza Prevenzione<\/h3>\n<p>  P261 Evita di respirare i vapori.  <\/p>\n<h3>Istruzioni di sicurezza Reazione<\/h3>\n<p>  P305 + P351 + P338 IN CASO DI CONTATTO CON GLI OCCHI: Sciacquare con cautela con acqua per diversi minuti. Se possibile, rimuovere le lenti a contatto esistenti. Continuare a risciacquare. P302 + P350 IN CASO DI CONTATTO CON LA PELLE: lavare delicatamente con acqua e sapone.  <\/p>\n<h3>Altri pericoli<\/h3>\n<p>  Le persone allergiche agli acrilati devono evitare di maneggiare il prodotto.<\/p>\n","protected":false},"excerpt":{"rendered":"<p>Turbo-coda in legno-combi-coda 10g Forza adesiva particolarmente elevata Il Ponal Turbo Adesivo \u00e8 particolarmente indicato per modellare, incollare cornici e modanature in legno, oltre che per incollare il legno a<\/p>\n","protected":false},"featured_media":94616,"comment_status":"open","ping_status":"closed","template":"","meta":{"_joinchat":[]},"pwb-brand":[],"product_cat":[1152],"product_tag":[],"class_list":{"0":"post-112135","1":"product","2":"type-product","3":"status-publish","4":"has-post-thumbnail","6":"product_cat-uscita","8":"first","9":"instock","10":"taxable","11":"shipping-taxable","12":"purchasable","13":"product-type-simple"},"barcode":null,"atum_controlled":true,"out_stock_date":null,"out_stock_threshold":null,"inheritable":false,"stock_on_hold":0,"sold_today":0,"sales_last_days":0,"out_stock_days":0,"lost_sales":0,"update_date":"2026-04-08T16:33:52","atum_locations":[],"atum_stock_status":"instock","restock_status":false,"low_stock_amount":"","sales_update_date":"2025-11-24T10:08:21","calc_backorders":null,"yoast_head":"<!-- This site is optimized with the Yoast SEO plugin v27.3 - https:\/\/yoast.com\/product\/yoast-seo-wordpress\/ -->\n<title>Turbo-coda in legno-combi-coda 10g - Iha Race<\/title>\n<meta name=\"robots\" content=\"index, follow, max-snippet:-1, max-image-preview:large, max-video-preview:-1\" \/>\n<link rel=\"canonical\" href=\"https:\/\/iha-race.com\/it\/prodotto\/turbo-coda-ponale-legno-combi-cola-coda-10g\/\" \/>\n<meta property=\"og:locale\" content=\"it_IT\" \/>\n<meta property=\"og:type\" content=\"article\" \/>\n<meta property=\"og:title\" content=\"Turbo-coda in legno-combi-coda 10g - Iha Race\" \/>\n<meta property=\"og:description\" content=\"Turbo-coda in legno-combi-coda 10g Forza adesiva particolarmente elevata Il Ponal Turbo Adesivo \u00e8 particolarmente indicato per modellare, incollare cornici e modanature in legno, oltre che per incollare il legno a\" \/>\n<meta property=\"og:url\" content=\"https:\/\/iha-race.com\/it\/prodotto\/turbo-coda-ponale-legno-combi-cola-coda-10g\/\" \/>\n<meta property=\"og:site_name\" content=\"Iha Race\" \/>\n<meta property=\"article:modified_time\" content=\"2024-08-29T14:26:01+00:00\" \/>\n<meta property=\"og:image\" content=\"https:\/\/iha-race.com\/wp-content\/uploads\/2019\/02\/turbo-cola-ponal-madera-combi-cola-10g-1.jpg\" \/>\n\t<meta property=\"og:image:width\" content=\"800\" \/>\n\t<meta property=\"og:image:height\" content=\"800\" \/>\n\t<meta property=\"og:image:type\" content=\"image\/jpeg\" \/>\n<meta name=\"twitter:card\" content=\"summary_large_image\" \/>\n<meta name=\"twitter:label1\" content=\"Tempo di lettura stimato\" \/>\n\t<meta name=\"twitter:data1\" content=\"1 minuto\" \/>\n<script type=\"application\/ld+json\" class=\"yoast-schema-graph\">{\"@context\":\"https:\\\/\\\/schema.org\",\"@graph\":[{\"@type\":\"WebPage\",\"@id\":\"https:\\\/\\\/iha-race.com\\\/it\\\/prodotto\\\/turbo-coda-ponale-legno-combi-cola-coda-10g\\\/\",\"url\":\"https:\\\/\\\/iha-race.com\\\/it\\\/prodotto\\\/turbo-coda-ponale-legno-combi-cola-coda-10g\\\/\",\"name\":\"Turbo-coda in legno-combi-coda 10g - Iha Race\",\"isPartOf\":{\"@id\":\"https:\\\/\\\/iha-race.com\\\/it\\\/#website\"},\"primaryImageOfPage\":{\"@id\":\"https:\\\/\\\/iha-race.com\\\/it\\\/prodotto\\\/turbo-coda-ponale-legno-combi-cola-coda-10g\\\/#primaryimage\"},\"image\":{\"@id\":\"https:\\\/\\\/iha-race.com\\\/it\\\/prodotto\\\/turbo-coda-ponale-legno-combi-cola-coda-10g\\\/#primaryimage\"},\"thumbnailUrl\":\"https:\\\/\\\/iha-race.com\\\/wp-content\\\/uploads\\\/2019\\\/02\\\/turbo-cola-ponal-madera-combi-cola-10g-1.jpg\",\"datePublished\":\"2019-02-28T13:14:01+00:00\",\"dateModified\":\"2024-08-29T14:26:01+00:00\",\"breadcrumb\":{\"@id\":\"https:\\\/\\\/iha-race.com\\\/it\\\/prodotto\\\/turbo-coda-ponale-legno-combi-cola-coda-10g\\\/#breadcrumb\"},\"inLanguage\":\"it-IT\",\"potentialAction\":[{\"@type\":\"ReadAction\",\"target\":[\"https:\\\/\\\/iha-race.com\\\/it\\\/prodotto\\\/turbo-coda-ponale-legno-combi-cola-coda-10g\\\/\"]}]},{\"@type\":\"ImageObject\",\"inLanguage\":\"it-IT\",\"@id\":\"https:\\\/\\\/iha-race.com\\\/it\\\/prodotto\\\/turbo-coda-ponale-legno-combi-cola-coda-10g\\\/#primaryimage\",\"url\":\"https:\\\/\\\/iha-race.com\\\/wp-content\\\/uploads\\\/2019\\\/02\\\/turbo-cola-ponal-madera-combi-cola-10g-1.jpg\",\"contentUrl\":\"https:\\\/\\\/iha-race.com\\\/wp-content\\\/uploads\\\/2019\\\/02\\\/turbo-cola-ponal-madera-combi-cola-10g-1.jpg\",\"width\":800,\"height\":800,\"caption\":\"turbo-coda-ponale-legno-combi-cola-coda-10g\"},{\"@type\":\"BreadcrumbList\",\"@id\":\"https:\\\/\\\/iha-race.com\\\/it\\\/prodotto\\\/turbo-coda-ponale-legno-combi-cola-coda-10g\\\/#breadcrumb\",\"itemListElement\":[{\"@type\":\"ListItem\",\"position\":1,\"name\":\"Portada\",\"item\":\"https:\\\/\\\/iha-race.com\\\/it\\\/\"},{\"@type\":\"ListItem\",\"position\":2,\"name\":\"Negozio\",\"item\":\"https:\\\/\\\/iha-race.com\\\/it\\\/negozio\\\/\"},{\"@type\":\"ListItem\",\"position\":3,\"name\":\"Turbo-coda in legno-combi-coda 10g\"}]},{\"@type\":\"WebSite\",\"@id\":\"https:\\\/\\\/iha-race.com\\\/it\\\/#website\",\"url\":\"https:\\\/\\\/iha-race.com\\\/it\\\/\",\"name\":\"Iha Race\",\"description\":\"Comprar drones de carreras FPV env\u00edos en un d\u00eda desde Espa\u00f1a\",\"publisher\":{\"@id\":\"https:\\\/\\\/iha-race.com\\\/it\\\/#organization\"},\"potentialAction\":[{\"@type\":\"SearchAction\",\"target\":{\"@type\":\"EntryPoint\",\"urlTemplate\":\"https:\\\/\\\/iha-race.com\\\/it\\\/?s={search_term_string}\"},\"query-input\":{\"@type\":\"PropertyValueSpecification\",\"valueRequired\":true,\"valueName\":\"search_term_string\"}}],\"inLanguage\":\"it-IT\"},{\"@type\":\"Organization\",\"@id\":\"https:\\\/\\\/iha-race.com\\\/it\\\/#organization\",\"name\":\"Iha Race\",\"url\":\"https:\\\/\\\/iha-race.com\\\/it\\\/\",\"logo\":{\"@type\":\"ImageObject\",\"inLanguage\":\"it-IT\",\"@id\":\"https:\\\/\\\/iha-race.com\\\/it\\\/#\\\/schema\\\/logo\\\/image\\\/\",\"url\":\"https:\\\/\\\/iha-race.com\\\/wp-content\\\/uploads\\\/2018\\\/07\\\/iha-race-drones-de-carreras-tienda-comprar-drones.png\",\"contentUrl\":\"https:\\\/\\\/iha-race.com\\\/wp-content\\\/uploads\\\/2018\\\/07\\\/iha-race-drones-de-carreras-tienda-comprar-drones.png\",\"width\":300,\"height\":100,\"caption\":\"Iha Race\"},\"image\":{\"@id\":\"https:\\\/\\\/iha-race.com\\\/it\\\/#\\\/schema\\\/logo\\\/image\\\/\"}}]}<\/script>\n<!-- \/ Yoast SEO plugin. -->","yoast_head_json":{"title":"Turbo-coda in legno-combi-coda 10g - Iha Race","robots":{"index":"index","follow":"follow","max-snippet":"max-snippet:-1","max-image-preview":"max-image-preview:large","max-video-preview":"max-video-preview:-1"},"canonical":"https:\/\/iha-race.com\/it\/prodotto\/turbo-coda-ponale-legno-combi-cola-coda-10g\/","og_locale":"it_IT","og_type":"article","og_title":"Turbo-coda in legno-combi-coda 10g - Iha Race","og_description":"Turbo-coda in legno-combi-coda 10g Forza adesiva particolarmente elevata Il Ponal Turbo Adesivo \u00e8 particolarmente indicato per modellare, incollare cornici e modanature in legno, oltre che per incollare il legno a","og_url":"https:\/\/iha-race.com\/it\/prodotto\/turbo-coda-ponale-legno-combi-cola-coda-10g\/","og_site_name":"Iha Race","article_modified_time":"2024-08-29T14:26:01+00:00","og_image":[{"width":800,"height":800,"url":"https:\/\/iha-race.com\/wp-content\/uploads\/2019\/02\/turbo-cola-ponal-madera-combi-cola-10g-1.jpg","type":"image\/jpeg"}],"twitter_card":"summary_large_image","twitter_misc":{"Tempo di lettura stimato":"1 minuto"},"schema":{"@context":"https:\/\/schema.org","@graph":[{"@type":"WebPage","@id":"https:\/\/iha-race.com\/it\/prodotto\/turbo-coda-ponale-legno-combi-cola-coda-10g\/","url":"https:\/\/iha-race.com\/it\/prodotto\/turbo-coda-ponale-legno-combi-cola-coda-10g\/","name":"Turbo-coda in legno-combi-coda 10g - Iha Race","isPartOf":{"@id":"https:\/\/iha-race.com\/it\/#website"},"primaryImageOfPage":{"@id":"https:\/\/iha-race.com\/it\/prodotto\/turbo-coda-ponale-legno-combi-cola-coda-10g\/#primaryimage"},"image":{"@id":"https:\/\/iha-race.com\/it\/prodotto\/turbo-coda-ponale-legno-combi-cola-coda-10g\/#primaryimage"},"thumbnailUrl":"https:\/\/iha-race.com\/wp-content\/uploads\/2019\/02\/turbo-cola-ponal-madera-combi-cola-10g-1.jpg","datePublished":"2019-02-28T13:14:01+00:00","dateModified":"2024-08-29T14:26:01+00:00","breadcrumb":{"@id":"https:\/\/iha-race.com\/it\/prodotto\/turbo-coda-ponale-legno-combi-cola-coda-10g\/#breadcrumb"},"inLanguage":"it-IT","potentialAction":[{"@type":"ReadAction","target":["https:\/\/iha-race.com\/it\/prodotto\/turbo-coda-ponale-legno-combi-cola-coda-10g\/"]}]},{"@type":"ImageObject","inLanguage":"it-IT","@id":"https:\/\/iha-race.com\/it\/prodotto\/turbo-coda-ponale-legno-combi-cola-coda-10g\/#primaryimage","url":"https:\/\/iha-race.com\/wp-content\/uploads\/2019\/02\/turbo-cola-ponal-madera-combi-cola-10g-1.jpg","contentUrl":"https:\/\/iha-race.com\/wp-content\/uploads\/2019\/02\/turbo-cola-ponal-madera-combi-cola-10g-1.jpg","width":800,"height":800,"caption":"turbo-coda-ponale-legno-combi-cola-coda-10g"},{"@type":"BreadcrumbList","@id":"https:\/\/iha-race.com\/it\/prodotto\/turbo-coda-ponale-legno-combi-cola-coda-10g\/#breadcrumb","itemListElement":[{"@type":"ListItem","position":1,"name":"Portada","item":"https:\/\/iha-race.com\/it\/"},{"@type":"ListItem","position":2,"name":"Negozio","item":"https:\/\/iha-race.com\/it\/negozio\/"},{"@type":"ListItem","position":3,"name":"Turbo-coda in legno-combi-coda 10g"}]},{"@type":"WebSite","@id":"https:\/\/iha-race.com\/it\/#website","url":"https:\/\/iha-race.com\/it\/","name":"Iha Race","description":"Comprar drones de carreras FPV env\u00edos en un d\u00eda desde Espa\u00f1a","publisher":{"@id":"https:\/\/iha-race.com\/it\/#organization"},"potentialAction":[{"@type":"SearchAction","target":{"@type":"EntryPoint","urlTemplate":"https:\/\/iha-race.com\/it\/?s={search_term_string}"},"query-input":{"@type":"PropertyValueSpecification","valueRequired":true,"valueName":"search_term_string"}}],"inLanguage":"it-IT"},{"@type":"Organization","@id":"https:\/\/iha-race.com\/it\/#organization","name":"Iha Race","url":"https:\/\/iha-race.com\/it\/","logo":{"@type":"ImageObject","inLanguage":"it-IT","@id":"https:\/\/iha-race.com\/it\/#\/schema\/logo\/image\/","url":"https:\/\/iha-race.com\/wp-content\/uploads\/2018\/07\/iha-race-drones-de-carreras-tienda-comprar-drones.png","contentUrl":"https:\/\/iha-race.com\/wp-content\/uploads\/2018\/07\/iha-race-drones-de-carreras-tienda-comprar-drones.png","width":300,"height":100,"caption":"Iha Race"},"image":{"@id":"https:\/\/iha-race.com\/it\/#\/schema\/logo\/image\/"}}]}},"brands":[],"_links":{"self":[{"href":"https:\/\/iha-race.com\/it\/wp-json\/wp\/v2\/product\/112135","targetHints":{"allow":["GET"]}}],"collection":[{"href":"https:\/\/iha-race.com\/it\/wp-json\/wp\/v2\/product"}],"about":[{"href":"https:\/\/iha-race.com\/it\/wp-json\/wp\/v2\/types\/product"}],"replies":[{"embeddable":true,"href":"https:\/\/iha-race.com\/it\/wp-json\/wp\/v2\/comments?post=112135"}],"version-history":[{"count":2,"href":"https:\/\/iha-race.com\/it\/wp-json\/wp\/v2\/product\/112135\/revisions"}],"predecessor-version":[{"id":250290,"href":"https:\/\/iha-race.com\/it\/wp-json\/wp\/v2\/product\/112135\/revisions\/250290"}],"wp:featuredmedia":[{"embeddable":true,"href":"https:\/\/iha-race.com\/it\/wp-json\/wp\/v2\/media\/94616"}],"wp:attachment":[{"href":"https:\/\/iha-race.com\/it\/wp-json\/wp\/v2\/media?parent=112135"}],"wp:term":[{"taxonomy":"pwb-brand","embeddable":true,"href":"https:\/\/iha-race.com\/it\/wp-json\/wp\/v2\/pwb-brand?post=112135"},{"taxonomy":"product_cat","embeddable":true,"href":"https:\/\/iha-race.com\/it\/wp-json\/wp\/v2\/product_cat?post=112135"},{"taxonomy":"product_tag","embeddable":true,"href":"https:\/\/iha-race.com\/it\/wp-json\/wp\/v2\/product_tag?post=112135"}],"curies":[{"name":"wp","href":"https:\/\/api.w.org\/{rel}","templated":true}]}}