{"id":112115,"date":"2018-12-21T16:59:42","date_gmt":"2018-12-21T15:59:42","guid":{"rendered":"https:\/\/iha-race.com\/producto\/borsa-ignifuga-runcam\/"},"modified":"2024-08-29T16:29:31","modified_gmt":"2024-08-29T14:29:31","slug":"runcam-bag-ignifuga","status":"publish","type":"product","link":"https:\/\/iha-race.com\/it\/prodotto\/runcam-bag-ignifuga\/","title":{"rendered":"Borsa ignifuga RunCam"},"content":{"rendered":"<h1>Borsa Lipo ignifuga RunCam<\/h1>\n<p><strong>Specifiche:<\/strong><\/p>\n<ul>\n<li>Marchio: RunCam<\/li>\n<li>Materiale: fibra di vetro<\/li>\n<li>Dimensioni: 240 * 180 * 65 mm<\/li>\n<li>Colore arancione<\/li>\n<li>Peso della confezione: circa 188 g<\/li>\n<\/ul>\n<p>&nbsp;<\/p>\n<p><strong>La confezione include:<\/strong><\/p>\n<ul>\n<li style=\"list-style-type: none;\">\n<ul>\n<li>Borsa per batterie 1x<\/li>\n<\/ul>\n<\/li>\n<\/ul>\n<p>&nbsp;<\/p>\n<p><img fetchpriority=\"high\" decoding=\"async\" class=\"size-large wp-image-5015\" src=\"https:\/\/iha-race.com\/wp-content\/uploads\/2018\/12\/fbd-or-3-1024x1024.jpg\" alt=\"Borsa ignifuga RunCam\" width=\"840\" height=\"840\"><\/p>\n<p>&nbsp;<\/p>\n<ul>\n<li style=\"list-style-type: none;\">\n<ul>\n<li>\n<\/li>\n<\/ul>\n<\/li>\n<\/ul>\n<p>&nbsp;<\/p>\n<p>&nbsp;<\/p>\n","protected":false},"excerpt":{"rendered":"<p>Borsa Lipo ignifuga RunCam Specifiche: Marchio: RunCam Materiale: fibra di vetro Dimensioni: 240 * 180 * 65 mm Colore arancione Peso della confezione: circa 188 g &nbsp; La confezione include:<\/p>\n","protected":false},"featured_media":94249,"comment_status":"open","ping_status":"closed","template":"","meta":{"_joinchat":[]},"pwb-brand":[],"product_cat":[1073,1065,1067],"product_tag":[],"class_list":{"0":"post-112115","1":"product","2":"type-product","3":"status-publish","4":"has-post-thumbnail","6":"product_cat-accessori-per-batterie","7":"product_cat-batterie-fpv","8":"product_cat-caricatori","10":"first","11":"instock","12":"taxable","13":"shipping-taxable","14":"purchasable","15":"product-type-simple"},"barcode":null,"atum_controlled":true,"out_stock_date":null,"out_stock_threshold":null,"inheritable":false,"stock_on_hold":0,"sold_today":0,"sales_last_days":0,"out_stock_days":0,"lost_sales":0,"update_date":"2026-04-16T07:36:07","atum_locations":[],"atum_stock_status":"instock","restock_status":false,"low_stock_amount":0,"sales_update_date":"2026-04-16T07:36:07","calc_backorders":null,"yoast_head":"<!-- This site is optimized with the Yoast SEO plugin v27.3 - https:\/\/yoast.com\/product\/yoast-seo-wordpress\/ -->\n<title>Borsa ignifuga RunCam - Iha Race<\/title>\n<meta name=\"robots\" content=\"index, follow, max-snippet:-1, max-image-preview:large, max-video-preview:-1\" \/>\n<link rel=\"canonical\" href=\"https:\/\/iha-race.com\/it\/prodotto\/runcam-bag-ignifuga\/\" \/>\n<meta property=\"og:locale\" content=\"it_IT\" \/>\n<meta property=\"og:type\" content=\"article\" \/>\n<meta property=\"og:title\" content=\"Borsa ignifuga RunCam - Iha Race\" \/>\n<meta property=\"og:description\" content=\"Borsa Lipo ignifuga RunCam Specifiche: Marchio: RunCam Materiale: fibra di vetro Dimensioni: 240 * 180 * 65 mm Colore arancione Peso della confezione: circa 188 g &nbsp; La confezione include:\" \/>\n<meta property=\"og:url\" content=\"https:\/\/iha-race.com\/it\/prodotto\/runcam-bag-ignifuga\/\" \/>\n<meta property=\"og:site_name\" content=\"Iha Race\" \/>\n<meta property=\"article:modified_time\" content=\"2024-08-29T14:29:31+00:00\" \/>\n<meta property=\"og:image\" content=\"https:\/\/iha-race.com\/wp-content\/uploads\/2018\/12\/Paquete-Bolsa-de-la-bateri\u0301a-1.jpg\" \/>\n\t<meta property=\"og:image:width\" content=\"800\" \/>\n\t<meta property=\"og:image:height\" content=\"800\" \/>\n\t<meta property=\"og:image:type\" content=\"image\/jpeg\" \/>\n<meta name=\"twitter:card\" content=\"summary_large_image\" \/>\n<script type=\"application\/ld+json\" class=\"yoast-schema-graph\">{\"@context\":\"https:\\\/\\\/schema.org\",\"@graph\":[{\"@type\":\"WebPage\",\"@id\":\"https:\\\/\\\/iha-race.com\\\/it\\\/prodotto\\\/runcam-bag-ignifuga\\\/\",\"url\":\"https:\\\/\\\/iha-race.com\\\/it\\\/prodotto\\\/runcam-bag-ignifuga\\\/\",\"name\":\"Borsa ignifuga RunCam - Iha Race\",\"isPartOf\":{\"@id\":\"https:\\\/\\\/iha-race.com\\\/it\\\/#website\"},\"primaryImageOfPage\":{\"@id\":\"https:\\\/\\\/iha-race.com\\\/it\\\/prodotto\\\/runcam-bag-ignifuga\\\/#primaryimage\"},\"image\":{\"@id\":\"https:\\\/\\\/iha-race.com\\\/it\\\/prodotto\\\/runcam-bag-ignifuga\\\/#primaryimage\"},\"thumbnailUrl\":\"https:\\\/\\\/iha-race.com\\\/wp-content\\\/uploads\\\/2018\\\/12\\\/Paquete-Bolsa-de-la-bateri\u0301a-1.jpg\",\"datePublished\":\"2018-12-21T15:59:42+00:00\",\"dateModified\":\"2024-08-29T14:29:31+00:00\",\"breadcrumb\":{\"@id\":\"https:\\\/\\\/iha-race.com\\\/it\\\/prodotto\\\/runcam-bag-ignifuga\\\/#breadcrumb\"},\"inLanguage\":\"it-IT\",\"potentialAction\":[{\"@type\":\"ReadAction\",\"target\":[\"https:\\\/\\\/iha-race.com\\\/it\\\/prodotto\\\/runcam-bag-ignifuga\\\/\"]}]},{\"@type\":\"ImageObject\",\"inLanguage\":\"it-IT\",\"@id\":\"https:\\\/\\\/iha-race.com\\\/it\\\/prodotto\\\/runcam-bag-ignifuga\\\/#primaryimage\",\"url\":\"https:\\\/\\\/iha-race.com\\\/wp-content\\\/uploads\\\/2018\\\/12\\\/Paquete-Bolsa-de-la-bateri\u0301a-1.jpg\",\"contentUrl\":\"https:\\\/\\\/iha-race.com\\\/wp-content\\\/uploads\\\/2018\\\/12\\\/Paquete-Bolsa-de-la-bateri\u0301a-1.jpg\",\"width\":800,\"height\":800,\"caption\":\"Batteria-Bag-Package\"},{\"@type\":\"BreadcrumbList\",\"@id\":\"https:\\\/\\\/iha-race.com\\\/it\\\/prodotto\\\/runcam-bag-ignifuga\\\/#breadcrumb\",\"itemListElement\":[{\"@type\":\"ListItem\",\"position\":1,\"name\":\"Portada\",\"item\":\"https:\\\/\\\/iha-race.com\\\/it\\\/\"},{\"@type\":\"ListItem\",\"position\":2,\"name\":\"Negozio\",\"item\":\"https:\\\/\\\/iha-race.com\\\/it\\\/negozio\\\/\"},{\"@type\":\"ListItem\",\"position\":3,\"name\":\"Borsa ignifuga RunCam\"}]},{\"@type\":\"WebSite\",\"@id\":\"https:\\\/\\\/iha-race.com\\\/it\\\/#website\",\"url\":\"https:\\\/\\\/iha-race.com\\\/it\\\/\",\"name\":\"Iha Race\",\"description\":\"Comprar drones de carreras FPV env\u00edos en un d\u00eda desde Espa\u00f1a\",\"publisher\":{\"@id\":\"https:\\\/\\\/iha-race.com\\\/it\\\/#organization\"},\"potentialAction\":[{\"@type\":\"SearchAction\",\"target\":{\"@type\":\"EntryPoint\",\"urlTemplate\":\"https:\\\/\\\/iha-race.com\\\/it\\\/?s={search_term_string}\"},\"query-input\":{\"@type\":\"PropertyValueSpecification\",\"valueRequired\":true,\"valueName\":\"search_term_string\"}}],\"inLanguage\":\"it-IT\"},{\"@type\":\"Organization\",\"@id\":\"https:\\\/\\\/iha-race.com\\\/it\\\/#organization\",\"name\":\"Iha Race\",\"url\":\"https:\\\/\\\/iha-race.com\\\/it\\\/\",\"logo\":{\"@type\":\"ImageObject\",\"inLanguage\":\"it-IT\",\"@id\":\"https:\\\/\\\/iha-race.com\\\/it\\\/#\\\/schema\\\/logo\\\/image\\\/\",\"url\":\"https:\\\/\\\/iha-race.com\\\/wp-content\\\/uploads\\\/2018\\\/07\\\/iha-race-drones-de-carreras-tienda-comprar-drones.png\",\"contentUrl\":\"https:\\\/\\\/iha-race.com\\\/wp-content\\\/uploads\\\/2018\\\/07\\\/iha-race-drones-de-carreras-tienda-comprar-drones.png\",\"width\":300,\"height\":100,\"caption\":\"Iha Race\"},\"image\":{\"@id\":\"https:\\\/\\\/iha-race.com\\\/it\\\/#\\\/schema\\\/logo\\\/image\\\/\"}}]}<\/script>\n<!-- \/ Yoast SEO plugin. -->","yoast_head_json":{"title":"Borsa ignifuga RunCam - Iha Race","robots":{"index":"index","follow":"follow","max-snippet":"max-snippet:-1","max-image-preview":"max-image-preview:large","max-video-preview":"max-video-preview:-1"},"canonical":"https:\/\/iha-race.com\/it\/prodotto\/runcam-bag-ignifuga\/","og_locale":"it_IT","og_type":"article","og_title":"Borsa ignifuga RunCam - Iha Race","og_description":"Borsa Lipo ignifuga RunCam Specifiche: Marchio: RunCam Materiale: fibra di vetro Dimensioni: 240 * 180 * 65 mm Colore arancione Peso della confezione: circa 188 g &nbsp; La confezione include:","og_url":"https:\/\/iha-race.com\/it\/prodotto\/runcam-bag-ignifuga\/","og_site_name":"Iha Race","article_modified_time":"2024-08-29T14:29:31+00:00","og_image":[{"width":800,"height":800,"url":"https:\/\/iha-race.com\/wp-content\/uploads\/2018\/12\/Paquete-Bolsa-de-la-bateri\u0301a-1.jpg","type":"image\/jpeg"}],"twitter_card":"summary_large_image","schema":{"@context":"https:\/\/schema.org","@graph":[{"@type":"WebPage","@id":"https:\/\/iha-race.com\/it\/prodotto\/runcam-bag-ignifuga\/","url":"https:\/\/iha-race.com\/it\/prodotto\/runcam-bag-ignifuga\/","name":"Borsa ignifuga RunCam - Iha Race","isPartOf":{"@id":"https:\/\/iha-race.com\/it\/#website"},"primaryImageOfPage":{"@id":"https:\/\/iha-race.com\/it\/prodotto\/runcam-bag-ignifuga\/#primaryimage"},"image":{"@id":"https:\/\/iha-race.com\/it\/prodotto\/runcam-bag-ignifuga\/#primaryimage"},"thumbnailUrl":"https:\/\/iha-race.com\/wp-content\/uploads\/2018\/12\/Paquete-Bolsa-de-la-bateri\u0301a-1.jpg","datePublished":"2018-12-21T15:59:42+00:00","dateModified":"2024-08-29T14:29:31+00:00","breadcrumb":{"@id":"https:\/\/iha-race.com\/it\/prodotto\/runcam-bag-ignifuga\/#breadcrumb"},"inLanguage":"it-IT","potentialAction":[{"@type":"ReadAction","target":["https:\/\/iha-race.com\/it\/prodotto\/runcam-bag-ignifuga\/"]}]},{"@type":"ImageObject","inLanguage":"it-IT","@id":"https:\/\/iha-race.com\/it\/prodotto\/runcam-bag-ignifuga\/#primaryimage","url":"https:\/\/iha-race.com\/wp-content\/uploads\/2018\/12\/Paquete-Bolsa-de-la-bateri\u0301a-1.jpg","contentUrl":"https:\/\/iha-race.com\/wp-content\/uploads\/2018\/12\/Paquete-Bolsa-de-la-bateri\u0301a-1.jpg","width":800,"height":800,"caption":"Batteria-Bag-Package"},{"@type":"BreadcrumbList","@id":"https:\/\/iha-race.com\/it\/prodotto\/runcam-bag-ignifuga\/#breadcrumb","itemListElement":[{"@type":"ListItem","position":1,"name":"Portada","item":"https:\/\/iha-race.com\/it\/"},{"@type":"ListItem","position":2,"name":"Negozio","item":"https:\/\/iha-race.com\/it\/negozio\/"},{"@type":"ListItem","position":3,"name":"Borsa ignifuga RunCam"}]},{"@type":"WebSite","@id":"https:\/\/iha-race.com\/it\/#website","url":"https:\/\/iha-race.com\/it\/","name":"Iha Race","description":"Comprar drones de carreras FPV env\u00edos en un d\u00eda desde Espa\u00f1a","publisher":{"@id":"https:\/\/iha-race.com\/it\/#organization"},"potentialAction":[{"@type":"SearchAction","target":{"@type":"EntryPoint","urlTemplate":"https:\/\/iha-race.com\/it\/?s={search_term_string}"},"query-input":{"@type":"PropertyValueSpecification","valueRequired":true,"valueName":"search_term_string"}}],"inLanguage":"it-IT"},{"@type":"Organization","@id":"https:\/\/iha-race.com\/it\/#organization","name":"Iha Race","url":"https:\/\/iha-race.com\/it\/","logo":{"@type":"ImageObject","inLanguage":"it-IT","@id":"https:\/\/iha-race.com\/it\/#\/schema\/logo\/image\/","url":"https:\/\/iha-race.com\/wp-content\/uploads\/2018\/07\/iha-race-drones-de-carreras-tienda-comprar-drones.png","contentUrl":"https:\/\/iha-race.com\/wp-content\/uploads\/2018\/07\/iha-race-drones-de-carreras-tienda-comprar-drones.png","width":300,"height":100,"caption":"Iha Race"},"image":{"@id":"https:\/\/iha-race.com\/it\/#\/schema\/logo\/image\/"}}]}},"brands":[],"_links":{"self":[{"href":"https:\/\/iha-race.com\/it\/wp-json\/wp\/v2\/product\/112115","targetHints":{"allow":["GET"]}}],"collection":[{"href":"https:\/\/iha-race.com\/it\/wp-json\/wp\/v2\/product"}],"about":[{"href":"https:\/\/iha-race.com\/it\/wp-json\/wp\/v2\/types\/product"}],"replies":[{"embeddable":true,"href":"https:\/\/iha-race.com\/it\/wp-json\/wp\/v2\/comments?post=112115"}],"version-history":[{"count":1,"href":"https:\/\/iha-race.com\/it\/wp-json\/wp\/v2\/product\/112115\/revisions"}],"predecessor-version":[{"id":213093,"href":"https:\/\/iha-race.com\/it\/wp-json\/wp\/v2\/product\/112115\/revisions\/213093"}],"wp:featuredmedia":[{"embeddable":true,"href":"https:\/\/iha-race.com\/it\/wp-json\/wp\/v2\/media\/94249"}],"wp:attachment":[{"href":"https:\/\/iha-race.com\/it\/wp-json\/wp\/v2\/media?parent=112115"}],"wp:term":[{"taxonomy":"pwb-brand","embeddable":true,"href":"https:\/\/iha-race.com\/it\/wp-json\/wp\/v2\/pwb-brand?post=112115"},{"taxonomy":"product_cat","embeddable":true,"href":"https:\/\/iha-race.com\/it\/wp-json\/wp\/v2\/product_cat?post=112115"},{"taxonomy":"product_tag","embeddable":true,"href":"https:\/\/iha-race.com\/it\/wp-json\/wp\/v2\/product_tag?post=112115"}],"curies":[{"name":"wp","href":"https:\/\/api.w.org\/{rel}","templated":true}]}}