{"id":112111,"date":"2019-01-15T10:24:58","date_gmt":"2019-01-15T09:24:58","guid":{"rendered":"https:\/\/iha-race.com\/producto\/set-di-cacciaviti-13-unita\/"},"modified":"2024-08-29T16:28:30","modified_gmt":"2024-08-29T14:28:30","slug":"set-di-cacciaviti-13-unita","status":"publish","type":"product","link":"https:\/\/iha-race.com\/it\/prodotto\/set-di-cacciaviti-13-unita\/","title":{"rendered":"Set di cacciaviti 13 unit\u00e0"},"content":{"rendered":"<h2>Set di cacciaviti 13 pezzi 1000v<\/h2>\n<p>  Si tratta di un set di strumenti professionali per elettricisti per eseguire vari tipi di lavori di riparazione elettrica o di altro tipo. Non importa se ti occupi di riparazioni elettriche o di riparazioni quotidiane, in generale, questo set \u00e8 un must per qualsiasi cassetta degli attrezzi per la manutenzione o per gli elettricisti.  <\/p>\n<h2>Caratteristiche:<\/h2>\n<ul>\n<li>Impugnatura ergonomica per il massimo comfort e una coppia eccezionale.<\/li>\n<li>Include vari tipi di punte per soddisfare le diverse esigenze elettriche.<\/li>\n<li>Contiene punte magnetiche che attirano comodamente le viti.<\/li>\n<li>La staffa dal design isolato resiste a tensioni fino a 1000V.<\/li>\n<li>In acciaio al cromo vanadio, temprato per la massima resistenza all&#8217;usura.<\/li>\n<li>Design della punta a innesto, facile da installare e sostituire le punte, risparmio di tempo ed efficienza.<\/li>\n<li>Viene fornito con una custodia, comoda per la conservazione e portatile per l&#8217;uso.<\/li>\n<\/ul>\n<h2>Specifiche:<\/h2>\n<ul>\n<li>Acciaio CR-V trattato termicamente.<\/li>\n<li>Lama con finitura nera e punte magnetiche.<\/li>\n<li>Copri lama in plastica.<\/li>\n<li>Con impugnatura ergonomica in TPR.<\/li>\n<li>Lame isolate per applicazioni elettriche.<\/li>\n<\/ul>\n<h2><strong>13 tipi di cacciaviti in 1:<\/strong><\/h2>\n<ul>\n<li>Tipo di scanalatura: 3&#215;100 mm, 4&#215;100 mm, 5,5&#215;100 mm, 6,5&#215;100 mm<\/li>\n<li>Testa trasversale: PH1x80mm, PH2x100mm<\/li>\n<li>Tipo Pozidriv: PZ1x80mm, PZ2x100mm<\/li>\n<li>Tipo di fiore: T10x100 mm, T15x100 mm, T20x100 mm<\/li>\n<li>1 x matita di prova isolata unipolare<\/li>\n<li>Gambo manuale isolato<\/li>\n<\/ul>\n<h2>Il pacchetto comprende:<\/h2>\n<ul>\n<li>13 inserti per cacciavite isolati elettronicamente<\/li>\n<\/ul>\n<div><\/div>\n","protected":false},"excerpt":{"rendered":"<p>Set di cacciaviti 13 pezzi 1000v Si tratta di un set di strumenti professionali per elettricisti per eseguire vari tipi di lavori di riparazione elettrica o di altro tipo. Non<\/p>\n","protected":false},"featured_media":94464,"comment_status":"open","ping_status":"closed","template":"","meta":{"_joinchat":[]},"pwb-brand":[],"product_cat":[139,145],"product_tag":[],"class_list":{"0":"post-112111","1":"product","2":"type-product","3":"status-publish","4":"has-post-thumbnail","6":"product_cat-accesorios-de-drones","7":"product_cat-herramientas-soldadura","9":"first","10":"instock","11":"taxable","12":"shipping-taxable","13":"purchasable","14":"product-type-simple"},"barcode":null,"atum_controlled":true,"out_stock_date":null,"out_stock_threshold":null,"inheritable":false,"stock_on_hold":0,"sold_today":0,"sales_last_days":0,"out_stock_days":0,"lost_sales":0,"update_date":"2026-04-08T16:33:51","atum_locations":[],"atum_stock_status":"instock","restock_status":false,"low_stock_amount":0,"sales_update_date":"2026-04-08T10:17:16","calc_backorders":null,"yoast_head":"<!-- This site is optimized with the Yoast SEO plugin v27.3 - https:\/\/yoast.com\/product\/yoast-seo-wordpress\/ -->\n<title>Set di cacciaviti 13 unit\u00e0 - Iha Race<\/title>\n<meta name=\"robots\" content=\"index, follow, max-snippet:-1, max-image-preview:large, max-video-preview:-1\" \/>\n<link rel=\"canonical\" href=\"https:\/\/iha-race.com\/it\/prodotto\/set-di-cacciaviti-13-unita\/\" \/>\n<meta property=\"og:locale\" content=\"it_IT\" \/>\n<meta property=\"og:type\" content=\"article\" \/>\n<meta property=\"og:title\" content=\"Set di cacciaviti 13 unit\u00e0 - Iha Race\" \/>\n<meta property=\"og:description\" content=\"Set di cacciaviti 13 pezzi 1000v Si tratta di un set di strumenti professionali per elettricisti per eseguire vari tipi di lavori di riparazione elettrica o di altro tipo. Non\" \/>\n<meta property=\"og:url\" content=\"https:\/\/iha-race.com\/it\/prodotto\/set-di-cacciaviti-13-unita\/\" \/>\n<meta property=\"og:site_name\" content=\"Iha Race\" \/>\n<meta property=\"article:modified_time\" content=\"2024-08-29T14:28:30+00:00\" \/>\n<meta property=\"og:image\" content=\"https:\/\/iha-race.com\/wp-content\/uploads\/2019\/01\/juego-de-atornilladores-13-pcs-1000v-comprar-barato-1.jpg\" \/>\n\t<meta property=\"og:image:width\" content=\"800\" \/>\n\t<meta property=\"og:image:height\" content=\"800\" \/>\n\t<meta property=\"og:image:type\" content=\"image\/jpeg\" \/>\n<meta name=\"twitter:card\" content=\"summary_large_image\" \/>\n<meta name=\"twitter:label1\" content=\"Tempo di lettura stimato\" \/>\n\t<meta name=\"twitter:data1\" content=\"1 minuto\" \/>\n<script type=\"application\/ld+json\" class=\"yoast-schema-graph\">{\"@context\":\"https:\\\/\\\/schema.org\",\"@graph\":[{\"@type\":\"WebPage\",\"@id\":\"https:\\\/\\\/iha-race.com\\\/it\\\/prodotto\\\/set-di-cacciaviti-13-unita\\\/\",\"url\":\"https:\\\/\\\/iha-race.com\\\/it\\\/prodotto\\\/set-di-cacciaviti-13-unita\\\/\",\"name\":\"Set di cacciaviti 13 unit\u00e0 - Iha Race\",\"isPartOf\":{\"@id\":\"https:\\\/\\\/iha-race.com\\\/it\\\/#website\"},\"primaryImageOfPage\":{\"@id\":\"https:\\\/\\\/iha-race.com\\\/it\\\/prodotto\\\/set-di-cacciaviti-13-unita\\\/#primaryimage\"},\"image\":{\"@id\":\"https:\\\/\\\/iha-race.com\\\/it\\\/prodotto\\\/set-di-cacciaviti-13-unita\\\/#primaryimage\"},\"thumbnailUrl\":\"https:\\\/\\\/iha-race.com\\\/wp-content\\\/uploads\\\/2019\\\/01\\\/juego-de-atornilladores-13-pcs-1000v-comprar-barato-1.jpg\",\"datePublished\":\"2019-01-15T09:24:58+00:00\",\"dateModified\":\"2024-08-29T14:28:30+00:00\",\"breadcrumb\":{\"@id\":\"https:\\\/\\\/iha-race.com\\\/it\\\/prodotto\\\/set-di-cacciaviti-13-unita\\\/#breadcrumb\"},\"inLanguage\":\"it-IT\",\"potentialAction\":[{\"@type\":\"ReadAction\",\"target\":[\"https:\\\/\\\/iha-race.com\\\/it\\\/prodotto\\\/set-di-cacciaviti-13-unita\\\/\"]}]},{\"@type\":\"ImageObject\",\"inLanguage\":\"it-IT\",\"@id\":\"https:\\\/\\\/iha-race.com\\\/it\\\/prodotto\\\/set-di-cacciaviti-13-unita\\\/#primaryimage\",\"url\":\"https:\\\/\\\/iha-race.com\\\/wp-content\\\/uploads\\\/2019\\\/01\\\/juego-de-atornilladores-13-pcs-1000v-comprar-barato-1.jpg\",\"contentUrl\":\"https:\\\/\\\/iha-race.com\\\/wp-content\\\/uploads\\\/2019\\\/01\\\/juego-de-atornilladores-13-pcs-1000v-comprar-barato-1.jpg\",\"width\":800,\"height\":800,\"caption\":\"screwdriver-sets-13-pcs-1000v-buy-cheap\"},{\"@type\":\"BreadcrumbList\",\"@id\":\"https:\\\/\\\/iha-race.com\\\/it\\\/prodotto\\\/set-di-cacciaviti-13-unita\\\/#breadcrumb\",\"itemListElement\":[{\"@type\":\"ListItem\",\"position\":1,\"name\":\"Portada\",\"item\":\"https:\\\/\\\/iha-race.com\\\/it\\\/\"},{\"@type\":\"ListItem\",\"position\":2,\"name\":\"Negozio\",\"item\":\"https:\\\/\\\/iha-race.com\\\/it\\\/negozio\\\/\"},{\"@type\":\"ListItem\",\"position\":3,\"name\":\"Set di cacciaviti 13 unit\u00e0\"}]},{\"@type\":\"WebSite\",\"@id\":\"https:\\\/\\\/iha-race.com\\\/it\\\/#website\",\"url\":\"https:\\\/\\\/iha-race.com\\\/it\\\/\",\"name\":\"Iha Race\",\"description\":\"Comprar drones de carreras FPV env\u00edos en un d\u00eda desde Espa\u00f1a\",\"publisher\":{\"@id\":\"https:\\\/\\\/iha-race.com\\\/it\\\/#organization\"},\"potentialAction\":[{\"@type\":\"SearchAction\",\"target\":{\"@type\":\"EntryPoint\",\"urlTemplate\":\"https:\\\/\\\/iha-race.com\\\/it\\\/?s={search_term_string}\"},\"query-input\":{\"@type\":\"PropertyValueSpecification\",\"valueRequired\":true,\"valueName\":\"search_term_string\"}}],\"inLanguage\":\"it-IT\"},{\"@type\":\"Organization\",\"@id\":\"https:\\\/\\\/iha-race.com\\\/it\\\/#organization\",\"name\":\"Iha Race\",\"url\":\"https:\\\/\\\/iha-race.com\\\/it\\\/\",\"logo\":{\"@type\":\"ImageObject\",\"inLanguage\":\"it-IT\",\"@id\":\"https:\\\/\\\/iha-race.com\\\/it\\\/#\\\/schema\\\/logo\\\/image\\\/\",\"url\":\"https:\\\/\\\/iha-race.com\\\/wp-content\\\/uploads\\\/2018\\\/07\\\/iha-race-drones-de-carreras-tienda-comprar-drones.png\",\"contentUrl\":\"https:\\\/\\\/iha-race.com\\\/wp-content\\\/uploads\\\/2018\\\/07\\\/iha-race-drones-de-carreras-tienda-comprar-drones.png\",\"width\":300,\"height\":100,\"caption\":\"Iha Race\"},\"image\":{\"@id\":\"https:\\\/\\\/iha-race.com\\\/it\\\/#\\\/schema\\\/logo\\\/image\\\/\"}}]}<\/script>\n<!-- \/ Yoast SEO plugin. -->","yoast_head_json":{"title":"Set di cacciaviti 13 unit\u00e0 - Iha Race","robots":{"index":"index","follow":"follow","max-snippet":"max-snippet:-1","max-image-preview":"max-image-preview:large","max-video-preview":"max-video-preview:-1"},"canonical":"https:\/\/iha-race.com\/it\/prodotto\/set-di-cacciaviti-13-unita\/","og_locale":"it_IT","og_type":"article","og_title":"Set di cacciaviti 13 unit\u00e0 - Iha Race","og_description":"Set di cacciaviti 13 pezzi 1000v Si tratta di un set di strumenti professionali per elettricisti per eseguire vari tipi di lavori di riparazione elettrica o di altro tipo. Non","og_url":"https:\/\/iha-race.com\/it\/prodotto\/set-di-cacciaviti-13-unita\/","og_site_name":"Iha Race","article_modified_time":"2024-08-29T14:28:30+00:00","og_image":[{"width":800,"height":800,"url":"https:\/\/iha-race.com\/wp-content\/uploads\/2019\/01\/juego-de-atornilladores-13-pcs-1000v-comprar-barato-1.jpg","type":"image\/jpeg"}],"twitter_card":"summary_large_image","twitter_misc":{"Tempo di lettura stimato":"1 minuto"},"schema":{"@context":"https:\/\/schema.org","@graph":[{"@type":"WebPage","@id":"https:\/\/iha-race.com\/it\/prodotto\/set-di-cacciaviti-13-unita\/","url":"https:\/\/iha-race.com\/it\/prodotto\/set-di-cacciaviti-13-unita\/","name":"Set di cacciaviti 13 unit\u00e0 - Iha Race","isPartOf":{"@id":"https:\/\/iha-race.com\/it\/#website"},"primaryImageOfPage":{"@id":"https:\/\/iha-race.com\/it\/prodotto\/set-di-cacciaviti-13-unita\/#primaryimage"},"image":{"@id":"https:\/\/iha-race.com\/it\/prodotto\/set-di-cacciaviti-13-unita\/#primaryimage"},"thumbnailUrl":"https:\/\/iha-race.com\/wp-content\/uploads\/2019\/01\/juego-de-atornilladores-13-pcs-1000v-comprar-barato-1.jpg","datePublished":"2019-01-15T09:24:58+00:00","dateModified":"2024-08-29T14:28:30+00:00","breadcrumb":{"@id":"https:\/\/iha-race.com\/it\/prodotto\/set-di-cacciaviti-13-unita\/#breadcrumb"},"inLanguage":"it-IT","potentialAction":[{"@type":"ReadAction","target":["https:\/\/iha-race.com\/it\/prodotto\/set-di-cacciaviti-13-unita\/"]}]},{"@type":"ImageObject","inLanguage":"it-IT","@id":"https:\/\/iha-race.com\/it\/prodotto\/set-di-cacciaviti-13-unita\/#primaryimage","url":"https:\/\/iha-race.com\/wp-content\/uploads\/2019\/01\/juego-de-atornilladores-13-pcs-1000v-comprar-barato-1.jpg","contentUrl":"https:\/\/iha-race.com\/wp-content\/uploads\/2019\/01\/juego-de-atornilladores-13-pcs-1000v-comprar-barato-1.jpg","width":800,"height":800,"caption":"screwdriver-sets-13-pcs-1000v-buy-cheap"},{"@type":"BreadcrumbList","@id":"https:\/\/iha-race.com\/it\/prodotto\/set-di-cacciaviti-13-unita\/#breadcrumb","itemListElement":[{"@type":"ListItem","position":1,"name":"Portada","item":"https:\/\/iha-race.com\/it\/"},{"@type":"ListItem","position":2,"name":"Negozio","item":"https:\/\/iha-race.com\/it\/negozio\/"},{"@type":"ListItem","position":3,"name":"Set di cacciaviti 13 unit\u00e0"}]},{"@type":"WebSite","@id":"https:\/\/iha-race.com\/it\/#website","url":"https:\/\/iha-race.com\/it\/","name":"Iha Race","description":"Comprar drones de carreras FPV env\u00edos en un d\u00eda desde Espa\u00f1a","publisher":{"@id":"https:\/\/iha-race.com\/it\/#organization"},"potentialAction":[{"@type":"SearchAction","target":{"@type":"EntryPoint","urlTemplate":"https:\/\/iha-race.com\/it\/?s={search_term_string}"},"query-input":{"@type":"PropertyValueSpecification","valueRequired":true,"valueName":"search_term_string"}}],"inLanguage":"it-IT"},{"@type":"Organization","@id":"https:\/\/iha-race.com\/it\/#organization","name":"Iha Race","url":"https:\/\/iha-race.com\/it\/","logo":{"@type":"ImageObject","inLanguage":"it-IT","@id":"https:\/\/iha-race.com\/it\/#\/schema\/logo\/image\/","url":"https:\/\/iha-race.com\/wp-content\/uploads\/2018\/07\/iha-race-drones-de-carreras-tienda-comprar-drones.png","contentUrl":"https:\/\/iha-race.com\/wp-content\/uploads\/2018\/07\/iha-race-drones-de-carreras-tienda-comprar-drones.png","width":300,"height":100,"caption":"Iha Race"},"image":{"@id":"https:\/\/iha-race.com\/it\/#\/schema\/logo\/image\/"}}]}},"brands":[],"_links":{"self":[{"href":"https:\/\/iha-race.com\/it\/wp-json\/wp\/v2\/product\/112111","targetHints":{"allow":["GET"]}}],"collection":[{"href":"https:\/\/iha-race.com\/it\/wp-json\/wp\/v2\/product"}],"about":[{"href":"https:\/\/iha-race.com\/it\/wp-json\/wp\/v2\/types\/product"}],"replies":[{"embeddable":true,"href":"https:\/\/iha-race.com\/it\/wp-json\/wp\/v2\/comments?post=112111"}],"version-history":[{"count":1,"href":"https:\/\/iha-race.com\/it\/wp-json\/wp\/v2\/product\/112111\/revisions"}],"predecessor-version":[{"id":250329,"href":"https:\/\/iha-race.com\/it\/wp-json\/wp\/v2\/product\/112111\/revisions\/250329"}],"wp:featuredmedia":[{"embeddable":true,"href":"https:\/\/iha-race.com\/it\/wp-json\/wp\/v2\/media\/94464"}],"wp:attachment":[{"href":"https:\/\/iha-race.com\/it\/wp-json\/wp\/v2\/media?parent=112111"}],"wp:term":[{"taxonomy":"pwb-brand","embeddable":true,"href":"https:\/\/iha-race.com\/it\/wp-json\/wp\/v2\/pwb-brand?post=112111"},{"taxonomy":"product_cat","embeddable":true,"href":"https:\/\/iha-race.com\/it\/wp-json\/wp\/v2\/product_cat?post=112111"},{"taxonomy":"product_tag","embeddable":true,"href":"https:\/\/iha-race.com\/it\/wp-json\/wp\/v2\/product_tag?post=112111"}],"curies":[{"name":"wp","href":"https:\/\/api.w.org\/{rel}","templated":true}]}}