{"id":112109,"date":"2018-12-21T12:56:51","date_gmt":"2018-12-21T11:56:51","guid":{"rendered":"https:\/\/iha-race.com\/producto\/telaio-tbs-source-two-v-1-220-mm\/"},"modified":"2024-08-29T16:29:27","modified_gmt":"2024-08-29T14:29:27","slug":"frame-tbs-source-two-v-1-220-mm","status":"publish","type":"product","link":"https:\/\/iha-race.com\/it\/prodotto\/frame-tbs-source-two-v-1-220-mm\/","title":{"rendered":"Telaio TBS Source TWO V.1 220 mm."},"content":{"rendered":"<h2>Telaio TBS Source TWO V.1 220 mm.<\/h2>\n<p>  Il SOURCE TWO \u00e8 un telaio da corsa ultraleggero a sezione inferiore singola, realizzato per gli amanti della velocit\u00e0 e per i piloti FPV di base. \u00c8 progettato per massimizzare la velocit\u00e0 e ridurre al minimo la resistenza aerodinamica. Si adatta e protegge tutti i componenti FPV classici ed \u00e8 ottimizzato per la leggerezza. SOURCE TWO \u00e8 il vincitore perfetto della tua gara domenicale ed \u00e8 consigliato solo ai piloti professionisti. <strong>IL PROGETTO<\/strong> Il progetto SOURCE TWO \u00e8 un progetto collaborativo di struttura FPV avviato dal Team BlackSheep. Il framework viene donato alla comunit\u00e0 per potenziare i maker e i creatori e per integrare pi\u00f9 rapidamente le migliori pratiche e le tendenze attuali in un prodotto di produzione continua. In cambio, consente alla rete di distribuzione locale di avere un accesso diretto e a basso costo a un buon quadro di riferimento per poter competere in un mercato sempre pi\u00f9 predatorio. La speranza \u00e8 che questo quadro consenta un ampio accesso all&#8217;FPV grazie a prezzi bassi, documentazione eccellente e ampia disponibilit\u00e0 di parti e accessori compatibili, senza violare la propriet\u00e0 intellettuale altrui.  <\/p>\n<h3>Volete far parte della Sorgente 2?<\/h3>\n<ul>\n<li>Discussione del progetto: <a href=\"https:\/\/discordapp.com\/invite\/ZJGkHwF\">https:\/\/discordapp.com\/invite\/ZJGkHwF<\/a><\/li>\n<li>File di progetto: <a href=\"https:\/\/github.com\/ps915\/source_two\">https:\/\/github.com\/ps915\/source_two<\/a><\/li>\n<li>File stampati in 3D su Thingiverse: <a href=\"https:\/\/www.thingiverse.com\/tag:sourcetwo\">https:\/\/www.thingiverse.com\/tag:sourcetwo<\/a><\/li>\n<li>Le parti stampate in 3D (STL) sono disponibili anche su github!<\/li>\n<\/ul>\n<h3>Quando si acquista Source TWO V.1 220 mm:<\/h3>\n<ul>\n<li>1 x Telaio (piastra superiore, piastra inferiore, 4 x bracci)<\/li>\n<li>1 x supporto per fotocamera in TPU per microcamere<\/li>\n<li>1 x set di viti e distanziali 1x<\/li>\n<li>1 x cuscinetto per batteria<\/li>\n<\/ul>\n<h3>Caratteristiche tecniche della sorgente TBS 2:<\/h3>\n<ul>\n<li><strong>Passo 5 &#8220;:<\/strong> 220m<\/li>\n<li><strong>Piastra superiore:<\/strong> 2 mm<\/li>\n<li><strong>Piastra inferiore:<\/strong> 3 mm<\/li>\n<li><strong>Altezza libera:<\/strong> 25 mm<\/li>\n<li><strong>Spessore del braccio:<\/strong> 4 mm.<\/li>\n<li><strong>Montaggio della batteria: <\/strong> 30,5 \u00d7 30,5 mm e 20 mm x 20 mm<\/li>\n<li><strong>Peso 5 &#8220;:<\/strong> 72 g<\/li>\n<\/ul>\n<h3>Fonte: hardware TBS:<\/h3>\n<ul>\n<li>Vite a brugola 20x M3x10<\/li>\n<li>Vite a brugola 4x M3x14<\/li>\n<li>Distanziatore 8X OD 5 mm M3 30 mm<\/li>\n<li>8x dado a pressione M3 M3<\/li>\n<\/ul>\n","protected":false},"excerpt":{"rendered":"<p>Telaio TBS Source TWO V.1 220 mm. Il SOURCE TWO \u00e8 un telaio da corsa ultraleggero a sezione inferiore singola, realizzato per gli amanti della velocit\u00e0 e per i piloti<\/p>\n","protected":false},"featured_media":92077,"comment_status":"open","ping_status":"closed","template":"","meta":{"_joinchat":[]},"pwb-brand":[],"product_cat":[3670,1438],"product_tag":[],"class_list":{"0":"post-112109","1":"product","2":"type-product","3":"status-publish","4":"has-post-thumbnail","6":"product_cat-cornici","7":"product_cat-droni-fpv","9":"first","10":"instock","11":"taxable","12":"shipping-taxable","13":"purchasable","14":"product-type-simple"},"barcode":null,"atum_controlled":true,"out_stock_date":null,"out_stock_threshold":null,"inheritable":false,"stock_on_hold":0,"sold_today":0,"sales_last_days":0,"out_stock_days":0,"lost_sales":0,"update_date":"2026-04-16T07:36:06","atum_locations":[],"atum_stock_status":"instock","restock_status":false,"low_stock_amount":0,"sales_update_date":"2026-04-16T07:36:06","calc_backorders":null,"yoast_head":"<!-- This site is optimized with the Yoast SEO plugin v27.3 - https:\/\/yoast.com\/product\/yoast-seo-wordpress\/ -->\n<title>\u2192 TBS Source two | Frame by Team BlackSheep | Iha Race \u2469<\/title>\n<meta name=\"description\" content=\"Scoprite\u23eb il telaio ultraleggero, solo per gli amanti della velocit\u00e0! Progettato dalla comunit\u00e0! Consegne in 24 ore\u2708 in tutta la Spagna. \u260e676757149.\" \/>\n<meta name=\"robots\" content=\"index, follow, max-snippet:-1, max-image-preview:large, max-video-preview:-1\" \/>\n<link rel=\"canonical\" href=\"https:\/\/iha-race.com\/it\/prodotto\/frame-tbs-source-two-v-1-220-mm\/\" \/>\n<meta property=\"og:locale\" content=\"it_IT\" \/>\n<meta property=\"og:type\" content=\"article\" \/>\n<meta property=\"og:title\" content=\"\u2192 TBS Source two | Frame by Team BlackSheep | Iha Race \u2469\" \/>\n<meta property=\"og:description\" content=\"Scoprite\u23eb il telaio ultraleggero, solo per gli amanti della velocit\u00e0! Progettato dalla comunit\u00e0! Consegne in 24 ore\u2708 in tutta la Spagna. \u260e676757149.\" \/>\n<meta property=\"og:url\" content=\"https:\/\/iha-race.com\/it\/prodotto\/frame-tbs-source-two-v-1-220-mm\/\" \/>\n<meta property=\"og:site_name\" content=\"Iha Race\" \/>\n<meta property=\"article:modified_time\" content=\"2024-08-29T14:29:27+00:00\" \/>\n<meta property=\"og:image\" content=\"https:\/\/iha-race.com\/wp-content\/uploads\/2018\/12\/frame-tbs-drone-1.jpg\" \/>\n\t<meta property=\"og:image:width\" content=\"2222\" \/>\n\t<meta property=\"og:image:height\" content=\"2222\" \/>\n\t<meta property=\"og:image:type\" content=\"image\/jpeg\" \/>\n<meta name=\"twitter:card\" content=\"summary_large_image\" \/>\n<meta name=\"twitter:label1\" content=\"Tempo di lettura stimato\" \/>\n\t<meta name=\"twitter:data1\" content=\"2 minuti\" \/>\n<script type=\"application\/ld+json\" class=\"yoast-schema-graph\">{\"@context\":\"https:\\\/\\\/schema.org\",\"@graph\":[{\"@type\":\"WebPage\",\"@id\":\"https:\\\/\\\/iha-race.com\\\/it\\\/prodotto\\\/frame-tbs-source-two-v-1-220-mm\\\/\",\"url\":\"https:\\\/\\\/iha-race.com\\\/it\\\/prodotto\\\/frame-tbs-source-two-v-1-220-mm\\\/\",\"name\":\"\u2192 TBS Source two | Frame by Team BlackSheep | Iha Race \u2469\",\"isPartOf\":{\"@id\":\"https:\\\/\\\/iha-race.com\\\/it\\\/#website\"},\"primaryImageOfPage\":{\"@id\":\"https:\\\/\\\/iha-race.com\\\/it\\\/prodotto\\\/frame-tbs-source-two-v-1-220-mm\\\/#primaryimage\"},\"image\":{\"@id\":\"https:\\\/\\\/iha-race.com\\\/it\\\/prodotto\\\/frame-tbs-source-two-v-1-220-mm\\\/#primaryimage\"},\"thumbnailUrl\":\"https:\\\/\\\/iha-race.com\\\/wp-content\\\/uploads\\\/2018\\\/12\\\/frame-tbs-drone-1.jpg\",\"datePublished\":\"2018-12-21T11:56:51+00:00\",\"dateModified\":\"2024-08-29T14:29:27+00:00\",\"description\":\"Scoprite\u23eb il telaio ultraleggero, solo per gli amanti della velocit\u00e0! Progettato dalla comunit\u00e0! Consegne in 24 ore\u2708 in tutta la Spagna. \u260e676757149.\",\"breadcrumb\":{\"@id\":\"https:\\\/\\\/iha-race.com\\\/it\\\/prodotto\\\/frame-tbs-source-two-v-1-220-mm\\\/#breadcrumb\"},\"inLanguage\":\"it-IT\",\"potentialAction\":[{\"@type\":\"ReadAction\",\"target\":[\"https:\\\/\\\/iha-race.com\\\/it\\\/prodotto\\\/frame-tbs-source-two-v-1-220-mm\\\/\"]}]},{\"@type\":\"ImageObject\",\"inLanguage\":\"it-IT\",\"@id\":\"https:\\\/\\\/iha-race.com\\\/it\\\/prodotto\\\/frame-tbs-source-two-v-1-220-mm\\\/#primaryimage\",\"url\":\"https:\\\/\\\/iha-race.com\\\/wp-content\\\/uploads\\\/2018\\\/12\\\/frame-tbs-drone-1.jpg\",\"contentUrl\":\"https:\\\/\\\/iha-race.com\\\/wp-content\\\/uploads\\\/2018\\\/12\\\/frame-tbs-drone-1.jpg\",\"width\":2222,\"height\":2222,\"caption\":\"acquistare a buon mercato frame-tbs-drone\"},{\"@type\":\"BreadcrumbList\",\"@id\":\"https:\\\/\\\/iha-race.com\\\/it\\\/prodotto\\\/frame-tbs-source-two-v-1-220-mm\\\/#breadcrumb\",\"itemListElement\":[{\"@type\":\"ListItem\",\"position\":1,\"name\":\"Portada\",\"item\":\"https:\\\/\\\/iha-race.com\\\/it\\\/\"},{\"@type\":\"ListItem\",\"position\":2,\"name\":\"Negozio\",\"item\":\"https:\\\/\\\/iha-race.com\\\/it\\\/negozio\\\/\"},{\"@type\":\"ListItem\",\"position\":3,\"name\":\"Telaio TBS Source TWO V.1 220 mm.\"}]},{\"@type\":\"WebSite\",\"@id\":\"https:\\\/\\\/iha-race.com\\\/it\\\/#website\",\"url\":\"https:\\\/\\\/iha-race.com\\\/it\\\/\",\"name\":\"Iha Race\",\"description\":\"Comprar drones de carreras FPV env\u00edos en un d\u00eda desde Espa\u00f1a\",\"publisher\":{\"@id\":\"https:\\\/\\\/iha-race.com\\\/it\\\/#organization\"},\"potentialAction\":[{\"@type\":\"SearchAction\",\"target\":{\"@type\":\"EntryPoint\",\"urlTemplate\":\"https:\\\/\\\/iha-race.com\\\/it\\\/?s={search_term_string}\"},\"query-input\":{\"@type\":\"PropertyValueSpecification\",\"valueRequired\":true,\"valueName\":\"search_term_string\"}}],\"inLanguage\":\"it-IT\"},{\"@type\":\"Organization\",\"@id\":\"https:\\\/\\\/iha-race.com\\\/it\\\/#organization\",\"name\":\"Iha Race\",\"url\":\"https:\\\/\\\/iha-race.com\\\/it\\\/\",\"logo\":{\"@type\":\"ImageObject\",\"inLanguage\":\"it-IT\",\"@id\":\"https:\\\/\\\/iha-race.com\\\/it\\\/#\\\/schema\\\/logo\\\/image\\\/\",\"url\":\"https:\\\/\\\/iha-race.com\\\/wp-content\\\/uploads\\\/2018\\\/07\\\/iha-race-drones-de-carreras-tienda-comprar-drones.png\",\"contentUrl\":\"https:\\\/\\\/iha-race.com\\\/wp-content\\\/uploads\\\/2018\\\/07\\\/iha-race-drones-de-carreras-tienda-comprar-drones.png\",\"width\":300,\"height\":100,\"caption\":\"Iha Race\"},\"image\":{\"@id\":\"https:\\\/\\\/iha-race.com\\\/it\\\/#\\\/schema\\\/logo\\\/image\\\/\"}}]}<\/script>\n<!-- \/ Yoast SEO plugin. -->","yoast_head_json":{"title":"\u2192 TBS Source two | Frame by Team BlackSheep | Iha Race \u2469","description":"Scoprite\u23eb il telaio ultraleggero, solo per gli amanti della velocit\u00e0! Progettato dalla comunit\u00e0! Consegne in 24 ore\u2708 in tutta la Spagna. \u260e676757149.","robots":{"index":"index","follow":"follow","max-snippet":"max-snippet:-1","max-image-preview":"max-image-preview:large","max-video-preview":"max-video-preview:-1"},"canonical":"https:\/\/iha-race.com\/it\/prodotto\/frame-tbs-source-two-v-1-220-mm\/","og_locale":"it_IT","og_type":"article","og_title":"\u2192 TBS Source two | Frame by Team BlackSheep | Iha Race \u2469","og_description":"Scoprite\u23eb il telaio ultraleggero, solo per gli amanti della velocit\u00e0! Progettato dalla comunit\u00e0! Consegne in 24 ore\u2708 in tutta la Spagna. \u260e676757149.","og_url":"https:\/\/iha-race.com\/it\/prodotto\/frame-tbs-source-two-v-1-220-mm\/","og_site_name":"Iha Race","article_modified_time":"2024-08-29T14:29:27+00:00","og_image":[{"width":2222,"height":2222,"url":"https:\/\/iha-race.com\/wp-content\/uploads\/2018\/12\/frame-tbs-drone-1.jpg","type":"image\/jpeg"}],"twitter_card":"summary_large_image","twitter_misc":{"Tempo di lettura stimato":"2 minuti"},"schema":{"@context":"https:\/\/schema.org","@graph":[{"@type":"WebPage","@id":"https:\/\/iha-race.com\/it\/prodotto\/frame-tbs-source-two-v-1-220-mm\/","url":"https:\/\/iha-race.com\/it\/prodotto\/frame-tbs-source-two-v-1-220-mm\/","name":"\u2192 TBS Source two | Frame by Team BlackSheep | Iha Race \u2469","isPartOf":{"@id":"https:\/\/iha-race.com\/it\/#website"},"primaryImageOfPage":{"@id":"https:\/\/iha-race.com\/it\/prodotto\/frame-tbs-source-two-v-1-220-mm\/#primaryimage"},"image":{"@id":"https:\/\/iha-race.com\/it\/prodotto\/frame-tbs-source-two-v-1-220-mm\/#primaryimage"},"thumbnailUrl":"https:\/\/iha-race.com\/wp-content\/uploads\/2018\/12\/frame-tbs-drone-1.jpg","datePublished":"2018-12-21T11:56:51+00:00","dateModified":"2024-08-29T14:29:27+00:00","description":"Scoprite\u23eb il telaio ultraleggero, solo per gli amanti della velocit\u00e0! Progettato dalla comunit\u00e0! Consegne in 24 ore\u2708 in tutta la Spagna. \u260e676757149.","breadcrumb":{"@id":"https:\/\/iha-race.com\/it\/prodotto\/frame-tbs-source-two-v-1-220-mm\/#breadcrumb"},"inLanguage":"it-IT","potentialAction":[{"@type":"ReadAction","target":["https:\/\/iha-race.com\/it\/prodotto\/frame-tbs-source-two-v-1-220-mm\/"]}]},{"@type":"ImageObject","inLanguage":"it-IT","@id":"https:\/\/iha-race.com\/it\/prodotto\/frame-tbs-source-two-v-1-220-mm\/#primaryimage","url":"https:\/\/iha-race.com\/wp-content\/uploads\/2018\/12\/frame-tbs-drone-1.jpg","contentUrl":"https:\/\/iha-race.com\/wp-content\/uploads\/2018\/12\/frame-tbs-drone-1.jpg","width":2222,"height":2222,"caption":"acquistare a buon mercato frame-tbs-drone"},{"@type":"BreadcrumbList","@id":"https:\/\/iha-race.com\/it\/prodotto\/frame-tbs-source-two-v-1-220-mm\/#breadcrumb","itemListElement":[{"@type":"ListItem","position":1,"name":"Portada","item":"https:\/\/iha-race.com\/it\/"},{"@type":"ListItem","position":2,"name":"Negozio","item":"https:\/\/iha-race.com\/it\/negozio\/"},{"@type":"ListItem","position":3,"name":"Telaio TBS Source TWO V.1 220 mm."}]},{"@type":"WebSite","@id":"https:\/\/iha-race.com\/it\/#website","url":"https:\/\/iha-race.com\/it\/","name":"Iha Race","description":"Comprar drones de carreras FPV env\u00edos en un d\u00eda desde Espa\u00f1a","publisher":{"@id":"https:\/\/iha-race.com\/it\/#organization"},"potentialAction":[{"@type":"SearchAction","target":{"@type":"EntryPoint","urlTemplate":"https:\/\/iha-race.com\/it\/?s={search_term_string}"},"query-input":{"@type":"PropertyValueSpecification","valueRequired":true,"valueName":"search_term_string"}}],"inLanguage":"it-IT"},{"@type":"Organization","@id":"https:\/\/iha-race.com\/it\/#organization","name":"Iha Race","url":"https:\/\/iha-race.com\/it\/","logo":{"@type":"ImageObject","inLanguage":"it-IT","@id":"https:\/\/iha-race.com\/it\/#\/schema\/logo\/image\/","url":"https:\/\/iha-race.com\/wp-content\/uploads\/2018\/07\/iha-race-drones-de-carreras-tienda-comprar-drones.png","contentUrl":"https:\/\/iha-race.com\/wp-content\/uploads\/2018\/07\/iha-race-drones-de-carreras-tienda-comprar-drones.png","width":300,"height":100,"caption":"Iha Race"},"image":{"@id":"https:\/\/iha-race.com\/it\/#\/schema\/logo\/image\/"}}]}},"brands":[],"_links":{"self":[{"href":"https:\/\/iha-race.com\/it\/wp-json\/wp\/v2\/product\/112109","targetHints":{"allow":["GET"]}}],"collection":[{"href":"https:\/\/iha-race.com\/it\/wp-json\/wp\/v2\/product"}],"about":[{"href":"https:\/\/iha-race.com\/it\/wp-json\/wp\/v2\/types\/product"}],"replies":[{"embeddable":true,"href":"https:\/\/iha-race.com\/it\/wp-json\/wp\/v2\/comments?post=112109"}],"version-history":[{"count":2,"href":"https:\/\/iha-race.com\/it\/wp-json\/wp\/v2\/product\/112109\/revisions"}],"predecessor-version":[{"id":250350,"href":"https:\/\/iha-race.com\/it\/wp-json\/wp\/v2\/product\/112109\/revisions\/250350"}],"wp:featuredmedia":[{"embeddable":true,"href":"https:\/\/iha-race.com\/it\/wp-json\/wp\/v2\/media\/92077"}],"wp:attachment":[{"href":"https:\/\/iha-race.com\/it\/wp-json\/wp\/v2\/media?parent=112109"}],"wp:term":[{"taxonomy":"pwb-brand","embeddable":true,"href":"https:\/\/iha-race.com\/it\/wp-json\/wp\/v2\/pwb-brand?post=112109"},{"taxonomy":"product_cat","embeddable":true,"href":"https:\/\/iha-race.com\/it\/wp-json\/wp\/v2\/product_cat?post=112109"},{"taxonomy":"product_tag","embeddable":true,"href":"https:\/\/iha-race.com\/it\/wp-json\/wp\/v2\/product_tag?post=112109"}],"curies":[{"name":"wp","href":"https:\/\/api.w.org\/{rel}","templated":true}]}}