{"id":112064,"date":"2019-01-23T18:47:05","date_gmt":"2019-01-23T17:47:05","guid":{"rendered":"https:\/\/iha-race.com\/producto\/telaio-tbs-g2-5-in-fibra-di-carbonio\/"},"modified":"2024-08-14T10:56:38","modified_gmt":"2024-08-14T08:56:38","slug":"telaio-tbs-g2-5-fibra-di-carbonio","status":"publish","type":"product","link":"https:\/\/iha-race.com\/it\/prodotto\/telaio-tbs-g2-5-fibra-di-carbonio\/","title":{"rendered":"Telaio TBS G2 5&#8243; in fibra di carbonio"},"content":{"rendered":"<h1>TELAIO TBS G2 5&#8243; IN FIBRA DI CARBONIO<\/h1>\n<h4>HA IL PEDIGREE<\/h4>\n<p>  Il G2 \u00e8 un concept drone ispirato all&#8217;XBR220 di BlackBoltRC, finalizzato allo studio dell&#8217;aerodinamica e dei materiali avanzati nei telai da corsa. Finalmente abbiamo deciso di portarlo sul mercato! La disposizione a scatola fornisce la forza necessaria e permette di snellire i bracci, consentendo ai motori di produrre una maggiore spinta. Nel volo veloce, la leggerezza del telaio e l&#8217;incredibile rapporto potenza\/peso consentono di volare a quasi 90 gradi. Con un centro di massa imbattibile, le curve e la maneggevolezza sembreranno quasi irreali. Destinato all&#8217;utilizzo del PowerCube di TBS o di soluzioni AIO simili, potete costruire questo dispositivo come preferite. Non suggeriamo di montare gli ESC sul braccio, poich\u00e9 i bracci attuali sono cos\u00ec sottili da ridurre la quantit\u00e0 di flusso d&#8217;aria, e la posizione centrale degli ESC \u00e8 fondamentale per questo progetto. L&#8217;OSD e il VTx di TBS FPVision, insieme all&#8217;ESC PowerCube di TBS, rendono questa soluzione molto semplice da assemblare. Gli altri accessori comprendono viti e dadi in alluminio anodizzato viola di altissima qualit\u00e0, cinghie e cuscinetti in gomma per la batteria. Solo la massima qualit\u00e0 era sufficiente!  <\/p>\n<h4>TBS CARBON O FULL CARBON?<\/h4>\n<p>  TBS ha sviluppato una tecnica di produzione per un materiale composito in fibra di carbonio. Il peso \u00e8 quasi la met\u00e0 di quello della fibra di carbonio tradizionale con uno spessore quasi doppio, con una perdita minima di rigidit\u00e0 se applicata correttamente. Il modello G2 \u00e8 il primo della linea di montature TBS a utilizzare questa tecnologia. \u00c8 disponibile anche in un&#8217;edizione in fibra di carbonio da 4 mm per chi non vuole esagerare con il concetto di telaio.  <\/p>\n<h4>PERSONALIT\u00c0 MULTIPLE<\/h4>\n<p>  Il G2 \u00e8 disponibile in due gusti. &#8220;Snoopy&#8221; e &#8220;Hero&#8221;. Snoopy \u00e8 dotato di un tettuccio per il montaggio di una telecamera HD e in particolare per le corse, il freestyle o la guida casual. Quando l&#8217;accelerazione massima sembra un po&#8217; fiacca, forniamo un tettuccio aerodinamico &#8220;Hero&#8221;. Consente angolazioni della telecamera fino a 90 gradi grazie alla staffa in policarbonato stampato a iniezione inclusa, resistente e &#8220;al diavolo, sto andando a velocit\u00e0 supersonica&#8221;. Indipendentemente dal percorso che scegli, guarda con attenzione perch\u00e9 la velocit\u00e0 \u00e8 reale.  <strong>Nota: per stampare il baldacchino \u00e8 necessaria una stampante 3D!<\/strong><\/p>\n<h4>Il pacchetto comprende:<\/h4>\n<ul>\n<li>1x Telaio TBS G2 5&#8243;, realizzato in carbonio TBS<\/li>\n<li>1x staffa per telecamera PC per ZeroZero (V2), HS1177, ecc. per telaio stile HERO<\/li>\n<li>24x M3x9mm Viti in acciaio nero con loctite preapplicata<\/li>\n<li>2x M3x12mm alluminio anodizzato viola T7051<\/li>\n<li>4x M3x19mm Alluminio T7051 anodizzato viola<\/li>\n<li>Dadi in rame PowerCube 4x<\/li>\n<li>1 cinturino per batteria TBS<\/li>\n<\/ul>\n<h4>SCARICA<\/h4>\n<ul>\n<li><a href=\"https:\/\/www.team-blacksheep.com\/tbs_g2_snoopy_canopy.zip\" target=\"_blank\" rel=\"noopener noreferrer\">Stampa 3D STL del baldacchino SNOOPY<\/a><\/li>\n<li><a href=\"https:\/\/www.team-blacksheep.com\/tbs_g2_hero_canopy.zip\" target=\"_blank\" rel=\"noopener noreferrer\">STL di stampa 3D del baldacchino HERO<\/a><\/li>\n<\/ul>\n","protected":false},"excerpt":{"rendered":"<p>TELAIO TBS G2 5&#8243; IN FIBRA DI CARBONIO HA IL PEDIGREE Il G2 \u00e8 un concept drone ispirato all&#8217;XBR220 di BlackBoltRC, finalizzato allo studio dell&#8217;aerodinamica e dei materiali avanzati nei<\/p>\n","protected":false},"featured_media":92740,"comment_status":"open","ping_status":"closed","template":"","meta":{"_joinchat":[]},"pwb-brand":[],"product_cat":[617],"product_tag":[],"class_list":{"0":"post-112064","1":"product","2":"type-product","3":"status-publish","4":"has-post-thumbnail","6":"product_cat-outlet","8":"first","9":"instock","10":"taxable","11":"shipping-taxable","12":"purchasable","13":"product-type-simple"},"barcode":null,"atum_controlled":true,"out_stock_date":null,"out_stock_threshold":null,"inheritable":false,"stock_on_hold":0,"sold_today":0,"sales_last_days":0,"out_stock_days":0,"lost_sales":0,"update_date":"2026-04-16T08:17:50","atum_locations":[],"atum_stock_status":"instock","restock_status":false,"low_stock_amount":0,"sales_update_date":"2026-04-16T08:17:50","calc_backorders":null,"yoast_head":"<!-- This site is optimized with the Yoast SEO plugin v27.3 - https:\/\/yoast.com\/product\/yoast-seo-wordpress\/ -->\n<title>Telaio TBS G2 5&quot; in fibra di carbonio - Iha Race<\/title>\n<meta name=\"robots\" content=\"index, follow, max-snippet:-1, max-image-preview:large, max-video-preview:-1\" \/>\n<link rel=\"canonical\" href=\"https:\/\/iha-race.com\/it\/prodotto\/telaio-tbs-g2-5-fibra-di-carbonio\/\" \/>\n<meta property=\"og:locale\" content=\"it_IT\" \/>\n<meta property=\"og:type\" content=\"article\" \/>\n<meta property=\"og:title\" content=\"Telaio TBS G2 5&quot; in fibra di carbonio - Iha Race\" \/>\n<meta property=\"og:description\" content=\"TELAIO TBS G2 5&#8243; IN FIBRA DI CARBONIO HA IL PEDIGREE Il G2 \u00e8 un concept drone ispirato all&#8217;XBR220 di BlackBoltRC, finalizzato allo studio dell&#8217;aerodinamica e dei materiali avanzati nei\" \/>\n<meta property=\"og:url\" content=\"https:\/\/iha-race.com\/it\/prodotto\/telaio-tbs-g2-5-fibra-di-carbonio\/\" \/>\n<meta property=\"og:site_name\" content=\"Iha Race\" \/>\n<meta property=\"article:modified_time\" content=\"2024-08-14T08:56:38+00:00\" \/>\n<meta property=\"og:image\" content=\"https:\/\/iha-race.com\/wp-content\/uploads\/2019\/01\/tbs-g2-frame-5-fibra-de-carbono-1.jpg\" \/>\n\t<meta property=\"og:image:width\" content=\"2222\" \/>\n\t<meta property=\"og:image:height\" content=\"2222\" \/>\n\t<meta property=\"og:image:type\" content=\"image\/jpeg\" \/>\n<meta name=\"twitter:card\" content=\"summary_large_image\" \/>\n<meta name=\"twitter:label1\" content=\"Tempo di lettura stimato\" \/>\n\t<meta name=\"twitter:data1\" content=\"2 minuti\" \/>\n<script type=\"application\/ld+json\" class=\"yoast-schema-graph\">{\"@context\":\"https:\\\/\\\/schema.org\",\"@graph\":[{\"@type\":\"WebPage\",\"@id\":\"https:\\\/\\\/iha-race.com\\\/it\\\/prodotto\\\/telaio-tbs-g2-5-fibra-di-carbonio\\\/\",\"url\":\"https:\\\/\\\/iha-race.com\\\/it\\\/prodotto\\\/telaio-tbs-g2-5-fibra-di-carbonio\\\/\",\"name\":\"Telaio TBS G2 5\\\" in fibra di carbonio - Iha Race\",\"isPartOf\":{\"@id\":\"https:\\\/\\\/iha-race.com\\\/it\\\/#website\"},\"primaryImageOfPage\":{\"@id\":\"https:\\\/\\\/iha-race.com\\\/it\\\/prodotto\\\/telaio-tbs-g2-5-fibra-di-carbonio\\\/#primaryimage\"},\"image\":{\"@id\":\"https:\\\/\\\/iha-race.com\\\/it\\\/prodotto\\\/telaio-tbs-g2-5-fibra-di-carbonio\\\/#primaryimage\"},\"thumbnailUrl\":\"https:\\\/\\\/iha-race.com\\\/wp-content\\\/uploads\\\/2019\\\/01\\\/tbs-g2-frame-5-fibra-de-carbono-1.jpg\",\"datePublished\":\"2019-01-23T17:47:05+00:00\",\"dateModified\":\"2024-08-14T08:56:38+00:00\",\"breadcrumb\":{\"@id\":\"https:\\\/\\\/iha-race.com\\\/it\\\/prodotto\\\/telaio-tbs-g2-5-fibra-di-carbonio\\\/#breadcrumb\"},\"inLanguage\":\"it-IT\",\"potentialAction\":[{\"@type\":\"ReadAction\",\"target\":[\"https:\\\/\\\/iha-race.com\\\/it\\\/prodotto\\\/telaio-tbs-g2-5-fibra-di-carbonio\\\/\"]}]},{\"@type\":\"ImageObject\",\"inLanguage\":\"it-IT\",\"@id\":\"https:\\\/\\\/iha-race.com\\\/it\\\/prodotto\\\/telaio-tbs-g2-5-fibra-di-carbonio\\\/#primaryimage\",\"url\":\"https:\\\/\\\/iha-race.com\\\/wp-content\\\/uploads\\\/2019\\\/01\\\/tbs-g2-frame-5-fibra-de-carbono-1.jpg\",\"contentUrl\":\"https:\\\/\\\/iha-race.com\\\/wp-content\\\/uploads\\\/2019\\\/01\\\/tbs-g2-frame-5-fibra-de-carbono-1.jpg\",\"width\":2222,\"height\":2222,\"caption\":\"acquistare tbs-g2-frame-5-fibre-fibra di carbonio\"},{\"@type\":\"BreadcrumbList\",\"@id\":\"https:\\\/\\\/iha-race.com\\\/it\\\/prodotto\\\/telaio-tbs-g2-5-fibra-di-carbonio\\\/#breadcrumb\",\"itemListElement\":[{\"@type\":\"ListItem\",\"position\":1,\"name\":\"Portada\",\"item\":\"https:\\\/\\\/iha-race.com\\\/it\\\/\"},{\"@type\":\"ListItem\",\"position\":2,\"name\":\"Negozio\",\"item\":\"https:\\\/\\\/iha-race.com\\\/it\\\/negozio\\\/\"},{\"@type\":\"ListItem\",\"position\":3,\"name\":\"Telaio TBS G2 5&#8243; in fibra di carbonio\"}]},{\"@type\":\"WebSite\",\"@id\":\"https:\\\/\\\/iha-race.com\\\/it\\\/#website\",\"url\":\"https:\\\/\\\/iha-race.com\\\/it\\\/\",\"name\":\"Iha Race\",\"description\":\"Comprar drones de carreras FPV env\u00edos en un d\u00eda desde Espa\u00f1a\",\"publisher\":{\"@id\":\"https:\\\/\\\/iha-race.com\\\/it\\\/#organization\"},\"potentialAction\":[{\"@type\":\"SearchAction\",\"target\":{\"@type\":\"EntryPoint\",\"urlTemplate\":\"https:\\\/\\\/iha-race.com\\\/it\\\/?s={search_term_string}\"},\"query-input\":{\"@type\":\"PropertyValueSpecification\",\"valueRequired\":true,\"valueName\":\"search_term_string\"}}],\"inLanguage\":\"it-IT\"},{\"@type\":\"Organization\",\"@id\":\"https:\\\/\\\/iha-race.com\\\/it\\\/#organization\",\"name\":\"Iha Race\",\"url\":\"https:\\\/\\\/iha-race.com\\\/it\\\/\",\"logo\":{\"@type\":\"ImageObject\",\"inLanguage\":\"it-IT\",\"@id\":\"https:\\\/\\\/iha-race.com\\\/it\\\/#\\\/schema\\\/logo\\\/image\\\/\",\"url\":\"https:\\\/\\\/iha-race.com\\\/wp-content\\\/uploads\\\/2018\\\/07\\\/iha-race-drones-de-carreras-tienda-comprar-drones.png\",\"contentUrl\":\"https:\\\/\\\/iha-race.com\\\/wp-content\\\/uploads\\\/2018\\\/07\\\/iha-race-drones-de-carreras-tienda-comprar-drones.png\",\"width\":300,\"height\":100,\"caption\":\"Iha Race\"},\"image\":{\"@id\":\"https:\\\/\\\/iha-race.com\\\/it\\\/#\\\/schema\\\/logo\\\/image\\\/\"}}]}<\/script>\n<!-- \/ Yoast SEO plugin. -->","yoast_head_json":{"title":"Telaio TBS G2 5\" in fibra di carbonio - Iha Race","robots":{"index":"index","follow":"follow","max-snippet":"max-snippet:-1","max-image-preview":"max-image-preview:large","max-video-preview":"max-video-preview:-1"},"canonical":"https:\/\/iha-race.com\/it\/prodotto\/telaio-tbs-g2-5-fibra-di-carbonio\/","og_locale":"it_IT","og_type":"article","og_title":"Telaio TBS G2 5\" in fibra di carbonio - Iha Race","og_description":"TELAIO TBS G2 5&#8243; IN FIBRA DI CARBONIO HA IL PEDIGREE Il G2 \u00e8 un concept drone ispirato all&#8217;XBR220 di BlackBoltRC, finalizzato allo studio dell&#8217;aerodinamica e dei materiali avanzati nei","og_url":"https:\/\/iha-race.com\/it\/prodotto\/telaio-tbs-g2-5-fibra-di-carbonio\/","og_site_name":"Iha Race","article_modified_time":"2024-08-14T08:56:38+00:00","og_image":[{"width":2222,"height":2222,"url":"https:\/\/iha-race.com\/wp-content\/uploads\/2019\/01\/tbs-g2-frame-5-fibra-de-carbono-1.jpg","type":"image\/jpeg"}],"twitter_card":"summary_large_image","twitter_misc":{"Tempo di lettura stimato":"2 minuti"},"schema":{"@context":"https:\/\/schema.org","@graph":[{"@type":"WebPage","@id":"https:\/\/iha-race.com\/it\/prodotto\/telaio-tbs-g2-5-fibra-di-carbonio\/","url":"https:\/\/iha-race.com\/it\/prodotto\/telaio-tbs-g2-5-fibra-di-carbonio\/","name":"Telaio TBS G2 5\" in fibra di carbonio - Iha Race","isPartOf":{"@id":"https:\/\/iha-race.com\/it\/#website"},"primaryImageOfPage":{"@id":"https:\/\/iha-race.com\/it\/prodotto\/telaio-tbs-g2-5-fibra-di-carbonio\/#primaryimage"},"image":{"@id":"https:\/\/iha-race.com\/it\/prodotto\/telaio-tbs-g2-5-fibra-di-carbonio\/#primaryimage"},"thumbnailUrl":"https:\/\/iha-race.com\/wp-content\/uploads\/2019\/01\/tbs-g2-frame-5-fibra-de-carbono-1.jpg","datePublished":"2019-01-23T17:47:05+00:00","dateModified":"2024-08-14T08:56:38+00:00","breadcrumb":{"@id":"https:\/\/iha-race.com\/it\/prodotto\/telaio-tbs-g2-5-fibra-di-carbonio\/#breadcrumb"},"inLanguage":"it-IT","potentialAction":[{"@type":"ReadAction","target":["https:\/\/iha-race.com\/it\/prodotto\/telaio-tbs-g2-5-fibra-di-carbonio\/"]}]},{"@type":"ImageObject","inLanguage":"it-IT","@id":"https:\/\/iha-race.com\/it\/prodotto\/telaio-tbs-g2-5-fibra-di-carbonio\/#primaryimage","url":"https:\/\/iha-race.com\/wp-content\/uploads\/2019\/01\/tbs-g2-frame-5-fibra-de-carbono-1.jpg","contentUrl":"https:\/\/iha-race.com\/wp-content\/uploads\/2019\/01\/tbs-g2-frame-5-fibra-de-carbono-1.jpg","width":2222,"height":2222,"caption":"acquistare tbs-g2-frame-5-fibre-fibra di carbonio"},{"@type":"BreadcrumbList","@id":"https:\/\/iha-race.com\/it\/prodotto\/telaio-tbs-g2-5-fibra-di-carbonio\/#breadcrumb","itemListElement":[{"@type":"ListItem","position":1,"name":"Portada","item":"https:\/\/iha-race.com\/it\/"},{"@type":"ListItem","position":2,"name":"Negozio","item":"https:\/\/iha-race.com\/it\/negozio\/"},{"@type":"ListItem","position":3,"name":"Telaio TBS G2 5&#8243; in fibra di carbonio"}]},{"@type":"WebSite","@id":"https:\/\/iha-race.com\/it\/#website","url":"https:\/\/iha-race.com\/it\/","name":"Iha Race","description":"Comprar drones de carreras FPV env\u00edos en un d\u00eda desde Espa\u00f1a","publisher":{"@id":"https:\/\/iha-race.com\/it\/#organization"},"potentialAction":[{"@type":"SearchAction","target":{"@type":"EntryPoint","urlTemplate":"https:\/\/iha-race.com\/it\/?s={search_term_string}"},"query-input":{"@type":"PropertyValueSpecification","valueRequired":true,"valueName":"search_term_string"}}],"inLanguage":"it-IT"},{"@type":"Organization","@id":"https:\/\/iha-race.com\/it\/#organization","name":"Iha Race","url":"https:\/\/iha-race.com\/it\/","logo":{"@type":"ImageObject","inLanguage":"it-IT","@id":"https:\/\/iha-race.com\/it\/#\/schema\/logo\/image\/","url":"https:\/\/iha-race.com\/wp-content\/uploads\/2018\/07\/iha-race-drones-de-carreras-tienda-comprar-drones.png","contentUrl":"https:\/\/iha-race.com\/wp-content\/uploads\/2018\/07\/iha-race-drones-de-carreras-tienda-comprar-drones.png","width":300,"height":100,"caption":"Iha Race"},"image":{"@id":"https:\/\/iha-race.com\/it\/#\/schema\/logo\/image\/"}}]}},"brands":[],"_links":{"self":[{"href":"https:\/\/iha-race.com\/it\/wp-json\/wp\/v2\/product\/112064","targetHints":{"allow":["GET"]}}],"collection":[{"href":"https:\/\/iha-race.com\/it\/wp-json\/wp\/v2\/product"}],"about":[{"href":"https:\/\/iha-race.com\/it\/wp-json\/wp\/v2\/types\/product"}],"replies":[{"embeddable":true,"href":"https:\/\/iha-race.com\/it\/wp-json\/wp\/v2\/comments?post=112064"}],"version-history":[{"count":1,"href":"https:\/\/iha-race.com\/it\/wp-json\/wp\/v2\/product\/112064\/revisions"}],"predecessor-version":[{"id":248054,"href":"https:\/\/iha-race.com\/it\/wp-json\/wp\/v2\/product\/112064\/revisions\/248054"}],"wp:featuredmedia":[{"embeddable":true,"href":"https:\/\/iha-race.com\/it\/wp-json\/wp\/v2\/media\/92740"}],"wp:attachment":[{"href":"https:\/\/iha-race.com\/it\/wp-json\/wp\/v2\/media?parent=112064"}],"wp:term":[{"taxonomy":"pwb-brand","embeddable":true,"href":"https:\/\/iha-race.com\/it\/wp-json\/wp\/v2\/pwb-brand?post=112064"},{"taxonomy":"product_cat","embeddable":true,"href":"https:\/\/iha-race.com\/it\/wp-json\/wp\/v2\/product_cat?post=112064"},{"taxonomy":"product_tag","embeddable":true,"href":"https:\/\/iha-race.com\/it\/wp-json\/wp\/v2\/product_tag?post=112064"}],"curies":[{"name":"wp","href":"https:\/\/api.w.org\/{rel}","templated":true}]}}