{"id":112018,"date":"2018-11-30T12:48:30","date_gmt":"2018-11-30T11:48:30","guid":{"rendered":"https:\/\/iha-race.com\/producto\/batteria-tattu-11-1v-650-mah-75c-3s-xt30\/"},"modified":"2026-03-15T21:00:29","modified_gmt":"2026-03-15T20:00:29","slug":"bateria-tattu-11-1v-650-mah-75c-3s-xt30","status":"publish","type":"product","link":"https:\/\/iha-race.com\/it\/prodotto\/bateria-tattu-11-1v-650-mah-75c-3s-xt30\/","title":{"rendered":"Batteria Tattu 11.1V 650 mAh 75C 3S XT30"},"content":{"rendered":"<h1>Batteria Tattu 11.1V 650 mAh 75C 3S XT30<\/h1>\n<p>Queste batterie Lipo 3S da 650 mAh di Tattu forniscono energia affidabile e di alta qualit\u00e0 per i vostri multirotori FPV da 90 a 180. La capacit\u00e0 di 650 mAh offre energia sufficiente per far volare il vostro UAV e FPV. Sono molto compatti in termini di dimensioni e peso, perfetti per telai UAV \/ FPV di piccole dimensioni. Queste batterie sono vendute a un prezzo molto conveniente, in modo da poterne avere in magazzino una quantit\u00e0 sufficiente per divertirsi in volo senza troppe pressioni.<\/p>\n<p>Tutte le batterie LiPo di Tattu sono riempite con materiale antivibrazioni e ignifugo, e la nostra lussuosa scatola per batterie vi garantisce di ricevere la vostra batteria in condizioni perfette. Una procedura automatica e il processo di abbinamento delle celle della batteria del sistema informatico garantiscono la stabilit\u00e0 e la qualit\u00e0 delle batterie.<\/p>\n<h4><strong>Compatibile con:<\/strong><\/h4>\n<p>Multirotore FPV da 90 a 180, torrent 110, Lizard 95, ecc.<\/p>\n<p>&nbsp;<\/p>\n<p><img fetchpriority=\"high\" decoding=\"async\" class=\" wp-image-4479\" src=\"https:\/\/iha-race.com\/wp-content\/uploads\/2018\/11\/Torrent_110_FPV_500-1024x660.jpg\" alt=\"Batteria Tattu 11.1V 650 mAh 75C 3S XT30\" width=\"319\" height=\"189\"><\/p>\n<p><img decoding=\"async\" class=\" wp-image-4480\" src=\"https:\/\/iha-race.com\/wp-content\/uploads\/2018\/11\/lizard_95_322-1024x744.jpg\" alt=\"Batteria Tattu 11.1V 650 mAh 75C 3S XT30\" width=\"364\" height=\"231\"><\/p>\n<h2>Specifiche:<\/h2>\n<ul>\n<li>Capacit\u00e0 minima: 650 mAh<\/li>\n<li>Configurazione: 3S1P \/ 11,1V \/ 3 celle<\/li>\n<li>Velocit\u00e0 di download: 75C<\/li>\n<li>Velocit\u00e0 massima di scarica: 150C<\/li>\n<li>Peso netto (\u00b1 20 g): 59 g<\/li>\n<li>Dimensioni: 58 mm Lunghezza x 31 mm Larghezza x 16 mm Altezza<\/li>\n<li>Presa di ricarica: JST-XHR-4P<\/li>\n<li>Presa di scarico: XT-30<\/li>\n<\/ul>\n<h2>Il pacchetto comprende:<\/h2>\n<ul>\n<li>1 batteria Tattu 11.1V 650 mAh 75C 3S XT30<\/li>\n<\/ul>\n","protected":false},"excerpt":{"rendered":"<p>Batteria Tattu 11.1V 650 mAh 75C 3S XT30 Queste batterie Lipo 3S da 650 mAh di Tattu forniscono energia affidabile e di alta qualit\u00e0 per i vostri multirotori FPV da<\/p>\n","protected":false},"featured_media":254290,"comment_status":"open","ping_status":"closed","template":"","meta":{"_joinchat":[]},"pwb-brand":[],"product_cat":[17,20],"product_tag":[],"class_list":{"0":"post-112018","1":"product","2":"type-product","3":"status-publish","4":"has-post-thumbnail","6":"product_cat-baterias-para-drones","7":"product_cat-s3","9":"first","10":"outofstock","11":"taxable","12":"shipping-taxable","13":"purchasable","14":"product-type-simple"},"barcode":null,"atum_controlled":true,"out_stock_date":"2026-03-15 21:00:29","out_stock_threshold":null,"inheritable":false,"stock_on_hold":0,"sold_today":0,"sales_last_days":0,"out_stock_days":33,"lost_sales":159,"update_date":"2026-04-18T09:34:38","atum_locations":[],"atum_stock_status":"outofstock","restock_status":false,"low_stock_amount":0,"sales_update_date":"2026-04-18T09:34:38","calc_backorders":null,"yoast_head":"<!-- This site is optimized with the Yoast SEO plugin v27.3 - https:\/\/yoast.com\/product\/yoast-seo-wordpress\/ -->\n<title>Batteria Tattu 11.1V 650 mAh 75C 3S XT30 - Iha Race<\/title>\n<meta name=\"robots\" content=\"index, follow, max-snippet:-1, max-image-preview:large, max-video-preview:-1\" \/>\n<link rel=\"canonical\" href=\"https:\/\/iha-race.com\/it\/prodotto\/bateria-tattu-11-1v-650-mah-75c-3s-xt30\/\" \/>\n<meta property=\"og:locale\" content=\"it_IT\" \/>\n<meta property=\"og:type\" content=\"article\" \/>\n<meta property=\"og:title\" content=\"Batteria Tattu 11.1V 650 mAh 75C 3S XT30 - Iha Race\" \/>\n<meta property=\"og:description\" content=\"Batteria Tattu 11.1V 650 mAh 75C 3S XT30 Queste batterie Lipo 3S da 650 mAh di Tattu forniscono energia affidabile e di alta qualit\u00e0 per i vostri multirotori FPV da\" \/>\n<meta property=\"og:url\" content=\"https:\/\/iha-race.com\/it\/prodotto\/bateria-tattu-11-1v-650-mah-75c-3s-xt30\/\" \/>\n<meta property=\"og:site_name\" content=\"Iha Race\" \/>\n<meta property=\"article:modified_time\" content=\"2026-03-15T20:00:29+00:00\" \/>\n<meta property=\"og:image\" content=\"https:\/\/iha-race.com\/wp-content\/uploads\/2018\/11\/bateria-tattu-11-1v-650-mah-75c-3s-xt30-comprar-barato-1.jpg\" \/>\n\t<meta property=\"og:image:width\" content=\"800\" \/>\n\t<meta property=\"og:image:height\" content=\"800\" \/>\n\t<meta property=\"og:image:type\" content=\"image\/jpeg\" \/>\n<meta name=\"twitter:card\" content=\"summary_large_image\" \/>\n<meta name=\"twitter:label1\" content=\"Tempo di lettura stimato\" \/>\n\t<meta name=\"twitter:data1\" content=\"1 minuto\" \/>\n<script type=\"application\/ld+json\" class=\"yoast-schema-graph\">{\"@context\":\"https:\\\/\\\/schema.org\",\"@graph\":[{\"@type\":\"WebPage\",\"@id\":\"https:\\\/\\\/iha-race.com\\\/it\\\/prodotto\\\/bateria-tattu-11-1v-650-mah-75c-3s-xt30\\\/\",\"url\":\"https:\\\/\\\/iha-race.com\\\/it\\\/prodotto\\\/bateria-tattu-11-1v-650-mah-75c-3s-xt30\\\/\",\"name\":\"Batteria Tattu 11.1V 650 mAh 75C 3S XT30 - Iha Race\",\"isPartOf\":{\"@id\":\"https:\\\/\\\/iha-race.com\\\/it\\\/#website\"},\"primaryImageOfPage\":{\"@id\":\"https:\\\/\\\/iha-race.com\\\/it\\\/prodotto\\\/bateria-tattu-11-1v-650-mah-75c-3s-xt30\\\/#primaryimage\"},\"image\":{\"@id\":\"https:\\\/\\\/iha-race.com\\\/it\\\/prodotto\\\/bateria-tattu-11-1v-650-mah-75c-3s-xt30\\\/#primaryimage\"},\"thumbnailUrl\":\"https:\\\/\\\/iha-race.com\\\/wp-content\\\/uploads\\\/2018\\\/11\\\/tattu-lipo-r-line-3s-11-1v-650mah-95c-xt30-bateria.jpg\",\"datePublished\":\"2018-11-30T11:48:30+00:00\",\"dateModified\":\"2026-03-15T20:00:29+00:00\",\"breadcrumb\":{\"@id\":\"https:\\\/\\\/iha-race.com\\\/it\\\/prodotto\\\/bateria-tattu-11-1v-650-mah-75c-3s-xt30\\\/#breadcrumb\"},\"inLanguage\":\"it-IT\",\"potentialAction\":[{\"@type\":\"ReadAction\",\"target\":[\"https:\\\/\\\/iha-race.com\\\/it\\\/prodotto\\\/bateria-tattu-11-1v-650-mah-75c-3s-xt30\\\/\"]}]},{\"@type\":\"ImageObject\",\"inLanguage\":\"it-IT\",\"@id\":\"https:\\\/\\\/iha-race.com\\\/it\\\/prodotto\\\/bateria-tattu-11-1v-650-mah-75c-3s-xt30\\\/#primaryimage\",\"url\":\"https:\\\/\\\/iha-race.com\\\/wp-content\\\/uploads\\\/2018\\\/11\\\/tattu-lipo-r-line-3s-11-1v-650mah-95c-xt30-bateria.jpg\",\"contentUrl\":\"https:\\\/\\\/iha-race.com\\\/wp-content\\\/uploads\\\/2018\\\/11\\\/tattu-lipo-r-line-3s-11-1v-650mah-95c-xt30-bateria.jpg\",\"width\":800,\"height\":800,\"caption\":\"Comprar Bater\u00eda Lipo Tattu R-Line de 650 mAh, 3S, 11,1 V, 95 C y XT30\"},{\"@type\":\"BreadcrumbList\",\"@id\":\"https:\\\/\\\/iha-race.com\\\/it\\\/prodotto\\\/bateria-tattu-11-1v-650-mah-75c-3s-xt30\\\/#breadcrumb\",\"itemListElement\":[{\"@type\":\"ListItem\",\"position\":1,\"name\":\"Portada\",\"item\":\"https:\\\/\\\/iha-race.com\\\/it\\\/\"},{\"@type\":\"ListItem\",\"position\":2,\"name\":\"Negozio\",\"item\":\"https:\\\/\\\/iha-race.com\\\/it\\\/negozio\\\/\"},{\"@type\":\"ListItem\",\"position\":3,\"name\":\"Batteria Tattu 11.1V 650 mAh 75C 3S XT30\"}]},{\"@type\":\"WebSite\",\"@id\":\"https:\\\/\\\/iha-race.com\\\/it\\\/#website\",\"url\":\"https:\\\/\\\/iha-race.com\\\/it\\\/\",\"name\":\"Iha Race\",\"description\":\"Comprar drones de carreras FPV env\u00edos en un d\u00eda desde Espa\u00f1a\",\"publisher\":{\"@id\":\"https:\\\/\\\/iha-race.com\\\/it\\\/#organization\"},\"potentialAction\":[{\"@type\":\"SearchAction\",\"target\":{\"@type\":\"EntryPoint\",\"urlTemplate\":\"https:\\\/\\\/iha-race.com\\\/it\\\/?s={search_term_string}\"},\"query-input\":{\"@type\":\"PropertyValueSpecification\",\"valueRequired\":true,\"valueName\":\"search_term_string\"}}],\"inLanguage\":\"it-IT\"},{\"@type\":\"Organization\",\"@id\":\"https:\\\/\\\/iha-race.com\\\/it\\\/#organization\",\"name\":\"Iha Race\",\"url\":\"https:\\\/\\\/iha-race.com\\\/it\\\/\",\"logo\":{\"@type\":\"ImageObject\",\"inLanguage\":\"it-IT\",\"@id\":\"https:\\\/\\\/iha-race.com\\\/it\\\/#\\\/schema\\\/logo\\\/image\\\/\",\"url\":\"https:\\\/\\\/iha-race.com\\\/wp-content\\\/uploads\\\/2018\\\/07\\\/iha-race-drones-de-carreras-tienda-comprar-drones.png\",\"contentUrl\":\"https:\\\/\\\/iha-race.com\\\/wp-content\\\/uploads\\\/2018\\\/07\\\/iha-race-drones-de-carreras-tienda-comprar-drones.png\",\"width\":300,\"height\":100,\"caption\":\"Iha Race\"},\"image\":{\"@id\":\"https:\\\/\\\/iha-race.com\\\/it\\\/#\\\/schema\\\/logo\\\/image\\\/\"}}]}<\/script>\n<!-- \/ Yoast SEO plugin. -->","yoast_head_json":{"title":"Batteria Tattu 11.1V 650 mAh 75C 3S XT30 - Iha Race","robots":{"index":"index","follow":"follow","max-snippet":"max-snippet:-1","max-image-preview":"max-image-preview:large","max-video-preview":"max-video-preview:-1"},"canonical":"https:\/\/iha-race.com\/it\/prodotto\/bateria-tattu-11-1v-650-mah-75c-3s-xt30\/","og_locale":"it_IT","og_type":"article","og_title":"Batteria Tattu 11.1V 650 mAh 75C 3S XT30 - Iha Race","og_description":"Batteria Tattu 11.1V 650 mAh 75C 3S XT30 Queste batterie Lipo 3S da 650 mAh di Tattu forniscono energia affidabile e di alta qualit\u00e0 per i vostri multirotori FPV da","og_url":"https:\/\/iha-race.com\/it\/prodotto\/bateria-tattu-11-1v-650-mah-75c-3s-xt30\/","og_site_name":"Iha Race","article_modified_time":"2026-03-15T20:00:29+00:00","og_image":[{"width":800,"height":800,"url":"https:\/\/iha-race.com\/wp-content\/uploads\/2018\/11\/bateria-tattu-11-1v-650-mah-75c-3s-xt30-comprar-barato-1.jpg","type":"image\/jpeg"}],"twitter_card":"summary_large_image","twitter_misc":{"Tempo di lettura stimato":"1 minuto"},"schema":{"@context":"https:\/\/schema.org","@graph":[{"@type":"WebPage","@id":"https:\/\/iha-race.com\/it\/prodotto\/bateria-tattu-11-1v-650-mah-75c-3s-xt30\/","url":"https:\/\/iha-race.com\/it\/prodotto\/bateria-tattu-11-1v-650-mah-75c-3s-xt30\/","name":"Batteria Tattu 11.1V 650 mAh 75C 3S XT30 - Iha Race","isPartOf":{"@id":"https:\/\/iha-race.com\/it\/#website"},"primaryImageOfPage":{"@id":"https:\/\/iha-race.com\/it\/prodotto\/bateria-tattu-11-1v-650-mah-75c-3s-xt30\/#primaryimage"},"image":{"@id":"https:\/\/iha-race.com\/it\/prodotto\/bateria-tattu-11-1v-650-mah-75c-3s-xt30\/#primaryimage"},"thumbnailUrl":"https:\/\/iha-race.com\/wp-content\/uploads\/2018\/11\/tattu-lipo-r-line-3s-11-1v-650mah-95c-xt30-bateria.jpg","datePublished":"2018-11-30T11:48:30+00:00","dateModified":"2026-03-15T20:00:29+00:00","breadcrumb":{"@id":"https:\/\/iha-race.com\/it\/prodotto\/bateria-tattu-11-1v-650-mah-75c-3s-xt30\/#breadcrumb"},"inLanguage":"it-IT","potentialAction":[{"@type":"ReadAction","target":["https:\/\/iha-race.com\/it\/prodotto\/bateria-tattu-11-1v-650-mah-75c-3s-xt30\/"]}]},{"@type":"ImageObject","inLanguage":"it-IT","@id":"https:\/\/iha-race.com\/it\/prodotto\/bateria-tattu-11-1v-650-mah-75c-3s-xt30\/#primaryimage","url":"https:\/\/iha-race.com\/wp-content\/uploads\/2018\/11\/tattu-lipo-r-line-3s-11-1v-650mah-95c-xt30-bateria.jpg","contentUrl":"https:\/\/iha-race.com\/wp-content\/uploads\/2018\/11\/tattu-lipo-r-line-3s-11-1v-650mah-95c-xt30-bateria.jpg","width":800,"height":800,"caption":"Comprar Bater\u00eda Lipo Tattu R-Line de 650 mAh, 3S, 11,1 V, 95 C y XT30"},{"@type":"BreadcrumbList","@id":"https:\/\/iha-race.com\/it\/prodotto\/bateria-tattu-11-1v-650-mah-75c-3s-xt30\/#breadcrumb","itemListElement":[{"@type":"ListItem","position":1,"name":"Portada","item":"https:\/\/iha-race.com\/it\/"},{"@type":"ListItem","position":2,"name":"Negozio","item":"https:\/\/iha-race.com\/it\/negozio\/"},{"@type":"ListItem","position":3,"name":"Batteria Tattu 11.1V 650 mAh 75C 3S XT30"}]},{"@type":"WebSite","@id":"https:\/\/iha-race.com\/it\/#website","url":"https:\/\/iha-race.com\/it\/","name":"Iha Race","description":"Comprar drones de carreras FPV env\u00edos en un d\u00eda desde Espa\u00f1a","publisher":{"@id":"https:\/\/iha-race.com\/it\/#organization"},"potentialAction":[{"@type":"SearchAction","target":{"@type":"EntryPoint","urlTemplate":"https:\/\/iha-race.com\/it\/?s={search_term_string}"},"query-input":{"@type":"PropertyValueSpecification","valueRequired":true,"valueName":"search_term_string"}}],"inLanguage":"it-IT"},{"@type":"Organization","@id":"https:\/\/iha-race.com\/it\/#organization","name":"Iha Race","url":"https:\/\/iha-race.com\/it\/","logo":{"@type":"ImageObject","inLanguage":"it-IT","@id":"https:\/\/iha-race.com\/it\/#\/schema\/logo\/image\/","url":"https:\/\/iha-race.com\/wp-content\/uploads\/2018\/07\/iha-race-drones-de-carreras-tienda-comprar-drones.png","contentUrl":"https:\/\/iha-race.com\/wp-content\/uploads\/2018\/07\/iha-race-drones-de-carreras-tienda-comprar-drones.png","width":300,"height":100,"caption":"Iha Race"},"image":{"@id":"https:\/\/iha-race.com\/it\/#\/schema\/logo\/image\/"}}]}},"jetpack_sharing_enabled":true,"brands":[],"_links":{"self":[{"href":"https:\/\/iha-race.com\/it\/wp-json\/wp\/v2\/product\/112018","targetHints":{"allow":["GET"]}}],"collection":[{"href":"https:\/\/iha-race.com\/it\/wp-json\/wp\/v2\/product"}],"about":[{"href":"https:\/\/iha-race.com\/it\/wp-json\/wp\/v2\/types\/product"}],"replies":[{"embeddable":true,"href":"https:\/\/iha-race.com\/it\/wp-json\/wp\/v2\/comments?post=112018"}],"version-history":[{"count":1,"href":"https:\/\/iha-race.com\/it\/wp-json\/wp\/v2\/product\/112018\/revisions"}],"predecessor-version":[{"id":214859,"href":"https:\/\/iha-race.com\/it\/wp-json\/wp\/v2\/product\/112018\/revisions\/214859"}],"wp:featuredmedia":[{"embeddable":true,"href":"https:\/\/iha-race.com\/it\/wp-json\/wp\/v2\/media\/254290"}],"wp:attachment":[{"href":"https:\/\/iha-race.com\/it\/wp-json\/wp\/v2\/media?parent=112018"}],"wp:term":[{"taxonomy":"pwb-brand","embeddable":true,"href":"https:\/\/iha-race.com\/it\/wp-json\/wp\/v2\/pwb-brand?post=112018"},{"taxonomy":"product_cat","embeddable":true,"href":"https:\/\/iha-race.com\/it\/wp-json\/wp\/v2\/product_cat?post=112018"},{"taxonomy":"product_tag","embeddable":true,"href":"https:\/\/iha-race.com\/it\/wp-json\/wp\/v2\/product_tag?post=112018"}],"curies":[{"name":"wp","href":"https:\/\/api.w.org\/{rel}","templated":true}]}}