{"id":112014,"date":"2018-12-11T09:39:01","date_gmt":"2018-12-11T08:39:01","guid":{"rendered":"https:\/\/iha-race.com\/producto\/carta-regalo-iha-fpv\/"},"modified":"2024-08-29T16:29:16","modified_gmt":"2024-08-29T14:29:16","slug":"carta-regalo","status":"publish","type":"product","link":"https:\/\/iha-race.com\/it\/prodotto\/carta-regalo\/","title":{"rendered":"Carta regalo IHA FPV"},"content":{"rendered":"<p>Non sapete quale prodotto del nostro negozio \u00e8 il miglior regalo per vostro figlio, amico, fidanzato? Ora con Iha Race avete la possibilit\u00e0 di regalare una carta regalo a quella persona, che potr\u00e0 cos\u00ec acquistare ci\u00f2 che desidera con quella carta. Non sar\u00e0 possibile acquistare contemporaneamente una carta regalo e prodotti fisici dal negozio, a causa di problemi di pagamento e spedizione.  <\/p>\n<h2>Come funziona la carta regalo?<\/h2>\n<ol>\n<li>Selezionare l&#8217;importo che si desidera donare.<\/li>\n<li>Scegliete il design del biglietto in base alla ricorrenza: biglietto di Natale, di compleanno, di San Valentino&#8230;<\/li>\n<li>Compilare il contenuto della scheda:<\/li>\n<\/ol>\n<ul>\n<li>Se volete che il messaggio venga inviato direttamente a quella persona, lasciate il suo indirizzo e-mail e il suo nome, altrimenti lasciate i vostri dati.<\/li>\n<li>\u00c8 possibile scrivere un messaggio al destinatario che verr\u00e0 inviato per posta.<\/li>\n<\/ul>\n<h2>Caratteristiche della Carta regalo IHA<\/h2>\n<ul>\n<li>La carta \u00e8 digitale, non verr\u00e0 inviata fisicamente, quindi non verr\u00e0 addebitato alcun costo di spedizione se si acquista solo questa carta.<\/li>\n<li>Per riscattare la carta \u00e8 necessario inserire il codice della carta nel carrello in basso.<\/li>\n<li>L&#8217;importo della carta pu\u00f2 essere riscattato su pi\u00f9 acquisti, ad esempio se la carta vale 50 euro e si spendono 28 euro, rimangono 22 euro da spendere con lo stesso codice.<\/li>\n<li>La carta ha una garanzia di rimborso di 15 giorni. Per quanto riguarda la data di acquisto. Quindi compratelo senza preoccuparvi se piacer\u00e0 a quella persona.<\/li>\n<li>Il biglietto arriva istantaneamente o potete scegliere la data in cui desiderate riceverlo!<\/li>\n<li>\u00c8 possibile aggiungere pi\u00f9 destinatari per la stessa carta regalo.<\/li>\n<li>Non ha una data di scadenza.<\/li>\n<\/ul>\n<h3>Come viene inviata la carta regalo?<\/h3>\n<p>  Per e-mail al destinatario, ecco un esempio:  &nbsp;<\/p>\n<p><img fetchpriority=\"high\" decoding=\"async\" class=\"size-large wp-image-4556\" src=\"https:\/\/iha-race.com\/wp-content\/uploads\/2018\/12\/tarjeta-regalo-drone-racing-fpv-carreras-834x1024.jpg\" alt=\"migliori droni da corsa reyes magos a buon mercato\" width=\"834\" height=\"1024\" srcset=\"https:\/\/iha-race.com\/wp-content\/uploads\/2018\/12\/tarjeta-regalo-drone-racing-fpv-carreras-834x1024.jpg 834w, https:\/\/iha-race.com\/wp-content\/uploads\/2018\/12\/tarjeta-regalo-drone-racing-fpv-carreras-600x736.jpg 600w, https:\/\/iha-race.com\/wp-content\/uploads\/2018\/12\/tarjeta-regalo-drone-racing-fpv-carreras-244x300.jpg 244w, https:\/\/iha-race.com\/wp-content\/uploads\/2018\/12\/tarjeta-regalo-drone-racing-fpv-carreras-767x942.jpg 767w, https:\/\/iha-race.com\/wp-content\/uploads\/2018\/12\/tarjeta-regalo-drone-racing-fpv-carreras-788x967.jpg 788w, https:\/\/iha-race.com\/wp-content\/uploads\/2018\/12\/tarjeta-regalo-drone-racing-fpv-carreras.jpg 457w\" sizes=\"(max-width: 834px) 100vw, 834px\" \/>  Per qualsiasi domanda o personalizzazione, <a href=\"https:\/\/iha-race.com\/servicio-y-contacto-con-el-cliente\/\" target=\"_blank\" rel=\"noopener noreferrer\">contattaci<\/a>.<\/p>\n","protected":false},"excerpt":{"rendered":"<p>Non sapete quale prodotto del nostro negozio \u00e8 il miglior regalo per vostro figlio, amico, fidanzato? Ora con Iha Race avete la possibilit\u00e0 di regalare una carta regalo a quella<\/p>\n","protected":false},"featured_media":80093,"comment_status":"open","ping_status":"closed","template":"","meta":{"_joinchat":[]},"pwb-brand":[3586],"product_cat":[1663],"product_tag":[],"class_list":{"0":"post-112014","1":"product","2":"type-product","3":"status-publish","4":"has-post-thumbnail","6":"pwb-brand-iha-race","7":"product_cat-carta-regalo","9":"first","10":"instock","11":"virtual","12":"taxable","13":"product-type-simple"},"barcode":null,"atum_controlled":true,"out_stock_date":null,"out_stock_threshold":null,"inheritable":false,"stock_on_hold":0,"sold_today":0,"sales_last_days":0,"out_stock_days":0,"lost_sales":0,"update_date":"2026-04-16T07:36:04","atum_locations":[],"atum_stock_status":"instock","restock_status":false,"low_stock_amount":"","sales_update_date":"2026-04-16T07:36:04","calc_backorders":null,"yoast_head":"<!-- This site is optimized with the Yoast SEO plugin v27.3 - https:\/\/yoast.com\/product\/yoast-seo-wordpress\/ -->\n<title>Carta regalo di Natale e dei Re Magi - Specialisti FPV Iha Race<\/title>\n<meta name=\"description\" content=\"Non sapete cosa regalare al vostro amico, figlio o fidanzato? Acquistate il buono regalo pi\u00f9 richiesto questo Natale per il fanatico dei droni FPV.\" \/>\n<meta name=\"robots\" content=\"index, follow, max-snippet:-1, max-image-preview:large, max-video-preview:-1\" \/>\n<link rel=\"canonical\" href=\"https:\/\/iha-race.com\/it\/prodotto\/carta-regalo\/\" \/>\n<meta property=\"og:locale\" content=\"it_IT\" \/>\n<meta property=\"og:type\" content=\"article\" \/>\n<meta property=\"og:title\" content=\"Carta regalo di Natale e dei Re Magi - Specialisti FPV Iha Race\" \/>\n<meta property=\"og:description\" content=\"Non sapete cosa regalare al vostro amico, figlio o fidanzato? Acquistate il buono regalo pi\u00f9 richiesto questo Natale per il fanatico dei droni FPV.\" \/>\n<meta property=\"og:url\" content=\"https:\/\/iha-race.com\/it\/prodotto\/carta-regalo\/\" \/>\n<meta property=\"og:site_name\" content=\"Iha Race\" \/>\n<meta property=\"article:modified_time\" content=\"2024-08-29T14:29:16+00:00\" \/>\n<meta property=\"og:image\" content=\"https:\/\/iha-race.com\/wp-content\/uploads\/2018\/12\/tarjeta-de-regalo-navidad-reyes-magos-drones-fpv.jpg\" \/>\n\t<meta property=\"og:image:width\" content=\"1920\" \/>\n\t<meta property=\"og:image:height\" content=\"1152\" \/>\n\t<meta property=\"og:image:type\" content=\"image\/jpeg\" \/>\n<meta name=\"twitter:card\" content=\"summary_large_image\" \/>\n<meta name=\"twitter:label1\" content=\"Tempo di lettura stimato\" \/>\n\t<meta name=\"twitter:data1\" content=\"1 minuto\" \/>\n<script type=\"application\/ld+json\" class=\"yoast-schema-graph\">{\"@context\":\"https:\\\/\\\/schema.org\",\"@graph\":[{\"@type\":\"WebPage\",\"@id\":\"https:\\\/\\\/iha-race.com\\\/it\\\/prodotto\\\/carta-regalo\\\/\",\"url\":\"https:\\\/\\\/iha-race.com\\\/it\\\/prodotto\\\/carta-regalo\\\/\",\"name\":\"Carta regalo di Natale e dei Re Magi - Specialisti FPV Iha Race\",\"isPartOf\":{\"@id\":\"https:\\\/\\\/iha-race.com\\\/it\\\/#website\"},\"primaryImageOfPage\":{\"@id\":\"https:\\\/\\\/iha-race.com\\\/it\\\/prodotto\\\/carta-regalo\\\/#primaryimage\"},\"image\":{\"@id\":\"https:\\\/\\\/iha-race.com\\\/it\\\/prodotto\\\/carta-regalo\\\/#primaryimage\"},\"thumbnailUrl\":\"https:\\\/\\\/iha-race.com\\\/wp-content\\\/uploads\\\/2018\\\/12\\\/tarjeta-de-regalo-navidad-reyes-magos-drones-fpv.jpg\",\"datePublished\":\"2018-12-11T08:39:01+00:00\",\"dateModified\":\"2024-08-29T14:29:16+00:00\",\"description\":\"Non sapete cosa regalare al vostro amico, figlio o fidanzato? Acquistate il buono regalo pi\u00f9 richiesto questo Natale per il fanatico dei droni FPV.\",\"breadcrumb\":{\"@id\":\"https:\\\/\\\/iha-race.com\\\/it\\\/prodotto\\\/carta-regalo\\\/#breadcrumb\"},\"inLanguage\":\"it-IT\",\"potentialAction\":[{\"@type\":\"ReadAction\",\"target\":[\"https:\\\/\\\/iha-race.com\\\/it\\\/prodotto\\\/carta-regalo\\\/\"]}]},{\"@type\":\"ImageObject\",\"inLanguage\":\"it-IT\",\"@id\":\"https:\\\/\\\/iha-race.com\\\/it\\\/prodotto\\\/carta-regalo\\\/#primaryimage\",\"url\":\"https:\\\/\\\/iha-race.com\\\/wp-content\\\/uploads\\\/2018\\\/12\\\/tarjeta-de-regalo-navidad-reyes-magos-drones-fpv.jpg\",\"contentUrl\":\"https:\\\/\\\/iha-race.com\\\/wp-content\\\/uploads\\\/2018\\\/12\\\/tarjeta-de-regalo-navidad-reyes-magos-drones-fpv.jpg\",\"width\":1920,\"height\":1152,\"caption\":\"cosa regalare a mio figlio per Natale se ha una preferenza per i droni\"},{\"@type\":\"BreadcrumbList\",\"@id\":\"https:\\\/\\\/iha-race.com\\\/it\\\/prodotto\\\/carta-regalo\\\/#breadcrumb\",\"itemListElement\":[{\"@type\":\"ListItem\",\"position\":1,\"name\":\"Portada\",\"item\":\"https:\\\/\\\/iha-race.com\\\/it\\\/\"},{\"@type\":\"ListItem\",\"position\":2,\"name\":\"Negozio\",\"item\":\"https:\\\/\\\/iha-race.com\\\/it\\\/negozio\\\/\"},{\"@type\":\"ListItem\",\"position\":3,\"name\":\"Carta regalo IHA FPV\"}]},{\"@type\":\"WebSite\",\"@id\":\"https:\\\/\\\/iha-race.com\\\/it\\\/#website\",\"url\":\"https:\\\/\\\/iha-race.com\\\/it\\\/\",\"name\":\"Iha Race\",\"description\":\"Comprar drones de carreras FPV env\u00edos en un d\u00eda desde Espa\u00f1a\",\"publisher\":{\"@id\":\"https:\\\/\\\/iha-race.com\\\/it\\\/#organization\"},\"potentialAction\":[{\"@type\":\"SearchAction\",\"target\":{\"@type\":\"EntryPoint\",\"urlTemplate\":\"https:\\\/\\\/iha-race.com\\\/it\\\/?s={search_term_string}\"},\"query-input\":{\"@type\":\"PropertyValueSpecification\",\"valueRequired\":true,\"valueName\":\"search_term_string\"}}],\"inLanguage\":\"it-IT\"},{\"@type\":\"Organization\",\"@id\":\"https:\\\/\\\/iha-race.com\\\/it\\\/#organization\",\"name\":\"Iha Race\",\"url\":\"https:\\\/\\\/iha-race.com\\\/it\\\/\",\"logo\":{\"@type\":\"ImageObject\",\"inLanguage\":\"it-IT\",\"@id\":\"https:\\\/\\\/iha-race.com\\\/it\\\/#\\\/schema\\\/logo\\\/image\\\/\",\"url\":\"https:\\\/\\\/iha-race.com\\\/wp-content\\\/uploads\\\/2018\\\/07\\\/iha-race-drones-de-carreras-tienda-comprar-drones.png\",\"contentUrl\":\"https:\\\/\\\/iha-race.com\\\/wp-content\\\/uploads\\\/2018\\\/07\\\/iha-race-drones-de-carreras-tienda-comprar-drones.png\",\"width\":300,\"height\":100,\"caption\":\"Iha Race\"},\"image\":{\"@id\":\"https:\\\/\\\/iha-race.com\\\/it\\\/#\\\/schema\\\/logo\\\/image\\\/\"}}]}<\/script>\n<!-- \/ Yoast SEO plugin. -->","yoast_head_json":{"title":"Carta regalo di Natale e dei Re Magi - Specialisti FPV Iha Race","description":"Non sapete cosa regalare al vostro amico, figlio o fidanzato? Acquistate il buono regalo pi\u00f9 richiesto questo Natale per il fanatico dei droni FPV.","robots":{"index":"index","follow":"follow","max-snippet":"max-snippet:-1","max-image-preview":"max-image-preview:large","max-video-preview":"max-video-preview:-1"},"canonical":"https:\/\/iha-race.com\/it\/prodotto\/carta-regalo\/","og_locale":"it_IT","og_type":"article","og_title":"Carta regalo di Natale e dei Re Magi - Specialisti FPV Iha Race","og_description":"Non sapete cosa regalare al vostro amico, figlio o fidanzato? Acquistate il buono regalo pi\u00f9 richiesto questo Natale per il fanatico dei droni FPV.","og_url":"https:\/\/iha-race.com\/it\/prodotto\/carta-regalo\/","og_site_name":"Iha Race","article_modified_time":"2024-08-29T14:29:16+00:00","og_image":[{"width":1920,"height":1152,"url":"https:\/\/iha-race.com\/wp-content\/uploads\/2018\/12\/tarjeta-de-regalo-navidad-reyes-magos-drones-fpv.jpg","type":"image\/jpeg"}],"twitter_card":"summary_large_image","twitter_misc":{"Tempo di lettura stimato":"1 minuto"},"schema":{"@context":"https:\/\/schema.org","@graph":[{"@type":"WebPage","@id":"https:\/\/iha-race.com\/it\/prodotto\/carta-regalo\/","url":"https:\/\/iha-race.com\/it\/prodotto\/carta-regalo\/","name":"Carta regalo di Natale e dei Re Magi - Specialisti FPV Iha Race","isPartOf":{"@id":"https:\/\/iha-race.com\/it\/#website"},"primaryImageOfPage":{"@id":"https:\/\/iha-race.com\/it\/prodotto\/carta-regalo\/#primaryimage"},"image":{"@id":"https:\/\/iha-race.com\/it\/prodotto\/carta-regalo\/#primaryimage"},"thumbnailUrl":"https:\/\/iha-race.com\/wp-content\/uploads\/2018\/12\/tarjeta-de-regalo-navidad-reyes-magos-drones-fpv.jpg","datePublished":"2018-12-11T08:39:01+00:00","dateModified":"2024-08-29T14:29:16+00:00","description":"Non sapete cosa regalare al vostro amico, figlio o fidanzato? Acquistate il buono regalo pi\u00f9 richiesto questo Natale per il fanatico dei droni FPV.","breadcrumb":{"@id":"https:\/\/iha-race.com\/it\/prodotto\/carta-regalo\/#breadcrumb"},"inLanguage":"it-IT","potentialAction":[{"@type":"ReadAction","target":["https:\/\/iha-race.com\/it\/prodotto\/carta-regalo\/"]}]},{"@type":"ImageObject","inLanguage":"it-IT","@id":"https:\/\/iha-race.com\/it\/prodotto\/carta-regalo\/#primaryimage","url":"https:\/\/iha-race.com\/wp-content\/uploads\/2018\/12\/tarjeta-de-regalo-navidad-reyes-magos-drones-fpv.jpg","contentUrl":"https:\/\/iha-race.com\/wp-content\/uploads\/2018\/12\/tarjeta-de-regalo-navidad-reyes-magos-drones-fpv.jpg","width":1920,"height":1152,"caption":"cosa regalare a mio figlio per Natale se ha una preferenza per i droni"},{"@type":"BreadcrumbList","@id":"https:\/\/iha-race.com\/it\/prodotto\/carta-regalo\/#breadcrumb","itemListElement":[{"@type":"ListItem","position":1,"name":"Portada","item":"https:\/\/iha-race.com\/it\/"},{"@type":"ListItem","position":2,"name":"Negozio","item":"https:\/\/iha-race.com\/it\/negozio\/"},{"@type":"ListItem","position":3,"name":"Carta regalo IHA FPV"}]},{"@type":"WebSite","@id":"https:\/\/iha-race.com\/it\/#website","url":"https:\/\/iha-race.com\/it\/","name":"Iha Race","description":"Comprar drones de carreras FPV env\u00edos en un d\u00eda desde Espa\u00f1a","publisher":{"@id":"https:\/\/iha-race.com\/it\/#organization"},"potentialAction":[{"@type":"SearchAction","target":{"@type":"EntryPoint","urlTemplate":"https:\/\/iha-race.com\/it\/?s={search_term_string}"},"query-input":{"@type":"PropertyValueSpecification","valueRequired":true,"valueName":"search_term_string"}}],"inLanguage":"it-IT"},{"@type":"Organization","@id":"https:\/\/iha-race.com\/it\/#organization","name":"Iha Race","url":"https:\/\/iha-race.com\/it\/","logo":{"@type":"ImageObject","inLanguage":"it-IT","@id":"https:\/\/iha-race.com\/it\/#\/schema\/logo\/image\/","url":"https:\/\/iha-race.com\/wp-content\/uploads\/2018\/07\/iha-race-drones-de-carreras-tienda-comprar-drones.png","contentUrl":"https:\/\/iha-race.com\/wp-content\/uploads\/2018\/07\/iha-race-drones-de-carreras-tienda-comprar-drones.png","width":300,"height":100,"caption":"Iha Race"},"image":{"@id":"https:\/\/iha-race.com\/it\/#\/schema\/logo\/image\/"}}]}},"brands":[{"id":3586,"name":"IHA Race","slug":"iha-race"}],"_links":{"self":[{"href":"https:\/\/iha-race.com\/it\/wp-json\/wp\/v2\/product\/112014","targetHints":{"allow":["GET"]}}],"collection":[{"href":"https:\/\/iha-race.com\/it\/wp-json\/wp\/v2\/product"}],"about":[{"href":"https:\/\/iha-race.com\/it\/wp-json\/wp\/v2\/types\/product"}],"replies":[{"embeddable":true,"href":"https:\/\/iha-race.com\/it\/wp-json\/wp\/v2\/comments?post=112014"}],"version-history":[{"count":1,"href":"https:\/\/iha-race.com\/it\/wp-json\/wp\/v2\/product\/112014\/revisions"}],"predecessor-version":[{"id":250347,"href":"https:\/\/iha-race.com\/it\/wp-json\/wp\/v2\/product\/112014\/revisions\/250347"}],"wp:featuredmedia":[{"embeddable":true,"href":"https:\/\/iha-race.com\/it\/wp-json\/wp\/v2\/media\/80093"}],"wp:attachment":[{"href":"https:\/\/iha-race.com\/it\/wp-json\/wp\/v2\/media?parent=112014"}],"wp:term":[{"taxonomy":"pwb-brand","embeddable":true,"href":"https:\/\/iha-race.com\/it\/wp-json\/wp\/v2\/pwb-brand?post=112014"},{"taxonomy":"product_cat","embeddable":true,"href":"https:\/\/iha-race.com\/it\/wp-json\/wp\/v2\/product_cat?post=112014"},{"taxonomy":"product_tag","embeddable":true,"href":"https:\/\/iha-race.com\/it\/wp-json\/wp\/v2\/product_tag?post=112014"}],"curies":[{"name":"wp","href":"https:\/\/api.w.org\/{rel}","templated":true}]}}